{"id":27550,"date":"2020-11-09T13:39:07","date_gmt":"2020-11-09T13:39:07","guid":{"rendered":"https:\/\/zamphelmets.co\/product\/zamp-zr-60-guantes-de-competicion-azul\/"},"modified":"2020-11-09T13:39:07","modified_gmt":"2020-11-09T13:39:07","slug":"zamp-zr-60-guantes-de-competicion-azul","status":"publish","type":"product","link":"https:\/\/zamphelmets.co\/es\/producto\/zamp-zr-60-guantes-de-competicion-azul\/","title":{"rendered":"Zamp ZR-60 Guantes de competici\u00f3n Azul"},"content":{"rendered":"<p>Presentamos el nuevo guante de competici\u00f3n Zamp ZR-60. Con una construcci\u00f3n de dos capas con costura inversa de alta calidad, un cierre el\u00e1stico y una fina palma de silicona, estos ligeros guantes de dos capas son la elecci\u00f3n perfecta para los corredores que buscan mejorar su rendimiento en la conducci\u00f3n.<\/p>\n<p>CARACTER\u00cdSTICAS:<\/p>\n<ul>\n<li><strong>Dise\u00f1o de costura invertida<\/strong> para un tacto \u00f3ptimo<\/li>\n<li><strong>Dedos precurvados<\/strong><\/li>\n<li><strong>Construcci\u00f3n del revestimiento exterior de aramida<\/strong><\/li>\n<li><strong>Construcci\u00f3n del revestimiento interior de aramida<\/strong><\/li>\n<li><strong>Silicona en forma de panal<\/strong> en la palma y los dedos para mayor agarre<\/li>\n<li><strong>Aprobado SFI 3.3\/5<\/strong><\/li>\n<\/ul>\n<p><strong>Ten en cuenta que estos productos se piden por encargo y, como tales, no se pueden reembolsar ni cambiar.<\/strong><\/p>\n<p><img decoding=\"async\" class=\"alignnone wp-image-2649 lazyload\" data-src=\"https:\/\/zamphelmets.co\/wp-content\/uploads\/2020\/11\/Screenshot-2020-11-09-at-15.23.45-300x181.png\" alt=\"\" width=\"400\" height=\"241\" data-srcset=\"https:\/\/zamphelmets.co\/wp-content\/uploads\/2020\/11\/Screenshot-2020-11-09-at-15.23.45-300x181.png 300w, https:\/\/zamphelmets.co\/wp-content\/uploads\/2020\/11\/Screenshot-2020-11-09-at-15.23.45.png 599w\" data-sizes=\"(max-width: 400px) 100vw, 400px\" src=\"data:image\/svg+xml;base64,PHN2ZyB3aWR0aD0iMSIgaGVpZ2h0PSIxIiB4bWxucz0iaHR0cDovL3d3dy53My5vcmcvMjAwMC9zdmciPjwvc3ZnPg==\" style=\"--smush-placeholder-width: 400px; --smush-placeholder-aspect-ratio: 400\/241;\" \/><\/p>\n","protected":false},"excerpt":{"rendered":"<p>Presentamos el nuevo guante de competici\u00f3n Zamp ZR-60. Con una construcci\u00f3n de dos capas con costura inversa de alta calidad, un cierre el\u00e1stico y una fina palma de silicona, estos ligeros guantes de dos capas son la elecci\u00f3n perfecta para los corredores que buscan mejorar su rendimiento en la conducci\u00f3n. CARACTER\u00cdSTICAS: Dise\u00f1o de costura invertida [&hellip;]<\/p>\n","protected":false},"featured_media":27564,"comment_status":"open","ping_status":"closed","template":"","meta":{"_acf_changed":false,"_iconic_wsb_product_page_order_bump_ids":[],"_sku":[],"_iconic_wsb_product_page_bump_modal_ids":[]},"product_brand":[],"product_cat":[358,356,360],"product_tag":[],"class_list":{"0":"post-27550","1":"product","2":"type-product","3":"status-publish","4":"has-post-thumbnail","6":"product_cat-guantes","7":"product_cat-proteccion-ropa","8":"product_cat-zamp-es","10":"first","11":"onbackorder","12":"taxable","13":"shipping-taxable","14":"purchasable","15":"product-type-variable"},"acf":[],"yoast_head":"<!-- This site is optimized with the Yoast SEO plugin v27.0 - https:\/\/yoast.com\/product\/yoast-seo-wordpress\/ -->\n<title>Zamp ZR-60 Guantes de competici\u00f3n Azul - Zamp Helmets | Helmet 28 EU<\/title>\n<meta name=\"description\" content=\"Presentamos los nuevos guantes de competici\u00f3n Zamp ZR-60. La elecci\u00f3n perfecta para los corredores que buscan mejorar su rendimiento al volante.\" \/>\n<meta name=\"robots\" content=\"index, follow, max-snippet:-1, max-image-preview:large, max-video-preview:-1\" \/>\n<link rel=\"canonical\" href=\"https:\/\/zamphelmets.co\/es\/producto\/zamp-zr-60-guantes-de-competicion-azul\/\" \/>\n<meta property=\"og:locale\" content=\"es_ES\" \/>\n<meta property=\"og:type\" content=\"article\" \/>\n<meta property=\"og:title\" content=\"Zamp ZR-60 Guantes de competici\u00f3n Azul - Zamp Helmets | Helmet 28 EU\" \/>\n<meta property=\"og:description\" content=\"Presentamos los nuevos guantes de competici\u00f3n Zamp ZR-60. La elecci\u00f3n perfecta para los corredores que buscan mejorar su rendimiento al volante.\" \/>\n<meta property=\"og:url\" content=\"https:\/\/zamphelmets.co\/es\/producto\/zamp-zr-60-guantes-de-competicion-azul\/\" \/>\n<meta property=\"og:site_name\" content=\"Zamp Helmets | Helmet 28 EU\" \/>\n<meta property=\"og:image\" content=\"https:\/\/zamphelmets.co\/wp-content\/uploads\/2020\/11\/RG20004a.jpg\" \/>\n\t<meta property=\"og:image:width\" content=\"1500\" \/>\n\t<meta property=\"og:image:height\" content=\"1500\" \/>\n\t<meta property=\"og:image:type\" content=\"image\/jpeg\" \/>\n<meta name=\"twitter:card\" content=\"summary_large_image\" \/>\n<meta name=\"twitter:label1\" content=\"Est. reading time\" \/>\n\t<meta name=\"twitter:data1\" content=\"1 minuto\" \/>\n<script type=\"application\/ld+json\" class=\"yoast-schema-graph\">{\"@context\":\"https:\/\/schema.org\",\"@graph\":[{\"@type\":\"WebPage\",\"@id\":\"https:\/\/zamphelmets.co\/es\/producto\/zamp-zr-60-guantes-de-competicion-azul\/\",\"url\":\"https:\/\/zamphelmets.co\/es\/producto\/zamp-zr-60-guantes-de-competicion-azul\/\",\"name\":\"Zamp ZR-60 Guantes de competici\u00f3n Azul - Zamp Helmets | Helmet 28 EU\",\"isPartOf\":{\"@id\":\"https:\/\/zamphelmets.co\/es\/#website\"},\"primaryImageOfPage\":{\"@id\":\"https:\/\/zamphelmets.co\/es\/producto\/zamp-zr-60-guantes-de-competicion-azul\/#primaryimage\"},\"image\":{\"@id\":\"https:\/\/zamphelmets.co\/es\/producto\/zamp-zr-60-guantes-de-competicion-azul\/#primaryimage\"},\"thumbnailUrl\":\"https:\/\/zamphelmets.co\/wp-content\/uploads\/2020\/11\/RG20004a.jpg\",\"datePublished\":\"2020-11-09T13:39:07+00:00\",\"description\":\"Presentamos los nuevos guantes de competici\u00f3n Zamp ZR-60. La elecci\u00f3n perfecta para los corredores que buscan mejorar su rendimiento al volante.\",\"breadcrumb\":{\"@id\":\"https:\/\/zamphelmets.co\/es\/producto\/zamp-zr-60-guantes-de-competicion-azul\/#breadcrumb\"},\"inLanguage\":\"es\",\"potentialAction\":[{\"@type\":\"ReadAction\",\"target\":[\"https:\/\/zamphelmets.co\/es\/producto\/zamp-zr-60-guantes-de-competicion-azul\/\"]}]},{\"@type\":\"ImageObject\",\"inLanguage\":\"es\",\"@id\":\"https:\/\/zamphelmets.co\/es\/producto\/zamp-zr-60-guantes-de-competicion-azul\/#primaryimage\",\"url\":\"https:\/\/zamphelmets.co\/wp-content\/uploads\/2020\/11\/RG20004a.jpg\",\"contentUrl\":\"https:\/\/zamphelmets.co\/wp-content\/uploads\/2020\/11\/RG20004a.jpg\",\"width\":1500,\"height\":1500},{\"@type\":\"BreadcrumbList\",\"@id\":\"https:\/\/zamphelmets.co\/es\/producto\/zamp-zr-60-guantes-de-competicion-azul\/#breadcrumb\",\"itemListElement\":[{\"@type\":\"ListItem\",\"position\":1,\"name\":\"Tienda\",\"item\":\"https:\/\/zamphelmets.co\/es\/tienda\/\"},{\"@type\":\"ListItem\",\"position\":2,\"name\":\"Zamp ZR-60 Guantes de competici\u00f3n Azul\"}]},{\"@type\":\"WebSite\",\"@id\":\"https:\/\/zamphelmets.co\/es\/#website\",\"url\":\"https:\/\/zamphelmets.co\/es\/\",\"name\":\"Zamp Helmets | Helmet 28 EU\",\"description\":\"High Quality Motorsport Helmets\",\"potentialAction\":[{\"@type\":\"SearchAction\",\"target\":{\"@type\":\"EntryPoint\",\"urlTemplate\":\"https:\/\/zamphelmets.co\/es\/?s={search_term_string}\"},\"query-input\":{\"@type\":\"PropertyValueSpecification\",\"valueRequired\":true,\"valueName\":\"search_term_string\"}}],\"inLanguage\":\"es\"}]}<\/script>\n<!-- \/ Yoast SEO plugin. -->","yoast_head_json":{"title":"Zamp ZR-60 Guantes de competici\u00f3n Azul - Zamp Helmets | Helmet 28 EU","description":"Presentamos los nuevos guantes de competici\u00f3n Zamp ZR-60. La elecci\u00f3n perfecta para los corredores que buscan mejorar su rendimiento al volante.","robots":{"index":"index","follow":"follow","max-snippet":"max-snippet:-1","max-image-preview":"max-image-preview:large","max-video-preview":"max-video-preview:-1"},"canonical":"https:\/\/zamphelmets.co\/es\/producto\/zamp-zr-60-guantes-de-competicion-azul\/","og_locale":"es_ES","og_type":"article","og_title":"Zamp ZR-60 Guantes de competici\u00f3n Azul - Zamp Helmets | Helmet 28 EU","og_description":"Presentamos los nuevos guantes de competici\u00f3n Zamp ZR-60. La elecci\u00f3n perfecta para los corredores que buscan mejorar su rendimiento al volante.","og_url":"https:\/\/zamphelmets.co\/es\/producto\/zamp-zr-60-guantes-de-competicion-azul\/","og_site_name":"Zamp Helmets | Helmet 28 EU","og_image":[{"width":1500,"height":1500,"url":"https:\/\/zamphelmets.co\/wp-content\/uploads\/2020\/11\/RG20004a.jpg","type":"image\/jpeg"}],"twitter_card":"summary_large_image","twitter_misc":{"Est. reading time":"1 minuto"},"schema":{"@context":"https:\/\/schema.org","@graph":[{"@type":"WebPage","@id":"https:\/\/zamphelmets.co\/es\/producto\/zamp-zr-60-guantes-de-competicion-azul\/","url":"https:\/\/zamphelmets.co\/es\/producto\/zamp-zr-60-guantes-de-competicion-azul\/","name":"Zamp ZR-60 Guantes de competici\u00f3n Azul - Zamp Helmets | Helmet 28 EU","isPartOf":{"@id":"https:\/\/zamphelmets.co\/es\/#website"},"primaryImageOfPage":{"@id":"https:\/\/zamphelmets.co\/es\/producto\/zamp-zr-60-guantes-de-competicion-azul\/#primaryimage"},"image":{"@id":"https:\/\/zamphelmets.co\/es\/producto\/zamp-zr-60-guantes-de-competicion-azul\/#primaryimage"},"thumbnailUrl":"https:\/\/zamphelmets.co\/wp-content\/uploads\/2020\/11\/RG20004a.jpg","datePublished":"2020-11-09T13:39:07+00:00","description":"Presentamos los nuevos guantes de competici\u00f3n Zamp ZR-60. La elecci\u00f3n perfecta para los corredores que buscan mejorar su rendimiento al volante.","breadcrumb":{"@id":"https:\/\/zamphelmets.co\/es\/producto\/zamp-zr-60-guantes-de-competicion-azul\/#breadcrumb"},"inLanguage":"es","potentialAction":[{"@type":"ReadAction","target":["https:\/\/zamphelmets.co\/es\/producto\/zamp-zr-60-guantes-de-competicion-azul\/"]}]},{"@type":"ImageObject","inLanguage":"es","@id":"https:\/\/zamphelmets.co\/es\/producto\/zamp-zr-60-guantes-de-competicion-azul\/#primaryimage","url":"https:\/\/zamphelmets.co\/wp-content\/uploads\/2020\/11\/RG20004a.jpg","contentUrl":"https:\/\/zamphelmets.co\/wp-content\/uploads\/2020\/11\/RG20004a.jpg","width":1500,"height":1500},{"@type":"BreadcrumbList","@id":"https:\/\/zamphelmets.co\/es\/producto\/zamp-zr-60-guantes-de-competicion-azul\/#breadcrumb","itemListElement":[{"@type":"ListItem","position":1,"name":"Tienda","item":"https:\/\/zamphelmets.co\/es\/tienda\/"},{"@type":"ListItem","position":2,"name":"Zamp ZR-60 Guantes de competici\u00f3n Azul"}]},{"@type":"WebSite","@id":"https:\/\/zamphelmets.co\/es\/#website","url":"https:\/\/zamphelmets.co\/es\/","name":"Zamp Helmets | Helmet 28 EU","description":"High Quality Motorsport Helmets","potentialAction":[{"@type":"SearchAction","target":{"@type":"EntryPoint","urlTemplate":"https:\/\/zamphelmets.co\/es\/?s={search_term_string}"},"query-input":{"@type":"PropertyValueSpecification","valueRequired":true,"valueName":"search_term_string"}}],"inLanguage":"es"}]}},"_links":{"self":[{"href":"https:\/\/zamphelmets.co\/es\/wp-json\/wp\/v2\/product\/27550","targetHints":{"allow":["GET"]}}],"collection":[{"href":"https:\/\/zamphelmets.co\/es\/wp-json\/wp\/v2\/product"}],"about":[{"href":"https:\/\/zamphelmets.co\/es\/wp-json\/wp\/v2\/types\/product"}],"replies":[{"embeddable":true,"href":"https:\/\/zamphelmets.co\/es\/wp-json\/wp\/v2\/comments?post=27550"}],"wp:featuredmedia":[{"embeddable":true,"href":"https:\/\/zamphelmets.co\/es\/wp-json\/wp\/v2\/media\/27564"}],"wp:attachment":[{"href":"https:\/\/zamphelmets.co\/es\/wp-json\/wp\/v2\/media?parent=27550"}],"wp:term":[{"taxonomy":"product_brand","embeddable":true,"href":"https:\/\/zamphelmets.co\/es\/wp-json\/wp\/v2\/product_brand?post=27550"},{"taxonomy":"product_cat","embeddable":true,"href":"https:\/\/zamphelmets.co\/es\/wp-json\/wp\/v2\/product_cat?post=27550"},{"taxonomy":"product_tag","embeddable":true,"href":"https:\/\/zamphelmets.co\/es\/wp-json\/wp\/v2\/product_tag?post=27550"}],"curies":[{"name":"wp","href":"https:\/\/api.w.org\/{rel}","templated":true}]}}