{"id":27541,"date":"2022-02-18T14:29:23","date_gmt":"2022-02-18T14:29:23","guid":{"rendered":"https:\/\/zamphelmets.co\/product\/cuchara-de-ventilacion-superior-transparente\/"},"modified":"2026-02-16T15:53:29","modified_gmt":"2026-02-16T15:53:29","slug":"cuchara-de-ventilacion-superior-transparente","status":"publish","type":"product","link":"https:\/\/zamphelmets.co\/es\/producto\/cuchara-de-ventilacion-superior-transparente\/","title":{"rendered":"Cuchara de ventilaci\u00f3n superior transparente"},"content":{"rendered":"<p>El Top Vent Scoop Clear puede montarse en todos los cascos RZ de la gama Zamp que est\u00e9n equipados con el sistema Top Air. Esta pala superior, ligera y f\u00e1cil de instalar, puede adquirirse con o sin el tap\u00f3n para impedir la entrada de aire y agua en el casco.<\/p>\n<p>&nbsp;<\/p>\n<p>Si no est\u00e1s seguro de si tu casco es compatible con el Top Vent Scoop, ponte en contacto con un miembro del equipo y te lo aclararemos.<\/p>\n","protected":false},"excerpt":{"rendered":"<p>El Top Vent Scoop Clear puede montarse en todos los cascos RZ de la gama Zamp que est\u00e9n equipados con el sistema Top Air. Esta pala superior, ligera y f\u00e1cil de instalar, puede adquirirse con o sin el tap\u00f3n para impedir la entrada de aire y agua en el casco. &nbsp; Si no est\u00e1s seguro [&hellip;]<\/p>\n","protected":false},"featured_media":27552,"comment_status":"open","ping_status":"closed","template":"","meta":{"_acf_changed":false,"_iconic_wsb_product_page_order_bump_ids":[[]],"_sku":["HTV200CL"],"_iconic_wsb_product_page_bump_modal_ids":[[]]},"product_brand":[],"product_cat":[372,361,362,360],"product_tag":[],"class_list":{"0":"post-27541","1":"product","2":"type-product","3":"status-publish","4":"has-post-thumbnail","6":"product_cat-accesorios","7":"product_cat-accesorios-para-cascos","8":"product_cat-otros","9":"product_cat-zamp-es","11":"first","12":"instock","13":"taxable","14":"shipping-taxable","15":"purchasable","16":"product-type-simple"},"acf":[],"yoast_head":"<!-- This site is optimized with the Yoast SEO plugin v27.0 - https:\/\/yoast.com\/product\/yoast-seo-wordpress\/ -->\n<title>Cuchara de ventilaci\u00f3n superior transparente for Zamp Helmets - Zamp Helmets | Helmet 28 EU<\/title>\n<meta name=\"description\" content=\"El Top Vent Scoop Clear puede montarse en todos los cascos de la gama Zamp equipados con el sistema Top Air. Descubre toda la gama Zamp.\" \/>\n<meta name=\"robots\" content=\"index, follow, max-snippet:-1, max-image-preview:large, max-video-preview:-1\" \/>\n<link rel=\"canonical\" href=\"https:\/\/zamphelmets.co\/es\/producto\/cuchara-de-ventilacion-superior-transparente\/\" \/>\n<meta property=\"og:locale\" content=\"es_ES\" \/>\n<meta property=\"og:type\" content=\"article\" \/>\n<meta property=\"og:title\" content=\"Cuchara de ventilaci\u00f3n superior transparente for Zamp Helmets - Zamp Helmets | Helmet 28 EU\" \/>\n<meta property=\"og:description\" content=\"El Top Vent Scoop Clear puede montarse en todos los cascos de la gama Zamp equipados con el sistema Top Air. Descubre toda la gama Zamp.\" \/>\n<meta property=\"og:url\" content=\"https:\/\/zamphelmets.co\/es\/producto\/cuchara-de-ventilacion-superior-transparente\/\" \/>\n<meta property=\"og:site_name\" content=\"Zamp Helmets | Helmet 28 EU\" \/>\n<meta property=\"article:modified_time\" content=\"2026-02-16T15:53:29+00:00\" \/>\n<meta property=\"og:image\" content=\"https:\/\/zamphelmets.co\/wp-content\/uploads\/2020\/09\/HTV200CL.jpg\" \/>\n\t<meta property=\"og:image:width\" content=\"1000\" \/>\n\t<meta property=\"og:image:height\" content=\"1000\" \/>\n\t<meta property=\"og:image:type\" content=\"image\/jpeg\" \/>\n<meta name=\"twitter:card\" content=\"summary_large_image\" \/>\n<script type=\"application\/ld+json\" class=\"yoast-schema-graph\">{\"@context\":\"https:\/\/schema.org\",\"@graph\":[{\"@type\":\"WebPage\",\"@id\":\"https:\/\/zamphelmets.co\/es\/producto\/cuchara-de-ventilacion-superior-transparente\/\",\"url\":\"https:\/\/zamphelmets.co\/es\/producto\/cuchara-de-ventilacion-superior-transparente\/\",\"name\":\"Cuchara de ventilaci\u00f3n superior transparente for Zamp Helmets - Zamp Helmets | Helmet 28 EU\",\"isPartOf\":{\"@id\":\"https:\/\/zamphelmets.co\/es\/#website\"},\"primaryImageOfPage\":{\"@id\":\"https:\/\/zamphelmets.co\/es\/producto\/cuchara-de-ventilacion-superior-transparente\/#primaryimage\"},\"image\":{\"@id\":\"https:\/\/zamphelmets.co\/es\/producto\/cuchara-de-ventilacion-superior-transparente\/#primaryimage\"},\"thumbnailUrl\":\"https:\/\/zamphelmets.co\/wp-content\/uploads\/2020\/09\/HTV200CL.jpg\",\"datePublished\":\"2022-02-18T14:29:23+00:00\",\"dateModified\":\"2026-02-16T15:53:29+00:00\",\"description\":\"El Top Vent Scoop Clear puede montarse en todos los cascos de la gama Zamp equipados con el sistema Top Air. Descubre toda la gama Zamp.\",\"breadcrumb\":{\"@id\":\"https:\/\/zamphelmets.co\/es\/producto\/cuchara-de-ventilacion-superior-transparente\/#breadcrumb\"},\"inLanguage\":\"es\",\"potentialAction\":[{\"@type\":\"ReadAction\",\"target\":[\"https:\/\/zamphelmets.co\/es\/producto\/cuchara-de-ventilacion-superior-transparente\/\"]}]},{\"@type\":\"ImageObject\",\"inLanguage\":\"es\",\"@id\":\"https:\/\/zamphelmets.co\/es\/producto\/cuchara-de-ventilacion-superior-transparente\/#primaryimage\",\"url\":\"https:\/\/zamphelmets.co\/wp-content\/uploads\/2020\/09\/HTV200CL.jpg\",\"contentUrl\":\"https:\/\/zamphelmets.co\/wp-content\/uploads\/2020\/09\/HTV200CL.jpg\",\"width\":1000,\"height\":1000,\"caption\":\"Zamp Top Vent Scoop Transparente para cascos Zamp\"},{\"@type\":\"BreadcrumbList\",\"@id\":\"https:\/\/zamphelmets.co\/es\/producto\/cuchara-de-ventilacion-superior-transparente\/#breadcrumb\",\"itemListElement\":[{\"@type\":\"ListItem\",\"position\":1,\"name\":\"Tienda\",\"item\":\"https:\/\/zamphelmets.co\/es\/tienda\/\"},{\"@type\":\"ListItem\",\"position\":2,\"name\":\"Cuchara de ventilaci\u00f3n superior transparente\"}]},{\"@type\":\"WebSite\",\"@id\":\"https:\/\/zamphelmets.co\/es\/#website\",\"url\":\"https:\/\/zamphelmets.co\/es\/\",\"name\":\"Zamp Helmets | Helmet 28 EU\",\"description\":\"High Quality Motorsport Helmets\",\"potentialAction\":[{\"@type\":\"SearchAction\",\"target\":{\"@type\":\"EntryPoint\",\"urlTemplate\":\"https:\/\/zamphelmets.co\/es\/?s={search_term_string}\"},\"query-input\":{\"@type\":\"PropertyValueSpecification\",\"valueRequired\":true,\"valueName\":\"search_term_string\"}}],\"inLanguage\":\"es\"}]}<\/script>\n<!-- \/ Yoast SEO plugin. -->","yoast_head_json":{"title":"Cuchara de ventilaci\u00f3n superior transparente for Zamp Helmets - Zamp Helmets | Helmet 28 EU","description":"El Top Vent Scoop Clear puede montarse en todos los cascos de la gama Zamp equipados con el sistema Top Air. Descubre toda la gama Zamp.","robots":{"index":"index","follow":"follow","max-snippet":"max-snippet:-1","max-image-preview":"max-image-preview:large","max-video-preview":"max-video-preview:-1"},"canonical":"https:\/\/zamphelmets.co\/es\/producto\/cuchara-de-ventilacion-superior-transparente\/","og_locale":"es_ES","og_type":"article","og_title":"Cuchara de ventilaci\u00f3n superior transparente for Zamp Helmets - Zamp Helmets | Helmet 28 EU","og_description":"El Top Vent Scoop Clear puede montarse en todos los cascos de la gama Zamp equipados con el sistema Top Air. Descubre toda la gama Zamp.","og_url":"https:\/\/zamphelmets.co\/es\/producto\/cuchara-de-ventilacion-superior-transparente\/","og_site_name":"Zamp Helmets | Helmet 28 EU","article_modified_time":"2026-02-16T15:53:29+00:00","og_image":[{"width":1000,"height":1000,"url":"https:\/\/zamphelmets.co\/wp-content\/uploads\/2020\/09\/HTV200CL.jpg","type":"image\/jpeg"}],"twitter_card":"summary_large_image","schema":{"@context":"https:\/\/schema.org","@graph":[{"@type":"WebPage","@id":"https:\/\/zamphelmets.co\/es\/producto\/cuchara-de-ventilacion-superior-transparente\/","url":"https:\/\/zamphelmets.co\/es\/producto\/cuchara-de-ventilacion-superior-transparente\/","name":"Cuchara de ventilaci\u00f3n superior transparente for Zamp Helmets - Zamp Helmets | Helmet 28 EU","isPartOf":{"@id":"https:\/\/zamphelmets.co\/es\/#website"},"primaryImageOfPage":{"@id":"https:\/\/zamphelmets.co\/es\/producto\/cuchara-de-ventilacion-superior-transparente\/#primaryimage"},"image":{"@id":"https:\/\/zamphelmets.co\/es\/producto\/cuchara-de-ventilacion-superior-transparente\/#primaryimage"},"thumbnailUrl":"https:\/\/zamphelmets.co\/wp-content\/uploads\/2020\/09\/HTV200CL.jpg","datePublished":"2022-02-18T14:29:23+00:00","dateModified":"2026-02-16T15:53:29+00:00","description":"El Top Vent Scoop Clear puede montarse en todos los cascos de la gama Zamp equipados con el sistema Top Air. Descubre toda la gama Zamp.","breadcrumb":{"@id":"https:\/\/zamphelmets.co\/es\/producto\/cuchara-de-ventilacion-superior-transparente\/#breadcrumb"},"inLanguage":"es","potentialAction":[{"@type":"ReadAction","target":["https:\/\/zamphelmets.co\/es\/producto\/cuchara-de-ventilacion-superior-transparente\/"]}]},{"@type":"ImageObject","inLanguage":"es","@id":"https:\/\/zamphelmets.co\/es\/producto\/cuchara-de-ventilacion-superior-transparente\/#primaryimage","url":"https:\/\/zamphelmets.co\/wp-content\/uploads\/2020\/09\/HTV200CL.jpg","contentUrl":"https:\/\/zamphelmets.co\/wp-content\/uploads\/2020\/09\/HTV200CL.jpg","width":1000,"height":1000,"caption":"Zamp Top Vent Scoop Transparente para cascos Zamp"},{"@type":"BreadcrumbList","@id":"https:\/\/zamphelmets.co\/es\/producto\/cuchara-de-ventilacion-superior-transparente\/#breadcrumb","itemListElement":[{"@type":"ListItem","position":1,"name":"Tienda","item":"https:\/\/zamphelmets.co\/es\/tienda\/"},{"@type":"ListItem","position":2,"name":"Cuchara de ventilaci\u00f3n superior transparente"}]},{"@type":"WebSite","@id":"https:\/\/zamphelmets.co\/es\/#website","url":"https:\/\/zamphelmets.co\/es\/","name":"Zamp Helmets | Helmet 28 EU","description":"High Quality Motorsport Helmets","potentialAction":[{"@type":"SearchAction","target":{"@type":"EntryPoint","urlTemplate":"https:\/\/zamphelmets.co\/es\/?s={search_term_string}"},"query-input":{"@type":"PropertyValueSpecification","valueRequired":true,"valueName":"search_term_string"}}],"inLanguage":"es"}]}},"_links":{"self":[{"href":"https:\/\/zamphelmets.co\/es\/wp-json\/wp\/v2\/product\/27541","targetHints":{"allow":["GET"]}}],"collection":[{"href":"https:\/\/zamphelmets.co\/es\/wp-json\/wp\/v2\/product"}],"about":[{"href":"https:\/\/zamphelmets.co\/es\/wp-json\/wp\/v2\/types\/product"}],"replies":[{"embeddable":true,"href":"https:\/\/zamphelmets.co\/es\/wp-json\/wp\/v2\/comments?post=27541"}],"wp:featuredmedia":[{"embeddable":true,"href":"https:\/\/zamphelmets.co\/es\/wp-json\/wp\/v2\/media\/27552"}],"wp:attachment":[{"href":"https:\/\/zamphelmets.co\/es\/wp-json\/wp\/v2\/media?parent=27541"}],"wp:term":[{"taxonomy":"product_brand","embeddable":true,"href":"https:\/\/zamphelmets.co\/es\/wp-json\/wp\/v2\/product_brand?post=27541"},{"taxonomy":"product_cat","embeddable":true,"href":"https:\/\/zamphelmets.co\/es\/wp-json\/wp\/v2\/product_cat?post=27541"},{"taxonomy":"product_tag","embeddable":true,"href":"https:\/\/zamphelmets.co\/es\/wp-json\/wp\/v2\/product_tag?post=27541"}],"curies":[{"name":"wp","href":"https:\/\/api.w.org\/{rel}","templated":true}]}}