{"id":27465,"date":"2020-11-09T13:29:36","date_gmt":"2020-11-09T13:29:36","guid":{"rendered":"https:\/\/zamphelmets.co\/product\/zapatillas-de-competicion-zamp-zr-60-blancas\/"},"modified":"2025-01-09T16:34:00","modified_gmt":"2025-01-09T16:34:00","slug":"zapatillas-de-competicion-zamp-zr-60-blancas","status":"publish","type":"product","link":"https:\/\/zamphelmets.co\/es\/producto\/zapatillas-de-competicion-zamp-zr-60-blancas\/","title":{"rendered":"Zapatillas de competici\u00f3n Zamp ZR-60 Blancas"},"content":{"rendered":"<p>Con una construcci\u00f3n multicapa de alta calidad, un cierre de velcro y una suela de goma fina para una sensaci\u00f3n de pedaleo definitiva, \u00a1todo ello en una zapatilla superventilada y ligera sin cordones!<\/p>\n<p>Carcasa exterior de cuero de alto rendimiento, con logotipos y gr\u00e1ficos Zamp bordados. Esta zapatilla es muy duradera y c\u00f3moda, \u00a1exactamente lo que necesitas en una zapatilla de competici\u00f3n!<\/p>\n<p><strong>Las caracter\u00edsticas incluyen:<\/strong><\/p>\n<ul>\n<li><strong>Superligero<\/strong><\/li>\n<li><strong>Construcci\u00f3n transpirable, ventilada y flexible<\/strong><\/li>\n<li><strong>Correa de velcro con el\u00e1stico en el tobillo, sin cordones para pon\u00e9rtela y quit\u00e1rtela f\u00e1cilmente<\/strong><\/li>\n<li><strong>Suela de goma fina para una sensaci\u00f3n de pedaleo definitiva<\/strong><\/li>\n<li><strong>Interior de felpa ign\u00edfuga NMX<\/strong><\/li>\n<li><strong>Aprobado SFI 3.3\/5<\/strong><\/li>\n<\/ul>\n<p><strong>Ten en cuenta que estos productos se piden por encargo y, como tales, no se pueden reembolsar ni cambiar.<\/strong><\/p>\n","protected":false},"excerpt":{"rendered":"<p>Con una construcci\u00f3n multicapa de alta calidad, un cierre de velcro y una suela de goma fina para una sensaci\u00f3n de pedaleo definitiva, \u00a1todo ello en una zapatilla superventilada y ligera sin cordones! Carcasa exterior de cuero de alto rendimiento, con logotipos y gr\u00e1ficos Zamp bordados. Esta zapatilla es muy duradera y c\u00f3moda, \u00a1exactamente lo [&hellip;]<\/p>\n","protected":false},"featured_media":27477,"comment_status":"open","ping_status":"closed","template":"","meta":{"_acf_changed":false,"_iconic_wsb_product_page_order_bump_ids":[],"_sku":[],"_iconic_wsb_product_page_bump_modal_ids":[]},"product_brand":[],"product_cat":[363,356,360],"product_tag":[],"class_list":{"0":"post-27465","1":"product","2":"type-product","3":"status-publish","4":"has-post-thumbnail","6":"product_cat-botas-es","7":"product_cat-proteccion-ropa","8":"product_cat-zamp-es","10":"first","11":"onbackorder","12":"taxable","13":"shipping-taxable","14":"purchasable","15":"product-type-variable"},"acf":[],"yoast_head":"<!-- This site is optimized with the Yoast SEO plugin v27.0 - https:\/\/yoast.com\/product\/yoast-seo-wordpress\/ -->\n<title>Zapatillas Zamp Race ZR-60 Blancas - Zamp Helmets | Helmet 28 EU - \u20ac132<\/title>\n<meta name=\"description\" content=\"Con un exterior de cuero de alto rendimiento y un interior de NMX, estas zapatillas Zamp Race son extremadamente duraderas y c\u00f3modas para el karting y las carreras.\" \/>\n<meta name=\"robots\" content=\"index, follow, max-snippet:-1, max-image-preview:large, max-video-preview:-1\" \/>\n<link rel=\"canonical\" href=\"https:\/\/zamphelmets.co\/es\/producto\/zapatillas-de-competicion-zamp-zr-60-blancas\/\" \/>\n<meta property=\"og:locale\" content=\"es_ES\" \/>\n<meta property=\"og:type\" content=\"article\" \/>\n<meta property=\"og:title\" content=\"Zapatillas Zamp Race ZR-60 Blancas - Zamp Helmets | Helmet 28 EU - \u20ac132\" \/>\n<meta property=\"og:description\" content=\"Con un exterior de cuero de alto rendimiento y un interior de NMX, estas zapatillas Zamp Race son extremadamente duraderas y c\u00f3modas para el karting y las carreras.\" \/>\n<meta property=\"og:url\" content=\"https:\/\/zamphelmets.co\/es\/producto\/zapatillas-de-competicion-zamp-zr-60-blancas\/\" \/>\n<meta property=\"og:site_name\" content=\"Zamp Helmets | Helmet 28 EU\" \/>\n<meta property=\"article:modified_time\" content=\"2025-01-09T16:34:00+00:00\" \/>\n<meta property=\"og:image\" content=\"https:\/\/zamphelmets.co\/wp-content\/uploads\/2020\/11\/RS004001.jpg\" \/>\n\t<meta property=\"og:image:width\" content=\"1500\" \/>\n\t<meta property=\"og:image:height\" content=\"1500\" \/>\n\t<meta property=\"og:image:type\" content=\"image\/jpeg\" \/>\n<meta name=\"twitter:card\" content=\"summary_large_image\" \/>\n<meta name=\"twitter:label1\" content=\"Est. reading time\" \/>\n\t<meta name=\"twitter:data1\" content=\"1 minuto\" \/>\n<script type=\"application\/ld+json\" class=\"yoast-schema-graph\">{\"@context\":\"https:\/\/schema.org\",\"@graph\":[{\"@type\":\"WebPage\",\"@id\":\"https:\/\/zamphelmets.co\/es\/producto\/zapatillas-de-competicion-zamp-zr-60-blancas\/\",\"url\":\"https:\/\/zamphelmets.co\/es\/producto\/zapatillas-de-competicion-zamp-zr-60-blancas\/\",\"name\":\"Zapatillas Zamp Race ZR-60 Blancas - Zamp Helmets | Helmet 28 EU - \u20ac132\",\"isPartOf\":{\"@id\":\"https:\/\/zamphelmets.co\/es\/#website\"},\"primaryImageOfPage\":{\"@id\":\"https:\/\/zamphelmets.co\/es\/producto\/zapatillas-de-competicion-zamp-zr-60-blancas\/#primaryimage\"},\"image\":{\"@id\":\"https:\/\/zamphelmets.co\/es\/producto\/zapatillas-de-competicion-zamp-zr-60-blancas\/#primaryimage\"},\"thumbnailUrl\":\"https:\/\/zamphelmets.co\/wp-content\/uploads\/2020\/11\/RS004001.jpg\",\"datePublished\":\"2020-11-09T13:29:36+00:00\",\"dateModified\":\"2025-01-09T16:34:00+00:00\",\"description\":\"Con un exterior de cuero de alto rendimiento y un interior de NMX, estas zapatillas Zamp Race son extremadamente duraderas y c\u00f3modas para el karting y las carreras.\",\"breadcrumb\":{\"@id\":\"https:\/\/zamphelmets.co\/es\/producto\/zapatillas-de-competicion-zamp-zr-60-blancas\/#breadcrumb\"},\"inLanguage\":\"es\",\"potentialAction\":[{\"@type\":\"ReadAction\",\"target\":[\"https:\/\/zamphelmets.co\/es\/producto\/zapatillas-de-competicion-zamp-zr-60-blancas\/\"]}]},{\"@type\":\"ImageObject\",\"inLanguage\":\"es\",\"@id\":\"https:\/\/zamphelmets.co\/es\/producto\/zapatillas-de-competicion-zamp-zr-60-blancas\/#primaryimage\",\"url\":\"https:\/\/zamphelmets.co\/wp-content\/uploads\/2020\/11\/RS004001.jpg\",\"contentUrl\":\"https:\/\/zamphelmets.co\/wp-content\/uploads\/2020\/11\/RS004001.jpg\",\"width\":1500,\"height\":1500},{\"@type\":\"BreadcrumbList\",\"@id\":\"https:\/\/zamphelmets.co\/es\/producto\/zapatillas-de-competicion-zamp-zr-60-blancas\/#breadcrumb\",\"itemListElement\":[{\"@type\":\"ListItem\",\"position\":1,\"name\":\"Tienda\",\"item\":\"https:\/\/zamphelmets.co\/es\/tienda\/\"},{\"@type\":\"ListItem\",\"position\":2,\"name\":\"Zapatillas de competici\u00f3n Zamp ZR-60 Blancas\"}]},{\"@type\":\"WebSite\",\"@id\":\"https:\/\/zamphelmets.co\/es\/#website\",\"url\":\"https:\/\/zamphelmets.co\/es\/\",\"name\":\"Zamp Helmets | Helmet 28 EU\",\"description\":\"High Quality Motorsport Helmets\",\"potentialAction\":[{\"@type\":\"SearchAction\",\"target\":{\"@type\":\"EntryPoint\",\"urlTemplate\":\"https:\/\/zamphelmets.co\/es\/?s={search_term_string}\"},\"query-input\":{\"@type\":\"PropertyValueSpecification\",\"valueRequired\":true,\"valueName\":\"search_term_string\"}}],\"inLanguage\":\"es\"}]}<\/script>\n<!-- \/ Yoast SEO plugin. -->","yoast_head_json":{"title":"Zapatillas Zamp Race ZR-60 Blancas - Zamp Helmets | Helmet 28 EU - \u20ac132","description":"Con un exterior de cuero de alto rendimiento y un interior de NMX, estas zapatillas Zamp Race son extremadamente duraderas y c\u00f3modas para el karting y las carreras.","robots":{"index":"index","follow":"follow","max-snippet":"max-snippet:-1","max-image-preview":"max-image-preview:large","max-video-preview":"max-video-preview:-1"},"canonical":"https:\/\/zamphelmets.co\/es\/producto\/zapatillas-de-competicion-zamp-zr-60-blancas\/","og_locale":"es_ES","og_type":"article","og_title":"Zapatillas Zamp Race ZR-60 Blancas - Zamp Helmets | Helmet 28 EU - \u20ac132","og_description":"Con un exterior de cuero de alto rendimiento y un interior de NMX, estas zapatillas Zamp Race son extremadamente duraderas y c\u00f3modas para el karting y las carreras.","og_url":"https:\/\/zamphelmets.co\/es\/producto\/zapatillas-de-competicion-zamp-zr-60-blancas\/","og_site_name":"Zamp Helmets | Helmet 28 EU","article_modified_time":"2025-01-09T16:34:00+00:00","og_image":[{"width":1500,"height":1500,"url":"https:\/\/zamphelmets.co\/wp-content\/uploads\/2020\/11\/RS004001.jpg","type":"image\/jpeg"}],"twitter_card":"summary_large_image","twitter_misc":{"Est. reading time":"1 minuto"},"schema":{"@context":"https:\/\/schema.org","@graph":[{"@type":"WebPage","@id":"https:\/\/zamphelmets.co\/es\/producto\/zapatillas-de-competicion-zamp-zr-60-blancas\/","url":"https:\/\/zamphelmets.co\/es\/producto\/zapatillas-de-competicion-zamp-zr-60-blancas\/","name":"Zapatillas Zamp Race ZR-60 Blancas - Zamp Helmets | Helmet 28 EU - \u20ac132","isPartOf":{"@id":"https:\/\/zamphelmets.co\/es\/#website"},"primaryImageOfPage":{"@id":"https:\/\/zamphelmets.co\/es\/producto\/zapatillas-de-competicion-zamp-zr-60-blancas\/#primaryimage"},"image":{"@id":"https:\/\/zamphelmets.co\/es\/producto\/zapatillas-de-competicion-zamp-zr-60-blancas\/#primaryimage"},"thumbnailUrl":"https:\/\/zamphelmets.co\/wp-content\/uploads\/2020\/11\/RS004001.jpg","datePublished":"2020-11-09T13:29:36+00:00","dateModified":"2025-01-09T16:34:00+00:00","description":"Con un exterior de cuero de alto rendimiento y un interior de NMX, estas zapatillas Zamp Race son extremadamente duraderas y c\u00f3modas para el karting y las carreras.","breadcrumb":{"@id":"https:\/\/zamphelmets.co\/es\/producto\/zapatillas-de-competicion-zamp-zr-60-blancas\/#breadcrumb"},"inLanguage":"es","potentialAction":[{"@type":"ReadAction","target":["https:\/\/zamphelmets.co\/es\/producto\/zapatillas-de-competicion-zamp-zr-60-blancas\/"]}]},{"@type":"ImageObject","inLanguage":"es","@id":"https:\/\/zamphelmets.co\/es\/producto\/zapatillas-de-competicion-zamp-zr-60-blancas\/#primaryimage","url":"https:\/\/zamphelmets.co\/wp-content\/uploads\/2020\/11\/RS004001.jpg","contentUrl":"https:\/\/zamphelmets.co\/wp-content\/uploads\/2020\/11\/RS004001.jpg","width":1500,"height":1500},{"@type":"BreadcrumbList","@id":"https:\/\/zamphelmets.co\/es\/producto\/zapatillas-de-competicion-zamp-zr-60-blancas\/#breadcrumb","itemListElement":[{"@type":"ListItem","position":1,"name":"Tienda","item":"https:\/\/zamphelmets.co\/es\/tienda\/"},{"@type":"ListItem","position":2,"name":"Zapatillas de competici\u00f3n Zamp ZR-60 Blancas"}]},{"@type":"WebSite","@id":"https:\/\/zamphelmets.co\/es\/#website","url":"https:\/\/zamphelmets.co\/es\/","name":"Zamp Helmets | Helmet 28 EU","description":"High Quality Motorsport Helmets","potentialAction":[{"@type":"SearchAction","target":{"@type":"EntryPoint","urlTemplate":"https:\/\/zamphelmets.co\/es\/?s={search_term_string}"},"query-input":{"@type":"PropertyValueSpecification","valueRequired":true,"valueName":"search_term_string"}}],"inLanguage":"es"}]}},"_links":{"self":[{"href":"https:\/\/zamphelmets.co\/es\/wp-json\/wp\/v2\/product\/27465","targetHints":{"allow":["GET"]}}],"collection":[{"href":"https:\/\/zamphelmets.co\/es\/wp-json\/wp\/v2\/product"}],"about":[{"href":"https:\/\/zamphelmets.co\/es\/wp-json\/wp\/v2\/types\/product"}],"replies":[{"embeddable":true,"href":"https:\/\/zamphelmets.co\/es\/wp-json\/wp\/v2\/comments?post=27465"}],"wp:featuredmedia":[{"embeddable":true,"href":"https:\/\/zamphelmets.co\/es\/wp-json\/wp\/v2\/media\/27477"}],"wp:attachment":[{"href":"https:\/\/zamphelmets.co\/es\/wp-json\/wp\/v2\/media?parent=27465"}],"wp:term":[{"taxonomy":"product_brand","embeddable":true,"href":"https:\/\/zamphelmets.co\/es\/wp-json\/wp\/v2\/product_brand?post=27465"},{"taxonomy":"product_cat","embeddable":true,"href":"https:\/\/zamphelmets.co\/es\/wp-json\/wp\/v2\/product_cat?post=27465"},{"taxonomy":"product_tag","embeddable":true,"href":"https:\/\/zamphelmets.co\/es\/wp-json\/wp\/v2\/product_tag?post=27465"}],"curies":[{"name":"wp","href":"https:\/\/api.w.org\/{rel}","templated":true}]}}