{"id":27450,"date":"2022-02-16T10:58:03","date_gmt":"2022-02-16T10:58:03","guid":{"rendered":"https:\/\/zamphelmets.co\/product\/auricular-zamp-con-altavoces\/"},"modified":"2026-02-16T16:03:26","modified_gmt":"2026-02-16T16:03:26","slug":"auricular-zamp-con-altavoces","status":"publish","type":"product","link":"https:\/\/zamphelmets.co\/es\/producto\/auricular-zamp-con-altavoces\/","title":{"rendered":"Auricular Zamp con altavoces"},"content":{"rendered":"<p><small>El kit de orejeras con altavoces de Zamp te permite una comunicaci\u00f3n unidireccional o bidireccional en tu casco favorito. F\u00e1ciles de instalar y configurar, estas orejeras con altavoces se fijan dentro del casco para facilitar su instalaci\u00f3n y uso.<\/small><\/p>\n<ul>\n<li>Altavoz de alta calidad de 28 mm de di\u00e1metro<\/li>\n<li>La clavija est\u00e9reo de 3,5 mm sirve para receptores unidireccionales o sistemas de comunicaci\u00f3n bidireccionales<\/li>\n<li>Fundas de velcro instaladas en las orejeras para facilitar la instalaci\u00f3n en el casco<\/li>\n<li>Su reducido tama\u00f1o permite montarlos dentro de los auriculares<\/li>\n<\/ul>\n<p><small>Nuestros altavoces est\u00e1n dise\u00f1ados para utilizar un cableado m\u00ednimo y realizar una instalaci\u00f3n limpia y sencilla. 10 pulgadas de cable de altavoz a altavoz<\/small><\/p>\n<p>Compatible con: <strong>RZ 44CE \/ RZ 70E \/ RL 70E \/ RZ 65D \/ RZ 62<\/strong><\/p>\n<p><iframe title=\"Reproductor de v\u00eddeo de YouTube\" data-src=\"https:\/\/www.youtube.com\/embed\/cknXzIY0meI\" width=\"560\" height=\"315\" frameborder=\"0\" allowfullscreen=\"allowfullscreen\" src=\"data:image\/svg+xml;base64,PHN2ZyB3aWR0aD0iMSIgaGVpZ2h0PSIxIiB4bWxucz0iaHR0cDovL3d3dy53My5vcmcvMjAwMC9zdmciPjwvc3ZnPg==\" class=\"lazyload\" data-load-mode=\"1\"><\/iframe><\/p>\n","protected":false},"excerpt":{"rendered":"<p>El kit de orejeras con altavoces de Zamp te permite una comunicaci\u00f3n unidireccional o bidireccional en tu casco favorito. F\u00e1ciles de instalar y configurar, estas orejeras con altavoces se fijan dentro del casco para facilitar su instalaci\u00f3n y uso. Altavoz de alta calidad de 28 mm de di\u00e1metro La clavija est\u00e9reo de 3,5 mm sirve [&hellip;]<\/p>\n","protected":false},"featured_media":27457,"comment_status":"open","ping_status":"closed","template":"","meta":{"_acf_changed":false,"_iconic_wsb_product_page_order_bump_ids":[],"_sku":["KITEAR003COM"],"_iconic_wsb_product_page_bump_modal_ids":[]},"product_brand":[],"product_cat":[372,361,362,360],"product_tag":[],"class_list":{"0":"post-27450","1":"product","2":"type-product","3":"status-publish","4":"has-post-thumbnail","6":"product_cat-accesorios","7":"product_cat-accesorios-para-cascos","8":"product_cat-otros","9":"product_cat-zamp-es","11":"first","12":"onbackorder","13":"taxable","14":"shipping-taxable","15":"purchasable","16":"product-type-simple"},"acf":[],"yoast_head":"<!-- This site is optimized with the Yoast SEO plugin v27.0 - https:\/\/yoast.com\/product\/yoast-seo-wordpress\/ -->\n<title>Auricular Zamp con altavoces instalaci\u00f3n f\u00e1cil - Zamp Helmets | Helmet 28 EU<\/title>\n<meta name=\"description\" content=\"Los auriculares con altavoces Zamp hacen que la instalaci\u00f3n de la comunicaci\u00f3n unidireccional o bidireccional en tu casco Zamp favorito sea f\u00e1cil y sencilla.\" \/>\n<meta name=\"robots\" content=\"index, follow, max-snippet:-1, max-image-preview:large, max-video-preview:-1\" \/>\n<link rel=\"canonical\" href=\"https:\/\/zamphelmets.co\/es\/producto\/auricular-zamp-con-altavoces\/\" \/>\n<meta property=\"og:locale\" content=\"es_ES\" \/>\n<meta property=\"og:type\" content=\"article\" \/>\n<meta property=\"og:title\" content=\"Auricular Zamp con altavoces instalaci\u00f3n f\u00e1cil - Zamp Helmets | Helmet 28 EU\" \/>\n<meta property=\"og:description\" content=\"Los auriculares con altavoces Zamp hacen que la instalaci\u00f3n de la comunicaci\u00f3n unidireccional o bidireccional en tu casco Zamp favorito sea f\u00e1cil y sencilla.\" \/>\n<meta property=\"og:url\" content=\"https:\/\/zamphelmets.co\/es\/producto\/auricular-zamp-con-altavoces\/\" \/>\n<meta property=\"og:site_name\" content=\"Zamp Helmets | Helmet 28 EU\" \/>\n<meta property=\"article:modified_time\" content=\"2026-02-16T16:03:26+00:00\" \/>\n<meta property=\"og:image\" content=\"https:\/\/zamphelmets.co\/wp-content\/uploads\/2021\/02\/KITEAR003COM.jpg\" \/>\n\t<meta property=\"og:image:width\" content=\"1000\" \/>\n\t<meta property=\"og:image:height\" content=\"1000\" \/>\n\t<meta property=\"og:image:type\" content=\"image\/jpeg\" \/>\n<meta name=\"twitter:card\" content=\"summary_large_image\" \/>\n<meta name=\"twitter:label1\" content=\"Est. reading time\" \/>\n\t<meta name=\"twitter:data1\" content=\"1 minuto\" \/>\n<script type=\"application\/ld+json\" class=\"yoast-schema-graph\">{\"@context\":\"https:\/\/schema.org\",\"@graph\":[{\"@type\":\"WebPage\",\"@id\":\"https:\/\/zamphelmets.co\/es\/producto\/auricular-zamp-con-altavoces\/\",\"url\":\"https:\/\/zamphelmets.co\/es\/producto\/auricular-zamp-con-altavoces\/\",\"name\":\"Auricular Zamp con altavoces instalaci\u00f3n f\u00e1cil - Zamp Helmets | Helmet 28 EU\",\"isPartOf\":{\"@id\":\"https:\/\/zamphelmets.co\/es\/#website\"},\"primaryImageOfPage\":{\"@id\":\"https:\/\/zamphelmets.co\/es\/producto\/auricular-zamp-con-altavoces\/#primaryimage\"},\"image\":{\"@id\":\"https:\/\/zamphelmets.co\/es\/producto\/auricular-zamp-con-altavoces\/#primaryimage\"},\"thumbnailUrl\":\"https:\/\/zamphelmets.co\/wp-content\/uploads\/2021\/02\/KITEAR003COM.jpg\",\"datePublished\":\"2022-02-16T10:58:03+00:00\",\"dateModified\":\"2026-02-16T16:03:26+00:00\",\"description\":\"Los auriculares con altavoces Zamp hacen que la instalaci\u00f3n de la comunicaci\u00f3n unidireccional o bidireccional en tu casco Zamp favorito sea f\u00e1cil y sencilla.\",\"breadcrumb\":{\"@id\":\"https:\/\/zamphelmets.co\/es\/producto\/auricular-zamp-con-altavoces\/#breadcrumb\"},\"inLanguage\":\"es\",\"potentialAction\":[{\"@type\":\"ReadAction\",\"target\":[\"https:\/\/zamphelmets.co\/es\/producto\/auricular-zamp-con-altavoces\/\"]}]},{\"@type\":\"ImageObject\",\"inLanguage\":\"es\",\"@id\":\"https:\/\/zamphelmets.co\/es\/producto\/auricular-zamp-con-altavoces\/#primaryimage\",\"url\":\"https:\/\/zamphelmets.co\/wp-content\/uploads\/2021\/02\/KITEAR003COM.jpg\",\"contentUrl\":\"https:\/\/zamphelmets.co\/wp-content\/uploads\/2021\/02\/KITEAR003COM.jpg\",\"width\":1000,\"height\":1000,\"caption\":\"Cascos Zamp Auriculares con Altavoces\"},{\"@type\":\"BreadcrumbList\",\"@id\":\"https:\/\/zamphelmets.co\/es\/producto\/auricular-zamp-con-altavoces\/#breadcrumb\",\"itemListElement\":[{\"@type\":\"ListItem\",\"position\":1,\"name\":\"Tienda\",\"item\":\"https:\/\/zamphelmets.co\/es\/tienda\/\"},{\"@type\":\"ListItem\",\"position\":2,\"name\":\"Auricular Zamp con altavoces\"}]},{\"@type\":\"WebSite\",\"@id\":\"https:\/\/zamphelmets.co\/es\/#website\",\"url\":\"https:\/\/zamphelmets.co\/es\/\",\"name\":\"Zamp Helmets | Helmet 28 EU\",\"description\":\"High Quality Motorsport Helmets\",\"potentialAction\":[{\"@type\":\"SearchAction\",\"target\":{\"@type\":\"EntryPoint\",\"urlTemplate\":\"https:\/\/zamphelmets.co\/es\/?s={search_term_string}\"},\"query-input\":{\"@type\":\"PropertyValueSpecification\",\"valueRequired\":true,\"valueName\":\"search_term_string\"}}],\"inLanguage\":\"es\"}]}<\/script>\n<!-- \/ Yoast SEO plugin. -->","yoast_head_json":{"title":"Auricular Zamp con altavoces instalaci\u00f3n f\u00e1cil - Zamp Helmets | Helmet 28 EU","description":"Los auriculares con altavoces Zamp hacen que la instalaci\u00f3n de la comunicaci\u00f3n unidireccional o bidireccional en tu casco Zamp favorito sea f\u00e1cil y sencilla.","robots":{"index":"index","follow":"follow","max-snippet":"max-snippet:-1","max-image-preview":"max-image-preview:large","max-video-preview":"max-video-preview:-1"},"canonical":"https:\/\/zamphelmets.co\/es\/producto\/auricular-zamp-con-altavoces\/","og_locale":"es_ES","og_type":"article","og_title":"Auricular Zamp con altavoces instalaci\u00f3n f\u00e1cil - Zamp Helmets | Helmet 28 EU","og_description":"Los auriculares con altavoces Zamp hacen que la instalaci\u00f3n de la comunicaci\u00f3n unidireccional o bidireccional en tu casco Zamp favorito sea f\u00e1cil y sencilla.","og_url":"https:\/\/zamphelmets.co\/es\/producto\/auricular-zamp-con-altavoces\/","og_site_name":"Zamp Helmets | Helmet 28 EU","article_modified_time":"2026-02-16T16:03:26+00:00","og_image":[{"width":1000,"height":1000,"url":"https:\/\/zamphelmets.co\/wp-content\/uploads\/2021\/02\/KITEAR003COM.jpg","type":"image\/jpeg"}],"twitter_card":"summary_large_image","twitter_misc":{"Est. reading time":"1 minuto"},"schema":{"@context":"https:\/\/schema.org","@graph":[{"@type":"WebPage","@id":"https:\/\/zamphelmets.co\/es\/producto\/auricular-zamp-con-altavoces\/","url":"https:\/\/zamphelmets.co\/es\/producto\/auricular-zamp-con-altavoces\/","name":"Auricular Zamp con altavoces instalaci\u00f3n f\u00e1cil - Zamp Helmets | Helmet 28 EU","isPartOf":{"@id":"https:\/\/zamphelmets.co\/es\/#website"},"primaryImageOfPage":{"@id":"https:\/\/zamphelmets.co\/es\/producto\/auricular-zamp-con-altavoces\/#primaryimage"},"image":{"@id":"https:\/\/zamphelmets.co\/es\/producto\/auricular-zamp-con-altavoces\/#primaryimage"},"thumbnailUrl":"https:\/\/zamphelmets.co\/wp-content\/uploads\/2021\/02\/KITEAR003COM.jpg","datePublished":"2022-02-16T10:58:03+00:00","dateModified":"2026-02-16T16:03:26+00:00","description":"Los auriculares con altavoces Zamp hacen que la instalaci\u00f3n de la comunicaci\u00f3n unidireccional o bidireccional en tu casco Zamp favorito sea f\u00e1cil y sencilla.","breadcrumb":{"@id":"https:\/\/zamphelmets.co\/es\/producto\/auricular-zamp-con-altavoces\/#breadcrumb"},"inLanguage":"es","potentialAction":[{"@type":"ReadAction","target":["https:\/\/zamphelmets.co\/es\/producto\/auricular-zamp-con-altavoces\/"]}]},{"@type":"ImageObject","inLanguage":"es","@id":"https:\/\/zamphelmets.co\/es\/producto\/auricular-zamp-con-altavoces\/#primaryimage","url":"https:\/\/zamphelmets.co\/wp-content\/uploads\/2021\/02\/KITEAR003COM.jpg","contentUrl":"https:\/\/zamphelmets.co\/wp-content\/uploads\/2021\/02\/KITEAR003COM.jpg","width":1000,"height":1000,"caption":"Cascos Zamp Auriculares con Altavoces"},{"@type":"BreadcrumbList","@id":"https:\/\/zamphelmets.co\/es\/producto\/auricular-zamp-con-altavoces\/#breadcrumb","itemListElement":[{"@type":"ListItem","position":1,"name":"Tienda","item":"https:\/\/zamphelmets.co\/es\/tienda\/"},{"@type":"ListItem","position":2,"name":"Auricular Zamp con altavoces"}]},{"@type":"WebSite","@id":"https:\/\/zamphelmets.co\/es\/#website","url":"https:\/\/zamphelmets.co\/es\/","name":"Zamp Helmets | Helmet 28 EU","description":"High Quality Motorsport Helmets","potentialAction":[{"@type":"SearchAction","target":{"@type":"EntryPoint","urlTemplate":"https:\/\/zamphelmets.co\/es\/?s={search_term_string}"},"query-input":{"@type":"PropertyValueSpecification","valueRequired":true,"valueName":"search_term_string"}}],"inLanguage":"es"}]}},"_links":{"self":[{"href":"https:\/\/zamphelmets.co\/es\/wp-json\/wp\/v2\/product\/27450","targetHints":{"allow":["GET"]}}],"collection":[{"href":"https:\/\/zamphelmets.co\/es\/wp-json\/wp\/v2\/product"}],"about":[{"href":"https:\/\/zamphelmets.co\/es\/wp-json\/wp\/v2\/types\/product"}],"replies":[{"embeddable":true,"href":"https:\/\/zamphelmets.co\/es\/wp-json\/wp\/v2\/comments?post=27450"}],"wp:featuredmedia":[{"embeddable":true,"href":"https:\/\/zamphelmets.co\/es\/wp-json\/wp\/v2\/media\/27457"}],"wp:attachment":[{"href":"https:\/\/zamphelmets.co\/es\/wp-json\/wp\/v2\/media?parent=27450"}],"wp:term":[{"taxonomy":"product_brand","embeddable":true,"href":"https:\/\/zamphelmets.co\/es\/wp-json\/wp\/v2\/product_brand?post=27450"},{"taxonomy":"product_cat","embeddable":true,"href":"https:\/\/zamphelmets.co\/es\/wp-json\/wp\/v2\/product_cat?post=27450"},{"taxonomy":"product_tag","embeddable":true,"href":"https:\/\/zamphelmets.co\/es\/wp-json\/wp\/v2\/product_tag?post=27450"}],"curies":[{"name":"wp","href":"https:\/\/api.w.org\/{rel}","templated":true}]}}