{"id":27298,"date":"2022-02-15T13:14:19","date_gmt":"2022-02-15T13:14:19","guid":{"rendered":"https:\/\/zamphelmets.co\/product\/inserto-de-pelicula-antivaho\/"},"modified":"2026-02-16T15:07:15","modified_gmt":"2026-02-16T15:07:15","slug":"inserto-de-pelicula-antivaho","status":"publish","type":"product","link":"https:\/\/zamphelmets.co\/es\/producto\/inserto-de-pelicula-antivaho\/","title":{"rendered":"Inserto de pel\u00edcula antivaho"},"content":{"rendered":"<p>Nuestro <strong>inserto an<\/strong> tivaho ayuda a evitar que se empa\u00f1e la pantalla de tu casco. Se instala f\u00e1cilmente en pocos pasos: <\/p>\n<ol>\n<li>Despega la pel\u00edcula protectora delantera<\/li>\n<li>Alinea y centra el inserto con la cruz blanca<\/li>\n<li>Presiona alrededor del borde adhesivo una vez alineado<\/li>\n<li>Despega la parte posterior de la pel\u00edcula protectora<\/li>\n<\/ol>\n<p>Debes asegurarte de que la l\u00e1mina se aplica correctamente, colocando la cara adecuada en el interior del visor. Durante la aplicaci\u00f3n, el usuario debe asegurarse de no crear burbujas de aire para obtener los mejores resultados.<\/p>\n<p>&nbsp;<\/p>\n<div style=\"width: 640px;\" class=\"wp-video\"><video class=\"wp-video-shortcode\" id=\"video-27298-1\" width=\"640\" height=\"360\" preload=\"metadata\" controls=\"controls\"><source type=\"video\/mp4\" src=\"https:\/\/www.zamp-racing.com\/videos\/fogfreeinstall-2.mp4?_=1\" \/><a href=\"https:\/\/www.zamp-racing.com\/videos\/fogfreeinstall-2.mp4\">https:\/\/www.zamp-racing.com\/videos\/fogfreeinstall-2.mp4<\/a><\/video><\/div>\n","protected":false},"excerpt":{"rendered":"<p>Nuestro inserto an tivaho ayuda a evitar que se empa\u00f1e la pantalla de tu casco. Se instala f\u00e1cilmente en pocos pasos: Despega la pel\u00edcula protectora delantera Alinea y centra el inserto con la cruz blanca Presiona alrededor del borde adhesivo una vez alineado Despega la parte posterior de la pel\u00edcula protectora Debes asegurarte de que [&hellip;]<\/p>\n","protected":false},"featured_media":27304,"comment_status":"open","ping_status":"closed","template":"","meta":{"_acf_changed":false,"_iconic_wsb_product_page_order_bump_ids":[[]],"_sku":["P0100012"],"_iconic_wsb_product_page_bump_modal_ids":[[]]},"product_brand":[],"product_cat":[372,380,360],"product_tag":[],"class_list":{"0":"post-27298","1":"product","2":"type-product","3":"status-publish","4":"has-post-thumbnail","6":"product_cat-accesorios","7":"product_cat-viseras","8":"product_cat-zamp-es","10":"first","11":"onbackorder","12":"taxable","13":"shipping-taxable","14":"purchasable","15":"product-type-simple"},"acf":[],"yoast_head":"<!-- This site is optimized with the Yoast SEO plugin v27.0 - https:\/\/yoast.com\/product\/yoast-seo-wordpress\/ -->\n<title>Inserto de pel\u00edcula antivaho - Zamp Helmets | Helmet 28 EU<\/title>\n<meta name=\"robots\" content=\"index, follow, max-snippet:-1, max-image-preview:large, max-video-preview:-1\" \/>\n<link rel=\"canonical\" href=\"https:\/\/zamphelmets.co\/es\/producto\/inserto-de-pelicula-antivaho\/\" \/>\n<meta property=\"og:locale\" content=\"es_ES\" \/>\n<meta property=\"og:type\" content=\"article\" \/>\n<meta property=\"og:title\" content=\"Inserto de pel\u00edcula antivaho - Zamp Helmets | Helmet 28 EU\" \/>\n<meta property=\"og:description\" content=\"Nuestro inserto an tivaho ayuda a evitar que se empa\u00f1e la pantalla de tu casco. Se instala f\u00e1cilmente en pocos pasos: Despega la pel\u00edcula protectora delantera Alinea y centra el inserto con la cruz blanca Presiona alrededor del borde adhesivo una vez alineado Despega la parte posterior de la pel\u00edcula protectora Debes asegurarte de que [&hellip;]\" \/>\n<meta property=\"og:url\" content=\"https:\/\/zamphelmets.co\/es\/producto\/inserto-de-pelicula-antivaho\/\" \/>\n<meta property=\"og:site_name\" content=\"Zamp Helmets | Helmet 28 EU\" \/>\n<meta property=\"article:modified_time\" content=\"2026-02-16T15:07:15+00:00\" \/>\n<meta property=\"og:image\" content=\"https:\/\/zamphelmets.co\/wp-content\/uploads\/2022\/02\/P0100012a.jpeg\" \/>\n\t<meta property=\"og:image:width\" content=\"1500\" \/>\n\t<meta property=\"og:image:height\" content=\"1500\" \/>\n\t<meta property=\"og:image:type\" content=\"image\/jpeg\" \/>\n<meta name=\"twitter:card\" content=\"summary_large_image\" \/>\n<meta name=\"twitter:label1\" content=\"Est. reading time\" \/>\n\t<meta name=\"twitter:data1\" content=\"1 minuto\" \/>\n<script type=\"application\/ld+json\" class=\"yoast-schema-graph\">{\"@context\":\"https:\/\/schema.org\",\"@graph\":[{\"@type\":\"WebPage\",\"@id\":\"https:\/\/zamphelmets.co\/es\/producto\/inserto-de-pelicula-antivaho\/\",\"url\":\"https:\/\/zamphelmets.co\/es\/producto\/inserto-de-pelicula-antivaho\/\",\"name\":\"Inserto de pel\u00edcula antivaho - Zamp Helmets | Helmet 28 EU\",\"isPartOf\":{\"@id\":\"https:\/\/zamphelmets.co\/es\/#website\"},\"primaryImageOfPage\":{\"@id\":\"https:\/\/zamphelmets.co\/es\/producto\/inserto-de-pelicula-antivaho\/#primaryimage\"},\"image\":{\"@id\":\"https:\/\/zamphelmets.co\/es\/producto\/inserto-de-pelicula-antivaho\/#primaryimage\"},\"thumbnailUrl\":\"https:\/\/zamphelmets.co\/wp-content\/uploads\/2022\/02\/P0100012a.jpeg\",\"datePublished\":\"2022-02-15T13:14:19+00:00\",\"dateModified\":\"2026-02-16T15:07:15+00:00\",\"breadcrumb\":{\"@id\":\"https:\/\/zamphelmets.co\/es\/producto\/inserto-de-pelicula-antivaho\/#breadcrumb\"},\"inLanguage\":\"es\",\"potentialAction\":[{\"@type\":\"ReadAction\",\"target\":[\"https:\/\/zamphelmets.co\/es\/producto\/inserto-de-pelicula-antivaho\/\"]}]},{\"@type\":\"ImageObject\",\"inLanguage\":\"es\",\"@id\":\"https:\/\/zamphelmets.co\/es\/producto\/inserto-de-pelicula-antivaho\/#primaryimage\",\"url\":\"https:\/\/zamphelmets.co\/wp-content\/uploads\/2022\/02\/P0100012a.jpeg\",\"contentUrl\":\"https:\/\/zamphelmets.co\/wp-content\/uploads\/2022\/02\/P0100012a.jpeg\",\"width\":1500,\"height\":1500},{\"@type\":\"BreadcrumbList\",\"@id\":\"https:\/\/zamphelmets.co\/es\/producto\/inserto-de-pelicula-antivaho\/#breadcrumb\",\"itemListElement\":[{\"@type\":\"ListItem\",\"position\":1,\"name\":\"Tienda\",\"item\":\"https:\/\/zamphelmets.co\/es\/tienda\/\"},{\"@type\":\"ListItem\",\"position\":2,\"name\":\"Inserto de pel\u00edcula antivaho\"}]},{\"@type\":\"WebSite\",\"@id\":\"https:\/\/zamphelmets.co\/es\/#website\",\"url\":\"https:\/\/zamphelmets.co\/es\/\",\"name\":\"Zamp Helmets | Helmet 28 EU\",\"description\":\"High Quality Motorsport Helmets\",\"potentialAction\":[{\"@type\":\"SearchAction\",\"target\":{\"@type\":\"EntryPoint\",\"urlTemplate\":\"https:\/\/zamphelmets.co\/es\/?s={search_term_string}\"},\"query-input\":{\"@type\":\"PropertyValueSpecification\",\"valueRequired\":true,\"valueName\":\"search_term_string\"}}],\"inLanguage\":\"es\"}]}<\/script>\n<!-- \/ Yoast SEO plugin. -->","yoast_head_json":{"title":"Inserto de pel\u00edcula antivaho - Zamp Helmets | Helmet 28 EU","robots":{"index":"index","follow":"follow","max-snippet":"max-snippet:-1","max-image-preview":"max-image-preview:large","max-video-preview":"max-video-preview:-1"},"canonical":"https:\/\/zamphelmets.co\/es\/producto\/inserto-de-pelicula-antivaho\/","og_locale":"es_ES","og_type":"article","og_title":"Inserto de pel\u00edcula antivaho - Zamp Helmets | Helmet 28 EU","og_description":"Nuestro inserto an tivaho ayuda a evitar que se empa\u00f1e la pantalla de tu casco. Se instala f\u00e1cilmente en pocos pasos: Despega la pel\u00edcula protectora delantera Alinea y centra el inserto con la cruz blanca Presiona alrededor del borde adhesivo una vez alineado Despega la parte posterior de la pel\u00edcula protectora Debes asegurarte de que [&hellip;]","og_url":"https:\/\/zamphelmets.co\/es\/producto\/inserto-de-pelicula-antivaho\/","og_site_name":"Zamp Helmets | Helmet 28 EU","article_modified_time":"2026-02-16T15:07:15+00:00","og_image":[{"width":1500,"height":1500,"url":"https:\/\/zamphelmets.co\/wp-content\/uploads\/2022\/02\/P0100012a.jpeg","type":"image\/jpeg"}],"twitter_card":"summary_large_image","twitter_misc":{"Est. reading time":"1 minuto"},"schema":{"@context":"https:\/\/schema.org","@graph":[{"@type":"WebPage","@id":"https:\/\/zamphelmets.co\/es\/producto\/inserto-de-pelicula-antivaho\/","url":"https:\/\/zamphelmets.co\/es\/producto\/inserto-de-pelicula-antivaho\/","name":"Inserto de pel\u00edcula antivaho - Zamp Helmets | Helmet 28 EU","isPartOf":{"@id":"https:\/\/zamphelmets.co\/es\/#website"},"primaryImageOfPage":{"@id":"https:\/\/zamphelmets.co\/es\/producto\/inserto-de-pelicula-antivaho\/#primaryimage"},"image":{"@id":"https:\/\/zamphelmets.co\/es\/producto\/inserto-de-pelicula-antivaho\/#primaryimage"},"thumbnailUrl":"https:\/\/zamphelmets.co\/wp-content\/uploads\/2022\/02\/P0100012a.jpeg","datePublished":"2022-02-15T13:14:19+00:00","dateModified":"2026-02-16T15:07:15+00:00","breadcrumb":{"@id":"https:\/\/zamphelmets.co\/es\/producto\/inserto-de-pelicula-antivaho\/#breadcrumb"},"inLanguage":"es","potentialAction":[{"@type":"ReadAction","target":["https:\/\/zamphelmets.co\/es\/producto\/inserto-de-pelicula-antivaho\/"]}]},{"@type":"ImageObject","inLanguage":"es","@id":"https:\/\/zamphelmets.co\/es\/producto\/inserto-de-pelicula-antivaho\/#primaryimage","url":"https:\/\/zamphelmets.co\/wp-content\/uploads\/2022\/02\/P0100012a.jpeg","contentUrl":"https:\/\/zamphelmets.co\/wp-content\/uploads\/2022\/02\/P0100012a.jpeg","width":1500,"height":1500},{"@type":"BreadcrumbList","@id":"https:\/\/zamphelmets.co\/es\/producto\/inserto-de-pelicula-antivaho\/#breadcrumb","itemListElement":[{"@type":"ListItem","position":1,"name":"Tienda","item":"https:\/\/zamphelmets.co\/es\/tienda\/"},{"@type":"ListItem","position":2,"name":"Inserto de pel\u00edcula antivaho"}]},{"@type":"WebSite","@id":"https:\/\/zamphelmets.co\/es\/#website","url":"https:\/\/zamphelmets.co\/es\/","name":"Zamp Helmets | Helmet 28 EU","description":"High Quality Motorsport Helmets","potentialAction":[{"@type":"SearchAction","target":{"@type":"EntryPoint","urlTemplate":"https:\/\/zamphelmets.co\/es\/?s={search_term_string}"},"query-input":{"@type":"PropertyValueSpecification","valueRequired":true,"valueName":"search_term_string"}}],"inLanguage":"es"}]}},"_links":{"self":[{"href":"https:\/\/zamphelmets.co\/es\/wp-json\/wp\/v2\/product\/27298","targetHints":{"allow":["GET"]}}],"collection":[{"href":"https:\/\/zamphelmets.co\/es\/wp-json\/wp\/v2\/product"}],"about":[{"href":"https:\/\/zamphelmets.co\/es\/wp-json\/wp\/v2\/types\/product"}],"replies":[{"embeddable":true,"href":"https:\/\/zamphelmets.co\/es\/wp-json\/wp\/v2\/comments?post=27298"}],"wp:featuredmedia":[{"embeddable":true,"href":"https:\/\/zamphelmets.co\/es\/wp-json\/wp\/v2\/media\/27304"}],"wp:attachment":[{"href":"https:\/\/zamphelmets.co\/es\/wp-json\/wp\/v2\/media?parent=27298"}],"wp:term":[{"taxonomy":"product_brand","embeddable":true,"href":"https:\/\/zamphelmets.co\/es\/wp-json\/wp\/v2\/product_brand?post=27298"},{"taxonomy":"product_cat","embeddable":true,"href":"https:\/\/zamphelmets.co\/es\/wp-json\/wp\/v2\/product_cat?post=27298"},{"taxonomy":"product_tag","embeddable":true,"href":"https:\/\/zamphelmets.co\/es\/wp-json\/wp\/v2\/product_tag?post=27298"}],"curies":[{"name":"wp","href":"https:\/\/api.w.org\/{rel}","templated":true}]}}