{"id":27077,"date":"2023-11-23T12:52:27","date_gmt":"2023-11-23T12:52:27","guid":{"rendered":"https:\/\/zamphelmets.co\/product\/arnes-schroth-20-super-sport-xlt\/"},"modified":"2024-11-06T15:57:30","modified_gmt":"2024-11-06T15:57:30","slug":"arnes-schroth-20-super-sport-xlt","status":"publish","type":"product","link":"https:\/\/zamphelmets.co\/es\/producto\/arnes-schroth-20-super-sport-xlt\/","title":{"rendered":"Arn\u00e9s Schroth 20\u00b0 SUPER SPORT XLT"},"content":{"rendered":"<p>El dispositivo HANS Schroth 20\u00b0 SUPER SPORT XLT se utiliza en competiciones de automovilismo para protegerte el cuello en caso de accidente y minimizar el impacto.<\/p>\n<p>Modelo b\u00e1sico de pl\u00e1stico: rendimiento excepcional a un precio imbatible. Equipado con anclajes deslizantes y alas elevadas para un tacto \u00f3ptimo. Adecuado para una posici\u00f3n de asiento erguida en todos los coches deportivos (Porsche, BMW, Ford, etc.) y de turismo con asientos de cubo (Cobra, Sparco, Recaro, etc.).<\/p>\n<p>Este tipo de sistema HANS <strong>S\u00d3LO<\/strong> puede conectarse con los clips HANS ANCLAJE TWIST FIA 8858-2010<\/p>\n<p>Informaci\u00f3n \u00fatil sobre este sistema HANS:<\/p>\n<ul>\n<li><label>N\u00ba de pieza<\/label>42293A<\/li>\n<li><label>Material: <\/label>pol\u00edmero reforzado con carbono<\/li>\n<li>20\u00b0 grados<\/li>\n<li><label>Modelo : <\/label>Super Sport XLT<\/li>\n<li><label>Homologaci\u00f3n <\/label>FIA 8858-2010<\/li>\n<li>Peso : 775 gr.<\/li>\n<li>Compatible con los anclajes giratorios HANS SHR 8858-2010 M6<\/li>\n<\/ul>\n","protected":false},"excerpt":{"rendered":"<p>El dispositivo HANS Schroth 20\u00b0 SUPER SPORT XLT se utiliza en competiciones de automovilismo para protegerte el cuello en caso de accidente y minimizar el impacto. Modelo b\u00e1sico de pl\u00e1stico: rendimiento excepcional a un precio imbatible. Equipado con anclajes deslizantes y alas elevadas para un tacto \u00f3ptimo. Adecuado para una posici\u00f3n de asiento erguida en [&hellip;]<\/p>\n","protected":false},"featured_media":27094,"comment_status":"open","ping_status":"closed","template":"","meta":{"_acf_changed":false,"_iconic_wsb_product_page_order_bump_ids":[[]],"_sku":["SP-42292A"],"_iconic_wsb_product_page_bump_modal_ids":[[]]},"product_brand":[],"product_cat":[372,361,362,378,356],"product_tag":[],"class_list":{"0":"post-27077","1":"product","2":"type-product","3":"status-publish","4":"has-post-thumbnail","6":"product_cat-accesorios","7":"product_cat-accesorios-para-cascos","8":"product_cat-otros","9":"product_cat-proteccion","10":"product_cat-proteccion-ropa","12":"first","13":"instock","14":"taxable","15":"shipping-taxable","16":"purchasable","17":"product-type-variable"},"acf":[],"yoast_head":"<!-- This site is optimized with the Yoast SEO plugin v27.0 - https:\/\/yoast.com\/product\/yoast-seo-wordpress\/ -->\n<title>Arn\u00e9s Schroth 20\u00b0 SUPER SPORT XLT - Zamp Helmets | Helmet 28 EU<\/title>\n<meta name=\"description\" content=\"El dispositivo HANS Schroth 20\u00b0 SUPER SPORT XLT se utiliza en competiciones de automovilismo para protegerte el cuello en caso de accidente y minimizar el impacto.\" \/>\n<meta name=\"robots\" content=\"index, follow, max-snippet:-1, max-image-preview:large, max-video-preview:-1\" \/>\n<link rel=\"canonical\" href=\"https:\/\/zamphelmets.co\/es\/producto\/arnes-schroth-20-super-sport-xlt\/\" \/>\n<meta property=\"og:locale\" content=\"es_ES\" \/>\n<meta property=\"og:type\" content=\"article\" \/>\n<meta property=\"og:title\" content=\"Arn\u00e9s Schroth 20\u00b0 SUPER SPORT XLT - Zamp Helmets | Helmet 28 EU\" \/>\n<meta property=\"og:description\" content=\"El dispositivo HANS Schroth 20\u00b0 SUPER SPORT XLT se utiliza en competiciones de automovilismo para protegerte el cuello en caso de accidente y minimizar el impacto.\" \/>\n<meta property=\"og:url\" content=\"https:\/\/zamphelmets.co\/es\/producto\/arnes-schroth-20-super-sport-xlt\/\" \/>\n<meta property=\"og:site_name\" content=\"Zamp Helmets | Helmet 28 EU\" \/>\n<meta property=\"article:modified_time\" content=\"2024-11-06T15:57:30+00:00\" \/>\n<meta property=\"og:image\" content=\"https:\/\/zamphelmets.co\/wp-content\/uploads\/2023\/11\/schroth-xlt-fhr-42292a-msar.jpeg\" \/>\n\t<meta property=\"og:image:width\" content=\"1000\" \/>\n\t<meta property=\"og:image:height\" content=\"1000\" \/>\n\t<meta property=\"og:image:type\" content=\"image\/jpeg\" \/>\n<meta name=\"twitter:card\" content=\"summary_large_image\" \/>\n<meta name=\"twitter:label1\" content=\"Est. reading time\" \/>\n\t<meta name=\"twitter:data1\" content=\"1 minuto\" \/>\n<script type=\"application\/ld+json\" class=\"yoast-schema-graph\">{\"@context\":\"https:\/\/schema.org\",\"@graph\":[{\"@type\":\"WebPage\",\"@id\":\"https:\/\/zamphelmets.co\/es\/producto\/arnes-schroth-20-super-sport-xlt\/\",\"url\":\"https:\/\/zamphelmets.co\/es\/producto\/arnes-schroth-20-super-sport-xlt\/\",\"name\":\"Arn\u00e9s Schroth 20\u00b0 SUPER SPORT XLT - Zamp Helmets | Helmet 28 EU\",\"isPartOf\":{\"@id\":\"https:\/\/zamphelmets.co\/es\/#website\"},\"primaryImageOfPage\":{\"@id\":\"https:\/\/zamphelmets.co\/es\/producto\/arnes-schroth-20-super-sport-xlt\/#primaryimage\"},\"image\":{\"@id\":\"https:\/\/zamphelmets.co\/es\/producto\/arnes-schroth-20-super-sport-xlt\/#primaryimage\"},\"thumbnailUrl\":\"https:\/\/zamphelmets.co\/wp-content\/uploads\/2023\/11\/schroth-xlt-fhr-42292a-msar.jpeg\",\"datePublished\":\"2023-11-23T12:52:27+00:00\",\"dateModified\":\"2024-11-06T15:57:30+00:00\",\"description\":\"El dispositivo HANS Schroth 20\u00b0 SUPER SPORT XLT se utiliza en competiciones de automovilismo para protegerte el cuello en caso de accidente y minimizar el impacto.\",\"breadcrumb\":{\"@id\":\"https:\/\/zamphelmets.co\/es\/producto\/arnes-schroth-20-super-sport-xlt\/#breadcrumb\"},\"inLanguage\":\"es\",\"potentialAction\":[{\"@type\":\"ReadAction\",\"target\":[\"https:\/\/zamphelmets.co\/es\/producto\/arnes-schroth-20-super-sport-xlt\/\"]}]},{\"@type\":\"ImageObject\",\"inLanguage\":\"es\",\"@id\":\"https:\/\/zamphelmets.co\/es\/producto\/arnes-schroth-20-super-sport-xlt\/#primaryimage\",\"url\":\"https:\/\/zamphelmets.co\/wp-content\/uploads\/2023\/11\/schroth-xlt-fhr-42292a-msar.jpeg\",\"contentUrl\":\"https:\/\/zamphelmets.co\/wp-content\/uploads\/2023\/11\/schroth-xlt-fhr-42292a-msar.jpeg\",\"width\":1000,\"height\":1000},{\"@type\":\"BreadcrumbList\",\"@id\":\"https:\/\/zamphelmets.co\/es\/producto\/arnes-schroth-20-super-sport-xlt\/#breadcrumb\",\"itemListElement\":[{\"@type\":\"ListItem\",\"position\":1,\"name\":\"Tienda\",\"item\":\"https:\/\/zamphelmets.co\/es\/tienda\/\"},{\"@type\":\"ListItem\",\"position\":2,\"name\":\"Arn\u00e9s Schroth 20\u00b0 SUPER SPORT XLT\"}]},{\"@type\":\"WebSite\",\"@id\":\"https:\/\/zamphelmets.co\/es\/#website\",\"url\":\"https:\/\/zamphelmets.co\/es\/\",\"name\":\"Zamp Helmets | Helmet 28 EU\",\"description\":\"High Quality Motorsport Helmets\",\"potentialAction\":[{\"@type\":\"SearchAction\",\"target\":{\"@type\":\"EntryPoint\",\"urlTemplate\":\"https:\/\/zamphelmets.co\/es\/?s={search_term_string}\"},\"query-input\":{\"@type\":\"PropertyValueSpecification\",\"valueRequired\":true,\"valueName\":\"search_term_string\"}}],\"inLanguage\":\"es\"}]}<\/script>\n<!-- \/ Yoast SEO plugin. -->","yoast_head_json":{"title":"Arn\u00e9s Schroth 20\u00b0 SUPER SPORT XLT - Zamp Helmets | Helmet 28 EU","description":"El dispositivo HANS Schroth 20\u00b0 SUPER SPORT XLT se utiliza en competiciones de automovilismo para protegerte el cuello en caso de accidente y minimizar el impacto.","robots":{"index":"index","follow":"follow","max-snippet":"max-snippet:-1","max-image-preview":"max-image-preview:large","max-video-preview":"max-video-preview:-1"},"canonical":"https:\/\/zamphelmets.co\/es\/producto\/arnes-schroth-20-super-sport-xlt\/","og_locale":"es_ES","og_type":"article","og_title":"Arn\u00e9s Schroth 20\u00b0 SUPER SPORT XLT - Zamp Helmets | Helmet 28 EU","og_description":"El dispositivo HANS Schroth 20\u00b0 SUPER SPORT XLT se utiliza en competiciones de automovilismo para protegerte el cuello en caso de accidente y minimizar el impacto.","og_url":"https:\/\/zamphelmets.co\/es\/producto\/arnes-schroth-20-super-sport-xlt\/","og_site_name":"Zamp Helmets | Helmet 28 EU","article_modified_time":"2024-11-06T15:57:30+00:00","og_image":[{"width":1000,"height":1000,"url":"https:\/\/zamphelmets.co\/wp-content\/uploads\/2023\/11\/schroth-xlt-fhr-42292a-msar.jpeg","type":"image\/jpeg"}],"twitter_card":"summary_large_image","twitter_misc":{"Est. reading time":"1 minuto"},"schema":{"@context":"https:\/\/schema.org","@graph":[{"@type":"WebPage","@id":"https:\/\/zamphelmets.co\/es\/producto\/arnes-schroth-20-super-sport-xlt\/","url":"https:\/\/zamphelmets.co\/es\/producto\/arnes-schroth-20-super-sport-xlt\/","name":"Arn\u00e9s Schroth 20\u00b0 SUPER SPORT XLT - Zamp Helmets | Helmet 28 EU","isPartOf":{"@id":"https:\/\/zamphelmets.co\/es\/#website"},"primaryImageOfPage":{"@id":"https:\/\/zamphelmets.co\/es\/producto\/arnes-schroth-20-super-sport-xlt\/#primaryimage"},"image":{"@id":"https:\/\/zamphelmets.co\/es\/producto\/arnes-schroth-20-super-sport-xlt\/#primaryimage"},"thumbnailUrl":"https:\/\/zamphelmets.co\/wp-content\/uploads\/2023\/11\/schroth-xlt-fhr-42292a-msar.jpeg","datePublished":"2023-11-23T12:52:27+00:00","dateModified":"2024-11-06T15:57:30+00:00","description":"El dispositivo HANS Schroth 20\u00b0 SUPER SPORT XLT se utiliza en competiciones de automovilismo para protegerte el cuello en caso de accidente y minimizar el impacto.","breadcrumb":{"@id":"https:\/\/zamphelmets.co\/es\/producto\/arnes-schroth-20-super-sport-xlt\/#breadcrumb"},"inLanguage":"es","potentialAction":[{"@type":"ReadAction","target":["https:\/\/zamphelmets.co\/es\/producto\/arnes-schroth-20-super-sport-xlt\/"]}]},{"@type":"ImageObject","inLanguage":"es","@id":"https:\/\/zamphelmets.co\/es\/producto\/arnes-schroth-20-super-sport-xlt\/#primaryimage","url":"https:\/\/zamphelmets.co\/wp-content\/uploads\/2023\/11\/schroth-xlt-fhr-42292a-msar.jpeg","contentUrl":"https:\/\/zamphelmets.co\/wp-content\/uploads\/2023\/11\/schroth-xlt-fhr-42292a-msar.jpeg","width":1000,"height":1000},{"@type":"BreadcrumbList","@id":"https:\/\/zamphelmets.co\/es\/producto\/arnes-schroth-20-super-sport-xlt\/#breadcrumb","itemListElement":[{"@type":"ListItem","position":1,"name":"Tienda","item":"https:\/\/zamphelmets.co\/es\/tienda\/"},{"@type":"ListItem","position":2,"name":"Arn\u00e9s Schroth 20\u00b0 SUPER SPORT XLT"}]},{"@type":"WebSite","@id":"https:\/\/zamphelmets.co\/es\/#website","url":"https:\/\/zamphelmets.co\/es\/","name":"Zamp Helmets | Helmet 28 EU","description":"High Quality Motorsport Helmets","potentialAction":[{"@type":"SearchAction","target":{"@type":"EntryPoint","urlTemplate":"https:\/\/zamphelmets.co\/es\/?s={search_term_string}"},"query-input":{"@type":"PropertyValueSpecification","valueRequired":true,"valueName":"search_term_string"}}],"inLanguage":"es"}]}},"_links":{"self":[{"href":"https:\/\/zamphelmets.co\/es\/wp-json\/wp\/v2\/product\/27077","targetHints":{"allow":["GET"]}}],"collection":[{"href":"https:\/\/zamphelmets.co\/es\/wp-json\/wp\/v2\/product"}],"about":[{"href":"https:\/\/zamphelmets.co\/es\/wp-json\/wp\/v2\/types\/product"}],"replies":[{"embeddable":true,"href":"https:\/\/zamphelmets.co\/es\/wp-json\/wp\/v2\/comments?post=27077"}],"wp:featuredmedia":[{"embeddable":true,"href":"https:\/\/zamphelmets.co\/es\/wp-json\/wp\/v2\/media\/27094"}],"wp:attachment":[{"href":"https:\/\/zamphelmets.co\/es\/wp-json\/wp\/v2\/media?parent=27077"}],"wp:term":[{"taxonomy":"product_brand","embeddable":true,"href":"https:\/\/zamphelmets.co\/es\/wp-json\/wp\/v2\/product_brand?post=27077"},{"taxonomy":"product_cat","embeddable":true,"href":"https:\/\/zamphelmets.co\/es\/wp-json\/wp\/v2\/product_cat?post=27077"},{"taxonomy":"product_tag","embeddable":true,"href":"https:\/\/zamphelmets.co\/es\/wp-json\/wp\/v2\/product_tag?post=27077"}],"curies":[{"name":"wp","href":"https:\/\/api.w.org\/{rel}","templated":true}]}}