{"id":27017,"date":"2023-11-23T12:52:34","date_gmt":"2023-11-23T12:52:34","guid":{"rendered":"https:\/\/zamphelmets.co\/product\/juego-de-acolchado-cover-exgel\/"},"modified":"2025-02-07T17:29:58","modified_gmt":"2025-02-07T17:29:58","slug":"juego-de-acolchado-cover-exgel","status":"publish","type":"product","link":"https:\/\/zamphelmets.co\/es\/producto\/juego-de-acolchado-cover-exgel\/","title":{"rendered":"Juego de acolchado COVER Exgel"},"content":{"rendered":"<p>La funda acolchada Exgel te da la oportunidad de cambiar el aspecto de tu Sistema Hans y hacer que combine con tu atuendo del d\u00eda de la carrera. Disponible en 9 colores, el acolchado Exgel te permite adaptar tu traje de competici\u00f3n a tu dispositivo de cabeza y cuello.<\/p>\n<p>Compatibles con el sistema de soporte cervical HANS, estas elegantes fundas son lavables y est\u00e1n fabricadas con algod\u00f3n ign\u00edfugo.<\/p>\n<p>&nbsp;<\/p>\n","protected":false},"excerpt":{"rendered":"<p>La funda acolchada Exgel te da la oportunidad de cambiar el aspecto de tu Sistema Hans y hacer que combine con tu atuendo del d\u00eda de la carrera. Disponible en 9 colores, el acolchado Exgel te permite adaptar tu traje de competici\u00f3n a tu dispositivo de cabeza y cuello. Compatibles con el sistema de soporte [&hellip;]<\/p>\n","protected":false},"featured_media":27047,"comment_status":"open","ping_status":"closed","template":"","meta":{"_acf_changed":false,"_iconic_wsb_product_page_order_bump_ids":[[]],"_sku":["HANS01"],"_iconic_wsb_product_page_bump_modal_ids":[[]]},"product_brand":[],"product_cat":[372,362,378,356],"product_tag":[],"class_list":{"0":"post-27017","1":"product","2":"type-product","3":"status-publish","4":"has-post-thumbnail","6":"product_cat-accesorios","7":"product_cat-otros","8":"product_cat-proteccion","9":"product_cat-proteccion-ropa","11":"first","12":"instock","13":"taxable","14":"shipping-taxable","15":"purchasable","16":"product-type-variable"},"acf":[],"yoast_head":"<!-- This site is optimized with the Yoast SEO plugin v27.0 - https:\/\/yoast.com\/product\/yoast-seo-wordpress\/ -->\n<title>Juego de acolchado COVER Exgel - Zamp Helmets | Helmet 28 EU<\/title>\n<meta name=\"description\" content=\"La funda acolchada Exgel te da la oportunidad de cambiar el aspecto de tu Sistema Hans y hacer que combine con tu atuendo del d\u00eda de la carrera.\" \/>\n<meta name=\"robots\" content=\"index, follow, max-snippet:-1, max-image-preview:large, max-video-preview:-1\" \/>\n<link rel=\"canonical\" href=\"https:\/\/zamphelmets.co\/es\/producto\/juego-de-acolchado-cover-exgel\/\" \/>\n<meta property=\"og:locale\" content=\"es_ES\" \/>\n<meta property=\"og:type\" content=\"article\" \/>\n<meta property=\"og:title\" content=\"Juego de acolchado COVER Exgel - Zamp Helmets | Helmet 28 EU\" \/>\n<meta property=\"og:description\" content=\"La funda acolchada Exgel te da la oportunidad de cambiar el aspecto de tu Sistema Hans y hacer que combine con tu atuendo del d\u00eda de la carrera.\" \/>\n<meta property=\"og:url\" content=\"https:\/\/zamphelmets.co\/es\/producto\/juego-de-acolchado-cover-exgel\/\" \/>\n<meta property=\"og:site_name\" content=\"Zamp Helmets | Helmet 28 EU\" \/>\n<meta property=\"article:modified_time\" content=\"2025-02-07T17:29:58+00:00\" \/>\n<meta property=\"og:image\" content=\"https:\/\/zamphelmets.co\/wp-content\/uploads\/2023\/11\/red.png\" \/>\n\t<meta property=\"og:image:width\" content=\"290\" \/>\n\t<meta property=\"og:image:height\" content=\"201\" \/>\n\t<meta property=\"og:image:type\" content=\"image\/png\" \/>\n<meta name=\"twitter:card\" content=\"summary_large_image\" \/>\n<script type=\"application\/ld+json\" class=\"yoast-schema-graph\">{\"@context\":\"https:\/\/schema.org\",\"@graph\":[{\"@type\":\"WebPage\",\"@id\":\"https:\/\/zamphelmets.co\/es\/producto\/juego-de-acolchado-cover-exgel\/\",\"url\":\"https:\/\/zamphelmets.co\/es\/producto\/juego-de-acolchado-cover-exgel\/\",\"name\":\"Juego de acolchado COVER Exgel - Zamp Helmets | Helmet 28 EU\",\"isPartOf\":{\"@id\":\"https:\/\/zamphelmets.co\/es\/#website\"},\"primaryImageOfPage\":{\"@id\":\"https:\/\/zamphelmets.co\/es\/producto\/juego-de-acolchado-cover-exgel\/#primaryimage\"},\"image\":{\"@id\":\"https:\/\/zamphelmets.co\/es\/producto\/juego-de-acolchado-cover-exgel\/#primaryimage\"},\"thumbnailUrl\":\"https:\/\/zamphelmets.co\/wp-content\/uploads\/2023\/11\/red.png\",\"datePublished\":\"2023-11-23T12:52:34+00:00\",\"dateModified\":\"2025-02-07T17:29:58+00:00\",\"description\":\"La funda acolchada Exgel te da la oportunidad de cambiar el aspecto de tu Sistema Hans y hacer que combine con tu atuendo del d\u00eda de la carrera.\",\"breadcrumb\":{\"@id\":\"https:\/\/zamphelmets.co\/es\/producto\/juego-de-acolchado-cover-exgel\/#breadcrumb\"},\"inLanguage\":\"es\",\"potentialAction\":[{\"@type\":\"ReadAction\",\"target\":[\"https:\/\/zamphelmets.co\/es\/producto\/juego-de-acolchado-cover-exgel\/\"]}]},{\"@type\":\"ImageObject\",\"inLanguage\":\"es\",\"@id\":\"https:\/\/zamphelmets.co\/es\/producto\/juego-de-acolchado-cover-exgel\/#primaryimage\",\"url\":\"https:\/\/zamphelmets.co\/wp-content\/uploads\/2023\/11\/red.png\",\"contentUrl\":\"https:\/\/zamphelmets.co\/wp-content\/uploads\/2023\/11\/red.png\",\"width\":290,\"height\":201},{\"@type\":\"BreadcrumbList\",\"@id\":\"https:\/\/zamphelmets.co\/es\/producto\/juego-de-acolchado-cover-exgel\/#breadcrumb\",\"itemListElement\":[{\"@type\":\"ListItem\",\"position\":1,\"name\":\"Tienda\",\"item\":\"https:\/\/zamphelmets.co\/es\/tienda\/\"},{\"@type\":\"ListItem\",\"position\":2,\"name\":\"Juego de acolchado COVER Exgel\"}]},{\"@type\":\"WebSite\",\"@id\":\"https:\/\/zamphelmets.co\/es\/#website\",\"url\":\"https:\/\/zamphelmets.co\/es\/\",\"name\":\"Zamp Helmets | Helmet 28 EU\",\"description\":\"High Quality Motorsport Helmets\",\"potentialAction\":[{\"@type\":\"SearchAction\",\"target\":{\"@type\":\"EntryPoint\",\"urlTemplate\":\"https:\/\/zamphelmets.co\/es\/?s={search_term_string}\"},\"query-input\":{\"@type\":\"PropertyValueSpecification\",\"valueRequired\":true,\"valueName\":\"search_term_string\"}}],\"inLanguage\":\"es\"}]}<\/script>\n<!-- \/ Yoast SEO plugin. -->","yoast_head_json":{"title":"Juego de acolchado COVER Exgel - Zamp Helmets | Helmet 28 EU","description":"La funda acolchada Exgel te da la oportunidad de cambiar el aspecto de tu Sistema Hans y hacer que combine con tu atuendo del d\u00eda de la carrera.","robots":{"index":"index","follow":"follow","max-snippet":"max-snippet:-1","max-image-preview":"max-image-preview:large","max-video-preview":"max-video-preview:-1"},"canonical":"https:\/\/zamphelmets.co\/es\/producto\/juego-de-acolchado-cover-exgel\/","og_locale":"es_ES","og_type":"article","og_title":"Juego de acolchado COVER Exgel - Zamp Helmets | Helmet 28 EU","og_description":"La funda acolchada Exgel te da la oportunidad de cambiar el aspecto de tu Sistema Hans y hacer que combine con tu atuendo del d\u00eda de la carrera.","og_url":"https:\/\/zamphelmets.co\/es\/producto\/juego-de-acolchado-cover-exgel\/","og_site_name":"Zamp Helmets | Helmet 28 EU","article_modified_time":"2025-02-07T17:29:58+00:00","og_image":[{"width":290,"height":201,"url":"https:\/\/zamphelmets.co\/wp-content\/uploads\/2023\/11\/red.png","type":"image\/png"}],"twitter_card":"summary_large_image","schema":{"@context":"https:\/\/schema.org","@graph":[{"@type":"WebPage","@id":"https:\/\/zamphelmets.co\/es\/producto\/juego-de-acolchado-cover-exgel\/","url":"https:\/\/zamphelmets.co\/es\/producto\/juego-de-acolchado-cover-exgel\/","name":"Juego de acolchado COVER Exgel - Zamp Helmets | Helmet 28 EU","isPartOf":{"@id":"https:\/\/zamphelmets.co\/es\/#website"},"primaryImageOfPage":{"@id":"https:\/\/zamphelmets.co\/es\/producto\/juego-de-acolchado-cover-exgel\/#primaryimage"},"image":{"@id":"https:\/\/zamphelmets.co\/es\/producto\/juego-de-acolchado-cover-exgel\/#primaryimage"},"thumbnailUrl":"https:\/\/zamphelmets.co\/wp-content\/uploads\/2023\/11\/red.png","datePublished":"2023-11-23T12:52:34+00:00","dateModified":"2025-02-07T17:29:58+00:00","description":"La funda acolchada Exgel te da la oportunidad de cambiar el aspecto de tu Sistema Hans y hacer que combine con tu atuendo del d\u00eda de la carrera.","breadcrumb":{"@id":"https:\/\/zamphelmets.co\/es\/producto\/juego-de-acolchado-cover-exgel\/#breadcrumb"},"inLanguage":"es","potentialAction":[{"@type":"ReadAction","target":["https:\/\/zamphelmets.co\/es\/producto\/juego-de-acolchado-cover-exgel\/"]}]},{"@type":"ImageObject","inLanguage":"es","@id":"https:\/\/zamphelmets.co\/es\/producto\/juego-de-acolchado-cover-exgel\/#primaryimage","url":"https:\/\/zamphelmets.co\/wp-content\/uploads\/2023\/11\/red.png","contentUrl":"https:\/\/zamphelmets.co\/wp-content\/uploads\/2023\/11\/red.png","width":290,"height":201},{"@type":"BreadcrumbList","@id":"https:\/\/zamphelmets.co\/es\/producto\/juego-de-acolchado-cover-exgel\/#breadcrumb","itemListElement":[{"@type":"ListItem","position":1,"name":"Tienda","item":"https:\/\/zamphelmets.co\/es\/tienda\/"},{"@type":"ListItem","position":2,"name":"Juego de acolchado COVER Exgel"}]},{"@type":"WebSite","@id":"https:\/\/zamphelmets.co\/es\/#website","url":"https:\/\/zamphelmets.co\/es\/","name":"Zamp Helmets | Helmet 28 EU","description":"High Quality Motorsport Helmets","potentialAction":[{"@type":"SearchAction","target":{"@type":"EntryPoint","urlTemplate":"https:\/\/zamphelmets.co\/es\/?s={search_term_string}"},"query-input":{"@type":"PropertyValueSpecification","valueRequired":true,"valueName":"search_term_string"}}],"inLanguage":"es"}]}},"_links":{"self":[{"href":"https:\/\/zamphelmets.co\/es\/wp-json\/wp\/v2\/product\/27017","targetHints":{"allow":["GET"]}}],"collection":[{"href":"https:\/\/zamphelmets.co\/es\/wp-json\/wp\/v2\/product"}],"about":[{"href":"https:\/\/zamphelmets.co\/es\/wp-json\/wp\/v2\/types\/product"}],"replies":[{"embeddable":true,"href":"https:\/\/zamphelmets.co\/es\/wp-json\/wp\/v2\/comments?post=27017"}],"wp:featuredmedia":[{"embeddable":true,"href":"https:\/\/zamphelmets.co\/es\/wp-json\/wp\/v2\/media\/27047"}],"wp:attachment":[{"href":"https:\/\/zamphelmets.co\/es\/wp-json\/wp\/v2\/media?parent=27017"}],"wp:term":[{"taxonomy":"product_brand","embeddable":true,"href":"https:\/\/zamphelmets.co\/es\/wp-json\/wp\/v2\/product_brand?post=27017"},{"taxonomy":"product_cat","embeddable":true,"href":"https:\/\/zamphelmets.co\/es\/wp-json\/wp\/v2\/product_cat?post=27017"},{"taxonomy":"product_tag","embeddable":true,"href":"https:\/\/zamphelmets.co\/es\/wp-json\/wp\/v2\/product_tag?post=27017"}],"curies":[{"name":"wp","href":"https:\/\/api.w.org\/{rel}","templated":true}]}}