{"id":26989,"date":"2023-10-23T15:04:04","date_gmt":"2023-10-23T15:04:04","guid":{"rendered":"https:\/\/zamphelmets.co\/product\/kit-de-retencion-del-escudo-z-20\/"},"modified":"2026-04-05T19:57:52","modified_gmt":"2026-04-05T19:57:52","slug":"kit-de-retencion-del-escudo-z-20","status":"publish","type":"product","link":"https:\/\/zamphelmets.co\/es\/producto\/kit-de-retencion-del-escudo-z-20\/","title":{"rendered":"Kit de retenci\u00f3n del escudo Z-20"},"content":{"rendered":"<p data-start=\"216\" data-end=\"562\">Mantenga su casco en \u00f3ptimas condiciones con el kit de retenci\u00f3n de pantalla Zamp Z20, dise\u00f1ado para todos los cascos ZAMP de la serie RZ. Ya sea para sustituir componentes desgastados o para personalizar su casco con tornillos de colores, este kit es un elemento esencial para su equipaci\u00f3n de competici\u00f3n. <\/p>\n<p data-start=\"564\" data-end=\"736\">Tener un kit de retenci\u00f3n de repuesto en tu bolsa de equipo te garantiza que siempre estar\u00e1s preparado para arreglos o ajustes r\u00e1pidos en la pista, porque cuando compites, cada detalle importa.<\/p>\n<p data-start=\"738\" data-end=\"758\"><strong data-start=\"738\" data-end=\"758\">Qu\u00e9 incluye:<\/strong><\/p>\n<ul data-start=\"759\" data-end=\"857\">\n<li data-start=\"759\" data-end=\"788\">\n<p data-start=\"761\" data-end=\"788\">2 x tornillos de montaje de la visera<\/p>\n<\/li>\n<li data-start=\"789\" data-end=\"857\">\n<p data-start=\"791\" data-end=\"857\"><em>(s\u00f3lo opci\u00f3n Plata)<\/em> 2 x tornillos de poste adicionales + 2 x arandelas de poste<\/p>\n<\/li>\n<\/ul>\n<p data-start=\"859\" data-end=\"1006\">Disponible en varios colores, este kit tambi\u00e9n es perfecto para a\u00f1adir un aspecto personalizado a la configuraci\u00f3n de tu casco, al tiempo que mantiene la visera bien sujeta en su sitio.<\/p>\n","protected":false},"excerpt":{"rendered":"<p>Mantenga su casco en \u00f3ptimas condiciones con el kit de retenci\u00f3n de pantalla Zamp Z20, dise\u00f1ado para todos los cascos ZAMP de la serie RZ. Ya sea para sustituir componentes desgastados o para personalizar su casco con tornillos de colores, este kit es un elemento esencial para su equipaci\u00f3n de competici\u00f3n. Tener un kit de [&hellip;]<\/p>\n","protected":false},"featured_media":28223,"comment_status":"open","ping_status":"closed","template":"","meta":{"_acf_changed":false,"_iconic_wsb_product_page_order_bump_ids":[[]],"_sku":["HARZ20"],"_iconic_wsb_product_page_bump_modal_ids":[[]]},"product_brand":[],"product_cat":[372,361,357,380],"product_tag":[],"class_list":{"0":"post-26989","1":"product","2":"type-product","3":"status-publish","4":"has-post-thumbnail","6":"product_cat-accesorios","7":"product_cat-accesorios-para-cascos","8":"product_cat-sin-categoria","9":"product_cat-viseras","11":"first","12":"instock","13":"taxable","14":"shipping-taxable","15":"purchasable","16":"product-type-variable"},"acf":[],"yoast_head":"<!-- This site is optimized with the Yoast SEO plugin v27.0 - https:\/\/yoast.com\/product\/yoast-seo-wordpress\/ -->\n<title>Kit de retenci\u00f3n del escudo Z-20 - Zamp Helmets | Helmet 28 EU<\/title>\n<meta name=\"description\" content=\"Kit de retenci\u00f3n de visera Z20 original de ZAMP para todos los cascos RZ. Sustituye las piezas desgastadas o personaliza tu casco con tornillos de colores. Incluye torniller\u00eda de montaje.\" \/>\n<meta name=\"robots\" content=\"index, follow, max-snippet:-1, max-image-preview:large, max-video-preview:-1\" \/>\n<link rel=\"canonical\" href=\"https:\/\/zamphelmets.co\/es\/producto\/kit-de-retencion-del-escudo-z-20\/\" \/>\n<meta property=\"og:locale\" content=\"es_ES\" \/>\n<meta property=\"og:type\" content=\"article\" \/>\n<meta property=\"og:title\" content=\"Kit de retenci\u00f3n del escudo Z-20 - Zamp Helmets | Helmet 28 EU\" \/>\n<meta property=\"og:description\" content=\"Kit de retenci\u00f3n de visera Z20 original de ZAMP para todos los cascos RZ. Sustituye las piezas desgastadas o personaliza tu casco con tornillos de colores. Incluye torniller\u00eda de montaje.\" \/>\n<meta property=\"og:url\" content=\"https:\/\/zamphelmets.co\/es\/producto\/kit-de-retencion-del-escudo-z-20\/\" \/>\n<meta property=\"og:site_name\" content=\"Zamp Helmets | Helmet 28 EU\" \/>\n<meta property=\"article:modified_time\" content=\"2026-04-05T19:57:52+00:00\" \/>\n<meta property=\"og:image\" content=\"https:\/\/zamphelmets.co\/wp-content\/uploads\/2021\/03\/Zamp-Shield-Retention-Kit_0003.jpg\" \/>\n\t<meta property=\"og:image:width\" content=\"2048\" \/>\n\t<meta property=\"og:image:height\" content=\"1365\" \/>\n\t<meta property=\"og:image:type\" content=\"image\/jpeg\" \/>\n<meta name=\"twitter:card\" content=\"summary_large_image\" \/>\n<meta name=\"twitter:label1\" content=\"Est. reading time\" \/>\n\t<meta name=\"twitter:data1\" content=\"1 minuto\" \/>\n<script type=\"application\/ld+json\" class=\"yoast-schema-graph\">{\"@context\":\"https:\/\/schema.org\",\"@graph\":[{\"@type\":\"WebPage\",\"@id\":\"https:\/\/zamphelmets.co\/es\/producto\/kit-de-retencion-del-escudo-z-20\/\",\"url\":\"https:\/\/zamphelmets.co\/es\/producto\/kit-de-retencion-del-escudo-z-20\/\",\"name\":\"Kit de retenci\u00f3n del escudo Z-20 - Zamp Helmets | Helmet 28 EU\",\"isPartOf\":{\"@id\":\"https:\/\/zamphelmets.co\/es\/#website\"},\"primaryImageOfPage\":{\"@id\":\"https:\/\/zamphelmets.co\/es\/producto\/kit-de-retencion-del-escudo-z-20\/#primaryimage\"},\"image\":{\"@id\":\"https:\/\/zamphelmets.co\/es\/producto\/kit-de-retencion-del-escudo-z-20\/#primaryimage\"},\"thumbnailUrl\":\"https:\/\/zamphelmets.co\/wp-content\/uploads\/2021\/03\/Zamp-Shield-Retention-Kit_0003.jpg\",\"datePublished\":\"2023-10-23T15:04:04+00:00\",\"dateModified\":\"2026-04-05T19:57:52+00:00\",\"description\":\"Kit de retenci\u00f3n de visera Z20 original de ZAMP para todos los cascos RZ. Sustituye las piezas desgastadas o personaliza tu casco con tornillos de colores. Incluye torniller\u00eda de montaje.\",\"breadcrumb\":{\"@id\":\"https:\/\/zamphelmets.co\/es\/producto\/kit-de-retencion-del-escudo-z-20\/#breadcrumb\"},\"inLanguage\":\"es\",\"potentialAction\":[{\"@type\":\"ReadAction\",\"target\":[\"https:\/\/zamphelmets.co\/es\/producto\/kit-de-retencion-del-escudo-z-20\/\"]}]},{\"@type\":\"ImageObject\",\"inLanguage\":\"es\",\"@id\":\"https:\/\/zamphelmets.co\/es\/producto\/kit-de-retencion-del-escudo-z-20\/#primaryimage\",\"url\":\"https:\/\/zamphelmets.co\/wp-content\/uploads\/2021\/03\/Zamp-Shield-Retention-Kit_0003.jpg\",\"contentUrl\":\"https:\/\/zamphelmets.co\/wp-content\/uploads\/2021\/03\/Zamp-Shield-Retention-Kit_0003.jpg\",\"width\":2048,\"height\":1365},{\"@type\":\"BreadcrumbList\",\"@id\":\"https:\/\/zamphelmets.co\/es\/producto\/kit-de-retencion-del-escudo-z-20\/#breadcrumb\",\"itemListElement\":[{\"@type\":\"ListItem\",\"position\":1,\"name\":\"Tienda\",\"item\":\"https:\/\/zamphelmets.co\/es\/tienda\/\"},{\"@type\":\"ListItem\",\"position\":2,\"name\":\"Kit de retenci\u00f3n del escudo Z-20\"}]},{\"@type\":\"WebSite\",\"@id\":\"https:\/\/zamphelmets.co\/es\/#website\",\"url\":\"https:\/\/zamphelmets.co\/es\/\",\"name\":\"Zamp Helmets | Helmet 28 EU\",\"description\":\"High Quality Motorsport Helmets\",\"potentialAction\":[{\"@type\":\"SearchAction\",\"target\":{\"@type\":\"EntryPoint\",\"urlTemplate\":\"https:\/\/zamphelmets.co\/es\/?s={search_term_string}\"},\"query-input\":{\"@type\":\"PropertyValueSpecification\",\"valueRequired\":true,\"valueName\":\"search_term_string\"}}],\"inLanguage\":\"es\"}]}<\/script>\n<!-- \/ Yoast SEO plugin. -->","yoast_head_json":{"title":"Kit de retenci\u00f3n del escudo Z-20 - Zamp Helmets | Helmet 28 EU","description":"Kit de retenci\u00f3n de visera Z20 original de ZAMP para todos los cascos RZ. Sustituye las piezas desgastadas o personaliza tu casco con tornillos de colores. Incluye torniller\u00eda de montaje.","robots":{"index":"index","follow":"follow","max-snippet":"max-snippet:-1","max-image-preview":"max-image-preview:large","max-video-preview":"max-video-preview:-1"},"canonical":"https:\/\/zamphelmets.co\/es\/producto\/kit-de-retencion-del-escudo-z-20\/","og_locale":"es_ES","og_type":"article","og_title":"Kit de retenci\u00f3n del escudo Z-20 - Zamp Helmets | Helmet 28 EU","og_description":"Kit de retenci\u00f3n de visera Z20 original de ZAMP para todos los cascos RZ. Sustituye las piezas desgastadas o personaliza tu casco con tornillos de colores. Incluye torniller\u00eda de montaje.","og_url":"https:\/\/zamphelmets.co\/es\/producto\/kit-de-retencion-del-escudo-z-20\/","og_site_name":"Zamp Helmets | Helmet 28 EU","article_modified_time":"2026-04-05T19:57:52+00:00","og_image":[{"width":2048,"height":1365,"url":"https:\/\/zamphelmets.co\/wp-content\/uploads\/2021\/03\/Zamp-Shield-Retention-Kit_0003.jpg","type":"image\/jpeg"}],"twitter_card":"summary_large_image","twitter_misc":{"Est. reading time":"1 minuto"},"schema":{"@context":"https:\/\/schema.org","@graph":[{"@type":"WebPage","@id":"https:\/\/zamphelmets.co\/es\/producto\/kit-de-retencion-del-escudo-z-20\/","url":"https:\/\/zamphelmets.co\/es\/producto\/kit-de-retencion-del-escudo-z-20\/","name":"Kit de retenci\u00f3n del escudo Z-20 - Zamp Helmets | Helmet 28 EU","isPartOf":{"@id":"https:\/\/zamphelmets.co\/es\/#website"},"primaryImageOfPage":{"@id":"https:\/\/zamphelmets.co\/es\/producto\/kit-de-retencion-del-escudo-z-20\/#primaryimage"},"image":{"@id":"https:\/\/zamphelmets.co\/es\/producto\/kit-de-retencion-del-escudo-z-20\/#primaryimage"},"thumbnailUrl":"https:\/\/zamphelmets.co\/wp-content\/uploads\/2021\/03\/Zamp-Shield-Retention-Kit_0003.jpg","datePublished":"2023-10-23T15:04:04+00:00","dateModified":"2026-04-05T19:57:52+00:00","description":"Kit de retenci\u00f3n de visera Z20 original de ZAMP para todos los cascos RZ. Sustituye las piezas desgastadas o personaliza tu casco con tornillos de colores. Incluye torniller\u00eda de montaje.","breadcrumb":{"@id":"https:\/\/zamphelmets.co\/es\/producto\/kit-de-retencion-del-escudo-z-20\/#breadcrumb"},"inLanguage":"es","potentialAction":[{"@type":"ReadAction","target":["https:\/\/zamphelmets.co\/es\/producto\/kit-de-retencion-del-escudo-z-20\/"]}]},{"@type":"ImageObject","inLanguage":"es","@id":"https:\/\/zamphelmets.co\/es\/producto\/kit-de-retencion-del-escudo-z-20\/#primaryimage","url":"https:\/\/zamphelmets.co\/wp-content\/uploads\/2021\/03\/Zamp-Shield-Retention-Kit_0003.jpg","contentUrl":"https:\/\/zamphelmets.co\/wp-content\/uploads\/2021\/03\/Zamp-Shield-Retention-Kit_0003.jpg","width":2048,"height":1365},{"@type":"BreadcrumbList","@id":"https:\/\/zamphelmets.co\/es\/producto\/kit-de-retencion-del-escudo-z-20\/#breadcrumb","itemListElement":[{"@type":"ListItem","position":1,"name":"Tienda","item":"https:\/\/zamphelmets.co\/es\/tienda\/"},{"@type":"ListItem","position":2,"name":"Kit de retenci\u00f3n del escudo Z-20"}]},{"@type":"WebSite","@id":"https:\/\/zamphelmets.co\/es\/#website","url":"https:\/\/zamphelmets.co\/es\/","name":"Zamp Helmets | Helmet 28 EU","description":"High Quality Motorsport Helmets","potentialAction":[{"@type":"SearchAction","target":{"@type":"EntryPoint","urlTemplate":"https:\/\/zamphelmets.co\/es\/?s={search_term_string}"},"query-input":{"@type":"PropertyValueSpecification","valueRequired":true,"valueName":"search_term_string"}}],"inLanguage":"es"}]}},"_links":{"self":[{"href":"https:\/\/zamphelmets.co\/es\/wp-json\/wp\/v2\/product\/26989","targetHints":{"allow":["GET"]}}],"collection":[{"href":"https:\/\/zamphelmets.co\/es\/wp-json\/wp\/v2\/product"}],"about":[{"href":"https:\/\/zamphelmets.co\/es\/wp-json\/wp\/v2\/types\/product"}],"replies":[{"embeddable":true,"href":"https:\/\/zamphelmets.co\/es\/wp-json\/wp\/v2\/comments?post=26989"}],"wp:featuredmedia":[{"embeddable":true,"href":"https:\/\/zamphelmets.co\/es\/wp-json\/wp\/v2\/media\/28223"}],"wp:attachment":[{"href":"https:\/\/zamphelmets.co\/es\/wp-json\/wp\/v2\/media?parent=26989"}],"wp:term":[{"taxonomy":"product_brand","embeddable":true,"href":"https:\/\/zamphelmets.co\/es\/wp-json\/wp\/v2\/product_brand?post=26989"},{"taxonomy":"product_cat","embeddable":true,"href":"https:\/\/zamphelmets.co\/es\/wp-json\/wp\/v2\/product_cat?post=26989"},{"taxonomy":"product_tag","embeddable":true,"href":"https:\/\/zamphelmets.co\/es\/wp-json\/wp\/v2\/product_tag?post=26989"}],"curies":[{"name":"wp","href":"https:\/\/api.w.org\/{rel}","templated":true}]}}