{"id":26977,"date":"2023-11-23T12:51:58","date_gmt":"2023-11-23T12:51:58","guid":{"rendered":"https:\/\/zamphelmets.co\/product\/protector-de-cuello-alpinestars-sequence-azul\/"},"modified":"2024-11-06T16:46:01","modified_gmt":"2024-11-06T16:46:01","slug":"protector-de-cuello-alpinestars-sequence-azul","status":"publish","type":"product","link":"https:\/\/zamphelmets.co\/es\/producto\/protector-de-cuello-alpinestars-sequence-azul\/","title":{"rendered":"Protector de Cuello Alpinestars SEQUENCE Azul"},"content":{"rendered":"<div>El collar\u00edn Alpinestars Sequence Youth Neck Roll est\u00e1 dise\u00f1ado y desarrollado espec\u00edficamente para los pilotos m\u00e1s j\u00f3venes, el collar\u00edn Sequence Youth Neck Roll es el punto de partida en el viaje de un piloto junior hacia el collar\u00edn Bionic Neck Support. Ergon\u00f3micamente perfilado para las necesidades corporales de los j\u00f3venes ciclistas, el armaz\u00f3n de la Sequence Neck Roll est\u00e1 dise\u00f1ado para transferir el impacto de energ\u00eda lejos de la parte superior del cuello.<\/div>\n<div><\/div>\n<div><\/div>\n<div><strong>CONSTRUCCI\u00d3N<\/strong><\/div>\n<div>&#8211; Nueva protecci\u00f3n h\u00edbrida para el cuello de los ni\u00f1os, con cola alargada para una gran estabilidad de posici\u00f3n.<\/div>\n<div>&#8211; Forma ergon\u00f3mica y dise\u00f1ada para adaptarse a ni\u00f1os de 6 a 10 a\u00f1os (S\/M). y de 10 a 14 a\u00f1os (L\/XL)<\/div>\n<div>&#8211; El n\u00facleo de doble densidad est\u00e1 fabricado con una base de espuma blanda de PU que incorpora una capa dura de EVA para disipar la energ\u00eda.<\/div>\n<div>&#8211; La parte inferior y la secci\u00f3n interna blanda (lado del cuello) proporcionan comodidad para el hombro y el cuello, la secci\u00f3n dura en la parte superior da estabilidad y proporciona distribuci\u00f3n de la fuerza cuando el casco impacta.<\/div>\n<div><\/div>\n<div><\/div>\n<div><strong>CARACTER\u00cdSTICAS PRINCIPALES<\/strong><\/div>\n<div>&#8211; Cierre de correa suave f\u00e1cil de usar en la parte delantera.<\/div>\n<div>&#8211; Altamente compatible con todos los dem\u00e1s protectores y chaquetas.<\/div>\n<div>&#8211; La cubierta externa se puede extraer del n\u00facleo para lavarla mediante la abertura de velcro de la parte trasera.<\/div>\n<div><\/div>\n<div><\/div>\n<div>S\/M &#8211; 6-7 y 8-10 a\u00f1os<\/div>\n<div>L\/XL &#8211; 11-12 y 13\/14 a\u00f1os<\/div>\n","protected":false},"excerpt":{"rendered":"<p>El collar\u00edn Alpinestars Sequence Youth Neck Roll est\u00e1 dise\u00f1ado y desarrollado espec\u00edficamente para los pilotos m\u00e1s j\u00f3venes, el collar\u00edn Sequence Youth Neck Roll es el punto de partida en el viaje de un piloto junior hacia el collar\u00edn Bionic Neck Support. Ergon\u00f3micamente perfilado para las necesidades corporales de los j\u00f3venes ciclistas, el armaz\u00f3n de la [&hellip;]<\/p>\n","protected":false},"featured_media":26981,"comment_status":"open","ping_status":"closed","template":"","meta":{"_acf_changed":false,"_iconic_wsb_product_page_order_bump_ids":[[]],"_sku":["6741018-177"],"_iconic_wsb_product_page_bump_modal_ids":[[]]},"product_brand":[],"product_cat":[372,361,362,378],"product_tag":[],"class_list":{"0":"post-26977","1":"product","2":"type-product","3":"status-publish","4":"has-post-thumbnail","6":"product_cat-accesorios","7":"product_cat-accesorios-para-cascos","8":"product_cat-otros","9":"product_cat-proteccion","11":"first","12":"instock","13":"taxable","14":"shipping-taxable","15":"purchasable","16":"product-type-variable"},"acf":[],"yoast_head":"<!-- This site is optimized with the Yoast SEO plugin v27.0 - https:\/\/yoast.com\/product\/yoast-seo-wordpress\/ -->\n<title>Protector de Cuello Alpinestars SEQUENCE Azul - Zamp Helmets | Helmet 28 EU<\/title>\n<meta name=\"description\" content=\"El protector de cuello juvenil Sequence est\u00e1 dise\u00f1ado y desarrollado espec\u00edficamente para los ciclistas m\u00e1s j\u00f3venes. Forma ergon\u00f3mica y dise\u00f1ada para adaptarse a ni\u00f1os de 6 a 14 a\u00f1os\" \/>\n<meta name=\"robots\" content=\"index, follow, max-snippet:-1, max-image-preview:large, max-video-preview:-1\" \/>\n<link rel=\"canonical\" href=\"https:\/\/zamphelmets.co\/es\/producto\/protector-de-cuello-alpinestars-sequence-azul\/\" \/>\n<meta property=\"og:locale\" content=\"es_ES\" \/>\n<meta property=\"og:type\" content=\"article\" \/>\n<meta property=\"og:title\" content=\"Protector de Cuello Alpinestars SEQUENCE Azul - Zamp Helmets | Helmet 28 EU\" \/>\n<meta property=\"og:description\" content=\"El protector de cuello juvenil Sequence est\u00e1 dise\u00f1ado y desarrollado espec\u00edficamente para los ciclistas m\u00e1s j\u00f3venes. Forma ergon\u00f3mica y dise\u00f1ada para adaptarse a ni\u00f1os de 6 a 14 a\u00f1os\" \/>\n<meta property=\"og:url\" content=\"https:\/\/zamphelmets.co\/es\/producto\/protector-de-cuello-alpinestars-sequence-azul\/\" \/>\n<meta property=\"og:site_name\" content=\"Zamp Helmets | Helmet 28 EU\" \/>\n<meta property=\"article:modified_time\" content=\"2024-11-06T16:46:01+00:00\" \/>\n<meta property=\"og:image\" content=\"https:\/\/zamphelmets.co\/wp-content\/uploads\/2023\/11\/blue.jpeg\" \/>\n\t<meta property=\"og:image:width\" content=\"930\" \/>\n\t<meta property=\"og:image:height\" content=\"1000\" \/>\n\t<meta property=\"og:image:type\" content=\"image\/jpeg\" \/>\n<meta name=\"twitter:card\" content=\"summary_large_image\" \/>\n<meta name=\"twitter:label1\" content=\"Est. reading time\" \/>\n\t<meta name=\"twitter:data1\" content=\"1 minuto\" \/>\n<script type=\"application\/ld+json\" class=\"yoast-schema-graph\">{\"@context\":\"https:\/\/schema.org\",\"@graph\":[{\"@type\":\"WebPage\",\"@id\":\"https:\/\/zamphelmets.co\/es\/producto\/protector-de-cuello-alpinestars-sequence-azul\/\",\"url\":\"https:\/\/zamphelmets.co\/es\/producto\/protector-de-cuello-alpinestars-sequence-azul\/\",\"name\":\"Protector de Cuello Alpinestars SEQUENCE Azul - Zamp Helmets | Helmet 28 EU\",\"isPartOf\":{\"@id\":\"https:\/\/zamphelmets.co\/es\/#website\"},\"primaryImageOfPage\":{\"@id\":\"https:\/\/zamphelmets.co\/es\/producto\/protector-de-cuello-alpinestars-sequence-azul\/#primaryimage\"},\"image\":{\"@id\":\"https:\/\/zamphelmets.co\/es\/producto\/protector-de-cuello-alpinestars-sequence-azul\/#primaryimage\"},\"thumbnailUrl\":\"https:\/\/zamphelmets.co\/wp-content\/uploads\/2023\/11\/blue.jpeg\",\"datePublished\":\"2023-11-23T12:51:58+00:00\",\"dateModified\":\"2024-11-06T16:46:01+00:00\",\"description\":\"El protector de cuello juvenil Sequence est\u00e1 dise\u00f1ado y desarrollado espec\u00edficamente para los ciclistas m\u00e1s j\u00f3venes. Forma ergon\u00f3mica y dise\u00f1ada para adaptarse a ni\u00f1os de 6 a 14 a\u00f1os\",\"breadcrumb\":{\"@id\":\"https:\/\/zamphelmets.co\/es\/producto\/protector-de-cuello-alpinestars-sequence-azul\/#breadcrumb\"},\"inLanguage\":\"es\",\"potentialAction\":[{\"@type\":\"ReadAction\",\"target\":[\"https:\/\/zamphelmets.co\/es\/producto\/protector-de-cuello-alpinestars-sequence-azul\/\"]}]},{\"@type\":\"ImageObject\",\"inLanguage\":\"es\",\"@id\":\"https:\/\/zamphelmets.co\/es\/producto\/protector-de-cuello-alpinestars-sequence-azul\/#primaryimage\",\"url\":\"https:\/\/zamphelmets.co\/wp-content\/uploads\/2023\/11\/blue.jpeg\",\"contentUrl\":\"https:\/\/zamphelmets.co\/wp-content\/uploads\/2023\/11\/blue.jpeg\",\"width\":930,\"height\":1000},{\"@type\":\"BreadcrumbList\",\"@id\":\"https:\/\/zamphelmets.co\/es\/producto\/protector-de-cuello-alpinestars-sequence-azul\/#breadcrumb\",\"itemListElement\":[{\"@type\":\"ListItem\",\"position\":1,\"name\":\"Tienda\",\"item\":\"https:\/\/zamphelmets.co\/es\/tienda\/\"},{\"@type\":\"ListItem\",\"position\":2,\"name\":\"Protector de Cuello Alpinestars SEQUENCE Azul\"}]},{\"@type\":\"WebSite\",\"@id\":\"https:\/\/zamphelmets.co\/es\/#website\",\"url\":\"https:\/\/zamphelmets.co\/es\/\",\"name\":\"Zamp Helmets | Helmet 28 EU\",\"description\":\"High Quality Motorsport Helmets\",\"potentialAction\":[{\"@type\":\"SearchAction\",\"target\":{\"@type\":\"EntryPoint\",\"urlTemplate\":\"https:\/\/zamphelmets.co\/es\/?s={search_term_string}\"},\"query-input\":{\"@type\":\"PropertyValueSpecification\",\"valueRequired\":true,\"valueName\":\"search_term_string\"}}],\"inLanguage\":\"es\"}]}<\/script>\n<!-- \/ Yoast SEO plugin. -->","yoast_head_json":{"title":"Protector de Cuello Alpinestars SEQUENCE Azul - Zamp Helmets | Helmet 28 EU","description":"El protector de cuello juvenil Sequence est\u00e1 dise\u00f1ado y desarrollado espec\u00edficamente para los ciclistas m\u00e1s j\u00f3venes. Forma ergon\u00f3mica y dise\u00f1ada para adaptarse a ni\u00f1os de 6 a 14 a\u00f1os","robots":{"index":"index","follow":"follow","max-snippet":"max-snippet:-1","max-image-preview":"max-image-preview:large","max-video-preview":"max-video-preview:-1"},"canonical":"https:\/\/zamphelmets.co\/es\/producto\/protector-de-cuello-alpinestars-sequence-azul\/","og_locale":"es_ES","og_type":"article","og_title":"Protector de Cuello Alpinestars SEQUENCE Azul - Zamp Helmets | Helmet 28 EU","og_description":"El protector de cuello juvenil Sequence est\u00e1 dise\u00f1ado y desarrollado espec\u00edficamente para los ciclistas m\u00e1s j\u00f3venes. Forma ergon\u00f3mica y dise\u00f1ada para adaptarse a ni\u00f1os de 6 a 14 a\u00f1os","og_url":"https:\/\/zamphelmets.co\/es\/producto\/protector-de-cuello-alpinestars-sequence-azul\/","og_site_name":"Zamp Helmets | Helmet 28 EU","article_modified_time":"2024-11-06T16:46:01+00:00","og_image":[{"width":930,"height":1000,"url":"https:\/\/zamphelmets.co\/wp-content\/uploads\/2023\/11\/blue.jpeg","type":"image\/jpeg"}],"twitter_card":"summary_large_image","twitter_misc":{"Est. reading time":"1 minuto"},"schema":{"@context":"https:\/\/schema.org","@graph":[{"@type":"WebPage","@id":"https:\/\/zamphelmets.co\/es\/producto\/protector-de-cuello-alpinestars-sequence-azul\/","url":"https:\/\/zamphelmets.co\/es\/producto\/protector-de-cuello-alpinestars-sequence-azul\/","name":"Protector de Cuello Alpinestars SEQUENCE Azul - Zamp Helmets | Helmet 28 EU","isPartOf":{"@id":"https:\/\/zamphelmets.co\/es\/#website"},"primaryImageOfPage":{"@id":"https:\/\/zamphelmets.co\/es\/producto\/protector-de-cuello-alpinestars-sequence-azul\/#primaryimage"},"image":{"@id":"https:\/\/zamphelmets.co\/es\/producto\/protector-de-cuello-alpinestars-sequence-azul\/#primaryimage"},"thumbnailUrl":"https:\/\/zamphelmets.co\/wp-content\/uploads\/2023\/11\/blue.jpeg","datePublished":"2023-11-23T12:51:58+00:00","dateModified":"2024-11-06T16:46:01+00:00","description":"El protector de cuello juvenil Sequence est\u00e1 dise\u00f1ado y desarrollado espec\u00edficamente para los ciclistas m\u00e1s j\u00f3venes. Forma ergon\u00f3mica y dise\u00f1ada para adaptarse a ni\u00f1os de 6 a 14 a\u00f1os","breadcrumb":{"@id":"https:\/\/zamphelmets.co\/es\/producto\/protector-de-cuello-alpinestars-sequence-azul\/#breadcrumb"},"inLanguage":"es","potentialAction":[{"@type":"ReadAction","target":["https:\/\/zamphelmets.co\/es\/producto\/protector-de-cuello-alpinestars-sequence-azul\/"]}]},{"@type":"ImageObject","inLanguage":"es","@id":"https:\/\/zamphelmets.co\/es\/producto\/protector-de-cuello-alpinestars-sequence-azul\/#primaryimage","url":"https:\/\/zamphelmets.co\/wp-content\/uploads\/2023\/11\/blue.jpeg","contentUrl":"https:\/\/zamphelmets.co\/wp-content\/uploads\/2023\/11\/blue.jpeg","width":930,"height":1000},{"@type":"BreadcrumbList","@id":"https:\/\/zamphelmets.co\/es\/producto\/protector-de-cuello-alpinestars-sequence-azul\/#breadcrumb","itemListElement":[{"@type":"ListItem","position":1,"name":"Tienda","item":"https:\/\/zamphelmets.co\/es\/tienda\/"},{"@type":"ListItem","position":2,"name":"Protector de Cuello Alpinestars SEQUENCE Azul"}]},{"@type":"WebSite","@id":"https:\/\/zamphelmets.co\/es\/#website","url":"https:\/\/zamphelmets.co\/es\/","name":"Zamp Helmets | Helmet 28 EU","description":"High Quality Motorsport Helmets","potentialAction":[{"@type":"SearchAction","target":{"@type":"EntryPoint","urlTemplate":"https:\/\/zamphelmets.co\/es\/?s={search_term_string}"},"query-input":{"@type":"PropertyValueSpecification","valueRequired":true,"valueName":"search_term_string"}}],"inLanguage":"es"}]}},"_links":{"self":[{"href":"https:\/\/zamphelmets.co\/es\/wp-json\/wp\/v2\/product\/26977","targetHints":{"allow":["GET"]}}],"collection":[{"href":"https:\/\/zamphelmets.co\/es\/wp-json\/wp\/v2\/product"}],"about":[{"href":"https:\/\/zamphelmets.co\/es\/wp-json\/wp\/v2\/types\/product"}],"replies":[{"embeddable":true,"href":"https:\/\/zamphelmets.co\/es\/wp-json\/wp\/v2\/comments?post=26977"}],"wp:featuredmedia":[{"embeddable":true,"href":"https:\/\/zamphelmets.co\/es\/wp-json\/wp\/v2\/media\/26981"}],"wp:attachment":[{"href":"https:\/\/zamphelmets.co\/es\/wp-json\/wp\/v2\/media?parent=26977"}],"wp:term":[{"taxonomy":"product_brand","embeddable":true,"href":"https:\/\/zamphelmets.co\/es\/wp-json\/wp\/v2\/product_brand?post=26977"},{"taxonomy":"product_cat","embeddable":true,"href":"https:\/\/zamphelmets.co\/es\/wp-json\/wp\/v2\/product_cat?post=26977"},{"taxonomy":"product_tag","embeddable":true,"href":"https:\/\/zamphelmets.co\/es\/wp-json\/wp\/v2\/product_tag?post=26977"}],"curies":[{"name":"wp","href":"https:\/\/api.w.org\/{rel}","templated":true}]}}