{"id":26786,"date":"2023-12-19T11:55:04","date_gmt":"2023-12-19T11:55:04","guid":{"rendered":"https:\/\/zamphelmets.co\/product\/traje-de-competicion-zr-52f-negro\/"},"modified":"2023-12-19T11:55:04","modified_gmt":"2023-12-19T11:55:04","slug":"traje-de-competicion-zr-52f-negro","status":"publish","type":"product","link":"https:\/\/zamphelmets.co\/es\/producto\/traje-de-competicion-zr-52f-negro\/","title":{"rendered":"Traje de competici\u00f3n ZR-52F Negro"},"content":{"rendered":"<p>El nuevo traje ZAMP ZR-52F es un traje FIA de triple capa ultraligero, transpirable y de alta calidad. Ofrecen la norma FIA 8856-2018 m\u00e1s actualizada, y est\u00e1n disponibles en una amplia gama de tallas para adaptarse a todos los pilotos.<\/p>\n<ul>\n<li>Construcci\u00f3n ultraligera de 3 capas, en aramida suave, material ultraligero y transpirable de 290 g\/m\u00b2.\n<ul>\n<li>Capa exterior: 100% Aramida, 200gsm<\/li>\n<li>Capa intermedia: 70% Meta Aramida, 30% Para Aramida, 70gsm<\/li>\n<li>Capa interior: 95% Meta Aramida, 5% Para Aramida, 95gsm<\/li>\n<\/ul>\n<\/li>\n<li>Los paneles ULTRA-STRETCH a lo largo de la caja tor\u00e1cica, la parte inferior de la espalda, la entrepierna y los hombros proporcionan un ajuste natural: flexibilidad sin igual sin apelmazar<\/li>\n<li>Las costuras en \u00e1ngulo proporcionan un dise\u00f1o superatractivo<\/li>\n<li>Pierna recta y cintur\u00f3n ajustable<\/li>\n<li>Pu\u00f1os de aramida para un confort afelpado en tobillos y mu\u00f1ecas<\/li>\n<li>Los paneles flexibles de los hombros permiten una rotaci\u00f3n total de 360 grados de los hombros<\/li>\n<li>Certificado SFI 3.2A\/5 y FIA 8856-2018<\/li>\n<li>Valoraci\u00f3n TPP: 23,96<\/li>\n<li>Disponible en negro, gris, rojo o azul<\/li>\n<\/ul>\n<p><img decoding=\"async\" class=\"alignnone size-medium wp-image-10295 lazyload\" data-src=\"https:\/\/zamphelmets.eu\/wp-content\/uploads\/2023\/12\/SuitSizeChart_SlimFit_allmeasurements-204x300.jpeg\" alt=\"\" width=\"204\" height=\"300\" src=\"data:image\/svg+xml;base64,PHN2ZyB3aWR0aD0iMSIgaGVpZ2h0PSIxIiB4bWxucz0iaHR0cDovL3d3dy53My5vcmcvMjAwMC9zdmciPjwvc3ZnPg==\" style=\"--smush-placeholder-width: 204px; --smush-placeholder-aspect-ratio: 204\/300;\"><\/p>\n","protected":false},"excerpt":{"rendered":"<p>El nuevo traje ZAMP ZR-52F es un traje FIA de triple capa ultraligero, transpirable y de alta calidad. Ofrecen la norma FIA 8856-2018 m\u00e1s actualizada, y est\u00e1n disponibles en una amplia gama de tallas para adaptarse a todos los pilotos. Construcci\u00f3n ultraligera de 3 capas, en aramida suave, material ultraligero y transpirable de 290 g\/m\u00b2. [&hellip;]<\/p>\n","protected":false},"featured_media":26806,"comment_status":"open","ping_status":"closed","template":"","meta":{"_acf_changed":false,"_iconic_wsb_product_page_order_bump_ids":[[]],"_sku":["R10003"],"_iconic_wsb_product_page_bump_modal_ids":[[]]},"product_brand":[],"product_cat":[356,365],"product_tag":[],"class_list":{"0":"post-26786","1":"product","2":"type-product","3":"status-publish","4":"has-post-thumbnail","6":"product_cat-proteccion-ropa","7":"product_cat-trajes","9":"first","10":"onbackorder","11":"taxable","12":"shipping-taxable","13":"purchasable","14":"product-type-variable"},"acf":[],"yoast_head":"<!-- This site is optimized with the Yoast SEO plugin v27.0 - https:\/\/yoast.com\/product\/yoast-seo-wordpress\/ -->\n<title>Traje de competici\u00f3n ZR-52F Negro - Zamp Helmets | Helmet 28 EU<\/title>\n<meta name=\"robots\" content=\"index, follow, max-snippet:-1, max-image-preview:large, max-video-preview:-1\" \/>\n<link rel=\"canonical\" href=\"https:\/\/zamphelmets.co\/es\/producto\/traje-de-competicion-zr-52f-negro\/\" \/>\n<meta property=\"og:locale\" content=\"es_ES\" \/>\n<meta property=\"og:type\" content=\"article\" \/>\n<meta property=\"og:title\" content=\"Traje de competici\u00f3n ZR-52F Negro - Zamp Helmets | Helmet 28 EU\" \/>\n<meta property=\"og:description\" content=\"El nuevo traje ZAMP ZR-52F es un traje FIA de triple capa ultraligero, transpirable y de alta calidad. Ofrecen la norma FIA 8856-2018 m\u00e1s actualizada, y est\u00e1n disponibles en una amplia gama de tallas para adaptarse a todos los pilotos. Construcci\u00f3n ultraligera de 3 capas, en aramida suave, material ultraligero y transpirable de 290 g\/m\u00b2. [&hellip;]\" \/>\n<meta property=\"og:url\" content=\"https:\/\/zamphelmets.co\/es\/producto\/traje-de-competicion-zr-52f-negro\/\" \/>\n<meta property=\"og:site_name\" content=\"Zamp Helmets | Helmet 28 EU\" \/>\n<meta property=\"og:image\" content=\"https:\/\/zamphelmets.co\/wp-content\/uploads\/2023\/12\/R10003.jpeg\" \/>\n\t<meta property=\"og:image:width\" content=\"1000\" \/>\n\t<meta property=\"og:image:height\" content=\"1000\" \/>\n\t<meta property=\"og:image:type\" content=\"image\/jpeg\" \/>\n<meta name=\"twitter:card\" content=\"summary_large_image\" \/>\n<meta name=\"twitter:label1\" content=\"Est. reading time\" \/>\n\t<meta name=\"twitter:data1\" content=\"1 minuto\" \/>\n<script type=\"application\/ld+json\" class=\"yoast-schema-graph\">{\"@context\":\"https:\/\/schema.org\",\"@graph\":[{\"@type\":\"WebPage\",\"@id\":\"https:\/\/zamphelmets.co\/es\/producto\/traje-de-competicion-zr-52f-negro\/\",\"url\":\"https:\/\/zamphelmets.co\/es\/producto\/traje-de-competicion-zr-52f-negro\/\",\"name\":\"Traje de competici\u00f3n ZR-52F Negro - Zamp Helmets | Helmet 28 EU\",\"isPartOf\":{\"@id\":\"https:\/\/zamphelmets.co\/es\/#website\"},\"primaryImageOfPage\":{\"@id\":\"https:\/\/zamphelmets.co\/es\/producto\/traje-de-competicion-zr-52f-negro\/#primaryimage\"},\"image\":{\"@id\":\"https:\/\/zamphelmets.co\/es\/producto\/traje-de-competicion-zr-52f-negro\/#primaryimage\"},\"thumbnailUrl\":\"https:\/\/zamphelmets.co\/wp-content\/uploads\/2023\/12\/R10003.jpeg\",\"datePublished\":\"2023-12-19T11:55:04+00:00\",\"breadcrumb\":{\"@id\":\"https:\/\/zamphelmets.co\/es\/producto\/traje-de-competicion-zr-52f-negro\/#breadcrumb\"},\"inLanguage\":\"es\",\"potentialAction\":[{\"@type\":\"ReadAction\",\"target\":[\"https:\/\/zamphelmets.co\/es\/producto\/traje-de-competicion-zr-52f-negro\/\"]}]},{\"@type\":\"ImageObject\",\"inLanguage\":\"es\",\"@id\":\"https:\/\/zamphelmets.co\/es\/producto\/traje-de-competicion-zr-52f-negro\/#primaryimage\",\"url\":\"https:\/\/zamphelmets.co\/wp-content\/uploads\/2023\/12\/R10003.jpeg\",\"contentUrl\":\"https:\/\/zamphelmets.co\/wp-content\/uploads\/2023\/12\/R10003.jpeg\",\"width\":1000,\"height\":1000},{\"@type\":\"BreadcrumbList\",\"@id\":\"https:\/\/zamphelmets.co\/es\/producto\/traje-de-competicion-zr-52f-negro\/#breadcrumb\",\"itemListElement\":[{\"@type\":\"ListItem\",\"position\":1,\"name\":\"Tienda\",\"item\":\"https:\/\/zamphelmets.co\/es\/tienda\/\"},{\"@type\":\"ListItem\",\"position\":2,\"name\":\"Traje de competici\u00f3n ZR-52F Negro\"}]},{\"@type\":\"WebSite\",\"@id\":\"https:\/\/zamphelmets.co\/es\/#website\",\"url\":\"https:\/\/zamphelmets.co\/es\/\",\"name\":\"Zamp Helmets | Helmet 28 EU\",\"description\":\"High Quality Motorsport Helmets\",\"potentialAction\":[{\"@type\":\"SearchAction\",\"target\":{\"@type\":\"EntryPoint\",\"urlTemplate\":\"https:\/\/zamphelmets.co\/es\/?s={search_term_string}\"},\"query-input\":{\"@type\":\"PropertyValueSpecification\",\"valueRequired\":true,\"valueName\":\"search_term_string\"}}],\"inLanguage\":\"es\"}]}<\/script>\n<!-- \/ Yoast SEO plugin. -->","yoast_head_json":{"title":"Traje de competici\u00f3n ZR-52F Negro - Zamp Helmets | Helmet 28 EU","robots":{"index":"index","follow":"follow","max-snippet":"max-snippet:-1","max-image-preview":"max-image-preview:large","max-video-preview":"max-video-preview:-1"},"canonical":"https:\/\/zamphelmets.co\/es\/producto\/traje-de-competicion-zr-52f-negro\/","og_locale":"es_ES","og_type":"article","og_title":"Traje de competici\u00f3n ZR-52F Negro - Zamp Helmets | Helmet 28 EU","og_description":"El nuevo traje ZAMP ZR-52F es un traje FIA de triple capa ultraligero, transpirable y de alta calidad. Ofrecen la norma FIA 8856-2018 m\u00e1s actualizada, y est\u00e1n disponibles en una amplia gama de tallas para adaptarse a todos los pilotos. Construcci\u00f3n ultraligera de 3 capas, en aramida suave, material ultraligero y transpirable de 290 g\/m\u00b2. [&hellip;]","og_url":"https:\/\/zamphelmets.co\/es\/producto\/traje-de-competicion-zr-52f-negro\/","og_site_name":"Zamp Helmets | Helmet 28 EU","og_image":[{"width":1000,"height":1000,"url":"https:\/\/zamphelmets.co\/wp-content\/uploads\/2023\/12\/R10003.jpeg","type":"image\/jpeg"}],"twitter_card":"summary_large_image","twitter_misc":{"Est. reading time":"1 minuto"},"schema":{"@context":"https:\/\/schema.org","@graph":[{"@type":"WebPage","@id":"https:\/\/zamphelmets.co\/es\/producto\/traje-de-competicion-zr-52f-negro\/","url":"https:\/\/zamphelmets.co\/es\/producto\/traje-de-competicion-zr-52f-negro\/","name":"Traje de competici\u00f3n ZR-52F Negro - Zamp Helmets | Helmet 28 EU","isPartOf":{"@id":"https:\/\/zamphelmets.co\/es\/#website"},"primaryImageOfPage":{"@id":"https:\/\/zamphelmets.co\/es\/producto\/traje-de-competicion-zr-52f-negro\/#primaryimage"},"image":{"@id":"https:\/\/zamphelmets.co\/es\/producto\/traje-de-competicion-zr-52f-negro\/#primaryimage"},"thumbnailUrl":"https:\/\/zamphelmets.co\/wp-content\/uploads\/2023\/12\/R10003.jpeg","datePublished":"2023-12-19T11:55:04+00:00","breadcrumb":{"@id":"https:\/\/zamphelmets.co\/es\/producto\/traje-de-competicion-zr-52f-negro\/#breadcrumb"},"inLanguage":"es","potentialAction":[{"@type":"ReadAction","target":["https:\/\/zamphelmets.co\/es\/producto\/traje-de-competicion-zr-52f-negro\/"]}]},{"@type":"ImageObject","inLanguage":"es","@id":"https:\/\/zamphelmets.co\/es\/producto\/traje-de-competicion-zr-52f-negro\/#primaryimage","url":"https:\/\/zamphelmets.co\/wp-content\/uploads\/2023\/12\/R10003.jpeg","contentUrl":"https:\/\/zamphelmets.co\/wp-content\/uploads\/2023\/12\/R10003.jpeg","width":1000,"height":1000},{"@type":"BreadcrumbList","@id":"https:\/\/zamphelmets.co\/es\/producto\/traje-de-competicion-zr-52f-negro\/#breadcrumb","itemListElement":[{"@type":"ListItem","position":1,"name":"Tienda","item":"https:\/\/zamphelmets.co\/es\/tienda\/"},{"@type":"ListItem","position":2,"name":"Traje de competici\u00f3n ZR-52F Negro"}]},{"@type":"WebSite","@id":"https:\/\/zamphelmets.co\/es\/#website","url":"https:\/\/zamphelmets.co\/es\/","name":"Zamp Helmets | Helmet 28 EU","description":"High Quality Motorsport Helmets","potentialAction":[{"@type":"SearchAction","target":{"@type":"EntryPoint","urlTemplate":"https:\/\/zamphelmets.co\/es\/?s={search_term_string}"},"query-input":{"@type":"PropertyValueSpecification","valueRequired":true,"valueName":"search_term_string"}}],"inLanguage":"es"}]}},"_links":{"self":[{"href":"https:\/\/zamphelmets.co\/es\/wp-json\/wp\/v2\/product\/26786","targetHints":{"allow":["GET"]}}],"collection":[{"href":"https:\/\/zamphelmets.co\/es\/wp-json\/wp\/v2\/product"}],"about":[{"href":"https:\/\/zamphelmets.co\/es\/wp-json\/wp\/v2\/types\/product"}],"replies":[{"embeddable":true,"href":"https:\/\/zamphelmets.co\/es\/wp-json\/wp\/v2\/comments?post=26786"}],"wp:featuredmedia":[{"embeddable":true,"href":"https:\/\/zamphelmets.co\/es\/wp-json\/wp\/v2\/media\/26806"}],"wp:attachment":[{"href":"https:\/\/zamphelmets.co\/es\/wp-json\/wp\/v2\/media?parent=26786"}],"wp:term":[{"taxonomy":"product_brand","embeddable":true,"href":"https:\/\/zamphelmets.co\/es\/wp-json\/wp\/v2\/product_brand?post=26786"},{"taxonomy":"product_cat","embeddable":true,"href":"https:\/\/zamphelmets.co\/es\/wp-json\/wp\/v2\/product_cat?post=26786"},{"taxonomy":"product_tag","embeddable":true,"href":"https:\/\/zamphelmets.co\/es\/wp-json\/wp\/v2\/product_tag?post=26786"}],"curies":[{"name":"wp","href":"https:\/\/api.w.org\/{rel}","templated":true}]}}