{"id":26734,"date":"2023-12-04T15:58:13","date_gmt":"2023-12-04T15:58:13","guid":{"rendered":"https:\/\/zamphelmets.co\/product\/zr-72-negro-rojo-azul\/"},"modified":"2026-02-16T15:56:19","modified_gmt":"2026-02-16T15:56:19","slug":"zr-72-negro-rojo-azul","status":"publish","type":"product","link":"https:\/\/zamphelmets.co\/es\/producto\/zr-72-negro-rojo-azul\/","title":{"rendered":"ZR-72 Negro \/ Rojo \/ Azul"},"content":{"rendered":"<p>Zamp se enorgullece de anunciar el nuevo e impresionante Casco ZR-72 <strong>fabricado en Italia<\/strong>. Con un dise\u00f1o aerodin\u00e1mico \u00fanico e incre\u00edble, normas de seguridad avanzadas FIA 8859-2015 y Snell SA2020, y con una carcasa superligera. El casco ZR 72 presenta un gran flujo de aire e incluye una pantalla antivaho transparente.<\/p>\n<p>Las caracter\u00edsticas incluyen:<\/p>\n<ul>\n<li>Dise\u00f1o avanzado para una <strong>carcasa incre\u00edblemente ligera<\/strong><\/li>\n<li><strong>Carcasa aerodin\u00e1mica<\/strong> &#8211; m\u00e1s l\u00ednea de accesorios opcionales, incluido el aler\u00f3n superior trasero ajustable<\/li>\n<li>La entrada de aire superior te permite utilizar aire natural, aire forzado o enchufes de aire. Incluye dos piezas de ventilaci\u00f3n central que te permiten tener el flujo de aire ventilado o cerrado.<\/li>\n<li>Interior de felpa <strong>extra\u00edble\/lavable<\/strong>, ign\u00edfugo y ultrasuave, con espuma EPS para la barbilla<\/li>\n<li><strong>Pantalla antivaho transparente<\/strong> con postes desgarrables con postes centrales de 12,125 pulgadas utilizando postes desgarrables tipo banana<\/li>\n<li>Compatible con todos los escudos de la serie Z20.<\/li>\n<li><strong>Insertos M6<\/strong> para Apoyacabezas y Cuello<\/li>\n<li>Fabricado en Italia<\/li>\n<li><strong>FIA 8859-2015<\/strong> y <strong>Snell SA2020<\/strong><\/li>\n<\/ul>\n<p><a href=\"https:\/\/zamphelmets.co\/es\/explicacion-de-la-homologacion\/\"><strong>Explicaci\u00f3n de la homologaci\u00f3n<\/strong>: averigua qu\u00e9 homologaci\u00f3n necesitas<\/a><\/p>\n<p><a href=\"https:\/\/zamphelmets.co\/es\/postes-hans-dispositivos-hans-y-fhr\/\"><strong>FHR \/ Dispositivo HANS<\/strong>: \u00bfcu\u00e1ndo es necesario?<\/a><\/p>\n<p>Ten en cuenta que este casco tiene una calota exterior m\u00e1s ovalada y, por tanto, se ajusta un poco menos de lo que indica nuestra gu\u00eda habitual de tallas de cascos.<\/p>\n<p>&nbsp;<\/p>\n<p><img decoding=\"async\" class=\"alignnone wp-image-26355 size-full lazyload\" data-src=\"https:\/\/zamphelmets.co\/wp-content\/uploads\/2024\/03\/Zamp-Helmets-sizing-guide-4166-x-4166-px-1.png\" alt=\"\" width=\"500\" height=\"500\" data-srcset=\"https:\/\/zamphelmets.co\/wp-content\/uploads\/2024\/03\/Zamp-Helmets-sizing-guide-4166-x-4166-px-1.png 500w, https:\/\/zamphelmets.co\/wp-content\/uploads\/2024\/03\/Zamp-Helmets-sizing-guide-4166-x-4166-px-1-300x300.png 300w, https:\/\/zamphelmets.co\/wp-content\/uploads\/2024\/03\/Zamp-Helmets-sizing-guide-4166-x-4166-px-1-150x150.png 150w, https:\/\/zamphelmets.co\/wp-content\/uploads\/2024\/03\/Zamp-Helmets-sizing-guide-4166-x-4166-px-1-100x100.png 100w\" data-sizes=\"(max-width: 500px) 100vw, 500px\" src=\"data:image\/svg+xml;base64,PHN2ZyB3aWR0aD0iMSIgaGVpZ2h0PSIxIiB4bWxucz0iaHR0cDovL3d3dy53My5vcmcvMjAwMC9zdmciPjwvc3ZnPg==\" style=\"--smush-placeholder-width: 500px; --smush-placeholder-aspect-ratio: 500\/500;\" \/><\/p>\n<div id=\"product-10089\" class=\"product type-product post-10089 status-publish first instock product_cat-fia product_cat-snell-2020-sa2020 product_cat-zamp has-post-thumbnail taxable shipping-taxable purchasable product-type-variable\">\n<div class=\"woocommerce-tabs wc-tabs-wrapper\">\n<div id=\"tab-description\" class=\"woocommerce-Tabs-panel woocommerce-Tabs-panel--description panel entry-content wc-tab\" role=\"tabpanel\" aria-labelledby=\"tab-title-description\">\n<p><strong>\u00bfNo est\u00e1s seguro del tama\u00f1o? <\/strong><a href=\"https:\/\/form.jotform.com\/251263198513053\">Rellena nuestro formulario de tallas<\/a> y un miembro del equipo se pondr\u00e1 en contacto contigo para darte nuestras recomendaciones.<\/p>\n<\/div>\n<\/div>\n<\/div>\n","protected":false},"excerpt":{"rendered":"<p>Zamp se enorgullece de anunciar el nuevo e impresionante Casco ZR-72 fabricado en Italia. Con un dise\u00f1o aerodin\u00e1mico \u00fanico e incre\u00edble, normas de seguridad avanzadas FIA 8859-2015 y Snell SA2020, y con una carcasa superligera. El casco ZR 72 presenta un gran flujo de aire e incluye una pantalla antivaho transparente. Las caracter\u00edsticas incluyen: Dise\u00f1o [&hellip;]<\/p>\n","protected":false},"featured_media":26740,"comment_status":"open","ping_status":"closed","template":"","meta":{"_acf_changed":false,"_iconic_wsb_product_page_order_bump_ids":[[]],"_sku":["H778C44"],"_iconic_wsb_product_page_bump_modal_ids":[[]]},"product_brand":[],"product_cat":[369,376,360],"product_tag":[],"class_list":{"0":"post-26734","1":"product","2":"type-product","3":"status-publish","4":"has-post-thumbnail","6":"product_cat-fia-es","7":"product_cat-snell-2020-sa2020-es","8":"product_cat-zamp-es","10":"first","11":"instock","12":"taxable","13":"shipping-taxable","14":"purchasable","15":"product-type-variable"},"acf":[],"yoast_head":"<!-- This site is optimized with the Yoast SEO plugin v27.0 - https:\/\/yoast.com\/product\/yoast-seo-wordpress\/ -->\n<title>ZR-72 Negro \/ Rojo \/ Azul \u20ac515,83 - Zamp Helmets | Helmet 28 EU<\/title>\n<meta name=\"description\" content=\"El nuevo casco avanzado FIA 8859-2015 y Snell SA2020 de Zamp con carcasa superligera y pantalla antivaho transparente.\" \/>\n<meta name=\"robots\" content=\"index, follow, max-snippet:-1, max-image-preview:large, max-video-preview:-1\" \/>\n<link rel=\"canonical\" href=\"https:\/\/zamphelmets.co\/es\/producto\/zr-72-negro-rojo-azul\/\" \/>\n<meta property=\"og:locale\" content=\"es_ES\" \/>\n<meta property=\"og:type\" content=\"article\" \/>\n<meta property=\"og:title\" content=\"ZR-72 Negro \/ Rojo \/ Azul \u20ac515,83 - Zamp Helmets | Helmet 28 EU\" \/>\n<meta property=\"og:description\" content=\"El nuevo casco avanzado FIA 8859-2015 y Snell SA2020 de Zamp con carcasa superligera y pantalla antivaho transparente.\" \/>\n<meta property=\"og:url\" content=\"https:\/\/zamphelmets.co\/es\/producto\/zr-72-negro-rojo-azul\/\" \/>\n<meta property=\"og:site_name\" content=\"Zamp Helmets | Helmet 28 EU\" \/>\n<meta property=\"article:modified_time\" content=\"2026-02-16T15:56:19+00:00\" \/>\n<meta property=\"og:image\" content=\"https:\/\/zamphelmets.co\/wp-content\/uploads\/2023\/12\/H778C44.jpg\" \/>\n\t<meta property=\"og:image:width\" content=\"1000\" \/>\n\t<meta property=\"og:image:height\" content=\"1000\" \/>\n\t<meta property=\"og:image:type\" content=\"image\/jpeg\" \/>\n<meta name=\"twitter:card\" content=\"summary_large_image\" \/>\n<meta name=\"twitter:label1\" content=\"Est. reading time\" \/>\n\t<meta name=\"twitter:data1\" content=\"1 minuto\" \/>\n<script type=\"application\/ld+json\" class=\"yoast-schema-graph\">{\"@context\":\"https:\/\/schema.org\",\"@graph\":[{\"@type\":\"WebPage\",\"@id\":\"https:\/\/zamphelmets.co\/es\/producto\/zr-72-negro-rojo-azul\/\",\"url\":\"https:\/\/zamphelmets.co\/es\/producto\/zr-72-negro-rojo-azul\/\",\"name\":\"ZR-72 Negro \/ Rojo \/ Azul \u20ac515,83 - Zamp Helmets | Helmet 28 EU\",\"isPartOf\":{\"@id\":\"https:\/\/zamphelmets.co\/es\/#website\"},\"primaryImageOfPage\":{\"@id\":\"https:\/\/zamphelmets.co\/es\/producto\/zr-72-negro-rojo-azul\/#primaryimage\"},\"image\":{\"@id\":\"https:\/\/zamphelmets.co\/es\/producto\/zr-72-negro-rojo-azul\/#primaryimage\"},\"thumbnailUrl\":\"https:\/\/zamphelmets.co\/wp-content\/uploads\/2023\/12\/H778C44.jpg\",\"datePublished\":\"2023-12-04T15:58:13+00:00\",\"dateModified\":\"2026-02-16T15:56:19+00:00\",\"description\":\"El nuevo casco avanzado FIA 8859-2015 y Snell SA2020 de Zamp con carcasa superligera y pantalla antivaho transparente.\",\"breadcrumb\":{\"@id\":\"https:\/\/zamphelmets.co\/es\/producto\/zr-72-negro-rojo-azul\/#breadcrumb\"},\"inLanguage\":\"es\",\"potentialAction\":[{\"@type\":\"ReadAction\",\"target\":[\"https:\/\/zamphelmets.co\/es\/producto\/zr-72-negro-rojo-azul\/\"]}]},{\"@type\":\"ImageObject\",\"inLanguage\":\"es\",\"@id\":\"https:\/\/zamphelmets.co\/es\/producto\/zr-72-negro-rojo-azul\/#primaryimage\",\"url\":\"https:\/\/zamphelmets.co\/wp-content\/uploads\/2023\/12\/H778C44.jpg\",\"contentUrl\":\"https:\/\/zamphelmets.co\/wp-content\/uploads\/2023\/12\/H778C44.jpg\",\"width\":1000,\"height\":1000},{\"@type\":\"BreadcrumbList\",\"@id\":\"https:\/\/zamphelmets.co\/es\/producto\/zr-72-negro-rojo-azul\/#breadcrumb\",\"itemListElement\":[{\"@type\":\"ListItem\",\"position\":1,\"name\":\"Tienda\",\"item\":\"https:\/\/zamphelmets.co\/es\/tienda\/\"},{\"@type\":\"ListItem\",\"position\":2,\"name\":\"ZR-72 Negro \/ Rojo \/ Azul\"}]},{\"@type\":\"WebSite\",\"@id\":\"https:\/\/zamphelmets.co\/es\/#website\",\"url\":\"https:\/\/zamphelmets.co\/es\/\",\"name\":\"Zamp Helmets | Helmet 28 EU\",\"description\":\"High Quality Motorsport Helmets\",\"potentialAction\":[{\"@type\":\"SearchAction\",\"target\":{\"@type\":\"EntryPoint\",\"urlTemplate\":\"https:\/\/zamphelmets.co\/es\/?s={search_term_string}\"},\"query-input\":{\"@type\":\"PropertyValueSpecification\",\"valueRequired\":true,\"valueName\":\"search_term_string\"}}],\"inLanguage\":\"es\"}]}<\/script>\n<!-- \/ Yoast SEO plugin. -->","yoast_head_json":{"title":"ZR-72 Negro \/ Rojo \/ Azul \u20ac515,83 - Zamp Helmets | Helmet 28 EU","description":"El nuevo casco avanzado FIA 8859-2015 y Snell SA2020 de Zamp con carcasa superligera y pantalla antivaho transparente.","robots":{"index":"index","follow":"follow","max-snippet":"max-snippet:-1","max-image-preview":"max-image-preview:large","max-video-preview":"max-video-preview:-1"},"canonical":"https:\/\/zamphelmets.co\/es\/producto\/zr-72-negro-rojo-azul\/","og_locale":"es_ES","og_type":"article","og_title":"ZR-72 Negro \/ Rojo \/ Azul \u20ac515,83 - Zamp Helmets | Helmet 28 EU","og_description":"El nuevo casco avanzado FIA 8859-2015 y Snell SA2020 de Zamp con carcasa superligera y pantalla antivaho transparente.","og_url":"https:\/\/zamphelmets.co\/es\/producto\/zr-72-negro-rojo-azul\/","og_site_name":"Zamp Helmets | Helmet 28 EU","article_modified_time":"2026-02-16T15:56:19+00:00","og_image":[{"width":1000,"height":1000,"url":"https:\/\/zamphelmets.co\/wp-content\/uploads\/2023\/12\/H778C44.jpg","type":"image\/jpeg"}],"twitter_card":"summary_large_image","twitter_misc":{"Est. reading time":"1 minuto"},"schema":{"@context":"https:\/\/schema.org","@graph":[{"@type":"WebPage","@id":"https:\/\/zamphelmets.co\/es\/producto\/zr-72-negro-rojo-azul\/","url":"https:\/\/zamphelmets.co\/es\/producto\/zr-72-negro-rojo-azul\/","name":"ZR-72 Negro \/ Rojo \/ Azul \u20ac515,83 - Zamp Helmets | Helmet 28 EU","isPartOf":{"@id":"https:\/\/zamphelmets.co\/es\/#website"},"primaryImageOfPage":{"@id":"https:\/\/zamphelmets.co\/es\/producto\/zr-72-negro-rojo-azul\/#primaryimage"},"image":{"@id":"https:\/\/zamphelmets.co\/es\/producto\/zr-72-negro-rojo-azul\/#primaryimage"},"thumbnailUrl":"https:\/\/zamphelmets.co\/wp-content\/uploads\/2023\/12\/H778C44.jpg","datePublished":"2023-12-04T15:58:13+00:00","dateModified":"2026-02-16T15:56:19+00:00","description":"El nuevo casco avanzado FIA 8859-2015 y Snell SA2020 de Zamp con carcasa superligera y pantalla antivaho transparente.","breadcrumb":{"@id":"https:\/\/zamphelmets.co\/es\/producto\/zr-72-negro-rojo-azul\/#breadcrumb"},"inLanguage":"es","potentialAction":[{"@type":"ReadAction","target":["https:\/\/zamphelmets.co\/es\/producto\/zr-72-negro-rojo-azul\/"]}]},{"@type":"ImageObject","inLanguage":"es","@id":"https:\/\/zamphelmets.co\/es\/producto\/zr-72-negro-rojo-azul\/#primaryimage","url":"https:\/\/zamphelmets.co\/wp-content\/uploads\/2023\/12\/H778C44.jpg","contentUrl":"https:\/\/zamphelmets.co\/wp-content\/uploads\/2023\/12\/H778C44.jpg","width":1000,"height":1000},{"@type":"BreadcrumbList","@id":"https:\/\/zamphelmets.co\/es\/producto\/zr-72-negro-rojo-azul\/#breadcrumb","itemListElement":[{"@type":"ListItem","position":1,"name":"Tienda","item":"https:\/\/zamphelmets.co\/es\/tienda\/"},{"@type":"ListItem","position":2,"name":"ZR-72 Negro \/ Rojo \/ Azul"}]},{"@type":"WebSite","@id":"https:\/\/zamphelmets.co\/es\/#website","url":"https:\/\/zamphelmets.co\/es\/","name":"Zamp Helmets | Helmet 28 EU","description":"High Quality Motorsport Helmets","potentialAction":[{"@type":"SearchAction","target":{"@type":"EntryPoint","urlTemplate":"https:\/\/zamphelmets.co\/es\/?s={search_term_string}"},"query-input":{"@type":"PropertyValueSpecification","valueRequired":true,"valueName":"search_term_string"}}],"inLanguage":"es"}]}},"_links":{"self":[{"href":"https:\/\/zamphelmets.co\/es\/wp-json\/wp\/v2\/product\/26734","targetHints":{"allow":["GET"]}}],"collection":[{"href":"https:\/\/zamphelmets.co\/es\/wp-json\/wp\/v2\/product"}],"about":[{"href":"https:\/\/zamphelmets.co\/es\/wp-json\/wp\/v2\/types\/product"}],"replies":[{"embeddable":true,"href":"https:\/\/zamphelmets.co\/es\/wp-json\/wp\/v2\/comments?post=26734"}],"wp:featuredmedia":[{"embeddable":true,"href":"https:\/\/zamphelmets.co\/es\/wp-json\/wp\/v2\/media\/26740"}],"wp:attachment":[{"href":"https:\/\/zamphelmets.co\/es\/wp-json\/wp\/v2\/media?parent=26734"}],"wp:term":[{"taxonomy":"product_brand","embeddable":true,"href":"https:\/\/zamphelmets.co\/es\/wp-json\/wp\/v2\/product_brand?post=26734"},{"taxonomy":"product_cat","embeddable":true,"href":"https:\/\/zamphelmets.co\/es\/wp-json\/wp\/v2\/product_cat?post=26734"},{"taxonomy":"product_tag","embeddable":true,"href":"https:\/\/zamphelmets.co\/es\/wp-json\/wp\/v2\/product_tag?post=26734"}],"curies":[{"name":"wp","href":"https:\/\/api.w.org\/{rel}","templated":true}]}}