{"id":26727,"date":"2024-05-31T11:44:40","date_gmt":"2024-05-31T11:44:40","guid":{"rendered":"https:\/\/zamphelmets.co\/product\/traje-sparco-thunder-kart-rojo-negro\/"},"modified":"2024-11-06T16:02:13","modified_gmt":"2024-11-06T16:02:13","slug":"traje-sparco-thunder-kart-rojo-negro","status":"publish","type":"product","link":"https:\/\/zamphelmets.co\/es\/producto\/traje-sparco-thunder-kart-rojo-negro\/","title":{"rendered":"Traje Sparco Thunder Kart Rojo\/Negro"},"content":{"rendered":"<p>El Sparco Thunder es un mono de kart de nivel b\u00e1sico con caracter\u00edsticas que normalmente s\u00f3lo se encuentran en alternativas de mayor precio. Esto hace que tenga una excelente relaci\u00f3n calidad-precio y que sea ideal para cualquiera que se inicie en el karting.<\/p>\n<ul>\n<li>Los paneles el\u00e1sticos perforados proporcionan flujo de aire para ayudar a regular la temperatura corporal<\/li>\n<li>Los brazos precurvados reducen el amontonamiento de material en la posici\u00f3n de conducci\u00f3n<\/li>\n<li>Las mangas semiflotantes proporcionan libertad de movimiento<\/li>\n<\/ul>\n<p>El mono de kart Thunder ofrece rendimiento y comodidad a un precio asequible. La construcci\u00f3n de 2 capas presenta un gran panel el\u00e1stico en la zona lumbar para permitir la m\u00e1xima movilidad cuando est\u00e1s sentado en el kart. Los paneles el\u00e1sticos perforados en las axilas y en el interior de las piernas proporcionan transpirabilidad para ayudarte a mantenerte m\u00e1s fresca y c\u00f3moda. Los bolsillos ocultos y el cintur\u00f3n tradicional ayudan a completar el aspecto de este elegante mono de karting.<\/p>\n<p>Homologado CIK FIA Nivel 2<\/p>\n<p><img decoding=\"async\" class=\"alignnone wp-image-10046 lazyload\" data-src=\"https:\/\/zamphelmets.co\/wp-content\/uploads\/2024\/05\/sparco-racekartwear-kartsuits-nov23-176x300.webp\" alt=\"\" width=\"394\" height=\"672\" data-srcset=\"https:\/\/zamphelmets.co\/wp-content\/uploads\/2024\/05\/sparco-racekartwear-kartsuits-nov23-176x300.webp 176w, https:\/\/zamphelmets.co\/wp-content\/uploads\/2024\/05\/sparco-racekartwear-kartsuits-nov23-600x1025.webp 600w, https:\/\/zamphelmets.co\/wp-content\/uploads\/2024\/05\/sparco-racekartwear-kartsuits-nov23-768x1311.webp 768w, https:\/\/zamphelmets.co\/wp-content\/uploads\/2024\/05\/sparco-racekartwear-kartsuits-nov23-899x1536.webp 899w, https:\/\/zamphelmets.co\/wp-content\/uploads\/2024\/05\/sparco-racekartwear-kartsuits-nov23-1199x2048.webp 1199w, https:\/\/zamphelmets.co\/wp-content\/uploads\/2024\/05\/sparco-racekartwear-kartsuits-nov23-scaled.webp 1499w\" data-sizes=\"(max-width: 394px) 100vw, 394px\" src=\"data:image\/svg+xml;base64,PHN2ZyB3aWR0aD0iMSIgaGVpZ2h0PSIxIiB4bWxucz0iaHR0cDovL3d3dy53My5vcmcvMjAwMC9zdmciPjwvc3ZnPg==\" style=\"--smush-placeholder-width: 394px; --smush-placeholder-aspect-ratio: 394\/672;\" \/><\/p>\n","protected":false},"excerpt":{"rendered":"<p>El Sparco Thunder es un mono de kart de nivel b\u00e1sico con caracter\u00edsticas que normalmente s\u00f3lo se encuentran en alternativas de mayor precio. Esto hace que tenga una excelente relaci\u00f3n calidad-precio y que sea ideal para cualquiera que se inicie en el karting. Los paneles el\u00e1sticos perforados proporcionan flujo de aire para ayudar a regular [&hellip;]<\/p>\n","protected":false},"featured_media":26732,"comment_status":"open","ping_status":"closed","template":"","meta":{"_acf_changed":false,"_iconic_wsb_product_page_order_bump_ids":[[]],"_sku":["SKW002342BRSNR"],"_iconic_wsb_product_page_bump_modal_ids":[[]]},"product_brand":[],"product_cat":[356,365],"product_tag":[],"class_list":{"0":"post-26727","1":"product","2":"type-product","3":"status-publish","4":"has-post-thumbnail","6":"product_cat-proteccion-ropa","7":"product_cat-trajes","9":"first","10":"outofstock","11":"taxable","12":"shipping-taxable","13":"purchasable","14":"product-type-variable"},"acf":[],"yoast_head":"<!-- This site is optimized with the Yoast SEO plugin v27.0 - https:\/\/yoast.com\/product\/yoast-seo-wordpress\/ -->\n<title>Traje Sparco Thunder Kart Rojo\/Negro - Zamp Helmets | Helmet 28 EU<\/title>\n<meta name=\"description\" content=\"El Sparco Thunder es un mono de kart para principiantes que tiene una excelente relaci\u00f3n calidad-precio y es ideal para cualquiera que se inicie en el karting.\" \/>\n<meta name=\"robots\" content=\"index, follow, max-snippet:-1, max-image-preview:large, max-video-preview:-1\" \/>\n<link rel=\"canonical\" href=\"https:\/\/zamphelmets.co\/es\/producto\/traje-sparco-thunder-kart-rojo-negro\/\" \/>\n<meta property=\"og:locale\" content=\"es_ES\" \/>\n<meta property=\"og:type\" content=\"article\" \/>\n<meta property=\"og:title\" content=\"Traje Sparco Thunder Kart Rojo\/Negro - Zamp Helmets | Helmet 28 EU\" \/>\n<meta property=\"og:description\" content=\"El Sparco Thunder es un mono de kart para principiantes que tiene una excelente relaci\u00f3n calidad-precio y es ideal para cualquiera que se inicie en el karting.\" \/>\n<meta property=\"og:url\" content=\"https:\/\/zamphelmets.co\/es\/producto\/traje-sparco-thunder-kart-rojo-negro\/\" \/>\n<meta property=\"og:site_name\" content=\"Zamp Helmets | Helmet 28 EU\" \/>\n<meta property=\"article:modified_time\" content=\"2024-11-06T16:02:13+00:00\" \/>\n<meta property=\"og:image\" content=\"https:\/\/zamphelmets.co\/wp-content\/uploads\/2024\/05\/red.png\" \/>\n\t<meta property=\"og:image:width\" content=\"1000\" \/>\n\t<meta property=\"og:image:height\" content=\"997\" \/>\n\t<meta property=\"og:image:type\" content=\"image\/png\" \/>\n<meta name=\"twitter:card\" content=\"summary_large_image\" \/>\n<meta name=\"twitter:label1\" content=\"Est. reading time\" \/>\n\t<meta name=\"twitter:data1\" content=\"1 minuto\" \/>\n<script type=\"application\/ld+json\" class=\"yoast-schema-graph\">{\"@context\":\"https:\/\/schema.org\",\"@graph\":[{\"@type\":\"WebPage\",\"@id\":\"https:\/\/zamphelmets.co\/es\/producto\/traje-sparco-thunder-kart-rojo-negro\/\",\"url\":\"https:\/\/zamphelmets.co\/es\/producto\/traje-sparco-thunder-kart-rojo-negro\/\",\"name\":\"Traje Sparco Thunder Kart Rojo\/Negro - Zamp Helmets | Helmet 28 EU\",\"isPartOf\":{\"@id\":\"https:\/\/zamphelmets.co\/es\/#website\"},\"primaryImageOfPage\":{\"@id\":\"https:\/\/zamphelmets.co\/es\/producto\/traje-sparco-thunder-kart-rojo-negro\/#primaryimage\"},\"image\":{\"@id\":\"https:\/\/zamphelmets.co\/es\/producto\/traje-sparco-thunder-kart-rojo-negro\/#primaryimage\"},\"thumbnailUrl\":\"https:\/\/zamphelmets.co\/wp-content\/uploads\/2024\/05\/red.png\",\"datePublished\":\"2024-05-31T11:44:40+00:00\",\"dateModified\":\"2024-11-06T16:02:13+00:00\",\"description\":\"El Sparco Thunder es un mono de kart para principiantes que tiene una excelente relaci\u00f3n calidad-precio y es ideal para cualquiera que se inicie en el karting.\",\"breadcrumb\":{\"@id\":\"https:\/\/zamphelmets.co\/es\/producto\/traje-sparco-thunder-kart-rojo-negro\/#breadcrumb\"},\"inLanguage\":\"es\",\"potentialAction\":[{\"@type\":\"ReadAction\",\"target\":[\"https:\/\/zamphelmets.co\/es\/producto\/traje-sparco-thunder-kart-rojo-negro\/\"]}]},{\"@type\":\"ImageObject\",\"inLanguage\":\"es\",\"@id\":\"https:\/\/zamphelmets.co\/es\/producto\/traje-sparco-thunder-kart-rojo-negro\/#primaryimage\",\"url\":\"https:\/\/zamphelmets.co\/wp-content\/uploads\/2024\/05\/red.png\",\"contentUrl\":\"https:\/\/zamphelmets.co\/wp-content\/uploads\/2024\/05\/red.png\",\"width\":1000,\"height\":997},{\"@type\":\"BreadcrumbList\",\"@id\":\"https:\/\/zamphelmets.co\/es\/producto\/traje-sparco-thunder-kart-rojo-negro\/#breadcrumb\",\"itemListElement\":[{\"@type\":\"ListItem\",\"position\":1,\"name\":\"Tienda\",\"item\":\"https:\/\/zamphelmets.co\/es\/tienda\/\"},{\"@type\":\"ListItem\",\"position\":2,\"name\":\"Traje Sparco Thunder Kart Rojo\/Negro\"}]},{\"@type\":\"WebSite\",\"@id\":\"https:\/\/zamphelmets.co\/es\/#website\",\"url\":\"https:\/\/zamphelmets.co\/es\/\",\"name\":\"Zamp Helmets | Helmet 28 EU\",\"description\":\"High Quality Motorsport Helmets\",\"potentialAction\":[{\"@type\":\"SearchAction\",\"target\":{\"@type\":\"EntryPoint\",\"urlTemplate\":\"https:\/\/zamphelmets.co\/es\/?s={search_term_string}\"},\"query-input\":{\"@type\":\"PropertyValueSpecification\",\"valueRequired\":true,\"valueName\":\"search_term_string\"}}],\"inLanguage\":\"es\"}]}<\/script>\n<!-- \/ Yoast SEO plugin. -->","yoast_head_json":{"title":"Traje Sparco Thunder Kart Rojo\/Negro - Zamp Helmets | Helmet 28 EU","description":"El Sparco Thunder es un mono de kart para principiantes que tiene una excelente relaci\u00f3n calidad-precio y es ideal para cualquiera que se inicie en el karting.","robots":{"index":"index","follow":"follow","max-snippet":"max-snippet:-1","max-image-preview":"max-image-preview:large","max-video-preview":"max-video-preview:-1"},"canonical":"https:\/\/zamphelmets.co\/es\/producto\/traje-sparco-thunder-kart-rojo-negro\/","og_locale":"es_ES","og_type":"article","og_title":"Traje Sparco Thunder Kart Rojo\/Negro - Zamp Helmets | Helmet 28 EU","og_description":"El Sparco Thunder es un mono de kart para principiantes que tiene una excelente relaci\u00f3n calidad-precio y es ideal para cualquiera que se inicie en el karting.","og_url":"https:\/\/zamphelmets.co\/es\/producto\/traje-sparco-thunder-kart-rojo-negro\/","og_site_name":"Zamp Helmets | Helmet 28 EU","article_modified_time":"2024-11-06T16:02:13+00:00","og_image":[{"width":1000,"height":997,"url":"https:\/\/zamphelmets.co\/wp-content\/uploads\/2024\/05\/red.png","type":"image\/png"}],"twitter_card":"summary_large_image","twitter_misc":{"Est. reading time":"1 minuto"},"schema":{"@context":"https:\/\/schema.org","@graph":[{"@type":"WebPage","@id":"https:\/\/zamphelmets.co\/es\/producto\/traje-sparco-thunder-kart-rojo-negro\/","url":"https:\/\/zamphelmets.co\/es\/producto\/traje-sparco-thunder-kart-rojo-negro\/","name":"Traje Sparco Thunder Kart Rojo\/Negro - Zamp Helmets | Helmet 28 EU","isPartOf":{"@id":"https:\/\/zamphelmets.co\/es\/#website"},"primaryImageOfPage":{"@id":"https:\/\/zamphelmets.co\/es\/producto\/traje-sparco-thunder-kart-rojo-negro\/#primaryimage"},"image":{"@id":"https:\/\/zamphelmets.co\/es\/producto\/traje-sparco-thunder-kart-rojo-negro\/#primaryimage"},"thumbnailUrl":"https:\/\/zamphelmets.co\/wp-content\/uploads\/2024\/05\/red.png","datePublished":"2024-05-31T11:44:40+00:00","dateModified":"2024-11-06T16:02:13+00:00","description":"El Sparco Thunder es un mono de kart para principiantes que tiene una excelente relaci\u00f3n calidad-precio y es ideal para cualquiera que se inicie en el karting.","breadcrumb":{"@id":"https:\/\/zamphelmets.co\/es\/producto\/traje-sparco-thunder-kart-rojo-negro\/#breadcrumb"},"inLanguage":"es","potentialAction":[{"@type":"ReadAction","target":["https:\/\/zamphelmets.co\/es\/producto\/traje-sparco-thunder-kart-rojo-negro\/"]}]},{"@type":"ImageObject","inLanguage":"es","@id":"https:\/\/zamphelmets.co\/es\/producto\/traje-sparco-thunder-kart-rojo-negro\/#primaryimage","url":"https:\/\/zamphelmets.co\/wp-content\/uploads\/2024\/05\/red.png","contentUrl":"https:\/\/zamphelmets.co\/wp-content\/uploads\/2024\/05\/red.png","width":1000,"height":997},{"@type":"BreadcrumbList","@id":"https:\/\/zamphelmets.co\/es\/producto\/traje-sparco-thunder-kart-rojo-negro\/#breadcrumb","itemListElement":[{"@type":"ListItem","position":1,"name":"Tienda","item":"https:\/\/zamphelmets.co\/es\/tienda\/"},{"@type":"ListItem","position":2,"name":"Traje Sparco Thunder Kart Rojo\/Negro"}]},{"@type":"WebSite","@id":"https:\/\/zamphelmets.co\/es\/#website","url":"https:\/\/zamphelmets.co\/es\/","name":"Zamp Helmets | Helmet 28 EU","description":"High Quality Motorsport Helmets","potentialAction":[{"@type":"SearchAction","target":{"@type":"EntryPoint","urlTemplate":"https:\/\/zamphelmets.co\/es\/?s={search_term_string}"},"query-input":{"@type":"PropertyValueSpecification","valueRequired":true,"valueName":"search_term_string"}}],"inLanguage":"es"}]}},"_links":{"self":[{"href":"https:\/\/zamphelmets.co\/es\/wp-json\/wp\/v2\/product\/26727","targetHints":{"allow":["GET"]}}],"collection":[{"href":"https:\/\/zamphelmets.co\/es\/wp-json\/wp\/v2\/product"}],"about":[{"href":"https:\/\/zamphelmets.co\/es\/wp-json\/wp\/v2\/types\/product"}],"replies":[{"embeddable":true,"href":"https:\/\/zamphelmets.co\/es\/wp-json\/wp\/v2\/comments?post=26727"}],"wp:featuredmedia":[{"embeddable":true,"href":"https:\/\/zamphelmets.co\/es\/wp-json\/wp\/v2\/media\/26732"}],"wp:attachment":[{"href":"https:\/\/zamphelmets.co\/es\/wp-json\/wp\/v2\/media?parent=26727"}],"wp:term":[{"taxonomy":"product_brand","embeddable":true,"href":"https:\/\/zamphelmets.co\/es\/wp-json\/wp\/v2\/product_brand?post=26727"},{"taxonomy":"product_cat","embeddable":true,"href":"https:\/\/zamphelmets.co\/es\/wp-json\/wp\/v2\/product_cat?post=26727"},{"taxonomy":"product_tag","embeddable":true,"href":"https:\/\/zamphelmets.co\/es\/wp-json\/wp\/v2\/product_tag?post=26727"}],"curies":[{"name":"wp","href":"https:\/\/api.w.org\/{rel}","templated":true}]}}