{"id":26722,"date":"2024-03-08T16:36:02","date_gmt":"2024-03-08T16:36:02","guid":{"rendered":"https:\/\/zamphelmets.co\/product\/tapon-de-ventilacion-rz-negro\/"},"modified":"2026-02-16T15:54:49","modified_gmt":"2026-02-16T15:54:49","slug":"tapon-de-ventilacion-rz-negro","status":"publish","type":"product","link":"https:\/\/zamphelmets.co\/es\/producto\/tapon-de-ventilacion-rz-negro\/","title":{"rendered":"Tap\u00f3n de ventilaci\u00f3n RZ &#8211; Negro"},"content":{"rendered":"<p>El tap\u00f3n de ventilaci\u00f3n RZ se puede utilizar para taponar la pala superior transparente.<\/p>\n","protected":false},"excerpt":{"rendered":"<p>El tap\u00f3n de ventilaci\u00f3n RZ se puede utilizar para taponar la pala superior transparente.<\/p>\n","protected":false},"featured_media":26726,"comment_status":"open","ping_status":"closed","template":"","meta":{"_acf_changed":false,"_iconic_wsb_product_page_order_bump_ids":[[]],"_sku":["HTP22003V"],"_iconic_wsb_product_page_bump_modal_ids":[[]]},"product_brand":[],"product_cat":[372,360],"product_tag":[],"class_list":{"0":"post-26722","1":"product","2":"type-product","3":"status-publish","4":"has-post-thumbnail","6":"product_cat-accesorios","7":"product_cat-zamp-es","9":"first","10":"instock","11":"taxable","12":"shipping-taxable","13":"purchasable","14":"product-type-simple"},"acf":[],"yoast_head":"<!-- This site is optimized with the Yoast SEO plugin v27.0 - https:\/\/yoast.com\/product\/yoast-seo-wordpress\/ -->\n<title>Tap\u00f3n de ventilaci\u00f3n RZ - Negro - Zamp Helmets | Helmet 28 EU<\/title>\n<meta name=\"robots\" content=\"index, follow, max-snippet:-1, max-image-preview:large, max-video-preview:-1\" \/>\n<link rel=\"canonical\" href=\"https:\/\/zamphelmets.co\/es\/producto\/tapon-de-ventilacion-rz-negro\/\" \/>\n<meta property=\"og:locale\" content=\"es_ES\" \/>\n<meta property=\"og:type\" content=\"article\" \/>\n<meta property=\"og:title\" content=\"Tap\u00f3n de ventilaci\u00f3n RZ - Negro - Zamp Helmets | Helmet 28 EU\" \/>\n<meta property=\"og:description\" content=\"El tap\u00f3n de ventilaci\u00f3n RZ se puede utilizar para taponar la pala superior transparente.\" \/>\n<meta property=\"og:url\" content=\"https:\/\/zamphelmets.co\/es\/producto\/tapon-de-ventilacion-rz-negro\/\" \/>\n<meta property=\"og:site_name\" content=\"Zamp Helmets | Helmet 28 EU\" \/>\n<meta property=\"article:modified_time\" content=\"2026-02-16T15:54:49+00:00\" \/>\n<meta property=\"og:image\" content=\"https:\/\/zamphelmets.co\/wp-content\/uploads\/2024\/03\/HTP22003V201.jpeg\" \/>\n\t<meta property=\"og:image:width\" content=\"1000\" \/>\n\t<meta property=\"og:image:height\" content=\"1000\" \/>\n\t<meta property=\"og:image:type\" content=\"image\/jpeg\" \/>\n<meta name=\"twitter:card\" content=\"summary_large_image\" \/>\n<script type=\"application\/ld+json\" class=\"yoast-schema-graph\">{\"@context\":\"https:\/\/schema.org\",\"@graph\":[{\"@type\":\"WebPage\",\"@id\":\"https:\/\/zamphelmets.co\/es\/producto\/tapon-de-ventilacion-rz-negro\/\",\"url\":\"https:\/\/zamphelmets.co\/es\/producto\/tapon-de-ventilacion-rz-negro\/\",\"name\":\"Tap\u00f3n de ventilaci\u00f3n RZ - Negro - Zamp Helmets | Helmet 28 EU\",\"isPartOf\":{\"@id\":\"https:\/\/zamphelmets.co\/es\/#website\"},\"primaryImageOfPage\":{\"@id\":\"https:\/\/zamphelmets.co\/es\/producto\/tapon-de-ventilacion-rz-negro\/#primaryimage\"},\"image\":{\"@id\":\"https:\/\/zamphelmets.co\/es\/producto\/tapon-de-ventilacion-rz-negro\/#primaryimage\"},\"thumbnailUrl\":\"https:\/\/zamphelmets.co\/wp-content\/uploads\/2024\/03\/HTP22003V201.jpeg\",\"datePublished\":\"2024-03-08T16:36:02+00:00\",\"dateModified\":\"2026-02-16T15:54:49+00:00\",\"breadcrumb\":{\"@id\":\"https:\/\/zamphelmets.co\/es\/producto\/tapon-de-ventilacion-rz-negro\/#breadcrumb\"},\"inLanguage\":\"es\",\"potentialAction\":[{\"@type\":\"ReadAction\",\"target\":[\"https:\/\/zamphelmets.co\/es\/producto\/tapon-de-ventilacion-rz-negro\/\"]}]},{\"@type\":\"ImageObject\",\"inLanguage\":\"es\",\"@id\":\"https:\/\/zamphelmets.co\/es\/producto\/tapon-de-ventilacion-rz-negro\/#primaryimage\",\"url\":\"https:\/\/zamphelmets.co\/wp-content\/uploads\/2024\/03\/HTP22003V201.jpeg\",\"contentUrl\":\"https:\/\/zamphelmets.co\/wp-content\/uploads\/2024\/03\/HTP22003V201.jpeg\",\"width\":1000,\"height\":1000},{\"@type\":\"BreadcrumbList\",\"@id\":\"https:\/\/zamphelmets.co\/es\/producto\/tapon-de-ventilacion-rz-negro\/#breadcrumb\",\"itemListElement\":[{\"@type\":\"ListItem\",\"position\":1,\"name\":\"Tienda\",\"item\":\"https:\/\/zamphelmets.co\/es\/tienda\/\"},{\"@type\":\"ListItem\",\"position\":2,\"name\":\"Tap\u00f3n de ventilaci\u00f3n RZ &#8211; Negro\"}]},{\"@type\":\"WebSite\",\"@id\":\"https:\/\/zamphelmets.co\/es\/#website\",\"url\":\"https:\/\/zamphelmets.co\/es\/\",\"name\":\"Zamp Helmets | Helmet 28 EU\",\"description\":\"High Quality Motorsport Helmets\",\"potentialAction\":[{\"@type\":\"SearchAction\",\"target\":{\"@type\":\"EntryPoint\",\"urlTemplate\":\"https:\/\/zamphelmets.co\/es\/?s={search_term_string}\"},\"query-input\":{\"@type\":\"PropertyValueSpecification\",\"valueRequired\":true,\"valueName\":\"search_term_string\"}}],\"inLanguage\":\"es\"}]}<\/script>\n<!-- \/ Yoast SEO plugin. -->","yoast_head_json":{"title":"Tap\u00f3n de ventilaci\u00f3n RZ - Negro - Zamp Helmets | Helmet 28 EU","robots":{"index":"index","follow":"follow","max-snippet":"max-snippet:-1","max-image-preview":"max-image-preview:large","max-video-preview":"max-video-preview:-1"},"canonical":"https:\/\/zamphelmets.co\/es\/producto\/tapon-de-ventilacion-rz-negro\/","og_locale":"es_ES","og_type":"article","og_title":"Tap\u00f3n de ventilaci\u00f3n RZ - Negro - Zamp Helmets | Helmet 28 EU","og_description":"El tap\u00f3n de ventilaci\u00f3n RZ se puede utilizar para taponar la pala superior transparente.","og_url":"https:\/\/zamphelmets.co\/es\/producto\/tapon-de-ventilacion-rz-negro\/","og_site_name":"Zamp Helmets | Helmet 28 EU","article_modified_time":"2026-02-16T15:54:49+00:00","og_image":[{"width":1000,"height":1000,"url":"https:\/\/zamphelmets.co\/wp-content\/uploads\/2024\/03\/HTP22003V201.jpeg","type":"image\/jpeg"}],"twitter_card":"summary_large_image","schema":{"@context":"https:\/\/schema.org","@graph":[{"@type":"WebPage","@id":"https:\/\/zamphelmets.co\/es\/producto\/tapon-de-ventilacion-rz-negro\/","url":"https:\/\/zamphelmets.co\/es\/producto\/tapon-de-ventilacion-rz-negro\/","name":"Tap\u00f3n de ventilaci\u00f3n RZ - Negro - Zamp Helmets | Helmet 28 EU","isPartOf":{"@id":"https:\/\/zamphelmets.co\/es\/#website"},"primaryImageOfPage":{"@id":"https:\/\/zamphelmets.co\/es\/producto\/tapon-de-ventilacion-rz-negro\/#primaryimage"},"image":{"@id":"https:\/\/zamphelmets.co\/es\/producto\/tapon-de-ventilacion-rz-negro\/#primaryimage"},"thumbnailUrl":"https:\/\/zamphelmets.co\/wp-content\/uploads\/2024\/03\/HTP22003V201.jpeg","datePublished":"2024-03-08T16:36:02+00:00","dateModified":"2026-02-16T15:54:49+00:00","breadcrumb":{"@id":"https:\/\/zamphelmets.co\/es\/producto\/tapon-de-ventilacion-rz-negro\/#breadcrumb"},"inLanguage":"es","potentialAction":[{"@type":"ReadAction","target":["https:\/\/zamphelmets.co\/es\/producto\/tapon-de-ventilacion-rz-negro\/"]}]},{"@type":"ImageObject","inLanguage":"es","@id":"https:\/\/zamphelmets.co\/es\/producto\/tapon-de-ventilacion-rz-negro\/#primaryimage","url":"https:\/\/zamphelmets.co\/wp-content\/uploads\/2024\/03\/HTP22003V201.jpeg","contentUrl":"https:\/\/zamphelmets.co\/wp-content\/uploads\/2024\/03\/HTP22003V201.jpeg","width":1000,"height":1000},{"@type":"BreadcrumbList","@id":"https:\/\/zamphelmets.co\/es\/producto\/tapon-de-ventilacion-rz-negro\/#breadcrumb","itemListElement":[{"@type":"ListItem","position":1,"name":"Tienda","item":"https:\/\/zamphelmets.co\/es\/tienda\/"},{"@type":"ListItem","position":2,"name":"Tap\u00f3n de ventilaci\u00f3n RZ &#8211; Negro"}]},{"@type":"WebSite","@id":"https:\/\/zamphelmets.co\/es\/#website","url":"https:\/\/zamphelmets.co\/es\/","name":"Zamp Helmets | Helmet 28 EU","description":"High Quality Motorsport Helmets","potentialAction":[{"@type":"SearchAction","target":{"@type":"EntryPoint","urlTemplate":"https:\/\/zamphelmets.co\/es\/?s={search_term_string}"},"query-input":{"@type":"PropertyValueSpecification","valueRequired":true,"valueName":"search_term_string"}}],"inLanguage":"es"}]}},"_links":{"self":[{"href":"https:\/\/zamphelmets.co\/es\/wp-json\/wp\/v2\/product\/26722","targetHints":{"allow":["GET"]}}],"collection":[{"href":"https:\/\/zamphelmets.co\/es\/wp-json\/wp\/v2\/product"}],"about":[{"href":"https:\/\/zamphelmets.co\/es\/wp-json\/wp\/v2\/types\/product"}],"replies":[{"embeddable":true,"href":"https:\/\/zamphelmets.co\/es\/wp-json\/wp\/v2\/comments?post=26722"}],"wp:featuredmedia":[{"embeddable":true,"href":"https:\/\/zamphelmets.co\/es\/wp-json\/wp\/v2\/media\/26726"}],"wp:attachment":[{"href":"https:\/\/zamphelmets.co\/es\/wp-json\/wp\/v2\/media?parent=26722"}],"wp:term":[{"taxonomy":"product_brand","embeddable":true,"href":"https:\/\/zamphelmets.co\/es\/wp-json\/wp\/v2\/product_brand?post=26722"},{"taxonomy":"product_cat","embeddable":true,"href":"https:\/\/zamphelmets.co\/es\/wp-json\/wp\/v2\/product_cat?post=26722"},{"taxonomy":"product_tag","embeddable":true,"href":"https:\/\/zamphelmets.co\/es\/wp-json\/wp\/v2\/product_tag?post=26722"}],"curies":[{"name":"wp","href":"https:\/\/api.w.org\/{rel}","templated":true}]}}