{"id":26676,"date":"2024-05-31T11:45:19","date_gmt":"2024-05-31T11:45:19","guid":{"rendered":"https:\/\/zamphelmets.co\/product\/botas-de-kart-sparco-k-pole-negro\/"},"modified":"2024-11-06T16:05:03","modified_gmt":"2024-11-06T16:05:03","slug":"botas-de-kart-sparco-k-pole-negro","status":"publish","type":"product","link":"https:\/\/zamphelmets.co\/es\/producto\/botas-de-kart-sparco-k-pole-negro\/","title":{"rendered":"Botas de Kart Sparco K-Pole Negro"},"content":{"rendered":"<p>Las botas de kart Sparco K-Pole ofrecen estilo y comodidad a un precio excelente. El dise\u00f1o de corte medio presenta una parte superior de piel de microfibra perforada que permite la circulaci\u00f3n del aire, manteniendo tus pies m\u00e1s frescos y c\u00f3modos.<\/p>\n<ul>\n<li>Proporciona un nivel de ajuste y comodidad que normalmente s\u00f3lo se encuentra en botas m\u00e1s caras<\/li>\n<li>La parte superior perforada permite la transpiraci\u00f3n para mantener los pies m\u00e1s frescos y reducir la sudoraci\u00f3n<\/li>\n<li>Tal\u00f3n redise\u00f1ado para reducir la fatiga y mejorar el apoyo<\/li>\n<li>La suela de goma de alta tecnolog\u00eda proporciona un agarre y un tacto \u00f3ptimos en los pedales<\/li>\n<\/ul>\n<p>Las botas de kart K-Pole est\u00e1n disponibles en una gama de colores llamativos y con un dise\u00f1o moderno. Adem\u00e1s de las caracter\u00edsticas de rendimiento enumeradas anteriormente, estas botas tambi\u00e9n incluyen fuelles en el tal\u00f3n para facilitar el ajuste y mejorar la comodidad. El sistema de cordones externos proporciona un ajuste ce\u00f1ido y seguro.<\/p>\n<p><img decoding=\"async\" class=\"alignnone wp-image-10051 lazyload\" data-src=\"https:\/\/zamphelmets.co\/wp-content\/uploads\/2024\/05\/Screenshot-2024-05-31-at-14.39.05-247x300.png\" alt=\"\" width=\"445\" height=\"540\" data-srcset=\"https:\/\/zamphelmets.co\/wp-content\/uploads\/2024\/05\/Screenshot-2024-05-31-at-14.39.05-247x300.png 247w, https:\/\/zamphelmets.co\/wp-content\/uploads\/2024\/05\/Screenshot-2024-05-31-at-14.39.05-844x1024.png 844w, https:\/\/zamphelmets.co\/wp-content\/uploads\/2024\/05\/Screenshot-2024-05-31-at-14.39.05-768x932.png 768w, https:\/\/zamphelmets.co\/wp-content\/uploads\/2024\/05\/Screenshot-2024-05-31-at-14.39.05-600x728.png 600w, https:\/\/zamphelmets.co\/wp-content\/uploads\/2024\/05\/Screenshot-2024-05-31-at-14.39.05.png 982w\" data-sizes=\"(max-width: 445px) 100vw, 445px\" src=\"data:image\/svg+xml;base64,PHN2ZyB3aWR0aD0iMSIgaGVpZ2h0PSIxIiB4bWxucz0iaHR0cDovL3d3dy53My5vcmcvMjAwMC9zdmciPjwvc3ZnPg==\" style=\"--smush-placeholder-width: 445px; --smush-placeholder-aspect-ratio: 445\/540;\" \/><\/p>\n","protected":false},"excerpt":{"rendered":"<p>Las botas de kart Sparco K-Pole ofrecen estilo y comodidad a un precio excelente. El dise\u00f1o de corte medio presenta una parte superior de piel de microfibra perforada que permite la circulaci\u00f3n del aire, manteniendo tus pies m\u00e1s frescos y c\u00f3modos. Proporciona un nivel de ajuste y comodidad que normalmente s\u00f3lo se encuentra en botas [&hellip;]<\/p>\n","protected":false},"featured_media":26695,"comment_status":"open","ping_status":"closed","template":"","meta":{"_acf_changed":false,"_iconic_wsb_product_page_order_bump_ids":[[]],"_sku":["SKW001269NRNR"],"_iconic_wsb_product_page_bump_modal_ids":[[]]},"product_brand":[],"product_cat":[363,356],"product_tag":[],"class_list":{"0":"post-26676","1":"product","2":"type-product","3":"status-publish","4":"has-post-thumbnail","6":"product_cat-botas-es","7":"product_cat-proteccion-ropa","9":"first","10":"instock","11":"taxable","12":"shipping-taxable","13":"purchasable","14":"product-type-variable"},"acf":[],"yoast_head":"<!-- This site is optimized with the Yoast SEO plugin v27.0 - https:\/\/yoast.com\/product\/yoast-seo-wordpress\/ -->\n<title>Botas de Kart Sparco K-Pole Negro - Zamp Helmets | Helmet 28 EU<\/title>\n<meta name=\"description\" content=\"Las botas de kart Sparco K-Pole ofrecen a la vez estilo y comodidad, manteniendo tus pies m\u00e1s frescos y c\u00f3modos a un precio excelente.\" \/>\n<meta name=\"robots\" content=\"index, follow, max-snippet:-1, max-image-preview:large, max-video-preview:-1\" \/>\n<link rel=\"canonical\" href=\"https:\/\/zamphelmets.co\/es\/producto\/botas-de-kart-sparco-k-pole-negro\/\" \/>\n<meta property=\"og:locale\" content=\"es_ES\" \/>\n<meta property=\"og:type\" content=\"article\" \/>\n<meta property=\"og:title\" content=\"Botas de Kart Sparco K-Pole Negro - Zamp Helmets | Helmet 28 EU\" \/>\n<meta property=\"og:description\" content=\"Las botas de kart Sparco K-Pole ofrecen a la vez estilo y comodidad, manteniendo tus pies m\u00e1s frescos y c\u00f3modos a un precio excelente.\" \/>\n<meta property=\"og:url\" content=\"https:\/\/zamphelmets.co\/es\/producto\/botas-de-kart-sparco-k-pole-negro\/\" \/>\n<meta property=\"og:site_name\" content=\"Zamp Helmets | Helmet 28 EU\" \/>\n<meta property=\"article:modified_time\" content=\"2024-11-06T16:05:03+00:00\" \/>\n<meta property=\"og:image\" content=\"https:\/\/zamphelmets.co\/wp-content\/uploads\/2024\/05\/black.png\" \/>\n\t<meta property=\"og:image:width\" content=\"869\" \/>\n\t<meta property=\"og:image:height\" content=\"1000\" \/>\n\t<meta property=\"og:image:type\" content=\"image\/png\" \/>\n<meta name=\"twitter:card\" content=\"summary_large_image\" \/>\n<meta name=\"twitter:label1\" content=\"Est. reading time\" \/>\n\t<meta name=\"twitter:data1\" content=\"1 minuto\" \/>\n<script type=\"application\/ld+json\" class=\"yoast-schema-graph\">{\"@context\":\"https:\/\/schema.org\",\"@graph\":[{\"@type\":\"WebPage\",\"@id\":\"https:\/\/zamphelmets.co\/es\/producto\/botas-de-kart-sparco-k-pole-negro\/\",\"url\":\"https:\/\/zamphelmets.co\/es\/producto\/botas-de-kart-sparco-k-pole-negro\/\",\"name\":\"Botas de Kart Sparco K-Pole Negro - Zamp Helmets | Helmet 28 EU\",\"isPartOf\":{\"@id\":\"https:\/\/zamphelmets.co\/es\/#website\"},\"primaryImageOfPage\":{\"@id\":\"https:\/\/zamphelmets.co\/es\/producto\/botas-de-kart-sparco-k-pole-negro\/#primaryimage\"},\"image\":{\"@id\":\"https:\/\/zamphelmets.co\/es\/producto\/botas-de-kart-sparco-k-pole-negro\/#primaryimage\"},\"thumbnailUrl\":\"https:\/\/zamphelmets.co\/wp-content\/uploads\/2024\/05\/black.png\",\"datePublished\":\"2024-05-31T11:45:19+00:00\",\"dateModified\":\"2024-11-06T16:05:03+00:00\",\"description\":\"Las botas de kart Sparco K-Pole ofrecen a la vez estilo y comodidad, manteniendo tus pies m\u00e1s frescos y c\u00f3modos a un precio excelente.\",\"breadcrumb\":{\"@id\":\"https:\/\/zamphelmets.co\/es\/producto\/botas-de-kart-sparco-k-pole-negro\/#breadcrumb\"},\"inLanguage\":\"es\",\"potentialAction\":[{\"@type\":\"ReadAction\",\"target\":[\"https:\/\/zamphelmets.co\/es\/producto\/botas-de-kart-sparco-k-pole-negro\/\"]}]},{\"@type\":\"ImageObject\",\"inLanguage\":\"es\",\"@id\":\"https:\/\/zamphelmets.co\/es\/producto\/botas-de-kart-sparco-k-pole-negro\/#primaryimage\",\"url\":\"https:\/\/zamphelmets.co\/wp-content\/uploads\/2024\/05\/black.png\",\"contentUrl\":\"https:\/\/zamphelmets.co\/wp-content\/uploads\/2024\/05\/black.png\",\"width\":869,\"height\":1000},{\"@type\":\"BreadcrumbList\",\"@id\":\"https:\/\/zamphelmets.co\/es\/producto\/botas-de-kart-sparco-k-pole-negro\/#breadcrumb\",\"itemListElement\":[{\"@type\":\"ListItem\",\"position\":1,\"name\":\"Tienda\",\"item\":\"https:\/\/zamphelmets.co\/es\/tienda\/\"},{\"@type\":\"ListItem\",\"position\":2,\"name\":\"Botas de Kart Sparco K-Pole Negro\"}]},{\"@type\":\"WebSite\",\"@id\":\"https:\/\/zamphelmets.co\/es\/#website\",\"url\":\"https:\/\/zamphelmets.co\/es\/\",\"name\":\"Zamp Helmets | Helmet 28 EU\",\"description\":\"High Quality Motorsport Helmets\",\"potentialAction\":[{\"@type\":\"SearchAction\",\"target\":{\"@type\":\"EntryPoint\",\"urlTemplate\":\"https:\/\/zamphelmets.co\/es\/?s={search_term_string}\"},\"query-input\":{\"@type\":\"PropertyValueSpecification\",\"valueRequired\":true,\"valueName\":\"search_term_string\"}}],\"inLanguage\":\"es\"}]}<\/script>\n<!-- \/ Yoast SEO plugin. -->","yoast_head_json":{"title":"Botas de Kart Sparco K-Pole Negro - Zamp Helmets | Helmet 28 EU","description":"Las botas de kart Sparco K-Pole ofrecen a la vez estilo y comodidad, manteniendo tus pies m\u00e1s frescos y c\u00f3modos a un precio excelente.","robots":{"index":"index","follow":"follow","max-snippet":"max-snippet:-1","max-image-preview":"max-image-preview:large","max-video-preview":"max-video-preview:-1"},"canonical":"https:\/\/zamphelmets.co\/es\/producto\/botas-de-kart-sparco-k-pole-negro\/","og_locale":"es_ES","og_type":"article","og_title":"Botas de Kart Sparco K-Pole Negro - Zamp Helmets | Helmet 28 EU","og_description":"Las botas de kart Sparco K-Pole ofrecen a la vez estilo y comodidad, manteniendo tus pies m\u00e1s frescos y c\u00f3modos a un precio excelente.","og_url":"https:\/\/zamphelmets.co\/es\/producto\/botas-de-kart-sparco-k-pole-negro\/","og_site_name":"Zamp Helmets | Helmet 28 EU","article_modified_time":"2024-11-06T16:05:03+00:00","og_image":[{"width":869,"height":1000,"url":"https:\/\/zamphelmets.co\/wp-content\/uploads\/2024\/05\/black.png","type":"image\/png"}],"twitter_card":"summary_large_image","twitter_misc":{"Est. reading time":"1 minuto"},"schema":{"@context":"https:\/\/schema.org","@graph":[{"@type":"WebPage","@id":"https:\/\/zamphelmets.co\/es\/producto\/botas-de-kart-sparco-k-pole-negro\/","url":"https:\/\/zamphelmets.co\/es\/producto\/botas-de-kart-sparco-k-pole-negro\/","name":"Botas de Kart Sparco K-Pole Negro - Zamp Helmets | Helmet 28 EU","isPartOf":{"@id":"https:\/\/zamphelmets.co\/es\/#website"},"primaryImageOfPage":{"@id":"https:\/\/zamphelmets.co\/es\/producto\/botas-de-kart-sparco-k-pole-negro\/#primaryimage"},"image":{"@id":"https:\/\/zamphelmets.co\/es\/producto\/botas-de-kart-sparco-k-pole-negro\/#primaryimage"},"thumbnailUrl":"https:\/\/zamphelmets.co\/wp-content\/uploads\/2024\/05\/black.png","datePublished":"2024-05-31T11:45:19+00:00","dateModified":"2024-11-06T16:05:03+00:00","description":"Las botas de kart Sparco K-Pole ofrecen a la vez estilo y comodidad, manteniendo tus pies m\u00e1s frescos y c\u00f3modos a un precio excelente.","breadcrumb":{"@id":"https:\/\/zamphelmets.co\/es\/producto\/botas-de-kart-sparco-k-pole-negro\/#breadcrumb"},"inLanguage":"es","potentialAction":[{"@type":"ReadAction","target":["https:\/\/zamphelmets.co\/es\/producto\/botas-de-kart-sparco-k-pole-negro\/"]}]},{"@type":"ImageObject","inLanguage":"es","@id":"https:\/\/zamphelmets.co\/es\/producto\/botas-de-kart-sparco-k-pole-negro\/#primaryimage","url":"https:\/\/zamphelmets.co\/wp-content\/uploads\/2024\/05\/black.png","contentUrl":"https:\/\/zamphelmets.co\/wp-content\/uploads\/2024\/05\/black.png","width":869,"height":1000},{"@type":"BreadcrumbList","@id":"https:\/\/zamphelmets.co\/es\/producto\/botas-de-kart-sparco-k-pole-negro\/#breadcrumb","itemListElement":[{"@type":"ListItem","position":1,"name":"Tienda","item":"https:\/\/zamphelmets.co\/es\/tienda\/"},{"@type":"ListItem","position":2,"name":"Botas de Kart Sparco K-Pole Negro"}]},{"@type":"WebSite","@id":"https:\/\/zamphelmets.co\/es\/#website","url":"https:\/\/zamphelmets.co\/es\/","name":"Zamp Helmets | Helmet 28 EU","description":"High Quality Motorsport Helmets","potentialAction":[{"@type":"SearchAction","target":{"@type":"EntryPoint","urlTemplate":"https:\/\/zamphelmets.co\/es\/?s={search_term_string}"},"query-input":{"@type":"PropertyValueSpecification","valueRequired":true,"valueName":"search_term_string"}}],"inLanguage":"es"}]}},"_links":{"self":[{"href":"https:\/\/zamphelmets.co\/es\/wp-json\/wp\/v2\/product\/26676","targetHints":{"allow":["GET"]}}],"collection":[{"href":"https:\/\/zamphelmets.co\/es\/wp-json\/wp\/v2\/product"}],"about":[{"href":"https:\/\/zamphelmets.co\/es\/wp-json\/wp\/v2\/types\/product"}],"replies":[{"embeddable":true,"href":"https:\/\/zamphelmets.co\/es\/wp-json\/wp\/v2\/comments?post=26676"}],"wp:featuredmedia":[{"embeddable":true,"href":"https:\/\/zamphelmets.co\/es\/wp-json\/wp\/v2\/media\/26695"}],"wp:attachment":[{"href":"https:\/\/zamphelmets.co\/es\/wp-json\/wp\/v2\/media?parent=26676"}],"wp:term":[{"taxonomy":"product_brand","embeddable":true,"href":"https:\/\/zamphelmets.co\/es\/wp-json\/wp\/v2\/product_brand?post=26676"},{"taxonomy":"product_cat","embeddable":true,"href":"https:\/\/zamphelmets.co\/es\/wp-json\/wp\/v2\/product_cat?post=26676"},{"taxonomy":"product_tag","embeddable":true,"href":"https:\/\/zamphelmets.co\/es\/wp-json\/wp\/v2\/product_tag?post=26676"}],"curies":[{"name":"wp","href":"https:\/\/api.w.org\/{rel}","templated":true}]}}