{"id":26570,"date":"2024-05-31T11:47:53","date_gmt":"2024-05-31T11:47:53","guid":{"rendered":"https:\/\/zamphelmets.co\/product\/sotocasco-alpinestars-zx-evo-v2\/"},"modified":"2024-11-06T16:19:04","modified_gmt":"2024-11-06T16:19:04","slug":"sotocasco-alpinestars-zx-evo-v2","status":"publish","type":"product","link":"https:\/\/zamphelmets.co\/es\/producto\/sotocasco-alpinestars-zx-evo-v2\/","title":{"rendered":"Sotocasco Alpinestars ZX Evo V2"},"content":{"rendered":"<p>Los pasamonta\u00f1as ZX Evo V2 se han dise\u00f1ado para cumplir la nueva homologaci\u00f3n FIA 8856-2018, m\u00e1s estricta. Desarrollado para ofrecer una mayor resistencia al calor y a las llamas, sin dejar de ser ligero y transpirable.<\/p>\n<ul>\n<li>Mayor resistencia al calor y a las llamas<\/li>\n<li>Material ligero de tacto suave para mayor comodidad<\/li>\n<li>La construcci\u00f3n sin costuras elimina los puntos de presi\u00f3n<\/li>\n<li>Zona facial de doble capa para una mayor protecci\u00f3n<\/li>\n<\/ul>\n<p>Dise\u00f1ada sin concesiones, la gama de ropa interior Alpinestars ZX Evo 2 ayuda a un rendimiento \u00f3ptimo del piloto. Al regular la temperatura central del cuerpo, lo que se traduce en una menor sudoraci\u00f3n y una frecuencia cardiaca m\u00e1s baja, los conductores pueden beneficiarse de una reducci\u00f3n del estr\u00e9s y la fatiga. En \u00faltima instancia, esto puede mejorar la concentraci\u00f3n, especialmente en las carreras m\u00e1s largas.<\/p>\n<p>La gama de ropa interior ZX Evo 2 est\u00e1 confeccionada con un tejido muy t\u00e9cnico que utiliza un alto porcentaje de material Lenzing FR. Lenzing FR es una fibra natural que ofrece una resistencia excepcional a las llamas y protege contra la transferencia de calor. Los pasamonta\u00f1as utilizan una construcci\u00f3n de punto abierto el\u00e1stico para una m\u00e1xima transpirabilidad que reduce la sudoraci\u00f3n y aumenta la comodidad. Una abertura en la boca permite utilizar un tubo para bebidas. La gama de ropa interior ZX Evo V2 es la elecci\u00f3n de muchos pilotos profesionales de alto nivel en diversas disciplinas del automovilismo en todo el mundo.<\/p>\n<p>Talla \u00fanica<\/p>\n<p>Aprobado por la FIA 8856-2018<\/p>\n","protected":false},"excerpt":{"rendered":"<p>Los pasamonta\u00f1as ZX Evo V2 se han dise\u00f1ado para cumplir la nueva homologaci\u00f3n FIA 8856-2018, m\u00e1s estricta. Desarrollado para ofrecer una mayor resistencia al calor y a las llamas, sin dejar de ser ligero y transpirable. Mayor resistencia al calor y a las llamas Material ligero de tacto suave para mayor comodidad La construcci\u00f3n sin [&hellip;]<\/p>\n","protected":false},"featured_media":38762,"comment_status":"open","ping_status":"closed","template":"","meta":{"_acf_changed":false,"_iconic_wsb_product_page_order_bump_ids":[[]],"_sku":["ALS475"],"_iconic_wsb_product_page_bump_modal_ids":[[]]},"product_brand":[],"product_cat":[361,362,356,360],"product_tag":[],"class_list":{"0":"post-26570","1":"product","2":"type-product","3":"status-publish","4":"has-post-thumbnail","6":"product_cat-accesorios-para-cascos","7":"product_cat-otros","8":"product_cat-proteccion-ropa","9":"product_cat-zamp-es","11":"first","12":"instock","13":"taxable","14":"shipping-taxable","15":"purchasable","16":"product-type-variable"},"acf":[],"yoast_head":"<!-- This site is optimized with the Yoast SEO plugin v27.0 - https:\/\/yoast.com\/product\/yoast-seo-wordpress\/ -->\n<title>Sotocasco Alpinestars ZX Evo V2 - Zamp Helmets | Helmet 28 EU<\/title>\n<meta name=\"description\" content=\"Los pasamonta\u00f1as ZX Evo V2 incluyen la nueva homologaci\u00f3n FIA 8856-2018. Ofrece una mayor resistencia al calor y a las llamas sin dejar de ser ligero y transpirable.\" \/>\n<meta name=\"robots\" content=\"index, follow, max-snippet:-1, max-image-preview:large, max-video-preview:-1\" \/>\n<link rel=\"canonical\" href=\"https:\/\/zamphelmets.co\/es\/producto\/sotocasco-alpinestars-zx-evo-v2\/\" \/>\n<meta property=\"og:locale\" content=\"es_ES\" \/>\n<meta property=\"og:type\" content=\"article\" \/>\n<meta property=\"og:title\" content=\"Sotocasco Alpinestars ZX Evo V2 - Zamp Helmets | Helmet 28 EU\" \/>\n<meta property=\"og:description\" content=\"Los pasamonta\u00f1as ZX Evo V2 incluyen la nueva homologaci\u00f3n FIA 8856-2018. Ofrece una mayor resistencia al calor y a las llamas sin dejar de ser ligero y transpirable.\" \/>\n<meta property=\"og:url\" content=\"https:\/\/zamphelmets.co\/es\/producto\/sotocasco-alpinestars-zx-evo-v2\/\" \/>\n<meta property=\"og:site_name\" content=\"Zamp Helmets | Helmet 28 EU\" \/>\n<meta property=\"article:modified_time\" content=\"2024-11-06T16:19:04+00:00\" \/>\n<meta name=\"twitter:card\" content=\"summary_large_image\" \/>\n<meta name=\"twitter:label1\" content=\"Est. reading time\" \/>\n\t<meta name=\"twitter:data1\" content=\"1 minuto\" \/>\n<script type=\"application\/ld+json\" class=\"yoast-schema-graph\">{\"@context\":\"https:\/\/schema.org\",\"@graph\":[{\"@type\":\"WebPage\",\"@id\":\"https:\/\/zamphelmets.co\/es\/producto\/sotocasco-alpinestars-zx-evo-v2\/\",\"url\":\"https:\/\/zamphelmets.co\/es\/producto\/sotocasco-alpinestars-zx-evo-v2\/\",\"name\":\"Sotocasco Alpinestars ZX Evo V2 - Zamp Helmets | Helmet 28 EU\",\"isPartOf\":{\"@id\":\"https:\/\/zamphelmets.co\/es\/#website\"},\"primaryImageOfPage\":{\"@id\":\"https:\/\/zamphelmets.co\/es\/producto\/sotocasco-alpinestars-zx-evo-v2\/#primaryimage\"},\"image\":{\"@id\":\"https:\/\/zamphelmets.co\/es\/producto\/sotocasco-alpinestars-zx-evo-v2\/#primaryimage\"},\"thumbnailUrl\":\"https:\/\/zamphelmets.co\/wp-content\/uploads\/2024\/05\/blac-1.png\",\"datePublished\":\"2024-05-31T11:47:53+00:00\",\"dateModified\":\"2024-11-06T16:19:04+00:00\",\"description\":\"Los pasamonta\u00f1as ZX Evo V2 incluyen la nueva homologaci\u00f3n FIA 8856-2018. Ofrece una mayor resistencia al calor y a las llamas sin dejar de ser ligero y transpirable.\",\"breadcrumb\":{\"@id\":\"https:\/\/zamphelmets.co\/es\/producto\/sotocasco-alpinestars-zx-evo-v2\/#breadcrumb\"},\"inLanguage\":\"es\",\"potentialAction\":[{\"@type\":\"ReadAction\",\"target\":[\"https:\/\/zamphelmets.co\/es\/producto\/sotocasco-alpinestars-zx-evo-v2\/\"]}]},{\"@type\":\"ImageObject\",\"inLanguage\":\"es\",\"@id\":\"https:\/\/zamphelmets.co\/es\/producto\/sotocasco-alpinestars-zx-evo-v2\/#primaryimage\",\"url\":\"https:\/\/zamphelmets.co\/wp-content\/uploads\/2024\/05\/blac-1.png\",\"contentUrl\":\"https:\/\/zamphelmets.co\/wp-content\/uploads\/2024\/05\/blac-1.png\",\"width\":1174,\"height\":1348},{\"@type\":\"BreadcrumbList\",\"@id\":\"https:\/\/zamphelmets.co\/es\/producto\/sotocasco-alpinestars-zx-evo-v2\/#breadcrumb\",\"itemListElement\":[{\"@type\":\"ListItem\",\"position\":1,\"name\":\"Tienda\",\"item\":\"https:\/\/zamphelmets.co\/es\/tienda\/\"},{\"@type\":\"ListItem\",\"position\":2,\"name\":\"Sotocasco Alpinestars ZX Evo V2\"}]},{\"@type\":\"WebSite\",\"@id\":\"https:\/\/zamphelmets.co\/es\/#website\",\"url\":\"https:\/\/zamphelmets.co\/es\/\",\"name\":\"Zamp Helmets | Helmet 28 EU\",\"description\":\"High Quality Motorsport Helmets\",\"potentialAction\":[{\"@type\":\"SearchAction\",\"target\":{\"@type\":\"EntryPoint\",\"urlTemplate\":\"https:\/\/zamphelmets.co\/es\/?s={search_term_string}\"},\"query-input\":{\"@type\":\"PropertyValueSpecification\",\"valueRequired\":true,\"valueName\":\"search_term_string\"}}],\"inLanguage\":\"es\"}]}<\/script>\n<!-- \/ Yoast SEO plugin. -->","yoast_head_json":{"title":"Sotocasco Alpinestars ZX Evo V2 - Zamp Helmets | Helmet 28 EU","description":"Los pasamonta\u00f1as ZX Evo V2 incluyen la nueva homologaci\u00f3n FIA 8856-2018. Ofrece una mayor resistencia al calor y a las llamas sin dejar de ser ligero y transpirable.","robots":{"index":"index","follow":"follow","max-snippet":"max-snippet:-1","max-image-preview":"max-image-preview:large","max-video-preview":"max-video-preview:-1"},"canonical":"https:\/\/zamphelmets.co\/es\/producto\/sotocasco-alpinestars-zx-evo-v2\/","og_locale":"es_ES","og_type":"article","og_title":"Sotocasco Alpinestars ZX Evo V2 - Zamp Helmets | Helmet 28 EU","og_description":"Los pasamonta\u00f1as ZX Evo V2 incluyen la nueva homologaci\u00f3n FIA 8856-2018. Ofrece una mayor resistencia al calor y a las llamas sin dejar de ser ligero y transpirable.","og_url":"https:\/\/zamphelmets.co\/es\/producto\/sotocasco-alpinestars-zx-evo-v2\/","og_site_name":"Zamp Helmets | Helmet 28 EU","article_modified_time":"2024-11-06T16:19:04+00:00","twitter_card":"summary_large_image","twitter_misc":{"Est. reading time":"1 minuto"},"schema":{"@context":"https:\/\/schema.org","@graph":[{"@type":"WebPage","@id":"https:\/\/zamphelmets.co\/es\/producto\/sotocasco-alpinestars-zx-evo-v2\/","url":"https:\/\/zamphelmets.co\/es\/producto\/sotocasco-alpinestars-zx-evo-v2\/","name":"Sotocasco Alpinestars ZX Evo V2 - Zamp Helmets | Helmet 28 EU","isPartOf":{"@id":"https:\/\/zamphelmets.co\/es\/#website"},"primaryImageOfPage":{"@id":"https:\/\/zamphelmets.co\/es\/producto\/sotocasco-alpinestars-zx-evo-v2\/#primaryimage"},"image":{"@id":"https:\/\/zamphelmets.co\/es\/producto\/sotocasco-alpinestars-zx-evo-v2\/#primaryimage"},"thumbnailUrl":"https:\/\/zamphelmets.co\/wp-content\/uploads\/2024\/05\/blac-1.png","datePublished":"2024-05-31T11:47:53+00:00","dateModified":"2024-11-06T16:19:04+00:00","description":"Los pasamonta\u00f1as ZX Evo V2 incluyen la nueva homologaci\u00f3n FIA 8856-2018. Ofrece una mayor resistencia al calor y a las llamas sin dejar de ser ligero y transpirable.","breadcrumb":{"@id":"https:\/\/zamphelmets.co\/es\/producto\/sotocasco-alpinestars-zx-evo-v2\/#breadcrumb"},"inLanguage":"es","potentialAction":[{"@type":"ReadAction","target":["https:\/\/zamphelmets.co\/es\/producto\/sotocasco-alpinestars-zx-evo-v2\/"]}]},{"@type":"ImageObject","inLanguage":"es","@id":"https:\/\/zamphelmets.co\/es\/producto\/sotocasco-alpinestars-zx-evo-v2\/#primaryimage","url":"https:\/\/zamphelmets.co\/wp-content\/uploads\/2024\/05\/blac-1.png","contentUrl":"https:\/\/zamphelmets.co\/wp-content\/uploads\/2024\/05\/blac-1.png","width":1174,"height":1348},{"@type":"BreadcrumbList","@id":"https:\/\/zamphelmets.co\/es\/producto\/sotocasco-alpinestars-zx-evo-v2\/#breadcrumb","itemListElement":[{"@type":"ListItem","position":1,"name":"Tienda","item":"https:\/\/zamphelmets.co\/es\/tienda\/"},{"@type":"ListItem","position":2,"name":"Sotocasco Alpinestars ZX Evo V2"}]},{"@type":"WebSite","@id":"https:\/\/zamphelmets.co\/es\/#website","url":"https:\/\/zamphelmets.co\/es\/","name":"Zamp Helmets | Helmet 28 EU","description":"High Quality Motorsport Helmets","potentialAction":[{"@type":"SearchAction","target":{"@type":"EntryPoint","urlTemplate":"https:\/\/zamphelmets.co\/es\/?s={search_term_string}"},"query-input":{"@type":"PropertyValueSpecification","valueRequired":true,"valueName":"search_term_string"}}],"inLanguage":"es"}]}},"_links":{"self":[{"href":"https:\/\/zamphelmets.co\/es\/wp-json\/wp\/v2\/product\/26570","targetHints":{"allow":["GET"]}}],"collection":[{"href":"https:\/\/zamphelmets.co\/es\/wp-json\/wp\/v2\/product"}],"about":[{"href":"https:\/\/zamphelmets.co\/es\/wp-json\/wp\/v2\/types\/product"}],"replies":[{"embeddable":true,"href":"https:\/\/zamphelmets.co\/es\/wp-json\/wp\/v2\/comments?post=26570"}],"wp:featuredmedia":[{"embeddable":true,"href":"https:\/\/zamphelmets.co\/es\/wp-json\/wp\/v2\/media\/38762"}],"wp:attachment":[{"href":"https:\/\/zamphelmets.co\/es\/wp-json\/wp\/v2\/media?parent=26570"}],"wp:term":[{"taxonomy":"product_brand","embeddable":true,"href":"https:\/\/zamphelmets.co\/es\/wp-json\/wp\/v2\/product_brand?post=26570"},{"taxonomy":"product_cat","embeddable":true,"href":"https:\/\/zamphelmets.co\/es\/wp-json\/wp\/v2\/product_cat?post=26570"},{"taxonomy":"product_tag","embeddable":true,"href":"https:\/\/zamphelmets.co\/es\/wp-json\/wp\/v2\/product_tag?post=26570"}],"curies":[{"name":"wp","href":"https:\/\/api.w.org\/{rel}","templated":true}]}}