{"id":26550,"date":"2024-05-31T13:59:03","date_gmt":"2024-05-31T13:59:03","guid":{"rendered":"https:\/\/zamphelmets.co\/product\/guantes-sparco-rush-kart-rojo-negro\/"},"modified":"2024-11-06T16:18:16","modified_gmt":"2024-11-06T16:18:16","slug":"guantes-sparco-rush-kart-rojo-negro","status":"publish","type":"product","link":"https:\/\/zamphelmets.co\/es\/producto\/guantes-sparco-rush-kart-rojo-negro\/","title":{"rendered":"Guantes Sparco Rush Kart Rojo\/Negro"},"content":{"rendered":"<p>El Sparco Rush es un guante de kart de nivel b\u00e1sico que incluye caracter\u00edsticas que normalmente s\u00f3lo se encuentran en alternativas de mayor precio. Estas caracter\u00edsticas hacen que tenga una excelente relaci\u00f3n calidad-precio y que sea adecuado para el karting a todos los niveles.<\/p>\n<ul>\n<li>El dise\u00f1o precurvado reduce el amontonamiento de material al agarrar la rueda<\/li>\n<li>El dise\u00f1o de impresi\u00f3n de silicona en la palma y los dedos proporciona altos niveles de agarre<\/li>\n<li>Exterior resistente a las rozaduras con palma de piel sint\u00e9tica para proteger tus manos<\/li>\n<li>Mu\u00f1eca el\u00e1stica con tiradores de silicona para facilitar la entrada y un ajuste seguro<\/li>\n<\/ul>\n<p><img decoding=\"async\" class=\"alignnone wp-image-10061 lazyload\" data-src=\"https:\/\/zamphelmets.co\/wp-content\/uploads\/2024\/05\/sparco-racekartwear-gloves-combined-nov23-159x300.webp\" alt=\"\" width=\"441\" height=\"832\" data-srcset=\"https:\/\/zamphelmets.co\/wp-content\/uploads\/2024\/05\/sparco-racekartwear-gloves-combined-nov23-159x300.webp 159w, https:\/\/zamphelmets.co\/wp-content\/uploads\/2024\/05\/sparco-racekartwear-gloves-combined-nov23-543x1024.webp 543w, https:\/\/zamphelmets.co\/wp-content\/uploads\/2024\/05\/sparco-racekartwear-gloves-combined-nov23-768x1449.webp 768w, https:\/\/zamphelmets.co\/wp-content\/uploads\/2024\/05\/sparco-racekartwear-gloves-combined-nov23-814x1536.webp 814w, https:\/\/zamphelmets.co\/wp-content\/uploads\/2024\/05\/sparco-racekartwear-gloves-combined-nov23-1085x2048.webp 1085w, https:\/\/zamphelmets.co\/wp-content\/uploads\/2024\/05\/sparco-racekartwear-gloves-combined-nov23-600x1132.webp 600w, https:\/\/zamphelmets.co\/wp-content\/uploads\/2024\/05\/sparco-racekartwear-gloves-combined-nov23-scaled.webp 1357w\" data-sizes=\"(max-width: 441px) 100vw, 441px\" src=\"data:image\/svg+xml;base64,PHN2ZyB3aWR0aD0iMSIgaGVpZ2h0PSIxIiB4bWxucz0iaHR0cDovL3d3dy53My5vcmcvMjAwMC9zdmciPjwvc3ZnPg==\" style=\"--smush-placeholder-width: 441px; --smush-placeholder-aspect-ratio: 441\/832;\" \/><\/p>\n","protected":false},"excerpt":{"rendered":"<p>El Sparco Rush es un guante de kart de nivel b\u00e1sico que incluye caracter\u00edsticas que normalmente s\u00f3lo se encuentran en alternativas de mayor precio. Estas caracter\u00edsticas hacen que tenga una excelente relaci\u00f3n calidad-precio y que sea adecuado para el karting a todos los niveles. El dise\u00f1o precurvado reduce el amontonamiento de material al agarrar la [&hellip;]<\/p>\n","protected":false},"featured_media":26567,"comment_status":"open","ping_status":"closed","template":"","meta":{"_acf_changed":false,"_iconic_wsb_product_page_order_bump_ids":[[]],"_sku":["SKW002556RSNR"],"_iconic_wsb_product_page_bump_modal_ids":[[]]},"product_brand":[],"product_cat":[358,356,357],"product_tag":[],"class_list":{"0":"post-26550","1":"product","2":"type-product","3":"status-publish","4":"has-post-thumbnail","6":"product_cat-guantes","7":"product_cat-proteccion-ropa","8":"product_cat-sin-categoria","10":"first","11":"outofstock","12":"taxable","13":"shipping-taxable","14":"purchasable","15":"product-type-variable"},"acf":[],"yoast_head":"<!-- This site is optimized with the Yoast SEO plugin v27.0 - https:\/\/yoast.com\/product\/yoast-seo-wordpress\/ -->\n<title>Guantes Sparco Rush Kart Rojo\/Negro - Zamp Helmets | Helmet 28 EU<\/title>\n<meta name=\"description\" content=\"Los Sparco Rush son unos guantes de kart para principiantes que incluyen caracter\u00edsticas de alternativas de mayor precio. Excelente relaci\u00f3n calidad-precio y adecuado para el karting a todos los niveles.\" \/>\n<meta name=\"robots\" content=\"index, follow, max-snippet:-1, max-image-preview:large, max-video-preview:-1\" \/>\n<link rel=\"canonical\" href=\"https:\/\/zamphelmets.co\/es\/producto\/guantes-sparco-rush-kart-rojo-negro\/\" \/>\n<meta property=\"og:locale\" content=\"es_ES\" \/>\n<meta property=\"og:type\" content=\"article\" \/>\n<meta property=\"og:title\" content=\"Guantes Sparco Rush Kart Rojo\/Negro - Zamp Helmets | Helmet 28 EU\" \/>\n<meta property=\"og:description\" content=\"Los Sparco Rush son unos guantes de kart para principiantes que incluyen caracter\u00edsticas de alternativas de mayor precio. Excelente relaci\u00f3n calidad-precio y adecuado para el karting a todos los niveles.\" \/>\n<meta property=\"og:url\" content=\"https:\/\/zamphelmets.co\/es\/producto\/guantes-sparco-rush-kart-rojo-negro\/\" \/>\n<meta property=\"og:site_name\" content=\"Zamp Helmets | Helmet 28 EU\" \/>\n<meta property=\"article:modified_time\" content=\"2024-11-06T16:18:16+00:00\" \/>\n<meta property=\"og:image\" content=\"https:\/\/zamphelmets.co\/wp-content\/uploads\/2024\/05\/rrbb.png\" \/>\n\t<meta property=\"og:image:width\" content=\"871\" \/>\n\t<meta property=\"og:image:height\" content=\"1000\" \/>\n\t<meta property=\"og:image:type\" content=\"image\/png\" \/>\n<meta name=\"twitter:card\" content=\"summary_large_image\" \/>\n<meta name=\"twitter:label1\" content=\"Est. reading time\" \/>\n\t<meta name=\"twitter:data1\" content=\"1 minuto\" \/>\n<script type=\"application\/ld+json\" class=\"yoast-schema-graph\">{\"@context\":\"https:\/\/schema.org\",\"@graph\":[{\"@type\":\"WebPage\",\"@id\":\"https:\/\/zamphelmets.co\/es\/producto\/guantes-sparco-rush-kart-rojo-negro\/\",\"url\":\"https:\/\/zamphelmets.co\/es\/producto\/guantes-sparco-rush-kart-rojo-negro\/\",\"name\":\"Guantes Sparco Rush Kart Rojo\/Negro - Zamp Helmets | Helmet 28 EU\",\"isPartOf\":{\"@id\":\"https:\/\/zamphelmets.co\/es\/#website\"},\"primaryImageOfPage\":{\"@id\":\"https:\/\/zamphelmets.co\/es\/producto\/guantes-sparco-rush-kart-rojo-negro\/#primaryimage\"},\"image\":{\"@id\":\"https:\/\/zamphelmets.co\/es\/producto\/guantes-sparco-rush-kart-rojo-negro\/#primaryimage\"},\"thumbnailUrl\":\"https:\/\/zamphelmets.co\/wp-content\/uploads\/2024\/05\/rrbb.png\",\"datePublished\":\"2024-05-31T13:59:03+00:00\",\"dateModified\":\"2024-11-06T16:18:16+00:00\",\"description\":\"Los Sparco Rush son unos guantes de kart para principiantes que incluyen caracter\u00edsticas de alternativas de mayor precio. Excelente relaci\u00f3n calidad-precio y adecuado para el karting a todos los niveles.\",\"breadcrumb\":{\"@id\":\"https:\/\/zamphelmets.co\/es\/producto\/guantes-sparco-rush-kart-rojo-negro\/#breadcrumb\"},\"inLanguage\":\"es\",\"potentialAction\":[{\"@type\":\"ReadAction\",\"target\":[\"https:\/\/zamphelmets.co\/es\/producto\/guantes-sparco-rush-kart-rojo-negro\/\"]}]},{\"@type\":\"ImageObject\",\"inLanguage\":\"es\",\"@id\":\"https:\/\/zamphelmets.co\/es\/producto\/guantes-sparco-rush-kart-rojo-negro\/#primaryimage\",\"url\":\"https:\/\/zamphelmets.co\/wp-content\/uploads\/2024\/05\/rrbb.png\",\"contentUrl\":\"https:\/\/zamphelmets.co\/wp-content\/uploads\/2024\/05\/rrbb.png\",\"width\":871,\"height\":1000},{\"@type\":\"BreadcrumbList\",\"@id\":\"https:\/\/zamphelmets.co\/es\/producto\/guantes-sparco-rush-kart-rojo-negro\/#breadcrumb\",\"itemListElement\":[{\"@type\":\"ListItem\",\"position\":1,\"name\":\"Tienda\",\"item\":\"https:\/\/zamphelmets.co\/es\/tienda\/\"},{\"@type\":\"ListItem\",\"position\":2,\"name\":\"Guantes Sparco Rush Kart Rojo\/Negro\"}]},{\"@type\":\"WebSite\",\"@id\":\"https:\/\/zamphelmets.co\/es\/#website\",\"url\":\"https:\/\/zamphelmets.co\/es\/\",\"name\":\"Zamp Helmets | Helmet 28 EU\",\"description\":\"High Quality Motorsport Helmets\",\"potentialAction\":[{\"@type\":\"SearchAction\",\"target\":{\"@type\":\"EntryPoint\",\"urlTemplate\":\"https:\/\/zamphelmets.co\/es\/?s={search_term_string}\"},\"query-input\":{\"@type\":\"PropertyValueSpecification\",\"valueRequired\":true,\"valueName\":\"search_term_string\"}}],\"inLanguage\":\"es\"}]}<\/script>\n<!-- \/ Yoast SEO plugin. -->","yoast_head_json":{"title":"Guantes Sparco Rush Kart Rojo\/Negro - Zamp Helmets | Helmet 28 EU","description":"Los Sparco Rush son unos guantes de kart para principiantes que incluyen caracter\u00edsticas de alternativas de mayor precio. Excelente relaci\u00f3n calidad-precio y adecuado para el karting a todos los niveles.","robots":{"index":"index","follow":"follow","max-snippet":"max-snippet:-1","max-image-preview":"max-image-preview:large","max-video-preview":"max-video-preview:-1"},"canonical":"https:\/\/zamphelmets.co\/es\/producto\/guantes-sparco-rush-kart-rojo-negro\/","og_locale":"es_ES","og_type":"article","og_title":"Guantes Sparco Rush Kart Rojo\/Negro - Zamp Helmets | Helmet 28 EU","og_description":"Los Sparco Rush son unos guantes de kart para principiantes que incluyen caracter\u00edsticas de alternativas de mayor precio. Excelente relaci\u00f3n calidad-precio y adecuado para el karting a todos los niveles.","og_url":"https:\/\/zamphelmets.co\/es\/producto\/guantes-sparco-rush-kart-rojo-negro\/","og_site_name":"Zamp Helmets | Helmet 28 EU","article_modified_time":"2024-11-06T16:18:16+00:00","og_image":[{"width":871,"height":1000,"url":"https:\/\/zamphelmets.co\/wp-content\/uploads\/2024\/05\/rrbb.png","type":"image\/png"}],"twitter_card":"summary_large_image","twitter_misc":{"Est. reading time":"1 minuto"},"schema":{"@context":"https:\/\/schema.org","@graph":[{"@type":"WebPage","@id":"https:\/\/zamphelmets.co\/es\/producto\/guantes-sparco-rush-kart-rojo-negro\/","url":"https:\/\/zamphelmets.co\/es\/producto\/guantes-sparco-rush-kart-rojo-negro\/","name":"Guantes Sparco Rush Kart Rojo\/Negro - Zamp Helmets | Helmet 28 EU","isPartOf":{"@id":"https:\/\/zamphelmets.co\/es\/#website"},"primaryImageOfPage":{"@id":"https:\/\/zamphelmets.co\/es\/producto\/guantes-sparco-rush-kart-rojo-negro\/#primaryimage"},"image":{"@id":"https:\/\/zamphelmets.co\/es\/producto\/guantes-sparco-rush-kart-rojo-negro\/#primaryimage"},"thumbnailUrl":"https:\/\/zamphelmets.co\/wp-content\/uploads\/2024\/05\/rrbb.png","datePublished":"2024-05-31T13:59:03+00:00","dateModified":"2024-11-06T16:18:16+00:00","description":"Los Sparco Rush son unos guantes de kart para principiantes que incluyen caracter\u00edsticas de alternativas de mayor precio. Excelente relaci\u00f3n calidad-precio y adecuado para el karting a todos los niveles.","breadcrumb":{"@id":"https:\/\/zamphelmets.co\/es\/producto\/guantes-sparco-rush-kart-rojo-negro\/#breadcrumb"},"inLanguage":"es","potentialAction":[{"@type":"ReadAction","target":["https:\/\/zamphelmets.co\/es\/producto\/guantes-sparco-rush-kart-rojo-negro\/"]}]},{"@type":"ImageObject","inLanguage":"es","@id":"https:\/\/zamphelmets.co\/es\/producto\/guantes-sparco-rush-kart-rojo-negro\/#primaryimage","url":"https:\/\/zamphelmets.co\/wp-content\/uploads\/2024\/05\/rrbb.png","contentUrl":"https:\/\/zamphelmets.co\/wp-content\/uploads\/2024\/05\/rrbb.png","width":871,"height":1000},{"@type":"BreadcrumbList","@id":"https:\/\/zamphelmets.co\/es\/producto\/guantes-sparco-rush-kart-rojo-negro\/#breadcrumb","itemListElement":[{"@type":"ListItem","position":1,"name":"Tienda","item":"https:\/\/zamphelmets.co\/es\/tienda\/"},{"@type":"ListItem","position":2,"name":"Guantes Sparco Rush Kart Rojo\/Negro"}]},{"@type":"WebSite","@id":"https:\/\/zamphelmets.co\/es\/#website","url":"https:\/\/zamphelmets.co\/es\/","name":"Zamp Helmets | Helmet 28 EU","description":"High Quality Motorsport Helmets","potentialAction":[{"@type":"SearchAction","target":{"@type":"EntryPoint","urlTemplate":"https:\/\/zamphelmets.co\/es\/?s={search_term_string}"},"query-input":{"@type":"PropertyValueSpecification","valueRequired":true,"valueName":"search_term_string"}}],"inLanguage":"es"}]}},"_links":{"self":[{"href":"https:\/\/zamphelmets.co\/es\/wp-json\/wp\/v2\/product\/26550","targetHints":{"allow":["GET"]}}],"collection":[{"href":"https:\/\/zamphelmets.co\/es\/wp-json\/wp\/v2\/product"}],"about":[{"href":"https:\/\/zamphelmets.co\/es\/wp-json\/wp\/v2\/types\/product"}],"replies":[{"embeddable":true,"href":"https:\/\/zamphelmets.co\/es\/wp-json\/wp\/v2\/comments?post=26550"}],"wp:featuredmedia":[{"embeddable":true,"href":"https:\/\/zamphelmets.co\/es\/wp-json\/wp\/v2\/media\/26567"}],"wp:attachment":[{"href":"https:\/\/zamphelmets.co\/es\/wp-json\/wp\/v2\/media?parent=26550"}],"wp:term":[{"taxonomy":"product_brand","embeddable":true,"href":"https:\/\/zamphelmets.co\/es\/wp-json\/wp\/v2\/product_brand?post=26550"},{"taxonomy":"product_cat","embeddable":true,"href":"https:\/\/zamphelmets.co\/es\/wp-json\/wp\/v2\/product_cat?post=26550"},{"taxonomy":"product_tag","embeddable":true,"href":"https:\/\/zamphelmets.co\/es\/wp-json\/wp\/v2\/product_tag?post=26550"}],"curies":[{"name":"wp","href":"https:\/\/api.w.org\/{rel}","templated":true}]}}