{"id":207093,"date":"2025-05-14T11:49:55","date_gmt":"2025-05-14T11:49:55","guid":{"rendered":"https:\/\/zamphelmets.co\/product\/rz-48-youth-carbon-rojo\/"},"modified":"2025-05-14T11:49:55","modified_gmt":"2025-05-14T11:49:55","slug":"rz-48-youth-carbon-rojo","status":"publish","type":"product","link":"https:\/\/zamphelmets.co\/es\/producto\/rz-48-youth-carbon-rojo\/","title":{"rendered":"RZ 48 Youth Carbon Rojo"},"content":{"rendered":"<p data-start=\"149\" data-end=\"248\"><strong data-start=\"149\" data-end=\"248\">Presentamos el casco Zamp RZ-48Y Youth Carbon: el casco de karting juvenil m\u00e1s ligero del mercado<\/strong><\/p>\n<p data-start=\"250\" data-end=\"516\">Dise\u00f1ado para el rendimiento y la comodidad, el nuevo <strong data-start=\"304\" data-end=\"339\">casco Zamp RZ-48Y Youth Carbon<\/strong> es uno de los cascos de karting juvenil m\u00e1s ligeros del mercado, con solo <strong data-start=\"407\" data-end=\"420\">1050g +\/-<\/strong>, lo que lo convierte en la elecci\u00f3n definitiva para j\u00f3venes pilotos que buscan protecci\u00f3n de alto nivel sin volumen extra.<\/p>\n<p data-start=\"518\" data-end=\"865\">Fabricado para la velocidad, la seguridad y un estilo que destaca, este casco cuenta con una <strong data-start=\"586\" data-end=\"621\">calota de fibra de carbono de alta calidad<\/strong> para una resistencia excepcional y una reducci\u00f3n de peso. Dise\u00f1ado espec\u00edficamente para pilotos juveniles y totalmente conforme con la homologaci\u00f3n<strong data-start=\"737\" data-end=\"754\"> CMR2016<\/strong>, el RZ-48Y incorpora tecnolog\u00eda premium de la gama de adultos de Zamp en un formato m\u00e1s peque\u00f1o y listo para competir. <\/p>\n<p data-start=\"980\" data-end=\"1176\">Tanto si va a por el podio como si est\u00e1 comenzando en el karting, el RZ-48Y ofrece rendimiento de nivel \u00e9lite y comodidad durante todo el d\u00eda con estilo, con la opci\u00f3n del dise\u00f1o est\u00e1ndar de trama de carbono negra o dos gr\u00e1ficos prepintados.<\/p>\n<p data-start=\"1178\" data-end=\"1195\"><strong data-start=\"1178\" data-end=\"1195\">Caracter\u00edsticas principales:<\/strong><\/p>\n<ul>\n<li data-start=\"1198\" data-end=\"1269\"><strong data-start=\"1198\" data-end=\"1232\">Calota de carbono ultraligera<\/strong> \u2013 aprox. 1050g +\/- (seg\u00fan talla) <\/li>\n<li data-start=\"1272\" data-end=\"1341\"><strong data-start=\"1272\" data-end=\"1314\">Dise\u00f1ado espec\u00edficamente para pilotos juveniles<\/strong> con certificaci\u00f3n CMR2016<\/li>\n<li data-start=\"1344\" data-end=\"1415\"><strong data-start=\"1344\" data-end=\"1381\">Construcci\u00f3n premium en fibra de carbono<\/strong> para una excelente relaci\u00f3n resistencia-peso<\/li>\n<li data-start=\"1418\" data-end=\"1480\"><strong data-start=\"1418\" data-end=\"1462\">Forro ign\u00edfugo extra\u00edble y lavable<\/strong> para una limpieza f\u00e1cil<\/li>\n<li data-start=\"1483\" data-end=\"1537\"><strong data-start=\"1483\" data-end=\"1517\">Pantalla transparente Z-20 Series 2.5mm<\/strong> con postes para tear-off<\/li>\n<li data-start=\"1540\" data-end=\"1611\"><strong data-start=\"1540\" data-end=\"1571\">Sistema de ventilaci\u00f3n avanzado<\/strong> con entradas superiores y en la mentonera para el flujo de aire<\/li>\n<li data-start=\"1742\" data-end=\"1796\">Disponible en tallas juveniles: 52cm, 54cm, 56cm, 57cm, 59cm<\/li>\n<\/ul>\n<p>La calota de nuestros cascos juveniles es ligeramente m\u00e1s peque\u00f1a que la de nuestros cascos est\u00e1ndar de adulto. Por ello, le recomendamos medir con la mayor precisi\u00f3n posible y, si tiene dudas, elegir una talla m\u00e1s con este modelo. <\/p>\n<p><strong>\u00bfNo est\u00e1s seguro del tama\u00f1o? <\/strong><a href=\"https:\/\/form.jotform.com\/251263198513053\">Rellena nuestro formulario de tallas<\/a> y un miembro del equipo se pondr\u00e1 en contacto contigo para darte nuestras recomendaciones.<\/p>\n<p><img decoding=\"async\" class=\"alignnone wp-image-202049 lazyload\" data-src=\"https:\/\/zamphelmets.co\/wp-content\/uploads\/2025\/05\/Zamp-Helmets-sizing-guide-scaled.png\" alt=\"\" width=\"518\" height=\"518\" data-srcset=\"https:\/\/zamphelmets.co\/wp-content\/uploads\/2025\/05\/Zamp-Helmets-sizing-guide-scaled.png 2560w, https:\/\/zamphelmets.co\/wp-content\/uploads\/2025\/05\/Zamp-Helmets-sizing-guide-300x300.png 300w, https:\/\/zamphelmets.co\/wp-content\/uploads\/2025\/05\/Zamp-Helmets-sizing-guide-1024x1024.png 1024w, https:\/\/zamphelmets.co\/wp-content\/uploads\/2025\/05\/Zamp-Helmets-sizing-guide-150x150.png 150w, https:\/\/zamphelmets.co\/wp-content\/uploads\/2025\/05\/Zamp-Helmets-sizing-guide-768x768.png 768w, https:\/\/zamphelmets.co\/wp-content\/uploads\/2025\/05\/Zamp-Helmets-sizing-guide-1536x1536.png 1536w, https:\/\/zamphelmets.co\/wp-content\/uploads\/2025\/05\/Zamp-Helmets-sizing-guide-2048x2048.png 2048w, https:\/\/zamphelmets.co\/wp-content\/uploads\/2025\/05\/Zamp-Helmets-sizing-guide-600x600.png 600w, https:\/\/zamphelmets.co\/wp-content\/uploads\/2025\/05\/Zamp-Helmets-sizing-guide-100x100.png 100w\" data-sizes=\"(max-width: 518px) 100vw, 518px\" src=\"data:image\/svg+xml;base64,PHN2ZyB3aWR0aD0iMSIgaGVpZ2h0PSIxIiB4bWxucz0iaHR0cDovL3d3dy53My5vcmcvMjAwMC9zdmciPjwvc3ZnPg==\" style=\"--smush-placeholder-width: 518px; --smush-placeholder-aspect-ratio: 518\/518;\" \/><\/p>\n","protected":false},"excerpt":{"rendered":"<p>Presentamos el casco Zamp RZ-48Y Youth Carbon: el casco de karting juvenil m\u00e1s ligero del mercado Dise\u00f1ado para el rendimiento y la comodidad, el nuevo casco Zamp RZ-48Y Youth Carbon es uno de los cascos de karting juvenil m\u00e1s ligeros del mercado, con solo 1050g +\/-, lo que lo convierte en la elecci\u00f3n definitiva para [&hellip;]<\/p>\n","protected":false},"featured_media":63018,"comment_status":"open","ping_status":"closed","template":"","meta":{"_acf_changed":false,"_iconic_wsb_product_page_order_bump_ids":[[]],"_sku":["HE785C02"],"_iconic_wsb_product_page_bump_modal_ids":[[]]},"product_brand":[],"product_cat":[368,383,357,360],"product_tag":[],"class_list":{"0":"post-207093","1":"product","2":"type-product","3":"status-publish","4":"has-post-thumbnail","6":"product_cat-cascos","7":"product_cat-juventud-cmr-2016","8":"product_cat-sin-categoria","9":"product_cat-zamp-es","11":"first","12":"instock","13":"taxable","14":"shipping-taxable","15":"purchasable","16":"product-type-variable"},"acf":[],"yoast_head":"<!-- This site is optimized with the Yoast SEO plugin v27.0 - https:\/\/yoast.com\/product\/yoast-seo-wordpress\/ -->\n<title>RZ 48 Youth Carbon Rojo - Zamp Helmets | Helmet 28 EU<\/title>\n<meta name=\"description\" content=\"Descubra el nuevo casco Zamp RZ-48Y Youth Carbon: uno de los cascos de karting homologados CMR2016 m\u00e1s ligeros, con solo 1050g. Calota de fibra de carbono, ajuste premium.\" \/>\n<meta name=\"robots\" content=\"index, follow, max-snippet:-1, max-image-preview:large, max-video-preview:-1\" \/>\n<link rel=\"canonical\" href=\"https:\/\/zamphelmets.co\/es\/producto\/rz-48-youth-carbon-rojo\/\" \/>\n<meta property=\"og:locale\" content=\"es_ES\" \/>\n<meta property=\"og:type\" content=\"article\" \/>\n<meta property=\"og:title\" content=\"RZ 48 Youth Carbon Rojo - Zamp Helmets | Helmet 28 EU\" \/>\n<meta property=\"og:description\" content=\"Descubra el nuevo casco Zamp RZ-48Y Youth Carbon: uno de los cascos de karting homologados CMR2016 m\u00e1s ligeros, con solo 1050g. Calota de fibra de carbono, ajuste premium.\" \/>\n<meta property=\"og:url\" content=\"https:\/\/zamphelmets.co\/es\/producto\/rz-48-youth-carbon-rojo\/\" \/>\n<meta property=\"og:site_name\" content=\"Zamp Helmets | Helmet 28 EU\" \/>\n<meta property=\"og:image\" content=\"https:\/\/zamphelmets.co\/wp-content\/uploads\/2025\/05\/red.jpg\" \/>\n\t<meta property=\"og:image:width\" content=\"1000\" \/>\n\t<meta property=\"og:image:height\" content=\"1000\" \/>\n\t<meta property=\"og:image:type\" content=\"image\/jpeg\" \/>\n<meta name=\"twitter:card\" content=\"summary_large_image\" \/>\n<meta name=\"twitter:label1\" content=\"Est. reading time\" \/>\n\t<meta name=\"twitter:data1\" content=\"2 minutos\" \/>\n<script type=\"application\/ld+json\" class=\"yoast-schema-graph\">{\"@context\":\"https:\/\/schema.org\",\"@graph\":[{\"@type\":\"WebPage\",\"@id\":\"https:\/\/zamphelmets.co\/es\/producto\/rz-48-youth-carbon-rojo\/\",\"url\":\"https:\/\/zamphelmets.co\/es\/producto\/rz-48-youth-carbon-rojo\/\",\"name\":\"RZ 48 Youth Carbon Rojo - Zamp Helmets | Helmet 28 EU\",\"isPartOf\":{\"@id\":\"https:\/\/zamphelmets.co\/es\/#website\"},\"primaryImageOfPage\":{\"@id\":\"https:\/\/zamphelmets.co\/es\/producto\/rz-48-youth-carbon-rojo\/#primaryimage\"},\"image\":{\"@id\":\"https:\/\/zamphelmets.co\/es\/producto\/rz-48-youth-carbon-rojo\/#primaryimage\"},\"thumbnailUrl\":\"https:\/\/zamphelmets.co\/wp-content\/uploads\/2025\/05\/red.jpg\",\"datePublished\":\"2025-05-14T11:49:55+00:00\",\"description\":\"Descubra el nuevo casco Zamp RZ-48Y Youth Carbon: uno de los cascos de karting homologados CMR2016 m\u00e1s ligeros, con solo 1050g. Calota de fibra de carbono, ajuste premium.\",\"breadcrumb\":{\"@id\":\"https:\/\/zamphelmets.co\/es\/producto\/rz-48-youth-carbon-rojo\/#breadcrumb\"},\"inLanguage\":\"es\",\"potentialAction\":[{\"@type\":\"ReadAction\",\"target\":[\"https:\/\/zamphelmets.co\/es\/producto\/rz-48-youth-carbon-rojo\/\"]}]},{\"@type\":\"ImageObject\",\"inLanguage\":\"es\",\"@id\":\"https:\/\/zamphelmets.co\/es\/producto\/rz-48-youth-carbon-rojo\/#primaryimage\",\"url\":\"https:\/\/zamphelmets.co\/wp-content\/uploads\/2025\/05\/red.jpg\",\"contentUrl\":\"https:\/\/zamphelmets.co\/wp-content\/uploads\/2025\/05\/red.jpg\",\"width\":1000,\"height\":1000},{\"@type\":\"BreadcrumbList\",\"@id\":\"https:\/\/zamphelmets.co\/es\/producto\/rz-48-youth-carbon-rojo\/#breadcrumb\",\"itemListElement\":[{\"@type\":\"ListItem\",\"position\":1,\"name\":\"Tienda\",\"item\":\"https:\/\/zamphelmets.co\/es\/tienda\/\"},{\"@type\":\"ListItem\",\"position\":2,\"name\":\"RZ 48 Youth Carbon Rojo\"}]},{\"@type\":\"WebSite\",\"@id\":\"https:\/\/zamphelmets.co\/es\/#website\",\"url\":\"https:\/\/zamphelmets.co\/es\/\",\"name\":\"Zamp Helmets | Helmet 28 EU\",\"description\":\"High Quality Motorsport Helmets\",\"potentialAction\":[{\"@type\":\"SearchAction\",\"target\":{\"@type\":\"EntryPoint\",\"urlTemplate\":\"https:\/\/zamphelmets.co\/es\/?s={search_term_string}\"},\"query-input\":{\"@type\":\"PropertyValueSpecification\",\"valueRequired\":true,\"valueName\":\"search_term_string\"}}],\"inLanguage\":\"es\"}]}<\/script>\n<!-- \/ Yoast SEO plugin. -->","yoast_head_json":{"title":"RZ 48 Youth Carbon Rojo - Zamp Helmets | Helmet 28 EU","description":"Descubra el nuevo casco Zamp RZ-48Y Youth Carbon: uno de los cascos de karting homologados CMR2016 m\u00e1s ligeros, con solo 1050g. Calota de fibra de carbono, ajuste premium.","robots":{"index":"index","follow":"follow","max-snippet":"max-snippet:-1","max-image-preview":"max-image-preview:large","max-video-preview":"max-video-preview:-1"},"canonical":"https:\/\/zamphelmets.co\/es\/producto\/rz-48-youth-carbon-rojo\/","og_locale":"es_ES","og_type":"article","og_title":"RZ 48 Youth Carbon Rojo - Zamp Helmets | Helmet 28 EU","og_description":"Descubra el nuevo casco Zamp RZ-48Y Youth Carbon: uno de los cascos de karting homologados CMR2016 m\u00e1s ligeros, con solo 1050g. Calota de fibra de carbono, ajuste premium.","og_url":"https:\/\/zamphelmets.co\/es\/producto\/rz-48-youth-carbon-rojo\/","og_site_name":"Zamp Helmets | Helmet 28 EU","og_image":[{"width":1000,"height":1000,"url":"https:\/\/zamphelmets.co\/wp-content\/uploads\/2025\/05\/red.jpg","type":"image\/jpeg"}],"twitter_card":"summary_large_image","twitter_misc":{"Est. reading time":"2 minutos"},"schema":{"@context":"https:\/\/schema.org","@graph":[{"@type":"WebPage","@id":"https:\/\/zamphelmets.co\/es\/producto\/rz-48-youth-carbon-rojo\/","url":"https:\/\/zamphelmets.co\/es\/producto\/rz-48-youth-carbon-rojo\/","name":"RZ 48 Youth Carbon Rojo - Zamp Helmets | Helmet 28 EU","isPartOf":{"@id":"https:\/\/zamphelmets.co\/es\/#website"},"primaryImageOfPage":{"@id":"https:\/\/zamphelmets.co\/es\/producto\/rz-48-youth-carbon-rojo\/#primaryimage"},"image":{"@id":"https:\/\/zamphelmets.co\/es\/producto\/rz-48-youth-carbon-rojo\/#primaryimage"},"thumbnailUrl":"https:\/\/zamphelmets.co\/wp-content\/uploads\/2025\/05\/red.jpg","datePublished":"2025-05-14T11:49:55+00:00","description":"Descubra el nuevo casco Zamp RZ-48Y Youth Carbon: uno de los cascos de karting homologados CMR2016 m\u00e1s ligeros, con solo 1050g. Calota de fibra de carbono, ajuste premium.","breadcrumb":{"@id":"https:\/\/zamphelmets.co\/es\/producto\/rz-48-youth-carbon-rojo\/#breadcrumb"},"inLanguage":"es","potentialAction":[{"@type":"ReadAction","target":["https:\/\/zamphelmets.co\/es\/producto\/rz-48-youth-carbon-rojo\/"]}]},{"@type":"ImageObject","inLanguage":"es","@id":"https:\/\/zamphelmets.co\/es\/producto\/rz-48-youth-carbon-rojo\/#primaryimage","url":"https:\/\/zamphelmets.co\/wp-content\/uploads\/2025\/05\/red.jpg","contentUrl":"https:\/\/zamphelmets.co\/wp-content\/uploads\/2025\/05\/red.jpg","width":1000,"height":1000},{"@type":"BreadcrumbList","@id":"https:\/\/zamphelmets.co\/es\/producto\/rz-48-youth-carbon-rojo\/#breadcrumb","itemListElement":[{"@type":"ListItem","position":1,"name":"Tienda","item":"https:\/\/zamphelmets.co\/es\/tienda\/"},{"@type":"ListItem","position":2,"name":"RZ 48 Youth Carbon Rojo"}]},{"@type":"WebSite","@id":"https:\/\/zamphelmets.co\/es\/#website","url":"https:\/\/zamphelmets.co\/es\/","name":"Zamp Helmets | Helmet 28 EU","description":"High Quality Motorsport Helmets","potentialAction":[{"@type":"SearchAction","target":{"@type":"EntryPoint","urlTemplate":"https:\/\/zamphelmets.co\/es\/?s={search_term_string}"},"query-input":{"@type":"PropertyValueSpecification","valueRequired":true,"valueName":"search_term_string"}}],"inLanguage":"es"}]}},"_links":{"self":[{"href":"https:\/\/zamphelmets.co\/es\/wp-json\/wp\/v2\/product\/207093","targetHints":{"allow":["GET"]}}],"collection":[{"href":"https:\/\/zamphelmets.co\/es\/wp-json\/wp\/v2\/product"}],"about":[{"href":"https:\/\/zamphelmets.co\/es\/wp-json\/wp\/v2\/types\/product"}],"replies":[{"embeddable":true,"href":"https:\/\/zamphelmets.co\/es\/wp-json\/wp\/v2\/comments?post=207093"}],"wp:featuredmedia":[{"embeddable":true,"href":"https:\/\/zamphelmets.co\/es\/wp-json\/wp\/v2\/media\/63018"}],"wp:attachment":[{"href":"https:\/\/zamphelmets.co\/es\/wp-json\/wp\/v2\/media?parent=207093"}],"wp:term":[{"taxonomy":"product_brand","embeddable":true,"href":"https:\/\/zamphelmets.co\/es\/wp-json\/wp\/v2\/product_brand?post=207093"},{"taxonomy":"product_cat","embeddable":true,"href":"https:\/\/zamphelmets.co\/es\/wp-json\/wp\/v2\/product_cat?post=207093"},{"taxonomy":"product_tag","embeddable":true,"href":"https:\/\/zamphelmets.co\/es\/wp-json\/wp\/v2\/product_tag?post=207093"}],"curies":[{"name":"wp","href":"https:\/\/api.w.org\/{rel}","templated":true}]}}