{"id":207013,"date":"2025-08-13T13:15:36","date_gmt":"2025-08-13T13:15:36","guid":{"rendered":"https:\/\/zamphelmets.co\/product\/rz-57-blanco\/"},"modified":"2026-03-13T18:52:37","modified_gmt":"2026-03-13T18:52:37","slug":"rz-57-blanco","status":"publish","type":"product","link":"https:\/\/zamphelmets.co\/es\/producto\/rz-57-blanco\/","title":{"rendered":"RZ 57 Blanco"},"content":{"rendered":"<p data-start=\"141\" data-end=\"453\">El <strong data-start=\"145\" data-end=\"166\">casco Zamp RZ-57<\/strong> ofrece seguridad de vanguardia a un precio imbatible, lo que lo convierte en uno de los mejores cascos polivalentes de automovilismo del mercado. Fabricado con la \u00faltima <strong data-start=\"309\" data-end=\"336\">tecnolog\u00eda Snell SA2025<\/strong>, ofrece la combinaci\u00f3n perfecta de fiabilidad, comodidad y precio\u2014sin renunciar al rendimiento. <\/p>\n<p data-start=\"455\" data-end=\"931\">Con una <strong data-start=\"467\" data-end=\"509\">carcasa ligera de fibra de vidrio compuesta<\/strong> y un <strong data-start=\"516\" data-end=\"549\">interior mullido ign\u00edfugo<\/strong>, el RZ-57 est\u00e1 dise\u00f1ado para ofrecer comodidad durante todo el d\u00eda, tanto si compite en karting, en automovilismo de club o en tandas de alto rendimiento en circuito.<\/p>\n<p data-start=\"933\" data-end=\"1246\">El RZ-57 incluye una <strong data-start=\"956\" data-end=\"984\">pantalla transparente Serie Z-20<\/strong> con postes para tear-offs, compatible con <strong data-start=\"1036\" data-end=\"1070\">tear-offs tipo banana de 12.125&#8243;<\/strong> para que est\u00e9 siempre listo para correr. Adem\u00e1s, los <strong data-start=\"1140\" data-end=\"1154\">insertos M6<\/strong> lo hacen totalmente compatible con sistemas de sujeci\u00f3n de cabeza y cuello (HANS) para una protecci\u00f3n m\u00e1xima. <\/p>\n<h3 data-start=\"1248\" data-end=\"1267\">Caracter\u00edsticas principales:<\/h3>\n<ul data-start=\"1268\" data-end=\"1649\">\n<li data-start=\"1268\" data-end=\"1343\">\n<p data-start=\"1270\" data-end=\"1343\"><strong data-start=\"1270\" data-end=\"1312\">Carcasa ligera de fibra de vidrio compuesta<\/strong> para resistencia y rendimiento<\/p>\n<\/li>\n<li data-start=\"1344\" data-end=\"1404\">\n<p data-start=\"1346\" data-end=\"1404\"><strong data-start=\"1346\" data-end=\"1373\">Ventilaci\u00f3n frontal de dise\u00f1o minimalista<\/strong> con salidas en la parte superior y trasera para mejorar el flujo de aire<\/p>\n<\/li>\n<li data-start=\"1405\" data-end=\"1458\">\n<p data-start=\"1407\" data-end=\"1458\"><strong data-start=\"1407\" data-end=\"1440\">Interior mullido ign\u00edfugo<\/strong> (no extra\u00edble)<\/p>\n<\/li>\n<li data-start=\"1459\" data-end=\"1547\">\n<p data-start=\"1461\" data-end=\"1547\"><strong data-start=\"1461\" data-end=\"1482\">Pantalla transparente Z-20<\/strong> con postes para tear-offs: compatible con tear-offs tipo banana y Z Optics<\/p>\n<\/li>\n<li data-start=\"1548\" data-end=\"1592\">\n<p data-start=\"1550\" data-end=\"1592\"><strong data-start=\"1550\" data-end=\"1564\">Insertos M6<\/strong> para uso con dispositivo HANS \/ HNR<\/p>\n<\/li>\n<li data-start=\"1593\" data-end=\"1649\">\n<p data-start=\"1595\" data-end=\"1649\"><strong data-start=\"1595\" data-end=\"1620\">Homologado Snell SA2025<\/strong> para competici\u00f3n de automovilismo<\/p>\n<\/li>\n<\/ul>\n<p data-start=\"1651\" data-end=\"1773\">Para pilotos que quieren seguridad fiable, rendimiento moderno y un valor excepcional, el <strong data-start=\"1736\" data-end=\"1750\">Zamp RZ-57<\/strong> es la elecci\u00f3n inteligente.<\/p>\n","protected":false},"excerpt":{"rendered":"<p>El casco Zamp RZ-57 ofrece seguridad de vanguardia a un precio imbatible, lo que lo convierte en uno de los mejores cascos polivalentes de automovilismo del mercado. Fabricado con la \u00faltima tecnolog\u00eda Snell SA2025, ofrece la combinaci\u00f3n perfecta de fiabilidad, comodidad y precio\u2014sin renunciar al rendimiento. Con una carcasa ligera de fibra de vidrio compuesta [&hellip;]<\/p>\n","protected":false},"featured_media":113704,"comment_status":"open","ping_status":"closed","template":"","meta":{"_acf_changed":false,"_iconic_wsb_product_page_order_bump_ids":[[]],"_sku":["H784001"],"_iconic_wsb_product_page_bump_modal_ids":[[]]},"product_brand":[],"product_cat":[368,357,470,360],"product_tag":[],"class_list":{"0":"post-207013","1":"product","2":"type-product","3":"status-publish","4":"has-post-thumbnail","6":"product_cat-cascos","7":"product_cat-sin-categoria","8":"product_cat-snell-2025","9":"product_cat-zamp-es","11":"first","12":"instock","13":"taxable","14":"shipping-taxable","15":"purchasable","16":"product-type-variable"},"acf":[],"yoast_head":"<!-- This site is optimized with the Yoast SEO plugin v27.0 - https:\/\/yoast.com\/product\/yoast-seo-wordpress\/ -->\n<title>RZ 57 Blanco - Zamp Helmets | Helmet 28 EU<\/title>\n<meta name=\"description\" content=\"COMPRAR AHORA - Homologado Snell SA2025, ligero, duradero y asequible, con compatibilidad Top Air para un rendimiento m\u00e1ximo en automovilismo.\" \/>\n<meta name=\"robots\" content=\"index, follow, max-snippet:-1, max-image-preview:large, max-video-preview:-1\" \/>\n<link rel=\"canonical\" href=\"https:\/\/zamphelmets.co\/es\/producto\/rz-57-blanco\/\" \/>\n<meta property=\"og:locale\" content=\"es_ES\" \/>\n<meta property=\"og:type\" content=\"article\" \/>\n<meta property=\"og:title\" content=\"RZ 57 Blanco - Zamp Helmets | Helmet 28 EU\" \/>\n<meta property=\"og:description\" content=\"COMPRAR AHORA - Homologado Snell SA2025, ligero, duradero y asequible, con compatibilidad Top Air para un rendimiento m\u00e1ximo en automovilismo.\" \/>\n<meta property=\"og:url\" content=\"https:\/\/zamphelmets.co\/es\/producto\/rz-57-blanco\/\" \/>\n<meta property=\"og:site_name\" content=\"Zamp Helmets | Helmet 28 EU\" \/>\n<meta property=\"article:modified_time\" content=\"2026-03-13T18:52:37+00:00\" \/>\n<meta property=\"og:image\" content=\"https:\/\/zamphelmets.co\/wp-content\/uploads\/2025\/08\/AcqhctSxSlmXaYC7MPk2_H770001.jpg\" \/>\n\t<meta property=\"og:image:width\" content=\"1500\" \/>\n\t<meta property=\"og:image:height\" content=\"1500\" \/>\n\t<meta property=\"og:image:type\" content=\"image\/jpeg\" \/>\n<meta name=\"twitter:card\" content=\"summary_large_image\" \/>\n<meta name=\"twitter:label1\" content=\"Est. reading time\" \/>\n\t<meta name=\"twitter:data1\" content=\"1 minuto\" \/>\n<script type=\"application\/ld+json\" class=\"yoast-schema-graph\">{\"@context\":\"https:\/\/schema.org\",\"@graph\":[{\"@type\":\"WebPage\",\"@id\":\"https:\/\/zamphelmets.co\/es\/producto\/rz-57-blanco\/\",\"url\":\"https:\/\/zamphelmets.co\/es\/producto\/rz-57-blanco\/\",\"name\":\"RZ 57 Blanco - Zamp Helmets | Helmet 28 EU\",\"isPartOf\":{\"@id\":\"https:\/\/zamphelmets.co\/es\/#website\"},\"primaryImageOfPage\":{\"@id\":\"https:\/\/zamphelmets.co\/es\/producto\/rz-57-blanco\/#primaryimage\"},\"image\":{\"@id\":\"https:\/\/zamphelmets.co\/es\/producto\/rz-57-blanco\/#primaryimage\"},\"thumbnailUrl\":\"https:\/\/zamphelmets.co\/wp-content\/uploads\/2025\/08\/AcqhctSxSlmXaYC7MPk2_H770001.jpg\",\"datePublished\":\"2025-08-13T13:15:36+00:00\",\"dateModified\":\"2026-03-13T18:52:37+00:00\",\"description\":\"COMPRAR AHORA - Homologado Snell SA2025, ligero, duradero y asequible, con compatibilidad Top Air para un rendimiento m\u00e1ximo en automovilismo.\",\"breadcrumb\":{\"@id\":\"https:\/\/zamphelmets.co\/es\/producto\/rz-57-blanco\/#breadcrumb\"},\"inLanguage\":\"es\",\"potentialAction\":[{\"@type\":\"ReadAction\",\"target\":[\"https:\/\/zamphelmets.co\/es\/producto\/rz-57-blanco\/\"]}]},{\"@type\":\"ImageObject\",\"inLanguage\":\"es\",\"@id\":\"https:\/\/zamphelmets.co\/es\/producto\/rz-57-blanco\/#primaryimage\",\"url\":\"https:\/\/zamphelmets.co\/wp-content\/uploads\/2025\/08\/AcqhctSxSlmXaYC7MPk2_H770001.jpg\",\"contentUrl\":\"https:\/\/zamphelmets.co\/wp-content\/uploads\/2025\/08\/AcqhctSxSlmXaYC7MPk2_H770001.jpg\",\"width\":1500,\"height\":1500},{\"@type\":\"BreadcrumbList\",\"@id\":\"https:\/\/zamphelmets.co\/es\/producto\/rz-57-blanco\/#breadcrumb\",\"itemListElement\":[{\"@type\":\"ListItem\",\"position\":1,\"name\":\"Tienda\",\"item\":\"https:\/\/zamphelmets.co\/es\/tienda\/\"},{\"@type\":\"ListItem\",\"position\":2,\"name\":\"RZ 57 Blanco\"}]},{\"@type\":\"WebSite\",\"@id\":\"https:\/\/zamphelmets.co\/es\/#website\",\"url\":\"https:\/\/zamphelmets.co\/es\/\",\"name\":\"Zamp Helmets | Helmet 28 EU\",\"description\":\"High Quality Motorsport Helmets\",\"potentialAction\":[{\"@type\":\"SearchAction\",\"target\":{\"@type\":\"EntryPoint\",\"urlTemplate\":\"https:\/\/zamphelmets.co\/es\/?s={search_term_string}\"},\"query-input\":{\"@type\":\"PropertyValueSpecification\",\"valueRequired\":true,\"valueName\":\"search_term_string\"}}],\"inLanguage\":\"es\"}]}<\/script>\n<!-- \/ Yoast SEO plugin. -->","yoast_head_json":{"title":"RZ 57 Blanco - Zamp Helmets | Helmet 28 EU","description":"COMPRAR AHORA - Homologado Snell SA2025, ligero, duradero y asequible, con compatibilidad Top Air para un rendimiento m\u00e1ximo en automovilismo.","robots":{"index":"index","follow":"follow","max-snippet":"max-snippet:-1","max-image-preview":"max-image-preview:large","max-video-preview":"max-video-preview:-1"},"canonical":"https:\/\/zamphelmets.co\/es\/producto\/rz-57-blanco\/","og_locale":"es_ES","og_type":"article","og_title":"RZ 57 Blanco - Zamp Helmets | Helmet 28 EU","og_description":"COMPRAR AHORA - Homologado Snell SA2025, ligero, duradero y asequible, con compatibilidad Top Air para un rendimiento m\u00e1ximo en automovilismo.","og_url":"https:\/\/zamphelmets.co\/es\/producto\/rz-57-blanco\/","og_site_name":"Zamp Helmets | Helmet 28 EU","article_modified_time":"2026-03-13T18:52:37+00:00","og_image":[{"width":1500,"height":1500,"url":"https:\/\/zamphelmets.co\/wp-content\/uploads\/2025\/08\/AcqhctSxSlmXaYC7MPk2_H770001.jpg","type":"image\/jpeg"}],"twitter_card":"summary_large_image","twitter_misc":{"Est. reading time":"1 minuto"},"schema":{"@context":"https:\/\/schema.org","@graph":[{"@type":"WebPage","@id":"https:\/\/zamphelmets.co\/es\/producto\/rz-57-blanco\/","url":"https:\/\/zamphelmets.co\/es\/producto\/rz-57-blanco\/","name":"RZ 57 Blanco - Zamp Helmets | Helmet 28 EU","isPartOf":{"@id":"https:\/\/zamphelmets.co\/es\/#website"},"primaryImageOfPage":{"@id":"https:\/\/zamphelmets.co\/es\/producto\/rz-57-blanco\/#primaryimage"},"image":{"@id":"https:\/\/zamphelmets.co\/es\/producto\/rz-57-blanco\/#primaryimage"},"thumbnailUrl":"https:\/\/zamphelmets.co\/wp-content\/uploads\/2025\/08\/AcqhctSxSlmXaYC7MPk2_H770001.jpg","datePublished":"2025-08-13T13:15:36+00:00","dateModified":"2026-03-13T18:52:37+00:00","description":"COMPRAR AHORA - Homologado Snell SA2025, ligero, duradero y asequible, con compatibilidad Top Air para un rendimiento m\u00e1ximo en automovilismo.","breadcrumb":{"@id":"https:\/\/zamphelmets.co\/es\/producto\/rz-57-blanco\/#breadcrumb"},"inLanguage":"es","potentialAction":[{"@type":"ReadAction","target":["https:\/\/zamphelmets.co\/es\/producto\/rz-57-blanco\/"]}]},{"@type":"ImageObject","inLanguage":"es","@id":"https:\/\/zamphelmets.co\/es\/producto\/rz-57-blanco\/#primaryimage","url":"https:\/\/zamphelmets.co\/wp-content\/uploads\/2025\/08\/AcqhctSxSlmXaYC7MPk2_H770001.jpg","contentUrl":"https:\/\/zamphelmets.co\/wp-content\/uploads\/2025\/08\/AcqhctSxSlmXaYC7MPk2_H770001.jpg","width":1500,"height":1500},{"@type":"BreadcrumbList","@id":"https:\/\/zamphelmets.co\/es\/producto\/rz-57-blanco\/#breadcrumb","itemListElement":[{"@type":"ListItem","position":1,"name":"Tienda","item":"https:\/\/zamphelmets.co\/es\/tienda\/"},{"@type":"ListItem","position":2,"name":"RZ 57 Blanco"}]},{"@type":"WebSite","@id":"https:\/\/zamphelmets.co\/es\/#website","url":"https:\/\/zamphelmets.co\/es\/","name":"Zamp Helmets | Helmet 28 EU","description":"High Quality Motorsport Helmets","potentialAction":[{"@type":"SearchAction","target":{"@type":"EntryPoint","urlTemplate":"https:\/\/zamphelmets.co\/es\/?s={search_term_string}"},"query-input":{"@type":"PropertyValueSpecification","valueRequired":true,"valueName":"search_term_string"}}],"inLanguage":"es"}]}},"_links":{"self":[{"href":"https:\/\/zamphelmets.co\/es\/wp-json\/wp\/v2\/product\/207013","targetHints":{"allow":["GET"]}}],"collection":[{"href":"https:\/\/zamphelmets.co\/es\/wp-json\/wp\/v2\/product"}],"about":[{"href":"https:\/\/zamphelmets.co\/es\/wp-json\/wp\/v2\/types\/product"}],"replies":[{"embeddable":true,"href":"https:\/\/zamphelmets.co\/es\/wp-json\/wp\/v2\/comments?post=207013"}],"wp:featuredmedia":[{"embeddable":true,"href":"https:\/\/zamphelmets.co\/es\/wp-json\/wp\/v2\/media\/113704"}],"wp:attachment":[{"href":"https:\/\/zamphelmets.co\/es\/wp-json\/wp\/v2\/media?parent=207013"}],"wp:term":[{"taxonomy":"product_brand","embeddable":true,"href":"https:\/\/zamphelmets.co\/es\/wp-json\/wp\/v2\/product_brand?post=207013"},{"taxonomy":"product_cat","embeddable":true,"href":"https:\/\/zamphelmets.co\/es\/wp-json\/wp\/v2\/product_cat?post=207013"},{"taxonomy":"product_tag","embeddable":true,"href":"https:\/\/zamphelmets.co\/es\/wp-json\/wp\/v2\/product_tag?post=207013"}],"curies":[{"name":"wp","href":"https:\/\/api.w.org\/{rel}","templated":true}]}}