{"id":206969,"date":"2026-01-26T11:24:16","date_gmt":"2026-01-26T11:24:16","guid":{"rendered":"https:\/\/zamphelmets.co\/product\/unleash-rojo\/"},"modified":"2026-02-27T11:16:50","modified_gmt":"2026-02-27T11:16:50","slug":"unleash-rojo","status":"publish","type":"product","link":"https:\/\/zamphelmets.co\/es\/producto\/unleash-rojo\/","title":{"rendered":"UNLEASH &#8211; Rojo"},"content":{"rendered":"<p data-start=\"561\" data-end=\"923\">Dise\u00f1ados con <strong data-start=\"577\" data-end=\"595\">costuras externas<\/strong>, un <strong data-start=\"600\" data-end=\"628\">ajuste ergon\u00f3mico precurvado<\/strong> y la distintiva <strong data-start=\"648\" data-end=\"665\">punta de dedo roja<\/strong> que define a 32Five, cada par est\u00e1 hecho para rendir y destacar. La parte superior ligera y transpirable mantiene sus manos frescas bajo presi\u00f3n, mientras que la avanzada <strong data-start=\"831\" data-end=\"860\">tecnolog\u00eda de palma DriveSkin<\/strong> asegura una sensaci\u00f3n de direcci\u00f3n, precisi\u00f3n y durabilidad inigualables. <\/p>\n<p data-start=\"925\" data-end=\"1081\">Nacidos de la pasi\u00f3n y refinados a trav\u00e9s del rendimiento, <strong data-start=\"976\" data-end=\"1038\">los guantes 32Five se han convertido en una declaraci\u00f3n en el mundo del karting<\/strong> \u2014 y UNLEASH lo lleva un paso m\u00e1s all\u00e1.<\/p>\n<ul>\n<li data-start=\"1083\" data-end=\"1543\"><strong data-start=\"1085\" data-end=\"1103\">Costuras Externas<\/strong> \u2013 Minimizan la fricci\u00f3n y los puntos de presi\u00f3n para una comodidad superior y una durabilidad duradera.<\/li>\n<li data-start=\"1083\" data-end=\"1543\"><strong data-start=\"1198\" data-end=\"1225\">Tejido Superior Transpirable<\/strong> \u2013 Ligero, suave y ventilado para comodidad durante todo el d\u00eda y un color vibrante de alto impacto.<\/li>\n<li data-start=\"1083\" data-end=\"1543\"><strong data-start=\"1319\" data-end=\"1348\">Tecnolog\u00eda de Palma DriveSkin<\/strong> \u2013 Agarre avanzado y control t\u00e1ctil, dise\u00f1ado para karting de alta intensidad.<\/li>\n<li data-start=\"1083\" data-end=\"1543\"><strong data-start=\"1429\" data-end=\"1457\">Ajuste Ergon\u00f3mico Precurvado<\/strong> \u2013 Apoya el movimiento natural de la mano para una mayor precisi\u00f3n y concentraci\u00f3n al volante.<\/li>\n<li data-start=\"1083\" data-end=\"1543\"><strong>Disponible en tallas desde XXXS hasta L<\/strong><\/li>\n<\/ul>\n<p data-start=\"1545\" data-end=\"1742\">Desde la ic\u00f3nica punta de dedo roja hasta cada detalle cuidadosamente elaborado, los <strong data-start=\"1614\" data-end=\"1639\">Guantes 32Five UNLEASH<\/strong> son <strong data-start=\"1644\" data-end=\"1740\">guantes de karting premium construidos para pilotos que exigen control, comodidad y un estilo inconfundible.<\/strong><\/p>\n<p data-start=\"1744\" data-end=\"1777\"><strong data-start=\"1744\" data-end=\"1777\">Siga el rojo. Conduzca 32Five. <\/strong><\/p>\n<p data-start=\"1744\" data-end=\"1777\"><img decoding=\"async\" data-src=\"https:\/\/shop.32five.me\/cdn\/shop\/files\/32F-SizeGuide-25-V1.png?v=1751196689&amp;width=3840\" width=\"603\" height=\"324\" src=\"data:image\/svg+xml;base64,PHN2ZyB3aWR0aD0iMSIgaGVpZ2h0PSIxIiB4bWxucz0iaHR0cDovL3d3dy53My5vcmcvMjAwMC9zdmciPjwvc3ZnPg==\" class=\"lazyload\" style=\"--smush-placeholder-width: 603px; --smush-placeholder-aspect-ratio: 603\/324;\"><\/p>\n","protected":false},"excerpt":{"rendered":"<p>Dise\u00f1ados con costuras externas, un ajuste ergon\u00f3mico precurvado y la distintiva punta de dedo roja que define a 32Five, cada par est\u00e1 hecho para rendir y destacar. La parte superior ligera y transpirable mantiene sus manos frescas bajo presi\u00f3n, mientras que la avanzada tecnolog\u00eda de palma DriveSkin asegura una sensaci\u00f3n de direcci\u00f3n, precisi\u00f3n y durabilidad [&hellip;]<\/p>\n","protected":false},"featured_media":189847,"comment_status":"open","ping_status":"closed","template":"","meta":{"_acf_changed":false,"_iconic_wsb_product_page_order_bump_ids":[[]],"_sku":[],"_iconic_wsb_product_page_bump_modal_ids":[[]]},"product_brand":[],"product_cat":[480,358,356],"product_tag":[],"class_list":{"0":"post-206969","1":"product","2":"type-product","3":"status-publish","4":"has-post-thumbnail","6":"product_cat-32five","7":"product_cat-guantes","8":"product_cat-proteccion-ropa","10":"first","11":"instock","12":"taxable","13":"shipping-taxable","14":"purchasable","15":"product-type-variable"},"acf":[],"yoast_head":"<!-- This site is optimized with the Yoast SEO plugin v27.0 - https:\/\/yoast.com\/product\/yoast-seo-wordpress\/ -->\n<title>UNLEASH - Rojo - Guantes de Karting Premium<\/title>\n<meta name=\"robots\" content=\"index, follow, max-snippet:-1, max-image-preview:large, max-video-preview:-1\" \/>\n<link rel=\"canonical\" href=\"https:\/\/zamphelmets.co\/es\/producto\/unleash-rojo\/\" \/>\n<meta property=\"og:locale\" content=\"es_ES\" \/>\n<meta property=\"og:type\" content=\"article\" \/>\n<meta property=\"og:title\" content=\"UNLEASH - Rojo - Guantes de Karting Premium\" \/>\n<meta property=\"og:description\" content=\"Dise\u00f1ados con costuras externas, un ajuste ergon\u00f3mico precurvado y la distintiva punta de dedo roja que define a 32Five, cada par est\u00e1 hecho para rendir y destacar. La parte superior ligera y transpirable mantiene sus manos frescas bajo presi\u00f3n, mientras que la avanzada tecnolog\u00eda de palma DriveSkin asegura una sensaci\u00f3n de direcci\u00f3n, precisi\u00f3n y durabilidad [&hellip;]\" \/>\n<meta property=\"og:url\" content=\"https:\/\/zamphelmets.co\/es\/producto\/unleash-rojo\/\" \/>\n<meta property=\"og:site_name\" content=\"Zamp Helmets | Helmet 28 EU\" \/>\n<meta property=\"article:modified_time\" content=\"2026-02-27T11:16:50+00:00\" \/>\n<meta property=\"og:image\" content=\"https:\/\/zamphelmets.co\/wp-content\/uploads\/2026\/01\/unleash_red.jpeg\" \/>\n\t<meta property=\"og:image:width\" content=\"978\" \/>\n\t<meta property=\"og:image:height\" content=\"1000\" \/>\n\t<meta property=\"og:image:type\" content=\"image\/jpeg\" \/>\n<meta name=\"twitter:card\" content=\"summary_large_image\" \/>\n<meta name=\"twitter:label1\" content=\"Est. reading time\" \/>\n\t<meta name=\"twitter:data1\" content=\"1 minuto\" \/>\n<script type=\"application\/ld+json\" class=\"yoast-schema-graph\">{\"@context\":\"https:\/\/schema.org\",\"@graph\":[{\"@type\":\"WebPage\",\"@id\":\"https:\/\/zamphelmets.co\/es\/producto\/unleash-rojo\/\",\"url\":\"https:\/\/zamphelmets.co\/es\/producto\/unleash-rojo\/\",\"name\":\"UNLEASH - Rojo - Guantes de Karting Premium\",\"isPartOf\":{\"@id\":\"https:\/\/zamphelmets.co\/es\/#website\"},\"primaryImageOfPage\":{\"@id\":\"https:\/\/zamphelmets.co\/es\/producto\/unleash-rojo\/#primaryimage\"},\"image\":{\"@id\":\"https:\/\/zamphelmets.co\/es\/producto\/unleash-rojo\/#primaryimage\"},\"thumbnailUrl\":\"https:\/\/zamphelmets.co\/wp-content\/uploads\/2026\/01\/unleash_red.jpeg\",\"datePublished\":\"2026-01-26T11:24:16+00:00\",\"dateModified\":\"2026-02-27T11:16:50+00:00\",\"breadcrumb\":{\"@id\":\"https:\/\/zamphelmets.co\/es\/producto\/unleash-rojo\/#breadcrumb\"},\"inLanguage\":\"es\",\"potentialAction\":[{\"@type\":\"ReadAction\",\"target\":[\"https:\/\/zamphelmets.co\/es\/producto\/unleash-rojo\/\"]}]},{\"@type\":\"ImageObject\",\"inLanguage\":\"es\",\"@id\":\"https:\/\/zamphelmets.co\/es\/producto\/unleash-rojo\/#primaryimage\",\"url\":\"https:\/\/zamphelmets.co\/wp-content\/uploads\/2026\/01\/unleash_red.jpeg\",\"contentUrl\":\"https:\/\/zamphelmets.co\/wp-content\/uploads\/2026\/01\/unleash_red.jpeg\",\"width\":978,\"height\":1000},{\"@type\":\"BreadcrumbList\",\"@id\":\"https:\/\/zamphelmets.co\/es\/producto\/unleash-rojo\/#breadcrumb\",\"itemListElement\":[{\"@type\":\"ListItem\",\"position\":1,\"name\":\"Tienda\",\"item\":\"https:\/\/zamphelmets.co\/es\/tienda\/\"},{\"@type\":\"ListItem\",\"position\":2,\"name\":\"UNLEASH &#8211; Rojo\"}]},{\"@type\":\"WebSite\",\"@id\":\"https:\/\/zamphelmets.co\/es\/#website\",\"url\":\"https:\/\/zamphelmets.co\/es\/\",\"name\":\"Zamp Helmets | Helmet 28 EU\",\"description\":\"High Quality Motorsport Helmets\",\"potentialAction\":[{\"@type\":\"SearchAction\",\"target\":{\"@type\":\"EntryPoint\",\"urlTemplate\":\"https:\/\/zamphelmets.co\/es\/?s={search_term_string}\"},\"query-input\":{\"@type\":\"PropertyValueSpecification\",\"valueRequired\":true,\"valueName\":\"search_term_string\"}}],\"inLanguage\":\"es\"}]}<\/script>\n<!-- \/ Yoast SEO plugin. -->","yoast_head_json":{"title":"UNLEASH - Rojo - Guantes de Karting Premium","robots":{"index":"index","follow":"follow","max-snippet":"max-snippet:-1","max-image-preview":"max-image-preview:large","max-video-preview":"max-video-preview:-1"},"canonical":"https:\/\/zamphelmets.co\/es\/producto\/unleash-rojo\/","og_locale":"es_ES","og_type":"article","og_title":"UNLEASH - Rojo - Guantes de Karting Premium","og_description":"Dise\u00f1ados con costuras externas, un ajuste ergon\u00f3mico precurvado y la distintiva punta de dedo roja que define a 32Five, cada par est\u00e1 hecho para rendir y destacar. La parte superior ligera y transpirable mantiene sus manos frescas bajo presi\u00f3n, mientras que la avanzada tecnolog\u00eda de palma DriveSkin asegura una sensaci\u00f3n de direcci\u00f3n, precisi\u00f3n y durabilidad [&hellip;]","og_url":"https:\/\/zamphelmets.co\/es\/producto\/unleash-rojo\/","og_site_name":"Zamp Helmets | Helmet 28 EU","article_modified_time":"2026-02-27T11:16:50+00:00","og_image":[{"width":978,"height":1000,"url":"https:\/\/zamphelmets.co\/wp-content\/uploads\/2026\/01\/unleash_red.jpeg","type":"image\/jpeg"}],"twitter_card":"summary_large_image","twitter_misc":{"Est. reading time":"1 minuto"},"schema":{"@context":"https:\/\/schema.org","@graph":[{"@type":"WebPage","@id":"https:\/\/zamphelmets.co\/es\/producto\/unleash-rojo\/","url":"https:\/\/zamphelmets.co\/es\/producto\/unleash-rojo\/","name":"UNLEASH - Rojo - Guantes de Karting Premium","isPartOf":{"@id":"https:\/\/zamphelmets.co\/es\/#website"},"primaryImageOfPage":{"@id":"https:\/\/zamphelmets.co\/es\/producto\/unleash-rojo\/#primaryimage"},"image":{"@id":"https:\/\/zamphelmets.co\/es\/producto\/unleash-rojo\/#primaryimage"},"thumbnailUrl":"https:\/\/zamphelmets.co\/wp-content\/uploads\/2026\/01\/unleash_red.jpeg","datePublished":"2026-01-26T11:24:16+00:00","dateModified":"2026-02-27T11:16:50+00:00","breadcrumb":{"@id":"https:\/\/zamphelmets.co\/es\/producto\/unleash-rojo\/#breadcrumb"},"inLanguage":"es","potentialAction":[{"@type":"ReadAction","target":["https:\/\/zamphelmets.co\/es\/producto\/unleash-rojo\/"]}]},{"@type":"ImageObject","inLanguage":"es","@id":"https:\/\/zamphelmets.co\/es\/producto\/unleash-rojo\/#primaryimage","url":"https:\/\/zamphelmets.co\/wp-content\/uploads\/2026\/01\/unleash_red.jpeg","contentUrl":"https:\/\/zamphelmets.co\/wp-content\/uploads\/2026\/01\/unleash_red.jpeg","width":978,"height":1000},{"@type":"BreadcrumbList","@id":"https:\/\/zamphelmets.co\/es\/producto\/unleash-rojo\/#breadcrumb","itemListElement":[{"@type":"ListItem","position":1,"name":"Tienda","item":"https:\/\/zamphelmets.co\/es\/tienda\/"},{"@type":"ListItem","position":2,"name":"UNLEASH &#8211; Rojo"}]},{"@type":"WebSite","@id":"https:\/\/zamphelmets.co\/es\/#website","url":"https:\/\/zamphelmets.co\/es\/","name":"Zamp Helmets | Helmet 28 EU","description":"High Quality Motorsport Helmets","potentialAction":[{"@type":"SearchAction","target":{"@type":"EntryPoint","urlTemplate":"https:\/\/zamphelmets.co\/es\/?s={search_term_string}"},"query-input":{"@type":"PropertyValueSpecification","valueRequired":true,"valueName":"search_term_string"}}],"inLanguage":"es"}]}},"_links":{"self":[{"href":"https:\/\/zamphelmets.co\/es\/wp-json\/wp\/v2\/product\/206969","targetHints":{"allow":["GET"]}}],"collection":[{"href":"https:\/\/zamphelmets.co\/es\/wp-json\/wp\/v2\/product"}],"about":[{"href":"https:\/\/zamphelmets.co\/es\/wp-json\/wp\/v2\/types\/product"}],"replies":[{"embeddable":true,"href":"https:\/\/zamphelmets.co\/es\/wp-json\/wp\/v2\/comments?post=206969"}],"wp:featuredmedia":[{"embeddable":true,"href":"https:\/\/zamphelmets.co\/es\/wp-json\/wp\/v2\/media\/189847"}],"wp:attachment":[{"href":"https:\/\/zamphelmets.co\/es\/wp-json\/wp\/v2\/media?parent=206969"}],"wp:term":[{"taxonomy":"product_brand","embeddable":true,"href":"https:\/\/zamphelmets.co\/es\/wp-json\/wp\/v2\/product_brand?post=206969"},{"taxonomy":"product_cat","embeddable":true,"href":"https:\/\/zamphelmets.co\/es\/wp-json\/wp\/v2\/product_cat?post=206969"},{"taxonomy":"product_tag","embeddable":true,"href":"https:\/\/zamphelmets.co\/es\/wp-json\/wp\/v2\/product_tag?post=206969"}],"curies":[{"name":"wp","href":"https:\/\/api.w.org\/{rel}","templated":true}]}}