{"id":206944,"date":"2026-01-26T11:24:26","date_gmt":"2026-01-26T11:24:26","guid":{"rendered":"https:\/\/zamphelmets.co\/product\/unleash-azul\/"},"modified":"2026-02-27T11:16:59","modified_gmt":"2026-02-27T11:16:59","slug":"unleash-azul","status":"publish","type":"product","link":"https:\/\/zamphelmets.co\/es\/producto\/unleash-azul\/","title":{"rendered":"UNLEASH &#8211; Azul"},"content":{"rendered":"<div class=\"container\">\n<div id=\"content\" class=\"site-content\">\n<div id=\"primary\" class=\"content-area\">\n<p><span style=\"font-weight: 400;\"><strong>Descubra la colecci\u00f3n UNLEASH de 32Five<\/strong>: creada para pilotos que exigen m\u00e1s, conducen m\u00e1s r\u00e1pido y se niegan a conformarse. Dise\u00f1ados para pilotos de karting profesionales y aficionados, estos guantes fusionan materiales de primera calidad, un dise\u00f1o audaz y un rendimiento ganador en un conjunto inconfundible. <\/span><\/p>\n<p><span style=\"font-weight: 400;\">Con la <strong>caracter\u00edstica punta del dedo en rojo<\/strong>, costuras externas y un ajuste ergon\u00f3mico precurvado, cada detalle est\u00e1 dise\u00f1ado para el control y la comodidad. El tejido superior transpirable mantiene sus manos frescas bajo presi\u00f3n, mientras que la innovadora tecnolog\u00eda de palma DriveSkin ofrece un agarre inigualable, precisi\u00f3n en la direcci\u00f3n y durabilidad a largo plazo. <\/span><\/p>\n<p><span style=\"font-weight: 400;\">Nacidos de la mentalidad de un piloto y perfeccionados en la competici\u00f3n, los <strong>guantes 32Five UNLEASH<\/strong> est\u00e1n fabricados para rendir al m\u00e1ximo nivel, sin importar la intensidad de la carrera.<\/span><\/p>\n<ul>\n<li><span style=\"font-weight: 400;\"><strong>Costuras Externas<\/strong> \u2013 Reducci\u00f3n de la fricci\u00f3n y los puntos de presi\u00f3n para una comodidad y resistencia superiores.<\/span><\/li>\n<li><span style=\"font-weight: 400;\"><strong>Tejido Superior Transpirable<\/strong> \u2013 Ligero, suave y ventilado para un ajuste fresco y c\u00f3modo vuelta tras vuelta.<\/span><\/li>\n<li><span style=\"font-weight: 400;\"><strong>Tecnolog\u00eda DriveSkin en la Palma<\/strong> \u2013 M\u00e1ximo agarre, sensibilidad en la direcci\u00f3n y durabilidad para un control total del volante.<\/span><\/li>\n<li><span style=\"font-weight: 400;\"><strong>Ajuste Ergon\u00f3mico Precurvado<\/strong> \u2013 Apoya la posici\u00f3n natural de su mano para una mayor concentraci\u00f3n y precisi\u00f3n sin esfuerzo.<\/span><\/li>\n<li><strong>Disponible en tallas desde la XXXS hasta la XL<\/strong><\/li>\n<\/ul>\n<p><span style=\"font-weight: 400;\">Desde la ic\u00f3nica punta del dedo roja hasta la \u00faltima puntada, la colecci\u00f3n <strong>UNLEASH<\/strong> encarna la filosof\u00eda de 32Five: compita al m\u00e1ximo, destaque y no se detenga ante nada.<\/span><\/p>\n<p><strong>Siga el rojo. Conduzca 32Five. <\/strong><\/p>\n<p><img decoding=\"async\" class=\"alignnone wp-image-222671 lazyload\" data-src=\"https:\/\/zamphelmets.co\/wp-content\/uploads\/2026\/01\/32F-SizeGuide-25-V1-scaled.webp\" alt=\"\" width=\"643\" height=\"346\" data-srcset=\"https:\/\/zamphelmets.co\/wp-content\/uploads\/2026\/01\/32F-SizeGuide-25-V1-scaled.webp 2560w, https:\/\/zamphelmets.co\/wp-content\/uploads\/2026\/01\/32F-SizeGuide-25-V1-300x161.webp 300w, https:\/\/zamphelmets.co\/wp-content\/uploads\/2026\/01\/32F-SizeGuide-25-V1-1024x551.webp 1024w, https:\/\/zamphelmets.co\/wp-content\/uploads\/2026\/01\/32F-SizeGuide-25-V1-768x413.webp 768w, https:\/\/zamphelmets.co\/wp-content\/uploads\/2026\/01\/32F-SizeGuide-25-V1-1536x826.webp 1536w, https:\/\/zamphelmets.co\/wp-content\/uploads\/2026\/01\/32F-SizeGuide-25-V1-2048x1101.webp 2048w, https:\/\/zamphelmets.co\/wp-content\/uploads\/2026\/01\/32F-SizeGuide-25-V1-600x323.webp 600w\" data-sizes=\"(max-width: 643px) 100vw, 643px\" src=\"data:image\/svg+xml;base64,PHN2ZyB3aWR0aD0iMSIgaGVpZ2h0PSIxIiB4bWxucz0iaHR0cDovL3d3dy53My5vcmcvMjAwMC9zdmciPjwvc3ZnPg==\" style=\"--smush-placeholder-width: 643px; --smush-placeholder-aspect-ratio: 643\/346;\" \/><\/p>\n<\/div>\n<\/div>\n<\/div>\n","protected":false},"excerpt":{"rendered":"<p>Descubra la colecci\u00f3n UNLEASH de 32Five: creada para pilotos que exigen m\u00e1s, conducen m\u00e1s r\u00e1pido y se niegan a conformarse. Dise\u00f1ados para pilotos de karting profesionales y aficionados, estos guantes fusionan materiales de primera calidad, un dise\u00f1o audaz y un rendimiento ganador en un conjunto inconfundible. Con la caracter\u00edstica punta del dedo en rojo, costuras [&hellip;]<\/p>\n","protected":false},"featured_media":189869,"comment_status":"open","ping_status":"closed","template":"","meta":{"_acf_changed":false,"_iconic_wsb_product_page_order_bump_ids":[[]],"_sku":[],"_iconic_wsb_product_page_bump_modal_ids":[[]]},"product_brand":[],"product_cat":[480,358,356],"product_tag":[],"class_list":{"0":"post-206944","1":"product","2":"type-product","3":"status-publish","4":"has-post-thumbnail","6":"product_cat-32five","7":"product_cat-guantes","8":"product_cat-proteccion-ropa","10":"first","11":"instock","12":"taxable","13":"shipping-taxable","14":"purchasable","15":"product-type-variable"},"acf":[],"yoast_head":"<!-- This site is optimized with the Yoast SEO plugin v27.0 - https:\/\/yoast.com\/product\/yoast-seo-wordpress\/ -->\n<title>UNLEASH - Azul - Guantes de Karting Premium<\/title>\n<meta name=\"description\" content=\"Los guantes de karting 32Five UNLEASH ofrecen agarre m\u00e1ximo, comodidad transpirable y control de precisi\u00f3n. Dise\u00f1ados para rendir y destacar en la pista.\" \/>\n<meta name=\"robots\" content=\"index, follow, max-snippet:-1, max-image-preview:large, max-video-preview:-1\" \/>\n<link rel=\"canonical\" href=\"https:\/\/zamphelmets.co\/es\/producto\/unleash-azul\/\" \/>\n<meta property=\"og:locale\" content=\"es_ES\" \/>\n<meta property=\"og:type\" content=\"article\" \/>\n<meta property=\"og:title\" content=\"UNLEASH - Azul - Guantes de Karting Premium\" \/>\n<meta property=\"og:description\" content=\"Los guantes de karting 32Five UNLEASH ofrecen agarre m\u00e1ximo, comodidad transpirable y control de precisi\u00f3n. Dise\u00f1ados para rendir y destacar en la pista.\" \/>\n<meta property=\"og:url\" content=\"https:\/\/zamphelmets.co\/es\/producto\/unleash-azul\/\" \/>\n<meta property=\"og:site_name\" content=\"Zamp Helmets | Helmet 28 EU\" \/>\n<meta property=\"article:modified_time\" content=\"2026-02-27T11:16:59+00:00\" \/>\n<meta property=\"og:image\" content=\"https:\/\/zamphelmets.co\/wp-content\/uploads\/2026\/01\/unleash_blue.jpeg\" \/>\n\t<meta property=\"og:image:width\" content=\"984\" \/>\n\t<meta property=\"og:image:height\" content=\"1000\" \/>\n\t<meta property=\"og:image:type\" content=\"image\/jpeg\" \/>\n<meta name=\"twitter:card\" content=\"summary_large_image\" \/>\n<meta name=\"twitter:label1\" content=\"Est. reading time\" \/>\n\t<meta name=\"twitter:data1\" content=\"1 minuto\" \/>\n<script type=\"application\/ld+json\" class=\"yoast-schema-graph\">{\"@context\":\"https:\/\/schema.org\",\"@graph\":[{\"@type\":\"WebPage\",\"@id\":\"https:\/\/zamphelmets.co\/es\/producto\/unleash-azul\/\",\"url\":\"https:\/\/zamphelmets.co\/es\/producto\/unleash-azul\/\",\"name\":\"UNLEASH - Azul - Guantes de Karting Premium\",\"isPartOf\":{\"@id\":\"https:\/\/zamphelmets.co\/es\/#website\"},\"primaryImageOfPage\":{\"@id\":\"https:\/\/zamphelmets.co\/es\/producto\/unleash-azul\/#primaryimage\"},\"image\":{\"@id\":\"https:\/\/zamphelmets.co\/es\/producto\/unleash-azul\/#primaryimage\"},\"thumbnailUrl\":\"https:\/\/zamphelmets.co\/wp-content\/uploads\/2026\/01\/unleash_blue.jpeg\",\"datePublished\":\"2026-01-26T11:24:26+00:00\",\"dateModified\":\"2026-02-27T11:16:59+00:00\",\"description\":\"Los guantes de karting 32Five UNLEASH ofrecen agarre m\u00e1ximo, comodidad transpirable y control de precisi\u00f3n. Dise\u00f1ados para rendir y destacar en la pista.\",\"breadcrumb\":{\"@id\":\"https:\/\/zamphelmets.co\/es\/producto\/unleash-azul\/#breadcrumb\"},\"inLanguage\":\"es\",\"potentialAction\":[{\"@type\":\"ReadAction\",\"target\":[\"https:\/\/zamphelmets.co\/es\/producto\/unleash-azul\/\"]}]},{\"@type\":\"ImageObject\",\"inLanguage\":\"es\",\"@id\":\"https:\/\/zamphelmets.co\/es\/producto\/unleash-azul\/#primaryimage\",\"url\":\"https:\/\/zamphelmets.co\/wp-content\/uploads\/2026\/01\/unleash_blue.jpeg\",\"contentUrl\":\"https:\/\/zamphelmets.co\/wp-content\/uploads\/2026\/01\/unleash_blue.jpeg\",\"width\":984,\"height\":1000},{\"@type\":\"BreadcrumbList\",\"@id\":\"https:\/\/zamphelmets.co\/es\/producto\/unleash-azul\/#breadcrumb\",\"itemListElement\":[{\"@type\":\"ListItem\",\"position\":1,\"name\":\"Tienda\",\"item\":\"https:\/\/zamphelmets.co\/es\/tienda\/\"},{\"@type\":\"ListItem\",\"position\":2,\"name\":\"UNLEASH &#8211; Azul\"}]},{\"@type\":\"WebSite\",\"@id\":\"https:\/\/zamphelmets.co\/es\/#website\",\"url\":\"https:\/\/zamphelmets.co\/es\/\",\"name\":\"Zamp Helmets | Helmet 28 EU\",\"description\":\"High Quality Motorsport Helmets\",\"potentialAction\":[{\"@type\":\"SearchAction\",\"target\":{\"@type\":\"EntryPoint\",\"urlTemplate\":\"https:\/\/zamphelmets.co\/es\/?s={search_term_string}\"},\"query-input\":{\"@type\":\"PropertyValueSpecification\",\"valueRequired\":true,\"valueName\":\"search_term_string\"}}],\"inLanguage\":\"es\"}]}<\/script>\n<!-- \/ Yoast SEO plugin. -->","yoast_head_json":{"title":"UNLEASH - Azul - Guantes de Karting Premium","description":"Los guantes de karting 32Five UNLEASH ofrecen agarre m\u00e1ximo, comodidad transpirable y control de precisi\u00f3n. Dise\u00f1ados para rendir y destacar en la pista.","robots":{"index":"index","follow":"follow","max-snippet":"max-snippet:-1","max-image-preview":"max-image-preview:large","max-video-preview":"max-video-preview:-1"},"canonical":"https:\/\/zamphelmets.co\/es\/producto\/unleash-azul\/","og_locale":"es_ES","og_type":"article","og_title":"UNLEASH - Azul - Guantes de Karting Premium","og_description":"Los guantes de karting 32Five UNLEASH ofrecen agarre m\u00e1ximo, comodidad transpirable y control de precisi\u00f3n. Dise\u00f1ados para rendir y destacar en la pista.","og_url":"https:\/\/zamphelmets.co\/es\/producto\/unleash-azul\/","og_site_name":"Zamp Helmets | Helmet 28 EU","article_modified_time":"2026-02-27T11:16:59+00:00","og_image":[{"width":984,"height":1000,"url":"https:\/\/zamphelmets.co\/wp-content\/uploads\/2026\/01\/unleash_blue.jpeg","type":"image\/jpeg"}],"twitter_card":"summary_large_image","twitter_misc":{"Est. reading time":"1 minuto"},"schema":{"@context":"https:\/\/schema.org","@graph":[{"@type":"WebPage","@id":"https:\/\/zamphelmets.co\/es\/producto\/unleash-azul\/","url":"https:\/\/zamphelmets.co\/es\/producto\/unleash-azul\/","name":"UNLEASH - Azul - Guantes de Karting Premium","isPartOf":{"@id":"https:\/\/zamphelmets.co\/es\/#website"},"primaryImageOfPage":{"@id":"https:\/\/zamphelmets.co\/es\/producto\/unleash-azul\/#primaryimage"},"image":{"@id":"https:\/\/zamphelmets.co\/es\/producto\/unleash-azul\/#primaryimage"},"thumbnailUrl":"https:\/\/zamphelmets.co\/wp-content\/uploads\/2026\/01\/unleash_blue.jpeg","datePublished":"2026-01-26T11:24:26+00:00","dateModified":"2026-02-27T11:16:59+00:00","description":"Los guantes de karting 32Five UNLEASH ofrecen agarre m\u00e1ximo, comodidad transpirable y control de precisi\u00f3n. Dise\u00f1ados para rendir y destacar en la pista.","breadcrumb":{"@id":"https:\/\/zamphelmets.co\/es\/producto\/unleash-azul\/#breadcrumb"},"inLanguage":"es","potentialAction":[{"@type":"ReadAction","target":["https:\/\/zamphelmets.co\/es\/producto\/unleash-azul\/"]}]},{"@type":"ImageObject","inLanguage":"es","@id":"https:\/\/zamphelmets.co\/es\/producto\/unleash-azul\/#primaryimage","url":"https:\/\/zamphelmets.co\/wp-content\/uploads\/2026\/01\/unleash_blue.jpeg","contentUrl":"https:\/\/zamphelmets.co\/wp-content\/uploads\/2026\/01\/unleash_blue.jpeg","width":984,"height":1000},{"@type":"BreadcrumbList","@id":"https:\/\/zamphelmets.co\/es\/producto\/unleash-azul\/#breadcrumb","itemListElement":[{"@type":"ListItem","position":1,"name":"Tienda","item":"https:\/\/zamphelmets.co\/es\/tienda\/"},{"@type":"ListItem","position":2,"name":"UNLEASH &#8211; Azul"}]},{"@type":"WebSite","@id":"https:\/\/zamphelmets.co\/es\/#website","url":"https:\/\/zamphelmets.co\/es\/","name":"Zamp Helmets | Helmet 28 EU","description":"High Quality Motorsport Helmets","potentialAction":[{"@type":"SearchAction","target":{"@type":"EntryPoint","urlTemplate":"https:\/\/zamphelmets.co\/es\/?s={search_term_string}"},"query-input":{"@type":"PropertyValueSpecification","valueRequired":true,"valueName":"search_term_string"}}],"inLanguage":"es"}]}},"_links":{"self":[{"href":"https:\/\/zamphelmets.co\/es\/wp-json\/wp\/v2\/product\/206944","targetHints":{"allow":["GET"]}}],"collection":[{"href":"https:\/\/zamphelmets.co\/es\/wp-json\/wp\/v2\/product"}],"about":[{"href":"https:\/\/zamphelmets.co\/es\/wp-json\/wp\/v2\/types\/product"}],"replies":[{"embeddable":true,"href":"https:\/\/zamphelmets.co\/es\/wp-json\/wp\/v2\/comments?post=206944"}],"wp:featuredmedia":[{"embeddable":true,"href":"https:\/\/zamphelmets.co\/es\/wp-json\/wp\/v2\/media\/189869"}],"wp:attachment":[{"href":"https:\/\/zamphelmets.co\/es\/wp-json\/wp\/v2\/media?parent=206944"}],"wp:term":[{"taxonomy":"product_brand","embeddable":true,"href":"https:\/\/zamphelmets.co\/es\/wp-json\/wp\/v2\/product_brand?post=206944"},{"taxonomy":"product_cat","embeddable":true,"href":"https:\/\/zamphelmets.co\/es\/wp-json\/wp\/v2\/product_cat?post=206944"},{"taxonomy":"product_tag","embeddable":true,"href":"https:\/\/zamphelmets.co\/es\/wp-json\/wp\/v2\/product_tag?post=206944"}],"curies":[{"name":"wp","href":"https:\/\/api.w.org\/{rel}","templated":true}]}}