{"id":206849,"date":"2026-01-26T11:24:37","date_gmt":"2026-01-26T11:24:37","guid":{"rendered":"https:\/\/zamphelmets.co\/product\/no-limits-negro\/"},"modified":"2026-02-27T11:18:04","modified_gmt":"2026-02-27T11:18:04","slug":"no-limits-negro","status":"publish","type":"product","link":"https:\/\/zamphelmets.co\/es\/producto\/no-limits-negro\/","title":{"rendered":"NO LIMITS &#8211; Negro"},"content":{"rendered":"<div class=\"container\">\n<div id=\"content\" class=\"site-content\">\n<div id=\"primary\" class=\"content-area\">\n<p><span style=\"font-weight: 400;\"><strong>Descubra la colecci\u00f3n NO LIMITS de 32Five<\/strong>: creada para pilotos que exigen m\u00e1s, conducen m\u00e1s r\u00e1pido y no se conforman. Dise\u00f1ados para profesionales y aficionados del karting, estos guantes combinan materiales de primera calidad, un dise\u00f1o audaz y un rendimiento ganador en un conjunto inconfundible. <\/span><\/p>\n<p><span style=\"font-weight: 400;\">Con la <strong>emblem\u00e1tica punta del dedo roja<\/strong>, costuras externas y ajuste ergon\u00f3mico precurvado, cada detalle busca el control y la comodidad. El tejido superior transpirable mantiene sus manos frescas bajo presi\u00f3n, mientras que la innovadora tecnolog\u00eda DriveSkin en la palma ofrece un agarre, precisi\u00f3n y durabilidad inigualables. <\/span><\/p>\n<p><span style=\"font-weight: 400;\">Nacidos de la mentalidad de un piloto y perfeccionados a trav\u00e9s de la competici\u00f3n, los <strong>guantes 32Five NO LIMITS<\/strong> est\u00e1n fabricados para rendir al m\u00e1s alto nivel, sin importar la intensidad de la carrera.<\/span><\/p>\n<ul>\n<li><span style=\"font-weight: 400;\"><strong>Costuras Externas<\/strong> \u2013 Reducci\u00f3n de la fricci\u00f3n y los puntos de presi\u00f3n para una comodidad y resistencia superiores.<\/span><\/li>\n<li><span style=\"font-weight: 400;\"><strong>Tejido Superior Transpirable<\/strong> \u2013 Ligero, suave y ventilado para un ajuste fresco y c\u00f3modo vuelta tras vuelta.<\/span><\/li>\n<li><span style=\"font-weight: 400;\"><strong>Tecnolog\u00eda DriveSkin en la Palma<\/strong> \u2013 M\u00e1ximo agarre, sensibilidad en la direcci\u00f3n y durabilidad para un control total del volante.<\/span><\/li>\n<li><span style=\"font-weight: 400;\"><strong>Ajuste Ergon\u00f3mico Precurvado<\/strong> \u2013 Apoya la posici\u00f3n natural de su mano para una mayor concentraci\u00f3n y precisi\u00f3n sin esfuerzo.<\/span><\/li>\n<li><strong>Disponible en tallas desde la XXXS hasta la XL<\/strong><\/li>\n<\/ul>\n<p><span style=\"font-weight: 400;\">Desde la ic\u00f3nica punta del dedo roja hasta la \u00faltima puntada, la colecci\u00f3n <strong>NO LIMITS<\/strong> encarna la filosof\u00eda de 32Five: compita al m\u00e1ximo, destaque y no se detenga ante nada.<\/span><\/p>\n<p><strong>Siga el rojo. Conduzca 32Five. <\/strong><\/p>\n<p><img decoding=\"async\" class=\"alignnone wp-image-222671 lazyload\" data-src=\"https:\/\/zamphelmets.co\/wp-content\/uploads\/2026\/01\/32F-SizeGuide-25-V1-scaled.webp\" alt=\"\" width=\"643\" height=\"346\" data-srcset=\"https:\/\/zamphelmets.co\/wp-content\/uploads\/2026\/01\/32F-SizeGuide-25-V1-scaled.webp 2560w, https:\/\/zamphelmets.co\/wp-content\/uploads\/2026\/01\/32F-SizeGuide-25-V1-300x161.webp 300w, https:\/\/zamphelmets.co\/wp-content\/uploads\/2026\/01\/32F-SizeGuide-25-V1-1024x551.webp 1024w, https:\/\/zamphelmets.co\/wp-content\/uploads\/2026\/01\/32F-SizeGuide-25-V1-768x413.webp 768w, https:\/\/zamphelmets.co\/wp-content\/uploads\/2026\/01\/32F-SizeGuide-25-V1-1536x826.webp 1536w, https:\/\/zamphelmets.co\/wp-content\/uploads\/2026\/01\/32F-SizeGuide-25-V1-2048x1101.webp 2048w, https:\/\/zamphelmets.co\/wp-content\/uploads\/2026\/01\/32F-SizeGuide-25-V1-600x323.webp 600w\" data-sizes=\"(max-width: 643px) 100vw, 643px\" src=\"data:image\/svg+xml;base64,PHN2ZyB3aWR0aD0iMSIgaGVpZ2h0PSIxIiB4bWxucz0iaHR0cDovL3d3dy53My5vcmcvMjAwMC9zdmciPjwvc3ZnPg==\" style=\"--smush-placeholder-width: 643px; --smush-placeholder-aspect-ratio: 643\/346;\" \/><\/p>\n<\/div>\n<\/div>\n<\/div>\n","protected":false},"excerpt":{"rendered":"<p>Descubra la colecci\u00f3n NO LIMITS de 32Five: creada para pilotos que exigen m\u00e1s, conducen m\u00e1s r\u00e1pido y no se conforman. Dise\u00f1ados para profesionales y aficionados del karting, estos guantes combinan materiales de primera calidad, un dise\u00f1o audaz y un rendimiento ganador en un conjunto inconfundible. Con la emblem\u00e1tica punta del dedo roja, costuras externas y [&hellip;]<\/p>\n","protected":false},"featured_media":189891,"comment_status":"open","ping_status":"closed","template":"","meta":{"_acf_changed":false,"_iconic_wsb_product_page_order_bump_ids":[[]],"_sku":[],"_iconic_wsb_product_page_bump_modal_ids":[[]]},"product_brand":[],"product_cat":[480,358,356],"product_tag":[],"class_list":{"0":"post-206849","1":"product","2":"type-product","3":"status-publish","4":"has-post-thumbnail","6":"product_cat-32five","7":"product_cat-guantes","8":"product_cat-proteccion-ropa","10":"first","11":"instock","12":"taxable","13":"shipping-taxable","14":"purchasable","15":"product-type-variable"},"acf":[],"yoast_head":"<!-- This site is optimized with the Yoast SEO plugin v27.0 - https:\/\/yoast.com\/product\/yoast-seo-wordpress\/ -->\n<title>NO LIMITS - Negro - Guantes de Karting Premium - 74,96 \u20ac<\/title>\n<meta name=\"description\" content=\"Los guantes de karting 32Five NO LIMITS ofrecen un agarre de \u00e9lite, comodidad transpirable y un control preciso. Dise\u00f1ados para pilotos que se esfuerzan m\u00e1s y conducen m\u00e1s r\u00e1pido.\" \/>\n<meta name=\"robots\" content=\"index, follow, max-snippet:-1, max-image-preview:large, max-video-preview:-1\" \/>\n<link rel=\"canonical\" href=\"https:\/\/zamphelmets.co\/es\/producto\/no-limits-negro\/\" \/>\n<meta property=\"og:locale\" content=\"es_ES\" \/>\n<meta property=\"og:type\" content=\"article\" \/>\n<meta property=\"og:title\" content=\"NO LIMITS - Negro - Guantes de Karting Premium - 74,96 \u20ac\" \/>\n<meta property=\"og:description\" content=\"Los guantes de karting 32Five NO LIMITS ofrecen un agarre de \u00e9lite, comodidad transpirable y un control preciso. Dise\u00f1ados para pilotos que se esfuerzan m\u00e1s y conducen m\u00e1s r\u00e1pido.\" \/>\n<meta property=\"og:url\" content=\"https:\/\/zamphelmets.co\/es\/producto\/no-limits-negro\/\" \/>\n<meta property=\"og:site_name\" content=\"Zamp Helmets | Helmet 28 EU\" \/>\n<meta property=\"article:modified_time\" content=\"2026-02-27T11:18:04+00:00\" \/>\n<meta property=\"og:image\" content=\"https:\/\/zamphelmets.co\/wp-content\/uploads\/2026\/01\/nolimits_black.jpeg\" \/>\n\t<meta property=\"og:image:width\" content=\"981\" \/>\n\t<meta property=\"og:image:height\" content=\"1000\" \/>\n\t<meta property=\"og:image:type\" content=\"image\/jpeg\" \/>\n<meta name=\"twitter:card\" content=\"summary_large_image\" \/>\n<meta name=\"twitter:label1\" content=\"Est. reading time\" \/>\n\t<meta name=\"twitter:data1\" content=\"1 minuto\" \/>\n<script type=\"application\/ld+json\" class=\"yoast-schema-graph\">{\"@context\":\"https:\/\/schema.org\",\"@graph\":[{\"@type\":\"WebPage\",\"@id\":\"https:\/\/zamphelmets.co\/es\/producto\/no-limits-negro\/\",\"url\":\"https:\/\/zamphelmets.co\/es\/producto\/no-limits-negro\/\",\"name\":\"NO LIMITS - Negro - Guantes de Karting Premium - 74,96 \u20ac\",\"isPartOf\":{\"@id\":\"https:\/\/zamphelmets.co\/es\/#website\"},\"primaryImageOfPage\":{\"@id\":\"https:\/\/zamphelmets.co\/es\/producto\/no-limits-negro\/#primaryimage\"},\"image\":{\"@id\":\"https:\/\/zamphelmets.co\/es\/producto\/no-limits-negro\/#primaryimage\"},\"thumbnailUrl\":\"https:\/\/zamphelmets.co\/wp-content\/uploads\/2026\/01\/nolimits_black.jpeg\",\"datePublished\":\"2026-01-26T11:24:37+00:00\",\"dateModified\":\"2026-02-27T11:18:04+00:00\",\"description\":\"Los guantes de karting 32Five NO LIMITS ofrecen un agarre de \u00e9lite, comodidad transpirable y un control preciso. Dise\u00f1ados para pilotos que se esfuerzan m\u00e1s y conducen m\u00e1s r\u00e1pido.\",\"breadcrumb\":{\"@id\":\"https:\/\/zamphelmets.co\/es\/producto\/no-limits-negro\/#breadcrumb\"},\"inLanguage\":\"es\",\"potentialAction\":[{\"@type\":\"ReadAction\",\"target\":[\"https:\/\/zamphelmets.co\/es\/producto\/no-limits-negro\/\"]}]},{\"@type\":\"ImageObject\",\"inLanguage\":\"es\",\"@id\":\"https:\/\/zamphelmets.co\/es\/producto\/no-limits-negro\/#primaryimage\",\"url\":\"https:\/\/zamphelmets.co\/wp-content\/uploads\/2026\/01\/nolimits_black.jpeg\",\"contentUrl\":\"https:\/\/zamphelmets.co\/wp-content\/uploads\/2026\/01\/nolimits_black.jpeg\",\"width\":981,\"height\":1000},{\"@type\":\"BreadcrumbList\",\"@id\":\"https:\/\/zamphelmets.co\/es\/producto\/no-limits-negro\/#breadcrumb\",\"itemListElement\":[{\"@type\":\"ListItem\",\"position\":1,\"name\":\"Tienda\",\"item\":\"https:\/\/zamphelmets.co\/es\/tienda\/\"},{\"@type\":\"ListItem\",\"position\":2,\"name\":\"NO LIMITS &#8211; Negro\"}]},{\"@type\":\"WebSite\",\"@id\":\"https:\/\/zamphelmets.co\/es\/#website\",\"url\":\"https:\/\/zamphelmets.co\/es\/\",\"name\":\"Zamp Helmets | Helmet 28 EU\",\"description\":\"High Quality Motorsport Helmets\",\"potentialAction\":[{\"@type\":\"SearchAction\",\"target\":{\"@type\":\"EntryPoint\",\"urlTemplate\":\"https:\/\/zamphelmets.co\/es\/?s={search_term_string}\"},\"query-input\":{\"@type\":\"PropertyValueSpecification\",\"valueRequired\":true,\"valueName\":\"search_term_string\"}}],\"inLanguage\":\"es\"}]}<\/script>\n<!-- \/ Yoast SEO plugin. -->","yoast_head_json":{"title":"NO LIMITS - Negro - Guantes de Karting Premium - 74,96 \u20ac","description":"Los guantes de karting 32Five NO LIMITS ofrecen un agarre de \u00e9lite, comodidad transpirable y un control preciso. Dise\u00f1ados para pilotos que se esfuerzan m\u00e1s y conducen m\u00e1s r\u00e1pido.","robots":{"index":"index","follow":"follow","max-snippet":"max-snippet:-1","max-image-preview":"max-image-preview:large","max-video-preview":"max-video-preview:-1"},"canonical":"https:\/\/zamphelmets.co\/es\/producto\/no-limits-negro\/","og_locale":"es_ES","og_type":"article","og_title":"NO LIMITS - Negro - Guantes de Karting Premium - 74,96 \u20ac","og_description":"Los guantes de karting 32Five NO LIMITS ofrecen un agarre de \u00e9lite, comodidad transpirable y un control preciso. Dise\u00f1ados para pilotos que se esfuerzan m\u00e1s y conducen m\u00e1s r\u00e1pido.","og_url":"https:\/\/zamphelmets.co\/es\/producto\/no-limits-negro\/","og_site_name":"Zamp Helmets | Helmet 28 EU","article_modified_time":"2026-02-27T11:18:04+00:00","og_image":[{"width":981,"height":1000,"url":"https:\/\/zamphelmets.co\/wp-content\/uploads\/2026\/01\/nolimits_black.jpeg","type":"image\/jpeg"}],"twitter_card":"summary_large_image","twitter_misc":{"Est. reading time":"1 minuto"},"schema":{"@context":"https:\/\/schema.org","@graph":[{"@type":"WebPage","@id":"https:\/\/zamphelmets.co\/es\/producto\/no-limits-negro\/","url":"https:\/\/zamphelmets.co\/es\/producto\/no-limits-negro\/","name":"NO LIMITS - Negro - Guantes de Karting Premium - 74,96 \u20ac","isPartOf":{"@id":"https:\/\/zamphelmets.co\/es\/#website"},"primaryImageOfPage":{"@id":"https:\/\/zamphelmets.co\/es\/producto\/no-limits-negro\/#primaryimage"},"image":{"@id":"https:\/\/zamphelmets.co\/es\/producto\/no-limits-negro\/#primaryimage"},"thumbnailUrl":"https:\/\/zamphelmets.co\/wp-content\/uploads\/2026\/01\/nolimits_black.jpeg","datePublished":"2026-01-26T11:24:37+00:00","dateModified":"2026-02-27T11:18:04+00:00","description":"Los guantes de karting 32Five NO LIMITS ofrecen un agarre de \u00e9lite, comodidad transpirable y un control preciso. Dise\u00f1ados para pilotos que se esfuerzan m\u00e1s y conducen m\u00e1s r\u00e1pido.","breadcrumb":{"@id":"https:\/\/zamphelmets.co\/es\/producto\/no-limits-negro\/#breadcrumb"},"inLanguage":"es","potentialAction":[{"@type":"ReadAction","target":["https:\/\/zamphelmets.co\/es\/producto\/no-limits-negro\/"]}]},{"@type":"ImageObject","inLanguage":"es","@id":"https:\/\/zamphelmets.co\/es\/producto\/no-limits-negro\/#primaryimage","url":"https:\/\/zamphelmets.co\/wp-content\/uploads\/2026\/01\/nolimits_black.jpeg","contentUrl":"https:\/\/zamphelmets.co\/wp-content\/uploads\/2026\/01\/nolimits_black.jpeg","width":981,"height":1000},{"@type":"BreadcrumbList","@id":"https:\/\/zamphelmets.co\/es\/producto\/no-limits-negro\/#breadcrumb","itemListElement":[{"@type":"ListItem","position":1,"name":"Tienda","item":"https:\/\/zamphelmets.co\/es\/tienda\/"},{"@type":"ListItem","position":2,"name":"NO LIMITS &#8211; Negro"}]},{"@type":"WebSite","@id":"https:\/\/zamphelmets.co\/es\/#website","url":"https:\/\/zamphelmets.co\/es\/","name":"Zamp Helmets | Helmet 28 EU","description":"High Quality Motorsport Helmets","potentialAction":[{"@type":"SearchAction","target":{"@type":"EntryPoint","urlTemplate":"https:\/\/zamphelmets.co\/es\/?s={search_term_string}"},"query-input":{"@type":"PropertyValueSpecification","valueRequired":true,"valueName":"search_term_string"}}],"inLanguage":"es"}]}},"_links":{"self":[{"href":"https:\/\/zamphelmets.co\/es\/wp-json\/wp\/v2\/product\/206849","targetHints":{"allow":["GET"]}}],"collection":[{"href":"https:\/\/zamphelmets.co\/es\/wp-json\/wp\/v2\/product"}],"about":[{"href":"https:\/\/zamphelmets.co\/es\/wp-json\/wp\/v2\/types\/product"}],"replies":[{"embeddable":true,"href":"https:\/\/zamphelmets.co\/es\/wp-json\/wp\/v2\/comments?post=206849"}],"wp:featuredmedia":[{"embeddable":true,"href":"https:\/\/zamphelmets.co\/es\/wp-json\/wp\/v2\/media\/189891"}],"wp:attachment":[{"href":"https:\/\/zamphelmets.co\/es\/wp-json\/wp\/v2\/media?parent=206849"}],"wp:term":[{"taxonomy":"product_brand","embeddable":true,"href":"https:\/\/zamphelmets.co\/es\/wp-json\/wp\/v2\/product_brand?post=206849"},{"taxonomy":"product_cat","embeddable":true,"href":"https:\/\/zamphelmets.co\/es\/wp-json\/wp\/v2\/product_cat?post=206849"},{"taxonomy":"product_tag","embeddable":true,"href":"https:\/\/zamphelmets.co\/es\/wp-json\/wp\/v2\/product_tag?post=206849"}],"curies":[{"name":"wp","href":"https:\/\/api.w.org\/{rel}","templated":true}]}}