{"id":206676,"date":"2026-01-26T11:25:30","date_gmt":"2026-01-26T11:25:30","guid":{"rendered":"https:\/\/zamphelmets.co\/product\/plus-f-push-your-limit-negro-fuego-neon\/"},"modified":"2026-02-27T10:56:52","modified_gmt":"2026-02-27T10:56:52","slug":"plus-f-push-your-limit-negro-fuego-neon","status":"publish","type":"product","link":"https:\/\/zamphelmets.co\/es\/producto\/plus-f-push-your-limit-negro-fuego-neon\/","title":{"rendered":"\u00abPLUS F\u00bb &#8211; PUSH YOUR LIMIT &#8211; Negro\/Fuego Ne\u00f3n"},"content":{"rendered":"<p><span style=\"font-weight: 400;\">Descubra los <strong>guantes de karting 32Five PLUS F \u2013 PUSH YOUR LIMIT<\/strong>, los <strong>primeros guantes de la marca totalmente homologados por la FIA<\/strong>, dise\u00f1ados para pilotos de competici\u00f3n que exigen protecci\u00f3n certificada sin renunciar al tacto, el ajuste o el impacto visual.<\/span><\/p>\n<p><span style=\"font-weight: 400;\">Homologada seg\u00fan la <strong>norma FIA 8877-2022<\/strong>, la gama PLUS F marca una gran evoluci\u00f3n para 32Five, combinando seguridad de competici\u00f3n con un confort refinado y un dise\u00f1o inconfundible. El color NO LIMITS presenta un <strong>atrevido acabado BLACK\/NEON FIRE<\/strong>, ofreciendo una est\u00e9tica limpia y agresiva que destaca en la parrilla. <\/span><\/p>\n<p><span style=\"font-weight: 400;\">Dise\u00f1ados espec\u00edficamente para el karting de alta intensidad, los guantes PLUS F priorizan el control, la durabilidad y la comodidad en sesiones largas, cumpliendo las \u00faltimas normativas FIA.<\/span><\/p>\n<p><strong>Caracter\u00edsticas clave de un vistazo<\/strong><\/p>\n<ul>\n<li><span style=\"font-weight: 400;\"><strong>Homologaci\u00f3n FIA 8877-2022<\/strong> &#8211; <\/span>Aprobada para karting de competici\u00f3n, proporcionando confianza y conformidad tanto a nivel de club como de campeonato.<\/li>\n<li><span style=\"font-weight: 400;\"><strong>Costuras exteriores<\/strong> &#8211; <\/span>Costuras situadas en el exterior para minimizar los puntos de presi\u00f3n internos y reducir la fricci\u00f3n, mejorando la comodidad durante un uso prolongado.<\/li>\n<li><span style=\"font-weight: 400;\"><strong>Parte superior ligera y transpirable<\/strong> &#8211; <\/span>Tejido avanzado que favorece el flujo de aire para mantener las manos frescas, manteniendo un tacto suave y flexible.<\/li>\n<li><span style=\"font-weight: 400;\"><strong>Palma con agarre DriveSkin\u2122<\/strong> &#8211; <\/span>Material de alto rendimiento en la palma dise\u00f1ado para una respuesta precisa de la direcci\u00f3n, un agarre firme y una excelente resistencia al desgaste.<\/li>\n<li><span style=\"font-weight: 400;\"><strong>Forma ergon\u00f3mica precurvada<\/strong> &#8211; <\/span>Dise\u00f1ada para seguir la posici\u00f3n natural de la mano, reduciendo la fatiga y mejorando el control durante la carrera.<\/li>\n<\/ul>\n<p><span style=\"font-weight: 400;\">Cada elemento \u2014desde la <strong>caracter\u00edstica punta del dedo en rojo<\/strong> hasta las <strong>costuras de precisi\u00f3n<\/strong>\u2014 refleja un enfoque en la longevidad, el rendimiento y la conexi\u00f3n con el piloto. Son guantes de karting <strong>creados para pilotos que operan al l\u00edmite<\/strong> y esperan que su equipo haga lo mismo. <\/span><\/p>\n<p><strong>Listos para competir. Homologados por la FIA. Inconfundiblemente 32Five.  <\/strong><\/p>\n<p><img decoding=\"async\" class=\"alignnone wp-image-222671 lazyload\" data-src=\"https:\/\/zamphelmets.co\/wp-content\/uploads\/2026\/01\/32F-SizeGuide-25-V1-scaled.webp\" alt=\"\" width=\"500\" height=\"269\" data-srcset=\"https:\/\/zamphelmets.co\/wp-content\/uploads\/2026\/01\/32F-SizeGuide-25-V1-scaled.webp 2560w, https:\/\/zamphelmets.co\/wp-content\/uploads\/2026\/01\/32F-SizeGuide-25-V1-300x161.webp 300w, https:\/\/zamphelmets.co\/wp-content\/uploads\/2026\/01\/32F-SizeGuide-25-V1-1024x551.webp 1024w, https:\/\/zamphelmets.co\/wp-content\/uploads\/2026\/01\/32F-SizeGuide-25-V1-768x413.webp 768w, https:\/\/zamphelmets.co\/wp-content\/uploads\/2026\/01\/32F-SizeGuide-25-V1-1536x826.webp 1536w, https:\/\/zamphelmets.co\/wp-content\/uploads\/2026\/01\/32F-SizeGuide-25-V1-2048x1101.webp 2048w, https:\/\/zamphelmets.co\/wp-content\/uploads\/2026\/01\/32F-SizeGuide-25-V1-600x323.webp 600w\" data-sizes=\"(max-width: 500px) 100vw, 500px\" src=\"data:image\/svg+xml;base64,PHN2ZyB3aWR0aD0iMSIgaGVpZ2h0PSIxIiB4bWxucz0iaHR0cDovL3d3dy53My5vcmcvMjAwMC9zdmciPjwvc3ZnPg==\" style=\"--smush-placeholder-width: 500px; --smush-placeholder-aspect-ratio: 500\/269;\" \/><\/p>\n","protected":false},"excerpt":{"rendered":"<p>Descubra los guantes de karting 32Five PLUS F \u2013 PUSH YOUR LIMIT, los primeros guantes de la marca totalmente homologados por la FIA, dise\u00f1ados para pilotos de competici\u00f3n que exigen protecci\u00f3n certificada sin renunciar al tacto, el ajuste o el impacto visual. Homologada seg\u00fan la norma FIA 8877-2022, la gama PLUS F marca una gran [&hellip;]<\/p>\n","protected":false},"featured_media":190012,"comment_status":"open","ping_status":"closed","template":"","meta":{"_acf_changed":false,"_iconic_wsb_product_page_order_bump_ids":[[]],"_sku":[],"_iconic_wsb_product_page_bump_modal_ids":[[]]},"product_brand":[],"product_cat":[480,358,356],"product_tag":[],"class_list":{"0":"post-206676","1":"product","2":"type-product","3":"status-publish","4":"has-post-thumbnail","6":"product_cat-32five","7":"product_cat-guantes","8":"product_cat-proteccion-ropa","10":"first","11":"instock","12":"taxable","13":"shipping-taxable","14":"purchasable","15":"product-type-variable"},"acf":[],"yoast_head":"<!-- This site is optimized with the Yoast SEO plugin v27.0 - https:\/\/yoast.com\/product\/yoast-seo-wordpress\/ -->\n<title>\u00abPLUS F\u00bb - PUSH YOUR LIMIT - Negro\/Fuego Ne\u00f3n - Guante de karting FIA<\/title>\n<meta name=\"description\" content=\"Los guantes de karting 32Five PLUS F cuentan con la homologaci\u00f3n FIA 8877-2022, ofreciendo protecci\u00f3n de competici\u00f3n, agarre DriveSkin y control de precisi\u00f3n para pilotos profesionales.\" \/>\n<meta name=\"robots\" content=\"index, follow, max-snippet:-1, max-image-preview:large, max-video-preview:-1\" \/>\n<link rel=\"canonical\" href=\"https:\/\/zamphelmets.co\/es\/producto\/plus-f-push-your-limit-negro-fuego-neon\/\" \/>\n<meta property=\"og:locale\" content=\"es_ES\" \/>\n<meta property=\"og:type\" content=\"article\" \/>\n<meta property=\"og:title\" content=\"\u00abPLUS F\u00bb - PUSH YOUR LIMIT - Negro\/Fuego Ne\u00f3n - Guante de karting FIA\" \/>\n<meta property=\"og:description\" content=\"Los guantes de karting 32Five PLUS F cuentan con la homologaci\u00f3n FIA 8877-2022, ofreciendo protecci\u00f3n de competici\u00f3n, agarre DriveSkin y control de precisi\u00f3n para pilotos profesionales.\" \/>\n<meta property=\"og:url\" content=\"https:\/\/zamphelmets.co\/es\/producto\/plus-f-push-your-limit-negro-fuego-neon\/\" \/>\n<meta property=\"og:site_name\" content=\"Zamp Helmets | Helmet 28 EU\" \/>\n<meta property=\"article:modified_time\" content=\"2026-02-27T10:56:52+00:00\" \/>\n<meta property=\"og:image\" content=\"https:\/\/zamphelmets.co\/wp-content\/uploads\/2026\/01\/fireee.jpeg\" \/>\n\t<meta property=\"og:image:width\" content=\"969\" \/>\n\t<meta property=\"og:image:height\" content=\"1000\" \/>\n\t<meta property=\"og:image:type\" content=\"image\/jpeg\" \/>\n<meta name=\"twitter:card\" content=\"summary_large_image\" \/>\n<meta name=\"twitter:label1\" content=\"Est. reading time\" \/>\n\t<meta name=\"twitter:data1\" content=\"2 minutos\" \/>\n<script type=\"application\/ld+json\" class=\"yoast-schema-graph\">{\"@context\":\"https:\/\/schema.org\",\"@graph\":[{\"@type\":\"WebPage\",\"@id\":\"https:\/\/zamphelmets.co\/es\/producto\/plus-f-push-your-limit-negro-fuego-neon\/\",\"url\":\"https:\/\/zamphelmets.co\/es\/producto\/plus-f-push-your-limit-negro-fuego-neon\/\",\"name\":\"\u00abPLUS F\u00bb - PUSH YOUR LIMIT - Negro\/Fuego Ne\u00f3n - Guante de karting FIA\",\"isPartOf\":{\"@id\":\"https:\/\/zamphelmets.co\/es\/#website\"},\"primaryImageOfPage\":{\"@id\":\"https:\/\/zamphelmets.co\/es\/producto\/plus-f-push-your-limit-negro-fuego-neon\/#primaryimage\"},\"image\":{\"@id\":\"https:\/\/zamphelmets.co\/es\/producto\/plus-f-push-your-limit-negro-fuego-neon\/#primaryimage\"},\"thumbnailUrl\":\"https:\/\/zamphelmets.co\/wp-content\/uploads\/2026\/01\/fireee.jpeg\",\"datePublished\":\"2026-01-26T11:25:30+00:00\",\"dateModified\":\"2026-02-27T10:56:52+00:00\",\"description\":\"Los guantes de karting 32Five PLUS F cuentan con la homologaci\u00f3n FIA 8877-2022, ofreciendo protecci\u00f3n de competici\u00f3n, agarre DriveSkin y control de precisi\u00f3n para pilotos profesionales.\",\"breadcrumb\":{\"@id\":\"https:\/\/zamphelmets.co\/es\/producto\/plus-f-push-your-limit-negro-fuego-neon\/#breadcrumb\"},\"inLanguage\":\"es\",\"potentialAction\":[{\"@type\":\"ReadAction\",\"target\":[\"https:\/\/zamphelmets.co\/es\/producto\/plus-f-push-your-limit-negro-fuego-neon\/\"]}]},{\"@type\":\"ImageObject\",\"inLanguage\":\"es\",\"@id\":\"https:\/\/zamphelmets.co\/es\/producto\/plus-f-push-your-limit-negro-fuego-neon\/#primaryimage\",\"url\":\"https:\/\/zamphelmets.co\/wp-content\/uploads\/2026\/01\/fireee.jpeg\",\"contentUrl\":\"https:\/\/zamphelmets.co\/wp-content\/uploads\/2026\/01\/fireee.jpeg\",\"width\":969,\"height\":1000},{\"@type\":\"BreadcrumbList\",\"@id\":\"https:\/\/zamphelmets.co\/es\/producto\/plus-f-push-your-limit-negro-fuego-neon\/#breadcrumb\",\"itemListElement\":[{\"@type\":\"ListItem\",\"position\":1,\"name\":\"Tienda\",\"item\":\"https:\/\/zamphelmets.co\/es\/tienda\/\"},{\"@type\":\"ListItem\",\"position\":2,\"name\":\"\u00abPLUS F\u00bb &#8211; PUSH YOUR LIMIT &#8211; Negro\/Fuego Ne\u00f3n\"}]},{\"@type\":\"WebSite\",\"@id\":\"https:\/\/zamphelmets.co\/es\/#website\",\"url\":\"https:\/\/zamphelmets.co\/es\/\",\"name\":\"Zamp Helmets | Helmet 28 EU\",\"description\":\"High Quality Motorsport Helmets\",\"potentialAction\":[{\"@type\":\"SearchAction\",\"target\":{\"@type\":\"EntryPoint\",\"urlTemplate\":\"https:\/\/zamphelmets.co\/es\/?s={search_term_string}\"},\"query-input\":{\"@type\":\"PropertyValueSpecification\",\"valueRequired\":true,\"valueName\":\"search_term_string\"}}],\"inLanguage\":\"es\"}]}<\/script>\n<!-- \/ Yoast SEO plugin. -->","yoast_head_json":{"title":"\u00abPLUS F\u00bb - PUSH YOUR LIMIT - Negro\/Fuego Ne\u00f3n - Guante de karting FIA","description":"Los guantes de karting 32Five PLUS F cuentan con la homologaci\u00f3n FIA 8877-2022, ofreciendo protecci\u00f3n de competici\u00f3n, agarre DriveSkin y control de precisi\u00f3n para pilotos profesionales.","robots":{"index":"index","follow":"follow","max-snippet":"max-snippet:-1","max-image-preview":"max-image-preview:large","max-video-preview":"max-video-preview:-1"},"canonical":"https:\/\/zamphelmets.co\/es\/producto\/plus-f-push-your-limit-negro-fuego-neon\/","og_locale":"es_ES","og_type":"article","og_title":"\u00abPLUS F\u00bb - PUSH YOUR LIMIT - Negro\/Fuego Ne\u00f3n - Guante de karting FIA","og_description":"Los guantes de karting 32Five PLUS F cuentan con la homologaci\u00f3n FIA 8877-2022, ofreciendo protecci\u00f3n de competici\u00f3n, agarre DriveSkin y control de precisi\u00f3n para pilotos profesionales.","og_url":"https:\/\/zamphelmets.co\/es\/producto\/plus-f-push-your-limit-negro-fuego-neon\/","og_site_name":"Zamp Helmets | Helmet 28 EU","article_modified_time":"2026-02-27T10:56:52+00:00","og_image":[{"width":969,"height":1000,"url":"https:\/\/zamphelmets.co\/wp-content\/uploads\/2026\/01\/fireee.jpeg","type":"image\/jpeg"}],"twitter_card":"summary_large_image","twitter_misc":{"Est. reading time":"2 minutos"},"schema":{"@context":"https:\/\/schema.org","@graph":[{"@type":"WebPage","@id":"https:\/\/zamphelmets.co\/es\/producto\/plus-f-push-your-limit-negro-fuego-neon\/","url":"https:\/\/zamphelmets.co\/es\/producto\/plus-f-push-your-limit-negro-fuego-neon\/","name":"\u00abPLUS F\u00bb - PUSH YOUR LIMIT - Negro\/Fuego Ne\u00f3n - Guante de karting FIA","isPartOf":{"@id":"https:\/\/zamphelmets.co\/es\/#website"},"primaryImageOfPage":{"@id":"https:\/\/zamphelmets.co\/es\/producto\/plus-f-push-your-limit-negro-fuego-neon\/#primaryimage"},"image":{"@id":"https:\/\/zamphelmets.co\/es\/producto\/plus-f-push-your-limit-negro-fuego-neon\/#primaryimage"},"thumbnailUrl":"https:\/\/zamphelmets.co\/wp-content\/uploads\/2026\/01\/fireee.jpeg","datePublished":"2026-01-26T11:25:30+00:00","dateModified":"2026-02-27T10:56:52+00:00","description":"Los guantes de karting 32Five PLUS F cuentan con la homologaci\u00f3n FIA 8877-2022, ofreciendo protecci\u00f3n de competici\u00f3n, agarre DriveSkin y control de precisi\u00f3n para pilotos profesionales.","breadcrumb":{"@id":"https:\/\/zamphelmets.co\/es\/producto\/plus-f-push-your-limit-negro-fuego-neon\/#breadcrumb"},"inLanguage":"es","potentialAction":[{"@type":"ReadAction","target":["https:\/\/zamphelmets.co\/es\/producto\/plus-f-push-your-limit-negro-fuego-neon\/"]}]},{"@type":"ImageObject","inLanguage":"es","@id":"https:\/\/zamphelmets.co\/es\/producto\/plus-f-push-your-limit-negro-fuego-neon\/#primaryimage","url":"https:\/\/zamphelmets.co\/wp-content\/uploads\/2026\/01\/fireee.jpeg","contentUrl":"https:\/\/zamphelmets.co\/wp-content\/uploads\/2026\/01\/fireee.jpeg","width":969,"height":1000},{"@type":"BreadcrumbList","@id":"https:\/\/zamphelmets.co\/es\/producto\/plus-f-push-your-limit-negro-fuego-neon\/#breadcrumb","itemListElement":[{"@type":"ListItem","position":1,"name":"Tienda","item":"https:\/\/zamphelmets.co\/es\/tienda\/"},{"@type":"ListItem","position":2,"name":"\u00abPLUS F\u00bb &#8211; PUSH YOUR LIMIT &#8211; Negro\/Fuego Ne\u00f3n"}]},{"@type":"WebSite","@id":"https:\/\/zamphelmets.co\/es\/#website","url":"https:\/\/zamphelmets.co\/es\/","name":"Zamp Helmets | Helmet 28 EU","description":"High Quality Motorsport Helmets","potentialAction":[{"@type":"SearchAction","target":{"@type":"EntryPoint","urlTemplate":"https:\/\/zamphelmets.co\/es\/?s={search_term_string}"},"query-input":{"@type":"PropertyValueSpecification","valueRequired":true,"valueName":"search_term_string"}}],"inLanguage":"es"}]}},"_links":{"self":[{"href":"https:\/\/zamphelmets.co\/es\/wp-json\/wp\/v2\/product\/206676","targetHints":{"allow":["GET"]}}],"collection":[{"href":"https:\/\/zamphelmets.co\/es\/wp-json\/wp\/v2\/product"}],"about":[{"href":"https:\/\/zamphelmets.co\/es\/wp-json\/wp\/v2\/types\/product"}],"replies":[{"embeddable":true,"href":"https:\/\/zamphelmets.co\/es\/wp-json\/wp\/v2\/comments?post=206676"}],"wp:featuredmedia":[{"embeddable":true,"href":"https:\/\/zamphelmets.co\/es\/wp-json\/wp\/v2\/media\/190012"}],"wp:attachment":[{"href":"https:\/\/zamphelmets.co\/es\/wp-json\/wp\/v2\/media?parent=206676"}],"wp:term":[{"taxonomy":"product_brand","embeddable":true,"href":"https:\/\/zamphelmets.co\/es\/wp-json\/wp\/v2\/product_brand?post=206676"},{"taxonomy":"product_cat","embeddable":true,"href":"https:\/\/zamphelmets.co\/es\/wp-json\/wp\/v2\/product_cat?post=206676"},{"taxonomy":"product_tag","embeddable":true,"href":"https:\/\/zamphelmets.co\/es\/wp-json\/wp\/v2\/product_tag?post=206676"}],"curies":[{"name":"wp","href":"https:\/\/api.w.org\/{rel}","templated":true}]}}