{"id":206606,"date":"2026-01-26T11:26:37","date_gmt":"2026-01-26T11:26:37","guid":{"rendered":"https:\/\/zamphelmets.co\/product\/sotocasco-no-limits-amarillo-verde-fluor\/"},"modified":"2026-02-27T10:44:07","modified_gmt":"2026-02-27T10:44:07","slug":"sotocasco-no-limits-amarillo-verde-fluor","status":"publish","type":"product","link":"https:\/\/zamphelmets.co\/es\/producto\/sotocasco-no-limits-amarillo-verde-fluor\/","title":{"rendered":"Sotocasco NO LIMITS &#8211; Amarillo\/verde fl\u00faor"},"content":{"rendered":"<p><span style=\"font-weight: 400;\">Complete su look de d\u00eda de carrera con el <strong>32Five PUSH YOUR LIMIT Balaclava<\/strong> \u2014 una nueva incorporaci\u00f3n tanto a la gama 32Five como a la l\u00ednea Helmet 28.<\/span><\/p>\n<p><span style=\"font-weight: 400;\">Dise\u00f1ado para <strong>complementar a la perfecci\u00f3n sus guantes de karting 32Five favoritos<\/strong>, este pasamonta\u00f1as ofrece el equilibrio ideal entre rendimiento, comodidad y estilo. Ya sea que compita con colores llamativos o prefiera una est\u00e9tica limpia y orientada al rendimiento, es el toque final que eleva su equipamiento y le mantiene concentrado cuando m\u00e1s importa. <\/span><\/p>\n<p><span style=\"font-weight: 400;\">Fabricado con <strong>poli\u00e9ster de alto rendimiento 100%<\/strong>, es ultraligero y transpirable, ajust\u00e1ndose perfectamente bajo su casco para mantenerle fresco, seco y c\u00f3modo \u2014 vuelta tras vuelta.<\/span><\/p>\n<p><strong>Caracter\u00edsticas principales<\/strong><\/p>\n<ul>\n<li><span style=\"font-weight: 400;\">Poli\u00e9ster de alto rendimiento 100% \u2013 ligero, suave y listo para la carrera<\/span><\/li>\n<li><span style=\"font-weight: 400;\">Transpirable y con control de humedad \u2013 ayuda a regular la temperatura y a gestionar el sudor<\/span><\/li>\n<li><span style=\"font-weight: 400;\">Ajuste perfecto bajo el casco \u2013 dise\u00f1ado para la comodidad con cualquier casco<\/span><\/li>\n<li><span style=\"font-weight: 400;\">Construcci\u00f3n duradera \u2013 dise\u00f1ado para soportar las exigencias del d\u00eda de carrera<\/span><\/li>\n<li><span style=\"font-weight: 400;\">Unisex | Talla \u00fanica (se ajusta a la mayor\u00eda)<\/span><\/li>\n<\/ul>\n<p><span style=\"font-weight: 400;\">Perfecto para pilotos de karting y automovilismo que desean que su ropa de carrera rinda tanto como ellos \u2014 el <strong>32Five PUSH YOUR LIMIT Balaclava<\/strong> est\u00e1 hecho para durar.<\/span><\/p>\n","protected":false},"excerpt":{"rendered":"<p>Complete su look de d\u00eda de carrera con el 32Five PUSH YOUR LIMIT Balaclava \u2014 una nueva incorporaci\u00f3n tanto a la gama 32Five como a la l\u00ednea Helmet 28. Dise\u00f1ado para complementar a la perfecci\u00f3n sus guantes de karting 32Five favoritos, este pasamonta\u00f1as ofrece el equilibrio ideal entre rendimiento, comodidad y estilo. Ya sea que [&hellip;]<\/p>\n","protected":false},"featured_media":190154,"comment_status":"open","ping_status":"closed","template":"","meta":{"_acf_changed":false,"_iconic_wsb_product_page_order_bump_ids":[[]],"_sku":["32Five-Balaclava-006-C"],"_iconic_wsb_product_page_bump_modal_ids":[[]]},"product_brand":[],"product_cat":[480,378,356],"product_tag":[],"class_list":{"0":"post-206606","1":"product","2":"type-product","3":"status-publish","4":"has-post-thumbnail","6":"product_cat-32five","7":"product_cat-proteccion","8":"product_cat-proteccion-ropa","10":"first","11":"instock","12":"taxable","13":"shipping-taxable","14":"purchasable","15":"product-type-simple"},"acf":[],"yoast_head":"<!-- This site is optimized with the Yoast SEO plugin v27.0 - https:\/\/yoast.com\/product\/yoast-seo-wordpress\/ -->\n<title>Sotocasco NO LIMITS - Amarillo\/verde fl\u00faor - Zamp Helmets | Helmet 28 EU<\/title>\n<meta name=\"description\" content=\"Sotocasco 32Five PUSH YOUR LIMIT fabricado en poli\u00e9ster ligero y transpirable para una comodidad total durante todo el d\u00eda. Ajuste sin costuras para karting y automovilismo.\" \/>\n<meta name=\"robots\" content=\"index, follow, max-snippet:-1, max-image-preview:large, max-video-preview:-1\" \/>\n<link rel=\"canonical\" href=\"https:\/\/zamphelmets.co\/es\/producto\/sotocasco-no-limits-amarillo-verde-fluor\/\" \/>\n<meta property=\"og:locale\" content=\"es_ES\" \/>\n<meta property=\"og:type\" content=\"article\" \/>\n<meta property=\"og:title\" content=\"Sotocasco NO LIMITS - Amarillo\/verde fl\u00faor - Zamp Helmets | Helmet 28 EU\" \/>\n<meta property=\"og:description\" content=\"Sotocasco 32Five PUSH YOUR LIMIT fabricado en poli\u00e9ster ligero y transpirable para una comodidad total durante todo el d\u00eda. Ajuste sin costuras para karting y automovilismo.\" \/>\n<meta property=\"og:url\" content=\"https:\/\/zamphelmets.co\/es\/producto\/sotocasco-no-limits-amarillo-verde-fluor\/\" \/>\n<meta property=\"og:site_name\" content=\"Zamp Helmets | Helmet 28 EU\" \/>\n<meta property=\"article:modified_time\" content=\"2026-02-27T10:44:07+00:00\" \/>\n<meta property=\"og:image\" content=\"https:\/\/zamphelmets.co\/wp-content\/uploads\/2026\/01\/Unknown.jpeg\" \/>\n\t<meta property=\"og:image:width\" content=\"960\" \/>\n\t<meta property=\"og:image:height\" content=\"960\" \/>\n\t<meta property=\"og:image:type\" content=\"image\/jpeg\" \/>\n<meta name=\"twitter:card\" content=\"summary_large_image\" \/>\n<meta name=\"twitter:label1\" content=\"Est. reading time\" \/>\n\t<meta name=\"twitter:data1\" content=\"1 minuto\" \/>\n<script type=\"application\/ld+json\" class=\"yoast-schema-graph\">{\"@context\":\"https:\/\/schema.org\",\"@graph\":[{\"@type\":\"WebPage\",\"@id\":\"https:\/\/zamphelmets.co\/es\/producto\/sotocasco-no-limits-amarillo-verde-fluor\/\",\"url\":\"https:\/\/zamphelmets.co\/es\/producto\/sotocasco-no-limits-amarillo-verde-fluor\/\",\"name\":\"Sotocasco NO LIMITS - Amarillo\/verde fl\u00faor - Zamp Helmets | Helmet 28 EU\",\"isPartOf\":{\"@id\":\"https:\/\/zamphelmets.co\/es\/#website\"},\"primaryImageOfPage\":{\"@id\":\"https:\/\/zamphelmets.co\/es\/producto\/sotocasco-no-limits-amarillo-verde-fluor\/#primaryimage\"},\"image\":{\"@id\":\"https:\/\/zamphelmets.co\/es\/producto\/sotocasco-no-limits-amarillo-verde-fluor\/#primaryimage\"},\"thumbnailUrl\":\"https:\/\/zamphelmets.co\/wp-content\/uploads\/2026\/01\/Unknown.jpeg\",\"datePublished\":\"2026-01-26T11:26:37+00:00\",\"dateModified\":\"2026-02-27T10:44:07+00:00\",\"description\":\"Sotocasco 32Five PUSH YOUR LIMIT fabricado en poli\u00e9ster ligero y transpirable para una comodidad total durante todo el d\u00eda. Ajuste sin costuras para karting y automovilismo.\",\"breadcrumb\":{\"@id\":\"https:\/\/zamphelmets.co\/es\/producto\/sotocasco-no-limits-amarillo-verde-fluor\/#breadcrumb\"},\"inLanguage\":\"es\",\"potentialAction\":[{\"@type\":\"ReadAction\",\"target\":[\"https:\/\/zamphelmets.co\/es\/producto\/sotocasco-no-limits-amarillo-verde-fluor\/\"]}]},{\"@type\":\"ImageObject\",\"inLanguage\":\"es\",\"@id\":\"https:\/\/zamphelmets.co\/es\/producto\/sotocasco-no-limits-amarillo-verde-fluor\/#primaryimage\",\"url\":\"https:\/\/zamphelmets.co\/wp-content\/uploads\/2026\/01\/Unknown.jpeg\",\"contentUrl\":\"https:\/\/zamphelmets.co\/wp-content\/uploads\/2026\/01\/Unknown.jpeg\",\"width\":960,\"height\":960},{\"@type\":\"BreadcrumbList\",\"@id\":\"https:\/\/zamphelmets.co\/es\/producto\/sotocasco-no-limits-amarillo-verde-fluor\/#breadcrumb\",\"itemListElement\":[{\"@type\":\"ListItem\",\"position\":1,\"name\":\"Tienda\",\"item\":\"https:\/\/zamphelmets.co\/es\/tienda\/\"},{\"@type\":\"ListItem\",\"position\":2,\"name\":\"Sotocasco NO LIMITS &#8211; Amarillo\/verde fl\u00faor\"}]},{\"@type\":\"WebSite\",\"@id\":\"https:\/\/zamphelmets.co\/es\/#website\",\"url\":\"https:\/\/zamphelmets.co\/es\/\",\"name\":\"Zamp Helmets | Helmet 28 EU\",\"description\":\"High Quality Motorsport Helmets\",\"potentialAction\":[{\"@type\":\"SearchAction\",\"target\":{\"@type\":\"EntryPoint\",\"urlTemplate\":\"https:\/\/zamphelmets.co\/es\/?s={search_term_string}\"},\"query-input\":{\"@type\":\"PropertyValueSpecification\",\"valueRequired\":true,\"valueName\":\"search_term_string\"}}],\"inLanguage\":\"es\"}]}<\/script>\n<!-- \/ Yoast SEO plugin. -->","yoast_head_json":{"title":"Sotocasco NO LIMITS - Amarillo\/verde fl\u00faor - Zamp Helmets | Helmet 28 EU","description":"Sotocasco 32Five PUSH YOUR LIMIT fabricado en poli\u00e9ster ligero y transpirable para una comodidad total durante todo el d\u00eda. Ajuste sin costuras para karting y automovilismo.","robots":{"index":"index","follow":"follow","max-snippet":"max-snippet:-1","max-image-preview":"max-image-preview:large","max-video-preview":"max-video-preview:-1"},"canonical":"https:\/\/zamphelmets.co\/es\/producto\/sotocasco-no-limits-amarillo-verde-fluor\/","og_locale":"es_ES","og_type":"article","og_title":"Sotocasco NO LIMITS - Amarillo\/verde fl\u00faor - Zamp Helmets | Helmet 28 EU","og_description":"Sotocasco 32Five PUSH YOUR LIMIT fabricado en poli\u00e9ster ligero y transpirable para una comodidad total durante todo el d\u00eda. Ajuste sin costuras para karting y automovilismo.","og_url":"https:\/\/zamphelmets.co\/es\/producto\/sotocasco-no-limits-amarillo-verde-fluor\/","og_site_name":"Zamp Helmets | Helmet 28 EU","article_modified_time":"2026-02-27T10:44:07+00:00","og_image":[{"width":960,"height":960,"url":"https:\/\/zamphelmets.co\/wp-content\/uploads\/2026\/01\/Unknown.jpeg","type":"image\/jpeg"}],"twitter_card":"summary_large_image","twitter_misc":{"Est. reading time":"1 minuto"},"schema":{"@context":"https:\/\/schema.org","@graph":[{"@type":"WebPage","@id":"https:\/\/zamphelmets.co\/es\/producto\/sotocasco-no-limits-amarillo-verde-fluor\/","url":"https:\/\/zamphelmets.co\/es\/producto\/sotocasco-no-limits-amarillo-verde-fluor\/","name":"Sotocasco NO LIMITS - Amarillo\/verde fl\u00faor - Zamp Helmets | Helmet 28 EU","isPartOf":{"@id":"https:\/\/zamphelmets.co\/es\/#website"},"primaryImageOfPage":{"@id":"https:\/\/zamphelmets.co\/es\/producto\/sotocasco-no-limits-amarillo-verde-fluor\/#primaryimage"},"image":{"@id":"https:\/\/zamphelmets.co\/es\/producto\/sotocasco-no-limits-amarillo-verde-fluor\/#primaryimage"},"thumbnailUrl":"https:\/\/zamphelmets.co\/wp-content\/uploads\/2026\/01\/Unknown.jpeg","datePublished":"2026-01-26T11:26:37+00:00","dateModified":"2026-02-27T10:44:07+00:00","description":"Sotocasco 32Five PUSH YOUR LIMIT fabricado en poli\u00e9ster ligero y transpirable para una comodidad total durante todo el d\u00eda. Ajuste sin costuras para karting y automovilismo.","breadcrumb":{"@id":"https:\/\/zamphelmets.co\/es\/producto\/sotocasco-no-limits-amarillo-verde-fluor\/#breadcrumb"},"inLanguage":"es","potentialAction":[{"@type":"ReadAction","target":["https:\/\/zamphelmets.co\/es\/producto\/sotocasco-no-limits-amarillo-verde-fluor\/"]}]},{"@type":"ImageObject","inLanguage":"es","@id":"https:\/\/zamphelmets.co\/es\/producto\/sotocasco-no-limits-amarillo-verde-fluor\/#primaryimage","url":"https:\/\/zamphelmets.co\/wp-content\/uploads\/2026\/01\/Unknown.jpeg","contentUrl":"https:\/\/zamphelmets.co\/wp-content\/uploads\/2026\/01\/Unknown.jpeg","width":960,"height":960},{"@type":"BreadcrumbList","@id":"https:\/\/zamphelmets.co\/es\/producto\/sotocasco-no-limits-amarillo-verde-fluor\/#breadcrumb","itemListElement":[{"@type":"ListItem","position":1,"name":"Tienda","item":"https:\/\/zamphelmets.co\/es\/tienda\/"},{"@type":"ListItem","position":2,"name":"Sotocasco NO LIMITS &#8211; Amarillo\/verde fl\u00faor"}]},{"@type":"WebSite","@id":"https:\/\/zamphelmets.co\/es\/#website","url":"https:\/\/zamphelmets.co\/es\/","name":"Zamp Helmets | Helmet 28 EU","description":"High Quality Motorsport Helmets","potentialAction":[{"@type":"SearchAction","target":{"@type":"EntryPoint","urlTemplate":"https:\/\/zamphelmets.co\/es\/?s={search_term_string}"},"query-input":{"@type":"PropertyValueSpecification","valueRequired":true,"valueName":"search_term_string"}}],"inLanguage":"es"}]}},"_links":{"self":[{"href":"https:\/\/zamphelmets.co\/es\/wp-json\/wp\/v2\/product\/206606","targetHints":{"allow":["GET"]}}],"collection":[{"href":"https:\/\/zamphelmets.co\/es\/wp-json\/wp\/v2\/product"}],"about":[{"href":"https:\/\/zamphelmets.co\/es\/wp-json\/wp\/v2\/types\/product"}],"replies":[{"embeddable":true,"href":"https:\/\/zamphelmets.co\/es\/wp-json\/wp\/v2\/comments?post=206606"}],"wp:featuredmedia":[{"embeddable":true,"href":"https:\/\/zamphelmets.co\/es\/wp-json\/wp\/v2\/media\/190154"}],"wp:attachment":[{"href":"https:\/\/zamphelmets.co\/es\/wp-json\/wp\/v2\/media?parent=206606"}],"wp:term":[{"taxonomy":"product_brand","embeddable":true,"href":"https:\/\/zamphelmets.co\/es\/wp-json\/wp\/v2\/product_brand?post=206606"},{"taxonomy":"product_cat","embeddable":true,"href":"https:\/\/zamphelmets.co\/es\/wp-json\/wp\/v2\/product_cat?post=206606"},{"taxonomy":"product_tag","embeddable":true,"href":"https:\/\/zamphelmets.co\/es\/wp-json\/wp\/v2\/product_tag?post=206606"}],"curies":[{"name":"wp","href":"https:\/\/api.w.org\/{rel}","templated":true}]}}