{"id":205596,"date":"2026-01-26T11:26:31","date_gmt":"2026-01-26T11:26:31","guid":{"rendered":"https:\/\/zamphelmets.co\/product\/balaclava-unleash-negra-y-blanca-asimetrica\/"},"modified":"2026-02-27T10:44:03","modified_gmt":"2026-02-27T10:44:03","slug":"balaclava-unleash-negra-y-blanca-asimetrica","status":"publish","type":"product","link":"https:\/\/zamphelmets.co\/es\/producto\/balaclava-unleash-negra-y-blanca-asimetrica\/","title":{"rendered":"Balaclava UNLEASH &#8211; Negra y Blanca Asim\u00e9trica"},"content":{"rendered":"<p><span style=\"font-weight: 400;\">Complete su look de d\u00eda de carrera con el <strong>pasamonta\u00f1as 32Five UNLEASH<\/strong>, una incorporaci\u00f3n totalmente nueva tanto a la gama 32Five como a la l\u00ednea Helmet 28.<\/span><\/p>\n<p><span style=\"font-weight: 400;\">Dise\u00f1ado para <strong>complementar a la perfecci\u00f3n sus guantes de karting 32Five favoritos<\/strong>, este pasamonta\u00f1as ofrece el equilibrio ideal entre rendimiento, comodidad y estilo. Tanto si compite con colores llamativos como si prefiere una est\u00e9tica limpia y orientada al rendimiento, es el toque final que eleva su equipaci\u00f3n y le mantiene concentrado cuando m\u00e1s importa. <\/span><\/p>\n<p><span style=\"font-weight: 400;\">Confeccionado en <strong>poli\u00e9ster de alto rendimiento 100%<\/strong>, es ultraligero y transpirable, y se ajusta perfectamente bajo el casco para mantenerle fresco, seco y c\u00f3modo, vuelta tras vuelta.<\/span><\/p>\n<p><strong>Caracter\u00edsticas principales<\/strong><\/p>\n<ul>\n<li><span style=\"font-weight: 400;\">Poli\u00e9ster de alto rendimiento 100%: ligero, suave y listo para competir<\/span><\/li>\n<li><span style=\"font-weight: 400;\">Transpirable y evacua la humedad: ayuda a regular la temperatura y a controlar el sudor<\/span><\/li>\n<li><span style=\"font-weight: 400;\">Ajuste sin costuras bajo el casco: dise\u00f1ado para ofrecer comodidad con cualquier casco<\/span><\/li>\n<li><span style=\"font-weight: 400;\">Construcci\u00f3n duradera: dise\u00f1ada para resistir las exigencias del d\u00eda de carrera<\/span><\/li>\n<li><span style=\"font-weight: 400;\">Unisex | Talla \u00fanica (se ajusta a la mayor\u00eda)<\/span><\/li>\n<\/ul>\n<p><span style=\"font-weight: 400;\">Perfecto para pilotos de karting y automovilismo que quieren que su equipaci\u00f3n rinda tan duro como ellos: el <strong>pasamonta\u00f1as 32Five UNLEASH<\/strong> est\u00e1 hecho para llegar hasta el final.<\/span><\/p>\n","protected":false},"excerpt":{"rendered":"<p>Complete su look de d\u00eda de carrera con el pasamonta\u00f1as 32Five UNLEASH, una incorporaci\u00f3n totalmente nueva tanto a la gama 32Five como a la l\u00ednea Helmet 28. Dise\u00f1ado para complementar a la perfecci\u00f3n sus guantes de karting 32Five favoritos, este pasamonta\u00f1as ofrece el equilibrio ideal entre rendimiento, comodidad y estilo. Tanto si compite con colores [&hellip;]<\/p>\n","protected":false},"featured_media":190142,"comment_status":"open","ping_status":"closed","template":"","meta":{"_acf_changed":false,"_iconic_wsb_product_page_order_bump_ids":[[]],"_sku":["32Five-Balaclava-005-C"],"_iconic_wsb_product_page_bump_modal_ids":[[]]},"product_brand":[],"product_cat":[480,358,356],"product_tag":[],"class_list":{"0":"post-205596","1":"product","2":"type-product","3":"status-publish","4":"has-post-thumbnail","6":"product_cat-32five","7":"product_cat-guantes","8":"product_cat-proteccion-ropa","10":"first","11":"instock","12":"taxable","13":"shipping-taxable","14":"purchasable","15":"product-type-simple"},"acf":[],"yoast_head":"<!-- This site is optimized with the Yoast SEO plugin v27.0 - https:\/\/yoast.com\/product\/yoast-seo-wordpress\/ -->\n<title>Balaclava UNLEASH - Negra y Blanca Asim\u00e9trica - Zamp Helmets | Helmet 28 EU<\/title>\n<meta name=\"description\" content=\"Balaclava 32Five UNLEASH fabricada en poli\u00e9ster transpirable y ligero para una comodidad durante todo el d\u00eda. Ajuste sin costuras para karting y automovilismo.\" \/>\n<meta name=\"robots\" content=\"index, follow, max-snippet:-1, max-image-preview:large, max-video-preview:-1\" \/>\n<link rel=\"canonical\" href=\"https:\/\/zamphelmets.co\/es\/producto\/balaclava-unleash-negra-y-blanca-asimetrica\/\" \/>\n<meta property=\"og:locale\" content=\"es_ES\" \/>\n<meta property=\"og:type\" content=\"article\" \/>\n<meta property=\"og:title\" content=\"Balaclava UNLEASH - Negra y Blanca Asim\u00e9trica - Zamp Helmets | Helmet 28 EU\" \/>\n<meta property=\"og:description\" content=\"Balaclava 32Five UNLEASH fabricada en poli\u00e9ster transpirable y ligero para una comodidad durante todo el d\u00eda. Ajuste sin costuras para karting y automovilismo.\" \/>\n<meta property=\"og:url\" content=\"https:\/\/zamphelmets.co\/es\/producto\/balaclava-unleash-negra-y-blanca-asimetrica\/\" \/>\n<meta property=\"og:site_name\" content=\"Zamp Helmets | Helmet 28 EU\" \/>\n<meta property=\"article:modified_time\" content=\"2026-02-27T10:44:03+00:00\" \/>\n<meta property=\"og:image\" content=\"https:\/\/zamphelmets.co\/wp-content\/uploads\/2026\/01\/Unknown-1.jpeg\" \/>\n\t<meta property=\"og:image:width\" content=\"960\" \/>\n\t<meta property=\"og:image:height\" content=\"960\" \/>\n\t<meta property=\"og:image:type\" content=\"image\/jpeg\" \/>\n<meta name=\"twitter:card\" content=\"summary_large_image\" \/>\n<meta name=\"twitter:label1\" content=\"Est. reading time\" \/>\n\t<meta name=\"twitter:data1\" content=\"1 minuto\" \/>\n<script type=\"application\/ld+json\" class=\"yoast-schema-graph\">{\"@context\":\"https:\/\/schema.org\",\"@graph\":[{\"@type\":\"WebPage\",\"@id\":\"https:\/\/zamphelmets.co\/es\/producto\/balaclava-unleash-negra-y-blanca-asimetrica\/\",\"url\":\"https:\/\/zamphelmets.co\/es\/producto\/balaclava-unleash-negra-y-blanca-asimetrica\/\",\"name\":\"Balaclava UNLEASH - Negra y Blanca Asim\u00e9trica - Zamp Helmets | Helmet 28 EU\",\"isPartOf\":{\"@id\":\"https:\/\/zamphelmets.co\/es\/#website\"},\"primaryImageOfPage\":{\"@id\":\"https:\/\/zamphelmets.co\/es\/producto\/balaclava-unleash-negra-y-blanca-asimetrica\/#primaryimage\"},\"image\":{\"@id\":\"https:\/\/zamphelmets.co\/es\/producto\/balaclava-unleash-negra-y-blanca-asimetrica\/#primaryimage\"},\"thumbnailUrl\":\"https:\/\/zamphelmets.co\/wp-content\/uploads\/2026\/01\/Unknown-1.jpeg\",\"datePublished\":\"2026-01-26T11:26:31+00:00\",\"dateModified\":\"2026-02-27T10:44:03+00:00\",\"description\":\"Balaclava 32Five UNLEASH fabricada en poli\u00e9ster transpirable y ligero para una comodidad durante todo el d\u00eda. Ajuste sin costuras para karting y automovilismo.\",\"breadcrumb\":{\"@id\":\"https:\/\/zamphelmets.co\/es\/producto\/balaclava-unleash-negra-y-blanca-asimetrica\/#breadcrumb\"},\"inLanguage\":\"es\",\"potentialAction\":[{\"@type\":\"ReadAction\",\"target\":[\"https:\/\/zamphelmets.co\/es\/producto\/balaclava-unleash-negra-y-blanca-asimetrica\/\"]}]},{\"@type\":\"ImageObject\",\"inLanguage\":\"es\",\"@id\":\"https:\/\/zamphelmets.co\/es\/producto\/balaclava-unleash-negra-y-blanca-asimetrica\/#primaryimage\",\"url\":\"https:\/\/zamphelmets.co\/wp-content\/uploads\/2026\/01\/Unknown-1.jpeg\",\"contentUrl\":\"https:\/\/zamphelmets.co\/wp-content\/uploads\/2026\/01\/Unknown-1.jpeg\",\"width\":960,\"height\":960},{\"@type\":\"BreadcrumbList\",\"@id\":\"https:\/\/zamphelmets.co\/es\/producto\/balaclava-unleash-negra-y-blanca-asimetrica\/#breadcrumb\",\"itemListElement\":[{\"@type\":\"ListItem\",\"position\":1,\"name\":\"Tienda\",\"item\":\"https:\/\/zamphelmets.co\/es\/tienda\/\"},{\"@type\":\"ListItem\",\"position\":2,\"name\":\"Balaclava UNLEASH &#8211; Negra y Blanca Asim\u00e9trica\"}]},{\"@type\":\"WebSite\",\"@id\":\"https:\/\/zamphelmets.co\/es\/#website\",\"url\":\"https:\/\/zamphelmets.co\/es\/\",\"name\":\"Zamp Helmets | Helmet 28 EU\",\"description\":\"High Quality Motorsport Helmets\",\"potentialAction\":[{\"@type\":\"SearchAction\",\"target\":{\"@type\":\"EntryPoint\",\"urlTemplate\":\"https:\/\/zamphelmets.co\/es\/?s={search_term_string}\"},\"query-input\":{\"@type\":\"PropertyValueSpecification\",\"valueRequired\":true,\"valueName\":\"search_term_string\"}}],\"inLanguage\":\"es\"}]}<\/script>\n<!-- \/ Yoast SEO plugin. -->","yoast_head_json":{"title":"Balaclava UNLEASH - Negra y Blanca Asim\u00e9trica - Zamp Helmets | Helmet 28 EU","description":"Balaclava 32Five UNLEASH fabricada en poli\u00e9ster transpirable y ligero para una comodidad durante todo el d\u00eda. Ajuste sin costuras para karting y automovilismo.","robots":{"index":"index","follow":"follow","max-snippet":"max-snippet:-1","max-image-preview":"max-image-preview:large","max-video-preview":"max-video-preview:-1"},"canonical":"https:\/\/zamphelmets.co\/es\/producto\/balaclava-unleash-negra-y-blanca-asimetrica\/","og_locale":"es_ES","og_type":"article","og_title":"Balaclava UNLEASH - Negra y Blanca Asim\u00e9trica - Zamp Helmets | Helmet 28 EU","og_description":"Balaclava 32Five UNLEASH fabricada en poli\u00e9ster transpirable y ligero para una comodidad durante todo el d\u00eda. Ajuste sin costuras para karting y automovilismo.","og_url":"https:\/\/zamphelmets.co\/es\/producto\/balaclava-unleash-negra-y-blanca-asimetrica\/","og_site_name":"Zamp Helmets | Helmet 28 EU","article_modified_time":"2026-02-27T10:44:03+00:00","og_image":[{"width":960,"height":960,"url":"https:\/\/zamphelmets.co\/wp-content\/uploads\/2026\/01\/Unknown-1.jpeg","type":"image\/jpeg"}],"twitter_card":"summary_large_image","twitter_misc":{"Est. reading time":"1 minuto"},"schema":{"@context":"https:\/\/schema.org","@graph":[{"@type":"WebPage","@id":"https:\/\/zamphelmets.co\/es\/producto\/balaclava-unleash-negra-y-blanca-asimetrica\/","url":"https:\/\/zamphelmets.co\/es\/producto\/balaclava-unleash-negra-y-blanca-asimetrica\/","name":"Balaclava UNLEASH - Negra y Blanca Asim\u00e9trica - Zamp Helmets | Helmet 28 EU","isPartOf":{"@id":"https:\/\/zamphelmets.co\/es\/#website"},"primaryImageOfPage":{"@id":"https:\/\/zamphelmets.co\/es\/producto\/balaclava-unleash-negra-y-blanca-asimetrica\/#primaryimage"},"image":{"@id":"https:\/\/zamphelmets.co\/es\/producto\/balaclava-unleash-negra-y-blanca-asimetrica\/#primaryimage"},"thumbnailUrl":"https:\/\/zamphelmets.co\/wp-content\/uploads\/2026\/01\/Unknown-1.jpeg","datePublished":"2026-01-26T11:26:31+00:00","dateModified":"2026-02-27T10:44:03+00:00","description":"Balaclava 32Five UNLEASH fabricada en poli\u00e9ster transpirable y ligero para una comodidad durante todo el d\u00eda. Ajuste sin costuras para karting y automovilismo.","breadcrumb":{"@id":"https:\/\/zamphelmets.co\/es\/producto\/balaclava-unleash-negra-y-blanca-asimetrica\/#breadcrumb"},"inLanguage":"es","potentialAction":[{"@type":"ReadAction","target":["https:\/\/zamphelmets.co\/es\/producto\/balaclava-unleash-negra-y-blanca-asimetrica\/"]}]},{"@type":"ImageObject","inLanguage":"es","@id":"https:\/\/zamphelmets.co\/es\/producto\/balaclava-unleash-negra-y-blanca-asimetrica\/#primaryimage","url":"https:\/\/zamphelmets.co\/wp-content\/uploads\/2026\/01\/Unknown-1.jpeg","contentUrl":"https:\/\/zamphelmets.co\/wp-content\/uploads\/2026\/01\/Unknown-1.jpeg","width":960,"height":960},{"@type":"BreadcrumbList","@id":"https:\/\/zamphelmets.co\/es\/producto\/balaclava-unleash-negra-y-blanca-asimetrica\/#breadcrumb","itemListElement":[{"@type":"ListItem","position":1,"name":"Tienda","item":"https:\/\/zamphelmets.co\/es\/tienda\/"},{"@type":"ListItem","position":2,"name":"Balaclava UNLEASH &#8211; Negra y Blanca Asim\u00e9trica"}]},{"@type":"WebSite","@id":"https:\/\/zamphelmets.co\/es\/#website","url":"https:\/\/zamphelmets.co\/es\/","name":"Zamp Helmets | Helmet 28 EU","description":"High Quality Motorsport Helmets","potentialAction":[{"@type":"SearchAction","target":{"@type":"EntryPoint","urlTemplate":"https:\/\/zamphelmets.co\/es\/?s={search_term_string}"},"query-input":{"@type":"PropertyValueSpecification","valueRequired":true,"valueName":"search_term_string"}}],"inLanguage":"es"}]}},"_links":{"self":[{"href":"https:\/\/zamphelmets.co\/es\/wp-json\/wp\/v2\/product\/205596","targetHints":{"allow":["GET"]}}],"collection":[{"href":"https:\/\/zamphelmets.co\/es\/wp-json\/wp\/v2\/product"}],"about":[{"href":"https:\/\/zamphelmets.co\/es\/wp-json\/wp\/v2\/types\/product"}],"replies":[{"embeddable":true,"href":"https:\/\/zamphelmets.co\/es\/wp-json\/wp\/v2\/comments?post=205596"}],"wp:featuredmedia":[{"embeddable":true,"href":"https:\/\/zamphelmets.co\/es\/wp-json\/wp\/v2\/media\/190142"}],"wp:attachment":[{"href":"https:\/\/zamphelmets.co\/es\/wp-json\/wp\/v2\/media?parent=205596"}],"wp:term":[{"taxonomy":"product_brand","embeddable":true,"href":"https:\/\/zamphelmets.co\/es\/wp-json\/wp\/v2\/product_brand?post=205596"},{"taxonomy":"product_cat","embeddable":true,"href":"https:\/\/zamphelmets.co\/es\/wp-json\/wp\/v2\/product_cat?post=205596"},{"taxonomy":"product_tag","embeddable":true,"href":"https:\/\/zamphelmets.co\/es\/wp-json\/wp\/v2\/product_tag?post=205596"}],"curies":[{"name":"wp","href":"https:\/\/api.w.org\/{rel}","templated":true}]}}