{"id":205587,"date":"2026-01-26T11:26:25","date_gmt":"2026-01-26T11:26:25","guid":{"rendered":"https:\/\/zamphelmets.co\/product\/sotocasco-smile-to-win-ice-blue\/"},"modified":"2026-02-27T10:44:15","modified_gmt":"2026-02-27T10:44:15","slug":"sotocasco-smile-to-win-ice-blue","status":"publish","type":"product","link":"https:\/\/zamphelmets.co\/es\/producto\/sotocasco-smile-to-win-ice-blue\/","title":{"rendered":"Sotocasco SMILE TO WIN &#8211; Ice Blue"},"content":{"rendered":"<p><span style=\"font-weight: 400;\">Complete su look para el d\u00eda de la carrera con el <strong>Balaclava 32Five SMILE TO WIN<\/strong> \u2014 una flamante incorporaci\u00f3n tanto a la gama 32Five como a la l\u00ednea Helmet 28.<\/span><\/p>\n<p><span style=\"font-weight: 400;\">Dise\u00f1ado para <strong>complementar a la perfecci\u00f3n sus guantes de karting 32Five favoritos<\/strong>, este balaclava ofrece el equilibrio ideal entre rendimiento, comodidad y estilo. Ya sea que compita con colores llamativos o prefiera una est\u00e9tica limpia y orientada al rendimiento, es el toque final que eleva su equipaci\u00f3n y le mantiene concentrado cuando m\u00e1s importa. <\/span><\/p>\n<p><span style=\"font-weight: 400;\">Fabricado con <strong>poli\u00e9ster 100% de alto rendimiento<\/strong>, es ultraligero y transpirable, ajust\u00e1ndose perfectamente bajo su casco para mantenerle fresco, seco y c\u00f3modo \u2014 vuelta tras vuelta.<\/span><\/p>\n<p><strong>Caracter\u00edsticas principales<\/strong><\/p>\n<ul>\n<li><span style=\"font-weight: 400;\">100% Poli\u00e9ster de Alto Rendimiento \u2013 ligero, suave y listo para la carrera<\/span><\/li>\n<li><span style=\"font-weight: 400;\">Transpirable y con Gesti\u00f3n de la Humedad \u2013 ayuda a regular la temperatura y a controlar el sudor<\/span><\/li>\n<li><span style=\"font-weight: 400;\">Ajuste Perfecto Bajo el Casco \u2013 dise\u00f1ado para la comodidad con cualquier casco<\/span><\/li>\n<li><span style=\"font-weight: 400;\">Construcci\u00f3n Duradera \u2013 dise\u00f1ado para soportar las exigencias del d\u00eda de la carrera<\/span><\/li>\n<li><span style=\"font-weight: 400;\">Unisex | Talla \u00fanica (se ajusta a la mayor\u00eda)<\/span><\/li>\n<\/ul>\n<p><span style=\"font-weight: 400;\">Perfecto para pilotos de karting y automovilismo que quieren que su ropa de competici\u00f3n rinda tanto como ellos \u2014 el <strong>Balaclava 32Five SMILE TO WIN<\/strong> est\u00e1 hecho para durar.<\/span><\/p>\n","protected":false},"excerpt":{"rendered":"<p>Complete su look para el d\u00eda de la carrera con el Balaclava 32Five SMILE TO WIN \u2014 una flamante incorporaci\u00f3n tanto a la gama 32Five como a la l\u00ednea Helmet 28. Dise\u00f1ado para complementar a la perfecci\u00f3n sus guantes de karting 32Five favoritos, este balaclava ofrece el equilibrio ideal entre rendimiento, comodidad y estilo. Ya [&hellip;]<\/p>\n","protected":false},"featured_media":190129,"comment_status":"open","ping_status":"closed","template":"","meta":{"_acf_changed":false,"_iconic_wsb_product_page_order_bump_ids":[[]],"_sku":["32Five-Balaclava-004-C"],"_iconic_wsb_product_page_bump_modal_ids":[[]]},"product_brand":[],"product_cat":[480,378,356],"product_tag":[],"class_list":{"0":"post-205587","1":"product","2":"type-product","3":"status-publish","4":"has-post-thumbnail","6":"product_cat-32five","7":"product_cat-proteccion","8":"product_cat-proteccion-ropa","10":"first","11":"instock","12":"taxable","13":"shipping-taxable","14":"purchasable","15":"product-type-simple"},"acf":[],"yoast_head":"<!-- This site is optimized with the Yoast SEO plugin v27.0 - https:\/\/yoast.com\/product\/yoast-seo-wordpress\/ -->\n<title>Sotocasco SMILE TO WIN - Ice Blue - Zamp Helmets | Helmet 28 EU<\/title>\n<meta name=\"description\" content=\"Sotocasco 32Five SMILE TO WIN fabricado en poli\u00e9ster ligero y transpirable para un confort total. Ajuste sin costuras dise\u00f1ado para karting y automovilismo.\" \/>\n<meta name=\"robots\" content=\"index, follow, max-snippet:-1, max-image-preview:large, max-video-preview:-1\" \/>\n<link rel=\"canonical\" href=\"https:\/\/zamphelmets.co\/es\/producto\/sotocasco-smile-to-win-ice-blue\/\" \/>\n<meta property=\"og:locale\" content=\"es_ES\" \/>\n<meta property=\"og:type\" content=\"article\" \/>\n<meta property=\"og:title\" content=\"Sotocasco SMILE TO WIN - Ice Blue - Zamp Helmets | Helmet 28 EU\" \/>\n<meta property=\"og:description\" content=\"Sotocasco 32Five SMILE TO WIN fabricado en poli\u00e9ster ligero y transpirable para un confort total. Ajuste sin costuras dise\u00f1ado para karting y automovilismo.\" \/>\n<meta property=\"og:url\" content=\"https:\/\/zamphelmets.co\/es\/producto\/sotocasco-smile-to-win-ice-blue\/\" \/>\n<meta property=\"og:site_name\" content=\"Zamp Helmets | Helmet 28 EU\" \/>\n<meta property=\"article:modified_time\" content=\"2026-02-27T10:44:15+00:00\" \/>\n<meta property=\"og:image\" content=\"https:\/\/zamphelmets.co\/wp-content\/uploads\/2026\/01\/Unknown-2.jpeg\" \/>\n\t<meta property=\"og:image:width\" content=\"960\" \/>\n\t<meta property=\"og:image:height\" content=\"960\" \/>\n\t<meta property=\"og:image:type\" content=\"image\/jpeg\" \/>\n<meta name=\"twitter:card\" content=\"summary_large_image\" \/>\n<meta name=\"twitter:label1\" content=\"Est. reading time\" \/>\n\t<meta name=\"twitter:data1\" content=\"1 minuto\" \/>\n<script type=\"application\/ld+json\" class=\"yoast-schema-graph\">{\"@context\":\"https:\/\/schema.org\",\"@graph\":[{\"@type\":\"WebPage\",\"@id\":\"https:\/\/zamphelmets.co\/es\/producto\/sotocasco-smile-to-win-ice-blue\/\",\"url\":\"https:\/\/zamphelmets.co\/es\/producto\/sotocasco-smile-to-win-ice-blue\/\",\"name\":\"Sotocasco SMILE TO WIN - Ice Blue - Zamp Helmets | Helmet 28 EU\",\"isPartOf\":{\"@id\":\"https:\/\/zamphelmets.co\/es\/#website\"},\"primaryImageOfPage\":{\"@id\":\"https:\/\/zamphelmets.co\/es\/producto\/sotocasco-smile-to-win-ice-blue\/#primaryimage\"},\"image\":{\"@id\":\"https:\/\/zamphelmets.co\/es\/producto\/sotocasco-smile-to-win-ice-blue\/#primaryimage\"},\"thumbnailUrl\":\"https:\/\/zamphelmets.co\/wp-content\/uploads\/2026\/01\/Unknown-2.jpeg\",\"datePublished\":\"2026-01-26T11:26:25+00:00\",\"dateModified\":\"2026-02-27T10:44:15+00:00\",\"description\":\"Sotocasco 32Five SMILE TO WIN fabricado en poli\u00e9ster ligero y transpirable para un confort total. Ajuste sin costuras dise\u00f1ado para karting y automovilismo.\",\"breadcrumb\":{\"@id\":\"https:\/\/zamphelmets.co\/es\/producto\/sotocasco-smile-to-win-ice-blue\/#breadcrumb\"},\"inLanguage\":\"es\",\"potentialAction\":[{\"@type\":\"ReadAction\",\"target\":[\"https:\/\/zamphelmets.co\/es\/producto\/sotocasco-smile-to-win-ice-blue\/\"]}]},{\"@type\":\"ImageObject\",\"inLanguage\":\"es\",\"@id\":\"https:\/\/zamphelmets.co\/es\/producto\/sotocasco-smile-to-win-ice-blue\/#primaryimage\",\"url\":\"https:\/\/zamphelmets.co\/wp-content\/uploads\/2026\/01\/Unknown-2.jpeg\",\"contentUrl\":\"https:\/\/zamphelmets.co\/wp-content\/uploads\/2026\/01\/Unknown-2.jpeg\",\"width\":960,\"height\":960},{\"@type\":\"BreadcrumbList\",\"@id\":\"https:\/\/zamphelmets.co\/es\/producto\/sotocasco-smile-to-win-ice-blue\/#breadcrumb\",\"itemListElement\":[{\"@type\":\"ListItem\",\"position\":1,\"name\":\"Tienda\",\"item\":\"https:\/\/zamphelmets.co\/es\/tienda\/\"},{\"@type\":\"ListItem\",\"position\":2,\"name\":\"Sotocasco SMILE TO WIN &#8211; Ice Blue\"}]},{\"@type\":\"WebSite\",\"@id\":\"https:\/\/zamphelmets.co\/es\/#website\",\"url\":\"https:\/\/zamphelmets.co\/es\/\",\"name\":\"Zamp Helmets | Helmet 28 EU\",\"description\":\"High Quality Motorsport Helmets\",\"potentialAction\":[{\"@type\":\"SearchAction\",\"target\":{\"@type\":\"EntryPoint\",\"urlTemplate\":\"https:\/\/zamphelmets.co\/es\/?s={search_term_string}\"},\"query-input\":{\"@type\":\"PropertyValueSpecification\",\"valueRequired\":true,\"valueName\":\"search_term_string\"}}],\"inLanguage\":\"es\"}]}<\/script>\n<!-- \/ Yoast SEO plugin. -->","yoast_head_json":{"title":"Sotocasco SMILE TO WIN - Ice Blue - Zamp Helmets | Helmet 28 EU","description":"Sotocasco 32Five SMILE TO WIN fabricado en poli\u00e9ster ligero y transpirable para un confort total. Ajuste sin costuras dise\u00f1ado para karting y automovilismo.","robots":{"index":"index","follow":"follow","max-snippet":"max-snippet:-1","max-image-preview":"max-image-preview:large","max-video-preview":"max-video-preview:-1"},"canonical":"https:\/\/zamphelmets.co\/es\/producto\/sotocasco-smile-to-win-ice-blue\/","og_locale":"es_ES","og_type":"article","og_title":"Sotocasco SMILE TO WIN - Ice Blue - Zamp Helmets | Helmet 28 EU","og_description":"Sotocasco 32Five SMILE TO WIN fabricado en poli\u00e9ster ligero y transpirable para un confort total. Ajuste sin costuras dise\u00f1ado para karting y automovilismo.","og_url":"https:\/\/zamphelmets.co\/es\/producto\/sotocasco-smile-to-win-ice-blue\/","og_site_name":"Zamp Helmets | Helmet 28 EU","article_modified_time":"2026-02-27T10:44:15+00:00","og_image":[{"width":960,"height":960,"url":"https:\/\/zamphelmets.co\/wp-content\/uploads\/2026\/01\/Unknown-2.jpeg","type":"image\/jpeg"}],"twitter_card":"summary_large_image","twitter_misc":{"Est. reading time":"1 minuto"},"schema":{"@context":"https:\/\/schema.org","@graph":[{"@type":"WebPage","@id":"https:\/\/zamphelmets.co\/es\/producto\/sotocasco-smile-to-win-ice-blue\/","url":"https:\/\/zamphelmets.co\/es\/producto\/sotocasco-smile-to-win-ice-blue\/","name":"Sotocasco SMILE TO WIN - Ice Blue - Zamp Helmets | Helmet 28 EU","isPartOf":{"@id":"https:\/\/zamphelmets.co\/es\/#website"},"primaryImageOfPage":{"@id":"https:\/\/zamphelmets.co\/es\/producto\/sotocasco-smile-to-win-ice-blue\/#primaryimage"},"image":{"@id":"https:\/\/zamphelmets.co\/es\/producto\/sotocasco-smile-to-win-ice-blue\/#primaryimage"},"thumbnailUrl":"https:\/\/zamphelmets.co\/wp-content\/uploads\/2026\/01\/Unknown-2.jpeg","datePublished":"2026-01-26T11:26:25+00:00","dateModified":"2026-02-27T10:44:15+00:00","description":"Sotocasco 32Five SMILE TO WIN fabricado en poli\u00e9ster ligero y transpirable para un confort total. Ajuste sin costuras dise\u00f1ado para karting y automovilismo.","breadcrumb":{"@id":"https:\/\/zamphelmets.co\/es\/producto\/sotocasco-smile-to-win-ice-blue\/#breadcrumb"},"inLanguage":"es","potentialAction":[{"@type":"ReadAction","target":["https:\/\/zamphelmets.co\/es\/producto\/sotocasco-smile-to-win-ice-blue\/"]}]},{"@type":"ImageObject","inLanguage":"es","@id":"https:\/\/zamphelmets.co\/es\/producto\/sotocasco-smile-to-win-ice-blue\/#primaryimage","url":"https:\/\/zamphelmets.co\/wp-content\/uploads\/2026\/01\/Unknown-2.jpeg","contentUrl":"https:\/\/zamphelmets.co\/wp-content\/uploads\/2026\/01\/Unknown-2.jpeg","width":960,"height":960},{"@type":"BreadcrumbList","@id":"https:\/\/zamphelmets.co\/es\/producto\/sotocasco-smile-to-win-ice-blue\/#breadcrumb","itemListElement":[{"@type":"ListItem","position":1,"name":"Tienda","item":"https:\/\/zamphelmets.co\/es\/tienda\/"},{"@type":"ListItem","position":2,"name":"Sotocasco SMILE TO WIN &#8211; Ice Blue"}]},{"@type":"WebSite","@id":"https:\/\/zamphelmets.co\/es\/#website","url":"https:\/\/zamphelmets.co\/es\/","name":"Zamp Helmets | Helmet 28 EU","description":"High Quality Motorsport Helmets","potentialAction":[{"@type":"SearchAction","target":{"@type":"EntryPoint","urlTemplate":"https:\/\/zamphelmets.co\/es\/?s={search_term_string}"},"query-input":{"@type":"PropertyValueSpecification","valueRequired":true,"valueName":"search_term_string"}}],"inLanguage":"es"}]}},"_links":{"self":[{"href":"https:\/\/zamphelmets.co\/es\/wp-json\/wp\/v2\/product\/205587","targetHints":{"allow":["GET"]}}],"collection":[{"href":"https:\/\/zamphelmets.co\/es\/wp-json\/wp\/v2\/product"}],"about":[{"href":"https:\/\/zamphelmets.co\/es\/wp-json\/wp\/v2\/types\/product"}],"replies":[{"embeddable":true,"href":"https:\/\/zamphelmets.co\/es\/wp-json\/wp\/v2\/comments?post=205587"}],"wp:featuredmedia":[{"embeddable":true,"href":"https:\/\/zamphelmets.co\/es\/wp-json\/wp\/v2\/media\/190129"}],"wp:attachment":[{"href":"https:\/\/zamphelmets.co\/es\/wp-json\/wp\/v2\/media?parent=205587"}],"wp:term":[{"taxonomy":"product_brand","embeddable":true,"href":"https:\/\/zamphelmets.co\/es\/wp-json\/wp\/v2\/product_brand?post=205587"},{"taxonomy":"product_cat","embeddable":true,"href":"https:\/\/zamphelmets.co\/es\/wp-json\/wp\/v2\/product_cat?post=205587"},{"taxonomy":"product_tag","embeddable":true,"href":"https:\/\/zamphelmets.co\/es\/wp-json\/wp\/v2\/product_tag?post=205587"}],"curies":[{"name":"wp","href":"https:\/\/api.w.org\/{rel}","templated":true}]}}