{"id":205557,"date":"2026-01-26T11:26:09","date_gmt":"2026-01-26T11:26:09","guid":{"rendered":"https:\/\/zamphelmets.co\/product\/use-more-kerb-x-32five\/"},"modified":"2026-02-27T10:51:50","modified_gmt":"2026-02-27T10:51:50","slug":"use-more-kerb-x-32five","status":"publish","type":"product","link":"https:\/\/zamphelmets.co\/es\/producto\/use-more-kerb-x-32five\/","title":{"rendered":"USE.MORE.KERB x 32Five"},"content":{"rendered":"<div class=\"container\">\n<div id=\"content\" class=\"site-content\">\n<div id=\"primary\" class=\"content-area\">\n<p><span style=\"font-weight: 400;\">Para pilotos que exigen m\u00e1s, frenan m\u00e1s tarde y viven al l\u00edmite de la pista.<\/span><\/p>\n<p><span style=\"font-weight: 400;\">Desarrollados en colaboraci\u00f3n con el <strong>piloto profesional y especialista en N\u00fcrburgring Brad Philpot<\/strong>, los <strong>guantes USE MORE KERB<\/strong> trasladan una mentalidad de competici\u00f3n agresiva a un guante creado para rendir de verdad en pista. Dise\u00f1ados para destacar a la vista y rendir donde m\u00e1s importa, esta edici\u00f3n combina un dise\u00f1o atrevido con una construcci\u00f3n probada en carrera. <\/span><\/p>\n<p><strong>Caracter\u00edsticas y detalles clave<\/strong><\/p>\n<ul>\n<li><strong>Colaboraci\u00f3n con Brad Philpot | \u00abUSEMOREKERB\u00bb<\/strong><\/li>\n<\/ul>\n<p><span style=\"font-weight: 400;\">Creados con aportaciones directas de un piloto profesional, incorporando aut\u00e9ntica experiencia de d\u00eda de carrera al lenguaje de dise\u00f1o de 32Five.<\/span><\/p>\n<ul>\n<li><strong>Combinaci\u00f3n de colores atrevida<\/strong><\/li>\n<\/ul>\n<p><span style=\"font-weight: 400;\">Dise\u00f1o en verde fluorescente y rosa inspirado en el inconfundible estilo de competici\u00f3n de Bradley: hecho para destacar en la parrilla y en cada \u00e1pice.<\/span><\/p>\n<ul>\n<li><strong>Construcci\u00f3n con costuras externas<\/strong><\/li>\n<\/ul>\n<p><span style=\"font-weight: 400;\">Las costuras externas reducen los puntos de presi\u00f3n y la fricci\u00f3n en el interior, ofreciendo mayor comodidad y durabilidad durante sesiones largas.<\/span><\/p>\n<ul>\n<li><strong>Tejido superior transpirable<\/strong><\/li>\n<\/ul>\n<p><span style=\"font-weight: 400;\">Ligero, suave y muy transpirable para mantener las manos frescas sin perder un color vivo y de alto impacto.<\/span><\/p>\n<ul>\n<li><strong>Tecnolog\u00eda de palma DriveSkin\u2122<\/strong><\/li>\n<\/ul>\n<p><span style=\"font-weight: 400;\">Material de palma de alto agarre dise\u00f1ado para una respuesta precisa de la direcci\u00f3n, excelente resistencia al desgaste y control total.<\/span><\/p>\n<ul>\n<li><strong>Ajuste ergon\u00f3mico precurvado<\/strong><\/li>\n<\/ul>\n<p><span style=\"font-weight: 400;\">La forma preformada favorece una posici\u00f3n natural de la mano, ayudando a reducir la fatiga y a mantener la concentraci\u00f3n vuelta tras vuelta.<\/span><\/p>\n<ul>\n<li><strong>Detalle distintivo rojo en la punta de los dedos<\/strong><\/li>\n<\/ul>\n<p><span style=\"font-weight: 400;\">Un toque final que refuerza la identidad de dise\u00f1o premium de 32Five.<\/span><\/p>\n<p><strong>Hechos para conducir al l\u00edmite, con un estilo inconfundible y dise\u00f1ados sin concesiones.<\/strong><\/p>\n<p><img decoding=\"async\" class=\"alignnone wp-image-222671 lazyload\" data-src=\"https:\/\/zamphelmets.co\/wp-content\/uploads\/2026\/01\/32F-SizeGuide-25-V1-scaled.webp\" alt=\"\" width=\"545\" height=\"293\" data-srcset=\"https:\/\/zamphelmets.co\/wp-content\/uploads\/2026\/01\/32F-SizeGuide-25-V1-scaled.webp 2560w, https:\/\/zamphelmets.co\/wp-content\/uploads\/2026\/01\/32F-SizeGuide-25-V1-300x161.webp 300w, https:\/\/zamphelmets.co\/wp-content\/uploads\/2026\/01\/32F-SizeGuide-25-V1-1024x551.webp 1024w, https:\/\/zamphelmets.co\/wp-content\/uploads\/2026\/01\/32F-SizeGuide-25-V1-768x413.webp 768w, https:\/\/zamphelmets.co\/wp-content\/uploads\/2026\/01\/32F-SizeGuide-25-V1-1536x826.webp 1536w, https:\/\/zamphelmets.co\/wp-content\/uploads\/2026\/01\/32F-SizeGuide-25-V1-2048x1101.webp 2048w, https:\/\/zamphelmets.co\/wp-content\/uploads\/2026\/01\/32F-SizeGuide-25-V1-600x323.webp 600w\" data-sizes=\"(max-width: 545px) 100vw, 545px\" src=\"data:image\/svg+xml;base64,PHN2ZyB3aWR0aD0iMSIgaGVpZ2h0PSIxIiB4bWxucz0iaHR0cDovL3d3dy53My5vcmcvMjAwMC9zdmciPjwvc3ZnPg==\" style=\"--smush-placeholder-width: 545px; --smush-placeholder-aspect-ratio: 545\/293;\" \/><\/p>\n<\/div>\n<\/div>\n<\/div>\n","protected":false},"excerpt":{"rendered":"<p>Para pilotos que exigen m\u00e1s, frenan m\u00e1s tarde y viven al l\u00edmite de la pista. Desarrollados en colaboraci\u00f3n con el piloto profesional y especialista en N\u00fcrburgring Brad Philpot, los guantes USE MORE KERB trasladan una mentalidad de competici\u00f3n agresiva a un guante creado para rendir de verdad en pista. Dise\u00f1ados para destacar a la vista [&hellip;]<\/p>\n","protected":false},"featured_media":190092,"comment_status":"open","ping_status":"closed","template":"","meta":{"_acf_changed":false,"_iconic_wsb_product_page_order_bump_ids":[[]],"_sku":[],"_iconic_wsb_product_page_bump_modal_ids":[[]]},"product_brand":[],"product_cat":[480,378,356],"product_tag":[],"class_list":{"0":"post-205557","1":"product","2":"type-product","3":"status-publish","4":"has-post-thumbnail","6":"product_cat-32five","7":"product_cat-proteccion","8":"product_cat-proteccion-ropa","10":"first","11":"instock","12":"taxable","13":"shipping-taxable","14":"purchasable","15":"product-type-variable"},"acf":[],"yoast_head":"<!-- This site is optimized with the Yoast SEO plugin v27.0 - https:\/\/yoast.com\/product\/yoast-seo-wordpress\/ -->\n<title>32Five USE.MORE.KERB x 32Five - Guantes premium de karting<\/title>\n<meta name=\"description\" content=\"Los guantes de karting 32Five x Brad Philpot USE MORE KERB ofrecen un estilo agresivo, agarre DriveSkin y una comodidad probada en carrera para pilotos que exigen m\u00e1s.\" \/>\n<meta name=\"robots\" content=\"index, follow, max-snippet:-1, max-image-preview:large, max-video-preview:-1\" \/>\n<link rel=\"canonical\" href=\"https:\/\/zamphelmets.co\/es\/producto\/use-more-kerb-x-32five\/\" \/>\n<meta property=\"og:locale\" content=\"es_ES\" \/>\n<meta property=\"og:type\" content=\"article\" \/>\n<meta property=\"og:title\" content=\"32Five USE.MORE.KERB x 32Five - Guantes premium de karting\" \/>\n<meta property=\"og:description\" content=\"Los guantes de karting 32Five x Brad Philpot USE MORE KERB ofrecen un estilo agresivo, agarre DriveSkin y una comodidad probada en carrera para pilotos que exigen m\u00e1s.\" \/>\n<meta property=\"og:url\" content=\"https:\/\/zamphelmets.co\/es\/producto\/use-more-kerb-x-32five\/\" \/>\n<meta property=\"og:site_name\" content=\"Zamp Helmets | Helmet 28 EU\" \/>\n<meta property=\"article:modified_time\" content=\"2026-02-27T10:51:50+00:00\" \/>\n<meta property=\"og:image\" content=\"https:\/\/zamphelmets.co\/wp-content\/uploads\/2026\/01\/usemorekerb.jpeg\" \/>\n\t<meta property=\"og:image:width\" content=\"943\" \/>\n\t<meta property=\"og:image:height\" content=\"1000\" \/>\n\t<meta property=\"og:image:type\" content=\"image\/jpeg\" \/>\n<meta name=\"twitter:card\" content=\"summary_large_image\" \/>\n<meta name=\"twitter:label1\" content=\"Est. reading time\" \/>\n\t<meta name=\"twitter:data1\" content=\"1 minuto\" \/>\n<script type=\"application\/ld+json\" class=\"yoast-schema-graph\">{\"@context\":\"https:\/\/schema.org\",\"@graph\":[{\"@type\":\"WebPage\",\"@id\":\"https:\/\/zamphelmets.co\/es\/producto\/use-more-kerb-x-32five\/\",\"url\":\"https:\/\/zamphelmets.co\/es\/producto\/use-more-kerb-x-32five\/\",\"name\":\"32Five USE.MORE.KERB x 32Five - Guantes premium de karting\",\"isPartOf\":{\"@id\":\"https:\/\/zamphelmets.co\/es\/#website\"},\"primaryImageOfPage\":{\"@id\":\"https:\/\/zamphelmets.co\/es\/producto\/use-more-kerb-x-32five\/#primaryimage\"},\"image\":{\"@id\":\"https:\/\/zamphelmets.co\/es\/producto\/use-more-kerb-x-32five\/#primaryimage\"},\"thumbnailUrl\":\"https:\/\/zamphelmets.co\/wp-content\/uploads\/2026\/01\/usemorekerb.jpeg\",\"datePublished\":\"2026-01-26T11:26:09+00:00\",\"dateModified\":\"2026-02-27T10:51:50+00:00\",\"description\":\"Los guantes de karting 32Five x Brad Philpot USE MORE KERB ofrecen un estilo agresivo, agarre DriveSkin y una comodidad probada en carrera para pilotos que exigen m\u00e1s.\",\"breadcrumb\":{\"@id\":\"https:\/\/zamphelmets.co\/es\/producto\/use-more-kerb-x-32five\/#breadcrumb\"},\"inLanguage\":\"es\",\"potentialAction\":[{\"@type\":\"ReadAction\",\"target\":[\"https:\/\/zamphelmets.co\/es\/producto\/use-more-kerb-x-32five\/\"]}]},{\"@type\":\"ImageObject\",\"inLanguage\":\"es\",\"@id\":\"https:\/\/zamphelmets.co\/es\/producto\/use-more-kerb-x-32five\/#primaryimage\",\"url\":\"https:\/\/zamphelmets.co\/wp-content\/uploads\/2026\/01\/usemorekerb.jpeg\",\"contentUrl\":\"https:\/\/zamphelmets.co\/wp-content\/uploads\/2026\/01\/usemorekerb.jpeg\",\"width\":943,\"height\":1000},{\"@type\":\"BreadcrumbList\",\"@id\":\"https:\/\/zamphelmets.co\/es\/producto\/use-more-kerb-x-32five\/#breadcrumb\",\"itemListElement\":[{\"@type\":\"ListItem\",\"position\":1,\"name\":\"Tienda\",\"item\":\"https:\/\/zamphelmets.co\/es\/tienda\/\"},{\"@type\":\"ListItem\",\"position\":2,\"name\":\"USE.MORE.KERB x 32Five\"}]},{\"@type\":\"WebSite\",\"@id\":\"https:\/\/zamphelmets.co\/es\/#website\",\"url\":\"https:\/\/zamphelmets.co\/es\/\",\"name\":\"Zamp Helmets | Helmet 28 EU\",\"description\":\"High Quality Motorsport Helmets\",\"potentialAction\":[{\"@type\":\"SearchAction\",\"target\":{\"@type\":\"EntryPoint\",\"urlTemplate\":\"https:\/\/zamphelmets.co\/es\/?s={search_term_string}\"},\"query-input\":{\"@type\":\"PropertyValueSpecification\",\"valueRequired\":true,\"valueName\":\"search_term_string\"}}],\"inLanguage\":\"es\"}]}<\/script>\n<!-- \/ Yoast SEO plugin. -->","yoast_head_json":{"title":"32Five USE.MORE.KERB x 32Five - Guantes premium de karting","description":"Los guantes de karting 32Five x Brad Philpot USE MORE KERB ofrecen un estilo agresivo, agarre DriveSkin y una comodidad probada en carrera para pilotos que exigen m\u00e1s.","robots":{"index":"index","follow":"follow","max-snippet":"max-snippet:-1","max-image-preview":"max-image-preview:large","max-video-preview":"max-video-preview:-1"},"canonical":"https:\/\/zamphelmets.co\/es\/producto\/use-more-kerb-x-32five\/","og_locale":"es_ES","og_type":"article","og_title":"32Five USE.MORE.KERB x 32Five - Guantes premium de karting","og_description":"Los guantes de karting 32Five x Brad Philpot USE MORE KERB ofrecen un estilo agresivo, agarre DriveSkin y una comodidad probada en carrera para pilotos que exigen m\u00e1s.","og_url":"https:\/\/zamphelmets.co\/es\/producto\/use-more-kerb-x-32five\/","og_site_name":"Zamp Helmets | Helmet 28 EU","article_modified_time":"2026-02-27T10:51:50+00:00","og_image":[{"width":943,"height":1000,"url":"https:\/\/zamphelmets.co\/wp-content\/uploads\/2026\/01\/usemorekerb.jpeg","type":"image\/jpeg"}],"twitter_card":"summary_large_image","twitter_misc":{"Est. reading time":"1 minuto"},"schema":{"@context":"https:\/\/schema.org","@graph":[{"@type":"WebPage","@id":"https:\/\/zamphelmets.co\/es\/producto\/use-more-kerb-x-32five\/","url":"https:\/\/zamphelmets.co\/es\/producto\/use-more-kerb-x-32five\/","name":"32Five USE.MORE.KERB x 32Five - Guantes premium de karting","isPartOf":{"@id":"https:\/\/zamphelmets.co\/es\/#website"},"primaryImageOfPage":{"@id":"https:\/\/zamphelmets.co\/es\/producto\/use-more-kerb-x-32five\/#primaryimage"},"image":{"@id":"https:\/\/zamphelmets.co\/es\/producto\/use-more-kerb-x-32five\/#primaryimage"},"thumbnailUrl":"https:\/\/zamphelmets.co\/wp-content\/uploads\/2026\/01\/usemorekerb.jpeg","datePublished":"2026-01-26T11:26:09+00:00","dateModified":"2026-02-27T10:51:50+00:00","description":"Los guantes de karting 32Five x Brad Philpot USE MORE KERB ofrecen un estilo agresivo, agarre DriveSkin y una comodidad probada en carrera para pilotos que exigen m\u00e1s.","breadcrumb":{"@id":"https:\/\/zamphelmets.co\/es\/producto\/use-more-kerb-x-32five\/#breadcrumb"},"inLanguage":"es","potentialAction":[{"@type":"ReadAction","target":["https:\/\/zamphelmets.co\/es\/producto\/use-more-kerb-x-32five\/"]}]},{"@type":"ImageObject","inLanguage":"es","@id":"https:\/\/zamphelmets.co\/es\/producto\/use-more-kerb-x-32five\/#primaryimage","url":"https:\/\/zamphelmets.co\/wp-content\/uploads\/2026\/01\/usemorekerb.jpeg","contentUrl":"https:\/\/zamphelmets.co\/wp-content\/uploads\/2026\/01\/usemorekerb.jpeg","width":943,"height":1000},{"@type":"BreadcrumbList","@id":"https:\/\/zamphelmets.co\/es\/producto\/use-more-kerb-x-32five\/#breadcrumb","itemListElement":[{"@type":"ListItem","position":1,"name":"Tienda","item":"https:\/\/zamphelmets.co\/es\/tienda\/"},{"@type":"ListItem","position":2,"name":"USE.MORE.KERB x 32Five"}]},{"@type":"WebSite","@id":"https:\/\/zamphelmets.co\/es\/#website","url":"https:\/\/zamphelmets.co\/es\/","name":"Zamp Helmets | Helmet 28 EU","description":"High Quality Motorsport Helmets","potentialAction":[{"@type":"SearchAction","target":{"@type":"EntryPoint","urlTemplate":"https:\/\/zamphelmets.co\/es\/?s={search_term_string}"},"query-input":{"@type":"PropertyValueSpecification","valueRequired":true,"valueName":"search_term_string"}}],"inLanguage":"es"}]}},"_links":{"self":[{"href":"https:\/\/zamphelmets.co\/es\/wp-json\/wp\/v2\/product\/205557","targetHints":{"allow":["GET"]}}],"collection":[{"href":"https:\/\/zamphelmets.co\/es\/wp-json\/wp\/v2\/product"}],"about":[{"href":"https:\/\/zamphelmets.co\/es\/wp-json\/wp\/v2\/types\/product"}],"replies":[{"embeddable":true,"href":"https:\/\/zamphelmets.co\/es\/wp-json\/wp\/v2\/comments?post=205557"}],"wp:featuredmedia":[{"embeddable":true,"href":"https:\/\/zamphelmets.co\/es\/wp-json\/wp\/v2\/media\/190092"}],"wp:attachment":[{"href":"https:\/\/zamphelmets.co\/es\/wp-json\/wp\/v2\/media?parent=205557"}],"wp:term":[{"taxonomy":"product_brand","embeddable":true,"href":"https:\/\/zamphelmets.co\/es\/wp-json\/wp\/v2\/product_brand?post=205557"},{"taxonomy":"product_cat","embeddable":true,"href":"https:\/\/zamphelmets.co\/es\/wp-json\/wp\/v2\/product_cat?post=205557"},{"taxonomy":"product_tag","embeddable":true,"href":"https:\/\/zamphelmets.co\/es\/wp-json\/wp\/v2\/product_tag?post=205557"}],"curies":[{"name":"wp","href":"https:\/\/api.w.org\/{rel}","templated":true}]}}