{"id":205547,"date":"2026-01-26T11:26:19","date_gmt":"2026-01-26T11:26:19","guid":{"rendered":"https:\/\/zamphelmets.co\/product\/pasamontanas-push-your-limit-negro-fuego-neon\/"},"modified":"2026-02-27T10:43:52","modified_gmt":"2026-02-27T10:43:52","slug":"pasamontanas-push-your-limit-negro-fuego-neon","status":"publish","type":"product","link":"https:\/\/zamphelmets.co\/es\/producto\/pasamontanas-push-your-limit-negro-fuego-neon\/","title":{"rendered":"Pasamonta\u00f1as PUSH YOUR LIMIT &#8211; Negro\/Fuego Ne\u00f3n"},"content":{"rendered":"<p><span style=\"font-weight: 400;\">Complete su look de carrera con el <strong>Pasamonta\u00f1as 32Five PUSH YOUR LIMIT<\/strong>, una incorporaci\u00f3n totalmente nueva tanto a la gama 32Five como a la l\u00ednea Helmet 28.<\/span><\/p>\n<p><span style=\"font-weight: 400;\">Dise\u00f1ado para <strong>complementar a la perfecci\u00f3n sus guantes de karting 32Five favoritos<\/strong>, este pasamonta\u00f1as ofrece el equilibrio ideal entre rendimiento, comodidad y estilo. Ya corra con colores llamativos o prefiera una est\u00e9tica limpia y orientada al rendimiento, es el toque final que eleva su equipamiento y le mantiene concentrado cuando m\u00e1s importa. <\/span><\/p>\n<p><span style=\"font-weight: 400;\">Confeccionado en <strong>100 % poli\u00e9ster de alto rendimiento<\/strong>, es ultraligero y transpirable, se ajusta perfectamente bajo el casco para mantenerle fresco, seco y c\u00f3modo, vuelta tras vuelta.<\/span><\/p>\n<p><strong>Caracter\u00edsticas principales<\/strong><\/p>\n<ul>\n<li><span style=\"font-weight: 400;\">100 % Poli\u00e9ster de Alto Rendimiento: ligero, suave y listo para competir<\/span><\/li>\n<li><span style=\"font-weight: 400;\">Transpirable y de Evacuaci\u00f3n de Humedad: ayuda a regular la temperatura y gestionar el sudor<\/span><\/li>\n<li><span style=\"font-weight: 400;\">Ajuste Perfecto Bajo el Casco: dise\u00f1ado para ofrecer comodidad con cualquier casco<\/span><\/li>\n<li><span style=\"font-weight: 400;\">Construcci\u00f3n Duradera: fabricado para resistir las exigencias de la competici\u00f3n<\/span><\/li>\n<li><span style=\"font-weight: 400;\">Unisex | Talla \u00fanica (se ajusta a la mayor\u00eda)<\/span><\/li>\n<\/ul>\n<p><span style=\"font-weight: 400;\">Perfecto para pilotos de karting y automovilismo que quieren que su equipamiento rinda tanto como ellos: el <strong>Pasamonta\u00f1as 32Five PUSH YOUR LIMIT<\/strong> est\u00e1 hecho para llegar hasta el final.<\/span><\/p>\n","protected":false},"excerpt":{"rendered":"<p>Complete su look de carrera con el Pasamonta\u00f1as 32Five PUSH YOUR LIMIT, una incorporaci\u00f3n totalmente nueva tanto a la gama 32Five como a la l\u00ednea Helmet 28. Dise\u00f1ado para complementar a la perfecci\u00f3n sus guantes de karting 32Five favoritos, este pasamonta\u00f1as ofrece el equilibrio ideal entre rendimiento, comodidad y estilo. Ya corra con colores llamativos [&hellip;]<\/p>\n","protected":false},"featured_media":190116,"comment_status":"open","ping_status":"closed","template":"","meta":{"_acf_changed":false,"_iconic_wsb_product_page_order_bump_ids":[[]],"_sku":["32Five-Balaclava-003-C"],"_iconic_wsb_product_page_bump_modal_ids":[[]]},"product_brand":[],"product_cat":[480],"product_tag":[],"class_list":{"0":"post-205547","1":"product","2":"type-product","3":"status-publish","4":"has-post-thumbnail","6":"product_cat-32five","8":"first","9":"instock","10":"taxable","11":"shipping-taxable","12":"purchasable","13":"product-type-simple"},"acf":[],"yoast_head":"<!-- This site is optimized with the Yoast SEO plugin v27.0 - https:\/\/yoast.com\/product\/yoast-seo-wordpress\/ -->\n<title>Pasamonta\u00f1as PUSH YOUR LIMIT - Negro\/Fuego Ne\u00f3n - Zamp Helmets | Helmet 28 EU<\/title>\n<meta name=\"robots\" content=\"index, follow, max-snippet:-1, max-image-preview:large, max-video-preview:-1\" \/>\n<link rel=\"canonical\" href=\"https:\/\/zamphelmets.co\/es\/producto\/pasamontanas-push-your-limit-negro-fuego-neon\/\" \/>\n<meta property=\"og:locale\" content=\"es_ES\" \/>\n<meta property=\"og:type\" content=\"article\" \/>\n<meta property=\"og:title\" content=\"Pasamonta\u00f1as PUSH YOUR LIMIT - Negro\/Fuego Ne\u00f3n - Zamp Helmets | Helmet 28 EU\" \/>\n<meta property=\"og:description\" content=\"Complete su look de carrera con el Pasamonta\u00f1as 32Five PUSH YOUR LIMIT, una incorporaci\u00f3n totalmente nueva tanto a la gama 32Five como a la l\u00ednea Helmet 28. Dise\u00f1ado para complementar a la perfecci\u00f3n sus guantes de karting 32Five favoritos, este pasamonta\u00f1as ofrece el equilibrio ideal entre rendimiento, comodidad y estilo. Ya corra con colores llamativos [&hellip;]\" \/>\n<meta property=\"og:url\" content=\"https:\/\/zamphelmets.co\/es\/producto\/pasamontanas-push-your-limit-negro-fuego-neon\/\" \/>\n<meta property=\"og:site_name\" content=\"Zamp Helmets | Helmet 28 EU\" \/>\n<meta property=\"article:modified_time\" content=\"2026-02-27T10:43:52+00:00\" \/>\n<meta property=\"og:image\" content=\"https:\/\/zamphelmets.co\/wp-content\/uploads\/2026\/01\/Unknown-3.jpeg\" \/>\n\t<meta property=\"og:image:width\" content=\"960\" \/>\n\t<meta property=\"og:image:height\" content=\"960\" \/>\n\t<meta property=\"og:image:type\" content=\"image\/jpeg\" \/>\n<meta name=\"twitter:card\" content=\"summary_large_image\" \/>\n<meta name=\"twitter:label1\" content=\"Est. reading time\" \/>\n\t<meta name=\"twitter:data1\" content=\"1 minuto\" \/>\n<script type=\"application\/ld+json\" class=\"yoast-schema-graph\">{\"@context\":\"https:\/\/schema.org\",\"@graph\":[{\"@type\":\"WebPage\",\"@id\":\"https:\/\/zamphelmets.co\/es\/producto\/pasamontanas-push-your-limit-negro-fuego-neon\/\",\"url\":\"https:\/\/zamphelmets.co\/es\/producto\/pasamontanas-push-your-limit-negro-fuego-neon\/\",\"name\":\"Pasamonta\u00f1as PUSH YOUR LIMIT - Negro\/Fuego Ne\u00f3n - Zamp Helmets | Helmet 28 EU\",\"isPartOf\":{\"@id\":\"https:\/\/zamphelmets.co\/es\/#website\"},\"primaryImageOfPage\":{\"@id\":\"https:\/\/zamphelmets.co\/es\/producto\/pasamontanas-push-your-limit-negro-fuego-neon\/#primaryimage\"},\"image\":{\"@id\":\"https:\/\/zamphelmets.co\/es\/producto\/pasamontanas-push-your-limit-negro-fuego-neon\/#primaryimage\"},\"thumbnailUrl\":\"https:\/\/zamphelmets.co\/wp-content\/uploads\/2026\/01\/Unknown-3.jpeg\",\"datePublished\":\"2026-01-26T11:26:19+00:00\",\"dateModified\":\"2026-02-27T10:43:52+00:00\",\"breadcrumb\":{\"@id\":\"https:\/\/zamphelmets.co\/es\/producto\/pasamontanas-push-your-limit-negro-fuego-neon\/#breadcrumb\"},\"inLanguage\":\"es\",\"potentialAction\":[{\"@type\":\"ReadAction\",\"target\":[\"https:\/\/zamphelmets.co\/es\/producto\/pasamontanas-push-your-limit-negro-fuego-neon\/\"]}]},{\"@type\":\"ImageObject\",\"inLanguage\":\"es\",\"@id\":\"https:\/\/zamphelmets.co\/es\/producto\/pasamontanas-push-your-limit-negro-fuego-neon\/#primaryimage\",\"url\":\"https:\/\/zamphelmets.co\/wp-content\/uploads\/2026\/01\/Unknown-3.jpeg\",\"contentUrl\":\"https:\/\/zamphelmets.co\/wp-content\/uploads\/2026\/01\/Unknown-3.jpeg\",\"width\":960,\"height\":960},{\"@type\":\"BreadcrumbList\",\"@id\":\"https:\/\/zamphelmets.co\/es\/producto\/pasamontanas-push-your-limit-negro-fuego-neon\/#breadcrumb\",\"itemListElement\":[{\"@type\":\"ListItem\",\"position\":1,\"name\":\"Tienda\",\"item\":\"https:\/\/zamphelmets.co\/es\/tienda\/\"},{\"@type\":\"ListItem\",\"position\":2,\"name\":\"Pasamonta\u00f1as PUSH YOUR LIMIT &#8211; Negro\/Fuego Ne\u00f3n\"}]},{\"@type\":\"WebSite\",\"@id\":\"https:\/\/zamphelmets.co\/es\/#website\",\"url\":\"https:\/\/zamphelmets.co\/es\/\",\"name\":\"Zamp Helmets | Helmet 28 EU\",\"description\":\"High Quality Motorsport Helmets\",\"potentialAction\":[{\"@type\":\"SearchAction\",\"target\":{\"@type\":\"EntryPoint\",\"urlTemplate\":\"https:\/\/zamphelmets.co\/es\/?s={search_term_string}\"},\"query-input\":{\"@type\":\"PropertyValueSpecification\",\"valueRequired\":true,\"valueName\":\"search_term_string\"}}],\"inLanguage\":\"es\"}]}<\/script>\n<!-- \/ Yoast SEO plugin. -->","yoast_head_json":{"title":"Pasamonta\u00f1as PUSH YOUR LIMIT - Negro\/Fuego Ne\u00f3n - Zamp Helmets | Helmet 28 EU","robots":{"index":"index","follow":"follow","max-snippet":"max-snippet:-1","max-image-preview":"max-image-preview:large","max-video-preview":"max-video-preview:-1"},"canonical":"https:\/\/zamphelmets.co\/es\/producto\/pasamontanas-push-your-limit-negro-fuego-neon\/","og_locale":"es_ES","og_type":"article","og_title":"Pasamonta\u00f1as PUSH YOUR LIMIT - Negro\/Fuego Ne\u00f3n - Zamp Helmets | Helmet 28 EU","og_description":"Complete su look de carrera con el Pasamonta\u00f1as 32Five PUSH YOUR LIMIT, una incorporaci\u00f3n totalmente nueva tanto a la gama 32Five como a la l\u00ednea Helmet 28. Dise\u00f1ado para complementar a la perfecci\u00f3n sus guantes de karting 32Five favoritos, este pasamonta\u00f1as ofrece el equilibrio ideal entre rendimiento, comodidad y estilo. Ya corra con colores llamativos [&hellip;]","og_url":"https:\/\/zamphelmets.co\/es\/producto\/pasamontanas-push-your-limit-negro-fuego-neon\/","og_site_name":"Zamp Helmets | Helmet 28 EU","article_modified_time":"2026-02-27T10:43:52+00:00","og_image":[{"width":960,"height":960,"url":"https:\/\/zamphelmets.co\/wp-content\/uploads\/2026\/01\/Unknown-3.jpeg","type":"image\/jpeg"}],"twitter_card":"summary_large_image","twitter_misc":{"Est. reading time":"1 minuto"},"schema":{"@context":"https:\/\/schema.org","@graph":[{"@type":"WebPage","@id":"https:\/\/zamphelmets.co\/es\/producto\/pasamontanas-push-your-limit-negro-fuego-neon\/","url":"https:\/\/zamphelmets.co\/es\/producto\/pasamontanas-push-your-limit-negro-fuego-neon\/","name":"Pasamonta\u00f1as PUSH YOUR LIMIT - Negro\/Fuego Ne\u00f3n - Zamp Helmets | Helmet 28 EU","isPartOf":{"@id":"https:\/\/zamphelmets.co\/es\/#website"},"primaryImageOfPage":{"@id":"https:\/\/zamphelmets.co\/es\/producto\/pasamontanas-push-your-limit-negro-fuego-neon\/#primaryimage"},"image":{"@id":"https:\/\/zamphelmets.co\/es\/producto\/pasamontanas-push-your-limit-negro-fuego-neon\/#primaryimage"},"thumbnailUrl":"https:\/\/zamphelmets.co\/wp-content\/uploads\/2026\/01\/Unknown-3.jpeg","datePublished":"2026-01-26T11:26:19+00:00","dateModified":"2026-02-27T10:43:52+00:00","breadcrumb":{"@id":"https:\/\/zamphelmets.co\/es\/producto\/pasamontanas-push-your-limit-negro-fuego-neon\/#breadcrumb"},"inLanguage":"es","potentialAction":[{"@type":"ReadAction","target":["https:\/\/zamphelmets.co\/es\/producto\/pasamontanas-push-your-limit-negro-fuego-neon\/"]}]},{"@type":"ImageObject","inLanguage":"es","@id":"https:\/\/zamphelmets.co\/es\/producto\/pasamontanas-push-your-limit-negro-fuego-neon\/#primaryimage","url":"https:\/\/zamphelmets.co\/wp-content\/uploads\/2026\/01\/Unknown-3.jpeg","contentUrl":"https:\/\/zamphelmets.co\/wp-content\/uploads\/2026\/01\/Unknown-3.jpeg","width":960,"height":960},{"@type":"BreadcrumbList","@id":"https:\/\/zamphelmets.co\/es\/producto\/pasamontanas-push-your-limit-negro-fuego-neon\/#breadcrumb","itemListElement":[{"@type":"ListItem","position":1,"name":"Tienda","item":"https:\/\/zamphelmets.co\/es\/tienda\/"},{"@type":"ListItem","position":2,"name":"Pasamonta\u00f1as PUSH YOUR LIMIT &#8211; Negro\/Fuego Ne\u00f3n"}]},{"@type":"WebSite","@id":"https:\/\/zamphelmets.co\/es\/#website","url":"https:\/\/zamphelmets.co\/es\/","name":"Zamp Helmets | Helmet 28 EU","description":"High Quality Motorsport Helmets","potentialAction":[{"@type":"SearchAction","target":{"@type":"EntryPoint","urlTemplate":"https:\/\/zamphelmets.co\/es\/?s={search_term_string}"},"query-input":{"@type":"PropertyValueSpecification","valueRequired":true,"valueName":"search_term_string"}}],"inLanguage":"es"}]}},"_links":{"self":[{"href":"https:\/\/zamphelmets.co\/es\/wp-json\/wp\/v2\/product\/205547","targetHints":{"allow":["GET"]}}],"collection":[{"href":"https:\/\/zamphelmets.co\/es\/wp-json\/wp\/v2\/product"}],"about":[{"href":"https:\/\/zamphelmets.co\/es\/wp-json\/wp\/v2\/types\/product"}],"replies":[{"embeddable":true,"href":"https:\/\/zamphelmets.co\/es\/wp-json\/wp\/v2\/comments?post=205547"}],"wp:featuredmedia":[{"embeddable":true,"href":"https:\/\/zamphelmets.co\/es\/wp-json\/wp\/v2\/media\/190116"}],"wp:attachment":[{"href":"https:\/\/zamphelmets.co\/es\/wp-json\/wp\/v2\/media?parent=205547"}],"wp:term":[{"taxonomy":"product_brand","embeddable":true,"href":"https:\/\/zamphelmets.co\/es\/wp-json\/wp\/v2\/product_brand?post=205547"},{"taxonomy":"product_cat","embeddable":true,"href":"https:\/\/zamphelmets.co\/es\/wp-json\/wp\/v2\/product_cat?post=205547"},{"taxonomy":"product_tag","embeddable":true,"href":"https:\/\/zamphelmets.co\/es\/wp-json\/wp\/v2\/product_tag?post=205547"}],"curies":[{"name":"wp","href":"https:\/\/api.w.org\/{rel}","templated":true}]}}