{"id":205173,"date":"2025-08-13T13:16:32","date_gmt":"2025-08-13T13:16:32","guid":{"rendered":"https:\/\/zamphelmets.co\/product\/rz-57v-gris-mate\/"},"modified":"2026-03-17T01:42:01","modified_gmt":"2026-03-17T01:42:01","slug":"rz-57v-gris-mate","status":"publish","type":"product","link":"https:\/\/zamphelmets.co\/es\/producto\/rz-57v-gris-mate\/","title":{"rendered":"RZ 57V Gris Mate"},"content":{"rendered":"<p data-start=\"225\" data-end=\"589\">El <strong data-start=\"229\" data-end=\"251\">casco Zamp RZ-57V<\/strong> ofrece el equilibrio perfecto entre rendimiento, seguridad y asequibilidad, redefiniendo lo que significa obtener un valor real en protecci\u00f3n para deportes de motor. Dise\u00f1ado con la \u00faltima <strong data-start=\"422\" data-end=\"449\">tecnolog\u00eda Snell SA2025<\/strong>, este casco ligero de composite est\u00e1 dise\u00f1ado para pilotos que exigen fiabilidad, comodidad y un rendimiento moderno sin gastar de m\u00e1s. <\/p>\n<p data-start=\"591\" data-end=\"1016\">Fabricado con una <strong data-start=\"604\" data-end=\"634\">calota de fibra de vidrio composite<\/strong> y un lujoso interior ign\u00edfugo, el RZ-57V garantiza una comodidad duradera en cada carrera.<\/p>\n<p data-start=\"1018\" data-end=\"1384\">Con caracter\u00edsticas que normalmente se encuentran en cascos que duplican su precio, el <strong data-start=\"1078\" data-end=\"1093\">Zamp RZ-57V<\/strong> es una opci\u00f3n vers\u00e1til para karting, tandas en circuito y competici\u00f3n. Viene equipado con una <strong data-start=\"1188\" data-end=\"1209\">pantalla transparente Z-20<\/strong> con postes para tear-offs, adem\u00e1s de <strong data-start=\"1303\" data-end=\"1317\">inserciones M6<\/strong> para una perfecta <strong data-start=\"1331\" data-end=\"1381\">integraci\u00f3n con dispositivos de retenci\u00f3n de cabeza y cuello (HANS)<\/strong>. <\/p>\n<h3 data-start=\"1386\" data-end=\"1405\">Caracter\u00edsticas clave:<\/h3>\n<ul data-start=\"1406\" data-end=\"1802\">\n<li data-start=\"1406\" data-end=\"1477\">\n<p data-start=\"1408\" data-end=\"1477\"><strong data-start=\"1408\" data-end=\"1450\">Calota ligera de fibra de vidrio composite<\/strong> para resistencia y comodidad<\/p>\n<\/li>\n<li data-start=\"1478\" data-end=\"1543\">\n<p data-start=\"1480\" data-end=\"1543\"><strong data-start=\"1480\" data-end=\"1507\">Ventilaci\u00f3n frontal de dise\u00f1o minimalista<\/strong> con entradas en el cuero cabelludo y salidas traseras para un flujo de aire mejorado<\/p>\n<\/li>\n<li data-start=\"1544\" data-end=\"1614\">\n<p data-start=\"1546\" data-end=\"1614\"><strong data-start=\"1546\" data-end=\"1579\">Interior ign\u00edfugo de felpa<\/strong> (no extra\u00edble) para mayor seguridad<\/p>\n<\/li>\n<li data-start=\"1615\" data-end=\"1700\">\n<p data-start=\"1617\" data-end=\"1700\"><strong data-start=\"1617\" data-end=\"1638\">Pantalla transparente Z-20<\/strong> con postes para tear-offs, compatible con tear-offs tipo banana<\/p>\n<\/li>\n<li data-start=\"1701\" data-end=\"1745\">\n<p data-start=\"1703\" data-end=\"1745\"><strong data-start=\"1703\" data-end=\"1717\">Inserciones M6<\/strong> para uso con dispositivos HANS \/ HNR<\/p>\n<\/li>\n<li data-start=\"1746\" data-end=\"1802\">\n<p data-start=\"1748\" data-end=\"1802\"><strong data-start=\"1748\" data-end=\"1773\">Aprobado por Snell SA2025<\/strong> para deportes de motor de competici\u00f3n<\/p>\n<\/li>\n<\/ul>\n<p data-start=\"1804\" data-end=\"1954\">Tanto si est\u00e1 empezando como si busca mejorar, el <strong data-start=\"1852\" data-end=\"1867\">Zamp RZ-57V<\/strong> le ofrece la tecnolog\u00eda, la comodidad y la seguridad que necesita para mantenerse concentrado en la pista.<\/p>\n","protected":false},"excerpt":{"rendered":"<p>El casco Zamp RZ-57V ofrece el equilibrio perfecto entre rendimiento, seguridad y asequibilidad, redefiniendo lo que significa obtener un valor real en protecci\u00f3n para deportes de motor. Dise\u00f1ado con la \u00faltima tecnolog\u00eda Snell SA2025, este casco ligero de composite est\u00e1 dise\u00f1ado para pilotos que exigen fiabilidad, comodidad y un rendimiento moderno sin gastar de m\u00e1s. [&hellip;]<\/p>\n","protected":false},"featured_media":113920,"comment_status":"open","ping_status":"closed","template":"","meta":{"_acf_changed":false,"_iconic_wsb_product_page_order_bump_ids":[[]],"_sku":["H78315F"],"_iconic_wsb_product_page_bump_modal_ids":[[]]},"product_brand":[],"product_cat":[368,357,470,360],"product_tag":[],"class_list":{"0":"post-205173","1":"product","2":"type-product","3":"status-publish","4":"has-post-thumbnail","6":"product_cat-cascos","7":"product_cat-sin-categoria","8":"product_cat-snell-2025","9":"product_cat-zamp-es","11":"first","12":"instock","13":"taxable","14":"shipping-taxable","15":"purchasable","16":"product-type-variable"},"acf":[],"yoast_head":"<!-- This site is optimized with the Yoast SEO plugin v27.0 - https:\/\/yoast.com\/product\/yoast-seo-wordpress\/ -->\n<title>RZ 57V Gris Mate - Zamp Helmets | Helmet 28 EU<\/title>\n<meta name=\"description\" content=\"COMPRAR AHORA - Aprobado por Snell SA2025, ligero, duradero y asequible, con compatibilidad Top Air para el m\u00e1ximo rendimiento en competici\u00f3n.\" \/>\n<meta name=\"robots\" content=\"index, follow, max-snippet:-1, max-image-preview:large, max-video-preview:-1\" \/>\n<link rel=\"canonical\" href=\"https:\/\/zamphelmets.co\/es\/producto\/rz-57v-gris-mate\/\" \/>\n<meta property=\"og:locale\" content=\"es_ES\" \/>\n<meta property=\"og:type\" content=\"article\" \/>\n<meta property=\"og:title\" content=\"RZ 57V Gris Mate - Zamp Helmets | Helmet 28 EU\" \/>\n<meta property=\"og:description\" content=\"COMPRAR AHORA - Aprobado por Snell SA2025, ligero, duradero y asequible, con compatibilidad Top Air para el m\u00e1ximo rendimiento en competici\u00f3n.\" \/>\n<meta property=\"og:url\" content=\"https:\/\/zamphelmets.co\/es\/producto\/rz-57v-gris-mate\/\" \/>\n<meta property=\"og:site_name\" content=\"Zamp Helmets | Helmet 28 EU\" \/>\n<meta property=\"article:modified_time\" content=\"2026-03-17T01:42:01+00:00\" \/>\n<meta property=\"og:image\" content=\"https:\/\/zamphelmets.co\/wp-content\/uploads\/2025\/08\/H77215F.jpg\" \/>\n\t<meta property=\"og:image:width\" content=\"1500\" \/>\n\t<meta property=\"og:image:height\" content=\"1500\" \/>\n\t<meta property=\"og:image:type\" content=\"image\/jpeg\" \/>\n<meta name=\"twitter:card\" content=\"summary_large_image\" \/>\n<meta name=\"twitter:label1\" content=\"Est. reading time\" \/>\n\t<meta name=\"twitter:data1\" content=\"1 minuto\" \/>\n<script type=\"application\/ld+json\" class=\"yoast-schema-graph\">{\"@context\":\"https:\/\/schema.org\",\"@graph\":[{\"@type\":\"WebPage\",\"@id\":\"https:\/\/zamphelmets.co\/es\/producto\/rz-57v-gris-mate\/\",\"url\":\"https:\/\/zamphelmets.co\/es\/producto\/rz-57v-gris-mate\/\",\"name\":\"RZ 57V Gris Mate - Zamp Helmets | Helmet 28 EU\",\"isPartOf\":{\"@id\":\"https:\/\/zamphelmets.co\/es\/#website\"},\"primaryImageOfPage\":{\"@id\":\"https:\/\/zamphelmets.co\/es\/producto\/rz-57v-gris-mate\/#primaryimage\"},\"image\":{\"@id\":\"https:\/\/zamphelmets.co\/es\/producto\/rz-57v-gris-mate\/#primaryimage\"},\"thumbnailUrl\":\"https:\/\/zamphelmets.co\/wp-content\/uploads\/2025\/08\/H77215F.jpg\",\"datePublished\":\"2025-08-13T13:16:32+00:00\",\"dateModified\":\"2026-03-17T01:42:01+00:00\",\"description\":\"COMPRAR AHORA - Aprobado por Snell SA2025, ligero, duradero y asequible, con compatibilidad Top Air para el m\u00e1ximo rendimiento en competici\u00f3n.\",\"breadcrumb\":{\"@id\":\"https:\/\/zamphelmets.co\/es\/producto\/rz-57v-gris-mate\/#breadcrumb\"},\"inLanguage\":\"es\",\"potentialAction\":[{\"@type\":\"ReadAction\",\"target\":[\"https:\/\/zamphelmets.co\/es\/producto\/rz-57v-gris-mate\/\"]}]},{\"@type\":\"ImageObject\",\"inLanguage\":\"es\",\"@id\":\"https:\/\/zamphelmets.co\/es\/producto\/rz-57v-gris-mate\/#primaryimage\",\"url\":\"https:\/\/zamphelmets.co\/wp-content\/uploads\/2025\/08\/H77215F.jpg\",\"contentUrl\":\"https:\/\/zamphelmets.co\/wp-content\/uploads\/2025\/08\/H77215F.jpg\",\"width\":1500,\"height\":1500},{\"@type\":\"BreadcrumbList\",\"@id\":\"https:\/\/zamphelmets.co\/es\/producto\/rz-57v-gris-mate\/#breadcrumb\",\"itemListElement\":[{\"@type\":\"ListItem\",\"position\":1,\"name\":\"Tienda\",\"item\":\"https:\/\/zamphelmets.co\/es\/tienda\/\"},{\"@type\":\"ListItem\",\"position\":2,\"name\":\"RZ 57V Gris Mate\"}]},{\"@type\":\"WebSite\",\"@id\":\"https:\/\/zamphelmets.co\/es\/#website\",\"url\":\"https:\/\/zamphelmets.co\/es\/\",\"name\":\"Zamp Helmets | Helmet 28 EU\",\"description\":\"High Quality Motorsport Helmets\",\"potentialAction\":[{\"@type\":\"SearchAction\",\"target\":{\"@type\":\"EntryPoint\",\"urlTemplate\":\"https:\/\/zamphelmets.co\/es\/?s={search_term_string}\"},\"query-input\":{\"@type\":\"PropertyValueSpecification\",\"valueRequired\":true,\"valueName\":\"search_term_string\"}}],\"inLanguage\":\"es\"}]}<\/script>\n<!-- \/ Yoast SEO plugin. -->","yoast_head_json":{"title":"RZ 57V Gris Mate - Zamp Helmets | Helmet 28 EU","description":"COMPRAR AHORA - Aprobado por Snell SA2025, ligero, duradero y asequible, con compatibilidad Top Air para el m\u00e1ximo rendimiento en competici\u00f3n.","robots":{"index":"index","follow":"follow","max-snippet":"max-snippet:-1","max-image-preview":"max-image-preview:large","max-video-preview":"max-video-preview:-1"},"canonical":"https:\/\/zamphelmets.co\/es\/producto\/rz-57v-gris-mate\/","og_locale":"es_ES","og_type":"article","og_title":"RZ 57V Gris Mate - Zamp Helmets | Helmet 28 EU","og_description":"COMPRAR AHORA - Aprobado por Snell SA2025, ligero, duradero y asequible, con compatibilidad Top Air para el m\u00e1ximo rendimiento en competici\u00f3n.","og_url":"https:\/\/zamphelmets.co\/es\/producto\/rz-57v-gris-mate\/","og_site_name":"Zamp Helmets | Helmet 28 EU","article_modified_time":"2026-03-17T01:42:01+00:00","og_image":[{"width":1500,"height":1500,"url":"https:\/\/zamphelmets.co\/wp-content\/uploads\/2025\/08\/H77215F.jpg","type":"image\/jpeg"}],"twitter_card":"summary_large_image","twitter_misc":{"Est. reading time":"1 minuto"},"schema":{"@context":"https:\/\/schema.org","@graph":[{"@type":"WebPage","@id":"https:\/\/zamphelmets.co\/es\/producto\/rz-57v-gris-mate\/","url":"https:\/\/zamphelmets.co\/es\/producto\/rz-57v-gris-mate\/","name":"RZ 57V Gris Mate - Zamp Helmets | Helmet 28 EU","isPartOf":{"@id":"https:\/\/zamphelmets.co\/es\/#website"},"primaryImageOfPage":{"@id":"https:\/\/zamphelmets.co\/es\/producto\/rz-57v-gris-mate\/#primaryimage"},"image":{"@id":"https:\/\/zamphelmets.co\/es\/producto\/rz-57v-gris-mate\/#primaryimage"},"thumbnailUrl":"https:\/\/zamphelmets.co\/wp-content\/uploads\/2025\/08\/H77215F.jpg","datePublished":"2025-08-13T13:16:32+00:00","dateModified":"2026-03-17T01:42:01+00:00","description":"COMPRAR AHORA - Aprobado por Snell SA2025, ligero, duradero y asequible, con compatibilidad Top Air para el m\u00e1ximo rendimiento en competici\u00f3n.","breadcrumb":{"@id":"https:\/\/zamphelmets.co\/es\/producto\/rz-57v-gris-mate\/#breadcrumb"},"inLanguage":"es","potentialAction":[{"@type":"ReadAction","target":["https:\/\/zamphelmets.co\/es\/producto\/rz-57v-gris-mate\/"]}]},{"@type":"ImageObject","inLanguage":"es","@id":"https:\/\/zamphelmets.co\/es\/producto\/rz-57v-gris-mate\/#primaryimage","url":"https:\/\/zamphelmets.co\/wp-content\/uploads\/2025\/08\/H77215F.jpg","contentUrl":"https:\/\/zamphelmets.co\/wp-content\/uploads\/2025\/08\/H77215F.jpg","width":1500,"height":1500},{"@type":"BreadcrumbList","@id":"https:\/\/zamphelmets.co\/es\/producto\/rz-57v-gris-mate\/#breadcrumb","itemListElement":[{"@type":"ListItem","position":1,"name":"Tienda","item":"https:\/\/zamphelmets.co\/es\/tienda\/"},{"@type":"ListItem","position":2,"name":"RZ 57V Gris Mate"}]},{"@type":"WebSite","@id":"https:\/\/zamphelmets.co\/es\/#website","url":"https:\/\/zamphelmets.co\/es\/","name":"Zamp Helmets | Helmet 28 EU","description":"High Quality Motorsport Helmets","potentialAction":[{"@type":"SearchAction","target":{"@type":"EntryPoint","urlTemplate":"https:\/\/zamphelmets.co\/es\/?s={search_term_string}"},"query-input":{"@type":"PropertyValueSpecification","valueRequired":true,"valueName":"search_term_string"}}],"inLanguage":"es"}]}},"_links":{"self":[{"href":"https:\/\/zamphelmets.co\/es\/wp-json\/wp\/v2\/product\/205173","targetHints":{"allow":["GET"]}}],"collection":[{"href":"https:\/\/zamphelmets.co\/es\/wp-json\/wp\/v2\/product"}],"about":[{"href":"https:\/\/zamphelmets.co\/es\/wp-json\/wp\/v2\/types\/product"}],"replies":[{"embeddable":true,"href":"https:\/\/zamphelmets.co\/es\/wp-json\/wp\/v2\/comments?post=205173"}],"wp:featuredmedia":[{"embeddable":true,"href":"https:\/\/zamphelmets.co\/es\/wp-json\/wp\/v2\/media\/113920"}],"wp:attachment":[{"href":"https:\/\/zamphelmets.co\/es\/wp-json\/wp\/v2\/media?parent=205173"}],"wp:term":[{"taxonomy":"product_brand","embeddable":true,"href":"https:\/\/zamphelmets.co\/es\/wp-json\/wp\/v2\/product_brand?post=205173"},{"taxonomy":"product_cat","embeddable":true,"href":"https:\/\/zamphelmets.co\/es\/wp-json\/wp\/v2\/product_cat?post=205173"},{"taxonomy":"product_tag","embeddable":true,"href":"https:\/\/zamphelmets.co\/es\/wp-json\/wp\/v2\/product_tag?post=205173"}],"curies":[{"name":"wp","href":"https:\/\/api.w.org\/{rel}","templated":true}]}}