{"id":204997,"date":"2025-10-29T15:13:59","date_gmt":"2025-10-29T15:13:59","guid":{"rendered":"https:\/\/zamphelmets.co\/product\/rz-66c-carbon\/"},"modified":"2026-03-03T10:58:13","modified_gmt":"2026-03-03T10:58:13","slug":"rz-66c-carbon","status":"publish","type":"product","link":"https:\/\/zamphelmets.co\/es\/producto\/rz-66c-carbon\/","title":{"rendered":"RZ 66C Carbon"},"content":{"rendered":"<p>Presentamos el nuevo <strong data-start=\"317\" data-end=\"332\">Zamp RZ-66C<\/strong> \u2014 el casco de alto rendimiento definitivo, dise\u00f1ado para pilotos que exigen comodidad ligera, ventilaci\u00f3n superior y precisi\u00f3n aerodin\u00e1mica. Concebido para la resistencia y la velocidad, el RZ-66C combina tecnolog\u00eda de vanguardia con versatilidad para la competici\u00f3n, ayud\u00e1ndole a mantenerse fresco, concentrado y r\u00e1pido; en cada vuelta, en todo momento. <\/p>\n<p><b>Caracter\u00edsticas principales:<\/b><\/p>\n<ul>\n<li style=\"font-weight: 400;\" aria-level=\"1\"><b>Calota de mezcla de carbono<\/b><span style=\"font-weight: 400;\"> \u2013 Construcci\u00f3n superligera para reducir la fatiga del piloto<\/span><\/li>\n<li style=\"font-weight: 400;\" aria-level=\"1\"><b>DDAIR-SYSTEM<\/b><span style=\"font-weight: 400;\"> \u2013 Nuevo <\/span><b>canalizado de aire 360\u00b0 de doble densidad<\/b><span style=\"font-weight: 400;\"> para una refrigeraci\u00f3n superior por aire forzado<\/span><\/li>\n<li style=\"font-weight: 400;\" aria-level=\"1\"><b>Aerodin\u00e1mica avanzada<\/b><span style=\"font-weight: 400;\"> \u2013 Labios aerodin\u00e1micos integrados en la calota, adem\u00e1s de opciones de accesorios: aler\u00f3n trasero ajustable y aler\u00f3n delantero en la mentonera<\/span><\/li>\n<li style=\"font-weight: 400;\" aria-level=\"1\"><b>Sistema de Aire TRI-Tech<\/b><span style=\"font-weight: 400;\"> \u2013 Entradas ajustables en la parte superior del casco y en ambos lados de la mentonera para Aire Natural, Aire Forzado o Tapones de Aire \u2013 el sistema de aire m\u00e1s vers\u00e1til del mercado<\/span><\/li>\n<li style=\"font-weight: 400;\" aria-level=\"1\"><b>Interior de felpa Serie 28<\/b><span style=\"font-weight: 400;\"> \u2013 Almohadillas para las mejillas y forro de la corona ultrasuaves, extra\u00edbles, lavables e ign\u00edfugos<\/span><\/li>\n<li style=\"font-weight: 400;\" aria-level=\"1\"><b>Pantalla antivaho transparente Serie Z-20<\/b><span style=\"font-weight: 400;\"> \u2013 Equipada con postes de tensi\u00f3n para tear-offs, compatible con tear-offs estilo banana de 12.125&#8243; o tear-offs Z Optics P208Z<\/span><\/li>\n<li style=\"font-weight: 400;\" aria-level=\"1\"><b>Preparado para hidrataci\u00f3n<\/b><span style=\"font-weight: 400;\"> \u2013 Puerto de hidrataci\u00f3n central integrado en la mentonera con tap\u00f3n extra\u00edble<\/span><\/li>\n<li style=\"font-weight: 400;\" aria-level=\"1\"><b>Preparado para audio<\/b><span style=\"font-weight: 400;\"> \u2013 Incluye orejeras y almohadillas para los o\u00eddos para reducir el ruido y facilitar la integraci\u00f3n de la comunicaci\u00f3n<\/span><\/li>\n<li style=\"font-weight: 400;\" aria-level=\"1\"><b>Insertos M6<\/b><span style=\"font-weight: 400;\"> \u2013 Compatible con Head &amp; Neck Restraint<\/span><\/li>\n<li style=\"font-weight: 400;\" aria-level=\"1\"><b>Homologado Snell SA2025<\/b><\/li>\n<\/ul>\n<p>Como es habitual en los deportes de motor, nuestro tallaje var\u00eda en funci\u00f3n del modelo de casco. Para m\u00e1s informaci\u00f3n sobre la talla del casco, <a href=\"https:\/\/zamphelmets.co\/es\/como-elegir-la-talla-de-casco-correcta\/\">consulta aqu\u00ed<\/a>.<\/p>\n<p><a href=\"https:\/\/zamphelmets.cohomologation-explained\/\"><strong>Homologaci\u00f3n explicada<\/strong>: descubra qu\u00e9 homologaci\u00f3n necesita<\/a><\/p>\n<p><a href=\"https:\/\/zamphelmets.co\/es\/postes-hans-dispositivos-hans-y-fhr\/\"><strong>Dispositivo FHR \/ HANS<\/strong>: \u00bfcu\u00e1ndo es obligatorio?<\/a><\/p>\n<p><img decoding=\"async\" class=\"alignnone wp-image-15017 lazyload\" data-src=\"https:\/\/zamphelmets.eu\/wp-content\/uploads\/2025\/06\/Zamp-Helmets-sizing-guide-4166-x-4166-px-600x600-1.png\" alt=\"\" width=\"494\" height=\"494\" src=\"data:image\/svg+xml;base64,PHN2ZyB3aWR0aD0iMSIgaGVpZ2h0PSIxIiB4bWxucz0iaHR0cDovL3d3dy53My5vcmcvMjAwMC9zdmciPjwvc3ZnPg==\" style=\"--smush-placeholder-width: 494px; --smush-placeholder-aspect-ratio: 494\/494;\"><\/p>\n","protected":false},"excerpt":{"rendered":"<p>Presentamos el nuevo Zamp RZ-66C \u2014 el casco de alto rendimiento definitivo, dise\u00f1ado para pilotos que exigen comodidad ligera, ventilaci\u00f3n superior y precisi\u00f3n aerodin\u00e1mica. Concebido para la resistencia y la velocidad, el RZ-66C combina tecnolog\u00eda de vanguardia con versatilidad para la competici\u00f3n, ayud\u00e1ndole a mantenerse fresco, concentrado y r\u00e1pido; en cada vuelta, en todo momento. [&hellip;]<\/p>\n","protected":false},"featured_media":137901,"comment_status":"open","ping_status":"closed","template":"","meta":{"_acf_changed":false,"_iconic_wsb_product_page_order_bump_ids":[[]],"_sku":[],"_iconic_wsb_product_page_bump_modal_ids":[[]]},"product_brand":[],"product_cat":[368,357,470,360],"product_tag":[],"class_list":{"0":"post-204997","1":"product","2":"type-product","3":"status-publish","4":"has-post-thumbnail","6":"product_cat-cascos","7":"product_cat-sin-categoria","8":"product_cat-snell-2025","9":"product_cat-zamp-es","11":"first","12":"onbackorder","13":"taxable","14":"shipping-taxable","15":"purchasable","16":"product-type-variable"},"acf":[],"yoast_head":"<!-- This site is optimized with the Yoast SEO plugin v27.0 - https:\/\/yoast.com\/product\/yoast-seo-wordpress\/ -->\n<title>RZ 66C Carbon - Zamp Helmets | Helmet 28 EU<\/title>\n<meta name=\"description\" content=\"Casco Zamp RZ-66C \u2013 calota de mezcla de carbono, refrigeraci\u00f3n DDAIR-SYSTEM, Sistema de Aire TRI-Tech, compatible con sistema de hidrataci\u00f3n y certificado Snell SA2025.\" \/>\n<meta name=\"robots\" content=\"index, follow, max-snippet:-1, max-image-preview:large, max-video-preview:-1\" \/>\n<link rel=\"canonical\" href=\"https:\/\/zamphelmets.co\/es\/producto\/rz-66c-carbon\/\" \/>\n<meta property=\"og:locale\" content=\"es_ES\" \/>\n<meta property=\"og:type\" content=\"article\" \/>\n<meta property=\"og:title\" content=\"RZ 66C Carbon - Zamp Helmets | Helmet 28 EU\" \/>\n<meta property=\"og:description\" content=\"Casco Zamp RZ-66C \u2013 calota de mezcla de carbono, refrigeraci\u00f3n DDAIR-SYSTEM, Sistema de Aire TRI-Tech, compatible con sistema de hidrataci\u00f3n y certificado Snell SA2025.\" \/>\n<meta property=\"og:url\" content=\"https:\/\/zamphelmets.co\/es\/producto\/rz-66c-carbon\/\" \/>\n<meta property=\"og:site_name\" content=\"Zamp Helmets | Helmet 28 EU\" \/>\n<meta property=\"article:modified_time\" content=\"2026-03-03T10:58:13+00:00\" \/>\n<meta property=\"og:image\" content=\"https:\/\/zamphelmets.co\/wp-content\/uploads\/2025\/10\/123213.png\" \/>\n\t<meta property=\"og:image:width\" content=\"663\" \/>\n\t<meta property=\"og:image:height\" content=\"621\" \/>\n\t<meta property=\"og:image:type\" content=\"image\/png\" \/>\n<meta name=\"twitter:card\" content=\"summary_large_image\" \/>\n<meta name=\"twitter:label1\" content=\"Est. reading time\" \/>\n\t<meta name=\"twitter:data1\" content=\"2 minutos\" \/>\n<script type=\"application\/ld+json\" class=\"yoast-schema-graph\">{\"@context\":\"https:\/\/schema.org\",\"@graph\":[{\"@type\":\"WebPage\",\"@id\":\"https:\/\/zamphelmets.co\/es\/producto\/rz-66c-carbon\/\",\"url\":\"https:\/\/zamphelmets.co\/es\/producto\/rz-66c-carbon\/\",\"name\":\"RZ 66C Carbon - Zamp Helmets | Helmet 28 EU\",\"isPartOf\":{\"@id\":\"https:\/\/zamphelmets.co\/es\/#website\"},\"primaryImageOfPage\":{\"@id\":\"https:\/\/zamphelmets.co\/es\/producto\/rz-66c-carbon\/#primaryimage\"},\"image\":{\"@id\":\"https:\/\/zamphelmets.co\/es\/producto\/rz-66c-carbon\/#primaryimage\"},\"thumbnailUrl\":\"https:\/\/zamphelmets.co\/wp-content\/uploads\/2025\/10\/123213.png\",\"datePublished\":\"2025-10-29T15:13:59+00:00\",\"dateModified\":\"2026-03-03T10:58:13+00:00\",\"description\":\"Casco Zamp RZ-66C \u2013 calota de mezcla de carbono, refrigeraci\u00f3n DDAIR-SYSTEM, Sistema de Aire TRI-Tech, compatible con sistema de hidrataci\u00f3n y certificado Snell SA2025.\",\"breadcrumb\":{\"@id\":\"https:\/\/zamphelmets.co\/es\/producto\/rz-66c-carbon\/#breadcrumb\"},\"inLanguage\":\"es\",\"potentialAction\":[{\"@type\":\"ReadAction\",\"target\":[\"https:\/\/zamphelmets.co\/es\/producto\/rz-66c-carbon\/\"]}]},{\"@type\":\"ImageObject\",\"inLanguage\":\"es\",\"@id\":\"https:\/\/zamphelmets.co\/es\/producto\/rz-66c-carbon\/#primaryimage\",\"url\":\"https:\/\/zamphelmets.co\/wp-content\/uploads\/2025\/10\/123213.png\",\"contentUrl\":\"https:\/\/zamphelmets.co\/wp-content\/uploads\/2025\/10\/123213.png\",\"width\":663,\"height\":621},{\"@type\":\"BreadcrumbList\",\"@id\":\"https:\/\/zamphelmets.co\/es\/producto\/rz-66c-carbon\/#breadcrumb\",\"itemListElement\":[{\"@type\":\"ListItem\",\"position\":1,\"name\":\"Tienda\",\"item\":\"https:\/\/zamphelmets.co\/es\/tienda\/\"},{\"@type\":\"ListItem\",\"position\":2,\"name\":\"RZ 66C Carbon\"}]},{\"@type\":\"WebSite\",\"@id\":\"https:\/\/zamphelmets.co\/es\/#website\",\"url\":\"https:\/\/zamphelmets.co\/es\/\",\"name\":\"Zamp Helmets | Helmet 28 EU\",\"description\":\"High Quality Motorsport Helmets\",\"potentialAction\":[{\"@type\":\"SearchAction\",\"target\":{\"@type\":\"EntryPoint\",\"urlTemplate\":\"https:\/\/zamphelmets.co\/es\/?s={search_term_string}\"},\"query-input\":{\"@type\":\"PropertyValueSpecification\",\"valueRequired\":true,\"valueName\":\"search_term_string\"}}],\"inLanguage\":\"es\"}]}<\/script>\n<!-- \/ Yoast SEO plugin. -->","yoast_head_json":{"title":"RZ 66C Carbon - Zamp Helmets | Helmet 28 EU","description":"Casco Zamp RZ-66C \u2013 calota de mezcla de carbono, refrigeraci\u00f3n DDAIR-SYSTEM, Sistema de Aire TRI-Tech, compatible con sistema de hidrataci\u00f3n y certificado Snell SA2025.","robots":{"index":"index","follow":"follow","max-snippet":"max-snippet:-1","max-image-preview":"max-image-preview:large","max-video-preview":"max-video-preview:-1"},"canonical":"https:\/\/zamphelmets.co\/es\/producto\/rz-66c-carbon\/","og_locale":"es_ES","og_type":"article","og_title":"RZ 66C Carbon - Zamp Helmets | Helmet 28 EU","og_description":"Casco Zamp RZ-66C \u2013 calota de mezcla de carbono, refrigeraci\u00f3n DDAIR-SYSTEM, Sistema de Aire TRI-Tech, compatible con sistema de hidrataci\u00f3n y certificado Snell SA2025.","og_url":"https:\/\/zamphelmets.co\/es\/producto\/rz-66c-carbon\/","og_site_name":"Zamp Helmets | Helmet 28 EU","article_modified_time":"2026-03-03T10:58:13+00:00","og_image":[{"width":663,"height":621,"url":"https:\/\/zamphelmets.co\/wp-content\/uploads\/2025\/10\/123213.png","type":"image\/png"}],"twitter_card":"summary_large_image","twitter_misc":{"Est. reading time":"2 minutos"},"schema":{"@context":"https:\/\/schema.org","@graph":[{"@type":"WebPage","@id":"https:\/\/zamphelmets.co\/es\/producto\/rz-66c-carbon\/","url":"https:\/\/zamphelmets.co\/es\/producto\/rz-66c-carbon\/","name":"RZ 66C Carbon - Zamp Helmets | Helmet 28 EU","isPartOf":{"@id":"https:\/\/zamphelmets.co\/es\/#website"},"primaryImageOfPage":{"@id":"https:\/\/zamphelmets.co\/es\/producto\/rz-66c-carbon\/#primaryimage"},"image":{"@id":"https:\/\/zamphelmets.co\/es\/producto\/rz-66c-carbon\/#primaryimage"},"thumbnailUrl":"https:\/\/zamphelmets.co\/wp-content\/uploads\/2025\/10\/123213.png","datePublished":"2025-10-29T15:13:59+00:00","dateModified":"2026-03-03T10:58:13+00:00","description":"Casco Zamp RZ-66C \u2013 calota de mezcla de carbono, refrigeraci\u00f3n DDAIR-SYSTEM, Sistema de Aire TRI-Tech, compatible con sistema de hidrataci\u00f3n y certificado Snell SA2025.","breadcrumb":{"@id":"https:\/\/zamphelmets.co\/es\/producto\/rz-66c-carbon\/#breadcrumb"},"inLanguage":"es","potentialAction":[{"@type":"ReadAction","target":["https:\/\/zamphelmets.co\/es\/producto\/rz-66c-carbon\/"]}]},{"@type":"ImageObject","inLanguage":"es","@id":"https:\/\/zamphelmets.co\/es\/producto\/rz-66c-carbon\/#primaryimage","url":"https:\/\/zamphelmets.co\/wp-content\/uploads\/2025\/10\/123213.png","contentUrl":"https:\/\/zamphelmets.co\/wp-content\/uploads\/2025\/10\/123213.png","width":663,"height":621},{"@type":"BreadcrumbList","@id":"https:\/\/zamphelmets.co\/es\/producto\/rz-66c-carbon\/#breadcrumb","itemListElement":[{"@type":"ListItem","position":1,"name":"Tienda","item":"https:\/\/zamphelmets.co\/es\/tienda\/"},{"@type":"ListItem","position":2,"name":"RZ 66C Carbon"}]},{"@type":"WebSite","@id":"https:\/\/zamphelmets.co\/es\/#website","url":"https:\/\/zamphelmets.co\/es\/","name":"Zamp Helmets | Helmet 28 EU","description":"High Quality Motorsport Helmets","potentialAction":[{"@type":"SearchAction","target":{"@type":"EntryPoint","urlTemplate":"https:\/\/zamphelmets.co\/es\/?s={search_term_string}"},"query-input":{"@type":"PropertyValueSpecification","valueRequired":true,"valueName":"search_term_string"}}],"inLanguage":"es"}]}},"_links":{"self":[{"href":"https:\/\/zamphelmets.co\/es\/wp-json\/wp\/v2\/product\/204997","targetHints":{"allow":["GET"]}}],"collection":[{"href":"https:\/\/zamphelmets.co\/es\/wp-json\/wp\/v2\/product"}],"about":[{"href":"https:\/\/zamphelmets.co\/es\/wp-json\/wp\/v2\/types\/product"}],"replies":[{"embeddable":true,"href":"https:\/\/zamphelmets.co\/es\/wp-json\/wp\/v2\/comments?post=204997"}],"wp:featuredmedia":[{"embeddable":true,"href":"https:\/\/zamphelmets.co\/es\/wp-json\/wp\/v2\/media\/137901"}],"wp:attachment":[{"href":"https:\/\/zamphelmets.co\/es\/wp-json\/wp\/v2\/media?parent=204997"}],"wp:term":[{"taxonomy":"product_brand","embeddable":true,"href":"https:\/\/zamphelmets.co\/es\/wp-json\/wp\/v2\/product_brand?post=204997"},{"taxonomy":"product_cat","embeddable":true,"href":"https:\/\/zamphelmets.co\/es\/wp-json\/wp\/v2\/product_cat?post=204997"},{"taxonomy":"product_tag","embeddable":true,"href":"https:\/\/zamphelmets.co\/es\/wp-json\/wp\/v2\/product_tag?post=204997"}],"curies":[{"name":"wp","href":"https:\/\/api.w.org\/{rel}","templated":true}]}}