{"id":204704,"date":"2025-05-14T11:49:47","date_gmt":"2025-05-14T11:49:47","guid":{"rendered":"https:\/\/zamphelmets.co\/product\/rz-48-joven-carbono-azul\/"},"modified":"2025-05-14T11:49:47","modified_gmt":"2025-05-14T11:49:47","slug":"rz-48-joven-carbono-azul","status":"publish","type":"product","link":"https:\/\/zamphelmets.co\/es\/producto\/rz-48-joven-carbono-azul\/","title":{"rendered":"RZ 48 Joven Carbono Azul"},"content":{"rendered":"<p data-start=\"149\" data-end=\"248\"><strong data-start=\"149\" data-end=\"248\">Presentamos el casco de carbono Zamp RZ-48Y Youth \u2013 El casco de karting juvenil m\u00e1s ligero del mercado<\/strong><\/p>\n<p data-start=\"250\" data-end=\"516\">Dise\u00f1ado para el rendimiento y la comodidad, el nuevo <strong data-start=\"304\" data-end=\"339\">casco de carbono Zamp RZ-48Y Youth<\/strong> es uno de los cascos de karting juveniles m\u00e1s ligeros del mercado, con solo <strong data-start=\"407\" data-end=\"420\">1050g +\/-<\/strong>, lo que lo convierte en la elecci\u00f3n definitiva para j\u00f3venes pilotos que buscan una protecci\u00f3n de siguiente nivel sin el volumen.<\/p>\n<p data-start=\"518\" data-end=\"865\">Construido para la velocidad, la seguridad y un estilo sobresaliente, este casco cuenta con una <strong data-start=\"586\" data-end=\"621\">calota de fibra de carbono de alta calidad<\/strong> para una resistencia excepcional y reducci\u00f3n de peso. Dise\u00f1ado espec\u00edficamente para j\u00f3venes pilotos y totalmente conforme con la homologaci\u00f3n <strong data-start=\"737\" data-end=\"754\">CMR2016<\/strong>, el RZ-48Y incorpora tecnolog\u00eda premium de la gama para adultos de Zamp en un paquete m\u00e1s peque\u00f1o y listo para la carrera. <\/p>\n<p data-start=\"980\" data-end=\"1176\">Ya sea que est\u00e9 luchando por el podio o comenzando su viaje en el karting, el RZ-48Y ofrece un rendimiento de \u00e9lite y comodidad durante todo el d\u00eda con estilo, con la opci\u00f3n del dise\u00f1o est\u00e1ndar de tejido de carbono negro o dos gr\u00e1ficos prepintados.<\/p>\n<p data-start=\"1178\" data-end=\"1195\"><strong data-start=\"1178\" data-end=\"1195\">Caracter\u00edsticas clave:<\/strong><\/p>\n<ul>\n<li data-start=\"1198\" data-end=\"1269\"><strong data-start=\"1198\" data-end=\"1232\">Calota de carbono ultraligera<\/strong> \u2013 aprox. 1050g +\/- (dependiendo de la talla) <\/li>\n<li data-start=\"1272\" data-end=\"1341\"><strong data-start=\"1272\" data-end=\"1314\">Dise\u00f1ado espec\u00edficamente para j\u00f3venes pilotos<\/strong> con certificaci\u00f3n CMR2016<\/li>\n<li data-start=\"1344\" data-end=\"1415\"><strong data-start=\"1344\" data-end=\"1381\">Construcci\u00f3n premium de fibra de carbono<\/strong> para una alta relaci\u00f3n resistencia-peso<\/li>\n<li data-start=\"1418\" data-end=\"1480\"><strong data-start=\"1418\" data-end=\"1462\">Forro ign\u00edfugo extra\u00edble y lavable<\/strong> para una f\u00e1cil limpieza<\/li>\n<li data-start=\"1483\" data-end=\"1537\"><strong data-start=\"1483\" data-end=\"1517\">Pantalla transparente Z-20 Series de 2.5mm<\/strong> con postes para tear-offs<\/li>\n<li data-start=\"1540\" data-end=\"1611\"><strong data-start=\"1540\" data-end=\"1571\">Sistema de ventilaci\u00f3n avanzado<\/strong> con entradas de aire superiores y en la mentonera para un flujo de aire \u00f3ptimo<\/li>\n<li data-start=\"1742\" data-end=\"1796\">Disponible en tallas juveniles: 52cm, 54cm, 56cm, 57cm, 59cm<\/li>\n<\/ul>\n<p>El tama\u00f1o de la calota de nuestros cascos juveniles es ligeramente m\u00e1s peque\u00f1o que el de nuestros cascos est\u00e1ndar para adultos. Por lo tanto, le recomendamos que mida con la mayor precisi\u00f3n posible y, en caso de duda, elija una talla m\u00e1s grande con este modelo. <\/p>\n<p><strong>\u00bfNo est\u00e1s seguro del tama\u00f1o? <\/strong><a href=\"https:\/\/form.jotform.com\/251263198513053\">Rellena nuestro formulario de tallas<\/a> y un miembro del equipo se pondr\u00e1 en contacto contigo para darte nuestras recomendaciones.<\/p>\n<p><img decoding=\"async\" class=\"alignnone wp-image-202049 lazyload\" data-src=\"https:\/\/zamphelmets.co\/wp-content\/uploads\/2025\/05\/Zamp-Helmets-sizing-guide-scaled.png\" alt=\"\" width=\"518\" height=\"518\" data-srcset=\"https:\/\/zamphelmets.co\/wp-content\/uploads\/2025\/05\/Zamp-Helmets-sizing-guide-scaled.png 2560w, https:\/\/zamphelmets.co\/wp-content\/uploads\/2025\/05\/Zamp-Helmets-sizing-guide-300x300.png 300w, https:\/\/zamphelmets.co\/wp-content\/uploads\/2025\/05\/Zamp-Helmets-sizing-guide-1024x1024.png 1024w, https:\/\/zamphelmets.co\/wp-content\/uploads\/2025\/05\/Zamp-Helmets-sizing-guide-150x150.png 150w, https:\/\/zamphelmets.co\/wp-content\/uploads\/2025\/05\/Zamp-Helmets-sizing-guide-768x768.png 768w, https:\/\/zamphelmets.co\/wp-content\/uploads\/2025\/05\/Zamp-Helmets-sizing-guide-1536x1536.png 1536w, https:\/\/zamphelmets.co\/wp-content\/uploads\/2025\/05\/Zamp-Helmets-sizing-guide-2048x2048.png 2048w, https:\/\/zamphelmets.co\/wp-content\/uploads\/2025\/05\/Zamp-Helmets-sizing-guide-600x600.png 600w, https:\/\/zamphelmets.co\/wp-content\/uploads\/2025\/05\/Zamp-Helmets-sizing-guide-100x100.png 100w\" data-sizes=\"(max-width: 518px) 100vw, 518px\" src=\"data:image\/svg+xml;base64,PHN2ZyB3aWR0aD0iMSIgaGVpZ2h0PSIxIiB4bWxucz0iaHR0cDovL3d3dy53My5vcmcvMjAwMC9zdmciPjwvc3ZnPg==\" style=\"--smush-placeholder-width: 518px; --smush-placeholder-aspect-ratio: 518\/518;\" \/><\/p>\n","protected":false},"excerpt":{"rendered":"<p>Presentamos el casco de carbono Zamp RZ-48Y Youth \u2013 El casco de karting juvenil m\u00e1s ligero del mercado Dise\u00f1ado para el rendimiento y la comodidad, el nuevo casco de carbono Zamp RZ-48Y Youth es uno de los cascos de karting juveniles m\u00e1s ligeros del mercado, con solo 1050g +\/-, lo que lo convierte en la [&hellip;]<\/p>\n","protected":false},"featured_media":63003,"comment_status":"open","ping_status":"closed","template":"","meta":{"_acf_changed":false,"_iconic_wsb_product_page_order_bump_ids":[[]],"_sku":["HE785C04"],"_iconic_wsb_product_page_bump_modal_ids":[[]]},"product_brand":[],"product_cat":[368,383,360],"product_tag":[],"class_list":{"0":"post-204704","1":"product","2":"type-product","3":"status-publish","4":"has-post-thumbnail","6":"product_cat-cascos","7":"product_cat-juventud-cmr-2016","8":"product_cat-zamp-es","10":"first","11":"instock","12":"taxable","13":"shipping-taxable","14":"purchasable","15":"product-type-variable"},"acf":[],"yoast_head":"<!-- This site is optimized with the Yoast SEO plugin v27.0 - https:\/\/yoast.com\/product\/yoast-seo-wordpress\/ -->\n<title>RZ 48 Joven Carbono Azul - Zamp Helmets | Helmet 28 EU<\/title>\n<meta name=\"description\" content=\"Descubra el nuevo casco de carbono Zamp RZ-48Y Youth: uno de los cascos de karting m\u00e1s ligeros aprobados por CMR2016, con solo 1050g. Calota de fibra de carbono, ajuste premium.\" \/>\n<meta name=\"robots\" content=\"index, follow, max-snippet:-1, max-image-preview:large, max-video-preview:-1\" \/>\n<link rel=\"canonical\" href=\"https:\/\/zamphelmets.co\/es\/producto\/rz-48-joven-carbono-azul\/\" \/>\n<meta property=\"og:locale\" content=\"es_ES\" \/>\n<meta property=\"og:type\" content=\"article\" \/>\n<meta property=\"og:title\" content=\"RZ 48 Joven Carbono Azul - Zamp Helmets | Helmet 28 EU\" \/>\n<meta property=\"og:description\" content=\"Descubra el nuevo casco de carbono Zamp RZ-48Y Youth: uno de los cascos de karting m\u00e1s ligeros aprobados por CMR2016, con solo 1050g. Calota de fibra de carbono, ajuste premium.\" \/>\n<meta property=\"og:url\" content=\"https:\/\/zamphelmets.co\/es\/producto\/rz-48-joven-carbono-azul\/\" \/>\n<meta property=\"og:site_name\" content=\"Zamp Helmets | Helmet 28 EU\" \/>\n<meta property=\"og:image\" content=\"https:\/\/zamphelmets.co\/wp-content\/uploads\/2025\/05\/48y20blue.jpg\" \/>\n\t<meta property=\"og:image:width\" content=\"1000\" \/>\n\t<meta property=\"og:image:height\" content=\"1000\" \/>\n\t<meta property=\"og:image:type\" content=\"image\/jpeg\" \/>\n<meta name=\"twitter:card\" content=\"summary_large_image\" \/>\n<meta name=\"twitter:label1\" content=\"Est. reading time\" \/>\n\t<meta name=\"twitter:data1\" content=\"2 minutos\" \/>\n<script type=\"application\/ld+json\" class=\"yoast-schema-graph\">{\"@context\":\"https:\/\/schema.org\",\"@graph\":[{\"@type\":\"WebPage\",\"@id\":\"https:\/\/zamphelmets.co\/es\/producto\/rz-48-joven-carbono-azul\/\",\"url\":\"https:\/\/zamphelmets.co\/es\/producto\/rz-48-joven-carbono-azul\/\",\"name\":\"RZ 48 Joven Carbono Azul - Zamp Helmets | Helmet 28 EU\",\"isPartOf\":{\"@id\":\"https:\/\/zamphelmets.co\/es\/#website\"},\"primaryImageOfPage\":{\"@id\":\"https:\/\/zamphelmets.co\/es\/producto\/rz-48-joven-carbono-azul\/#primaryimage\"},\"image\":{\"@id\":\"https:\/\/zamphelmets.co\/es\/producto\/rz-48-joven-carbono-azul\/#primaryimage\"},\"thumbnailUrl\":\"https:\/\/zamphelmets.co\/wp-content\/uploads\/2025\/05\/48y20blue.jpg\",\"datePublished\":\"2025-05-14T11:49:47+00:00\",\"description\":\"Descubra el nuevo casco de carbono Zamp RZ-48Y Youth: uno de los cascos de karting m\u00e1s ligeros aprobados por CMR2016, con solo 1050g. Calota de fibra de carbono, ajuste premium.\",\"breadcrumb\":{\"@id\":\"https:\/\/zamphelmets.co\/es\/producto\/rz-48-joven-carbono-azul\/#breadcrumb\"},\"inLanguage\":\"es\",\"potentialAction\":[{\"@type\":\"ReadAction\",\"target\":[\"https:\/\/zamphelmets.co\/es\/producto\/rz-48-joven-carbono-azul\/\"]}]},{\"@type\":\"ImageObject\",\"inLanguage\":\"es\",\"@id\":\"https:\/\/zamphelmets.co\/es\/producto\/rz-48-joven-carbono-azul\/#primaryimage\",\"url\":\"https:\/\/zamphelmets.co\/wp-content\/uploads\/2025\/05\/48y20blue.jpg\",\"contentUrl\":\"https:\/\/zamphelmets.co\/wp-content\/uploads\/2025\/05\/48y20blue.jpg\",\"width\":1000,\"height\":1000},{\"@type\":\"BreadcrumbList\",\"@id\":\"https:\/\/zamphelmets.co\/es\/producto\/rz-48-joven-carbono-azul\/#breadcrumb\",\"itemListElement\":[{\"@type\":\"ListItem\",\"position\":1,\"name\":\"Tienda\",\"item\":\"https:\/\/zamphelmets.co\/es\/tienda\/\"},{\"@type\":\"ListItem\",\"position\":2,\"name\":\"RZ 48 Joven Carbono Azul\"}]},{\"@type\":\"WebSite\",\"@id\":\"https:\/\/zamphelmets.co\/es\/#website\",\"url\":\"https:\/\/zamphelmets.co\/es\/\",\"name\":\"Zamp Helmets | Helmet 28 EU\",\"description\":\"High Quality Motorsport Helmets\",\"potentialAction\":[{\"@type\":\"SearchAction\",\"target\":{\"@type\":\"EntryPoint\",\"urlTemplate\":\"https:\/\/zamphelmets.co\/es\/?s={search_term_string}\"},\"query-input\":{\"@type\":\"PropertyValueSpecification\",\"valueRequired\":true,\"valueName\":\"search_term_string\"}}],\"inLanguage\":\"es\"}]}<\/script>\n<!-- \/ Yoast SEO plugin. -->","yoast_head_json":{"title":"RZ 48 Joven Carbono Azul - Zamp Helmets | Helmet 28 EU","description":"Descubra el nuevo casco de carbono Zamp RZ-48Y Youth: uno de los cascos de karting m\u00e1s ligeros aprobados por CMR2016, con solo 1050g. Calota de fibra de carbono, ajuste premium.","robots":{"index":"index","follow":"follow","max-snippet":"max-snippet:-1","max-image-preview":"max-image-preview:large","max-video-preview":"max-video-preview:-1"},"canonical":"https:\/\/zamphelmets.co\/es\/producto\/rz-48-joven-carbono-azul\/","og_locale":"es_ES","og_type":"article","og_title":"RZ 48 Joven Carbono Azul - Zamp Helmets | Helmet 28 EU","og_description":"Descubra el nuevo casco de carbono Zamp RZ-48Y Youth: uno de los cascos de karting m\u00e1s ligeros aprobados por CMR2016, con solo 1050g. Calota de fibra de carbono, ajuste premium.","og_url":"https:\/\/zamphelmets.co\/es\/producto\/rz-48-joven-carbono-azul\/","og_site_name":"Zamp Helmets | Helmet 28 EU","og_image":[{"width":1000,"height":1000,"url":"https:\/\/zamphelmets.co\/wp-content\/uploads\/2025\/05\/48y20blue.jpg","type":"image\/jpeg"}],"twitter_card":"summary_large_image","twitter_misc":{"Est. reading time":"2 minutos"},"schema":{"@context":"https:\/\/schema.org","@graph":[{"@type":"WebPage","@id":"https:\/\/zamphelmets.co\/es\/producto\/rz-48-joven-carbono-azul\/","url":"https:\/\/zamphelmets.co\/es\/producto\/rz-48-joven-carbono-azul\/","name":"RZ 48 Joven Carbono Azul - Zamp Helmets | Helmet 28 EU","isPartOf":{"@id":"https:\/\/zamphelmets.co\/es\/#website"},"primaryImageOfPage":{"@id":"https:\/\/zamphelmets.co\/es\/producto\/rz-48-joven-carbono-azul\/#primaryimage"},"image":{"@id":"https:\/\/zamphelmets.co\/es\/producto\/rz-48-joven-carbono-azul\/#primaryimage"},"thumbnailUrl":"https:\/\/zamphelmets.co\/wp-content\/uploads\/2025\/05\/48y20blue.jpg","datePublished":"2025-05-14T11:49:47+00:00","description":"Descubra el nuevo casco de carbono Zamp RZ-48Y Youth: uno de los cascos de karting m\u00e1s ligeros aprobados por CMR2016, con solo 1050g. Calota de fibra de carbono, ajuste premium.","breadcrumb":{"@id":"https:\/\/zamphelmets.co\/es\/producto\/rz-48-joven-carbono-azul\/#breadcrumb"},"inLanguage":"es","potentialAction":[{"@type":"ReadAction","target":["https:\/\/zamphelmets.co\/es\/producto\/rz-48-joven-carbono-azul\/"]}]},{"@type":"ImageObject","inLanguage":"es","@id":"https:\/\/zamphelmets.co\/es\/producto\/rz-48-joven-carbono-azul\/#primaryimage","url":"https:\/\/zamphelmets.co\/wp-content\/uploads\/2025\/05\/48y20blue.jpg","contentUrl":"https:\/\/zamphelmets.co\/wp-content\/uploads\/2025\/05\/48y20blue.jpg","width":1000,"height":1000},{"@type":"BreadcrumbList","@id":"https:\/\/zamphelmets.co\/es\/producto\/rz-48-joven-carbono-azul\/#breadcrumb","itemListElement":[{"@type":"ListItem","position":1,"name":"Tienda","item":"https:\/\/zamphelmets.co\/es\/tienda\/"},{"@type":"ListItem","position":2,"name":"RZ 48 Joven Carbono Azul"}]},{"@type":"WebSite","@id":"https:\/\/zamphelmets.co\/es\/#website","url":"https:\/\/zamphelmets.co\/es\/","name":"Zamp Helmets | Helmet 28 EU","description":"High Quality Motorsport Helmets","potentialAction":[{"@type":"SearchAction","target":{"@type":"EntryPoint","urlTemplate":"https:\/\/zamphelmets.co\/es\/?s={search_term_string}"},"query-input":{"@type":"PropertyValueSpecification","valueRequired":true,"valueName":"search_term_string"}}],"inLanguage":"es"}]}},"_links":{"self":[{"href":"https:\/\/zamphelmets.co\/es\/wp-json\/wp\/v2\/product\/204704","targetHints":{"allow":["GET"]}}],"collection":[{"href":"https:\/\/zamphelmets.co\/es\/wp-json\/wp\/v2\/product"}],"about":[{"href":"https:\/\/zamphelmets.co\/es\/wp-json\/wp\/v2\/types\/product"}],"replies":[{"embeddable":true,"href":"https:\/\/zamphelmets.co\/es\/wp-json\/wp\/v2\/comments?post=204704"}],"wp:featuredmedia":[{"embeddable":true,"href":"https:\/\/zamphelmets.co\/es\/wp-json\/wp\/v2\/media\/63003"}],"wp:attachment":[{"href":"https:\/\/zamphelmets.co\/es\/wp-json\/wp\/v2\/media?parent=204704"}],"wp:term":[{"taxonomy":"product_brand","embeddable":true,"href":"https:\/\/zamphelmets.co\/es\/wp-json\/wp\/v2\/product_brand?post=204704"},{"taxonomy":"product_cat","embeddable":true,"href":"https:\/\/zamphelmets.co\/es\/wp-json\/wp\/v2\/product_cat?post=204704"},{"taxonomy":"product_tag","embeddable":true,"href":"https:\/\/zamphelmets.co\/es\/wp-json\/wp\/v2\/product_tag?post=204704"}],"curies":[{"name":"wp","href":"https:\/\/api.w.org\/{rel}","templated":true}]}}