{"id":204459,"date":"2025-10-29T15:14:42","date_gmt":"2025-10-29T15:14:42","guid":{"rendered":"https:\/\/zamphelmets.co\/product\/rz-67d-carbon-naranja-amarillo\/"},"modified":"2026-03-03T10:55:24","modified_gmt":"2026-03-03T10:55:24","slug":"rz-67d-carbon-naranja-amarillo","status":"publish","type":"product","link":"https:\/\/zamphelmets.co\/es\/producto\/rz-67d-carbon-naranja-amarillo\/","title":{"rendered":"RZ 67D Carbon Naranja \/ Amarillo"},"content":{"rendered":"<p>El nuevo <strong data-start=\"336\" data-end=\"351\">Zamp RZ-67D<\/strong> establece un nuevo est\u00e1ndar en cascos premium para dirt racing, dise\u00f1ado espec\u00edficamente para pilotos que exigen m\u00e1xima comodidad, un flujo de aire superior y un rendimiento sin concesiones incluso en los entornos de carrera m\u00e1s duros. Con ventilaci\u00f3n avanzada, protecci\u00f3n resistente al polvo y el sistema de aire m\u00e1s innovador de Zamp hasta la fecha, el RZ-67D le mantiene fresco, con visi\u00f3n clara y concentrado de principio a fin. <\/p>\n<p><b>  Caracter\u00edsticas principales:<\/b><\/p>\n<ul>\n<li style=\"font-weight: 400;\" aria-level=\"1\"><b>DDAIR-SYSTEM<\/b><span style=\"font-weight: 400;\"> \u2013 Nuevo <\/span><b>canalizado de aire 360\u00b0 de doble densidad<\/b><span style=\"font-weight: 400;\"> para una refrigeraci\u00f3n superior por aire forzado<\/span><\/li>\n<li style=\"font-weight: 400;\" aria-level=\"1\"><b>Calota Carbon Mix de tejido amplio<\/b><span style=\"font-weight: 400;\"> \u2013 Ultraligera y resistente<\/span><\/li>\n<li style=\"font-weight: 400;\" aria-level=\"1\"><b>Interior de la serie 28 a juego<\/b><span style=\"font-weight: 400;\"> \u2013 Forro mullido premium a juego en color, desmontable, lavable, con tratamiento ign\u00edfugo; almohadilla superior y carrilleras<\/span><\/li>\n<li style=\"font-weight: 400;\" aria-level=\"1\"><b>Doble cortina de barbilla<\/b><span style=\"font-weight: 400;\"> \u2013 Protecci\u00f3n extra, reducci\u00f3n de polvo y vaho<\/span><\/li>\n<li style=\"font-weight: 400;\" aria-level=\"1\"><b>Aerodin\u00e1mica avanzada<\/b><span style=\"font-weight: 400;\"> \u2013 Gran spoiler inferior delantero; incluye spoiler trasero ajustable <\/span> <\/li>\n<li style=\"font-weight: 400;\" aria-level=\"1\"><b>Sistema Top Air<\/b><span style=\"font-weight: 400;\"> \u2013 Roscas preinstaladas para una instalaci\u00f3n sencilla del Top Air <\/span> <\/li>\n<li style=\"font-weight: 400;\" aria-level=\"1\"><b>Visera transparente antiempa\u00f1amiento Z-20 Series<\/b><span style=\"font-weight: 400;\"> \u2013 Preinstalada con junta antipolvo y postes de tear-off con tensi\u00f3n<\/span><span style=\"font-weight: 400;\">, compatible con tear offs tipo banana de 12.125&#8243; o Z Optics P208Z Tear Offs<\/span><\/li>\n<li style=\"font-weight: 400;\" aria-level=\"1\"><b>Preparado para hidrataci\u00f3n<\/b><span style=\"font-weight: 400;\"> \u2013 Puerto de hidrataci\u00f3n integrado en la mentonera<\/span><\/li>\n<li style=\"font-weight: 400;\" aria-level=\"1\"><b>Preparado para audio<\/b><span style=\"font-weight: 400;\"> \u2013 Copas para los o\u00eddos preinstaladas para integraci\u00f3n de comunicaciones<\/span><\/li>\n<li style=\"font-weight: 400;\" aria-level=\"1\"><b>Insertos M6<\/b><span style=\"font-weight: 400;\"> \u2013 Compatible con Head &amp; Neck Restraint<\/span><\/li>\n<li style=\"font-weight: 400;\" aria-level=\"1\"><b>Homologado Snell SA2025<\/b><\/li>\n<\/ul>\n<p>Como es habitual en los deportes de motor, nuestro tallaje var\u00eda en funci\u00f3n del modelo de casco. Para m\u00e1s informaci\u00f3n sobre la talla del casco, <a href=\"https:\/\/zamphelmets.eu\/how-to-select-the-correct-helmet-size\/\">consulta aqu\u00ed<\/a>.<\/p>\n<p><a href=\"https:\/\/zamphelmets.eu\/homologation-explained\/\"><strong>La homologaci\u00f3n explicada<\/strong> \u2013 descubra qu\u00e9 homologaci\u00f3n necesita<\/a><\/p>\n<p><a href=\"https:\/\/zamphelmets.eu\/hans-posts-hans-and-fhr-devices\/\"><strong>Dispositivo FHR \/ HANS<\/strong> \u2013 \u00bfcu\u00e1ndo es obligatorio?<\/a><\/p>\n<p><img decoding=\"async\" class=\"alignnone wp-image-15017 lazyload\" data-src=\"https:\/\/zamphelmets.eu\/wp-content\/uploads\/2025\/06\/Zamp-Helmets-sizing-guide-4166-x-4166-px-600x600-1.png\" alt=\"\" width=\"437\" height=\"437\" src=\"data:image\/svg+xml;base64,PHN2ZyB3aWR0aD0iMSIgaGVpZ2h0PSIxIiB4bWxucz0iaHR0cDovL3d3dy53My5vcmcvMjAwMC9zdmciPjwvc3ZnPg==\" style=\"--smush-placeholder-width: 437px; --smush-placeholder-aspect-ratio: 437\/437;\"><\/p>\n","protected":false},"excerpt":{"rendered":"<p>El nuevo Zamp RZ-67D establece un nuevo est\u00e1ndar en cascos premium para dirt racing, dise\u00f1ado espec\u00edficamente para pilotos que exigen m\u00e1xima comodidad, un flujo de aire superior y un rendimiento sin concesiones incluso en los entornos de carrera m\u00e1s duros. Con ventilaci\u00f3n avanzada, protecci\u00f3n resistente al polvo y el sistema de aire m\u00e1s innovador de [&hellip;]<\/p>\n","protected":false},"featured_media":137973,"comment_status":"open","ping_status":"closed","template":"","meta":{"_acf_changed":false,"_iconic_wsb_product_page_order_bump_ids":[[]],"_sku":[],"_iconic_wsb_product_page_bump_modal_ids":[[]]},"product_brand":[],"product_cat":[368,357,470,360],"product_tag":[],"class_list":{"0":"post-204459","1":"product","2":"type-product","3":"status-publish","4":"has-post-thumbnail","6":"product_cat-cascos","7":"product_cat-sin-categoria","8":"product_cat-snell-2025","9":"product_cat-zamp-es","11":"first","12":"onbackorder","13":"taxable","14":"shipping-taxable","15":"purchasable","16":"product-type-variable"},"acf":[],"yoast_head":"<!-- This site is optimized with the Yoast SEO plugin v27.0 - https:\/\/yoast.com\/product\/yoast-seo-wordpress\/ -->\n<title>RZ 67D Carbon Naranja \/ Amarillo - Zamp Helmets | Helmet 28 EU<\/title>\n<meta name=\"description\" content=\"Casco Zamp RZ-67D: calota Carbon Mix, flujo de aire DDAIR-SYSTEM, doble cortina de barbilla, preparado para hidrataci\u00f3n y homologado Snell SA2025.\" \/>\n<meta name=\"robots\" content=\"index, follow, max-snippet:-1, max-image-preview:large, max-video-preview:-1\" \/>\n<link rel=\"canonical\" href=\"https:\/\/zamphelmets.co\/es\/producto\/rz-67d-carbon-naranja-amarillo\/\" \/>\n<meta property=\"og:locale\" content=\"es_ES\" \/>\n<meta property=\"og:type\" content=\"article\" \/>\n<meta property=\"og:title\" content=\"RZ 67D Carbon Naranja \/ Amarillo - Zamp Helmets | Helmet 28 EU\" \/>\n<meta property=\"og:description\" content=\"Casco Zamp RZ-67D: calota Carbon Mix, flujo de aire DDAIR-SYSTEM, doble cortina de barbilla, preparado para hidrataci\u00f3n y homologado Snell SA2025.\" \/>\n<meta property=\"og:url\" content=\"https:\/\/zamphelmets.co\/es\/producto\/rz-67d-carbon-naranja-amarillo\/\" \/>\n<meta property=\"og:site_name\" content=\"Zamp Helmets | Helmet 28 EU\" \/>\n<meta property=\"article:modified_time\" content=\"2026-03-03T10:55:24+00:00\" \/>\n<meta property=\"og:image\" content=\"https:\/\/zamphelmets.co\/wp-content\/uploads\/2025\/10\/H781C30.jpg\" \/>\n\t<meta property=\"og:image:width\" content=\"1000\" \/>\n\t<meta property=\"og:image:height\" content=\"1000\" \/>\n\t<meta property=\"og:image:type\" content=\"image\/jpeg\" \/>\n<meta name=\"twitter:card\" content=\"summary_large_image\" \/>\n<meta name=\"twitter:label1\" content=\"Est. reading time\" \/>\n\t<meta name=\"twitter:data1\" content=\"1 minuto\" \/>\n<script type=\"application\/ld+json\" class=\"yoast-schema-graph\">{\"@context\":\"https:\/\/schema.org\",\"@graph\":[{\"@type\":\"WebPage\",\"@id\":\"https:\/\/zamphelmets.co\/es\/producto\/rz-67d-carbon-naranja-amarillo\/\",\"url\":\"https:\/\/zamphelmets.co\/es\/producto\/rz-67d-carbon-naranja-amarillo\/\",\"name\":\"RZ 67D Carbon Naranja \/ Amarillo - Zamp Helmets | Helmet 28 EU\",\"isPartOf\":{\"@id\":\"https:\/\/zamphelmets.co\/es\/#website\"},\"primaryImageOfPage\":{\"@id\":\"https:\/\/zamphelmets.co\/es\/producto\/rz-67d-carbon-naranja-amarillo\/#primaryimage\"},\"image\":{\"@id\":\"https:\/\/zamphelmets.co\/es\/producto\/rz-67d-carbon-naranja-amarillo\/#primaryimage\"},\"thumbnailUrl\":\"https:\/\/zamphelmets.co\/wp-content\/uploads\/2025\/10\/H781C30.jpg\",\"datePublished\":\"2025-10-29T15:14:42+00:00\",\"dateModified\":\"2026-03-03T10:55:24+00:00\",\"description\":\"Casco Zamp RZ-67D: calota Carbon Mix, flujo de aire DDAIR-SYSTEM, doble cortina de barbilla, preparado para hidrataci\u00f3n y homologado Snell SA2025.\",\"breadcrumb\":{\"@id\":\"https:\/\/zamphelmets.co\/es\/producto\/rz-67d-carbon-naranja-amarillo\/#breadcrumb\"},\"inLanguage\":\"es\",\"potentialAction\":[{\"@type\":\"ReadAction\",\"target\":[\"https:\/\/zamphelmets.co\/es\/producto\/rz-67d-carbon-naranja-amarillo\/\"]}]},{\"@type\":\"ImageObject\",\"inLanguage\":\"es\",\"@id\":\"https:\/\/zamphelmets.co\/es\/producto\/rz-67d-carbon-naranja-amarillo\/#primaryimage\",\"url\":\"https:\/\/zamphelmets.co\/wp-content\/uploads\/2025\/10\/H781C30.jpg\",\"contentUrl\":\"https:\/\/zamphelmets.co\/wp-content\/uploads\/2025\/10\/H781C30.jpg\",\"width\":1000,\"height\":1000},{\"@type\":\"BreadcrumbList\",\"@id\":\"https:\/\/zamphelmets.co\/es\/producto\/rz-67d-carbon-naranja-amarillo\/#breadcrumb\",\"itemListElement\":[{\"@type\":\"ListItem\",\"position\":1,\"name\":\"Tienda\",\"item\":\"https:\/\/zamphelmets.co\/es\/tienda\/\"},{\"@type\":\"ListItem\",\"position\":2,\"name\":\"RZ 67D Carbon Naranja \/ Amarillo\"}]},{\"@type\":\"WebSite\",\"@id\":\"https:\/\/zamphelmets.co\/es\/#website\",\"url\":\"https:\/\/zamphelmets.co\/es\/\",\"name\":\"Zamp Helmets | Helmet 28 EU\",\"description\":\"High Quality Motorsport Helmets\",\"potentialAction\":[{\"@type\":\"SearchAction\",\"target\":{\"@type\":\"EntryPoint\",\"urlTemplate\":\"https:\/\/zamphelmets.co\/es\/?s={search_term_string}\"},\"query-input\":{\"@type\":\"PropertyValueSpecification\",\"valueRequired\":true,\"valueName\":\"search_term_string\"}}],\"inLanguage\":\"es\"}]}<\/script>\n<!-- \/ Yoast SEO plugin. -->","yoast_head_json":{"title":"RZ 67D Carbon Naranja \/ Amarillo - Zamp Helmets | Helmet 28 EU","description":"Casco Zamp RZ-67D: calota Carbon Mix, flujo de aire DDAIR-SYSTEM, doble cortina de barbilla, preparado para hidrataci\u00f3n y homologado Snell SA2025.","robots":{"index":"index","follow":"follow","max-snippet":"max-snippet:-1","max-image-preview":"max-image-preview:large","max-video-preview":"max-video-preview:-1"},"canonical":"https:\/\/zamphelmets.co\/es\/producto\/rz-67d-carbon-naranja-amarillo\/","og_locale":"es_ES","og_type":"article","og_title":"RZ 67D Carbon Naranja \/ Amarillo - Zamp Helmets | Helmet 28 EU","og_description":"Casco Zamp RZ-67D: calota Carbon Mix, flujo de aire DDAIR-SYSTEM, doble cortina de barbilla, preparado para hidrataci\u00f3n y homologado Snell SA2025.","og_url":"https:\/\/zamphelmets.co\/es\/producto\/rz-67d-carbon-naranja-amarillo\/","og_site_name":"Zamp Helmets | Helmet 28 EU","article_modified_time":"2026-03-03T10:55:24+00:00","og_image":[{"width":1000,"height":1000,"url":"https:\/\/zamphelmets.co\/wp-content\/uploads\/2025\/10\/H781C30.jpg","type":"image\/jpeg"}],"twitter_card":"summary_large_image","twitter_misc":{"Est. reading time":"1 minuto"},"schema":{"@context":"https:\/\/schema.org","@graph":[{"@type":"WebPage","@id":"https:\/\/zamphelmets.co\/es\/producto\/rz-67d-carbon-naranja-amarillo\/","url":"https:\/\/zamphelmets.co\/es\/producto\/rz-67d-carbon-naranja-amarillo\/","name":"RZ 67D Carbon Naranja \/ Amarillo - Zamp Helmets | Helmet 28 EU","isPartOf":{"@id":"https:\/\/zamphelmets.co\/es\/#website"},"primaryImageOfPage":{"@id":"https:\/\/zamphelmets.co\/es\/producto\/rz-67d-carbon-naranja-amarillo\/#primaryimage"},"image":{"@id":"https:\/\/zamphelmets.co\/es\/producto\/rz-67d-carbon-naranja-amarillo\/#primaryimage"},"thumbnailUrl":"https:\/\/zamphelmets.co\/wp-content\/uploads\/2025\/10\/H781C30.jpg","datePublished":"2025-10-29T15:14:42+00:00","dateModified":"2026-03-03T10:55:24+00:00","description":"Casco Zamp RZ-67D: calota Carbon Mix, flujo de aire DDAIR-SYSTEM, doble cortina de barbilla, preparado para hidrataci\u00f3n y homologado Snell SA2025.","breadcrumb":{"@id":"https:\/\/zamphelmets.co\/es\/producto\/rz-67d-carbon-naranja-amarillo\/#breadcrumb"},"inLanguage":"es","potentialAction":[{"@type":"ReadAction","target":["https:\/\/zamphelmets.co\/es\/producto\/rz-67d-carbon-naranja-amarillo\/"]}]},{"@type":"ImageObject","inLanguage":"es","@id":"https:\/\/zamphelmets.co\/es\/producto\/rz-67d-carbon-naranja-amarillo\/#primaryimage","url":"https:\/\/zamphelmets.co\/wp-content\/uploads\/2025\/10\/H781C30.jpg","contentUrl":"https:\/\/zamphelmets.co\/wp-content\/uploads\/2025\/10\/H781C30.jpg","width":1000,"height":1000},{"@type":"BreadcrumbList","@id":"https:\/\/zamphelmets.co\/es\/producto\/rz-67d-carbon-naranja-amarillo\/#breadcrumb","itemListElement":[{"@type":"ListItem","position":1,"name":"Tienda","item":"https:\/\/zamphelmets.co\/es\/tienda\/"},{"@type":"ListItem","position":2,"name":"RZ 67D Carbon Naranja \/ Amarillo"}]},{"@type":"WebSite","@id":"https:\/\/zamphelmets.co\/es\/#website","url":"https:\/\/zamphelmets.co\/es\/","name":"Zamp Helmets | Helmet 28 EU","description":"High Quality Motorsport Helmets","potentialAction":[{"@type":"SearchAction","target":{"@type":"EntryPoint","urlTemplate":"https:\/\/zamphelmets.co\/es\/?s={search_term_string}"},"query-input":{"@type":"PropertyValueSpecification","valueRequired":true,"valueName":"search_term_string"}}],"inLanguage":"es"}]}},"_links":{"self":[{"href":"https:\/\/zamphelmets.co\/es\/wp-json\/wp\/v2\/product\/204459","targetHints":{"allow":["GET"]}}],"collection":[{"href":"https:\/\/zamphelmets.co\/es\/wp-json\/wp\/v2\/product"}],"about":[{"href":"https:\/\/zamphelmets.co\/es\/wp-json\/wp\/v2\/types\/product"}],"replies":[{"embeddable":true,"href":"https:\/\/zamphelmets.co\/es\/wp-json\/wp\/v2\/comments?post=204459"}],"wp:featuredmedia":[{"embeddable":true,"href":"https:\/\/zamphelmets.co\/es\/wp-json\/wp\/v2\/media\/137973"}],"wp:attachment":[{"href":"https:\/\/zamphelmets.co\/es\/wp-json\/wp\/v2\/media?parent=204459"}],"wp:term":[{"taxonomy":"product_brand","embeddable":true,"href":"https:\/\/zamphelmets.co\/es\/wp-json\/wp\/v2\/product_brand?post=204459"},{"taxonomy":"product_cat","embeddable":true,"href":"https:\/\/zamphelmets.co\/es\/wp-json\/wp\/v2\/product_cat?post=204459"},{"taxonomy":"product_tag","embeddable":true,"href":"https:\/\/zamphelmets.co\/es\/wp-json\/wp\/v2\/product_tag?post=204459"}],"curies":[{"name":"wp","href":"https:\/\/api.w.org\/{rel}","templated":true}]}}