{"id":28414,"date":"2024-07-16T12:57:09","date_gmt":"2024-07-16T12:57:09","guid":{"rendered":"https:\/\/zamphelmets.co\/politica-de-privacidad-y-cookies\/"},"modified":"2026-02-16T15:06:30","modified_gmt":"2026-02-16T15:06:30","slug":"politica-de-privacidad-y-cookies","status":"publish","type":"page","link":"https:\/\/zamphelmets.co\/es\/politica-de-privacidad-y-cookies\/","title":{"rendered":"Pol\u00edtica de privacidad y cookies"},"content":{"rendered":"<p>Nos comprometemos a salvaguardar la privacidad de los visitantes y usuarios de nuestro sitio web; esta pol\u00edtica establece c\u00f3mo trataremos tu informaci\u00f3n personal.<br \/>\nEsta pol\u00edtica se divide en tres partes:<br \/>\n~ La Parte A proporciona informaci\u00f3n sobre nuestra recopilaci\u00f3n y uso de informaci\u00f3n personal;<br \/>\n~ La Parte B proporciona informaci\u00f3n sobre las cookies utilizadas en este sitio web; y<br \/>\n~ La Parte C contiene informaci\u00f3n sobre nosotros (incluidos los datos de contacto).<br \/>\nAl utilizar nuestro sitio web y aceptar esta pol\u00edtica, das tu consentimiento para que utilicemos cookies de acuerdo con los t\u00e9rminos de esta pol\u00edtica.<br \/>\nPARTE A: TU INFORMACI\u00d3N PERSONAL<br \/>\n(1) \u00bfQu\u00e9 informaci\u00f3n recogemos?<br \/>\nPodemos recoger, almacenar y utilizar los siguientes tipos de informaci\u00f3n personal:<br \/>\n(a) informaci\u00f3n sobre tu ordenador y sobre tus visitas y uso de este sitio web (incluida tu direcci\u00f3n IP, ubicaci\u00f3n geogr\u00e1fica, tipo y versi\u00f3n de navegador, sistema operativo, fuente de referencia, duraci\u00f3n de la visita, p\u00e1ginas vistas y navegaci\u00f3n por el sitio web);<br \/>\n(b) la informaci\u00f3n que nos facilites con el fin de registrarte con nosotros, incluida la informaci\u00f3n de registro facilitada (nombre, correo electr\u00f3nico, n\u00famero de tel\u00e9fono m\u00f3vil, n\u00famero de tel\u00e9fono fijo, pa\u00eds, regi\u00f3n, localidad, direcci\u00f3n y calle);<br \/>\n(d) informaci\u00f3n que nos proporciones con el fin de suscribirte a nuestros servicios del sitio web, notificaciones por correo electr\u00f3nico y\/o boletines informativos;<br \/>\n(e) cualquier otra informaci\u00f3n que decidas enviarnos (a trav\u00e9s del formulario de contacto, por ejemplo);<br \/>\nAntes de revelarnos la informaci\u00f3n personal de otra persona, debes obtener el consentimiento de esa persona tanto para la revelaci\u00f3n como para el tratamiento de esa informaci\u00f3n personal de acuerdo con los t\u00e9rminos de esta pol\u00edtica.<br \/>\n(2) Uso de tu informaci\u00f3n personal<br \/>\nLa informaci\u00f3n personal que nos env\u00edes a trav\u00e9s de este sitio web se utilizar\u00e1 para los fines especificados en esta pol\u00edtica o en las partes pertinentes del sitio web.<br \/>\nPodemos utilizar tus datos personales para<br \/>\n(a) administrar el sitio web;<br \/>\n(b) mejorar tu experiencia de navegaci\u00f3n personalizando el sitio web;<br \/>\n(c) permitirte utilizar los servicios disponibles en el sitio web;<br \/>\n(d) enviarte notificaciones por correo electr\u00f3nico que hayas solicitado espec\u00edficamente;<br \/>\n(e) enviarte por correo electr\u00f3nico nuestro bolet\u00edn y otras comunicaciones de marketing relacionadas con nuestra empresa que consideremos puedan ser de tu inter\u00e9s (puedes darte de baja mediante el enlace que aparece al final de nuestros boletines por correo electr\u00f3nico);<br \/>\n(f) tratar las consultas y reclamaciones realizadas por ti o sobre ti en relaci\u00f3n con el sitio web;<br \/>\n(g) mantener la seguridad del sitio web y evitar el fraude;<br \/>\n(h) verificar el cumplimiento de los t\u00e9rminos y condiciones que rigen el uso del sitio web (incluida la supervisi\u00f3n de los mensajes privados enviados a trav\u00e9s del servicio de mensajer\u00eda privada de nuestro sitio web);<br \/>\nCuando env\u00edes informaci\u00f3n personal para su publicaci\u00f3n en nuestro sitio web, publicaremos y utilizaremos dicha informaci\u00f3n de acuerdo con la licencia que nos concedas.<br \/>\nPuedes utilizar tu configuraci\u00f3n de privacidad para limitar la publicaci\u00f3n de tu informaci\u00f3n en el sitio web.<br \/>\nSin tu consentimiento expreso, no facilitaremos tus datos personales a terceros con fines de marketing directo.<br \/>\nTodas las transacciones financieras realizadas en nuestro sitio web se gestionan a trav\u00e9s de nuestro proveedor de servicios de pago, PayPal o Stripe. Puedes consultar la pol\u00edtica de privacidad de PayPal en www.paypal.com. Compartiremos informaci\u00f3n con PayPal s\u00f3lo en la medida necesaria para procesar los pagos que realices a trav\u00e9s de nuestro sitio web, reembolsar dichos pagos y gestionar las reclamaciones y consultas relacionadas con dichos pagos y reembolsos.<br \/>\n(3) Divulgaciones<br \/>\nPodemos divulgar tu informaci\u00f3n personal a cualquiera de nuestros empleados, directivos, agentes, proveedores o subcontratistas en la medida en que sea razonablemente necesario para los fines establecidos en esta pol\u00edtica.<br \/>\nPodemos revelar tu informaci\u00f3n personal a cualquier miembro de nuestro grupo de empresas (esto significa nuestras filiales, nuestra sociedad de cartera \u00faltima y todas sus filiales) en la medida en que sea razonablemente necesario para los fines establecidos en esta pol\u00edtica.<br \/>\nAdem\u00e1s, podemos revelar tu informaci\u00f3n personal:<br \/>\n(a) en la medida en que la ley nos obligue a ello;<br \/>\n(b) en relaci\u00f3n con cualquier procedimiento judicial en curso o futuro;<br \/>\n(c) para establecer, ejercer o defender nuestros derechos legales (incluido el suministro de informaci\u00f3n a terceros con fines de prevenci\u00f3n del fraude y reducci\u00f3n del riesgo crediticio);<br \/>\n(d) al comprador (o posible comprador) de cualquier negocio o activo que estemos (o contemplemos) vender; y<br \/>\n(e) a cualquier persona que creamos razonablemente que pueda solicitar a un tribunal u otra autoridad competente la divulgaci\u00f3n de dicha informaci\u00f3n personal cuando, en nuestra opini\u00f3n razonable, sea razonablemente probable que dicho tribunal o autoridad ordene la divulgaci\u00f3n de dicha informaci\u00f3n personal.<br \/>\nSalvo lo dispuesto en esta pol\u00edtica, no proporcionaremos tu informaci\u00f3n a terceros.<br \/>\n(4) Transferencias internacionales de datos<br \/>\nLa informaci\u00f3n que recopilamos puede ser almacenada y procesada y transferida entre cualquiera de los pa\u00edses en los que operamos para permitirnos utilizar la informaci\u00f3n de acuerdo con esta pol\u00edtica.<br \/>\nLa informaci\u00f3n que proporciones puede ser transferida a pa\u00edses que no tengan leyes de protecci\u00f3n de datos equivalentes a las vigentes en el Espacio Econ\u00f3mico Europeo.<br \/>\nAdem\u00e1s, la informaci\u00f3n personal que env\u00edes para su publicaci\u00f3n en el sitio web se publicar\u00e1 en Internet y podr\u00e1 estar disponible, a trav\u00e9s de Internet, en todo el mundo. No podemos evitar el uso o mal uso de dicha informaci\u00f3n por parte de terceros.<br \/>\nAceptas expresamente dichas transferencias de informaci\u00f3n personal.<br \/>\n(5) Seguridad de tu informaci\u00f3n personal<br \/>\nTomaremos las precauciones t\u00e9cnicas y organizativas razonables para evitar la p\u00e9rdida, mal uso o alteraci\u00f3n de tu informaci\u00f3n personal.<br \/>\nAlmacenaremos toda la informaci\u00f3n personal que nos proporciones en nuestros servidores seguros (protegidos por contrase\u00f1a y cortafuegos).<br \/>\nReconoces que la transmisi\u00f3n de informaci\u00f3n a trav\u00e9s de Internet es intr\u00ednsecamente insegura, y no podemos garantizar la seguridad de los datos enviados a trav\u00e9s de Internet.<br \/>\nEres responsable de mantener la confidencialidad de tu contrase\u00f1a y otros datos de acceso. No te pediremos tu contrase\u00f1a (excepto cuando inicies sesi\u00f3n en el sitio web).<x id=\"gid_6\"><\/x>(6) Modificaciones de la pol\u00edtica<x id=\"gid_7\"><\/x>Podemos actualizar esta pol\u00edtica de vez en cuando publicando una nueva versi\u00f3n en nuestro sitio web. Deber\u00edas consultar esta p\u00e1gina de vez en cuando para asegurarte de que est\u00e1s conforme con cualquier cambio.<x id=\"gid_8\"><\/x>(7) Tus derechos<x id=\"gid_9\"><\/x>Puedes pedirnos que te proporcionemos cualquier informaci\u00f3n personal que tengamos sobre ti. El suministro de dicha informaci\u00f3n estar\u00e1 sujeto a:<x id=\"gid_10\"><\/x>(a) el pago de una tasa (actualmente fijada en 10 GBP); y<x id=\"gid_11\"><\/x>(b) el suministro de pruebas apropiadas de tu identidad (para este fin, normalmente aceptaremos una fotocopia de tu pasaporte certificada por un abogado o un banco, adem\u00e1s de una copia original de una factura de servicios p\u00fablicos que muestre tu direcci\u00f3n actual).<x id=\"gid_12\"><\/x>Podemos retener dicha informaci\u00f3n personal en la medida permitida por la ley.<x id=\"gid_13\"><\/x>Puedes darnos instrucciones para que no procesemos tu informaci\u00f3n personal con fines de marketing.    En la pr\u00e1ctica, lo normal es que aceptes expresamente y por adelantado que utilicemos tus datos personales con fines de marketing, o que te demos la oportunidad de optar por no utilizar tus datos personales con fines de marketing.<br \/>\n(8) Sitios web de terceros<br \/>\nEl sitio web contiene enlaces a otros sitios web. No somos responsables de las pol\u00edticas o pr\u00e1cticas de privacidad de los sitios web de terceros.<x id=\"gid_2\"><\/x>(9) Actualizaci\u00f3n de la informaci\u00f3n<x id=\"gid_3\"><\/x>Por favor, haznos saber si la informaci\u00f3n personal que tenemos sobre ti necesita ser corregida o actualizada (esta informaci\u00f3n puede ser actualizada a trav\u00e9s de tu panel de inicio de sesi\u00f3n).<x id=\"gid_4\"><\/x>PARTE B: COOKIES<x id=\"gid_5\"><\/x>(10) Acerca de las cookies<x id=\"gid_6\"><\/x>Una cookie es un archivo que contiene un identificador (una cadena de letras y n\u00fameros) que es enviado por un servidor web a un navegador web y es almacenado por el navegador.  El identificador se devuelve al servidor cada vez que el navegador solicita una p\u00e1gina al servidor.<br \/>\nLas cookies pueden ser utilizadas por los servidores web para identificar y rastrear a los usuarios mientras navegan por diferentes p\u00e1ginas de un sitio web e identificar a los usuarios que vuelven a un sitio web.<br \/>\nLas cookies pueden ser cookies \u00abpersistentes\u00bb o cookies \u00abde sesi\u00f3n\u00bb.<br \/>\nUna cookie persistente consiste en un archivo de texto enviado por un servidor web a un navegador web, que ser\u00e1 almacenado por el navegador y seguir\u00e1 siendo v\u00e1lido hasta la fecha de caducidad establecida (a menos que el usuario lo elimine antes de la fecha de caducidad).<br \/>\nUna cookie de sesi\u00f3n, en cambio, caducar\u00e1 al final de la sesi\u00f3n del usuario, cuando se cierre el navegador web.<br \/>\n(11) Nuestras cookies<br \/>\nEn este sitio web utilizamos tanto cookies de sesi\u00f3n como cookies persistentes.<br \/>\n(12) Cookies de terceros y anal\u00edticas<br \/>\nCuando utilizas nuestro sitio web, tambi\u00e9n se te pueden enviar cookies de terceros.<br \/>\nNuestros anunciantes pueden enviarte cookies. Pueden utilizar la informaci\u00f3n que obtienen del uso que haces de sus cookies:<br \/>\n(a) para elaborar un perfil de tu navegaci\u00f3n por la web; y<br \/>\n(b) para dirigirte anuncios que puedan interesarte especialmente.<br \/>\nAdem\u00e1s, utilizamos Google Analytics para analizar el uso de este sitio web. Google Analytics genera informaci\u00f3n estad\u00edstica y de otro tipo sobre el uso del sitio web mediante cookies, que se almacenan en los ordenadores de los usuarios. La informaci\u00f3n generada en relaci\u00f3n con nuestro sitio web se utiliza para crear informes sobre el uso del sitio web. Google almacenar\u00e1 esta informaci\u00f3n. La pol\u00edtica de privacidad de Google est\u00e1 disponible en: http:\/\/www.google.com\/privacypolicy.html.<br \/>\nPodemos publicar anuncios basados en intereses de Google AdSense en nuestro sitio web. Google los adapta para reflejar tus intereses. Para determinar tus intereses, Google rastrear\u00e1 tu comportamiento en nuestro sitio web y en otros sitios web mediante la cookie de DART. Puedes ver, eliminar o a\u00f1adir categor\u00edas de inter\u00e9s asociadas a tu navegador mediante el Administrador de preferencias de anuncios de Google, disponible en: http:\/\/www.google.com\/ads\/preferences\/. Puedes inhabilitar la cookie de la red de socios de AdSense en: http:\/\/www.google.com\/privacy\/ads\/ o utilizando el mecanismo de inhabilitaci\u00f3n multicookie de la Iniciativa de Publicidad en Red de la NAI en: http:\/\/www.networkadvertising.org\/managing\/opt_out.asp. Sin embargo, estos mecanismos de exclusi\u00f3n utilizan cookies, y si borras las cookies de tu navegador no se mantendr\u00e1 tu exclusi\u00f3n. Para asegurarte de que se mantiene una opci\u00f3n de exclusi\u00f3n respecto a un navegador concreto, debes utilizar el complemento del navegador de Google disponible en: http:\/\/www.google.com\/ads\/preferences\/plugin.<br \/>\n(13) Cookies e informaci\u00f3n personal<br \/>\nLas cookies no contienen ninguna informaci\u00f3n que te identifique personalmente, pero la informaci\u00f3n personal que almacenamos sobre ti puede estar vinculada, por nuestra parte, a la informaci\u00f3n almacenada y obtenida de las cookies.<br \/>\n(14) Bloqueo de cookies<br \/>\nLa mayor\u00eda de los navegadores te permiten rechazar la aceptaci\u00f3n de cookies. Por ejemplo:<br \/>\n(a) en Internet Explorer (versi\u00f3n 9) puedes bloquear las cookies utilizando la configuraci\u00f3n de anulaci\u00f3n de gesti\u00f3n de cookies disponible haciendo clic en \u00abHerramientas\u00bb, \u00abOpciones de Internet\u00bb, \u00abPrivacidad\u00bb y, a continuaci\u00f3n, \u00abAvanzadas\u00bb;<br \/>\n(b) en Firefox (versi\u00f3n 16) puedes bloquear todas las cookies haciendo clic en \u00abHerramientas\u00bb, \u00abOpciones\u00bb, \u00abPrivacidad\u00bb, seleccionando \u00abUsar configuraci\u00f3n personalizada para el historial\u00bb en el men\u00fa desplegable, y desmarcando \u00abAceptar cookies de sitios\u00bb; y<br \/>\n(c) en Chrome (versi\u00f3n 23), puedes bloquear todas las cookies accediendo al men\u00fa \u00abPersonalizar y controlar\u00bb y haciendo clic en \u00abConfiguraci\u00f3n\u00bb, \u00abMostrar configuraci\u00f3n avanzada\u00bb y \u00abConfiguraci\u00f3n de contenido\u00bb y, a continuaci\u00f3n, seleccionando \u00abBloquear sitios para que no establezcan ning\u00fan dato\u00bb en el apartado \u00abCookies\u00bb.<br \/>\nSin embargo, bloquear todas las cookies tendr\u00e1 un impacto negativo en la usabilidad de muchos sitios web.<br \/>\nSi bloqueas las cookies, es posible que no puedas utilizar todas las funciones de este sitio web.<br \/>\n(15) Borrar cookies<br \/>\nTambi\u00e9n puedes borrar las cookies ya almacenadas en tu ordenador. Por ejemplo:<br \/>\n(a) en Internet Explorer (versi\u00f3n 9), debes eliminar manualmente los archivos cookie (puedes encontrar instrucciones para hacerlo en http:\/\/support.microsoft.com\/kb\/278835);<br \/>\n(b) en Firefox (versi\u00f3n 16), puedes eliminar las cookies haciendo clic en \u00abHerramientas\u00bb, \u00abOpciones\u00bb, \u00abPrivacidad\u00bb y, a continuaci\u00f3n, en \u00abMostrar cookies\u00bb, y luego en \u00abEliminar todas las cookies\u00bb; y<br \/>\n(c) en Chrome (versi\u00f3n 23), puedes eliminar todas las cookies accediendo al men\u00fa \u00abPersonalizar y controlar\u00bb, y haciendo clic en \u00abConfiguraci\u00f3n\u00bb, \u00abMostrar configuraci\u00f3n avanzada\u00bb y \u00abBorrar datos de navegaci\u00f3n\u00bb, y luego seleccionando \u00abEliminar cookies y otros datos de sitios y plug-ins\u00bb antes de hacer clic en \u00abBorrar datos de navegaci\u00f3n\u00bb.<br \/>\nDe nuevo, hacer esto puede tener un impacto negativo en la usabilidad de muchos sitios web.<br \/>\nPARTE C: NUESTROS DATOS<br \/>\n(16) Contacta con nosotros<br \/>\nEste sitio web es propiedad y est\u00e1 gestionado por Helmet 28 LTD<br \/>\nSi tienes alguna pregunta sobre nuestras cookies o esta pol\u00edtica, ponte en contacto con nosotros:<br \/>\n(a) por correo electr\u00f3nico a support@helmet28.com:<br \/>\n(b) por correo postal a Helmet 28 LTD Clifton Square, Alderley Edge, Cheshire, SK9 7NW<\/p>\n","protected":false},"excerpt":{"rendered":"<p>Nos comprometemos a salvaguardar la privacidad de los visitantes y usuarios de nuestro sitio web; esta pol\u00edtica establece c\u00f3mo trataremos tu informaci\u00f3n personal. Esta pol\u00edtica se divide en tres partes: ~ La Parte A proporciona informaci\u00f3n sobre nuestra recopilaci\u00f3n y uso de informaci\u00f3n personal; ~ La Parte B proporciona informaci\u00f3n sobre las cookies utilizadas en [&hellip;]<\/p>\n","protected":false},"author":1,"featured_media":0,"parent":0,"menu_order":0,"comment_status":"closed","ping_status":"closed","template":"templates\/fullwidth.php","meta":{"_acf_changed":false,"footnotes":""},"class_list":["post-28414","page","type-page","status-publish","hentry"],"acf":[],"yoast_head":"<!-- This site is optimized with the Yoast SEO plugin v27.0 - https:\/\/yoast.com\/product\/yoast-seo-wordpress\/ -->\n<title>Pol\u00edtica de privacidad y cookies - Zamp Helmets | Helmet 28 EU<\/title>\n<meta name=\"robots\" content=\"index, follow, max-snippet:-1, max-image-preview:large, max-video-preview:-1\" \/>\n<link rel=\"canonical\" href=\"https:\/\/zamphelmets.co\/es\/politica-de-privacidad-y-cookies\/\" \/>\n<meta property=\"og:locale\" content=\"es_ES\" \/>\n<meta property=\"og:type\" content=\"article\" \/>\n<meta property=\"og:title\" content=\"Pol\u00edtica de privacidad y cookies - Zamp Helmets | Helmet 28 EU\" \/>\n<meta property=\"og:description\" content=\"Nos comprometemos a salvaguardar la privacidad de los visitantes y usuarios de nuestro sitio web; esta pol\u00edtica establece c\u00f3mo trataremos tu informaci\u00f3n personal. Esta pol\u00edtica se divide en tres partes: ~ La Parte A proporciona informaci\u00f3n sobre nuestra recopilaci\u00f3n y uso de informaci\u00f3n personal; ~ La Parte B proporciona informaci\u00f3n sobre las cookies utilizadas en [&hellip;]\" \/>\n<meta property=\"og:url\" content=\"https:\/\/zamphelmets.co\/es\/politica-de-privacidad-y-cookies\/\" \/>\n<meta property=\"og:site_name\" content=\"Zamp Helmets | Helmet 28 EU\" \/>\n<meta property=\"article:modified_time\" content=\"2026-02-16T15:06:30+00:00\" \/>\n<meta name=\"twitter:card\" content=\"summary_large_image\" \/>\n<meta name=\"twitter:label1\" content=\"Est. reading time\" \/>\n\t<meta name=\"twitter:data1\" content=\"11 minutos\" \/>\n<script type=\"application\/ld+json\" class=\"yoast-schema-graph\">{\"@context\":\"https:\/\/schema.org\",\"@graph\":[{\"@type\":\"WebPage\",\"@id\":\"https:\/\/zamphelmets.co\/es\/politica-de-privacidad-y-cookies\/\",\"url\":\"https:\/\/zamphelmets.co\/es\/politica-de-privacidad-y-cookies\/\",\"name\":\"Pol\u00edtica de privacidad y cookies - Zamp Helmets | Helmet 28 EU\",\"isPartOf\":{\"@id\":\"https:\/\/zamphelmets.co\/es\/#website\"},\"datePublished\":\"2024-07-16T12:57:09+00:00\",\"dateModified\":\"2026-02-16T15:06:30+00:00\",\"inLanguage\":\"es\",\"potentialAction\":[{\"@type\":\"ReadAction\",\"target\":[\"https:\/\/zamphelmets.co\/es\/politica-de-privacidad-y-cookies\/\"]}]},{\"@type\":\"WebSite\",\"@id\":\"https:\/\/zamphelmets.co\/es\/#website\",\"url\":\"https:\/\/zamphelmets.co\/es\/\",\"name\":\"Zamp Helmets | Helmet 28 EU\",\"description\":\"High Quality Motorsport Helmets\",\"potentialAction\":[{\"@type\":\"SearchAction\",\"target\":{\"@type\":\"EntryPoint\",\"urlTemplate\":\"https:\/\/zamphelmets.co\/es\/?s={search_term_string}\"},\"query-input\":{\"@type\":\"PropertyValueSpecification\",\"valueRequired\":true,\"valueName\":\"search_term_string\"}}],\"inLanguage\":\"es\"}]}<\/script>\n<!-- \/ Yoast SEO plugin. -->","yoast_head_json":{"title":"Pol\u00edtica de privacidad y cookies - Zamp Helmets | Helmet 28 EU","robots":{"index":"index","follow":"follow","max-snippet":"max-snippet:-1","max-image-preview":"max-image-preview:large","max-video-preview":"max-video-preview:-1"},"canonical":"https:\/\/zamphelmets.co\/es\/politica-de-privacidad-y-cookies\/","og_locale":"es_ES","og_type":"article","og_title":"Pol\u00edtica de privacidad y cookies - Zamp Helmets | Helmet 28 EU","og_description":"Nos comprometemos a salvaguardar la privacidad de los visitantes y usuarios de nuestro sitio web; esta pol\u00edtica establece c\u00f3mo trataremos tu informaci\u00f3n personal. Esta pol\u00edtica se divide en tres partes: ~ La Parte A proporciona informaci\u00f3n sobre nuestra recopilaci\u00f3n y uso de informaci\u00f3n personal; ~ La Parte B proporciona informaci\u00f3n sobre las cookies utilizadas en [&hellip;]","og_url":"https:\/\/zamphelmets.co\/es\/politica-de-privacidad-y-cookies\/","og_site_name":"Zamp Helmets | Helmet 28 EU","article_modified_time":"2026-02-16T15:06:30+00:00","twitter_card":"summary_large_image","twitter_misc":{"Est. reading time":"11 minutos"},"schema":{"@context":"https:\/\/schema.org","@graph":[{"@type":"WebPage","@id":"https:\/\/zamphelmets.co\/es\/politica-de-privacidad-y-cookies\/","url":"https:\/\/zamphelmets.co\/es\/politica-de-privacidad-y-cookies\/","name":"Pol\u00edtica de privacidad y cookies - Zamp Helmets | Helmet 28 EU","isPartOf":{"@id":"https:\/\/zamphelmets.co\/es\/#website"},"datePublished":"2024-07-16T12:57:09+00:00","dateModified":"2026-02-16T15:06:30+00:00","inLanguage":"es","potentialAction":[{"@type":"ReadAction","target":["https:\/\/zamphelmets.co\/es\/politica-de-privacidad-y-cookies\/"]}]},{"@type":"WebSite","@id":"https:\/\/zamphelmets.co\/es\/#website","url":"https:\/\/zamphelmets.co\/es\/","name":"Zamp Helmets | Helmet 28 EU","description":"High Quality Motorsport Helmets","potentialAction":[{"@type":"SearchAction","target":{"@type":"EntryPoint","urlTemplate":"https:\/\/zamphelmets.co\/es\/?s={search_term_string}"},"query-input":{"@type":"PropertyValueSpecification","valueRequired":true,"valueName":"search_term_string"}}],"inLanguage":"es"}]}},"_links":{"self":[{"href":"https:\/\/zamphelmets.co\/es\/wp-json\/wp\/v2\/pages\/28414","targetHints":{"allow":["GET"]}}],"collection":[{"href":"https:\/\/zamphelmets.co\/es\/wp-json\/wp\/v2\/pages"}],"about":[{"href":"https:\/\/zamphelmets.co\/es\/wp-json\/wp\/v2\/types\/page"}],"author":[{"embeddable":true,"href":"https:\/\/zamphelmets.co\/es\/wp-json\/wp\/v2\/users\/1"}],"replies":[{"embeddable":true,"href":"https:\/\/zamphelmets.co\/es\/wp-json\/wp\/v2\/comments?post=28414"}],"version-history":[{"count":1,"href":"https:\/\/zamphelmets.co\/es\/wp-json\/wp\/v2\/pages\/28414\/revisions"}],"predecessor-version":[{"id":203595,"href":"https:\/\/zamphelmets.co\/es\/wp-json\/wp\/v2\/pages\/28414\/revisions\/203595"}],"wp:attachment":[{"href":"https:\/\/zamphelmets.co\/es\/wp-json\/wp\/v2\/media?parent=28414"}],"curies":[{"name":"wp","href":"https:\/\/api.w.org\/{rel}","templated":true}]}}