{"id":28348,"date":"2019-01-08T14:25:04","date_gmt":"2019-01-08T14:25:04","guid":{"rendered":"https:\/\/zamphelmets.co\/acerca-de\/"},"modified":"2026-02-16T15:02:15","modified_gmt":"2026-02-16T15:02:15","slug":"acerca-de","status":"publish","type":"page","link":"https:\/\/zamphelmets.co\/es\/acerca-de\/","title":{"rendered":"Acerca de"},"content":{"rendered":"<p><img decoding=\"async\" class=\"size-medium wp-image-7967 alignleft lazyload\" data-src=\"https:\/\/zamphelmets.co\/wp-content\/uploads\/2023\/04\/ZAMP-additional-product-images-Aug-23-800x800px-3-300x300.png\" alt=\"\" width=\"300\" height=\"300\" data-srcset=\"https:\/\/zamphelmets.co\/wp-content\/uploads\/2023\/04\/ZAMP-additional-product-images-Aug-23-800x800px-3-300x300.png 300w, https:\/\/zamphelmets.co\/wp-content\/uploads\/2023\/04\/ZAMP-additional-product-images-Aug-23-800x800px-3-150x150.png 150w, https:\/\/zamphelmets.co\/wp-content\/uploads\/2023\/04\/ZAMP-additional-product-images-Aug-23-800x800px-3-768x768.png 768w, https:\/\/zamphelmets.co\/wp-content\/uploads\/2023\/04\/ZAMP-additional-product-images-Aug-23-800x800px-3-600x600.png 600w, https:\/\/zamphelmets.co\/wp-content\/uploads\/2023\/04\/ZAMP-additional-product-images-Aug-23-800x800px-3-100x100.png 100w, https:\/\/zamphelmets.co\/wp-content\/uploads\/2023\/04\/ZAMP-additional-product-images-Aug-23-800x800px-3.png 800w\" data-sizes=\"(max-width: 300px) 100vw, 300px\" src=\"data:image\/svg+xml;base64,PHN2ZyB3aWR0aD0iMSIgaGVpZ2h0PSIxIiB4bWxucz0iaHR0cDovL3d3dy53My5vcmcvMjAwMC9zdmciPjwvc3ZnPg==\" style=\"--smush-placeholder-width: 300px; --smush-placeholder-aspect-ratio: 300\/300;\" \/>Zamp Helmets ofrece <a href=\"https:\/\/zamphelmets.co\/es\/product-category\/zamp-es\/cascos\/\">cascos de m\u00e1xima calidad<\/a> con tecnolog\u00eda punta a un precio asequible.<\/p>\n<p>Helmet 28 distribuye los cascos Zamp desde su almac\u00e9n en B\u00e9lgica.<\/p>\n<p>Fundada en EE.UU., Zamp es famosa por ofrecer una calidad incre\u00edble a un <a href=\"https:\/\/zamphelmets.co\/es\/product-category\/zamp-es\/cascos\/\">precio muy competitivo<\/a>. Si lo comparas con otras marcas del mercado, ver\u00e1s que nuestro producto ofrece el mejor valor, caracter\u00edsticas y dise\u00f1os. Creemos que las carreras no tienen por qu\u00e9 ser restrictivas y prohibir la participaci\u00f3n debido al precio. Queremos facilitar al m\u00e1ximo la participaci\u00f3n del mayor n\u00famero posible de personas.<\/p>\n<h5>Qu\u00e9 hace diferentes a nuestros productos<\/h5>\n<p>Nuestros <g id=\"gid_0\">cascos<\/g>, <g id=\"gid_1\">monos<\/g>, <g id=\"gid_2\">guantes<\/g> y <g id=\"gid_3\">otros accesorios<\/g> cumplen todas las <g id=\"gid_4\">normas de seguridad<\/g>, como <g id=\"gid_5\">la FIA 8859-2015<\/g>, <g id=\"gid_6\">Snell SA 2020<\/g> y <g id=\"gid_7\">CMR 2016<\/g>.     Tanto si te est\u00e1s iniciando en el karting como si compites en campeonatos internacionales de alto nivel, hay un producto que se adapta a tus necesidades.<\/p>\n<p>Tanto si te dedicas al automovilismo de club, al karting o a las series de carreras m\u00e1s prestigiosas del mundo, Zamp tiene el casco para ti.<\/p>\n<p>De la entrada en el mercado <a href=\"https:\/\/zamphelmets.co\/product\/rz-56\/\">Full Face RZ 56<\/a>, perfecto para los d\u00edas de pista y las carreras a cock-pit cerrado. A nuestro revolucionario <a href=\"https:\/\/zamphelmets.co\/es\/producto\/interruptor-rz-70e-naranja-amarillo\/#description\">Casco Interruptor RZ 70E<\/a>, que te permite configurar f\u00e1cilmente tu casco para una gran variedad de configuraciones de competici\u00f3n. La gama Zamp ofrece cascos est\u00e1ndar blancos y negros, adem\u00e1s de una impresionante variedad de cascos pintados y gr\u00e1ficos.<\/p>\n<h5>Hazlo tuyo<\/h5>\n<p>Personalizar tu casco para conseguir la mejor configuraci\u00f3n el d\u00eda de la carrera nunca ha sido tan f\u00e1cil. Con nuestra completa gama de <a href=\"https:\/\/zamphelmets.co\/es\/product-category\/zamp-es\/accesorios\/\">Accesorios<\/a>, todos los cascos <a href=\"https:\/\/zamphelmets.co\/es\/producto\/viseras-z20\/\">Zamp<\/a> pueden equiparse con una visera Z20 posventa . Desde las llamativas viseras Iridium y Prism hasta la visera Amber (perfecta para usar en condiciones de poca luz). Zamp tambi\u00e9n ofrece una gama de <a href=\"https:\/\/zamphelmets.co\/product\/zamp-shield-retention-kit\/\">tornillos anodizados<\/a> para visera, as\u00ed como <a href=\"https:\/\/zamphelmets.co\/product\/visor-tear-off\/\">rasgadores de visera<\/a>.<\/p>\n<p>As\u00ed que, tanto si buscas una forma barata y asequible de iniciarte en las carreras, como si buscas tu pr\u00f3xima ventaja competitiva, \u00a1Zamp te tiene cubierto!<\/p>\n<p>Si tienes alguna pregunta o consulta, no dudes en ponerte <a href=\"mailto:support@helmet28.com\">en contacto con nosotros.<\/a><\/p>\n<p>(Los cascos Zamp son importados por Helmet 28 Ltd)<\/p>\n","protected":false},"excerpt":{"rendered":"<p>Zamp Helmets ofrece cascos de m\u00e1xima calidad con tecnolog\u00eda punta a un precio asequible. Helmet 28 distribuye los cascos Zamp desde su almac\u00e9n en B\u00e9lgica. Fundada en EE.UU., Zamp es famosa por ofrecer una calidad incre\u00edble a un precio muy competitivo. Si lo comparas con otras marcas del mercado, ver\u00e1s que nuestro producto ofrece el [&hellip;]<\/p>\n","protected":false},"author":1,"featured_media":0,"parent":0,"menu_order":0,"comment_status":"closed","ping_status":"closed","template":"templates\/fullwidth.php","meta":{"_acf_changed":false,"footnotes":""},"class_list":["post-28348","page","type-page","status-publish","hentry"],"acf":[],"yoast_head":"<!-- This site is optimized with the Yoast SEO plugin v27.0 - https:\/\/yoast.com\/product\/yoast-seo-wordpress\/ -->\n<title>Acerca de - Zamp Helmets | Helmet 28 EU<\/title>\n<meta name=\"description\" content=\"Zamp Helmets ofrece cascos de incre\u00edble calidad con tecnolog\u00eda punta a un precio muy competitivo.\" \/>\n<meta name=\"robots\" content=\"index, follow, max-snippet:-1, max-image-preview:large, max-video-preview:-1\" \/>\n<link rel=\"canonical\" href=\"https:\/\/zamphelmets.co\/es\/acerca-de\/\" \/>\n<meta property=\"og:locale\" content=\"es_ES\" \/>\n<meta property=\"og:type\" content=\"article\" \/>\n<meta property=\"og:title\" content=\"Acerca de - Zamp Helmets | Helmet 28 EU\" \/>\n<meta property=\"og:description\" content=\"Zamp Helmets ofrece cascos de incre\u00edble calidad con tecnolog\u00eda punta a un precio muy competitivo.\" \/>\n<meta property=\"og:url\" content=\"https:\/\/zamphelmets.co\/es\/acerca-de\/\" \/>\n<meta property=\"og:site_name\" content=\"Zamp Helmets | Helmet 28 EU\" \/>\n<meta property=\"article:modified_time\" content=\"2026-02-16T15:02:15+00:00\" \/>\n<meta property=\"og:image\" content=\"https:\/\/zamphelmets.co\/wp-content\/uploads\/2023\/04\/ZAMP-additional-product-images-Aug-23-800x800px-3.png\" \/>\n\t<meta property=\"og:image:width\" content=\"800\" \/>\n\t<meta property=\"og:image:height\" content=\"800\" \/>\n\t<meta property=\"og:image:type\" content=\"image\/png\" \/>\n<meta name=\"twitter:card\" content=\"summary_large_image\" \/>\n<meta name=\"twitter:label1\" content=\"Est. reading time\" \/>\n\t<meta name=\"twitter:data1\" content=\"2 minutos\" \/>\n<script type=\"application\/ld+json\" class=\"yoast-schema-graph\">{\"@context\":\"https:\/\/schema.org\",\"@graph\":[{\"@type\":\"WebPage\",\"@id\":\"https:\/\/zamphelmets.co\/es\/acerca-de\/\",\"url\":\"https:\/\/zamphelmets.co\/es\/acerca-de\/\",\"name\":\"Acerca de - Zamp Helmets | Helmet 28 EU\",\"isPartOf\":{\"@id\":\"https:\/\/zamphelmets.co\/es\/#website\"},\"primaryImageOfPage\":{\"@id\":\"https:\/\/zamphelmets.co\/es\/acerca-de\/#primaryimage\"},\"image\":{\"@id\":\"https:\/\/zamphelmets.co\/es\/acerca-de\/#primaryimage\"},\"thumbnailUrl\":\"https:\/\/zamphelmets.co\/wp-content\/uploads\/2023\/04\/ZAMP-additional-product-images-Aug-23-800x800px-3-300x300.png\",\"datePublished\":\"2019-01-08T14:25:04+00:00\",\"dateModified\":\"2026-02-16T15:02:15+00:00\",\"description\":\"Zamp Helmets ofrece cascos de incre\u00edble calidad con tecnolog\u00eda punta a un precio muy competitivo.\",\"inLanguage\":\"es\",\"potentialAction\":[{\"@type\":\"ReadAction\",\"target\":[\"https:\/\/zamphelmets.co\/es\/acerca-de\/\"]}]},{\"@type\":\"ImageObject\",\"inLanguage\":\"es\",\"@id\":\"https:\/\/zamphelmets.co\/es\/acerca-de\/#primaryimage\",\"url\":\"https:\/\/zamphelmets.co\/wp-content\/uploads\/2023\/04\/ZAMP-additional-product-images-Aug-23-800x800px-3-300x300.png\",\"contentUrl\":\"https:\/\/zamphelmets.co\/wp-content\/uploads\/2023\/04\/ZAMP-additional-product-images-Aug-23-800x800px-3-300x300.png\"},{\"@type\":\"WebSite\",\"@id\":\"https:\/\/zamphelmets.co\/es\/#website\",\"url\":\"https:\/\/zamphelmets.co\/es\/\",\"name\":\"Zamp Helmets | Helmet 28 EU\",\"description\":\"High Quality Motorsport Helmets\",\"potentialAction\":[{\"@type\":\"SearchAction\",\"target\":{\"@type\":\"EntryPoint\",\"urlTemplate\":\"https:\/\/zamphelmets.co\/es\/?s={search_term_string}\"},\"query-input\":{\"@type\":\"PropertyValueSpecification\",\"valueRequired\":true,\"valueName\":\"search_term_string\"}}],\"inLanguage\":\"es\"}]}<\/script>\n<!-- \/ Yoast SEO plugin. -->","yoast_head_json":{"title":"Acerca de - Zamp Helmets | Helmet 28 EU","description":"Zamp Helmets ofrece cascos de incre\u00edble calidad con tecnolog\u00eda punta a un precio muy competitivo.","robots":{"index":"index","follow":"follow","max-snippet":"max-snippet:-1","max-image-preview":"max-image-preview:large","max-video-preview":"max-video-preview:-1"},"canonical":"https:\/\/zamphelmets.co\/es\/acerca-de\/","og_locale":"es_ES","og_type":"article","og_title":"Acerca de - Zamp Helmets | Helmet 28 EU","og_description":"Zamp Helmets ofrece cascos de incre\u00edble calidad con tecnolog\u00eda punta a un precio muy competitivo.","og_url":"https:\/\/zamphelmets.co\/es\/acerca-de\/","og_site_name":"Zamp Helmets | Helmet 28 EU","article_modified_time":"2026-02-16T15:02:15+00:00","og_image":[{"width":800,"height":800,"url":"https:\/\/zamphelmets.co\/wp-content\/uploads\/2023\/04\/ZAMP-additional-product-images-Aug-23-800x800px-3.png","type":"image\/png"}],"twitter_card":"summary_large_image","twitter_misc":{"Est. reading time":"2 minutos"},"schema":{"@context":"https:\/\/schema.org","@graph":[{"@type":"WebPage","@id":"https:\/\/zamphelmets.co\/es\/acerca-de\/","url":"https:\/\/zamphelmets.co\/es\/acerca-de\/","name":"Acerca de - Zamp Helmets | Helmet 28 EU","isPartOf":{"@id":"https:\/\/zamphelmets.co\/es\/#website"},"primaryImageOfPage":{"@id":"https:\/\/zamphelmets.co\/es\/acerca-de\/#primaryimage"},"image":{"@id":"https:\/\/zamphelmets.co\/es\/acerca-de\/#primaryimage"},"thumbnailUrl":"https:\/\/zamphelmets.co\/wp-content\/uploads\/2023\/04\/ZAMP-additional-product-images-Aug-23-800x800px-3-300x300.png","datePublished":"2019-01-08T14:25:04+00:00","dateModified":"2026-02-16T15:02:15+00:00","description":"Zamp Helmets ofrece cascos de incre\u00edble calidad con tecnolog\u00eda punta a un precio muy competitivo.","inLanguage":"es","potentialAction":[{"@type":"ReadAction","target":["https:\/\/zamphelmets.co\/es\/acerca-de\/"]}]},{"@type":"ImageObject","inLanguage":"es","@id":"https:\/\/zamphelmets.co\/es\/acerca-de\/#primaryimage","url":"https:\/\/zamphelmets.co\/wp-content\/uploads\/2023\/04\/ZAMP-additional-product-images-Aug-23-800x800px-3-300x300.png","contentUrl":"https:\/\/zamphelmets.co\/wp-content\/uploads\/2023\/04\/ZAMP-additional-product-images-Aug-23-800x800px-3-300x300.png"},{"@type":"WebSite","@id":"https:\/\/zamphelmets.co\/es\/#website","url":"https:\/\/zamphelmets.co\/es\/","name":"Zamp Helmets | Helmet 28 EU","description":"High Quality Motorsport Helmets","potentialAction":[{"@type":"SearchAction","target":{"@type":"EntryPoint","urlTemplate":"https:\/\/zamphelmets.co\/es\/?s={search_term_string}"},"query-input":{"@type":"PropertyValueSpecification","valueRequired":true,"valueName":"search_term_string"}}],"inLanguage":"es"}]}},"_links":{"self":[{"href":"https:\/\/zamphelmets.co\/es\/wp-json\/wp\/v2\/pages\/28348","targetHints":{"allow":["GET"]}}],"collection":[{"href":"https:\/\/zamphelmets.co\/es\/wp-json\/wp\/v2\/pages"}],"about":[{"href":"https:\/\/zamphelmets.co\/es\/wp-json\/wp\/v2\/types\/page"}],"author":[{"embeddable":true,"href":"https:\/\/zamphelmets.co\/es\/wp-json\/wp\/v2\/users\/1"}],"replies":[{"embeddable":true,"href":"https:\/\/zamphelmets.co\/es\/wp-json\/wp\/v2\/comments?post=28348"}],"version-history":[{"count":2,"href":"https:\/\/zamphelmets.co\/es\/wp-json\/wp\/v2\/pages\/28348\/revisions"}],"predecessor-version":[{"id":203529,"href":"https:\/\/zamphelmets.co\/es\/wp-json\/wp\/v2\/pages\/28348\/revisions\/203529"}],"wp:attachment":[{"href":"https:\/\/zamphelmets.co\/es\/wp-json\/wp\/v2\/media?parent=28348"}],"curies":[{"name":"wp","href":"https:\/\/api.w.org\/{rel}","templated":true}]}}