{"id":28343,"date":"2019-01-08T14:25:27","date_gmt":"2019-01-08T14:25:27","guid":{"rendered":"https:\/\/zamphelmets.co\/ponte-en-contacto-con\/"},"modified":"2019-01-08T14:25:27","modified_gmt":"2019-01-08T14:25:27","slug":"ponte-en-contacto-con","status":"publish","type":"page","link":"https:\/\/zamphelmets.co\/es\/ponte-en-contacto-con\/","title":{"rendered":"Ponte en contacto con"},"content":{"rendered":"<p><b><img decoding=\"async\" class=\"alignnone size-medium wp-image-5279 lazyload\" data-src=\"https:\/\/zamphelmets.co\/wp-content\/uploads\/sites\/3\/2022\/01\/IMG_3895-279x300.jpg\" alt=\"\" width=\"279\" height=\"300\" data-srcset=\"https:\/\/zamphelmets.co\/wp-content\/uploads\/2022\/01\/IMG_3895-279x300.jpg 279w, https:\/\/zamphelmets.co\/wp-content\/uploads\/2022\/01\/IMG_3895-768x826.jpg 768w, https:\/\/zamphelmets.co\/wp-content\/uploads\/2022\/01\/IMG_3895-600x645.jpg 600w, https:\/\/zamphelmets.co\/wp-content\/uploads\/2022\/01\/IMG_3895.jpg 828w\" data-sizes=\"(max-width: 279px) 100vw, 279px\" src=\"data:image\/svg+xml;base64,PHN2ZyB3aWR0aD0iMSIgaGVpZ2h0PSIxIiB4bWxucz0iaHR0cDovL3d3dy53My5vcmcvMjAwMC9zdmciPjwvc3ZnPg==\" style=\"--smush-placeholder-width: 279px; --smush-placeholder-aspect-ratio: 279\/300;\" \/><\/b><\/p>\n<p>&nbsp;<\/p>\n<p><b>Direcci\u00f3n de contacto<\/b><br \/>\n<a href=\"https:\/\/g.page\/r\/CSfdtOzr9s5nEAg\/review\">Casco 28<\/a><\/p>\n<p>AteaLaan 36<br \/>\nHerentals<br \/>\nB\u00e9lgica 2200<\/p>\n<p>&nbsp;<\/p>\n<p>Helmet 28 distribuye los cascos Zamp en toda Europa desde su almac\u00e9n en B\u00e9lgica.<\/p>\n<p><a href=\"https:\/\/zamphelmets.co\/faqs\/\"><br \/>\n  <strong>Consulta nuestras Preguntas frecuentes<\/strong><br \/>\n<\/a> \u00a1para ver si ya hemos respondido a tu pregunta!<\/p>\n","protected":false},"excerpt":{"rendered":"<p>&nbsp; Direcci\u00f3n de contacto Casco 28 AteaLaan 36 Herentals B\u00e9lgica 2200 &nbsp; Helmet 28 distribuye los cascos Zamp en toda Europa desde su almac\u00e9n en B\u00e9lgica. Consulta nuestras Preguntas frecuentes \u00a1para ver si ya hemos respondido a tu pregunta!<\/p>\n","protected":false},"author":1,"featured_media":0,"parent":0,"menu_order":0,"comment_status":"closed","ping_status":"closed","template":"templates\/contact.php","meta":{"_acf_changed":false,"footnotes":""},"class_list":["post-28343","page","type-page","status-publish","hentry"],"acf":[],"yoast_head":"<!-- This site is optimized with the Yoast SEO plugin v27.0 - https:\/\/yoast.com\/product\/yoast-seo-wordpress\/ -->\n<title>Ponte en contacto con - Zamp Helmets | Helmet 28 EU<\/title>\n<meta name=\"description\" content=\"\u00bfNecesitas hablar con un experto? S\u00f3lo tienes que ponerte en contacto con nosotros y un miembro del equipo se pondr\u00e1 en contacto contigo para ayudarte con tus preguntas lo antes posible.\" \/>\n<meta name=\"robots\" content=\"index, follow, max-snippet:-1, max-image-preview:large, max-video-preview:-1\" \/>\n<link rel=\"canonical\" href=\"https:\/\/zamphelmets.co\/es\/ponte-en-contacto-con\/\" \/>\n<meta property=\"og:locale\" content=\"es_ES\" \/>\n<meta property=\"og:type\" content=\"article\" \/>\n<meta property=\"og:title\" content=\"Ponte en contacto con - Zamp Helmets | Helmet 28 EU\" \/>\n<meta property=\"og:description\" content=\"\u00bfNecesitas hablar con un experto? S\u00f3lo tienes que ponerte en contacto con nosotros y un miembro del equipo se pondr\u00e1 en contacto contigo para ayudarte con tus preguntas lo antes posible.\" \/>\n<meta property=\"og:url\" content=\"https:\/\/zamphelmets.co\/es\/ponte-en-contacto-con\/\" \/>\n<meta property=\"og:site_name\" content=\"Zamp Helmets | Helmet 28 EU\" \/>\n<meta property=\"og:image\" content=\"https:\/\/zamphelmets.co\/wp-content\/uploads\/sites\/3\/2022\/01\/IMG_3895-279x300.jpg\" \/>\n<meta name=\"twitter:card\" content=\"summary_large_image\" \/>\n<script type=\"application\/ld+json\" class=\"yoast-schema-graph\">{\"@context\":\"https:\/\/schema.org\",\"@graph\":[{\"@type\":\"WebPage\",\"@id\":\"https:\/\/zamphelmets.co\/es\/ponte-en-contacto-con\/\",\"url\":\"https:\/\/zamphelmets.co\/es\/ponte-en-contacto-con\/\",\"name\":\"Ponte en contacto con - Zamp Helmets | Helmet 28 EU\",\"isPartOf\":{\"@id\":\"https:\/\/zamphelmets.co\/es\/#website\"},\"primaryImageOfPage\":{\"@id\":\"https:\/\/zamphelmets.co\/es\/ponte-en-contacto-con\/#primaryimage\"},\"image\":{\"@id\":\"https:\/\/zamphelmets.co\/es\/ponte-en-contacto-con\/#primaryimage\"},\"thumbnailUrl\":\"https:\/\/zamphelmets.co\/wp-content\/uploads\/sites\/3\/2022\/01\/IMG_3895-279x300.jpg\",\"datePublished\":\"2019-01-08T14:25:27+00:00\",\"description\":\"\u00bfNecesitas hablar con un experto? S\u00f3lo tienes que ponerte en contacto con nosotros y un miembro del equipo se pondr\u00e1 en contacto contigo para ayudarte con tus preguntas lo antes posible.\",\"inLanguage\":\"es\",\"potentialAction\":[{\"@type\":\"ReadAction\",\"target\":[\"https:\/\/zamphelmets.co\/es\/ponte-en-contacto-con\/\"]}]},{\"@type\":\"ImageObject\",\"inLanguage\":\"es\",\"@id\":\"https:\/\/zamphelmets.co\/es\/ponte-en-contacto-con\/#primaryimage\",\"url\":\"https:\/\/zamphelmets.co\/wp-content\/uploads\/sites\/3\/2022\/01\/IMG_3895-279x300.jpg\",\"contentUrl\":\"https:\/\/zamphelmets.co\/wp-content\/uploads\/sites\/3\/2022\/01\/IMG_3895-279x300.jpg\"},{\"@type\":\"WebSite\",\"@id\":\"https:\/\/zamphelmets.co\/es\/#website\",\"url\":\"https:\/\/zamphelmets.co\/es\/\",\"name\":\"Zamp Helmets | Helmet 28 EU\",\"description\":\"High Quality Motorsport Helmets\",\"potentialAction\":[{\"@type\":\"SearchAction\",\"target\":{\"@type\":\"EntryPoint\",\"urlTemplate\":\"https:\/\/zamphelmets.co\/es\/?s={search_term_string}\"},\"query-input\":{\"@type\":\"PropertyValueSpecification\",\"valueRequired\":true,\"valueName\":\"search_term_string\"}}],\"inLanguage\":\"es\"}]}<\/script>\n<!-- \/ Yoast SEO plugin. -->","yoast_head_json":{"title":"Ponte en contacto con - Zamp Helmets | Helmet 28 EU","description":"\u00bfNecesitas hablar con un experto? S\u00f3lo tienes que ponerte en contacto con nosotros y un miembro del equipo se pondr\u00e1 en contacto contigo para ayudarte con tus preguntas lo antes posible.","robots":{"index":"index","follow":"follow","max-snippet":"max-snippet:-1","max-image-preview":"max-image-preview:large","max-video-preview":"max-video-preview:-1"},"canonical":"https:\/\/zamphelmets.co\/es\/ponte-en-contacto-con\/","og_locale":"es_ES","og_type":"article","og_title":"Ponte en contacto con - Zamp Helmets | Helmet 28 EU","og_description":"\u00bfNecesitas hablar con un experto? S\u00f3lo tienes que ponerte en contacto con nosotros y un miembro del equipo se pondr\u00e1 en contacto contigo para ayudarte con tus preguntas lo antes posible.","og_url":"https:\/\/zamphelmets.co\/es\/ponte-en-contacto-con\/","og_site_name":"Zamp Helmets | Helmet 28 EU","og_image":[{"url":"https:\/\/zamphelmets.co\/wp-content\/uploads\/sites\/3\/2022\/01\/IMG_3895-279x300.jpg","type":"","width":"","height":""}],"twitter_card":"summary_large_image","schema":{"@context":"https:\/\/schema.org","@graph":[{"@type":"WebPage","@id":"https:\/\/zamphelmets.co\/es\/ponte-en-contacto-con\/","url":"https:\/\/zamphelmets.co\/es\/ponte-en-contacto-con\/","name":"Ponte en contacto con - Zamp Helmets | Helmet 28 EU","isPartOf":{"@id":"https:\/\/zamphelmets.co\/es\/#website"},"primaryImageOfPage":{"@id":"https:\/\/zamphelmets.co\/es\/ponte-en-contacto-con\/#primaryimage"},"image":{"@id":"https:\/\/zamphelmets.co\/es\/ponte-en-contacto-con\/#primaryimage"},"thumbnailUrl":"https:\/\/zamphelmets.co\/wp-content\/uploads\/sites\/3\/2022\/01\/IMG_3895-279x300.jpg","datePublished":"2019-01-08T14:25:27+00:00","description":"\u00bfNecesitas hablar con un experto? S\u00f3lo tienes que ponerte en contacto con nosotros y un miembro del equipo se pondr\u00e1 en contacto contigo para ayudarte con tus preguntas lo antes posible.","inLanguage":"es","potentialAction":[{"@type":"ReadAction","target":["https:\/\/zamphelmets.co\/es\/ponte-en-contacto-con\/"]}]},{"@type":"ImageObject","inLanguage":"es","@id":"https:\/\/zamphelmets.co\/es\/ponte-en-contacto-con\/#primaryimage","url":"https:\/\/zamphelmets.co\/wp-content\/uploads\/sites\/3\/2022\/01\/IMG_3895-279x300.jpg","contentUrl":"https:\/\/zamphelmets.co\/wp-content\/uploads\/sites\/3\/2022\/01\/IMG_3895-279x300.jpg"},{"@type":"WebSite","@id":"https:\/\/zamphelmets.co\/es\/#website","url":"https:\/\/zamphelmets.co\/es\/","name":"Zamp Helmets | Helmet 28 EU","description":"High Quality Motorsport Helmets","potentialAction":[{"@type":"SearchAction","target":{"@type":"EntryPoint","urlTemplate":"https:\/\/zamphelmets.co\/es\/?s={search_term_string}"},"query-input":{"@type":"PropertyValueSpecification","valueRequired":true,"valueName":"search_term_string"}}],"inLanguage":"es"}]}},"_links":{"self":[{"href":"https:\/\/zamphelmets.co\/es\/wp-json\/wp\/v2\/pages\/28343","targetHints":{"allow":["GET"]}}],"collection":[{"href":"https:\/\/zamphelmets.co\/es\/wp-json\/wp\/v2\/pages"}],"about":[{"href":"https:\/\/zamphelmets.co\/es\/wp-json\/wp\/v2\/types\/page"}],"author":[{"embeddable":true,"href":"https:\/\/zamphelmets.co\/es\/wp-json\/wp\/v2\/users\/1"}],"replies":[{"embeddable":true,"href":"https:\/\/zamphelmets.co\/es\/wp-json\/wp\/v2\/comments?post=28343"}],"version-history":[{"count":0,"href":"https:\/\/zamphelmets.co\/es\/wp-json\/wp\/v2\/pages\/28343\/revisions"}],"wp:attachment":[{"href":"https:\/\/zamphelmets.co\/es\/wp-json\/wp\/v2\/media?parent=28343"}],"curies":[{"name":"wp","href":"https:\/\/api.w.org\/{rel}","templated":true}]}}