{"id":28340,"date":"2020-02-06T11:04:13","date_gmt":"2020-02-06T11:04:13","guid":{"rendered":"https:\/\/zamphelmets.co\/explicacion-de-la-homologacion\/"},"modified":"2026-02-16T15:06:41","modified_gmt":"2026-02-16T15:06:41","slug":"explicacion-de-la-homologacion","status":"publish","type":"page","link":"https:\/\/zamphelmets.co\/es\/explicacion-de-la-homologacion\/","title":{"rendered":"Explicaci\u00f3n de la homologaci\u00f3n"},"content":{"rendered":"<section class=\"elementor-element elementor-element-49c97e0 elementor-section-boxed elementor-section-height-default elementor-section-height-default elementor-section elementor-top-section\" data-id=\"49c97e0\" data-element_type=\"section\">\n<div class=\"elementor-container elementor-column-gap-default\">\n<div class=\"elementor-row\">\n<div class=\"elementor-element elementor-element-a04f786 elementor-column elementor-col-100 elementor-top-column\" data-id=\"a04f786\" data-element_type=\"column\">\n<div class=\"elementor-column-wrap elementor-element-populated\">\n<div class=\"elementor-widget-wrap\">\n<div class=\"elementor-element elementor-element-d7779a7 elementor-widget elementor-widget-heading\" data-id=\"d7779a7\" data-element_type=\"widget\" data-widget_type=\"heading.default\">\n<div class=\"elementor-widget-container\">\n<section class=\"elementor-element elementor-element-49c97e0 elementor-section-boxed elementor-section-height-default elementor-section-height-default elementor-section elementor-top-section\" data-id=\"49c97e0\" data-element_type=\"section\">\n<div class=\"elementor-container elementor-column-gap-default\">\n<div class=\"elementor-row\">\n<div class=\"elementor-element elementor-element-a04f786 elementor-column elementor-col-100 elementor-top-column\" data-id=\"a04f786\" data-element_type=\"column\">\n<div class=\"elementor-column-wrap elementor-element-populated\">\n<div class=\"elementor-widget-wrap\">\n<div class=\"elementor-element elementor-element-d7779a7 elementor-widget elementor-widget-heading\" data-id=\"d7779a7\" data-element_type=\"widget\" data-widget_type=\"heading.default\">\n<div class=\"elementor-widget-container\">\n<h3 class=\"elementor-heading-title elementor-size-xxl\">\u00bfQu\u00e9 Homologaci\u00f3n necesito?<\/h3>\n<\/div>\n<\/div>\n<\/div>\n<\/div>\n<\/div>\n<\/div>\n<\/div>\n<\/section>\n<section class=\"elementor-element elementor-element-049f318 elementor-section-boxed elementor-section-height-default elementor-section-height-default elementor-section elementor-top-section\" data-id=\"049f318\" data-element_type=\"section\">\n<div class=\"elementor-container elementor-column-gap-default\">\n<div class=\"elementor-row\">\n<div class=\"elementor-element elementor-element-1083611 elementor-column elementor-col-100 elementor-top-column\" data-id=\"1083611\" data-element_type=\"column\">\n<div class=\"elementor-column-wrap elementor-element-populated\">\n<div class=\"elementor-widget-wrap\">\n<div class=\"elementor-element elementor-element-7c9e7ad elementor-widget elementor-widget-spacer\" data-id=\"7c9e7ad\" data-element_type=\"widget\" data-widget_type=\"spacer.default\">\n<div class=\"elementor-widget-container\">\n<div class=\"elementor-spacer\">\n<div class=\"elementor-spacer-inner\">Lo \u00faltimo que quieres es presentarte a tu pr\u00f3ximo evento automovil\u00edstico y descubrir que tu equipamiento est\u00e1 obsoleto. Sabemos que entender qu\u00e9 homologaci\u00f3n necesitas (FIA \/ SNELL \/ CMR) a veces puede parecer un campo de minas. Lo primero que te sugerimos es que te pongas en contacto con los organizadores de tu campeonato de carreras y les preguntes qu\u00e9 Homologaci\u00f3n necesitas exactamente. O en su defecto, no dudes en <a href=\"https:\/\/zamphelmets.co\/es\/ponte-en-contacto-con\/\">ponerte en contacto con nosotros<\/a> y haremos todo lo posible por ayudarte.<\/div>\n<\/div>\n<\/div>\n<\/div>\n<\/div>\n<\/div>\n<\/div>\n<div class=\"elementor-element elementor-element-1083611 elementor-column elementor-col-100 elementor-top-column\" data-id=\"1083611\" data-element_type=\"column\">\n<div class=\"elementor-column-wrap elementor-element-populated\">\n<div class=\"elementor-widget-wrap\">\n<div class=\"elementor-element elementor-element-7c9e7ad elementor-widget elementor-widget-spacer\" data-id=\"7c9e7ad\" data-element_type=\"widget\" data-widget_type=\"spacer.default\">\n<div class=\"elementor-widget-container\">\n<div>\n<h3 class=\"elementor-heading-title elementor-size-xxl\">\u00bfEst\u00e1 tu casco al d\u00eda?<\/h3>\n<\/div>\n<div class=\"elementor-spacer\">\n<div class=\"elementor-spacer-inner\">Si ya tienes un casco pero necesitas comprobar que tu homologaci\u00f3n sigue vigente y es v\u00e1lida para competir, a continuaci\u00f3n te ofrecemos una gu\u00eda con todas las homologaciones vigentes y hasta cu\u00e1ndo son v\u00e1lidas:<\/div>\n<\/div>\n<\/div>\n<div>\n<h3 class=\"elementor-heading-title elementor-size-xxl\"><a href=\"https:\/\/www.fia.com\/\">FIA<\/a><\/h3>\n<p>Las normas de la FIA est\u00e1n ampliamente reconocidas en los eventos automovil\u00edsticos del Reino Unido y Europa, y son conocidas por sus elevados criterios de seguridad, que a menudo superan las normas SNELL.<\/p>\n<ul>\n<li><strong>FIA 8860-2004<\/strong> | Expirado el 31\/12\/2020<\/li>\n<li><strong>FIA 8858-2010<\/strong> | V\u00e1lido hasta el 31\/12\/2023<\/li>\n<li><strong>FIA 8860-2010<\/strong> | V\u00e1lido hasta el 31\/12\/2028<\/li>\n<li><strong>FIA 8859-2015<\/strong> | Actualmente v\u00e1lido (sin fecha de caducidad)<\/li>\n<li><strong>FIA 8859-2024<\/strong> | Actualmente v\u00e1lido (sin fecha de caducidad)<\/li>\n<li><strong>FIA 8859-2024 ABP<\/strong> | Actualmente v\u00e1lido (sin fecha de caducidad)<\/li>\n<li><strong>FIA 8860-2018<\/strong> | Actualmente v\u00e1lido (sin fecha de caducidad)<\/li>\n<li><strong>FIA 8860-2018 ABP<\/strong> | Actualmente v\u00e1lido (sin fecha de caducidad)<\/li>\n<\/ul>\n<h3 class=\"elementor-heading-title elementor-size-xxl\"><a href=\"https:\/\/smf.org\/cert\">SNELL<\/a><\/h3>\n<p>Las normas SNELL est\u00e1n reconocidas en todo el mundo y a menudo se utilizan como alternativa a las normas de la FIA. Estos cascos est\u00e1n ampliamente disponibles y gozan de la confianza de muchas organizaciones de carreras. <\/p>\n<ul>\n<li><strong>SA2005<\/strong> | Expirado el 31\/12\/2018<\/li>\n<li><strong>SA2010<\/strong> | Expiraci\u00f3n 31\/12\/2023<\/li>\n<li><strong>SAH2010<\/strong> | Expiraci\u00f3n 31\/12\/2023<\/li>\n<li><strong>SA2015<\/strong> | Expiraci\u00f3n 31\/12\/2023<\/li>\n<li><strong>SA2020<\/strong> | Actualmente v\u00e1lido (sin fecha de caducidad)<\/li>\n<\/ul>\n<p><em>Nota: Los cascos de la norma SA2020 se introdujeron en octubre de 2020 y ya est\u00e1n ampliamente disponibles. La mayor\u00eda de los organismos sancionadores est\u00e1n eliminando progresivamente las normas m\u00e1s antiguas, como la SA2010. <\/em><\/p>\n<h3 class=\"elementor-heading-title elementor-size-xxl\">CMR<\/h3>\n<p>Las normas CMR est\u00e1n dise\u00f1adas espec\u00edficamente para las carreras de karts junior (menores de 16 a\u00f1os) y dan prioridad al bajo peso para minimizar las fuerzas de rotaci\u00f3n en los accidentes.<\/p>\n<ul>\n<li><strong>Snell-FIA CMR 2007<\/strong> | V\u00e1lido hasta el 31\/12\/2024<\/li>\n<li><strong>Snell-FIA CMR 2016<\/strong> | Actualmente v\u00e1lido (sin fecha de caducidad)<\/li>\n<\/ul>\n<p>El <strong>Snell-FIA CMR<\/strong> 2016 sigue siendo la norma m\u00e1s reciente para los cascos de kart junior, garantizando la mejor protecci\u00f3n posible para los pilotos m\u00e1s j\u00f3venes.<\/p>\n<p>&nbsp;<\/p>\n<hr>\n<\/div>\n<p>&nbsp;<\/p>\n<p><strong>Peso &#8211; <\/strong>El peso admisible del casco depende del per\u00edmetro craneal m\u00e1s peque\u00f1o para el que est\u00e9 previsto el casco y de si el casco est\u00e1 configurado para aceptar una pantalla facial. Los cascos se pesar\u00e1n en la configuraci\u00f3n m\u00e1s maciza posible con la parafernalia de cascos que los acompa\u00f1e.<\/p>\n<p><img decoding=\"async\" class=\"alignnone wp-image-1441 size-full lazyload\" data-src=\"https:\/\/zamphelmets.co\/wp-content\/uploads\/2020\/03\/Screenshot-2020-03-10-at-11.14.14.png\" alt=\"tabla de pesos de homologaci\u00f3n de cascos\" width=\"687\" height=\"202\" data-srcset=\"https:\/\/zamphelmets.co\/wp-content\/uploads\/2020\/03\/Screenshot-2020-03-10-at-11.14.14.png 687w, https:\/\/zamphelmets.co\/wp-content\/uploads\/2020\/03\/Screenshot-2020-03-10-at-11.14.14-300x88.png 300w, https:\/\/zamphelmets.co\/wp-content\/uploads\/2020\/03\/Screenshot-2020-03-10-at-11.14.14-600x176.png 600w\" data-sizes=\"(max-width: 687px) 100vw, 687px\" src=\"data:image\/svg+xml;base64,PHN2ZyB3aWR0aD0iMSIgaGVpZ2h0PSIxIiB4bWxucz0iaHR0cDovL3d3dy53My5vcmcvMjAwMC9zdmciPjwvc3ZnPg==\" style=\"--smush-placeholder-width: 687px; --smush-placeholder-aspect-ratio: 687\/202;\" \/><\/p>\n<\/div>\n<p><em>Ten en cuenta que toda la informaci\u00f3n de esta p\u00e1gina es exacta a fecha de enero de 2025.  <\/em><\/p>\n<\/div>\n<\/div>\n<\/div>\n<\/div>\n<\/div>\n<\/section>\n<\/div>\n<\/div>\n<\/div>\n<\/div>\n<\/div>\n<\/div>\n<\/div>\n<\/section>\n","protected":false},"excerpt":{"rendered":"<p>\u00bfQu\u00e9 Homologaci\u00f3n necesito? Lo \u00faltimo que quieres es presentarte a tu pr\u00f3ximo evento automovil\u00edstico y descubrir que tu equipamiento est\u00e1 obsoleto. Sabemos que entender qu\u00e9 homologaci\u00f3n necesitas (FIA \/ SNELL \/ CMR) a veces puede parecer un campo de minas. Lo primero que te sugerimos es que te pongas en contacto con los organizadores de [&hellip;]<\/p>\n","protected":false},"author":2,"featured_media":0,"parent":0,"menu_order":0,"comment_status":"closed","ping_status":"closed","template":"templates\/fullwidth.php","meta":{"_acf_changed":false,"footnotes":""},"class_list":["post-28340","page","type-page","status-publish","hentry"],"acf":[],"yoast_head":"<!-- This site is optimized with the Yoast SEO plugin v27.0 - https:\/\/yoast.com\/product\/yoast-seo-wordpress\/ -->\n<title>Explicaci\u00f3n de la homologaci\u00f3n casco - Zamp Helmets | Helmet 28 EU Gu\u00eda<\/title>\n<meta name=\"description\" content=\"Aseg\u00farate de que tienes la homologaci\u00f3n correcta para las carreras que vayas a hacer. Esta gu\u00eda te explicar\u00e1 todo lo que necesitas saber.\" \/>\n<meta name=\"robots\" content=\"index, follow, max-snippet:-1, max-image-preview:large, max-video-preview:-1\" \/>\n<link rel=\"canonical\" href=\"https:\/\/zamphelmets.co\/es\/explicacion-de-la-homologacion\/\" \/>\n<meta property=\"og:locale\" content=\"es_ES\" \/>\n<meta property=\"og:type\" content=\"article\" \/>\n<meta property=\"og:title\" content=\"Explicaci\u00f3n de la homologaci\u00f3n casco - Zamp Helmets | Helmet 28 EU Gu\u00eda\" \/>\n<meta property=\"og:description\" content=\"Aseg\u00farate de que tienes la homologaci\u00f3n correcta para las carreras que vayas a hacer. Esta gu\u00eda te explicar\u00e1 todo lo que necesitas saber.\" \/>\n<meta property=\"og:url\" content=\"https:\/\/zamphelmets.co\/es\/explicacion-de-la-homologacion\/\" \/>\n<meta property=\"og:site_name\" content=\"Zamp Helmets | Helmet 28 EU\" \/>\n<meta property=\"article:modified_time\" content=\"2026-02-16T15:06:41+00:00\" \/>\n<meta property=\"og:image\" content=\"https:\/\/zamphelmets.co\/wp-content\/uploads\/2020\/03\/Screenshot-2020-03-10-at-11.14.14.png\" \/>\n\t<meta property=\"og:image:width\" content=\"687\" \/>\n\t<meta property=\"og:image:height\" content=\"202\" \/>\n\t<meta property=\"og:image:type\" content=\"image\/png\" \/>\n<meta name=\"twitter:card\" content=\"summary_large_image\" \/>\n<meta name=\"twitter:label1\" content=\"Est. reading time\" \/>\n\t<meta name=\"twitter:data1\" content=\"2 minutos\" \/>\n<script type=\"application\/ld+json\" class=\"yoast-schema-graph\">{\"@context\":\"https:\/\/schema.org\",\"@graph\":[{\"@type\":\"WebPage\",\"@id\":\"https:\/\/zamphelmets.co\/es\/explicacion-de-la-homologacion\/\",\"url\":\"https:\/\/zamphelmets.co\/es\/explicacion-de-la-homologacion\/\",\"name\":\"Explicaci\u00f3n de la homologaci\u00f3n casco - Zamp Helmets | Helmet 28 EU Gu\u00eda\",\"isPartOf\":{\"@id\":\"https:\/\/zamphelmets.co\/es\/#website\"},\"primaryImageOfPage\":{\"@id\":\"https:\/\/zamphelmets.co\/es\/explicacion-de-la-homologacion\/#primaryimage\"},\"image\":{\"@id\":\"https:\/\/zamphelmets.co\/es\/explicacion-de-la-homologacion\/#primaryimage\"},\"thumbnailUrl\":\"https:\/\/zamphelmets.co\/wp-content\/uploads\/2020\/03\/Screenshot-2020-03-10-at-11.14.14.png\",\"datePublished\":\"2020-02-06T11:04:13+00:00\",\"dateModified\":\"2026-02-16T15:06:41+00:00\",\"description\":\"Aseg\u00farate de que tienes la homologaci\u00f3n correcta para las carreras que vayas a hacer. Esta gu\u00eda te explicar\u00e1 todo lo que necesitas saber.\",\"inLanguage\":\"es\",\"potentialAction\":[{\"@type\":\"ReadAction\",\"target\":[\"https:\/\/zamphelmets.co\/es\/explicacion-de-la-homologacion\/\"]}]},{\"@type\":\"ImageObject\",\"inLanguage\":\"es\",\"@id\":\"https:\/\/zamphelmets.co\/es\/explicacion-de-la-homologacion\/#primaryimage\",\"url\":\"https:\/\/zamphelmets.co\/wp-content\/uploads\/2020\/03\/Screenshot-2020-03-10-at-11.14.14.png\",\"contentUrl\":\"https:\/\/zamphelmets.co\/wp-content\/uploads\/2020\/03\/Screenshot-2020-03-10-at-11.14.14.png\"},{\"@type\":\"WebSite\",\"@id\":\"https:\/\/zamphelmets.co\/es\/#website\",\"url\":\"https:\/\/zamphelmets.co\/es\/\",\"name\":\"Zamp Helmets | Helmet 28 EU\",\"description\":\"High Quality Motorsport Helmets\",\"potentialAction\":[{\"@type\":\"SearchAction\",\"target\":{\"@type\":\"EntryPoint\",\"urlTemplate\":\"https:\/\/zamphelmets.co\/es\/?s={search_term_string}\"},\"query-input\":{\"@type\":\"PropertyValueSpecification\",\"valueRequired\":true,\"valueName\":\"search_term_string\"}}],\"inLanguage\":\"es\"}]}<\/script>\n<!-- \/ Yoast SEO plugin. -->","yoast_head_json":{"title":"Explicaci\u00f3n de la homologaci\u00f3n casco - Zamp Helmets | Helmet 28 EU Gu\u00eda","description":"Aseg\u00farate de que tienes la homologaci\u00f3n correcta para las carreras que vayas a hacer. Esta gu\u00eda te explicar\u00e1 todo lo que necesitas saber.","robots":{"index":"index","follow":"follow","max-snippet":"max-snippet:-1","max-image-preview":"max-image-preview:large","max-video-preview":"max-video-preview:-1"},"canonical":"https:\/\/zamphelmets.co\/es\/explicacion-de-la-homologacion\/","og_locale":"es_ES","og_type":"article","og_title":"Explicaci\u00f3n de la homologaci\u00f3n casco - Zamp Helmets | Helmet 28 EU Gu\u00eda","og_description":"Aseg\u00farate de que tienes la homologaci\u00f3n correcta para las carreras que vayas a hacer. Esta gu\u00eda te explicar\u00e1 todo lo que necesitas saber.","og_url":"https:\/\/zamphelmets.co\/es\/explicacion-de-la-homologacion\/","og_site_name":"Zamp Helmets | Helmet 28 EU","article_modified_time":"2026-02-16T15:06:41+00:00","og_image":[{"width":687,"height":202,"url":"https:\/\/zamphelmets.co\/wp-content\/uploads\/2020\/03\/Screenshot-2020-03-10-at-11.14.14.png","type":"image\/png"}],"twitter_card":"summary_large_image","twitter_misc":{"Est. reading time":"2 minutos"},"schema":{"@context":"https:\/\/schema.org","@graph":[{"@type":"WebPage","@id":"https:\/\/zamphelmets.co\/es\/explicacion-de-la-homologacion\/","url":"https:\/\/zamphelmets.co\/es\/explicacion-de-la-homologacion\/","name":"Explicaci\u00f3n de la homologaci\u00f3n casco - Zamp Helmets | Helmet 28 EU Gu\u00eda","isPartOf":{"@id":"https:\/\/zamphelmets.co\/es\/#website"},"primaryImageOfPage":{"@id":"https:\/\/zamphelmets.co\/es\/explicacion-de-la-homologacion\/#primaryimage"},"image":{"@id":"https:\/\/zamphelmets.co\/es\/explicacion-de-la-homologacion\/#primaryimage"},"thumbnailUrl":"https:\/\/zamphelmets.co\/wp-content\/uploads\/2020\/03\/Screenshot-2020-03-10-at-11.14.14.png","datePublished":"2020-02-06T11:04:13+00:00","dateModified":"2026-02-16T15:06:41+00:00","description":"Aseg\u00farate de que tienes la homologaci\u00f3n correcta para las carreras que vayas a hacer. Esta gu\u00eda te explicar\u00e1 todo lo que necesitas saber.","inLanguage":"es","potentialAction":[{"@type":"ReadAction","target":["https:\/\/zamphelmets.co\/es\/explicacion-de-la-homologacion\/"]}]},{"@type":"ImageObject","inLanguage":"es","@id":"https:\/\/zamphelmets.co\/es\/explicacion-de-la-homologacion\/#primaryimage","url":"https:\/\/zamphelmets.co\/wp-content\/uploads\/2020\/03\/Screenshot-2020-03-10-at-11.14.14.png","contentUrl":"https:\/\/zamphelmets.co\/wp-content\/uploads\/2020\/03\/Screenshot-2020-03-10-at-11.14.14.png"},{"@type":"WebSite","@id":"https:\/\/zamphelmets.co\/es\/#website","url":"https:\/\/zamphelmets.co\/es\/","name":"Zamp Helmets | Helmet 28 EU","description":"High Quality Motorsport Helmets","potentialAction":[{"@type":"SearchAction","target":{"@type":"EntryPoint","urlTemplate":"https:\/\/zamphelmets.co\/es\/?s={search_term_string}"},"query-input":{"@type":"PropertyValueSpecification","valueRequired":true,"valueName":"search_term_string"}}],"inLanguage":"es"}]}},"_links":{"self":[{"href":"https:\/\/zamphelmets.co\/es\/wp-json\/wp\/v2\/pages\/28340","targetHints":{"allow":["GET"]}}],"collection":[{"href":"https:\/\/zamphelmets.co\/es\/wp-json\/wp\/v2\/pages"}],"about":[{"href":"https:\/\/zamphelmets.co\/es\/wp-json\/wp\/v2\/types\/page"}],"author":[{"embeddable":true,"href":"https:\/\/zamphelmets.co\/es\/wp-json\/wp\/v2\/users\/2"}],"replies":[{"embeddable":true,"href":"https:\/\/zamphelmets.co\/es\/wp-json\/wp\/v2\/comments?post=28340"}],"version-history":[{"count":1,"href":"https:\/\/zamphelmets.co\/es\/wp-json\/wp\/v2\/pages\/28340\/revisions"}],"predecessor-version":[{"id":203611,"href":"https:\/\/zamphelmets.co\/es\/wp-json\/wp\/v2\/pages\/28340\/revisions\/203611"}],"wp:attachment":[{"href":"https:\/\/zamphelmets.co\/es\/wp-json\/wp\/v2\/media?parent=28340"}],"curies":[{"name":"wp","href":"https:\/\/api.w.org\/{rel}","templated":true}]}}