{"id":28337,"date":"2020-03-11T15:48:13","date_gmt":"2020-03-11T15:48:13","guid":{"rendered":"https:\/\/zamphelmets.co\/guia-de-la-visera-zamp\/"},"modified":"2020-03-11T15:48:13","modified_gmt":"2020-03-11T15:48:13","slug":"guia-de-la-visera-zamp","status":"publish","type":"page","link":"https:\/\/zamphelmets.co\/es\/guia-de-la-visera-zamp\/","title":{"rendered":"Gu\u00eda de la visera Zamp"},"content":{"rendered":"<p>Con 10 viseras Zamp posventa para elegir, no hay escasez de configuraciones de casco disponibles.<\/p>\n<p><img decoding=\"async\" class=\"alignnone size-medium wp-image-1448 lazyload\" data-src=\"https:\/\/zamphelmets.co\/wp-content\/uploads\/sites\/3\/2020\/03\/Z20-Prism-Gold-300x300.jpg\" alt=\"\" width=\"300\" height=\"300\" data-srcset=\"https:\/\/zamphelmets.co\/wp-content\/uploads\/2020\/03\/Z20-Prism-Gold-300x300.jpg 300w, https:\/\/zamphelmets.co\/wp-content\/uploads\/2020\/03\/Z20-Prism-Gold-150x150.jpg 150w, https:\/\/zamphelmets.co\/wp-content\/uploads\/2020\/03\/Z20-Prism-Gold-768x768.jpg 768w, https:\/\/zamphelmets.co\/wp-content\/uploads\/2020\/03\/Z20-Prism-Gold-600x600.jpg 600w, https:\/\/zamphelmets.co\/wp-content\/uploads\/2020\/03\/Z20-Prism-Gold-100x100.jpg 100w, https:\/\/zamphelmets.co\/wp-content\/uploads\/2020\/03\/Z20-Prism-Gold.jpg 1000w\" data-sizes=\"(max-width: 300px) 100vw, 300px\" src=\"data:image\/svg+xml;base64,PHN2ZyB3aWR0aD0iMSIgaGVpZ2h0PSIxIiB4bWxucz0iaHR0cDovL3d3dy53My5vcmcvMjAwMC9zdmciPjwvc3ZnPg==\" style=\"--smush-placeholder-width: 300px; --smush-placeholder-aspect-ratio: 300\/300;\" \/><img decoding=\"async\" class=\"alignnone size-medium wp-image-1450 lazyload\" data-src=\"https:\/\/zamphelmets.co\/wp-content\/uploads\/sites\/3\/2020\/03\/HASZ20RP-1-300x300.jpg\" alt=\"\" width=\"300\" height=\"300\" data-srcset=\"https:\/\/zamphelmets.co\/wp-content\/uploads\/2020\/03\/HASZ20RP-1-300x300.jpg 300w, https:\/\/zamphelmets.co\/wp-content\/uploads\/2020\/03\/HASZ20RP-1-150x150.jpg 150w, https:\/\/zamphelmets.co\/wp-content\/uploads\/2020\/03\/HASZ20RP-1-768x768.jpg 768w, https:\/\/zamphelmets.co\/wp-content\/uploads\/2020\/03\/HASZ20RP-1-600x600.jpg 600w, https:\/\/zamphelmets.co\/wp-content\/uploads\/2020\/03\/HASZ20RP-1-100x100.jpg 100w, https:\/\/zamphelmets.co\/wp-content\/uploads\/2020\/03\/HASZ20RP-1.jpg 1000w\" data-sizes=\"(max-width: 300px) 100vw, 300px\" src=\"data:image\/svg+xml;base64,PHN2ZyB3aWR0aD0iMSIgaGVpZ2h0PSIxIiB4bWxucz0iaHR0cDovL3d3dy53My5vcmcvMjAwMC9zdmciPjwvc3ZnPg==\" style=\"--smush-placeholder-width: 300px; --smush-placeholder-aspect-ratio: 300\/300;\" \/><\/p>\n<p>Ante todo, es importante saber que la <a href=\"https:\/\/zamphelmets.co\/es\/producto\/viseras-z20\/\">gama de viseras Z20<\/a> es compatible con todos los cascos de la lista:<\/p>\n<p>-RZ 44CE (Gr\u00e1fico)<\/p>\n<p>-RZ 70E<\/p>\n<p>-RZ 42<\/p>\n<p>-RZ 35E<\/p>\n<p>-RZ 58<\/p>\n<p>-RZ 42Y<\/p>\n<p>Las <a href=\"https:\/\/zamphelmets.co\/es\/producto\/viseras-z20\/\">viseras Z20<\/a> tienen un grosor de 3 mm, est\u00e1n homologadas por la FIA e incluyen soportes desgarrables preinstalados. Los precios oscilan entre 34,99 y 59,99 \u00a4. Zamp tambi\u00e9n ofrece <a href=\"https:\/\/zamphelmets.co\/es\/producto\/viseras-z20-serie-antivaho\/\">viseras antivaho de alta calidad<\/a> en las opciones transparente y ahumado oscuro. Este revestimiento antivaho de primera calidad garantiza que el visor se mantenga despejado incluso en las condiciones m\u00e1s h\u00famedas, para que puedas mantener la vista centrada en la carretera.<\/p>\n<p>Una visera posventa puede ayudar a obtener el m\u00e1ximo rendimiento en todo tipo de condiciones de competici\u00f3n. A continuaci\u00f3n hemos enumerado algunas condiciones y los visores que sugerir\u00edamos.<\/p>\n<p><strong>Poca luz \/ Niebla: <\/strong>Si corres en malas condiciones, la mejor opci\u00f3n ser\u00eda la visera Z20 AMBER. Este visor est\u00e1 dise\u00f1ado espec\u00edficamente para aportar m\u00e1s enfoque y claridad a tu visi\u00f3n.<\/p>\n<p><img decoding=\"async\" class=\"alignnone size-medium wp-image-1451 lazyload\" data-src=\"https:\/\/zamphelmets.co\/wp-content\/uploads\/sites\/3\/2020\/03\/Z20-amber-300x300.jpg\" alt=\"\" width=\"300\" height=\"300\" data-srcset=\"https:\/\/zamphelmets.co\/wp-content\/uploads\/2020\/03\/Z20-amber-300x300.jpg 300w, https:\/\/zamphelmets.co\/wp-content\/uploads\/2020\/03\/Z20-amber-1024x1024.jpg 1024w, https:\/\/zamphelmets.co\/wp-content\/uploads\/2020\/03\/Z20-amber-150x150.jpg 150w, https:\/\/zamphelmets.co\/wp-content\/uploads\/2020\/03\/Z20-amber-768x768.jpg 768w, https:\/\/zamphelmets.co\/wp-content\/uploads\/2020\/03\/Z20-amber-600x600.jpg 600w, https:\/\/zamphelmets.co\/wp-content\/uploads\/2020\/03\/Z20-amber-100x100.jpg 100w, https:\/\/zamphelmets.co\/wp-content\/uploads\/2020\/03\/Z20-amber.jpg 1450w\" data-sizes=\"(max-width: 300px) 100vw, 300px\" src=\"data:image\/svg+xml;base64,PHN2ZyB3aWR0aD0iMSIgaGVpZ2h0PSIxIiB4bWxucz0iaHR0cDovL3d3dy53My5vcmcvMjAwMC9zdmciPjwvc3ZnPg==\" style=\"--smush-placeholder-width: 300px; --smush-placeholder-aspect-ratio: 300\/300;\" \/><\/p>\n<p><strong>Mojado<\/strong>: De nuevo, la visera Z20 AMBER de arriba sigue siendo una gran opci\u00f3n para condiciones de carrera h\u00famedas. Otra opci\u00f3n que deber\u00edas considerar es la gama ANTI-Niebla, en CLARO o HUMO OSCURO.<\/p>\n<p><strong>Sol \/ Brillo<\/strong>: Zamp ofrece una serie de viseras para estas condiciones que var\u00edan tanto en apariencia como en el nivel de tinte que proporcionan. A continuaci\u00f3n se han enumerado de menor a mayor nivel de tintado:<\/p>\n<p>-Humo<\/p>\n<p>-Iridio<\/p>\n<p>-Espejo plateado<\/p>\n<p>-Prisma (Rojo\/Dorado\/Azul)<\/p>\n<p>-Humo Oscuro<\/p>\n<p>Una <a href=\"https:\/\/zamphelmets.co\/es\/producto\/viseras-z20\/\">Visera Z20<\/a> tambi\u00e9n puede ser una forma brillante de mejorar el aspecto de tu visera. Tanto si vas a combinarlo con el color gr\u00e1fico de tu casco como si quieres complementar los colores de tu carrera\/traje, con tantas opciones para elegir no te quedar\u00e1s corto.<\/p>\n<p>La \u00faltima consideraci\u00f3n en lo que respecta a la personalizaci\u00f3n es la adici\u00f3n de unos <a href=\"https:\/\/zamphelmets.co\/product\/zamp-shield-retention-kit\/\">Tornillos de Visera Anodizados Zamp<\/a>. Disponibles en 7 colores, estos tornillos son una opci\u00f3n brillante y bien de precio, por s\u00f3lo 14,95 \u20ac, para dar a\u00fan m\u00e1s color y emoci\u00f3n a tu casco.<\/p>\n<p><img decoding=\"async\" class=\"alignnone size-medium wp-image-1386 lazyload\" data-src=\"https:\/\/zamphelmets.co\/wp-content\/uploads\/sites\/3\/2019\/11\/Zamp-Shield-Retention-Kit_0003-300x200.jpg\" alt=\"\" width=\"300\" height=\"200\" data-srcset=\"https:\/\/zamphelmets.co\/wp-content\/uploads\/2019\/11\/Zamp-Shield-Retention-Kit_0003-300x200.jpg 300w, https:\/\/zamphelmets.co\/wp-content\/uploads\/2019\/11\/Zamp-Shield-Retention-Kit_0003-1024x683.jpg 1024w, https:\/\/zamphelmets.co\/wp-content\/uploads\/2019\/11\/Zamp-Shield-Retention-Kit_0003-768x512.jpg 768w, https:\/\/zamphelmets.co\/wp-content\/uploads\/2019\/11\/Zamp-Shield-Retention-Kit_0003-1536x1024.jpg 1536w, https:\/\/zamphelmets.co\/wp-content\/uploads\/2019\/11\/Zamp-Shield-Retention-Kit_0003-600x400.jpg 600w, https:\/\/zamphelmets.co\/wp-content\/uploads\/2019\/11\/Zamp-Shield-Retention-Kit_0003.jpg 2048w\" data-sizes=\"(max-width: 300px) 100vw, 300px\" src=\"data:image\/svg+xml;base64,PHN2ZyB3aWR0aD0iMSIgaGVpZ2h0PSIxIiB4bWxucz0iaHR0cDovL3d3dy53My5vcmcvMjAwMC9zdmciPjwvc3ZnPg==\" style=\"--smush-placeholder-width: 300px; --smush-placeholder-aspect-ratio: 300\/200;\" \/> <img decoding=\"async\" class=\"alignnone size-medium wp-image-1387 lazyload\" data-src=\"https:\/\/zamphelmets.co\/wp-content\/uploads\/sites\/3\/2019\/11\/Zamp-Shield-Retention-Kit_0004-300x200.jpg\" alt=\"\" width=\"300\" height=\"200\" data-srcset=\"https:\/\/zamphelmets.co\/wp-content\/uploads\/2019\/11\/Zamp-Shield-Retention-Kit_0004-300x200.jpg 300w, https:\/\/zamphelmets.co\/wp-content\/uploads\/2019\/11\/Zamp-Shield-Retention-Kit_0004-1024x683.jpg 1024w, https:\/\/zamphelmets.co\/wp-content\/uploads\/2019\/11\/Zamp-Shield-Retention-Kit_0004-768x512.jpg 768w, https:\/\/zamphelmets.co\/wp-content\/uploads\/2019\/11\/Zamp-Shield-Retention-Kit_0004-1536x1024.jpg 1536w, https:\/\/zamphelmets.co\/wp-content\/uploads\/2019\/11\/Zamp-Shield-Retention-Kit_0004-600x400.jpg 600w, https:\/\/zamphelmets.co\/wp-content\/uploads\/2019\/11\/Zamp-Shield-Retention-Kit_0004.jpg 2048w\" data-sizes=\"(max-width: 300px) 100vw, 300px\" src=\"data:image\/svg+xml;base64,PHN2ZyB3aWR0aD0iMSIgaGVpZ2h0PSIxIiB4bWxucz0iaHR0cDovL3d3dy53My5vcmcvMjAwMC9zdmciPjwvc3ZnPg==\" style=\"--smush-placeholder-width: 300px; --smush-placeholder-aspect-ratio: 300\/200;\" \/> <img decoding=\"async\" class=\"alignnone size-medium wp-image-1388 lazyload\" data-src=\"https:\/\/zamphelmets.co\/wp-content\/uploads\/sites\/3\/2019\/11\/Zamp-Shield-Retention-Kit_0005-300x200.jpg\" alt=\"\" width=\"300\" height=\"200\" data-srcset=\"https:\/\/zamphelmets.co\/wp-content\/uploads\/2019\/11\/Zamp-Shield-Retention-Kit_0005-300x200.jpg 300w, https:\/\/zamphelmets.co\/wp-content\/uploads\/2019\/11\/Zamp-Shield-Retention-Kit_0005-1024x683.jpg 1024w, https:\/\/zamphelmets.co\/wp-content\/uploads\/2019\/11\/Zamp-Shield-Retention-Kit_0005-768x512.jpg 768w, https:\/\/zamphelmets.co\/wp-content\/uploads\/2019\/11\/Zamp-Shield-Retention-Kit_0005-1536x1024.jpg 1536w, https:\/\/zamphelmets.co\/wp-content\/uploads\/2019\/11\/Zamp-Shield-Retention-Kit_0005-600x400.jpg 600w, https:\/\/zamphelmets.co\/wp-content\/uploads\/2019\/11\/Zamp-Shield-Retention-Kit_0005.jpg 2048w\" data-sizes=\"(max-width: 300px) 100vw, 300px\" src=\"data:image\/svg+xml;base64,PHN2ZyB3aWR0aD0iMSIgaGVpZ2h0PSIxIiB4bWxucz0iaHR0cDovL3d3dy53My5vcmcvMjAwMC9zdmciPjwvc3ZnPg==\" style=\"--smush-placeholder-width: 300px; --smush-placeholder-aspect-ratio: 300\/200;\" \/><img decoding=\"async\" class=\"alignnone size-medium wp-image-1389 lazyload\" data-src=\"https:\/\/zamphelmets.co\/wp-content\/uploads\/sites\/3\/2019\/11\/Zamp-Shield-Retention-Kit_0006-300x200.jpg\" alt=\"\" width=\"300\" height=\"200\" data-srcset=\"https:\/\/zamphelmets.co\/wp-content\/uploads\/2019\/11\/Zamp-Shield-Retention-Kit_0006-300x200.jpg 300w, https:\/\/zamphelmets.co\/wp-content\/uploads\/2019\/11\/Zamp-Shield-Retention-Kit_0006-1024x683.jpg 1024w, https:\/\/zamphelmets.co\/wp-content\/uploads\/2019\/11\/Zamp-Shield-Retention-Kit_0006-768x512.jpg 768w, https:\/\/zamphelmets.co\/wp-content\/uploads\/2019\/11\/Zamp-Shield-Retention-Kit_0006-1536x1024.jpg 1536w, https:\/\/zamphelmets.co\/wp-content\/uploads\/2019\/11\/Zamp-Shield-Retention-Kit_0006-600x400.jpg 600w, https:\/\/zamphelmets.co\/wp-content\/uploads\/2019\/11\/Zamp-Shield-Retention-Kit_0006.jpg 2048w\" data-sizes=\"(max-width: 300px) 100vw, 300px\" src=\"data:image\/svg+xml;base64,PHN2ZyB3aWR0aD0iMSIgaGVpZ2h0PSIxIiB4bWxucz0iaHR0cDovL3d3dy53My5vcmcvMjAwMC9zdmciPjwvc3ZnPg==\" style=\"--smush-placeholder-width: 300px; --smush-placeholder-aspect-ratio: 300\/200;\" \/><\/p>\n<p>Si tienes m\u00e1s preguntas sobre las viseras, \u00a1no dudes en ponerte en <a href=\"https:\/\/zamphelmets.co\/es\/ponte-en-contacto-con\/\">contacto con nosotros<\/a>!<\/p>\n","protected":false},"excerpt":{"rendered":"<p>Con 10 viseras Zamp posventa para elegir, no hay escasez de configuraciones de casco disponibles. Ante todo, es importante saber que la gama de viseras Z20 es compatible con todos los cascos de la lista: -RZ 44CE (Gr\u00e1fico) -RZ 70E -RZ 42 -RZ 35E -RZ 58 -RZ 42Y Las viseras Z20 tienen un grosor de [&hellip;]<\/p>\n","protected":false},"author":2,"featured_media":0,"parent":0,"menu_order":0,"comment_status":"closed","ping_status":"closed","template":"templates\/fullwidth.php","meta":{"_acf_changed":false,"footnotes":""},"class_list":["post-28337","page","type-page","status-publish","hentry"],"acf":[],"yoast_head":"<!-- This site is optimized with the Yoast SEO plugin v27.0 - https:\/\/yoast.com\/product\/yoast-seo-wordpress\/ -->\n<title>Gu\u00eda de la visera Zamp - Viseras Z20 - Zamp Helmets | Helmet 28 EU<\/title>\n<meta name=\"description\" content=\"La gama de viseras Zamp Z20 es compatible con todos los cascos que figuran en nuestro sitio web. Una visera de recambio es una forma estupenda de personalizar tu casco para el d\u00eda de la carrera.\" \/>\n<meta name=\"robots\" content=\"index, follow, max-snippet:-1, max-image-preview:large, max-video-preview:-1\" \/>\n<link rel=\"canonical\" href=\"https:\/\/zamphelmets.co\/es\/guia-de-la-visera-zamp\/\" \/>\n<meta property=\"og:locale\" content=\"es_ES\" \/>\n<meta property=\"og:type\" content=\"article\" \/>\n<meta property=\"og:title\" content=\"Gu\u00eda de la visera Zamp - Viseras Z20 - Zamp Helmets | Helmet 28 EU\" \/>\n<meta property=\"og:description\" content=\"La gama de viseras Zamp Z20 es compatible con todos los cascos que figuran en nuestro sitio web. Una visera de recambio es una forma estupenda de personalizar tu casco para el d\u00eda de la carrera.\" \/>\n<meta property=\"og:url\" content=\"https:\/\/zamphelmets.co\/es\/guia-de-la-visera-zamp\/\" \/>\n<meta property=\"og:site_name\" content=\"Zamp Helmets | Helmet 28 EU\" \/>\n<meta property=\"og:image\" content=\"https:\/\/zamphelmets.co\/wp-content\/uploads\/sites\/3\/2020\/03\/Z20-Prism-Gold-300x300.jpg\" \/>\n<meta name=\"twitter:card\" content=\"summary_large_image\" \/>\n<meta name=\"twitter:label1\" content=\"Est. reading time\" \/>\n\t<meta name=\"twitter:data1\" content=\"2 minutos\" \/>\n<script type=\"application\/ld+json\" class=\"yoast-schema-graph\">{\"@context\":\"https:\/\/schema.org\",\"@graph\":[{\"@type\":\"WebPage\",\"@id\":\"https:\/\/zamphelmets.co\/es\/guia-de-la-visera-zamp\/\",\"url\":\"https:\/\/zamphelmets.co\/es\/guia-de-la-visera-zamp\/\",\"name\":\"Gu\u00eda de la visera Zamp - Viseras Z20 - Zamp Helmets | Helmet 28 EU\",\"isPartOf\":{\"@id\":\"https:\/\/zamphelmets.co\/es\/#website\"},\"primaryImageOfPage\":{\"@id\":\"https:\/\/zamphelmets.co\/es\/guia-de-la-visera-zamp\/#primaryimage\"},\"image\":{\"@id\":\"https:\/\/zamphelmets.co\/es\/guia-de-la-visera-zamp\/#primaryimage\"},\"thumbnailUrl\":\"https:\/\/zamphelmets.co\/wp-content\/uploads\/sites\/3\/2020\/03\/Z20-Prism-Gold-300x300.jpg\",\"datePublished\":\"2020-03-11T15:48:13+00:00\",\"description\":\"La gama de viseras Zamp Z20 es compatible con todos los cascos que figuran en nuestro sitio web. Una visera de recambio es una forma estupenda de personalizar tu casco para el d\u00eda de la carrera.\",\"inLanguage\":\"es\",\"potentialAction\":[{\"@type\":\"ReadAction\",\"target\":[\"https:\/\/zamphelmets.co\/es\/guia-de-la-visera-zamp\/\"]}]},{\"@type\":\"ImageObject\",\"inLanguage\":\"es\",\"@id\":\"https:\/\/zamphelmets.co\/es\/guia-de-la-visera-zamp\/#primaryimage\",\"url\":\"https:\/\/zamphelmets.co\/wp-content\/uploads\/sites\/3\/2020\/03\/Z20-Prism-Gold-300x300.jpg\",\"contentUrl\":\"https:\/\/zamphelmets.co\/wp-content\/uploads\/sites\/3\/2020\/03\/Z20-Prism-Gold-300x300.jpg\"},{\"@type\":\"WebSite\",\"@id\":\"https:\/\/zamphelmets.co\/es\/#website\",\"url\":\"https:\/\/zamphelmets.co\/es\/\",\"name\":\"Zamp Helmets | Helmet 28 EU\",\"description\":\"High Quality Motorsport Helmets\",\"potentialAction\":[{\"@type\":\"SearchAction\",\"target\":{\"@type\":\"EntryPoint\",\"urlTemplate\":\"https:\/\/zamphelmets.co\/es\/?s={search_term_string}\"},\"query-input\":{\"@type\":\"PropertyValueSpecification\",\"valueRequired\":true,\"valueName\":\"search_term_string\"}}],\"inLanguage\":\"es\"}]}<\/script>\n<!-- \/ Yoast SEO plugin. -->","yoast_head_json":{"title":"Gu\u00eda de la visera Zamp - Viseras Z20 - Zamp Helmets | Helmet 28 EU","description":"La gama de viseras Zamp Z20 es compatible con todos los cascos que figuran en nuestro sitio web. Una visera de recambio es una forma estupenda de personalizar tu casco para el d\u00eda de la carrera.","robots":{"index":"index","follow":"follow","max-snippet":"max-snippet:-1","max-image-preview":"max-image-preview:large","max-video-preview":"max-video-preview:-1"},"canonical":"https:\/\/zamphelmets.co\/es\/guia-de-la-visera-zamp\/","og_locale":"es_ES","og_type":"article","og_title":"Gu\u00eda de la visera Zamp - Viseras Z20 - Zamp Helmets | Helmet 28 EU","og_description":"La gama de viseras Zamp Z20 es compatible con todos los cascos que figuran en nuestro sitio web. Una visera de recambio es una forma estupenda de personalizar tu casco para el d\u00eda de la carrera.","og_url":"https:\/\/zamphelmets.co\/es\/guia-de-la-visera-zamp\/","og_site_name":"Zamp Helmets | Helmet 28 EU","og_image":[{"url":"https:\/\/zamphelmets.co\/wp-content\/uploads\/sites\/3\/2020\/03\/Z20-Prism-Gold-300x300.jpg","type":"","width":"","height":""}],"twitter_card":"summary_large_image","twitter_misc":{"Est. reading time":"2 minutos"},"schema":{"@context":"https:\/\/schema.org","@graph":[{"@type":"WebPage","@id":"https:\/\/zamphelmets.co\/es\/guia-de-la-visera-zamp\/","url":"https:\/\/zamphelmets.co\/es\/guia-de-la-visera-zamp\/","name":"Gu\u00eda de la visera Zamp - Viseras Z20 - Zamp Helmets | Helmet 28 EU","isPartOf":{"@id":"https:\/\/zamphelmets.co\/es\/#website"},"primaryImageOfPage":{"@id":"https:\/\/zamphelmets.co\/es\/guia-de-la-visera-zamp\/#primaryimage"},"image":{"@id":"https:\/\/zamphelmets.co\/es\/guia-de-la-visera-zamp\/#primaryimage"},"thumbnailUrl":"https:\/\/zamphelmets.co\/wp-content\/uploads\/sites\/3\/2020\/03\/Z20-Prism-Gold-300x300.jpg","datePublished":"2020-03-11T15:48:13+00:00","description":"La gama de viseras Zamp Z20 es compatible con todos los cascos que figuran en nuestro sitio web. Una visera de recambio es una forma estupenda de personalizar tu casco para el d\u00eda de la carrera.","inLanguage":"es","potentialAction":[{"@type":"ReadAction","target":["https:\/\/zamphelmets.co\/es\/guia-de-la-visera-zamp\/"]}]},{"@type":"ImageObject","inLanguage":"es","@id":"https:\/\/zamphelmets.co\/es\/guia-de-la-visera-zamp\/#primaryimage","url":"https:\/\/zamphelmets.co\/wp-content\/uploads\/sites\/3\/2020\/03\/Z20-Prism-Gold-300x300.jpg","contentUrl":"https:\/\/zamphelmets.co\/wp-content\/uploads\/sites\/3\/2020\/03\/Z20-Prism-Gold-300x300.jpg"},{"@type":"WebSite","@id":"https:\/\/zamphelmets.co\/es\/#website","url":"https:\/\/zamphelmets.co\/es\/","name":"Zamp Helmets | Helmet 28 EU","description":"High Quality Motorsport Helmets","potentialAction":[{"@type":"SearchAction","target":{"@type":"EntryPoint","urlTemplate":"https:\/\/zamphelmets.co\/es\/?s={search_term_string}"},"query-input":{"@type":"PropertyValueSpecification","valueRequired":true,"valueName":"search_term_string"}}],"inLanguage":"es"}]}},"_links":{"self":[{"href":"https:\/\/zamphelmets.co\/es\/wp-json\/wp\/v2\/pages\/28337","targetHints":{"allow":["GET"]}}],"collection":[{"href":"https:\/\/zamphelmets.co\/es\/wp-json\/wp\/v2\/pages"}],"about":[{"href":"https:\/\/zamphelmets.co\/es\/wp-json\/wp\/v2\/types\/page"}],"author":[{"embeddable":true,"href":"https:\/\/zamphelmets.co\/es\/wp-json\/wp\/v2\/users\/2"}],"replies":[{"embeddable":true,"href":"https:\/\/zamphelmets.co\/es\/wp-json\/wp\/v2\/comments?post=28337"}],"version-history":[{"count":0,"href":"https:\/\/zamphelmets.co\/es\/wp-json\/wp\/v2\/pages\/28337\/revisions"}],"wp:attachment":[{"href":"https:\/\/zamphelmets.co\/es\/wp-json\/wp\/v2\/media?parent=28337"}],"curies":[{"name":"wp","href":"https:\/\/api.w.org\/{rel}","templated":true}]}}