{"id":28336,"date":"2020-08-19T15:24:11","date_gmt":"2020-08-19T15:24:11","guid":{"rendered":"https:\/\/zamphelmets.co\/terminos-y-condiciones\/"},"modified":"2024-07-15T16:28:38","modified_gmt":"2024-07-15T16:28:38","slug":"terminos-y-condiciones","status":"publish","type":"page","link":"https:\/\/zamphelmets.co\/es\/terminos-y-condiciones\/","title":{"rendered":"T\u00e9rminos y condiciones"},"content":{"rendered":"<p>Modificamos estas Condiciones de vez en cuando. Cada vez que desees pedir Productos, comprueba estas Condiciones para asegurarte de que entiendes las condiciones que se aplicar\u00e1n en ese momento de la compra.<\/p>\n<p>Publicado originalmente el 21 de junio de 2017<\/p>\n<p>Contrato de suministro de productos o servicios<\/p>\n<p>1.1. Los productos, precios y servicios ilustrados en nuestro sitio web no constituyen una oferta jur\u00eddicamente vinculante. No se considerar\u00e1 que existe ning\u00fan contrato de suministro de productos o mercanc\u00edas entre t\u00fa y Helmet 28 Ltd a menos que, y hasta que, se haya realizado el pago completo y se haya aceptado el pedido.<\/p>\n<p>1.2. Helmet 28 Ltd te enviar\u00e1 un correo electr\u00f3nico de aceptaci\u00f3n confirmando que tu pedido ha sido aceptado y que el pago se ha realizado correctamente. Este correo electr\u00f3nico de confirmaci\u00f3n equivale a una aceptaci\u00f3n por parte de Helmet 28 Ltd de tu oferta de compra de bienes o servicios de Helmet 28 Ltd y esta aceptaci\u00f3n es efectiva independientemente de si recibes o no el correo electr\u00f3nico.<\/p>\n<p>1.3. Helmet 28 Ltd se reserva el derecho a desistir de un posible contrato en cualquier momento antes o despu\u00e9s de la aceptaci\u00f3n. Esto tambi\u00e9n se aplica despu\u00e9s de que se haya enviado un correo electr\u00f3nico de confirmaci\u00f3n en caso de cualquier error o inexactitud con respecto a los bienes o servicios, cualquier descripci\u00f3n aplicada a los bienes o servicios, la disponibilidad de los bienes o servicios, o el propio pedido. En estas circunstancias, Helmet 28 Ltd te lo notificar\u00e1 lo antes posible y se te ofrecer\u00e1 la opci\u00f3n de esperar a que haya existencias, elegir una alternativa o un reembolso completo. Helmet 28 Ltd puede negarse a aceptar un pedido, reembolsar un pedido o cancelar un pedido en cualquier momento sin previo aviso.<\/p>\n<p>1.4. La informaci\u00f3n sobre precios y disponibilidad est\u00e1 sujeta a cambios sin previo aviso. Las tarjetas de cr\u00e9dito se cargan antes de que los art\u00edculos se env\u00eden o antes de que los servicios sean activados por Helmet 28 Ltd.<\/p>\n<p>Limitaci\u00f3n de responsabilidad<\/p>\n<p>2.1. Salvo que se indique espec\u00edficamente en este sitio, ni Helmet 28 Ltd ni ninguno de sus directores, empleados u otros representantes ser\u00e1n responsables de los da\u00f1os derivados o relacionados con el uso de este sitio. Esta es una limitaci\u00f3n de responsabilidad exhaustiva que se aplica a todos los da\u00f1os de cualquier tipo, incluidos (sin limitaci\u00f3n) los da\u00f1os compensatorios, directos, indirectos o consecuentes, la p\u00e9rdida de datos, ingresos o beneficios, la p\u00e9rdida o da\u00f1o a la propiedad y las reclamaciones de terceros.<\/p>\n<p>2.2. Aunque Helmet 28 Ltd intenta utilizar las im\u00e1genes correctas para cada art\u00edculo, a veces puede haber errores y cargarse una imagen equivocada. Corresponde al cliente confirmar por adelantado si hay diferencias entre las im\u00e1genes y las descripciones. Helmet 28 Ltd no se hace responsable si la imagen utilizada no coincide con la descripci\u00f3n facilitada. Debido a actualizaciones del fabricante, diferencias de definici\u00f3n de pantalla, etc., las im\u00e1genes pueden diferir del art\u00edculo real suministrado, Helmet 28 Ltd no se hace responsable de ning\u00fan coste si este es el caso.<\/p>\n<p>2.3. Helmet 28 Ltd NO es responsable de comprobar si un casco es legal para el pa\u00eds o la serie de carreras a los que suministramos. Es responsabilidad exclusiva del cliente asegurarse de que el casco que compra es legal para el uso que le va a dar.<\/p>\n<p>2.4. Helmet 28 Ltd NO se hace responsable de las variaciones del tipo de cambio (en el momento de realizar el pedido o en el momento de un reembolso), de los derechos de importaci\u00f3n ni de los impuestos de importaci\u00f3n a tu Pa\u00eds. Corresponde al cliente comprobar los Impuestos que pueda haber que pagar antes de hacer el pedido.<\/p>\n<h2>Tu derecho de devoluci\u00f3n y reembolso<\/h2>\n<p>3.1Helmet 28 LTD tiene como objetivo proporcionar siempre Productos de alta calidad, sin fallos ni da\u00f1os. Sin embargo, en ocasiones, puede ser necesario devolver Productos suministrados por nosotros y dichas devoluciones se rigen por las presentes Condiciones. Como consumidor, siempre tendr\u00e1s derechos legales en relaci\u00f3n con mercanc\u00edas defectuosas o que no se ajusten a la descripci\u00f3n. Estos derechos legales no se ven afectados por la pol\u00edtica de devoluciones de esta cl\u00e1usula 3. Puedes obtener asesoramiento sobre tus derechos legales en la Oficina de Atenci\u00f3n al Ciudadano o en la oficina de Normas Comerciales de tu localidad.<\/p>\n<p><span class=\"num\">3.2<\/span> Los Productos que te suministramos tienen una garant\u00eda del fabricante (para m\u00e1s detalles, consulta la garant\u00eda del fabricante proporcionada con los Productos). Si alguno de los Productos que te suministramos presenta defectos dentro de su periodo de garant\u00eda, tienes derecho a la reparaci\u00f3n o sustituci\u00f3n de dichos Productos en virtud de los t\u00e9rminos de dicha garant\u00eda.<\/p>\n<p><span class=\"num\">3.3<\/span> La garant\u00eda del fabricante descrita en la cl\u00e1usula 3.2 anterior y la pol\u00edtica de devoluciones establecida en la cl\u00e1usula 3.9 siguiente se suman a tus derechos legales en relaci\u00f3n con los Productos que nos hayas comprado y que sean defectuosos o no se ajusten a lo descrito.<\/p>\n<p><span class=\"num\">3.4<\/span> Si recibes Mercanc\u00edas que nos has comprado que no coinciden con las que pediste y no deseas aceptar dichas Mercanc\u00edas, con sujeci\u00f3n a la cl\u00e1usula 3.6, sustituiremos dichas Mercanc\u00edas por las pedidas (si est\u00e1n disponibles) o te reembolsaremos el precio que pagaste por dichas Mercanc\u00edas mediante el m\u00e9todo de pago utilizado por ti al comprar dichas Mercanc\u00edas.<\/p>\n<p><span class=\"num\">3.5 <\/span>Si los Productos que nos has comprado son defectuosos y no deseas aceptarlos, de conformidad con las cl\u00e1usulas 3.6 y 3.7, repararemos los Productos defectuosos, los sustituiremos (si existen sustitutos disponibles) o, de lo contrario, te reembolsaremos el precio que pagaste por los Productos defectuosos mediante el m\u00e9todo de pago que utilizaste al comprar dichos Productos.<\/p>\n<p><span class=\"num\">3.6<\/span> Cualquier sustituci\u00f3n o reembolso de Mercanc\u00edas en virtud de las cl\u00e1usulas 3.4 o 3.5 est\u00e1n sujetas a ti:<\/p>\n<p><span class=\"num\">(a)<\/span> informarnos sin demora al descubrir que las Mercanc\u00edas en cuesti\u00f3n est\u00e1n mal descritas o son defectuosas;<\/p>\n<p><span class=\"num\">(b)<\/span> d\u00e1ndonos una oportunidad razonable de examinar esas Mercanc\u00edas; y<\/p>\n<p><span class=\"num\">(c)<\/span> devolvi\u00e9ndonos dichos Bienes y todo el embalaje y documentaci\u00f3n suministrados con ellos a nuestra costa o, de lo contrario, permiti\u00e9ndonos recoger dichos Bienes de ti.<\/p>\n<p><span class=\"num\">3.7<\/span> No seremos responsables de ning\u00fan fallo en los Bienes, en la medida permitida por la ley, cuando dicho fallo sea consecuencia de:<\/p>\n<p><span class=\"num\">(a)<\/span> el desgaste normal derivado del uso de los Bienes o el da\u00f1o intencionado a los Bienes tras la entrega de los mismos a ti o por cualquier da\u00f1o causado por tu negligencia;<\/p>\n<p><span class=\"num\">(b)<\/span> tu incumplimiento de las instrucciones razonables nuestras o del fabricante de los Bienes suministradas o incluidas con los Bienes en cuanto a almacenamiento, instalaci\u00f3n, puesta en servicio, uso o mantenimiento; o<\/p>\n<p><span class=\"num\">(c)<\/span> que repares o alteres las Mercanc\u00edas sin nuestro consentimiento previo por escrito,<\/p>\n<p>o si utilizas dichas Mercanc\u00edas habi\u00e9ndonos notificado el defecto de las mismas.<\/p>\n<p><span class=\"num\">3.8<\/span> Es tu responsabilidad comprobar que las Mercanc\u00edas que recibes de nosotros son:<\/p>\n<p><span class=\"num\">(a)<\/span> el\/los art\u00edculo(s) que has pedido; y<\/p>\n<p><span class=\"num\">(b)<\/span> que no existe ning\u00fan defecto evidente en las Mercanc\u00edas,<\/p>\n<p>y, como tal, no seremos responsables de ning\u00fan coste en el que incurras con respecto a cualquier ajuste o incorporaci\u00f3n de cualquier Bien a cualquier cosa despu\u00e9s de la entrega de los mismos a ti en caso de que incumplas tus obligaciones en virtud de esta cl\u00e1usula con respecto a dichos Bienes. Sin embargo, nada de lo dispuesto en esta cl\u00e1usula 3.8 limitar\u00e1 tus derechos legales en relaci\u00f3n con los Productos que te hayamos proporcionado y que sean defectuosos o est\u00e9n mal descritos.<\/p>\n<p><span class=\"num\">3.9<\/span> Adem\u00e1s de tus derechos en virtud de las cl\u00e1usulas 3.1, 3.4 y 3.5 y salvo en las circunstancias establecidas en la cl\u00e1usula 3.10, si no est\u00e1s satisfecho con los Productos que nos has comprado por cualquier motivo o cambias de opini\u00f3n, puedes devolv\u00e9rnoslos a tu cargo en un plazo de 14 d\u00edas naturales a partir de la fecha en que te los hayamos entregado. En ese caso, te reembolsaremos el precio que pagaste por esos Productos o, si lo solicitas, te ofreceremos cambiar esos Productos.<\/p>\n<p><span class=\"num\">3.10<\/span> Nos reservamos el derecho a ejercer nuestra discreci\u00f3n con respecto a cualquier devoluci\u00f3n de Productos de conformidad con la cl\u00e1usula 3.9 y podremos negarnos a aceptar devoluciones en virtud de dicha cl\u00e1usula o, si as\u00ed lo decidimos, reducir el precio que te reembolsemos en virtud de dicha cl\u00e1usula cuando:<\/p>\n<p><span class=\"num\">(a<\/span> ) las Mercanc\u00edas se hayan da\u00f1ado o desgastado despu\u00e9s de hab\u00e9rtelas entregado;<\/p>\n<p><span class=\"num\">(b)<\/span> has incorporado o montado las Mercanc\u00edas en cualquier otro art\u00edculo;<\/p>\n<p><span class=\"num\">(c)<\/span> dichos Bienes consisten en grabaciones de audio o v\u00eddeo o programas inform\u00e1ticos suministrados en embalajes precintados y el embalaje de dichos Bienes ha sido abierto en el momento de la entrega de los mismos a ti o con posterioridad;<\/p>\n<p><span class=\"num\">(d)<\/span> dichos Bienes han sido adquiridos a un precio rebajado para tener en cuenta cualquier da\u00f1o o falta de calidad de dichos Bienes;<\/p>\n<p><span class=\"num\">(e)<\/span> has utilizado dichos Productos para fines empresariales o comerciales sin nuestro consentimiento previo por escrito;<\/p>\n<p><span class=\"num\">(f)<\/span> realizas alteraciones o reparaciones en dichos Bienes sin nuestro consentimiento por escrito; o<\/p>\n<p><span class=\"num\">(g)<\/span> creemos que est\u00e1s intentando abusar de nuestro sistema de devoluci\u00f3n de Productos,<\/p>\n<p>(h) Cualquier mercanc\u00eda que haya sido pedida especialmente a petici\u00f3n tuya no podr\u00e1 sernos devuelta para su abono:<\/p>\n<p>(i) Los productos adquiridos como parte de una promoci\u00f3n o paquete se abonar\u00e1n, pero se aplicar\u00e1 una tasa de reposici\u00f3n del 10%.<\/p>\n<p>(j) Cualquier producto con instalaci\u00f3n\/ajuste de accesorios requerir\u00e1 una tasa de reposici\u00f3n del 15%.<\/p>\n<p>aunque nada de lo dispuesto en esta cl\u00e1usula limitar\u00e1 tus derechos legales en relaci\u00f3n con cualquier Bien que se te haya proporcionado y que sea defectuoso o no se ajuste a lo descrito.<\/p>\n<p><span class=\"num\">3.11<\/span> Cuando la devoluci\u00f3n de las Mercanc\u00edas por tu parte se realice en virtud de la cl\u00e1usula 3.9:<\/p>\n<p><span class=\"num\">(a)<\/span> nos reservamos el derecho a cobrarte los costes en los que hayamos incurrido en relaci\u00f3n con la entrega de las Mercanc\u00edas y la devoluci\u00f3n de las mismas; y<\/p>\n<p><span class=\"num\">(b)<\/span> y las Mercanc\u00edas fueron adquiridas por ti utilizando financiaci\u00f3n, nos reservamos el derecho a<\/p>\n<p><span class=\"num\">(i)<\/span> cargar los gastos en que incurramos en relaci\u00f3n con la organizaci\u00f3n y administraci\u00f3n de dicha financiaci\u00f3n. Estos costes variar\u00e1n en funci\u00f3n del importe y la duraci\u00f3n del acuerdo de financiaci\u00f3n.<\/p>\n<p><span class=\"num\">(ii)<\/span> en lugar de emitir un reembolso, emitirte un cr\u00e9dito en la tienda por el valor de los Productos devueltos, cr\u00e9dito que deber\u00e1 utilizarse en un plazo de 12 meses a partir de la fecha en que se te emita dicho cr\u00e9dito.<\/p>\n<p><span class=\"num\">3.12<\/span> En virtud de la normativa sobre consumo de 2013, tienes derecho a cancelar tu pedido siempre que lo hagas a m\u00e1s tardar 14 d\u00edas despu\u00e9s del d\u00eda en que recibas los bienes o servicios. Sin embargo, este derecho a anular tu pedido no se aplica a las Mercanc\u00edas que son:<\/p>\n<p><span class=\"num\">(a)<\/span> hechos a medida o por encargo o de otro modo seg\u00fan tus especificaciones o claramente personalizados;<\/p>\n<p>(<span class=\"num\">b)<\/span> diarios, peri\u00f3dicos o revistas;<\/p>\n<p><span class=\"num\">(c)<\/span> productos perecederos, como alimentos o bebidas; o<\/p>\n<p><span class=\"num\">(d)<\/span> software, DVD o CD que tengan un precinto de seguridad que hayas abierto o desprecintado.<\/p>\n<p><span class=\"num\">3.13<\/span> Tras cancelar un pedido conforme a la cl\u00e1usula 3.12, te reembolsaremos cualquier cantidad que hayas pagado por los Bienes en cuesti\u00f3n lo antes posible y, en cualquier caso, en el plazo de 30 d\u00edas naturales a partir del d\u00eda en que nos hayas notificado por escrito la cancelaci\u00f3n, menos nuestros costes razonables de recuperaci\u00f3n de los Bienes si no pagas los costes de devolvernos dichos Bienes y sujeto a que cuides razonablemente de los Bienes hasta que nos sean devueltos. Si cancelas un pedido de Productos que ya hemos procesado para su entrega, no debes desembalar los Productos cuando los recibas.<\/p>\n<p><span class=\"num\">3.14<\/span> Si has cancelado tu pedido conforme a la cl\u00e1usula 3.12 y se te han entregado las Mercanc\u00edas:<\/p>\n<p><span class=\"num\">(a)<\/span> deber\u00e1s devolvernos los Productos en cuesti\u00f3n tan pronto como sea razonablemente posible. Si los Productos requieren recogida, los recogeremos en la direcci\u00f3n a la que fueron entregados. Nos pondremos en contacto contigo para acordar una hora adecuada para la recogida;<\/p>\n<p><span class=\"num\">(b)<\/span> ser\u00e1s responsable del coste de devolvernos los Productos o, en su caso, del coste de que te los recojamos; y<\/p>\n<p><span class=\"num\">(c)<\/span> tienes la obligaci\u00f3n legal de mantener los Productos en tu posesi\u00f3n y de cuidarlos razonablemente hasta que te los devolvamos o los recojamos.<\/p>\n<p><span class=\"num\">3.<\/span> 15 Los detalles de tu derecho legal a cancelar y una explicaci\u00f3n de c\u00f3mo ejercerlo se proporcionan en la Confirmaci\u00f3n del Pedido.<\/p>\n<p>3.16. https:\/\/helmet28.com\/ is an Online business, your item cannot be returned to us in person. No tenemos mostrador de Comercio\/Cliente y tu compra NO PUEDE devolverse en nuestra oficina. Tu art\u00edculo debe devolverse por correo a Devoluciones Helmet 28, AteaLaan 36, 2200, Herentals, B\u00e9lgica.<\/p>\n<p>Entrega<\/p>\n<p>4.1. Tu pedido se cumplir\u00e1 en la fecha estimada de entrega establecida en la Confirmaci\u00f3n de Pedido, a menos que se produzca un Evento Fuera de Nuestro Control. No podemos garantizar la entrega de la mercanc\u00eda en los plazos indicados. Todos los plazos de env\u00edo son estimaciones y cualquier da\u00f1o causado por un retraso en la entrega no es responsabilidad de Casco 28.<\/p>\n<p>4.2. La entrega se completar\u00e1 cuando entreguemos los Productos en la direcci\u00f3n que nos hayas facilitado.<\/p>\n<p>4.3. Si no hay nadie disponible en tu domicilio para recoger la entrega, el servicio de mensajer\u00eda\/correo normalmente te dejar\u00e1 una nota indicando que ha intentado entregarte los Productos. Es tu responsabilidad volver a concertar la entrega o recoger los Productos del servicio de mensajer\u00eda\/correo correspondiente.<\/p>\n<p>4.4. Los Productos ser\u00e1n tu responsabilidad desde la finalizaci\u00f3n de la entrega.<\/p>\n<p>4.5. Ser\u00e1s el propietario de los Productos una vez hayamos recibido el pago completo, incluidos todos los gastos de env\u00edo aplicables.<\/p>\n<p>Comunicaci\u00f3n<\/p>\n<p>5.1. Para cancelar un Contrato de acuerdo con tu derecho legal, debes ponerte en contacto con nosotros a trav\u00e9s de Sales@helmet28.com o enviando una carta a Helmet 28 Ltd, Clifton Square, Alderley Edge, SK9 7NW. Si lo deseas, puedes conservar una copia de la notificaci\u00f3n de cancelaci\u00f3n para tus propios archivos. Si nos env\u00edas tu notificaci\u00f3n de cancelaci\u00f3n por correo electr\u00f3nico o por correo postal, tu cancelaci\u00f3n ser\u00e1 efectiva a partir de la fecha en que nos hayas enviado el correo electr\u00f3nico o nos hayas enviado la carta.<\/p>\n<p>5.2. Si deseas ponerte en contacto con nosotros por escrito por cualquier otro motivo, puedes hacerlo a trav\u00e9s de Help@helmet28.com o por correo prepagado a Helmet 28 Ltd, Clifton Square, Alderley Edge, SK9 7NW.<\/p>\n<p>5.3. Si tenemos que ponernos en contacto contigo o avisarte por escrito, lo haremos por correo electr\u00f3nico o por correo postal prepagado a la direcci\u00f3n que nos indiques en tu pedido.<\/p>\n<p>Pol\u00edtica de privacidad<\/p>\n<p>6.1. Helmet 28 Ltd se compromete a proteger la privacidad de sus clientes. S\u00f3lo recogemos la informaci\u00f3n sobre ti que es necesaria para procesar tu pedido y darte el mejor servicio posible. Toda la informaci\u00f3n recopilada s\u00f3lo se utilizar\u00e1 de acuerdo con la Ley de Protecci\u00f3n de Datos de 1998. No transmitimos tus datos a terceros sin obtener antes tu consentimiento expl\u00edcito.<\/p>\n<p>6.2. La siguiente informaci\u00f3n ser\u00e1 necesaria para que podamos procesar tu pedido y notificarte el estado del mismo.<\/p>\n<p>Tu nombre<br \/>\nNombre de la empresa (si procede)<br \/>\nDirecci\u00f3n<br \/>\nDirecci\u00f3n de correo electr\u00f3nico<br \/>\nTel\u00e9fonos de contacto<br \/>\nDatos de la tarjeta de cr\u00e9dito o d\u00e9bito<\/p>\n<p>6.3. No almacenamos los datos de la tarjeta de cr\u00e9dito recogidos en ning\u00fan proceso de pedido, por ejemplo, pedidos en l\u00ednea o por tel\u00e9fono.<\/p>\n<p>6.4. La Ley de Protecci\u00f3n de Datos de 1998 nos obliga a ser abiertos sobre la tenencia y el uso que hacemos de los datos personales. Helmet 28 Ltd se compromete a respetar los ocho Principios de Protecci\u00f3n de Datos de buenas pr\u00e1cticas de tratamiento de la informaci\u00f3n y proteger\u00e1 y defender\u00e1 tus derechos en todo momento.<\/p>\n<p>6.5. Es posible que de vez en cuando nos pongamos en contacto contigo para hacerte ofertas que te interesen.<\/p>\n","protected":false},"excerpt":{"rendered":"<p>Modificamos estas Condiciones de vez en cuando. Cada vez que desees pedir Productos, comprueba estas Condiciones para asegurarte de que entiendes las condiciones que se aplicar\u00e1n en ese momento de la compra. Publicado originalmente el 21 de junio de 2017 Contrato de suministro de productos o servicios 1.1. Los productos, precios y servicios ilustrados en [&hellip;]<\/p>\n","protected":false},"author":1,"featured_media":0,"parent":0,"menu_order":0,"comment_status":"closed","ping_status":"closed","template":"templates\/fullwidth.php","meta":{"_acf_changed":false,"footnotes":""},"class_list":["post-28336","page","type-page","status-publish","hentry"],"acf":[],"yoast_head":"<!-- This site is optimized with the Yoast SEO plugin v27.0 - https:\/\/yoast.com\/product\/yoast-seo-wordpress\/ -->\n<title>T\u00e9rminos y condiciones - Zamp Helmets | Helmet 28 EU<\/title>\n<meta name=\"robots\" content=\"index, follow, max-snippet:-1, max-image-preview:large, max-video-preview:-1\" \/>\n<link rel=\"canonical\" href=\"https:\/\/zamphelmets.co\/es\/terminos-y-condiciones\/\" \/>\n<meta property=\"og:locale\" content=\"es_ES\" \/>\n<meta property=\"og:type\" content=\"article\" \/>\n<meta property=\"og:title\" content=\"T\u00e9rminos y condiciones - Zamp Helmets | Helmet 28 EU\" \/>\n<meta property=\"og:description\" content=\"Modificamos estas Condiciones de vez en cuando. Cada vez que desees pedir Productos, comprueba estas Condiciones para asegurarte de que entiendes las condiciones que se aplicar\u00e1n en ese momento de la compra. Publicado originalmente el 21 de junio de 2017 Contrato de suministro de productos o servicios 1.1. Los productos, precios y servicios ilustrados en [&hellip;]\" \/>\n<meta property=\"og:url\" content=\"https:\/\/zamphelmets.co\/es\/terminos-y-condiciones\/\" \/>\n<meta property=\"og:site_name\" content=\"Zamp Helmets | Helmet 28 EU\" \/>\n<meta property=\"article:modified_time\" content=\"2024-07-15T16:28:38+00:00\" \/>\n<meta name=\"twitter:card\" content=\"summary_large_image\" \/>\n<meta name=\"twitter:label1\" content=\"Est. reading time\" \/>\n\t<meta name=\"twitter:data1\" content=\"14 minutos\" \/>\n<script type=\"application\/ld+json\" class=\"yoast-schema-graph\">{\"@context\":\"https:\/\/schema.org\",\"@graph\":[{\"@type\":\"WebPage\",\"@id\":\"https:\/\/zamphelmets.co\/es\/terminos-y-condiciones\/\",\"url\":\"https:\/\/zamphelmets.co\/es\/terminos-y-condiciones\/\",\"name\":\"T\u00e9rminos y condiciones - Zamp Helmets | Helmet 28 EU\",\"isPartOf\":{\"@id\":\"https:\/\/zamphelmets.co\/es\/#website\"},\"datePublished\":\"2020-08-19T15:24:11+00:00\",\"dateModified\":\"2024-07-15T16:28:38+00:00\",\"inLanguage\":\"es\",\"potentialAction\":[{\"@type\":\"ReadAction\",\"target\":[\"https:\/\/zamphelmets.co\/es\/terminos-y-condiciones\/\"]}]},{\"@type\":\"WebSite\",\"@id\":\"https:\/\/zamphelmets.co\/es\/#website\",\"url\":\"https:\/\/zamphelmets.co\/es\/\",\"name\":\"Zamp Helmets | Helmet 28 EU\",\"description\":\"High Quality Motorsport Helmets\",\"potentialAction\":[{\"@type\":\"SearchAction\",\"target\":{\"@type\":\"EntryPoint\",\"urlTemplate\":\"https:\/\/zamphelmets.co\/es\/?s={search_term_string}\"},\"query-input\":{\"@type\":\"PropertyValueSpecification\",\"valueRequired\":true,\"valueName\":\"search_term_string\"}}],\"inLanguage\":\"es\"}]}<\/script>\n<!-- \/ Yoast SEO plugin. -->","yoast_head_json":{"title":"T\u00e9rminos y condiciones - Zamp Helmets | Helmet 28 EU","robots":{"index":"index","follow":"follow","max-snippet":"max-snippet:-1","max-image-preview":"max-image-preview:large","max-video-preview":"max-video-preview:-1"},"canonical":"https:\/\/zamphelmets.co\/es\/terminos-y-condiciones\/","og_locale":"es_ES","og_type":"article","og_title":"T\u00e9rminos y condiciones - Zamp Helmets | Helmet 28 EU","og_description":"Modificamos estas Condiciones de vez en cuando. Cada vez que desees pedir Productos, comprueba estas Condiciones para asegurarte de que entiendes las condiciones que se aplicar\u00e1n en ese momento de la compra. Publicado originalmente el 21 de junio de 2017 Contrato de suministro de productos o servicios 1.1. Los productos, precios y servicios ilustrados en [&hellip;]","og_url":"https:\/\/zamphelmets.co\/es\/terminos-y-condiciones\/","og_site_name":"Zamp Helmets | Helmet 28 EU","article_modified_time":"2024-07-15T16:28:38+00:00","twitter_card":"summary_large_image","twitter_misc":{"Est. reading time":"14 minutos"},"schema":{"@context":"https:\/\/schema.org","@graph":[{"@type":"WebPage","@id":"https:\/\/zamphelmets.co\/es\/terminos-y-condiciones\/","url":"https:\/\/zamphelmets.co\/es\/terminos-y-condiciones\/","name":"T\u00e9rminos y condiciones - Zamp Helmets | Helmet 28 EU","isPartOf":{"@id":"https:\/\/zamphelmets.co\/es\/#website"},"datePublished":"2020-08-19T15:24:11+00:00","dateModified":"2024-07-15T16:28:38+00:00","inLanguage":"es","potentialAction":[{"@type":"ReadAction","target":["https:\/\/zamphelmets.co\/es\/terminos-y-condiciones\/"]}]},{"@type":"WebSite","@id":"https:\/\/zamphelmets.co\/es\/#website","url":"https:\/\/zamphelmets.co\/es\/","name":"Zamp Helmets | Helmet 28 EU","description":"High Quality Motorsport Helmets","potentialAction":[{"@type":"SearchAction","target":{"@type":"EntryPoint","urlTemplate":"https:\/\/zamphelmets.co\/es\/?s={search_term_string}"},"query-input":{"@type":"PropertyValueSpecification","valueRequired":true,"valueName":"search_term_string"}}],"inLanguage":"es"}]}},"_links":{"self":[{"href":"https:\/\/zamphelmets.co\/es\/wp-json\/wp\/v2\/pages\/28336","targetHints":{"allow":["GET"]}}],"collection":[{"href":"https:\/\/zamphelmets.co\/es\/wp-json\/wp\/v2\/pages"}],"about":[{"href":"https:\/\/zamphelmets.co\/es\/wp-json\/wp\/v2\/types\/page"}],"author":[{"embeddable":true,"href":"https:\/\/zamphelmets.co\/es\/wp-json\/wp\/v2\/users\/1"}],"replies":[{"embeddable":true,"href":"https:\/\/zamphelmets.co\/es\/wp-json\/wp\/v2\/comments?post=28336"}],"version-history":[{"count":1,"href":"https:\/\/zamphelmets.co\/es\/wp-json\/wp\/v2\/pages\/28336\/revisions"}],"predecessor-version":[{"id":28404,"href":"https:\/\/zamphelmets.co\/es\/wp-json\/wp\/v2\/pages\/28336\/revisions\/28404"}],"wp:attachment":[{"href":"https:\/\/zamphelmets.co\/es\/wp-json\/wp\/v2\/media?parent=28336"}],"curies":[{"name":"wp","href":"https:\/\/api.w.org\/{rel}","templated":true}]}}