{"id":28314,"date":"2021-12-17T10:10:53","date_gmt":"2021-12-17T10:10:53","guid":{"rendered":"https:\/\/zamphelmets.co\/gana-un-casco-rz-59-gris-mate\/"},"modified":"2021-12-17T10:10:53","modified_gmt":"2021-12-17T10:10:53","slug":"gana-un-casco-rz-59-gris-mate","status":"publish","type":"page","link":"https:\/\/zamphelmets.co\/es\/gana-un-casco-rz-59-gris-mate\/","title":{"rendered":"\u00a1Gana un Casco RZ-59 Gris Mate!"},"content":{"rendered":"<p><strong>Nos hemos asociado con <a href=\"https:\/\/www.youtube.com\/channel\/UCkOKVH-H63P7yUbtbZ25yxw\">Tom Gear<\/a> para darte la oportunidad de ganar un <a href=\"https:\/\/zamphelmets.co\/es\/producto\/rz-59-gris-mate\/#description\">Casco Gris Mate RZ-59<\/a> \u00a1Y una Gorra Zamp gratis!  <\/strong><\/p>\n<div class=\"klaviyo-form-WSmQDv\"><\/div>\n<p><img decoding=\"async\" class=\"alignleft lazyload\" data-src=\"https:\/\/zamphelmets.co\/wp-content\/uploads\/sites\/3\/2020\/08\/H77215F.jpg\" alt=\"Casco de competici\u00f3n RZ 59 Gris Mate de Zamp Helmets\" width=\"235\" height=\"235\" src=\"data:image\/svg+xml;base64,PHN2ZyB3aWR0aD0iMSIgaGVpZ2h0PSIxIiB4bWxucz0iaHR0cDovL3d3dy53My5vcmcvMjAwMC9zdmciPjwvc3ZnPg==\" style=\"--smush-placeholder-width: 235px; --smush-placeholder-aspect-ratio: 235\/235;\">El Zamp <a href=\"https:\/\/zamphelmets.co\/es\/producto\/rz-59-gris-mate\/#description\">RZ-59 Gris Mate <\/a> combina la \u00faltima tecnolog\u00eda en cascos <a href=\"https:\/\/zamphelmets.co\/es\/explicacion-de-la-homologacion\/\">Snell SA2020<\/a> con un dise\u00f1o de calidad para ofrecer el <em>casco con la mejor relaci\u00f3n calidad-precio del mercado.<\/em><\/p>\n<p>Este modelo proporciona una gran ventilaci\u00f3n y comodidad con un dise\u00f1o elegante y sencillo para ayudar a mantenerse fresco y evitar que se empa\u00f1e en condiciones de competici\u00f3n extremas. La <a href=\"https:\/\/zamphelmets.co\/es\/producto\/rz-59-gris-mate\/#description\">RZ-59<\/a> ofrece un gran ajuste, un acabado de alto nivel y el precio m\u00e1s competitivo del sector.<\/p>\n<p><em>Para participar, s\u00f3lo tienes que rellenar el formulario de arriba y luego estar atento a tus correos electr\u00f3nicos para saber si has sido elegido como el afortunado ganador. El ganador se anunciar\u00e1 el 28 de febrero de 2022.<\/em><\/p>\n<div class=\"klaviyo-form-WSmQDv\"><\/div>\n<div><\/div>\n","protected":false},"excerpt":{"rendered":"<p>Nos hemos asociado con Tom Gear para darte la oportunidad de ganar un Casco Gris Mate RZ-59 \u00a1Y una Gorra Zamp gratis! El Zamp RZ-59 Gris Mate combina la \u00faltima tecnolog\u00eda en cascos Snell SA2020 con un dise\u00f1o de calidad para ofrecer el casco con la mejor relaci\u00f3n calidad-precio del mercado. Este modelo proporciona una [&hellip;]<\/p>\n","protected":false},"author":2,"featured_media":0,"parent":0,"menu_order":0,"comment_status":"closed","ping_status":"closed","template":"","meta":{"_acf_changed":false,"footnotes":""},"class_list":["post-28314","page","type-page","status-publish","hentry"],"acf":[],"yoast_head":"<!-- This site is optimized with the Yoast SEO plugin v27.0 - https:\/\/yoast.com\/product\/yoast-seo-wordpress\/ -->\n<title>\u00a1Gana un Casco RZ-59 Gris Mate! - Zamp Helmets | Helmet 28 EU<\/title>\n<meta name=\"robots\" content=\"index, follow, max-snippet:-1, max-image-preview:large, max-video-preview:-1\" \/>\n<link rel=\"canonical\" href=\"https:\/\/zamphelmets.co\/es\/gana-un-casco-rz-59-gris-mate\/\" \/>\n<meta property=\"og:locale\" content=\"es_ES\" \/>\n<meta property=\"og:type\" content=\"article\" \/>\n<meta property=\"og:title\" content=\"\u00a1Gana un Casco RZ-59 Gris Mate! - Zamp Helmets | Helmet 28 EU\" \/>\n<meta property=\"og:description\" content=\"Nos hemos asociado con Tom Gear para darte la oportunidad de ganar un Casco Gris Mate RZ-59 \u00a1Y una Gorra Zamp gratis! El Zamp RZ-59 Gris Mate combina la \u00faltima tecnolog\u00eda en cascos Snell SA2020 con un dise\u00f1o de calidad para ofrecer el casco con la mejor relaci\u00f3n calidad-precio del mercado. Este modelo proporciona una [&hellip;]\" \/>\n<meta property=\"og:url\" content=\"https:\/\/zamphelmets.co\/es\/gana-un-casco-rz-59-gris-mate\/\" \/>\n<meta property=\"og:site_name\" content=\"Zamp Helmets | Helmet 28 EU\" \/>\n<meta property=\"og:image\" content=\"https:\/\/zamphelmets.co\/wp-content\/uploads\/sites\/3\/2020\/08\/H77215F.jpg\" \/>\n<meta name=\"twitter:card\" content=\"summary_large_image\" \/>\n<meta name=\"twitter:label1\" content=\"Est. reading time\" \/>\n\t<meta name=\"twitter:data1\" content=\"1 minuto\" \/>\n<script type=\"application\/ld+json\" class=\"yoast-schema-graph\">{\"@context\":\"https:\/\/schema.org\",\"@graph\":[{\"@type\":\"WebPage\",\"@id\":\"https:\/\/zamphelmets.co\/es\/gana-un-casco-rz-59-gris-mate\/\",\"url\":\"https:\/\/zamphelmets.co\/es\/gana-un-casco-rz-59-gris-mate\/\",\"name\":\"\u00a1Gana un Casco RZ-59 Gris Mate! - Zamp Helmets | Helmet 28 EU\",\"isPartOf\":{\"@id\":\"https:\/\/zamphelmets.co\/es\/#website\"},\"primaryImageOfPage\":{\"@id\":\"https:\/\/zamphelmets.co\/es\/gana-un-casco-rz-59-gris-mate\/#primaryimage\"},\"image\":{\"@id\":\"https:\/\/zamphelmets.co\/es\/gana-un-casco-rz-59-gris-mate\/#primaryimage\"},\"thumbnailUrl\":\"https:\/\/zamphelmets.co\/wp-content\/uploads\/sites\/3\/2020\/08\/H77215F.jpg\",\"datePublished\":\"2021-12-17T10:10:53+00:00\",\"inLanguage\":\"es\",\"potentialAction\":[{\"@type\":\"ReadAction\",\"target\":[\"https:\/\/zamphelmets.co\/es\/gana-un-casco-rz-59-gris-mate\/\"]}]},{\"@type\":\"ImageObject\",\"inLanguage\":\"es\",\"@id\":\"https:\/\/zamphelmets.co\/es\/gana-un-casco-rz-59-gris-mate\/#primaryimage\",\"url\":\"https:\/\/zamphelmets.co\/wp-content\/uploads\/sites\/3\/2020\/08\/H77215F.jpg\",\"contentUrl\":\"https:\/\/zamphelmets.co\/wp-content\/uploads\/sites\/3\/2020\/08\/H77215F.jpg\"},{\"@type\":\"WebSite\",\"@id\":\"https:\/\/zamphelmets.co\/es\/#website\",\"url\":\"https:\/\/zamphelmets.co\/es\/\",\"name\":\"Zamp Helmets | Helmet 28 EU\",\"description\":\"High Quality Motorsport Helmets\",\"potentialAction\":[{\"@type\":\"SearchAction\",\"target\":{\"@type\":\"EntryPoint\",\"urlTemplate\":\"https:\/\/zamphelmets.co\/es\/?s={search_term_string}\"},\"query-input\":{\"@type\":\"PropertyValueSpecification\",\"valueRequired\":true,\"valueName\":\"search_term_string\"}}],\"inLanguage\":\"es\"}]}<\/script>\n<!-- \/ Yoast SEO plugin. -->","yoast_head_json":{"title":"\u00a1Gana un Casco RZ-59 Gris Mate! - Zamp Helmets | Helmet 28 EU","robots":{"index":"index","follow":"follow","max-snippet":"max-snippet:-1","max-image-preview":"max-image-preview:large","max-video-preview":"max-video-preview:-1"},"canonical":"https:\/\/zamphelmets.co\/es\/gana-un-casco-rz-59-gris-mate\/","og_locale":"es_ES","og_type":"article","og_title":"\u00a1Gana un Casco RZ-59 Gris Mate! - Zamp Helmets | Helmet 28 EU","og_description":"Nos hemos asociado con Tom Gear para darte la oportunidad de ganar un Casco Gris Mate RZ-59 \u00a1Y una Gorra Zamp gratis! El Zamp RZ-59 Gris Mate combina la \u00faltima tecnolog\u00eda en cascos Snell SA2020 con un dise\u00f1o de calidad para ofrecer el casco con la mejor relaci\u00f3n calidad-precio del mercado. Este modelo proporciona una [&hellip;]","og_url":"https:\/\/zamphelmets.co\/es\/gana-un-casco-rz-59-gris-mate\/","og_site_name":"Zamp Helmets | Helmet 28 EU","og_image":[{"url":"https:\/\/zamphelmets.co\/wp-content\/uploads\/sites\/3\/2020\/08\/H77215F.jpg","type":"","width":"","height":""}],"twitter_card":"summary_large_image","twitter_misc":{"Est. reading time":"1 minuto"},"schema":{"@context":"https:\/\/schema.org","@graph":[{"@type":"WebPage","@id":"https:\/\/zamphelmets.co\/es\/gana-un-casco-rz-59-gris-mate\/","url":"https:\/\/zamphelmets.co\/es\/gana-un-casco-rz-59-gris-mate\/","name":"\u00a1Gana un Casco RZ-59 Gris Mate! - Zamp Helmets | Helmet 28 EU","isPartOf":{"@id":"https:\/\/zamphelmets.co\/es\/#website"},"primaryImageOfPage":{"@id":"https:\/\/zamphelmets.co\/es\/gana-un-casco-rz-59-gris-mate\/#primaryimage"},"image":{"@id":"https:\/\/zamphelmets.co\/es\/gana-un-casco-rz-59-gris-mate\/#primaryimage"},"thumbnailUrl":"https:\/\/zamphelmets.co\/wp-content\/uploads\/sites\/3\/2020\/08\/H77215F.jpg","datePublished":"2021-12-17T10:10:53+00:00","inLanguage":"es","potentialAction":[{"@type":"ReadAction","target":["https:\/\/zamphelmets.co\/es\/gana-un-casco-rz-59-gris-mate\/"]}]},{"@type":"ImageObject","inLanguage":"es","@id":"https:\/\/zamphelmets.co\/es\/gana-un-casco-rz-59-gris-mate\/#primaryimage","url":"https:\/\/zamphelmets.co\/wp-content\/uploads\/sites\/3\/2020\/08\/H77215F.jpg","contentUrl":"https:\/\/zamphelmets.co\/wp-content\/uploads\/sites\/3\/2020\/08\/H77215F.jpg"},{"@type":"WebSite","@id":"https:\/\/zamphelmets.co\/es\/#website","url":"https:\/\/zamphelmets.co\/es\/","name":"Zamp Helmets | Helmet 28 EU","description":"High Quality Motorsport Helmets","potentialAction":[{"@type":"SearchAction","target":{"@type":"EntryPoint","urlTemplate":"https:\/\/zamphelmets.co\/es\/?s={search_term_string}"},"query-input":{"@type":"PropertyValueSpecification","valueRequired":true,"valueName":"search_term_string"}}],"inLanguage":"es"}]}},"_links":{"self":[{"href":"https:\/\/zamphelmets.co\/es\/wp-json\/wp\/v2\/pages\/28314","targetHints":{"allow":["GET"]}}],"collection":[{"href":"https:\/\/zamphelmets.co\/es\/wp-json\/wp\/v2\/pages"}],"about":[{"href":"https:\/\/zamphelmets.co\/es\/wp-json\/wp\/v2\/types\/page"}],"author":[{"embeddable":true,"href":"https:\/\/zamphelmets.co\/es\/wp-json\/wp\/v2\/users\/2"}],"replies":[{"embeddable":true,"href":"https:\/\/zamphelmets.co\/es\/wp-json\/wp\/v2\/comments?post=28314"}],"version-history":[{"count":0,"href":"https:\/\/zamphelmets.co\/es\/wp-json\/wp\/v2\/pages\/28314\/revisions"}],"wp:attachment":[{"href":"https:\/\/zamphelmets.co\/es\/wp-json\/wp\/v2\/media?parent=28314"}],"curies":[{"name":"wp","href":"https:\/\/api.w.org\/{rel}","templated":true}]}}