{"id":28313,"date":"2020-12-02T15:45:54","date_gmt":"2020-12-02T15:45:54","guid":{"rendered":"https:\/\/zamphelmets.co\/plazos-de-envio\/"},"modified":"2026-02-16T15:01:54","modified_gmt":"2026-02-16T15:01:54","slug":"plazos-de-envio","status":"publish","type":"page","link":"https:\/\/zamphelmets.co\/es\/plazos-de-envio\/","title":{"rendered":"Plazos de env\u00edo"},"content":{"rendered":"<p>En <a href=\"https:\/\/zamphelmets.co\/es\/product-category\/zamp-es\/cascos\/\">Zamp Helmets<\/a>, trabajamos para que todos los pedidos salgan lo antes posible. Disponemos de una sofisticada red de almacenes y env\u00edos que garantiza que los env\u00edos te lleguen lo antes posible. Todos los pedidos se env\u00edan <span style=\"text-decoration: underline;\"><br \/>\n  <strong>DPD con seguimiento<\/strong><br \/>\n<\/span>.<\/p>\n<p>La mayor\u00eda de los env\u00edos tienen gastos de ENV\u00cdO GRATUITOS, pero todos los dem\u00e1s pedidos tienen gastos de env\u00edo est\u00e1ndar. Esto depende del pa\u00eds.<strong> <\/strong><\/p>\n<table width=\"624\">\n<tbody>\n<tr>\n<td width=\"264\"><\/td>\n<td width=\"88\"><strong>ZONA 1<\/strong><\/td>\n<td width=\"88\"><strong>ZONA 2<\/strong><\/td>\n<td width=\"88\"><strong>ZONA 3<\/strong><\/td>\n<td width=\"96\"><strong>ZONA 4<\/strong><\/td>\n<\/tr>\n<tr>\n<td>Env\u00edo gratuito (si es superior a)<\/td>\n<td> \u20ac 250.00<\/td>\n<td> \u20ac 300.00<\/td>\n<td> \u20ac 500.00<\/td>\n<td> \u20ac 1,500.00<\/td>\n<\/tr>\n<tr>\n<td>Gastos de env\u00edo (si son inferiores)<\/td>\n<td> \u20ac 7.50<\/td>\n<td> \u20ac 12.50<\/td>\n<td> \u20ac 25.00<\/td>\n<td> \u20ac 40.00<\/td>\n<\/tr>\n<\/tbody>\n<\/table>\n<p><strong>Nota: nuestro almac\u00e9n de la UE est\u00e1 cerrado los lunes, por lo que NO se enviar\u00e1n pedidos los lunes.<\/strong><\/p>\n<table width=\"221\">\n<tbody>\n<tr>\n<td width=\"128\">PA\u00cdS<\/td>\n<td width=\"93\">TIEMPO DE TR\u00c1NSITO (d\u00edas)<\/td>\n<\/tr>\n<tr>\n<td>ZONA 1<\/td>\n<td><\/td>\n<\/tr>\n<tr>\n<td>B\u00e9lgica<\/td>\n<td>1-2<\/td>\n<\/tr>\n<tr>\n<td>Pa\u00edses Bajos<\/td>\n<td>1-2<\/td>\n<\/tr>\n<tr>\n<td>Luxemburgo<\/td>\n<td>1-2<\/td>\n<\/tr>\n<tr>\n<td>Alemania<\/td>\n<td>1-3<\/td>\n<\/tr>\n<tr>\n<td>Francia<\/td>\n<td>2-4<\/td>\n<\/tr>\n<tr>\n<td><\/td>\n<td><\/td>\n<\/tr>\n<tr>\n<td>ZONA 2<\/td>\n<td><\/td>\n<\/tr>\n<tr>\n<td>REINO UNIDO<\/td>\n<td>3-4<\/td>\n<\/tr>\n<tr>\n<td>Dinamarca<\/td>\n<td>2-3<\/td>\n<\/tr>\n<tr>\n<td>Espa\u00f1a<\/td>\n<td>3-5<\/td>\n<\/tr>\n<tr>\n<td>Portugal<\/td>\n<td>4-5<\/td>\n<\/tr>\n<tr>\n<td>Italia<\/td>\n<td>2-5<\/td>\n<\/tr>\n<tr>\n<td>Suecia<\/td>\n<td>3-4<\/td>\n<\/tr>\n<tr>\n<td>Austria<\/td>\n<td>2-3<\/td>\n<\/tr>\n<tr>\n<td><\/td>\n<td><\/td>\n<\/tr>\n<tr>\n<td>ZONA 3<\/td>\n<td><\/td>\n<\/tr>\n<tr>\n<td>Finlandia<\/td>\n<td>5-6<\/td>\n<\/tr>\n<tr>\n<td>Eslovenia<\/td>\n<td>2-3<\/td>\n<\/tr>\n<tr>\n<td>Eslovaquia<\/td>\n<td>3-4<\/td>\n<\/tr>\n<tr>\n<td>Hungr\u00eda<\/td>\n<td>2-4<\/td>\n<\/tr>\n<tr>\n<td>Irlanda<\/td>\n<td>3-4<\/td>\n<\/tr>\n<tr>\n<td>Rep\u00fablica Checa<\/td>\n<td>2-4<\/td>\n<\/tr>\n<tr>\n<td>Polonia<\/td>\n<td>2-3<\/td>\n<\/tr>\n<tr>\n<td>Estonia<\/td>\n<td>4-5<\/td>\n<\/tr>\n<tr>\n<td>Lituania<\/td>\n<td>3-5<\/td>\n<\/tr>\n<tr>\n<td>Letonia<\/td>\n<td>3-5<\/td>\n<\/tr>\n<tr>\n<td><\/td>\n<td><\/td>\n<\/tr>\n<tr>\n<td>ZONA 4 + Todos los dem\u00e1s<\/td>\n<td><\/td>\n<\/tr>\n<tr>\n<td>Croacia<\/td>\n<td>3-4<\/td>\n<\/tr>\n<tr>\n<td>Bulgaria<\/td>\n<td>4-5<\/td>\n<\/tr>\n<tr>\n<td>Grecia<\/td>\n<td>5-7<\/td>\n<\/tr>\n<tr>\n<td>Ruman\u00eda<\/td>\n<td>3-4<\/td>\n<\/tr>\n<\/tbody>\n<\/table>\n<p>Todos los pedidos se env\u00edan con el proveedor l\u00edder de env\u00edos <a href=\"https:\/\/www.dpd.co.uk\/\">DPD mediante un SERVICIO DE ENV\u00cdO SEGUIDO<\/a>. En cuanto nuestro personal de almac\u00e9n procese tu pedido, recibir\u00e1s un correo electr\u00f3nico notific\u00e1ndote que est\u00e1 en camino. En este correo electr\u00f3nico se incluye un n\u00famero de seguimiento que te permitir\u00e1 seguir el paquete durante todo el trayecto.<\/p>\n","protected":false},"excerpt":{"rendered":"<p>En Zamp Helmets, trabajamos para que todos los pedidos salgan lo antes posible. Disponemos de una sofisticada red de almacenes y env\u00edos que garantiza que los env\u00edos te lleguen lo antes posible. Todos los pedidos se env\u00edan DPD con seguimiento . La mayor\u00eda de los env\u00edos tienen gastos de ENV\u00cdO GRATUITOS, pero todos los dem\u00e1s [&hellip;]<\/p>\n","protected":false},"author":2,"featured_media":0,"parent":0,"menu_order":0,"comment_status":"closed","ping_status":"closed","template":"","meta":{"_acf_changed":false,"footnotes":""},"class_list":["post-28313","page","type-page","status-publish","hentry"],"acf":[],"yoast_head":"<!-- This site is optimized with the Yoast SEO plugin v27.0 - https:\/\/yoast.com\/product\/yoast-seo-wordpress\/ -->\n<title>Plazos de env\u00edo - Zamp Helmets | Helmet 28 EU<\/title>\n<meta name=\"description\" content=\"En Zamp Helmets nos esforzamos por enviar todos los pedidos lo antes posible. Consulta nuestros plazos de env\u00edo para tu pa\u00eds\/territorio.\" \/>\n<meta name=\"robots\" content=\"index, follow, max-snippet:-1, max-image-preview:large, max-video-preview:-1\" \/>\n<link rel=\"canonical\" href=\"https:\/\/zamphelmets.co\/es\/plazos-de-envio\/\" \/>\n<meta property=\"og:locale\" content=\"es_ES\" \/>\n<meta property=\"og:type\" content=\"article\" \/>\n<meta property=\"og:title\" content=\"Plazos de env\u00edo - Zamp Helmets | Helmet 28 EU\" \/>\n<meta property=\"og:description\" content=\"En Zamp Helmets nos esforzamos por enviar todos los pedidos lo antes posible. Consulta nuestros plazos de env\u00edo para tu pa\u00eds\/territorio.\" \/>\n<meta property=\"og:url\" content=\"https:\/\/zamphelmets.co\/es\/plazos-de-envio\/\" \/>\n<meta property=\"og:site_name\" content=\"Zamp Helmets | Helmet 28 EU\" \/>\n<meta property=\"article:modified_time\" content=\"2026-02-16T15:01:54+00:00\" \/>\n<meta name=\"twitter:card\" content=\"summary_large_image\" \/>\n<meta name=\"twitter:label1\" content=\"Est. reading time\" \/>\n\t<meta name=\"twitter:data1\" content=\"1 minuto\" \/>\n<script type=\"application\/ld+json\" class=\"yoast-schema-graph\">{\"@context\":\"https:\/\/schema.org\",\"@graph\":[{\"@type\":\"WebPage\",\"@id\":\"https:\/\/zamphelmets.co\/es\/plazos-de-envio\/\",\"url\":\"https:\/\/zamphelmets.co\/es\/plazos-de-envio\/\",\"name\":\"Plazos de env\u00edo - Zamp Helmets | Helmet 28 EU\",\"isPartOf\":{\"@id\":\"https:\/\/zamphelmets.co\/es\/#website\"},\"datePublished\":\"2020-12-02T15:45:54+00:00\",\"dateModified\":\"2026-02-16T15:01:54+00:00\",\"description\":\"En Zamp Helmets nos esforzamos por enviar todos los pedidos lo antes posible. Consulta nuestros plazos de env\u00edo para tu pa\u00eds\/territorio.\",\"inLanguage\":\"es\",\"potentialAction\":[{\"@type\":\"ReadAction\",\"target\":[\"https:\/\/zamphelmets.co\/es\/plazos-de-envio\/\"]}]},{\"@type\":\"WebSite\",\"@id\":\"https:\/\/zamphelmets.co\/es\/#website\",\"url\":\"https:\/\/zamphelmets.co\/es\/\",\"name\":\"Zamp Helmets | Helmet 28 EU\",\"description\":\"High Quality Motorsport Helmets\",\"potentialAction\":[{\"@type\":\"SearchAction\",\"target\":{\"@type\":\"EntryPoint\",\"urlTemplate\":\"https:\/\/zamphelmets.co\/es\/?s={search_term_string}\"},\"query-input\":{\"@type\":\"PropertyValueSpecification\",\"valueRequired\":true,\"valueName\":\"search_term_string\"}}],\"inLanguage\":\"es\"}]}<\/script>\n<!-- \/ Yoast SEO plugin. -->","yoast_head_json":{"title":"Plazos de env\u00edo - Zamp Helmets | Helmet 28 EU","description":"En Zamp Helmets nos esforzamos por enviar todos los pedidos lo antes posible. Consulta nuestros plazos de env\u00edo para tu pa\u00eds\/territorio.","robots":{"index":"index","follow":"follow","max-snippet":"max-snippet:-1","max-image-preview":"max-image-preview:large","max-video-preview":"max-video-preview:-1"},"canonical":"https:\/\/zamphelmets.co\/es\/plazos-de-envio\/","og_locale":"es_ES","og_type":"article","og_title":"Plazos de env\u00edo - Zamp Helmets | Helmet 28 EU","og_description":"En Zamp Helmets nos esforzamos por enviar todos los pedidos lo antes posible. Consulta nuestros plazos de env\u00edo para tu pa\u00eds\/territorio.","og_url":"https:\/\/zamphelmets.co\/es\/plazos-de-envio\/","og_site_name":"Zamp Helmets | Helmet 28 EU","article_modified_time":"2026-02-16T15:01:54+00:00","twitter_card":"summary_large_image","twitter_misc":{"Est. reading time":"1 minuto"},"schema":{"@context":"https:\/\/schema.org","@graph":[{"@type":"WebPage","@id":"https:\/\/zamphelmets.co\/es\/plazos-de-envio\/","url":"https:\/\/zamphelmets.co\/es\/plazos-de-envio\/","name":"Plazos de env\u00edo - Zamp Helmets | Helmet 28 EU","isPartOf":{"@id":"https:\/\/zamphelmets.co\/es\/#website"},"datePublished":"2020-12-02T15:45:54+00:00","dateModified":"2026-02-16T15:01:54+00:00","description":"En Zamp Helmets nos esforzamos por enviar todos los pedidos lo antes posible. Consulta nuestros plazos de env\u00edo para tu pa\u00eds\/territorio.","inLanguage":"es","potentialAction":[{"@type":"ReadAction","target":["https:\/\/zamphelmets.co\/es\/plazos-de-envio\/"]}]},{"@type":"WebSite","@id":"https:\/\/zamphelmets.co\/es\/#website","url":"https:\/\/zamphelmets.co\/es\/","name":"Zamp Helmets | Helmet 28 EU","description":"High Quality Motorsport Helmets","potentialAction":[{"@type":"SearchAction","target":{"@type":"EntryPoint","urlTemplate":"https:\/\/zamphelmets.co\/es\/?s={search_term_string}"},"query-input":{"@type":"PropertyValueSpecification","valueRequired":true,"valueName":"search_term_string"}}],"inLanguage":"es"}]}},"_links":{"self":[{"href":"https:\/\/zamphelmets.co\/es\/wp-json\/wp\/v2\/pages\/28313","targetHints":{"allow":["GET"]}}],"collection":[{"href":"https:\/\/zamphelmets.co\/es\/wp-json\/wp\/v2\/pages"}],"about":[{"href":"https:\/\/zamphelmets.co\/es\/wp-json\/wp\/v2\/types\/page"}],"author":[{"embeddable":true,"href":"https:\/\/zamphelmets.co\/es\/wp-json\/wp\/v2\/users\/2"}],"replies":[{"embeddable":true,"href":"https:\/\/zamphelmets.co\/es\/wp-json\/wp\/v2\/comments?post=28313"}],"version-history":[{"count":1,"href":"https:\/\/zamphelmets.co\/es\/wp-json\/wp\/v2\/pages\/28313\/revisions"}],"predecessor-version":[{"id":203494,"href":"https:\/\/zamphelmets.co\/es\/wp-json\/wp\/v2\/pages\/28313\/revisions\/203494"}],"wp:attachment":[{"href":"https:\/\/zamphelmets.co\/es\/wp-json\/wp\/v2\/media?parent=28313"}],"curies":[{"name":"wp","href":"https:\/\/api.w.org\/{rel}","templated":true}]}}