{"id":28311,"date":"2022-01-20T09:43:59","date_gmt":"2022-01-20T09:43:59","guid":{"rendered":"https:\/\/zamphelmets.co\/gana-un-casco-rz-59-negro-mate\/"},"modified":"2022-01-20T09:43:59","modified_gmt":"2022-01-20T09:43:59","slug":"gana-un-casco-rz-59-negro-mate","status":"publish","type":"page","link":"https:\/\/zamphelmets.co\/es\/gana-un-casco-rz-59-negro-mate\/","title":{"rendered":"\u00a1GANA un Casco RZ-59 Negro Mate!"},"content":{"rendered":"<p><strong>\u00a1Nos hemos asociado con Sam Callahan Motorsport para darte la oportunidad de ganar un <a href=\"https:\/\/zamphelmets.co\/es\/producto\/rz-59-negro-mate\/\">Casco RZ-59 Negro Mate<\/a>!  <\/strong><\/p>\n<div class=\"klaviyo-form-XFWwrK\"><\/div>\n<p><img decoding=\"async\" class=\"size-medium wp-image-4704 alignleft lazyload\" data-src=\"https:\/\/zamphelmets.co\/wp-content\/uploads\/sites\/3\/2021\/11\/H77203F-300x300.jpg\" alt=\"Casco zamp RZ 59 negro mate\" width=\"300\" height=\"300\" data-srcset=\"https:\/\/zamphelmets.co\/wp-content\/uploads\/2021\/11\/H77203F-300x300.jpg 300w, https:\/\/zamphelmets.co\/wp-content\/uploads\/2021\/11\/H77203F-1024x1024.jpg 1024w, https:\/\/zamphelmets.co\/wp-content\/uploads\/2021\/11\/H77203F-150x150.jpg 150w, https:\/\/zamphelmets.co\/wp-content\/uploads\/2021\/11\/H77203F-768x768.jpg 768w, https:\/\/zamphelmets.co\/wp-content\/uploads\/2021\/11\/H77203F-600x600.jpg 600w, https:\/\/zamphelmets.co\/wp-content\/uploads\/2021\/11\/H77203F-100x100.jpg 100w, https:\/\/zamphelmets.co\/wp-content\/uploads\/2021\/11\/H77203F.jpg 1500w\" data-sizes=\"(max-width: 300px) 100vw, 300px\" src=\"data:image\/svg+xml;base64,PHN2ZyB3aWR0aD0iMSIgaGVpZ2h0PSIxIiB4bWxucz0iaHR0cDovL3d3dy53My5vcmcvMjAwMC9zdmciPjwvc3ZnPg==\" style=\"--smush-placeholder-width: 300px; --smush-placeholder-aspect-ratio: 300\/300;\" \/>El Zamp <a href=\"https:\/\/zamphelmets.co\/es\/producto\/rz-59-negro-mate\/#description\">RZ-59 Negro Mate <\/a> combina la \u00faltima tecnolog\u00eda en cascos <a href=\"https:\/\/zamphelmets.co\/es\/explicacion-de-la-homologacion\/\">Snell SA2020<\/a> con un dise\u00f1o de calidad para ofrecer el <em>casco con la mejor relaci\u00f3n calidad-precio del mercado.<\/em><\/p>\n<p>Este modelo proporciona una gran ventilaci\u00f3n y comodidad con un dise\u00f1o elegante y sencillo para ayudar a mantenerse fresco y evitar que se empa\u00f1e en condiciones de competici\u00f3n extremas. La <a href=\"https:\/\/zamphelmets.co\/es\/producto\/rz-59-negro-mate\/#description\">RZ-59<\/a> ofrece un gran ajuste, un acabado de alto nivel y el precio m\u00e1s competitivo del sector.<\/p>\n<div class=\"klaviyo-form-XFWwrK\"><\/div>\n<div><\/div>\n<p>&nbsp;<\/p>\n<p><em>Para participar, s\u00f3lo tienes que rellenar el formulario de arriba y estar atento a tu correo electr\u00f3nico para saber si has sido el afortunado ganador. El ganador se anunciar\u00e1 el 22 de febrero de 2022.<img decoding=\"async\" class=\"wp-image-4723 aligncenter lazyload\" data-src=\"https:\/\/zamphelmets.co\/wp-content\/uploads\/sites\/3\/2021\/11\/IMG_3354-300x294.jpg\" alt=\"\" width=\"400\" height=\"392\" data-srcset=\"https:\/\/zamphelmets.co\/wp-content\/uploads\/2021\/11\/IMG_3354-300x294.jpg 300w, https:\/\/zamphelmets.co\/wp-content\/uploads\/2021\/11\/IMG_3354-1024x1005.jpg 1024w, https:\/\/zamphelmets.co\/wp-content\/uploads\/2021\/11\/IMG_3354-768x754.jpg 768w, https:\/\/zamphelmets.co\/wp-content\/uploads\/2021\/11\/IMG_3354-600x589.jpg 600w, https:\/\/zamphelmets.co\/wp-content\/uploads\/2021\/11\/IMG_3354.jpg 1242w\" data-sizes=\"(max-width: 400px) 100vw, 400px\" src=\"data:image\/svg+xml;base64,PHN2ZyB3aWR0aD0iMSIgaGVpZ2h0PSIxIiB4bWxucz0iaHR0cDovL3d3dy53My5vcmcvMjAwMC9zdmciPjwvc3ZnPg==\" style=\"--smush-placeholder-width: 400px; --smush-placeholder-aspect-ratio: 400\/392;\" \/><\/em><\/p>\n","protected":false},"excerpt":{"rendered":"<p>\u00a1Nos hemos asociado con Sam Callahan Motorsport para darte la oportunidad de ganar un Casco RZ-59 Negro Mate! El Zamp RZ-59 Negro Mate combina la \u00faltima tecnolog\u00eda en cascos Snell SA2020 con un dise\u00f1o de calidad para ofrecer el casco con la mejor relaci\u00f3n calidad-precio del mercado. Este modelo proporciona una gran ventilaci\u00f3n y comodidad [&hellip;]<\/p>\n","protected":false},"author":2,"featured_media":28312,"parent":0,"menu_order":0,"comment_status":"closed","ping_status":"closed","template":"","meta":{"_acf_changed":false,"footnotes":""},"class_list":["post-28311","page","type-page","status-publish","has-post-thumbnail","hentry"],"acf":[],"yoast_head":"<!-- This site is optimized with the Yoast SEO plugin v27.0 - https:\/\/yoast.com\/product\/yoast-seo-wordpress\/ -->\n<title>\u00a1GANA un Casco RZ-59 Negro Mate! - Zamp Helmets | Helmet 28 EU<\/title>\n<meta name=\"description\" content=\"Nos hemos asociado con Sam Callahan Racing para darte la oportunidad de ganar un Casco RZ-59 Negro Mate valorado en m\u00e1s de 200 \u00a3.\" \/>\n<meta name=\"robots\" content=\"index, follow, max-snippet:-1, max-image-preview:large, max-video-preview:-1\" \/>\n<link rel=\"canonical\" href=\"https:\/\/zamphelmets.co\/es\/gana-un-casco-rz-59-negro-mate\/\" \/>\n<meta property=\"og:locale\" content=\"es_ES\" \/>\n<meta property=\"og:type\" content=\"article\" \/>\n<meta property=\"og:title\" content=\"\u00a1GANA un Casco RZ-59 Negro Mate! - Zamp Helmets | Helmet 28 EU\" \/>\n<meta property=\"og:description\" content=\"Nos hemos asociado con Sam Callahan Racing para darte la oportunidad de ganar un Casco RZ-59 Negro Mate valorado en m\u00e1s de 200 \u00a3.\" \/>\n<meta property=\"og:url\" content=\"https:\/\/zamphelmets.co\/es\/gana-un-casco-rz-59-negro-mate\/\" \/>\n<meta property=\"og:site_name\" content=\"Zamp Helmets | Helmet 28 EU\" \/>\n<meta property=\"og:image\" content=\"https:\/\/zamphelmets.co\/wp-content\/uploads\/2021\/11\/H77203F.jpg\" \/>\n\t<meta property=\"og:image:width\" content=\"1500\" \/>\n\t<meta property=\"og:image:height\" content=\"1500\" \/>\n\t<meta property=\"og:image:type\" content=\"image\/jpeg\" \/>\n<meta name=\"twitter:card\" content=\"summary_large_image\" \/>\n<meta name=\"twitter:label1\" content=\"Est. reading time\" \/>\n\t<meta name=\"twitter:data1\" content=\"1 minuto\" \/>\n<script type=\"application\/ld+json\" class=\"yoast-schema-graph\">{\"@context\":\"https:\/\/schema.org\",\"@graph\":[{\"@type\":\"WebPage\",\"@id\":\"https:\/\/zamphelmets.co\/es\/gana-un-casco-rz-59-negro-mate\/\",\"url\":\"https:\/\/zamphelmets.co\/es\/gana-un-casco-rz-59-negro-mate\/\",\"name\":\"\u00a1GANA un Casco RZ-59 Negro Mate! - Zamp Helmets | Helmet 28 EU\",\"isPartOf\":{\"@id\":\"https:\/\/zamphelmets.co\/es\/#website\"},\"primaryImageOfPage\":{\"@id\":\"https:\/\/zamphelmets.co\/es\/gana-un-casco-rz-59-negro-mate\/#primaryimage\"},\"image\":{\"@id\":\"https:\/\/zamphelmets.co\/es\/gana-un-casco-rz-59-negro-mate\/#primaryimage\"},\"thumbnailUrl\":\"https:\/\/zamphelmets.co\/wp-content\/uploads\/2021\/11\/H77203F.jpg\",\"datePublished\":\"2022-01-20T09:43:59+00:00\",\"description\":\"Nos hemos asociado con Sam Callahan Racing para darte la oportunidad de ganar un Casco RZ-59 Negro Mate valorado en m\u00e1s de 200 \u00a3.\",\"inLanguage\":\"es\",\"potentialAction\":[{\"@type\":\"ReadAction\",\"target\":[\"https:\/\/zamphelmets.co\/es\/gana-un-casco-rz-59-negro-mate\/\"]}]},{\"@type\":\"ImageObject\",\"inLanguage\":\"es\",\"@id\":\"https:\/\/zamphelmets.co\/es\/gana-un-casco-rz-59-negro-mate\/#primaryimage\",\"url\":\"https:\/\/zamphelmets.co\/wp-content\/uploads\/2021\/11\/H77203F.jpg\",\"contentUrl\":\"https:\/\/zamphelmets.co\/wp-content\/uploads\/2021\/11\/H77203F.jpg\",\"width\":1500,\"height\":1500},{\"@type\":\"WebSite\",\"@id\":\"https:\/\/zamphelmets.co\/es\/#website\",\"url\":\"https:\/\/zamphelmets.co\/es\/\",\"name\":\"Zamp Helmets | Helmet 28 EU\",\"description\":\"High Quality Motorsport Helmets\",\"potentialAction\":[{\"@type\":\"SearchAction\",\"target\":{\"@type\":\"EntryPoint\",\"urlTemplate\":\"https:\/\/zamphelmets.co\/es\/?s={search_term_string}\"},\"query-input\":{\"@type\":\"PropertyValueSpecification\",\"valueRequired\":true,\"valueName\":\"search_term_string\"}}],\"inLanguage\":\"es\"}]}<\/script>\n<!-- \/ Yoast SEO plugin. -->","yoast_head_json":{"title":"\u00a1GANA un Casco RZ-59 Negro Mate! - Zamp Helmets | Helmet 28 EU","description":"Nos hemos asociado con Sam Callahan Racing para darte la oportunidad de ganar un Casco RZ-59 Negro Mate valorado en m\u00e1s de 200 \u00a3.","robots":{"index":"index","follow":"follow","max-snippet":"max-snippet:-1","max-image-preview":"max-image-preview:large","max-video-preview":"max-video-preview:-1"},"canonical":"https:\/\/zamphelmets.co\/es\/gana-un-casco-rz-59-negro-mate\/","og_locale":"es_ES","og_type":"article","og_title":"\u00a1GANA un Casco RZ-59 Negro Mate! - Zamp Helmets | Helmet 28 EU","og_description":"Nos hemos asociado con Sam Callahan Racing para darte la oportunidad de ganar un Casco RZ-59 Negro Mate valorado en m\u00e1s de 200 \u00a3.","og_url":"https:\/\/zamphelmets.co\/es\/gana-un-casco-rz-59-negro-mate\/","og_site_name":"Zamp Helmets | Helmet 28 EU","og_image":[{"width":1500,"height":1500,"url":"https:\/\/zamphelmets.co\/wp-content\/uploads\/2021\/11\/H77203F.jpg","type":"image\/jpeg"}],"twitter_card":"summary_large_image","twitter_misc":{"Est. reading time":"1 minuto"},"schema":{"@context":"https:\/\/schema.org","@graph":[{"@type":"WebPage","@id":"https:\/\/zamphelmets.co\/es\/gana-un-casco-rz-59-negro-mate\/","url":"https:\/\/zamphelmets.co\/es\/gana-un-casco-rz-59-negro-mate\/","name":"\u00a1GANA un Casco RZ-59 Negro Mate! - Zamp Helmets | Helmet 28 EU","isPartOf":{"@id":"https:\/\/zamphelmets.co\/es\/#website"},"primaryImageOfPage":{"@id":"https:\/\/zamphelmets.co\/es\/gana-un-casco-rz-59-negro-mate\/#primaryimage"},"image":{"@id":"https:\/\/zamphelmets.co\/es\/gana-un-casco-rz-59-negro-mate\/#primaryimage"},"thumbnailUrl":"https:\/\/zamphelmets.co\/wp-content\/uploads\/2021\/11\/H77203F.jpg","datePublished":"2022-01-20T09:43:59+00:00","description":"Nos hemos asociado con Sam Callahan Racing para darte la oportunidad de ganar un Casco RZ-59 Negro Mate valorado en m\u00e1s de 200 \u00a3.","inLanguage":"es","potentialAction":[{"@type":"ReadAction","target":["https:\/\/zamphelmets.co\/es\/gana-un-casco-rz-59-negro-mate\/"]}]},{"@type":"ImageObject","inLanguage":"es","@id":"https:\/\/zamphelmets.co\/es\/gana-un-casco-rz-59-negro-mate\/#primaryimage","url":"https:\/\/zamphelmets.co\/wp-content\/uploads\/2021\/11\/H77203F.jpg","contentUrl":"https:\/\/zamphelmets.co\/wp-content\/uploads\/2021\/11\/H77203F.jpg","width":1500,"height":1500},{"@type":"WebSite","@id":"https:\/\/zamphelmets.co\/es\/#website","url":"https:\/\/zamphelmets.co\/es\/","name":"Zamp Helmets | Helmet 28 EU","description":"High Quality Motorsport Helmets","potentialAction":[{"@type":"SearchAction","target":{"@type":"EntryPoint","urlTemplate":"https:\/\/zamphelmets.co\/es\/?s={search_term_string}"},"query-input":{"@type":"PropertyValueSpecification","valueRequired":true,"valueName":"search_term_string"}}],"inLanguage":"es"}]}},"_links":{"self":[{"href":"https:\/\/zamphelmets.co\/es\/wp-json\/wp\/v2\/pages\/28311","targetHints":{"allow":["GET"]}}],"collection":[{"href":"https:\/\/zamphelmets.co\/es\/wp-json\/wp\/v2\/pages"}],"about":[{"href":"https:\/\/zamphelmets.co\/es\/wp-json\/wp\/v2\/types\/page"}],"author":[{"embeddable":true,"href":"https:\/\/zamphelmets.co\/es\/wp-json\/wp\/v2\/users\/2"}],"replies":[{"embeddable":true,"href":"https:\/\/zamphelmets.co\/es\/wp-json\/wp\/v2\/comments?post=28311"}],"version-history":[{"count":0,"href":"https:\/\/zamphelmets.co\/es\/wp-json\/wp\/v2\/pages\/28311\/revisions"}],"wp:featuredmedia":[{"embeddable":true,"href":"https:\/\/zamphelmets.co\/es\/wp-json\/wp\/v2\/media\/28312"}],"wp:attachment":[{"href":"https:\/\/zamphelmets.co\/es\/wp-json\/wp\/v2\/media?parent=28311"}],"curies":[{"name":"wp","href":"https:\/\/api.w.org\/{rel}","templated":true}]}}