{"id":26543,"date":"2020-02-06T11:37:14","date_gmt":"2020-02-06T11:37:14","guid":{"rendered":"https:\/\/zamphelmets.co\/postes-hans-dispositivos-hans-y-fhr\/"},"modified":"2026-02-16T15:02:10","modified_gmt":"2026-02-16T15:02:10","slug":"postes-hans-dispositivos-hans-y-fhr","status":"publish","type":"page","link":"https:\/\/zamphelmets.co\/es\/postes-hans-dispositivos-hans-y-fhr\/","title":{"rendered":"Postes HANS, Dispositivos HANS y FHR"},"content":{"rendered":"<h2><strong>Qu\u00e9 son los postes Hans, los dispositivos HANS y FHR<\/strong><\/h2>\n<ol>\n<li>Un FHR es un <strong>Reposacabezas Frontal<\/strong>: es el t\u00e9rmino general para lo que suele llamarse dispositivo HANS.<\/li>\n<li>En realidad, HANS es un nombre de marca registrada -acr\u00f3nimo de <strong>Head and Neck Support (Soporte de Cabeza y Cuello <\/strong>)- que s\u00f3lo pueden utilizar determinados fabricantes. Es el t\u00e9rmino m\u00e1s com\u00fan para estos dispositivos.<\/li>\n<li>Postes HANS: son los postes\/tornillos que se fijan a tu casco, a trav\u00e9s de algo llamado terminal m6, para permitir la fijaci\u00f3n segura del Dispositivo.<\/li>\n<\/ol>\n<h2>\u00bfQu\u00e9 hace un dispositivo HANS?<\/h2>\n<p>Los dispositivos HANS y FHR est\u00e1n dise\u00f1ados para sujetar la cabeza del conductor -en comparaci\u00f3n con el cuerpo- durante un choque frontal y frontal en \u00e1ngulo. Debido a la restricci\u00f3n de la cabeza, el impacto en el cuello se reduce considerablemente, con lo que disminuye el riesgo de lesiones.<\/p>\n<p>Todos los cascos Zamp enumerados aqu\u00ed vienen con el terminal M6 pretaladrado. De modo que si necesitas utilizar un dispositivo HANS, est\u00e1s preparado para hacerlo; s\u00f3lo tardar\u00e1s un par de minutos en colocar tus postes HANS. Puedes adquirir un juego de <a href=\"https:\/\/zamphelmets.co\/es\/producto\/puesto-hans\/\">postes HANS aqu\u00ed<\/a>.<\/p>\n<p><img decoding=\"async\" class=\"alignnone wp-image-333 size-medium lazyload\" data-src=\"https:\/\/zamphelmets.co\/wp-content\/uploads\/2019\/11\/sim_ak1131-12s-1-300x300.jpg\" alt=\"silver hans posts\" width=\"300\" height=\"300\" data-srcset=\"https:\/\/zamphelmets.co\/wp-content\/uploads\/2019\/11\/sim_ak1131-12s-1-300x300.jpg 300w, https:\/\/zamphelmets.co\/wp-content\/uploads\/2019\/11\/sim_ak1131-12s-1-100x100.jpg 100w, https:\/\/zamphelmets.co\/wp-content\/uploads\/2019\/11\/sim_ak1131-12s-1-150x150.jpg 150w, https:\/\/zamphelmets.co\/wp-content\/uploads\/2019\/11\/sim_ak1131-12s-1.jpg 560w\" data-sizes=\"(max-width: 300px) 100vw, 300px\" src=\"data:image\/svg+xml;base64,PHN2ZyB3aWR0aD0iMSIgaGVpZ2h0PSIxIiB4bWxucz0iaHR0cDovL3d3dy53My5vcmcvMjAwMC9zdmciPjwvc3ZnPg==\" style=\"--smush-placeholder-width: 300px; --smush-placeholder-aspect-ratio: 300\/300;\" \/><\/p>\n<p>Todos los cascos de adulto de la gama Zamp son compatibles con los postes HANS, cada casco est\u00e1 pretaladrado con el terminal M6 que permite la f\u00e1cil colocaci\u00f3n de los postes HANS.<\/p>\n<div class=\"container\">\n<div id=\"content\" class=\"site-content\">\n<div id=\"primary\" class=\"content-area\">\n<p>&nbsp;<\/p>\n<div id=\"product-308\" class=\"product type-product post-308 status-publish first instock product_cat-accessories product_cat-helmet-accessories product_cat-other product_cat-zamp has-post-thumbnail taxable shipping-taxable purchasable product-type-simple\">\n<div class=\"woocommerce-tabs wc-tabs-wrapper\">\n<div id=\"tab-description\" class=\"woocommerce-Tabs-panel woocommerce-Tabs-panel--description panel entry-content wc-tab\" role=\"tabpanel\" aria-labelledby=\"tab-title-description\">\n<p>Para m\u00e1s informaci\u00f3n sobre los dispositivos HANS\/FHR y qui\u00e9n los necesita, <a href=\"https:\/\/www.motorsportuk.org\/assets\/fhrguidance.pdf\">sigue este enlace<\/a> para saber m\u00e1s sobre <a href=\"https:\/\/zamphelmets.co\/es\/producto\/puesto-hans\/#description\">los HANS<\/a> y c\u00f3mo instalarlos.<\/p>\n<\/div>\n<\/div>\n<\/div>\n<\/div>\n<\/div>\n<\/div>\n","protected":false},"excerpt":{"rendered":"<p>Qu\u00e9 son los postes Hans, los dispositivos HANS y FHR Un FHR es un Reposacabezas Frontal: es el t\u00e9rmino general para lo que suele llamarse dispositivo HANS. En realidad, HANS es un nombre de marca registrada -acr\u00f3nimo de Head and Neck Support (Soporte de Cabeza y Cuello )- que s\u00f3lo pueden utilizar determinados fabricantes. Es [&hellip;]<\/p>\n","protected":false},"author":2,"featured_media":0,"parent":0,"menu_order":0,"comment_status":"closed","ping_status":"closed","template":"templates\/fullwidth.php","meta":{"_acf_changed":false,"footnotes":""},"class_list":["post-26543","page","type-page","status-publish","hentry"],"acf":[],"yoast_head":"<!-- This site is optimized with the Yoast SEO plugin v27.0 - https:\/\/yoast.com\/product\/yoast-seo-wordpress\/ -->\n<title>Postes HANS, Dispositivos HANS y FHR explicada - Zamp Helmets | Helmet 28 EU<\/title>\n<meta name=\"description\" content=\"\u00bfQu\u00e9 son los postes HANS y los dispositivos HANS y qui\u00e9n necesita utilizarlos? Este art\u00edculo te explicar\u00e1 todo lo que necesitas saber sobre los postes HANS.\" \/>\n<meta name=\"robots\" content=\"index, follow, max-snippet:-1, max-image-preview:large, max-video-preview:-1\" \/>\n<link rel=\"canonical\" href=\"https:\/\/zamphelmets.co\/es\/postes-hans-dispositivos-hans-y-fhr\/\" \/>\n<meta property=\"og:locale\" content=\"es_ES\" \/>\n<meta property=\"og:type\" content=\"article\" \/>\n<meta property=\"og:title\" content=\"Postes HANS, Dispositivos HANS y FHR explicada - Zamp Helmets | Helmet 28 EU\" \/>\n<meta property=\"og:description\" content=\"\u00bfQu\u00e9 son los postes HANS y los dispositivos HANS y qui\u00e9n necesita utilizarlos? Este art\u00edculo te explicar\u00e1 todo lo que necesitas saber sobre los postes HANS.\" \/>\n<meta property=\"og:url\" content=\"https:\/\/zamphelmets.co\/es\/postes-hans-dispositivos-hans-y-fhr\/\" \/>\n<meta property=\"og:site_name\" content=\"Zamp Helmets | Helmet 28 EU\" \/>\n<meta property=\"article:modified_time\" content=\"2026-02-16T15:02:10+00:00\" \/>\n<meta property=\"og:image\" content=\"https:\/\/zamphelmets.co\/wp-content\/uploads\/2019\/11\/sim_ak1131-12s-1.jpg\" \/>\n\t<meta property=\"og:image:width\" content=\"560\" \/>\n\t<meta property=\"og:image:height\" content=\"560\" \/>\n\t<meta property=\"og:image:type\" content=\"image\/jpeg\" \/>\n<meta name=\"twitter:card\" content=\"summary_large_image\" \/>\n<meta name=\"twitter:label1\" content=\"Est. reading time\" \/>\n\t<meta name=\"twitter:data1\" content=\"1 minuto\" \/>\n<script type=\"application\/ld+json\" class=\"yoast-schema-graph\">{\"@context\":\"https:\/\/schema.org\",\"@graph\":[{\"@type\":\"WebPage\",\"@id\":\"https:\/\/zamphelmets.co\/es\/postes-hans-dispositivos-hans-y-fhr\/\",\"url\":\"https:\/\/zamphelmets.co\/es\/postes-hans-dispositivos-hans-y-fhr\/\",\"name\":\"Postes HANS, Dispositivos HANS y FHR explicada - Zamp Helmets | Helmet 28 EU\",\"isPartOf\":{\"@id\":\"https:\/\/zamphelmets.co\/es\/#website\"},\"primaryImageOfPage\":{\"@id\":\"https:\/\/zamphelmets.co\/es\/postes-hans-dispositivos-hans-y-fhr\/#primaryimage\"},\"image\":{\"@id\":\"https:\/\/zamphelmets.co\/es\/postes-hans-dispositivos-hans-y-fhr\/#primaryimage\"},\"thumbnailUrl\":\"https:\/\/zamphelmets.co\/wp-content\/uploads\/2019\/11\/sim_ak1131-12s-1-300x300.jpg\",\"datePublished\":\"2020-02-06T11:37:14+00:00\",\"dateModified\":\"2026-02-16T15:02:10+00:00\",\"description\":\"\u00bfQu\u00e9 son los postes HANS y los dispositivos HANS y qui\u00e9n necesita utilizarlos? Este art\u00edculo te explicar\u00e1 todo lo que necesitas saber sobre los postes HANS.\",\"inLanguage\":\"es\",\"potentialAction\":[{\"@type\":\"ReadAction\",\"target\":[\"https:\/\/zamphelmets.co\/es\/postes-hans-dispositivos-hans-y-fhr\/\"]}]},{\"@type\":\"ImageObject\",\"inLanguage\":\"es\",\"@id\":\"https:\/\/zamphelmets.co\/es\/postes-hans-dispositivos-hans-y-fhr\/#primaryimage\",\"url\":\"https:\/\/zamphelmets.co\/wp-content\/uploads\/2019\/11\/sim_ak1131-12s-1-300x300.jpg\",\"contentUrl\":\"https:\/\/zamphelmets.co\/wp-content\/uploads\/2019\/11\/sim_ak1131-12s-1-300x300.jpg\"},{\"@type\":\"WebSite\",\"@id\":\"https:\/\/zamphelmets.co\/es\/#website\",\"url\":\"https:\/\/zamphelmets.co\/es\/\",\"name\":\"Zamp Helmets | Helmet 28 EU\",\"description\":\"High Quality Motorsport Helmets\",\"potentialAction\":[{\"@type\":\"SearchAction\",\"target\":{\"@type\":\"EntryPoint\",\"urlTemplate\":\"https:\/\/zamphelmets.co\/es\/?s={search_term_string}\"},\"query-input\":{\"@type\":\"PropertyValueSpecification\",\"valueRequired\":true,\"valueName\":\"search_term_string\"}}],\"inLanguage\":\"es\"}]}<\/script>\n<!-- \/ Yoast SEO plugin. -->","yoast_head_json":{"title":"Postes HANS, Dispositivos HANS y FHR explicada - Zamp Helmets | Helmet 28 EU","description":"\u00bfQu\u00e9 son los postes HANS y los dispositivos HANS y qui\u00e9n necesita utilizarlos? Este art\u00edculo te explicar\u00e1 todo lo que necesitas saber sobre los postes HANS.","robots":{"index":"index","follow":"follow","max-snippet":"max-snippet:-1","max-image-preview":"max-image-preview:large","max-video-preview":"max-video-preview:-1"},"canonical":"https:\/\/zamphelmets.co\/es\/postes-hans-dispositivos-hans-y-fhr\/","og_locale":"es_ES","og_type":"article","og_title":"Postes HANS, Dispositivos HANS y FHR explicada - Zamp Helmets | Helmet 28 EU","og_description":"\u00bfQu\u00e9 son los postes HANS y los dispositivos HANS y qui\u00e9n necesita utilizarlos? Este art\u00edculo te explicar\u00e1 todo lo que necesitas saber sobre los postes HANS.","og_url":"https:\/\/zamphelmets.co\/es\/postes-hans-dispositivos-hans-y-fhr\/","og_site_name":"Zamp Helmets | Helmet 28 EU","article_modified_time":"2026-02-16T15:02:10+00:00","og_image":[{"width":560,"height":560,"url":"https:\/\/zamphelmets.co\/wp-content\/uploads\/2019\/11\/sim_ak1131-12s-1.jpg","type":"image\/jpeg"}],"twitter_card":"summary_large_image","twitter_misc":{"Est. reading time":"1 minuto"},"schema":{"@context":"https:\/\/schema.org","@graph":[{"@type":"WebPage","@id":"https:\/\/zamphelmets.co\/es\/postes-hans-dispositivos-hans-y-fhr\/","url":"https:\/\/zamphelmets.co\/es\/postes-hans-dispositivos-hans-y-fhr\/","name":"Postes HANS, Dispositivos HANS y FHR explicada - Zamp Helmets | Helmet 28 EU","isPartOf":{"@id":"https:\/\/zamphelmets.co\/es\/#website"},"primaryImageOfPage":{"@id":"https:\/\/zamphelmets.co\/es\/postes-hans-dispositivos-hans-y-fhr\/#primaryimage"},"image":{"@id":"https:\/\/zamphelmets.co\/es\/postes-hans-dispositivos-hans-y-fhr\/#primaryimage"},"thumbnailUrl":"https:\/\/zamphelmets.co\/wp-content\/uploads\/2019\/11\/sim_ak1131-12s-1-300x300.jpg","datePublished":"2020-02-06T11:37:14+00:00","dateModified":"2026-02-16T15:02:10+00:00","description":"\u00bfQu\u00e9 son los postes HANS y los dispositivos HANS y qui\u00e9n necesita utilizarlos? Este art\u00edculo te explicar\u00e1 todo lo que necesitas saber sobre los postes HANS.","inLanguage":"es","potentialAction":[{"@type":"ReadAction","target":["https:\/\/zamphelmets.co\/es\/postes-hans-dispositivos-hans-y-fhr\/"]}]},{"@type":"ImageObject","inLanguage":"es","@id":"https:\/\/zamphelmets.co\/es\/postes-hans-dispositivos-hans-y-fhr\/#primaryimage","url":"https:\/\/zamphelmets.co\/wp-content\/uploads\/2019\/11\/sim_ak1131-12s-1-300x300.jpg","contentUrl":"https:\/\/zamphelmets.co\/wp-content\/uploads\/2019\/11\/sim_ak1131-12s-1-300x300.jpg"},{"@type":"WebSite","@id":"https:\/\/zamphelmets.co\/es\/#website","url":"https:\/\/zamphelmets.co\/es\/","name":"Zamp Helmets | Helmet 28 EU","description":"High Quality Motorsport Helmets","potentialAction":[{"@type":"SearchAction","target":{"@type":"EntryPoint","urlTemplate":"https:\/\/zamphelmets.co\/es\/?s={search_term_string}"},"query-input":{"@type":"PropertyValueSpecification","valueRequired":true,"valueName":"search_term_string"}}],"inLanguage":"es"}]}},"_links":{"self":[{"href":"https:\/\/zamphelmets.co\/es\/wp-json\/wp\/v2\/pages\/26543","targetHints":{"allow":["GET"]}}],"collection":[{"href":"https:\/\/zamphelmets.co\/es\/wp-json\/wp\/v2\/pages"}],"about":[{"href":"https:\/\/zamphelmets.co\/es\/wp-json\/wp\/v2\/types\/page"}],"author":[{"embeddable":true,"href":"https:\/\/zamphelmets.co\/es\/wp-json\/wp\/v2\/users\/2"}],"replies":[{"embeddable":true,"href":"https:\/\/zamphelmets.co\/es\/wp-json\/wp\/v2\/comments?post=26543"}],"version-history":[{"count":1,"href":"https:\/\/zamphelmets.co\/es\/wp-json\/wp\/v2\/pages\/26543\/revisions"}],"predecessor-version":[{"id":203520,"href":"https:\/\/zamphelmets.co\/es\/wp-json\/wp\/v2\/pages\/26543\/revisions\/203520"}],"wp:attachment":[{"href":"https:\/\/zamphelmets.co\/es\/wp-json\/wp\/v2\/media?parent=26543"}],"curies":[{"name":"wp","href":"https:\/\/api.w.org\/{rel}","templated":true}]}}