{"id":26150,"date":"2024-05-31T11:47:23","date_gmt":"2024-05-31T11:47:23","guid":{"rendered":"https:\/\/zamphelmets.co\/product\/sparco-rush-kart-handschuhe-blau-schwarz\/"},"modified":"2024-11-06T16:15:24","modified_gmt":"2024-11-06T16:15:24","slug":"sparco-rush-kart-handschuhe-blau-schwarz","status":"publish","type":"product","link":"https:\/\/zamphelmets.co\/de\/produkt\/sparco-rush-kart-handschuhe-blau-schwarz\/","title":{"rendered":"Sparco Rush Kart Handschuhe Blau\/Schwarz"},"content":{"rendered":"<p>Der Sparco Rush ist ein Karthandschuh der Einstiegsklasse, der \u00fcber Funktionen verf\u00fcgt, die normalerweise nur in h\u00f6herpreisigen Alternativen zu finden sind. Diese Eigenschaften machen ihn zu einem ausgezeichneten Preis-Leistungs-Verh\u00e4ltnis und geeignet f\u00fcr Karting auf allen Ebenen.<\/p>\n<ul>\n<li>Vorgekr\u00fcmmtes Design reduziert das Verklemmen des Materials beim Greifen des Rades<\/li>\n<li>Der Silikonaufdruck auf der Handfl\u00e4che und den Fingern bietet ein hohes Ma\u00df an Griffigkeit<\/li>\n<li>Abriebfeste Au\u00dfenseite mit Handfl\u00e4che aus Kunstleder zum Schutz Ihrer H\u00e4nde<\/li>\n<li>Gummizug am Handgelenk mit Silikon-Zugb\u00e4ndern f\u00fcr einfachen Einstieg und sicheren Sitz<\/li>\n<\/ul>\n<p><img decoding=\"async\" class=\"alignnone wp-image-10061 lazyload\" data-src=\"https:\/\/zamphelmets.co\/wp-content\/uploads\/2024\/05\/sparco-racekartwear-gloves-combined-nov23-159x300.webp\" alt=\"\" width=\"440\" height=\"830\" data-srcset=\"https:\/\/zamphelmets.co\/wp-content\/uploads\/2024\/05\/sparco-racekartwear-gloves-combined-nov23-159x300.webp 159w, https:\/\/zamphelmets.co\/wp-content\/uploads\/2024\/05\/sparco-racekartwear-gloves-combined-nov23-543x1024.webp 543w, https:\/\/zamphelmets.co\/wp-content\/uploads\/2024\/05\/sparco-racekartwear-gloves-combined-nov23-768x1449.webp 768w, https:\/\/zamphelmets.co\/wp-content\/uploads\/2024\/05\/sparco-racekartwear-gloves-combined-nov23-814x1536.webp 814w, https:\/\/zamphelmets.co\/wp-content\/uploads\/2024\/05\/sparco-racekartwear-gloves-combined-nov23-1085x2048.webp 1085w, https:\/\/zamphelmets.co\/wp-content\/uploads\/2024\/05\/sparco-racekartwear-gloves-combined-nov23-600x1132.webp 600w, https:\/\/zamphelmets.co\/wp-content\/uploads\/2024\/05\/sparco-racekartwear-gloves-combined-nov23-scaled.webp 1357w\" data-sizes=\"(max-width: 440px) 100vw, 440px\" src=\"data:image\/svg+xml;base64,PHN2ZyB3aWR0aD0iMSIgaGVpZ2h0PSIxIiB4bWxucz0iaHR0cDovL3d3dy53My5vcmcvMjAwMC9zdmciPjwvc3ZnPg==\" style=\"--smush-placeholder-width: 440px; --smush-placeholder-aspect-ratio: 440\/830;\" \/><\/p>\n","protected":false},"excerpt":{"rendered":"<p>Der Sparco Rush ist ein Karthandschuh der Einstiegsklasse, der \u00fcber Funktionen verf\u00fcgt, die normalerweise nur in h\u00f6herpreisigen Alternativen zu finden sind. Diese Eigenschaften machen ihn zu einem ausgezeichneten Preis-Leistungs-Verh\u00e4ltnis und geeignet f\u00fcr Karting auf allen Ebenen. Vorgekr\u00fcmmtes Design reduziert das Verklemmen des Materials beim Greifen des Rades Der Silikonaufdruck auf der Handfl\u00e4che und den Fingern [&hellip;]<\/p>\n","protected":false},"featured_media":21845,"comment_status":"open","ping_status":"closed","template":"","meta":{"_acf_changed":false,"_iconic_wsb_product_page_order_bump_ids":[[]],"_sku":["SKW002556BXBM"],"_iconic_wsb_product_page_bump_modal_ids":[[]]},"product_brand":[],"product_cat":[173,172],"product_tag":[],"class_list":{"0":"post-26150","1":"product","2":"type-product","3":"status-publish","4":"has-post-thumbnail","6":"product_cat-handschuhe","7":"product_cat-schutz-kleidung","9":"first","10":"outofstock","11":"taxable","12":"shipping-taxable","13":"purchasable","14":"product-type-variable"},"acf":[],"yoast_head":"<!-- This site is optimized with the Yoast SEO plugin v27.0 - https:\/\/yoast.com\/product\/yoast-seo-wordpress\/ -->\n<title>Sparco Rush Kart Handschuhe Blau\/Schwarz - Zamp Helmets | Helmet 28 EU<\/title>\n<meta name=\"description\" content=\"Der Sparco Rush ist ein Karthandschuh der Einstiegsklasse, der die Funktionen h\u00f6herpreisiger Alternativen enth\u00e4lt. Ausgezeichnetes Preis-Leistungs-Verh\u00e4ltnis und geeignet f\u00fcr Karting auf allen Ebenen.\" \/>\n<meta name=\"robots\" content=\"index, follow, max-snippet:-1, max-image-preview:large, max-video-preview:-1\" \/>\n<link rel=\"canonical\" href=\"https:\/\/zamphelmets.co\/de\/produkt\/sparco-rush-kart-handschuhe-blau-schwarz\/\" \/>\n<meta property=\"og:locale\" content=\"de_DE\" \/>\n<meta property=\"og:type\" content=\"article\" \/>\n<meta property=\"og:title\" content=\"Sparco Rush Kart Handschuhe Blau\/Schwarz - Zamp Helmets | Helmet 28 EU\" \/>\n<meta property=\"og:description\" content=\"Der Sparco Rush ist ein Karthandschuh der Einstiegsklasse, der die Funktionen h\u00f6herpreisiger Alternativen enth\u00e4lt. Ausgezeichnetes Preis-Leistungs-Verh\u00e4ltnis und geeignet f\u00fcr Karting auf allen Ebenen.\" \/>\n<meta property=\"og:url\" content=\"https:\/\/zamphelmets.co\/de\/produkt\/sparco-rush-kart-handschuhe-blau-schwarz\/\" \/>\n<meta property=\"og:site_name\" content=\"Zamp Helmets | Helmet 28 EU\" \/>\n<meta property=\"article:modified_time\" content=\"2024-11-06T16:15:24+00:00\" \/>\n<meta property=\"og:image\" content=\"https:\/\/zamphelmets.co\/wp-content\/uploads\/2024\/05\/blu20black.png\" \/>\n\t<meta property=\"og:image:width\" content=\"870\" \/>\n\t<meta property=\"og:image:height\" content=\"1000\" \/>\n\t<meta property=\"og:image:type\" content=\"image\/png\" \/>\n<meta name=\"twitter:card\" content=\"summary_large_image\" \/>\n<script type=\"application\/ld+json\" class=\"yoast-schema-graph\">{\"@context\":\"https:\/\/schema.org\",\"@graph\":[{\"@type\":\"WebPage\",\"@id\":\"https:\/\/zamphelmets.co\/de\/produkt\/sparco-rush-kart-handschuhe-blau-schwarz\/\",\"url\":\"https:\/\/zamphelmets.co\/de\/produkt\/sparco-rush-kart-handschuhe-blau-schwarz\/\",\"name\":\"Sparco Rush Kart Handschuhe Blau\/Schwarz - Zamp Helmets | Helmet 28 EU\",\"isPartOf\":{\"@id\":\"https:\/\/zamphelmets.co\/de\/#website\"},\"primaryImageOfPage\":{\"@id\":\"https:\/\/zamphelmets.co\/de\/produkt\/sparco-rush-kart-handschuhe-blau-schwarz\/#primaryimage\"},\"image\":{\"@id\":\"https:\/\/zamphelmets.co\/de\/produkt\/sparco-rush-kart-handschuhe-blau-schwarz\/#primaryimage\"},\"thumbnailUrl\":\"https:\/\/zamphelmets.co\/wp-content\/uploads\/2024\/05\/blu20black.png\",\"datePublished\":\"2024-05-31T11:47:23+00:00\",\"dateModified\":\"2024-11-06T16:15:24+00:00\",\"description\":\"Der Sparco Rush ist ein Karthandschuh der Einstiegsklasse, der die Funktionen h\u00f6herpreisiger Alternativen enth\u00e4lt. Ausgezeichnetes Preis-Leistungs-Verh\u00e4ltnis und geeignet f\u00fcr Karting auf allen Ebenen.\",\"breadcrumb\":{\"@id\":\"https:\/\/zamphelmets.co\/de\/produkt\/sparco-rush-kart-handschuhe-blau-schwarz\/#breadcrumb\"},\"inLanguage\":\"de-DE\",\"potentialAction\":[{\"@type\":\"ReadAction\",\"target\":[\"https:\/\/zamphelmets.co\/de\/produkt\/sparco-rush-kart-handschuhe-blau-schwarz\/\"]}]},{\"@type\":\"ImageObject\",\"inLanguage\":\"de-DE\",\"@id\":\"https:\/\/zamphelmets.co\/de\/produkt\/sparco-rush-kart-handschuhe-blau-schwarz\/#primaryimage\",\"url\":\"https:\/\/zamphelmets.co\/wp-content\/uploads\/2024\/05\/blu20black.png\",\"contentUrl\":\"https:\/\/zamphelmets.co\/wp-content\/uploads\/2024\/05\/blu20black.png\",\"width\":870,\"height\":1000},{\"@type\":\"BreadcrumbList\",\"@id\":\"https:\/\/zamphelmets.co\/de\/produkt\/sparco-rush-kart-handschuhe-blau-schwarz\/#breadcrumb\",\"itemListElement\":[{\"@type\":\"ListItem\",\"position\":1,\"name\":\"Shop\",\"item\":\"https:\/\/zamphelmets.co\/de\/shop\/\"},{\"@type\":\"ListItem\",\"position\":2,\"name\":\"Sparco Rush Kart Handschuhe Blau\/Schwarz\"}]},{\"@type\":\"WebSite\",\"@id\":\"https:\/\/zamphelmets.co\/de\/#website\",\"url\":\"https:\/\/zamphelmets.co\/de\/\",\"name\":\"Zamp Helmets | Helmet 28 EU\",\"description\":\"High Quality Motorsport Helmets\",\"potentialAction\":[{\"@type\":\"SearchAction\",\"target\":{\"@type\":\"EntryPoint\",\"urlTemplate\":\"https:\/\/zamphelmets.co\/de\/?s={search_term_string}\"},\"query-input\":{\"@type\":\"PropertyValueSpecification\",\"valueRequired\":true,\"valueName\":\"search_term_string\"}}],\"inLanguage\":\"de-DE\"}]}<\/script>\n<!-- \/ Yoast SEO plugin. -->","yoast_head_json":{"title":"Sparco Rush Kart Handschuhe Blau\/Schwarz - Zamp Helmets | Helmet 28 EU","description":"Der Sparco Rush ist ein Karthandschuh der Einstiegsklasse, der die Funktionen h\u00f6herpreisiger Alternativen enth\u00e4lt. Ausgezeichnetes Preis-Leistungs-Verh\u00e4ltnis und geeignet f\u00fcr Karting auf allen Ebenen.","robots":{"index":"index","follow":"follow","max-snippet":"max-snippet:-1","max-image-preview":"max-image-preview:large","max-video-preview":"max-video-preview:-1"},"canonical":"https:\/\/zamphelmets.co\/de\/produkt\/sparco-rush-kart-handschuhe-blau-schwarz\/","og_locale":"de_DE","og_type":"article","og_title":"Sparco Rush Kart Handschuhe Blau\/Schwarz - Zamp Helmets | Helmet 28 EU","og_description":"Der Sparco Rush ist ein Karthandschuh der Einstiegsklasse, der die Funktionen h\u00f6herpreisiger Alternativen enth\u00e4lt. Ausgezeichnetes Preis-Leistungs-Verh\u00e4ltnis und geeignet f\u00fcr Karting auf allen Ebenen.","og_url":"https:\/\/zamphelmets.co\/de\/produkt\/sparco-rush-kart-handschuhe-blau-schwarz\/","og_site_name":"Zamp Helmets | Helmet 28 EU","article_modified_time":"2024-11-06T16:15:24+00:00","og_image":[{"width":870,"height":1000,"url":"https:\/\/zamphelmets.co\/wp-content\/uploads\/2024\/05\/blu20black.png","type":"image\/png"}],"twitter_card":"summary_large_image","schema":{"@context":"https:\/\/schema.org","@graph":[{"@type":"WebPage","@id":"https:\/\/zamphelmets.co\/de\/produkt\/sparco-rush-kart-handschuhe-blau-schwarz\/","url":"https:\/\/zamphelmets.co\/de\/produkt\/sparco-rush-kart-handschuhe-blau-schwarz\/","name":"Sparco Rush Kart Handschuhe Blau\/Schwarz - Zamp Helmets | Helmet 28 EU","isPartOf":{"@id":"https:\/\/zamphelmets.co\/de\/#website"},"primaryImageOfPage":{"@id":"https:\/\/zamphelmets.co\/de\/produkt\/sparco-rush-kart-handschuhe-blau-schwarz\/#primaryimage"},"image":{"@id":"https:\/\/zamphelmets.co\/de\/produkt\/sparco-rush-kart-handschuhe-blau-schwarz\/#primaryimage"},"thumbnailUrl":"https:\/\/zamphelmets.co\/wp-content\/uploads\/2024\/05\/blu20black.png","datePublished":"2024-05-31T11:47:23+00:00","dateModified":"2024-11-06T16:15:24+00:00","description":"Der Sparco Rush ist ein Karthandschuh der Einstiegsklasse, der die Funktionen h\u00f6herpreisiger Alternativen enth\u00e4lt. Ausgezeichnetes Preis-Leistungs-Verh\u00e4ltnis und geeignet f\u00fcr Karting auf allen Ebenen.","breadcrumb":{"@id":"https:\/\/zamphelmets.co\/de\/produkt\/sparco-rush-kart-handschuhe-blau-schwarz\/#breadcrumb"},"inLanguage":"de-DE","potentialAction":[{"@type":"ReadAction","target":["https:\/\/zamphelmets.co\/de\/produkt\/sparco-rush-kart-handschuhe-blau-schwarz\/"]}]},{"@type":"ImageObject","inLanguage":"de-DE","@id":"https:\/\/zamphelmets.co\/de\/produkt\/sparco-rush-kart-handschuhe-blau-schwarz\/#primaryimage","url":"https:\/\/zamphelmets.co\/wp-content\/uploads\/2024\/05\/blu20black.png","contentUrl":"https:\/\/zamphelmets.co\/wp-content\/uploads\/2024\/05\/blu20black.png","width":870,"height":1000},{"@type":"BreadcrumbList","@id":"https:\/\/zamphelmets.co\/de\/produkt\/sparco-rush-kart-handschuhe-blau-schwarz\/#breadcrumb","itemListElement":[{"@type":"ListItem","position":1,"name":"Shop","item":"https:\/\/zamphelmets.co\/de\/shop\/"},{"@type":"ListItem","position":2,"name":"Sparco Rush Kart Handschuhe Blau\/Schwarz"}]},{"@type":"WebSite","@id":"https:\/\/zamphelmets.co\/de\/#website","url":"https:\/\/zamphelmets.co\/de\/","name":"Zamp Helmets | Helmet 28 EU","description":"High Quality Motorsport Helmets","potentialAction":[{"@type":"SearchAction","target":{"@type":"EntryPoint","urlTemplate":"https:\/\/zamphelmets.co\/de\/?s={search_term_string}"},"query-input":{"@type":"PropertyValueSpecification","valueRequired":true,"valueName":"search_term_string"}}],"inLanguage":"de-DE"}]}},"_links":{"self":[{"href":"https:\/\/zamphelmets.co\/de\/wp-json\/wp\/v2\/product\/26150","targetHints":{"allow":["GET"]}}],"collection":[{"href":"https:\/\/zamphelmets.co\/de\/wp-json\/wp\/v2\/product"}],"about":[{"href":"https:\/\/zamphelmets.co\/de\/wp-json\/wp\/v2\/types\/product"}],"replies":[{"embeddable":true,"href":"https:\/\/zamphelmets.co\/de\/wp-json\/wp\/v2\/comments?post=26150"}],"wp:featuredmedia":[{"embeddable":true,"href":"https:\/\/zamphelmets.co\/de\/wp-json\/wp\/v2\/media\/21845"}],"wp:attachment":[{"href":"https:\/\/zamphelmets.co\/de\/wp-json\/wp\/v2\/media?parent=26150"}],"wp:term":[{"taxonomy":"product_brand","embeddable":true,"href":"https:\/\/zamphelmets.co\/de\/wp-json\/wp\/v2\/product_brand?post=26150"},{"taxonomy":"product_cat","embeddable":true,"href":"https:\/\/zamphelmets.co\/de\/wp-json\/wp\/v2\/product_cat?post=26150"},{"taxonomy":"product_tag","embeddable":true,"href":"https:\/\/zamphelmets.co\/de\/wp-json\/wp\/v2\/product_tag?post=26150"}],"curies":[{"name":"wp","href":"https:\/\/api.w.org\/{rel}","templated":true}]}}