{"id":26071,"date":"2024-05-31T11:47:53","date_gmt":"2024-05-31T11:47:53","guid":{"rendered":"https:\/\/zamphelmets.co\/product\/alpinestars-zx-evo-v2-sturmhaube\/"},"modified":"2024-11-06T16:19:06","modified_gmt":"2024-11-06T16:19:06","slug":"alpinestars-zx-evo-v2-sturmhaube","status":"publish","type":"product","link":"https:\/\/zamphelmets.co\/de\/produkt\/alpinestars-zx-evo-v2-sturmhaube\/","title":{"rendered":"Alpinestars ZX Evo V2 Sturmhaube"},"content":{"rendered":"<p>Die ZX Evo V2 Sturmhauben wurden entwickelt, um die neue, strengere FIA 8856-2018 Homologation zu erf\u00fcllen. Entwickelt, um eine verbesserte Hitze- und Flammenbest\u00e4ndigkeit zu bieten und gleichzeitig leicht und atmungsaktiv zu bleiben.<\/p>\n<ul>\n<li>Verbesserte Hitze- und Flammenbest\u00e4ndigkeit<\/li>\n<li>Leichtes Soft-Touch-Material f\u00fcr mehr Komfort<\/li>\n<li>Nahtlose Konstruktion eliminiert Druckstellen<\/li>\n<li>Doppellagiger Gesichtsbereich f\u00fcr erh\u00f6hten Schutz<\/li>\n<\/ul>\n<p>Die kompromisslos konzipierte Alpinestars ZX Evo 2 Unterw\u00e4sche unterst\u00fctzt die optimale Leistung des Fahrers. Durch die Regulierung der K\u00f6rperkerntemperatur, die zu einer geringeren Schwei\u00dfbildung und einer niedrigeren Herzfrequenz f\u00fchrt, k\u00f6nnen Fahrer von weniger Stress und M\u00fcdigkeit profitieren. Dies kann letztendlich die Konzentration verbessern, insbesondere bei l\u00e4ngeren Rennen.<\/p>\n<p>Die ZX Evo 2 Unterw\u00e4sche ist aus einem hochtechnischen Gewebe mit einem hohen Anteil an Lenzing FR-Material hergestellt. Lenzing FR ist eine Naturfaser, die eine au\u00dfergew\u00f6hnliche Flammbest\u00e4ndigkeit bietet und vor W\u00e4rme\u00fcbertragung sch\u00fctzt. Die Sturmhauben bestehen aus einer dehnbaren, offenen Strickkonstruktion f\u00fcr maximale Atmungsaktivit\u00e4t, um Schwei\u00dfbildung zu reduzieren und den Tragekomfort zu erh\u00f6hen. Eine Mund\u00f6ffnung erm\u00f6glicht die Verwendung eines Trinkschlauchs. Die ZX Evo V2 Unterw\u00e4sche ist die Wahl vieler hochkar\u00e4tiger Profifahrer in verschiedenen Motorsportdisziplinen weltweit.<\/p>\n<p>Einheitsgr\u00f6\u00dfe<\/p>\n<p>FIA 8856-2018 genehmigt<\/p>\n","protected":false},"excerpt":{"rendered":"<p>Die ZX Evo V2 Sturmhauben wurden entwickelt, um die neue, strengere FIA 8856-2018 Homologation zu erf\u00fcllen. Entwickelt, um eine verbesserte Hitze- und Flammenbest\u00e4ndigkeit zu bieten und gleichzeitig leicht und atmungsaktiv zu bleiben. Verbesserte Hitze- und Flammenbest\u00e4ndigkeit Leichtes Soft-Touch-Material f\u00fcr mehr Komfort Nahtlose Konstruktion eliminiert Druckstellen Doppellagiger Gesichtsbereich f\u00fcr erh\u00f6hten Schutz Die kompromisslos konzipierte Alpinestars ZX [&hellip;]<\/p>\n","protected":false},"featured_media":26530,"comment_status":"open","ping_status":"closed","template":"","meta":{"_acf_changed":false,"_iconic_wsb_product_page_order_bump_ids":[[]],"_sku":["ALS475"],"_iconic_wsb_product_page_bump_modal_ids":[[]]},"product_brand":[],"product_cat":[219,172,124,126],"product_tag":[],"class_list":{"0":"post-26071","1":"product","2":"type-product","3":"status-publish","4":"has-post-thumbnail","6":"product_cat-andere-de","7":"product_cat-schutz-kleidung","8":"product_cat-zamp-de","9":"product_cat-zubehor-fur-helme","11":"first","12":"instock","13":"taxable","14":"shipping-taxable","15":"purchasable","16":"product-type-variable"},"acf":[],"yoast_head":"<!-- This site is optimized with the Yoast SEO plugin v27.0 - https:\/\/yoast.com\/product\/yoast-seo-wordpress\/ -->\n<title>Alpinestars ZX Evo V2 Sturmhaube - Zamp Helmets | Helmet 28 EU<\/title>\n<meta name=\"description\" content=\"Die ZX Evo V2 Sturmhauben verf\u00fcgen \u00fcber die neue FIA 8856-2018 Homologation. Sie bietet eine verbesserte Hitze- und Flammenbest\u00e4ndigkeit und ist gleichzeitig leicht und atmungsaktiv.\" \/>\n<meta name=\"robots\" content=\"index, follow, max-snippet:-1, max-image-preview:large, max-video-preview:-1\" \/>\n<link rel=\"canonical\" href=\"https:\/\/zamphelmets.co\/de\/produkt\/alpinestars-zx-evo-v2-sturmhaube\/\" \/>\n<meta property=\"og:locale\" content=\"de_DE\" \/>\n<meta property=\"og:type\" content=\"article\" \/>\n<meta property=\"og:title\" content=\"Alpinestars ZX Evo V2 Sturmhaube - Zamp Helmets | Helmet 28 EU\" \/>\n<meta property=\"og:description\" content=\"Die ZX Evo V2 Sturmhauben verf\u00fcgen \u00fcber die neue FIA 8856-2018 Homologation. Sie bietet eine verbesserte Hitze- und Flammenbest\u00e4ndigkeit und ist gleichzeitig leicht und atmungsaktiv.\" \/>\n<meta property=\"og:url\" content=\"https:\/\/zamphelmets.co\/de\/produkt\/alpinestars-zx-evo-v2-sturmhaube\/\" \/>\n<meta property=\"og:site_name\" content=\"Zamp Helmets | Helmet 28 EU\" \/>\n<meta property=\"article:modified_time\" content=\"2024-11-06T16:19:06+00:00\" \/>\n<meta name=\"twitter:card\" content=\"summary_large_image\" \/>\n<meta name=\"twitter:label1\" content=\"Est. reading time\" \/>\n\t<meta name=\"twitter:data1\" content=\"1 Minute\" \/>\n<script type=\"application\/ld+json\" class=\"yoast-schema-graph\">{\"@context\":\"https:\/\/schema.org\",\"@graph\":[{\"@type\":\"WebPage\",\"@id\":\"https:\/\/zamphelmets.co\/de\/produkt\/alpinestars-zx-evo-v2-sturmhaube\/\",\"url\":\"https:\/\/zamphelmets.co\/de\/produkt\/alpinestars-zx-evo-v2-sturmhaube\/\",\"name\":\"Alpinestars ZX Evo V2 Sturmhaube - Zamp Helmets | Helmet 28 EU\",\"isPartOf\":{\"@id\":\"https:\/\/zamphelmets.co\/de\/#website\"},\"primaryImageOfPage\":{\"@id\":\"https:\/\/zamphelmets.co\/de\/produkt\/alpinestars-zx-evo-v2-sturmhaube\/#primaryimage\"},\"image\":{\"@id\":\"https:\/\/zamphelmets.co\/de\/produkt\/alpinestars-zx-evo-v2-sturmhaube\/#primaryimage\"},\"thumbnailUrl\":\"https:\/\/zamphelmets.co\/wp-content\/uploads\/2024\/05\/blac-1.png\",\"datePublished\":\"2024-05-31T11:47:53+00:00\",\"dateModified\":\"2024-11-06T16:19:06+00:00\",\"description\":\"Die ZX Evo V2 Sturmhauben verf\u00fcgen \u00fcber die neue FIA 8856-2018 Homologation. Sie bietet eine verbesserte Hitze- und Flammenbest\u00e4ndigkeit und ist gleichzeitig leicht und atmungsaktiv.\",\"breadcrumb\":{\"@id\":\"https:\/\/zamphelmets.co\/de\/produkt\/alpinestars-zx-evo-v2-sturmhaube\/#breadcrumb\"},\"inLanguage\":\"de-DE\",\"potentialAction\":[{\"@type\":\"ReadAction\",\"target\":[\"https:\/\/zamphelmets.co\/de\/produkt\/alpinestars-zx-evo-v2-sturmhaube\/\"]}]},{\"@type\":\"ImageObject\",\"inLanguage\":\"de-DE\",\"@id\":\"https:\/\/zamphelmets.co\/de\/produkt\/alpinestars-zx-evo-v2-sturmhaube\/#primaryimage\",\"url\":\"https:\/\/zamphelmets.co\/wp-content\/uploads\/2024\/05\/blac-1.png\",\"contentUrl\":\"https:\/\/zamphelmets.co\/wp-content\/uploads\/2024\/05\/blac-1.png\",\"width\":1174,\"height\":1348},{\"@type\":\"BreadcrumbList\",\"@id\":\"https:\/\/zamphelmets.co\/de\/produkt\/alpinestars-zx-evo-v2-sturmhaube\/#breadcrumb\",\"itemListElement\":[{\"@type\":\"ListItem\",\"position\":1,\"name\":\"Shop\",\"item\":\"https:\/\/zamphelmets.co\/de\/shop\/\"},{\"@type\":\"ListItem\",\"position\":2,\"name\":\"Alpinestars ZX Evo V2 Sturmhaube\"}]},{\"@type\":\"WebSite\",\"@id\":\"https:\/\/zamphelmets.co\/de\/#website\",\"url\":\"https:\/\/zamphelmets.co\/de\/\",\"name\":\"Zamp Helmets | Helmet 28 EU\",\"description\":\"High Quality Motorsport Helmets\",\"potentialAction\":[{\"@type\":\"SearchAction\",\"target\":{\"@type\":\"EntryPoint\",\"urlTemplate\":\"https:\/\/zamphelmets.co\/de\/?s={search_term_string}\"},\"query-input\":{\"@type\":\"PropertyValueSpecification\",\"valueRequired\":true,\"valueName\":\"search_term_string\"}}],\"inLanguage\":\"de-DE\"}]}<\/script>\n<!-- \/ Yoast SEO plugin. -->","yoast_head_json":{"title":"Alpinestars ZX Evo V2 Sturmhaube - Zamp Helmets | Helmet 28 EU","description":"Die ZX Evo V2 Sturmhauben verf\u00fcgen \u00fcber die neue FIA 8856-2018 Homologation. Sie bietet eine verbesserte Hitze- und Flammenbest\u00e4ndigkeit und ist gleichzeitig leicht und atmungsaktiv.","robots":{"index":"index","follow":"follow","max-snippet":"max-snippet:-1","max-image-preview":"max-image-preview:large","max-video-preview":"max-video-preview:-1"},"canonical":"https:\/\/zamphelmets.co\/de\/produkt\/alpinestars-zx-evo-v2-sturmhaube\/","og_locale":"de_DE","og_type":"article","og_title":"Alpinestars ZX Evo V2 Sturmhaube - Zamp Helmets | Helmet 28 EU","og_description":"Die ZX Evo V2 Sturmhauben verf\u00fcgen \u00fcber die neue FIA 8856-2018 Homologation. Sie bietet eine verbesserte Hitze- und Flammenbest\u00e4ndigkeit und ist gleichzeitig leicht und atmungsaktiv.","og_url":"https:\/\/zamphelmets.co\/de\/produkt\/alpinestars-zx-evo-v2-sturmhaube\/","og_site_name":"Zamp Helmets | Helmet 28 EU","article_modified_time":"2024-11-06T16:19:06+00:00","twitter_card":"summary_large_image","twitter_misc":{"Est. reading time":"1 Minute"},"schema":{"@context":"https:\/\/schema.org","@graph":[{"@type":"WebPage","@id":"https:\/\/zamphelmets.co\/de\/produkt\/alpinestars-zx-evo-v2-sturmhaube\/","url":"https:\/\/zamphelmets.co\/de\/produkt\/alpinestars-zx-evo-v2-sturmhaube\/","name":"Alpinestars ZX Evo V2 Sturmhaube - Zamp Helmets | Helmet 28 EU","isPartOf":{"@id":"https:\/\/zamphelmets.co\/de\/#website"},"primaryImageOfPage":{"@id":"https:\/\/zamphelmets.co\/de\/produkt\/alpinestars-zx-evo-v2-sturmhaube\/#primaryimage"},"image":{"@id":"https:\/\/zamphelmets.co\/de\/produkt\/alpinestars-zx-evo-v2-sturmhaube\/#primaryimage"},"thumbnailUrl":"https:\/\/zamphelmets.co\/wp-content\/uploads\/2024\/05\/blac-1.png","datePublished":"2024-05-31T11:47:53+00:00","dateModified":"2024-11-06T16:19:06+00:00","description":"Die ZX Evo V2 Sturmhauben verf\u00fcgen \u00fcber die neue FIA 8856-2018 Homologation. Sie bietet eine verbesserte Hitze- und Flammenbest\u00e4ndigkeit und ist gleichzeitig leicht und atmungsaktiv.","breadcrumb":{"@id":"https:\/\/zamphelmets.co\/de\/produkt\/alpinestars-zx-evo-v2-sturmhaube\/#breadcrumb"},"inLanguage":"de-DE","potentialAction":[{"@type":"ReadAction","target":["https:\/\/zamphelmets.co\/de\/produkt\/alpinestars-zx-evo-v2-sturmhaube\/"]}]},{"@type":"ImageObject","inLanguage":"de-DE","@id":"https:\/\/zamphelmets.co\/de\/produkt\/alpinestars-zx-evo-v2-sturmhaube\/#primaryimage","url":"https:\/\/zamphelmets.co\/wp-content\/uploads\/2024\/05\/blac-1.png","contentUrl":"https:\/\/zamphelmets.co\/wp-content\/uploads\/2024\/05\/blac-1.png","width":1174,"height":1348},{"@type":"BreadcrumbList","@id":"https:\/\/zamphelmets.co\/de\/produkt\/alpinestars-zx-evo-v2-sturmhaube\/#breadcrumb","itemListElement":[{"@type":"ListItem","position":1,"name":"Shop","item":"https:\/\/zamphelmets.co\/de\/shop\/"},{"@type":"ListItem","position":2,"name":"Alpinestars ZX Evo V2 Sturmhaube"}]},{"@type":"WebSite","@id":"https:\/\/zamphelmets.co\/de\/#website","url":"https:\/\/zamphelmets.co\/de\/","name":"Zamp Helmets | Helmet 28 EU","description":"High Quality Motorsport Helmets","potentialAction":[{"@type":"SearchAction","target":{"@type":"EntryPoint","urlTemplate":"https:\/\/zamphelmets.co\/de\/?s={search_term_string}"},"query-input":{"@type":"PropertyValueSpecification","valueRequired":true,"valueName":"search_term_string"}}],"inLanguage":"de-DE"}]}},"_links":{"self":[{"href":"https:\/\/zamphelmets.co\/de\/wp-json\/wp\/v2\/product\/26071","targetHints":{"allow":["GET"]}}],"collection":[{"href":"https:\/\/zamphelmets.co\/de\/wp-json\/wp\/v2\/product"}],"about":[{"href":"https:\/\/zamphelmets.co\/de\/wp-json\/wp\/v2\/types\/product"}],"replies":[{"embeddable":true,"href":"https:\/\/zamphelmets.co\/de\/wp-json\/wp\/v2\/comments?post=26071"}],"wp:featuredmedia":[{"embeddable":true,"href":"https:\/\/zamphelmets.co\/de\/wp-json\/wp\/v2\/media\/26530"}],"wp:attachment":[{"href":"https:\/\/zamphelmets.co\/de\/wp-json\/wp\/v2\/media?parent=26071"}],"wp:term":[{"taxonomy":"product_brand","embeddable":true,"href":"https:\/\/zamphelmets.co\/de\/wp-json\/wp\/v2\/product_brand?post=26071"},{"taxonomy":"product_cat","embeddable":true,"href":"https:\/\/zamphelmets.co\/de\/wp-json\/wp\/v2\/product_cat?post=26071"},{"taxonomy":"product_tag","embeddable":true,"href":"https:\/\/zamphelmets.co\/de\/wp-json\/wp\/v2\/product_tag?post=26071"}],"curies":[{"name":"wp","href":"https:\/\/api.w.org\/{rel}","templated":true}]}}