{"id":25323,"date":"2024-05-31T11:43:52","date_gmt":"2024-05-31T11:43:52","guid":{"rendered":"https:\/\/zamphelmets.co\/product\/sparco-thunder-kart-anzug-schwarz-rot\/"},"modified":"2024-11-06T15:59:29","modified_gmt":"2024-11-06T15:59:29","slug":"sparco-thunder-kart-anzug-schwarz-rot","status":"publish","type":"product","link":"https:\/\/zamphelmets.co\/de\/produkt\/sparco-thunder-kart-anzug-schwarz-rot\/","title":{"rendered":"Sparco Thunder Kart Anzug Schwarz\/Rot"},"content":{"rendered":"<p>Der Sparco Thunder ist ein Einsteiger-Kartanzug mit Funktionen, die Sie sonst nur bei h\u00f6herpreisigen Alternativen finden. Das macht es zu einem ausgezeichneten Preis-Leistungs-Verh\u00e4ltnis und ideal f\u00fcr alle, die mit dem Kartfahren beginnen.<\/p>\n<ul>\n<li>Perforierte Stretcheins\u00e4tze sorgen f\u00fcr Luftzirkulation und regulieren so die K\u00f6rpertemperatur<\/li>\n<li>Vorgekr\u00fcmmte Arme reduzieren die Materialb\u00fcndelungen in der Fahrposition<\/li>\n<li>Semi-floating \u00c4rmel bieten Bewegungsfreiheit<\/li>\n<\/ul>\n<p>Der Thunder Kart-Anzug bietet Leistung und Komfort zu einem erschwinglichen Preis. Die 2-Lagen-Konstruktion verf\u00fcgt \u00fcber ein gro\u00dfes Stretch-Panel im unteren hinteren R\u00fcckenbereich, das f\u00fcr maximale Bewegungsfreiheit sorgt, wenn Sie im Gokart sitzen. Perforierte Stretcheins\u00e4tze in den Achselh\u00f6hlen und an den Beininnenseiten sorgen f\u00fcr Atmungsaktivit\u00e4t, damit Sie k\u00fchler und bequemer bleiben. Versteckte Taschen und ein traditioneller Tailleng\u00fcrtel vervollst\u00e4ndigen den Look dieses stilvollen Kart-Anzugs.<\/p>\n<p>CIK FIA Level 2 zugelassen<\/p>\n<p>&nbsp;<\/p>\n<p><img decoding=\"async\" class=\"alignnone wp-image-10046 lazyload\" data-src=\"https:\/\/zamphelmets.co\/wp-content\/uploads\/2024\/05\/sparco-racekartwear-kartsuits-nov23-176x300.webp\" alt=\"\" width=\"370\" height=\"630\" data-srcset=\"https:\/\/zamphelmets.co\/wp-content\/uploads\/2024\/05\/sparco-racekartwear-kartsuits-nov23-176x300.webp 176w, https:\/\/zamphelmets.co\/wp-content\/uploads\/2024\/05\/sparco-racekartwear-kartsuits-nov23-600x1024.webp 600w\" data-sizes=\"(max-width: 370px) 100vw, 370px\" src=\"data:image\/svg+xml;base64,PHN2ZyB3aWR0aD0iMSIgaGVpZ2h0PSIxIiB4bWxucz0iaHR0cDovL3d3dy53My5vcmcvMjAwMC9zdmciPjwvc3ZnPg==\" style=\"--smush-placeholder-width: 370px; --smush-placeholder-aspect-ratio: 370\/630;\" \/><\/p>\n","protected":false},"excerpt":{"rendered":"<p>Der Sparco Thunder ist ein Einsteiger-Kartanzug mit Funktionen, die Sie sonst nur bei h\u00f6herpreisigen Alternativen finden. Das macht es zu einem ausgezeichneten Preis-Leistungs-Verh\u00e4ltnis und ideal f\u00fcr alle, die mit dem Kartfahren beginnen. Perforierte Stretcheins\u00e4tze sorgen f\u00fcr Luftzirkulation und regulieren so die K\u00f6rpertemperatur Vorgekr\u00fcmmte Arme reduzieren die Materialb\u00fcndelungen in der Fahrposition Semi-floating \u00c4rmel bieten Bewegungsfreiheit Der [&hellip;]<\/p>\n","protected":false},"featured_media":21747,"comment_status":"open","ping_status":"closed","template":"","meta":{"_acf_changed":false,"_iconic_wsb_product_page_order_bump_ids":[[]],"_sku":["SKW002342BNRRS"],"_iconic_wsb_product_page_bump_modal_ids":[[]]},"product_brand":[],"product_cat":[331,172],"product_tag":[],"class_list":{"0":"post-25323","1":"product","2":"type-product","3":"status-publish","4":"has-post-thumbnail","6":"product_cat-anzuge","7":"product_cat-schutz-kleidung","9":"first","10":"outofstock","11":"taxable","12":"shipping-taxable","13":"purchasable","14":"product-type-variable"},"acf":[],"yoast_head":"<!-- This site is optimized with the Yoast SEO plugin v27.0 - https:\/\/yoast.com\/product\/yoast-seo-wordpress\/ -->\n<title>Sparco Thunder Kart Anzug Schwarz\/Rot - Zamp Helmets | Helmet 28 EU<\/title>\n<meta name=\"description\" content=\"Der Sparco Thunder ist ein Einsteiger-Kartanzug mit einem ausgezeichneten Preis-Leistungs-Verh\u00e4ltnis und ideal f\u00fcr alle, die mit dem Kartsport beginnen.\" \/>\n<meta name=\"robots\" content=\"index, follow, max-snippet:-1, max-image-preview:large, max-video-preview:-1\" \/>\n<link rel=\"canonical\" href=\"https:\/\/zamphelmets.co\/de\/produkt\/sparco-thunder-kart-anzug-schwarz-rot\/\" \/>\n<meta property=\"og:locale\" content=\"de_DE\" \/>\n<meta property=\"og:type\" content=\"article\" \/>\n<meta property=\"og:title\" content=\"Sparco Thunder Kart Anzug Schwarz\/Rot - Zamp Helmets | Helmet 28 EU\" \/>\n<meta property=\"og:description\" content=\"Der Sparco Thunder ist ein Einsteiger-Kartanzug mit einem ausgezeichneten Preis-Leistungs-Verh\u00e4ltnis und ideal f\u00fcr alle, die mit dem Kartsport beginnen.\" \/>\n<meta property=\"og:url\" content=\"https:\/\/zamphelmets.co\/de\/produkt\/sparco-thunder-kart-anzug-schwarz-rot\/\" \/>\n<meta property=\"og:site_name\" content=\"Zamp Helmets | Helmet 28 EU\" \/>\n<meta property=\"article:modified_time\" content=\"2024-11-06T15:59:29+00:00\" \/>\n<meta property=\"og:image\" content=\"https:\/\/zamphelmets.co\/wp-content\/uploads\/2024\/05\/br.png\" \/>\n\t<meta property=\"og:image:width\" content=\"999\" \/>\n\t<meta property=\"og:image:height\" content=\"1000\" \/>\n\t<meta property=\"og:image:type\" content=\"image\/png\" \/>\n<meta name=\"twitter:card\" content=\"summary_large_image\" \/>\n<meta name=\"twitter:label1\" content=\"Est. reading time\" \/>\n\t<meta name=\"twitter:data1\" content=\"1 Minute\" \/>\n<script type=\"application\/ld+json\" class=\"yoast-schema-graph\">{\"@context\":\"https:\/\/schema.org\",\"@graph\":[{\"@type\":\"WebPage\",\"@id\":\"https:\/\/zamphelmets.co\/de\/produkt\/sparco-thunder-kart-anzug-schwarz-rot\/\",\"url\":\"https:\/\/zamphelmets.co\/de\/produkt\/sparco-thunder-kart-anzug-schwarz-rot\/\",\"name\":\"Sparco Thunder Kart Anzug Schwarz\/Rot - Zamp Helmets | Helmet 28 EU\",\"isPartOf\":{\"@id\":\"https:\/\/zamphelmets.co\/de\/#website\"},\"primaryImageOfPage\":{\"@id\":\"https:\/\/zamphelmets.co\/de\/produkt\/sparco-thunder-kart-anzug-schwarz-rot\/#primaryimage\"},\"image\":{\"@id\":\"https:\/\/zamphelmets.co\/de\/produkt\/sparco-thunder-kart-anzug-schwarz-rot\/#primaryimage\"},\"thumbnailUrl\":\"https:\/\/zamphelmets.co\/wp-content\/uploads\/2024\/05\/br.png\",\"datePublished\":\"2024-05-31T11:43:52+00:00\",\"dateModified\":\"2024-11-06T15:59:29+00:00\",\"description\":\"Der Sparco Thunder ist ein Einsteiger-Kartanzug mit einem ausgezeichneten Preis-Leistungs-Verh\u00e4ltnis und ideal f\u00fcr alle, die mit dem Kartsport beginnen.\",\"breadcrumb\":{\"@id\":\"https:\/\/zamphelmets.co\/de\/produkt\/sparco-thunder-kart-anzug-schwarz-rot\/#breadcrumb\"},\"inLanguage\":\"de-DE\",\"potentialAction\":[{\"@type\":\"ReadAction\",\"target\":[\"https:\/\/zamphelmets.co\/de\/produkt\/sparco-thunder-kart-anzug-schwarz-rot\/\"]}]},{\"@type\":\"ImageObject\",\"inLanguage\":\"de-DE\",\"@id\":\"https:\/\/zamphelmets.co\/de\/produkt\/sparco-thunder-kart-anzug-schwarz-rot\/#primaryimage\",\"url\":\"https:\/\/zamphelmets.co\/wp-content\/uploads\/2024\/05\/br.png\",\"contentUrl\":\"https:\/\/zamphelmets.co\/wp-content\/uploads\/2024\/05\/br.png\",\"width\":999,\"height\":1000},{\"@type\":\"BreadcrumbList\",\"@id\":\"https:\/\/zamphelmets.co\/de\/produkt\/sparco-thunder-kart-anzug-schwarz-rot\/#breadcrumb\",\"itemListElement\":[{\"@type\":\"ListItem\",\"position\":1,\"name\":\"Shop\",\"item\":\"https:\/\/zamphelmets.co\/de\/shop\/\"},{\"@type\":\"ListItem\",\"position\":2,\"name\":\"Sparco Thunder Kart Anzug Schwarz\/Rot\"}]},{\"@type\":\"WebSite\",\"@id\":\"https:\/\/zamphelmets.co\/de\/#website\",\"url\":\"https:\/\/zamphelmets.co\/de\/\",\"name\":\"Zamp Helmets | Helmet 28 EU\",\"description\":\"High Quality Motorsport Helmets\",\"potentialAction\":[{\"@type\":\"SearchAction\",\"target\":{\"@type\":\"EntryPoint\",\"urlTemplate\":\"https:\/\/zamphelmets.co\/de\/?s={search_term_string}\"},\"query-input\":{\"@type\":\"PropertyValueSpecification\",\"valueRequired\":true,\"valueName\":\"search_term_string\"}}],\"inLanguage\":\"de-DE\"}]}<\/script>\n<!-- \/ Yoast SEO plugin. -->","yoast_head_json":{"title":"Sparco Thunder Kart Anzug Schwarz\/Rot - Zamp Helmets | Helmet 28 EU","description":"Der Sparco Thunder ist ein Einsteiger-Kartanzug mit einem ausgezeichneten Preis-Leistungs-Verh\u00e4ltnis und ideal f\u00fcr alle, die mit dem Kartsport beginnen.","robots":{"index":"index","follow":"follow","max-snippet":"max-snippet:-1","max-image-preview":"max-image-preview:large","max-video-preview":"max-video-preview:-1"},"canonical":"https:\/\/zamphelmets.co\/de\/produkt\/sparco-thunder-kart-anzug-schwarz-rot\/","og_locale":"de_DE","og_type":"article","og_title":"Sparco Thunder Kart Anzug Schwarz\/Rot - Zamp Helmets | Helmet 28 EU","og_description":"Der Sparco Thunder ist ein Einsteiger-Kartanzug mit einem ausgezeichneten Preis-Leistungs-Verh\u00e4ltnis und ideal f\u00fcr alle, die mit dem Kartsport beginnen.","og_url":"https:\/\/zamphelmets.co\/de\/produkt\/sparco-thunder-kart-anzug-schwarz-rot\/","og_site_name":"Zamp Helmets | Helmet 28 EU","article_modified_time":"2024-11-06T15:59:29+00:00","og_image":[{"width":999,"height":1000,"url":"https:\/\/zamphelmets.co\/wp-content\/uploads\/2024\/05\/br.png","type":"image\/png"}],"twitter_card":"summary_large_image","twitter_misc":{"Est. reading time":"1 Minute"},"schema":{"@context":"https:\/\/schema.org","@graph":[{"@type":"WebPage","@id":"https:\/\/zamphelmets.co\/de\/produkt\/sparco-thunder-kart-anzug-schwarz-rot\/","url":"https:\/\/zamphelmets.co\/de\/produkt\/sparco-thunder-kart-anzug-schwarz-rot\/","name":"Sparco Thunder Kart Anzug Schwarz\/Rot - Zamp Helmets | Helmet 28 EU","isPartOf":{"@id":"https:\/\/zamphelmets.co\/de\/#website"},"primaryImageOfPage":{"@id":"https:\/\/zamphelmets.co\/de\/produkt\/sparco-thunder-kart-anzug-schwarz-rot\/#primaryimage"},"image":{"@id":"https:\/\/zamphelmets.co\/de\/produkt\/sparco-thunder-kart-anzug-schwarz-rot\/#primaryimage"},"thumbnailUrl":"https:\/\/zamphelmets.co\/wp-content\/uploads\/2024\/05\/br.png","datePublished":"2024-05-31T11:43:52+00:00","dateModified":"2024-11-06T15:59:29+00:00","description":"Der Sparco Thunder ist ein Einsteiger-Kartanzug mit einem ausgezeichneten Preis-Leistungs-Verh\u00e4ltnis und ideal f\u00fcr alle, die mit dem Kartsport beginnen.","breadcrumb":{"@id":"https:\/\/zamphelmets.co\/de\/produkt\/sparco-thunder-kart-anzug-schwarz-rot\/#breadcrumb"},"inLanguage":"de-DE","potentialAction":[{"@type":"ReadAction","target":["https:\/\/zamphelmets.co\/de\/produkt\/sparco-thunder-kart-anzug-schwarz-rot\/"]}]},{"@type":"ImageObject","inLanguage":"de-DE","@id":"https:\/\/zamphelmets.co\/de\/produkt\/sparco-thunder-kart-anzug-schwarz-rot\/#primaryimage","url":"https:\/\/zamphelmets.co\/wp-content\/uploads\/2024\/05\/br.png","contentUrl":"https:\/\/zamphelmets.co\/wp-content\/uploads\/2024\/05\/br.png","width":999,"height":1000},{"@type":"BreadcrumbList","@id":"https:\/\/zamphelmets.co\/de\/produkt\/sparco-thunder-kart-anzug-schwarz-rot\/#breadcrumb","itemListElement":[{"@type":"ListItem","position":1,"name":"Shop","item":"https:\/\/zamphelmets.co\/de\/shop\/"},{"@type":"ListItem","position":2,"name":"Sparco Thunder Kart Anzug Schwarz\/Rot"}]},{"@type":"WebSite","@id":"https:\/\/zamphelmets.co\/de\/#website","url":"https:\/\/zamphelmets.co\/de\/","name":"Zamp Helmets | Helmet 28 EU","description":"High Quality Motorsport Helmets","potentialAction":[{"@type":"SearchAction","target":{"@type":"EntryPoint","urlTemplate":"https:\/\/zamphelmets.co\/de\/?s={search_term_string}"},"query-input":{"@type":"PropertyValueSpecification","valueRequired":true,"valueName":"search_term_string"}}],"inLanguage":"de-DE"}]}},"_links":{"self":[{"href":"https:\/\/zamphelmets.co\/de\/wp-json\/wp\/v2\/product\/25323","targetHints":{"allow":["GET"]}}],"collection":[{"href":"https:\/\/zamphelmets.co\/de\/wp-json\/wp\/v2\/product"}],"about":[{"href":"https:\/\/zamphelmets.co\/de\/wp-json\/wp\/v2\/types\/product"}],"replies":[{"embeddable":true,"href":"https:\/\/zamphelmets.co\/de\/wp-json\/wp\/v2\/comments?post=25323"}],"wp:featuredmedia":[{"embeddable":true,"href":"https:\/\/zamphelmets.co\/de\/wp-json\/wp\/v2\/media\/21747"}],"wp:attachment":[{"href":"https:\/\/zamphelmets.co\/de\/wp-json\/wp\/v2\/media?parent=25323"}],"wp:term":[{"taxonomy":"product_brand","embeddable":true,"href":"https:\/\/zamphelmets.co\/de\/wp-json\/wp\/v2\/product_brand?post=25323"},{"taxonomy":"product_cat","embeddable":true,"href":"https:\/\/zamphelmets.co\/de\/wp-json\/wp\/v2\/product_cat?post=25323"},{"taxonomy":"product_tag","embeddable":true,"href":"https:\/\/zamphelmets.co\/de\/wp-json\/wp\/v2\/product_tag?post=25323"}],"curies":[{"name":"wp","href":"https:\/\/api.w.org\/{rel}","templated":true}]}}