{"id":25033,"date":"2023-12-04T15:58:13","date_gmt":"2023-12-04T15:58:13","guid":{"rendered":"https:\/\/zamphelmets.co\/product\/zr-72-schwarz-rot-blau\/"},"modified":"2026-02-16T15:56:30","modified_gmt":"2026-02-16T15:56:30","slug":"zr-72-schwarz-rot-blau","status":"publish","type":"product","link":"https:\/\/zamphelmets.co\/de\/produkt\/zr-72-schwarz-rot-blau\/","title":{"rendered":"ZR-72 Schwarz \/ Rot \/ Blau"},"content":{"rendered":"<p>Zamp ist stolz darauf, den atemberaubenden, brandneuen ZR-72 Helm vorzustellen <strong>, der in Italien hergestellt<\/strong> wird. Mit einem einzigartigen und unglaublichen aerodynamischen Design, fortschrittlichen FIA 8859-2015 und Snell SA2020 Sicherheitsstandards und mit einer superleichten Schale. Der ZR 72 Helm verf\u00fcgt \u00fcber eine gute Luftzirkulation und ein klares Anti-Beschlag-Schild.<\/p>\n<p>Ausstattung: Inklusive:<\/p>\n<ul>\n<li>Fortschrittliches Design f\u00fcr eine <strong>unglaublich leichte H\u00fclle<\/strong><\/li>\n<li><strong>Aerodynamische Schale<\/strong> &#8211; plus Zubeh\u00f6rprogramm mit verstellbarem Heckspoiler<\/li>\n<li>Der obere Lufteinlass erm\u00f6glicht den Betrieb mit nat\u00fcrlicher Luft, forcierter Luft oder Luftsteckern. Enth\u00e4lt zwei Center Vent Teile, mit denen Sie den Luftstrom bel\u00fcften oder schlie\u00dfen k\u00f6nnen.<\/li>\n<li>Pl\u00fcschige <strong>, herausnehmbare\/waschbare<\/strong>, feuerhemmende, ultraweiche Innenausstattung mit EPS-Kinnb\u00fcgelschaum<\/li>\n<li><strong>Klarer Anti-Beschlag-Schutzschild<\/strong> mit Tear Off Pfosten in der Mitte von 12,125 Zoll unter Verwendung von Tear Offs im Bananenstil<\/li>\n<li>Kompatibel mit allen Schutzschilden der Z20-Serie.<\/li>\n<li><strong>M6 Eins\u00e4tze<\/strong> f\u00fcr Kopf- und Nackenst\u00fctzen<\/li>\n<li>Hergestellt in Italien<\/li>\n<li><strong>FIA 8859-2015<\/strong> &amp; <strong>Snell SA2020<\/strong><\/li>\n<\/ul>\n<p><a href=\"https:\/\/zamphelmets.co\/de\/homologation-erklaert\/\"><strong>Homologation Explained<\/strong> &#8211; finden Sie heraus, welche Homologation Sie ben\u00f6tigen<\/a><\/p>\n<p><a href=\"https:\/\/zamphelmets.co\/de\/hans-posten-hans-und-fhr-geraete\/\"><strong>FHR \/ HANS-Ger\u00e4t<\/strong> &#8211; wann ist es erforderlich?<\/a><\/p>\n<p>Bitte beachten Sie, dass dieser Helm eine eher ovale Au\u00dfenschale hat und daher etwas kleiner ausf\u00e4llt, als in unserer \u00fcblichen Anleitung f\u00fcr Helmgr\u00f6\u00dfen angegeben.<\/p>\n<p>&nbsp;<\/p>\n<p><img decoding=\"async\" class=\"alignnone wp-image-26355 size-full lazyload\" data-src=\"https:\/\/zamphelmets.co\/wp-content\/uploads\/2024\/03\/Zamp-Helmets-sizing-guide-4166-x-4166-px-1.png\" alt=\"\" width=\"500\" height=\"500\" data-srcset=\"https:\/\/zamphelmets.co\/wp-content\/uploads\/2024\/03\/Zamp-Helmets-sizing-guide-4166-x-4166-px-1.png 500w, https:\/\/zamphelmets.co\/wp-content\/uploads\/2024\/03\/Zamp-Helmets-sizing-guide-4166-x-4166-px-1-300x300.png 300w, https:\/\/zamphelmets.co\/wp-content\/uploads\/2024\/03\/Zamp-Helmets-sizing-guide-4166-x-4166-px-1-150x150.png 150w, https:\/\/zamphelmets.co\/wp-content\/uploads\/2024\/03\/Zamp-Helmets-sizing-guide-4166-x-4166-px-1-100x100.png 100w\" data-sizes=\"(max-width: 500px) 100vw, 500px\" src=\"data:image\/svg+xml;base64,PHN2ZyB3aWR0aD0iMSIgaGVpZ2h0PSIxIiB4bWxucz0iaHR0cDovL3d3dy53My5vcmcvMjAwMC9zdmciPjwvc3ZnPg==\" style=\"--smush-placeholder-width: 500px; --smush-placeholder-aspect-ratio: 500\/500;\" \/><\/p>\n<div id=\"product-10089\" class=\"product type-product post-10089 status-publish first instock product_cat-fia product_cat-snell-2020-sa2020 product_cat-zamp has-post-thumbnail taxable shipping-taxable purchasable product-type-variable\">\n<div class=\"woocommerce-tabs wc-tabs-wrapper\">\n<div id=\"tab-description\" class=\"woocommerce-Tabs-panel woocommerce-Tabs-panel--description panel entry-content wc-tab\" role=\"tabpanel\" aria-labelledby=\"tab-title-description\">\n<p><strong>Unsicher bei der Gr\u00f6\u00dfenbestimmung? <\/strong><a href=\"https:\/\/form.jotform.com\/251263198513053\">F\u00fcllen Sie unser Gr\u00f6\u00dfenformular aus<\/a> und ein Mitglied unseres Teams wird sich mit unseren Empfehlungen bei Ihnen melden.<\/p>\n<\/div>\n<\/div>\n<\/div>\n","protected":false},"excerpt":{"rendered":"<p>Zamp ist stolz darauf, den atemberaubenden, brandneuen ZR-72 Helm vorzustellen , der in Italien hergestellt wird. Mit einem einzigartigen und unglaublichen aerodynamischen Design, fortschrittlichen FIA 8859-2015 und Snell SA2020 Sicherheitsstandards und mit einer superleichten Schale. Der ZR 72 Helm verf\u00fcgt \u00fcber eine gute Luftzirkulation und ein klares Anti-Beschlag-Schild. Ausstattung: Inklusive: Fortschrittliches Design f\u00fcr eine unglaublich [&hellip;]<\/p>\n","protected":false},"featured_media":19626,"comment_status":"open","ping_status":"closed","template":"","meta":{"_acf_changed":false,"_iconic_wsb_product_page_order_bump_ids":[[]],"_sku":["H778C44"],"_iconic_wsb_product_page_bump_modal_ids":[[]]},"product_brand":[],"product_cat":[249,200,124],"product_tag":[],"class_list":{"0":"post-25033","1":"product","2":"type-product","3":"status-publish","4":"has-post-thumbnail","6":"product_cat-fia-8859-de","7":"product_cat-snell-2020-sa2020-de","8":"product_cat-zamp-de","10":"first","11":"instock","12":"taxable","13":"shipping-taxable","14":"purchasable","15":"product-type-variable"},"acf":[],"yoast_head":"<!-- This site is optimized with the Yoast SEO plugin v27.0 - https:\/\/yoast.com\/product\/yoast-seo-wordpress\/ -->\n<title>ZR-72 Schwarz \/ Rot \/ Blau \u20ac515.83 -<\/title>\n<meta name=\"description\" content=\"Der brandneue, fortschrittliche FIA 8859-2015 und Snell SA2020 Helm von Zamp mit einer superleichten Schale und einem klaren Anti-Beschlag-Schild.\" \/>\n<meta name=\"robots\" content=\"index, follow, max-snippet:-1, max-image-preview:large, max-video-preview:-1\" \/>\n<link rel=\"canonical\" href=\"https:\/\/zamphelmets.co\/de\/produkt\/zr-72-schwarz-rot-blau\/\" \/>\n<meta property=\"og:locale\" content=\"de_DE\" \/>\n<meta property=\"og:type\" content=\"article\" \/>\n<meta property=\"og:title\" content=\"ZR-72 Schwarz \/ Rot \/ Blau \u20ac515.83 -\" \/>\n<meta property=\"og:description\" content=\"Der brandneue, fortschrittliche FIA 8859-2015 und Snell SA2020 Helm von Zamp mit einer superleichten Schale und einem klaren Anti-Beschlag-Schild.\" \/>\n<meta property=\"og:url\" content=\"https:\/\/zamphelmets.co\/de\/produkt\/zr-72-schwarz-rot-blau\/\" \/>\n<meta property=\"og:site_name\" content=\"Zamp Helmets | Helmet 28 EU\" \/>\n<meta property=\"article:modified_time\" content=\"2026-02-16T15:56:30+00:00\" \/>\n<meta property=\"og:image\" content=\"https:\/\/zamphelmets.co\/wp-content\/uploads\/2023\/12\/H778C44.jpg\" \/>\n\t<meta property=\"og:image:width\" content=\"1000\" \/>\n\t<meta property=\"og:image:height\" content=\"1000\" \/>\n\t<meta property=\"og:image:type\" content=\"image\/jpeg\" \/>\n<meta name=\"twitter:card\" content=\"summary_large_image\" \/>\n<meta name=\"twitter:label1\" content=\"Est. reading time\" \/>\n\t<meta name=\"twitter:data1\" content=\"1 Minute\" \/>\n<script type=\"application\/ld+json\" class=\"yoast-schema-graph\">{\"@context\":\"https:\/\/schema.org\",\"@graph\":[{\"@type\":\"WebPage\",\"@id\":\"https:\/\/zamphelmets.co\/de\/produkt\/zr-72-schwarz-rot-blau\/\",\"url\":\"https:\/\/zamphelmets.co\/de\/produkt\/zr-72-schwarz-rot-blau\/\",\"name\":\"ZR-72 Schwarz \/ Rot \/ Blau \u20ac515.83 -\",\"isPartOf\":{\"@id\":\"https:\/\/zamphelmets.co\/de\/#website\"},\"primaryImageOfPage\":{\"@id\":\"https:\/\/zamphelmets.co\/de\/produkt\/zr-72-schwarz-rot-blau\/#primaryimage\"},\"image\":{\"@id\":\"https:\/\/zamphelmets.co\/de\/produkt\/zr-72-schwarz-rot-blau\/#primaryimage\"},\"thumbnailUrl\":\"https:\/\/zamphelmets.co\/wp-content\/uploads\/2023\/12\/H778C44.jpg\",\"datePublished\":\"2023-12-04T15:58:13+00:00\",\"dateModified\":\"2026-02-16T15:56:30+00:00\",\"description\":\"Der brandneue, fortschrittliche FIA 8859-2015 und Snell SA2020 Helm von Zamp mit einer superleichten Schale und einem klaren Anti-Beschlag-Schild.\",\"breadcrumb\":{\"@id\":\"https:\/\/zamphelmets.co\/de\/produkt\/zr-72-schwarz-rot-blau\/#breadcrumb\"},\"inLanguage\":\"de-DE\",\"potentialAction\":[{\"@type\":\"ReadAction\",\"target\":[\"https:\/\/zamphelmets.co\/de\/produkt\/zr-72-schwarz-rot-blau\/\"]}]},{\"@type\":\"ImageObject\",\"inLanguage\":\"de-DE\",\"@id\":\"https:\/\/zamphelmets.co\/de\/produkt\/zr-72-schwarz-rot-blau\/#primaryimage\",\"url\":\"https:\/\/zamphelmets.co\/wp-content\/uploads\/2023\/12\/H778C44.jpg\",\"contentUrl\":\"https:\/\/zamphelmets.co\/wp-content\/uploads\/2023\/12\/H778C44.jpg\",\"width\":1000,\"height\":1000},{\"@type\":\"BreadcrumbList\",\"@id\":\"https:\/\/zamphelmets.co\/de\/produkt\/zr-72-schwarz-rot-blau\/#breadcrumb\",\"itemListElement\":[{\"@type\":\"ListItem\",\"position\":1,\"name\":\"Shop\",\"item\":\"https:\/\/zamphelmets.co\/de\/shop\/\"},{\"@type\":\"ListItem\",\"position\":2,\"name\":\"ZR-72 Schwarz \/ Rot \/ Blau\"}]},{\"@type\":\"WebSite\",\"@id\":\"https:\/\/zamphelmets.co\/de\/#website\",\"url\":\"https:\/\/zamphelmets.co\/de\/\",\"name\":\"Zamp Helmets | Helmet 28 EU\",\"description\":\"High Quality Motorsport Helmets\",\"potentialAction\":[{\"@type\":\"SearchAction\",\"target\":{\"@type\":\"EntryPoint\",\"urlTemplate\":\"https:\/\/zamphelmets.co\/de\/?s={search_term_string}\"},\"query-input\":{\"@type\":\"PropertyValueSpecification\",\"valueRequired\":true,\"valueName\":\"search_term_string\"}}],\"inLanguage\":\"de-DE\"}]}<\/script>\n<!-- \/ Yoast SEO plugin. -->","yoast_head_json":{"title":"ZR-72 Schwarz \/ Rot \/ Blau \u20ac515.83 -","description":"Der brandneue, fortschrittliche FIA 8859-2015 und Snell SA2020 Helm von Zamp mit einer superleichten Schale und einem klaren Anti-Beschlag-Schild.","robots":{"index":"index","follow":"follow","max-snippet":"max-snippet:-1","max-image-preview":"max-image-preview:large","max-video-preview":"max-video-preview:-1"},"canonical":"https:\/\/zamphelmets.co\/de\/produkt\/zr-72-schwarz-rot-blau\/","og_locale":"de_DE","og_type":"article","og_title":"ZR-72 Schwarz \/ Rot \/ Blau \u20ac515.83 -","og_description":"Der brandneue, fortschrittliche FIA 8859-2015 und Snell SA2020 Helm von Zamp mit einer superleichten Schale und einem klaren Anti-Beschlag-Schild.","og_url":"https:\/\/zamphelmets.co\/de\/produkt\/zr-72-schwarz-rot-blau\/","og_site_name":"Zamp Helmets | Helmet 28 EU","article_modified_time":"2026-02-16T15:56:30+00:00","og_image":[{"width":1000,"height":1000,"url":"https:\/\/zamphelmets.co\/wp-content\/uploads\/2023\/12\/H778C44.jpg","type":"image\/jpeg"}],"twitter_card":"summary_large_image","twitter_misc":{"Est. reading time":"1 Minute"},"schema":{"@context":"https:\/\/schema.org","@graph":[{"@type":"WebPage","@id":"https:\/\/zamphelmets.co\/de\/produkt\/zr-72-schwarz-rot-blau\/","url":"https:\/\/zamphelmets.co\/de\/produkt\/zr-72-schwarz-rot-blau\/","name":"ZR-72 Schwarz \/ Rot \/ Blau \u20ac515.83 -","isPartOf":{"@id":"https:\/\/zamphelmets.co\/de\/#website"},"primaryImageOfPage":{"@id":"https:\/\/zamphelmets.co\/de\/produkt\/zr-72-schwarz-rot-blau\/#primaryimage"},"image":{"@id":"https:\/\/zamphelmets.co\/de\/produkt\/zr-72-schwarz-rot-blau\/#primaryimage"},"thumbnailUrl":"https:\/\/zamphelmets.co\/wp-content\/uploads\/2023\/12\/H778C44.jpg","datePublished":"2023-12-04T15:58:13+00:00","dateModified":"2026-02-16T15:56:30+00:00","description":"Der brandneue, fortschrittliche FIA 8859-2015 und Snell SA2020 Helm von Zamp mit einer superleichten Schale und einem klaren Anti-Beschlag-Schild.","breadcrumb":{"@id":"https:\/\/zamphelmets.co\/de\/produkt\/zr-72-schwarz-rot-blau\/#breadcrumb"},"inLanguage":"de-DE","potentialAction":[{"@type":"ReadAction","target":["https:\/\/zamphelmets.co\/de\/produkt\/zr-72-schwarz-rot-blau\/"]}]},{"@type":"ImageObject","inLanguage":"de-DE","@id":"https:\/\/zamphelmets.co\/de\/produkt\/zr-72-schwarz-rot-blau\/#primaryimage","url":"https:\/\/zamphelmets.co\/wp-content\/uploads\/2023\/12\/H778C44.jpg","contentUrl":"https:\/\/zamphelmets.co\/wp-content\/uploads\/2023\/12\/H778C44.jpg","width":1000,"height":1000},{"@type":"BreadcrumbList","@id":"https:\/\/zamphelmets.co\/de\/produkt\/zr-72-schwarz-rot-blau\/#breadcrumb","itemListElement":[{"@type":"ListItem","position":1,"name":"Shop","item":"https:\/\/zamphelmets.co\/de\/shop\/"},{"@type":"ListItem","position":2,"name":"ZR-72 Schwarz \/ Rot \/ Blau"}]},{"@type":"WebSite","@id":"https:\/\/zamphelmets.co\/de\/#website","url":"https:\/\/zamphelmets.co\/de\/","name":"Zamp Helmets | Helmet 28 EU","description":"High Quality Motorsport Helmets","potentialAction":[{"@type":"SearchAction","target":{"@type":"EntryPoint","urlTemplate":"https:\/\/zamphelmets.co\/de\/?s={search_term_string}"},"query-input":{"@type":"PropertyValueSpecification","valueRequired":true,"valueName":"search_term_string"}}],"inLanguage":"de-DE"}]}},"_links":{"self":[{"href":"https:\/\/zamphelmets.co\/de\/wp-json\/wp\/v2\/product\/25033","targetHints":{"allow":["GET"]}}],"collection":[{"href":"https:\/\/zamphelmets.co\/de\/wp-json\/wp\/v2\/product"}],"about":[{"href":"https:\/\/zamphelmets.co\/de\/wp-json\/wp\/v2\/types\/product"}],"replies":[{"embeddable":true,"href":"https:\/\/zamphelmets.co\/de\/wp-json\/wp\/v2\/comments?post=25033"}],"wp:featuredmedia":[{"embeddable":true,"href":"https:\/\/zamphelmets.co\/de\/wp-json\/wp\/v2\/media\/19626"}],"wp:attachment":[{"href":"https:\/\/zamphelmets.co\/de\/wp-json\/wp\/v2\/media?parent=25033"}],"wp:term":[{"taxonomy":"product_brand","embeddable":true,"href":"https:\/\/zamphelmets.co\/de\/wp-json\/wp\/v2\/product_brand?post=25033"},{"taxonomy":"product_cat","embeddable":true,"href":"https:\/\/zamphelmets.co\/de\/wp-json\/wp\/v2\/product_cat?post=25033"},{"taxonomy":"product_tag","embeddable":true,"href":"https:\/\/zamphelmets.co\/de\/wp-json\/wp\/v2\/product_tag?post=25033"}],"curies":[{"name":"wp","href":"https:\/\/api.w.org\/{rel}","templated":true}]}}