{"id":24927,"date":"2023-12-19T11:54:53","date_gmt":"2023-12-19T11:54:53","guid":{"rendered":"https:\/\/zamphelmets.co\/product\/zr-52f-rennanzug-rot\/"},"modified":"2023-12-19T11:54:53","modified_gmt":"2023-12-19T11:54:53","slug":"zr-52f-rennanzug-rot","status":"publish","type":"product","link":"https:\/\/zamphelmets.co\/de\/produkt\/zr-52f-rennanzug-rot\/","title":{"rendered":"ZR-52F Rennanzug Rot"},"content":{"rendered":"<p>Der neue ZAMP ZR-52F Anzug ist ein ultraleichter, atmungsaktiver und hochwertiger dreilagiger FIA-Anzug. Sie entsprechen dem neuesten FIA 8856-2018 Standard und sind in einer Vielzahl von Gr\u00f6\u00dfen erh\u00e4ltlich, damit sie allen Fahrern passen.<\/p>\n<ul>\n<li>Ultraleichte Konstruktion mit 3 Lagen aus weichem Aramid, ultraleichtem und atmungsaktivem Material mit 290 g\/m\u00b2.\n<ul>\n<li>\u00c4u\u00dferste Schicht: 100% Aramid, 200gsm<\/li>\n<li>Zwischenschicht: 70% Meta Aramid, 30% Para Aramid, 70gsm<\/li>\n<li>Innerste Schicht: 95% Meta Aramid, 5% Para Aramid, 95gsm<\/li>\n<\/ul>\n<\/li>\n<li>ULTRA-STRETCH-Paneele entlang des Brustkorbs, des unteren R\u00fcckens, des Schrittes und der Schultern sorgen f\u00fcr eine nat\u00fcrliche Passform &#8211; unvergleichliche Flexibilit\u00e4t, ohne einzuschneiden<\/li>\n<li>Abgewinkelte N\u00e4hte f\u00fcr ein besonders attraktives Design<\/li>\n<li>Gerades Bein und verstellbarer G\u00fcrtel<\/li>\n<li>Aramid-Manschetten f\u00fcr weichen Komfort an Kn\u00f6cheln und Handgelenken<\/li>\n<li>Flexible Schulterpaneele erm\u00f6glichen eine 360-Grad-Schulterdrehung<\/li>\n<li>SFI 3.2A\/5 &amp; FIA 8856-2018 zertifiziert<\/li>\n<li>TPP Bewertung: 23.96<\/li>\n<li>Erh\u00e4ltlich in Schwarz, Grau, Rot oder Blau<\/li>\n<\/ul>\n<p><img decoding=\"async\" class=\"alignnone size-medium wp-image-10295 lazyload\" data-src=\"https:\/\/zamphelmets.eu\/wp-content\/uploads\/2023\/12\/SuitSizeChart_SlimFit_allmeasurements-204x300.jpeg\" alt=\"\" width=\"204\" height=\"300\" src=\"data:image\/svg+xml;base64,PHN2ZyB3aWR0aD0iMSIgaGVpZ2h0PSIxIiB4bWxucz0iaHR0cDovL3d3dy53My5vcmcvMjAwMC9zdmciPjwvc3ZnPg==\" style=\"--smush-placeholder-width: 204px; --smush-placeholder-aspect-ratio: 204\/300;\"><\/p>\n","protected":false},"excerpt":{"rendered":"<p>Der neue ZAMP ZR-52F Anzug ist ein ultraleichter, atmungsaktiver und hochwertiger dreilagiger FIA-Anzug. Sie entsprechen dem neuesten FIA 8856-2018 Standard und sind in einer Vielzahl von Gr\u00f6\u00dfen erh\u00e4ltlich, damit sie allen Fahrern passen. Ultraleichte Konstruktion mit 3 Lagen aus weichem Aramid, ultraleichtem und atmungsaktivem Material mit 290 g\/m\u00b2. \u00c4u\u00dferste Schicht: 100% Aramid, 200gsm Zwischenschicht: 70% [&hellip;]<\/p>\n","protected":false},"featured_media":19780,"comment_status":"open","ping_status":"closed","template":"","meta":{"_acf_changed":false,"_iconic_wsb_product_page_order_bump_ids":[[]],"_sku":["R10002"],"_iconic_wsb_product_page_bump_modal_ids":[[]]},"product_brand":[],"product_cat":[331,172],"product_tag":[],"class_list":{"0":"post-24927","1":"product","2":"type-product","3":"status-publish","4":"has-post-thumbnail","6":"product_cat-anzuge","7":"product_cat-schutz-kleidung","9":"first","10":"onbackorder","11":"taxable","12":"shipping-taxable","13":"purchasable","14":"product-type-variable"},"acf":[],"yoast_head":"<!-- This site is optimized with the Yoast SEO plugin v27.0 - https:\/\/yoast.com\/product\/yoast-seo-wordpress\/ -->\n<title>ZR-52F Rennanzug Rot - Zamp Helmets | Helmet 28 EU<\/title>\n<meta name=\"robots\" content=\"index, follow, max-snippet:-1, max-image-preview:large, max-video-preview:-1\" \/>\n<link rel=\"canonical\" href=\"https:\/\/zamphelmets.co\/de\/produkt\/zr-52f-rennanzug-rot\/\" \/>\n<meta property=\"og:locale\" content=\"de_DE\" \/>\n<meta property=\"og:type\" content=\"article\" \/>\n<meta property=\"og:title\" content=\"ZR-52F Rennanzug Rot - Zamp Helmets | Helmet 28 EU\" \/>\n<meta property=\"og:description\" content=\"Der neue ZAMP ZR-52F Anzug ist ein ultraleichter, atmungsaktiver und hochwertiger dreilagiger FIA-Anzug. Sie entsprechen dem neuesten FIA 8856-2018 Standard und sind in einer Vielzahl von Gr\u00f6\u00dfen erh\u00e4ltlich, damit sie allen Fahrern passen. Ultraleichte Konstruktion mit 3 Lagen aus weichem Aramid, ultraleichtem und atmungsaktivem Material mit 290 g\/m\u00b2. \u00c4u\u00dferste Schicht: 100% Aramid, 200gsm Zwischenschicht: 70% [&hellip;]\" \/>\n<meta property=\"og:url\" content=\"https:\/\/zamphelmets.co\/de\/produkt\/zr-52f-rennanzug-rot\/\" \/>\n<meta property=\"og:site_name\" content=\"Zamp Helmets | Helmet 28 EU\" \/>\n<meta property=\"og:image\" content=\"https:\/\/zamphelmets.co\/wp-content\/uploads\/2023\/12\/R10002.jpeg\" \/>\n\t<meta property=\"og:image:width\" content=\"1000\" \/>\n\t<meta property=\"og:image:height\" content=\"1000\" \/>\n\t<meta property=\"og:image:type\" content=\"image\/jpeg\" \/>\n<meta name=\"twitter:card\" content=\"summary_large_image\" \/>\n<meta name=\"twitter:label1\" content=\"Est. reading time\" \/>\n\t<meta name=\"twitter:data1\" content=\"1 Minute\" \/>\n<script type=\"application\/ld+json\" class=\"yoast-schema-graph\">{\"@context\":\"https:\/\/schema.org\",\"@graph\":[{\"@type\":\"WebPage\",\"@id\":\"https:\/\/zamphelmets.co\/de\/produkt\/zr-52f-rennanzug-rot\/\",\"url\":\"https:\/\/zamphelmets.co\/de\/produkt\/zr-52f-rennanzug-rot\/\",\"name\":\"ZR-52F Rennanzug Rot - Zamp Helmets | Helmet 28 EU\",\"isPartOf\":{\"@id\":\"https:\/\/zamphelmets.co\/de\/#website\"},\"primaryImageOfPage\":{\"@id\":\"https:\/\/zamphelmets.co\/de\/produkt\/zr-52f-rennanzug-rot\/#primaryimage\"},\"image\":{\"@id\":\"https:\/\/zamphelmets.co\/de\/produkt\/zr-52f-rennanzug-rot\/#primaryimage\"},\"thumbnailUrl\":\"https:\/\/zamphelmets.co\/wp-content\/uploads\/2023\/12\/R10002.jpeg\",\"datePublished\":\"2023-12-19T11:54:53+00:00\",\"breadcrumb\":{\"@id\":\"https:\/\/zamphelmets.co\/de\/produkt\/zr-52f-rennanzug-rot\/#breadcrumb\"},\"inLanguage\":\"de-DE\",\"potentialAction\":[{\"@type\":\"ReadAction\",\"target\":[\"https:\/\/zamphelmets.co\/de\/produkt\/zr-52f-rennanzug-rot\/\"]}]},{\"@type\":\"ImageObject\",\"inLanguage\":\"de-DE\",\"@id\":\"https:\/\/zamphelmets.co\/de\/produkt\/zr-52f-rennanzug-rot\/#primaryimage\",\"url\":\"https:\/\/zamphelmets.co\/wp-content\/uploads\/2023\/12\/R10002.jpeg\",\"contentUrl\":\"https:\/\/zamphelmets.co\/wp-content\/uploads\/2023\/12\/R10002.jpeg\",\"width\":1000,\"height\":1000},{\"@type\":\"BreadcrumbList\",\"@id\":\"https:\/\/zamphelmets.co\/de\/produkt\/zr-52f-rennanzug-rot\/#breadcrumb\",\"itemListElement\":[{\"@type\":\"ListItem\",\"position\":1,\"name\":\"Shop\",\"item\":\"https:\/\/zamphelmets.co\/de\/shop\/\"},{\"@type\":\"ListItem\",\"position\":2,\"name\":\"ZR-52F Rennanzug Rot\"}]},{\"@type\":\"WebSite\",\"@id\":\"https:\/\/zamphelmets.co\/de\/#website\",\"url\":\"https:\/\/zamphelmets.co\/de\/\",\"name\":\"Zamp Helmets | Helmet 28 EU\",\"description\":\"High Quality Motorsport Helmets\",\"potentialAction\":[{\"@type\":\"SearchAction\",\"target\":{\"@type\":\"EntryPoint\",\"urlTemplate\":\"https:\/\/zamphelmets.co\/de\/?s={search_term_string}\"},\"query-input\":{\"@type\":\"PropertyValueSpecification\",\"valueRequired\":true,\"valueName\":\"search_term_string\"}}],\"inLanguage\":\"de-DE\"}]}<\/script>\n<!-- \/ Yoast SEO plugin. -->","yoast_head_json":{"title":"ZR-52F Rennanzug Rot - Zamp Helmets | Helmet 28 EU","robots":{"index":"index","follow":"follow","max-snippet":"max-snippet:-1","max-image-preview":"max-image-preview:large","max-video-preview":"max-video-preview:-1"},"canonical":"https:\/\/zamphelmets.co\/de\/produkt\/zr-52f-rennanzug-rot\/","og_locale":"de_DE","og_type":"article","og_title":"ZR-52F Rennanzug Rot - Zamp Helmets | Helmet 28 EU","og_description":"Der neue ZAMP ZR-52F Anzug ist ein ultraleichter, atmungsaktiver und hochwertiger dreilagiger FIA-Anzug. Sie entsprechen dem neuesten FIA 8856-2018 Standard und sind in einer Vielzahl von Gr\u00f6\u00dfen erh\u00e4ltlich, damit sie allen Fahrern passen. Ultraleichte Konstruktion mit 3 Lagen aus weichem Aramid, ultraleichtem und atmungsaktivem Material mit 290 g\/m\u00b2. \u00c4u\u00dferste Schicht: 100% Aramid, 200gsm Zwischenschicht: 70% [&hellip;]","og_url":"https:\/\/zamphelmets.co\/de\/produkt\/zr-52f-rennanzug-rot\/","og_site_name":"Zamp Helmets | Helmet 28 EU","og_image":[{"width":1000,"height":1000,"url":"https:\/\/zamphelmets.co\/wp-content\/uploads\/2023\/12\/R10002.jpeg","type":"image\/jpeg"}],"twitter_card":"summary_large_image","twitter_misc":{"Est. reading time":"1 Minute"},"schema":{"@context":"https:\/\/schema.org","@graph":[{"@type":"WebPage","@id":"https:\/\/zamphelmets.co\/de\/produkt\/zr-52f-rennanzug-rot\/","url":"https:\/\/zamphelmets.co\/de\/produkt\/zr-52f-rennanzug-rot\/","name":"ZR-52F Rennanzug Rot - Zamp Helmets | Helmet 28 EU","isPartOf":{"@id":"https:\/\/zamphelmets.co\/de\/#website"},"primaryImageOfPage":{"@id":"https:\/\/zamphelmets.co\/de\/produkt\/zr-52f-rennanzug-rot\/#primaryimage"},"image":{"@id":"https:\/\/zamphelmets.co\/de\/produkt\/zr-52f-rennanzug-rot\/#primaryimage"},"thumbnailUrl":"https:\/\/zamphelmets.co\/wp-content\/uploads\/2023\/12\/R10002.jpeg","datePublished":"2023-12-19T11:54:53+00:00","breadcrumb":{"@id":"https:\/\/zamphelmets.co\/de\/produkt\/zr-52f-rennanzug-rot\/#breadcrumb"},"inLanguage":"de-DE","potentialAction":[{"@type":"ReadAction","target":["https:\/\/zamphelmets.co\/de\/produkt\/zr-52f-rennanzug-rot\/"]}]},{"@type":"ImageObject","inLanguage":"de-DE","@id":"https:\/\/zamphelmets.co\/de\/produkt\/zr-52f-rennanzug-rot\/#primaryimage","url":"https:\/\/zamphelmets.co\/wp-content\/uploads\/2023\/12\/R10002.jpeg","contentUrl":"https:\/\/zamphelmets.co\/wp-content\/uploads\/2023\/12\/R10002.jpeg","width":1000,"height":1000},{"@type":"BreadcrumbList","@id":"https:\/\/zamphelmets.co\/de\/produkt\/zr-52f-rennanzug-rot\/#breadcrumb","itemListElement":[{"@type":"ListItem","position":1,"name":"Shop","item":"https:\/\/zamphelmets.co\/de\/shop\/"},{"@type":"ListItem","position":2,"name":"ZR-52F Rennanzug Rot"}]},{"@type":"WebSite","@id":"https:\/\/zamphelmets.co\/de\/#website","url":"https:\/\/zamphelmets.co\/de\/","name":"Zamp Helmets | Helmet 28 EU","description":"High Quality Motorsport Helmets","potentialAction":[{"@type":"SearchAction","target":{"@type":"EntryPoint","urlTemplate":"https:\/\/zamphelmets.co\/de\/?s={search_term_string}"},"query-input":{"@type":"PropertyValueSpecification","valueRequired":true,"valueName":"search_term_string"}}],"inLanguage":"de-DE"}]}},"_links":{"self":[{"href":"https:\/\/zamphelmets.co\/de\/wp-json\/wp\/v2\/product\/24927","targetHints":{"allow":["GET"]}}],"collection":[{"href":"https:\/\/zamphelmets.co\/de\/wp-json\/wp\/v2\/product"}],"about":[{"href":"https:\/\/zamphelmets.co\/de\/wp-json\/wp\/v2\/types\/product"}],"replies":[{"embeddable":true,"href":"https:\/\/zamphelmets.co\/de\/wp-json\/wp\/v2\/comments?post=24927"}],"wp:featuredmedia":[{"embeddable":true,"href":"https:\/\/zamphelmets.co\/de\/wp-json\/wp\/v2\/media\/19780"}],"wp:attachment":[{"href":"https:\/\/zamphelmets.co\/de\/wp-json\/wp\/v2\/media?parent=24927"}],"wp:term":[{"taxonomy":"product_brand","embeddable":true,"href":"https:\/\/zamphelmets.co\/de\/wp-json\/wp\/v2\/product_brand?post=24927"},{"taxonomy":"product_cat","embeddable":true,"href":"https:\/\/zamphelmets.co\/de\/wp-json\/wp\/v2\/product_cat?post=24927"},{"taxonomy":"product_tag","embeddable":true,"href":"https:\/\/zamphelmets.co\/de\/wp-json\/wp\/v2\/product_tag?post=24927"}],"curies":[{"name":"wp","href":"https:\/\/api.w.org\/{rel}","templated":true}]}}