{"id":24715,"date":"2023-11-23T12:52:14","date_gmt":"2023-11-23T12:52:14","guid":{"rendered":"https:\/\/zamphelmets.co\/product\/alpinestars-bionic-rippenprotektor-kinder\/"},"modified":"2024-11-06T16:19:30","modified_gmt":"2024-11-06T16:19:30","slug":"alpinestars-bionic-rippenprotektor-kinder","status":"publish","type":"product","link":"https:\/\/zamphelmets.co\/de\/produkt\/alpinestars-bionic-rippenprotektor-kinder\/","title":{"rendered":"Alpinestars BIONIC Rippenprotektor (Kinder)"},"content":{"rendered":"<p>Der Alpinestars BIONIC Rippenschutz KIDS ist ergonomisch geformt, um zus\u00e4tzlichen Komfort und Unterst\u00fctzung beim Fahren zu bieten.<\/p>\n<p>Die doppellaminierte Polsterung besteht aus einer 3 mm dicken Polsterung, die sich bequem an den K\u00f6rper anschmiegt, einem 4 mm dicken sto\u00dfabsorbierenden Schutz aus EVA-Schaumstoff f\u00fcr verbesserten Schutz und effektive Sto\u00dfd\u00e4mpfung und einer Fiberglasplatte, die den Sto\u00df absorbiert und \u00fcber die Oberfl\u00e4che verteilt, um den Druck zu verringern. Dank des praktischen Klettverschlusses auf der R\u00fcckseite kann der Rippenschutz noch in der Gr\u00f6\u00dfe angepasst werden.<\/p>\n<p>Der Alpinestars Bionic Rippenschutz ist in 3 Gr\u00f6\u00dfen erh\u00e4ltlich und jede Gr\u00f6\u00dfe hat 3 Klettverschl\u00fcsse, um die bestm\u00f6gliche Passform zu gew\u00e4hrleisten.<\/p>\n<p>Diese Gr\u00f6\u00dfe ist f\u00fcr <strong>Kinder<\/strong> in 1 Gr\u00f6\u00dfe, am R\u00fccken verstellbar.<\/p>\n<p><strong>FITMENT<\/strong><\/p>\n<p>Ziehen Sie die Bionic Rib Support an, befestigen Sie den Brustgurt und ziehen Sie ihn fest. Achten Sie darauf, dass die Bionic Rib Support bequem sitzt, den Brustkorb gut bedeckt und die Bewegung von Brust und Armen sowie die Atmung nicht behindert. Um die richtige Gr\u00f6\u00dfe zu ermitteln, sollte die Bionic Rib Support mit der normalerweise darunter getragenen Kleidung angepasst werden.<\/p>\n<p><strong>WARTUNG UND LAGERUNG<\/strong><\/p>\n<p>Wenn die Bionic Rippenst\u00fctze verschmutzt ist, k\u00f6nnen Sie sie mit einem feuchten Tuch und Seifenwasser reinigen. Lagern Sie es h\u00e4ngend oder liegend an einem trockenen und gut bel\u00fcfteten Ort, fern von W\u00e4rmequellen und direktem Sonnenlicht.<\/p>\n","protected":false},"excerpt":{"rendered":"<p>Der Alpinestars BIONIC Rippenschutz KIDS ist ergonomisch geformt, um zus\u00e4tzlichen Komfort und Unterst\u00fctzung beim Fahren zu bieten. Die doppellaminierte Polsterung besteht aus einer 3 mm dicken Polsterung, die sich bequem an den K\u00f6rper anschmiegt, einem 4 mm dicken sto\u00dfabsorbierenden Schutz aus EVA-Schaumstoff f\u00fcr verbesserten Schutz und effektive Sto\u00dfd\u00e4mpfung und einer Fiberglasplatte, die den Sto\u00df absorbiert [&hellip;]<\/p>\n","protected":false},"featured_media":19353,"comment_status":"open","ping_status":"closed","template":"","meta":{"_acf_changed":false,"_iconic_wsb_product_page_order_bump_ids":[[]],"_sku":["6547013"],"_iconic_wsb_product_page_bump_modal_ids":[[]]},"product_brand":[],"product_cat":[219,287,172,125],"product_tag":[],"class_list":{"0":"post-24715","1":"product","2":"type-product","3":"status-publish","4":"has-post-thumbnail","6":"product_cat-andere-de","7":"product_cat-schutz","8":"product_cat-schutz-kleidung","9":"product_cat-zubehor","11":"first","12":"instock","13":"taxable","14":"shipping-taxable","15":"purchasable","16":"product-type-variable"},"acf":[],"yoast_head":"<!-- This site is optimized with the Yoast SEO plugin v27.0 - https:\/\/yoast.com\/product\/yoast-seo-wordpress\/ -->\n<title>Alpinestars BIONIC Rippenprotektor (Kinder) - Zamp Helmets | Helmet 28 EU<\/title>\n<meta name=\"description\" content=\"Der Alpinestars BIONIC Rippenschutz KIDS ist ergonomisch geformt, um zus\u00e4tzlichen Komfort und Unterst\u00fctzung beim Fahren zu bieten. Eine komfortable Fahrt ist garantiert.\" \/>\n<meta name=\"robots\" content=\"index, follow, max-snippet:-1, max-image-preview:large, max-video-preview:-1\" \/>\n<link rel=\"canonical\" href=\"https:\/\/zamphelmets.co\/de\/produkt\/alpinestars-bionic-rippenprotektor-kinder\/\" \/>\n<meta property=\"og:locale\" content=\"de_DE\" \/>\n<meta property=\"og:type\" content=\"article\" \/>\n<meta property=\"og:title\" content=\"Alpinestars BIONIC Rippenprotektor (Kinder) - Zamp Helmets | Helmet 28 EU\" \/>\n<meta property=\"og:description\" content=\"Der Alpinestars BIONIC Rippenschutz KIDS ist ergonomisch geformt, um zus\u00e4tzlichen Komfort und Unterst\u00fctzung beim Fahren zu bieten. Eine komfortable Fahrt ist garantiert.\" \/>\n<meta property=\"og:url\" content=\"https:\/\/zamphelmets.co\/de\/produkt\/alpinestars-bionic-rippenprotektor-kinder\/\" \/>\n<meta property=\"og:site_name\" content=\"Zamp Helmets | Helmet 28 EU\" \/>\n<meta property=\"article:modified_time\" content=\"2024-11-06T16:19:30+00:00\" \/>\n<meta property=\"og:image\" content=\"https:\/\/zamphelmets.co\/wp-content\/uploads\/2023\/11\/6537013-155-FR_Bionic-Rib-Support-web_2000x2000.jpeg\" \/>\n\t<meta property=\"og:image:width\" content=\"1000\" \/>\n\t<meta property=\"og:image:height\" content=\"1000\" \/>\n\t<meta property=\"og:image:type\" content=\"image\/jpeg\" \/>\n<meta name=\"twitter:card\" content=\"summary_large_image\" \/>\n<meta name=\"twitter:label1\" content=\"Est. reading time\" \/>\n\t<meta name=\"twitter:data1\" content=\"1 Minute\" \/>\n<script type=\"application\/ld+json\" class=\"yoast-schema-graph\">{\"@context\":\"https:\/\/schema.org\",\"@graph\":[{\"@type\":\"WebPage\",\"@id\":\"https:\/\/zamphelmets.co\/de\/produkt\/alpinestars-bionic-rippenprotektor-kinder\/\",\"url\":\"https:\/\/zamphelmets.co\/de\/produkt\/alpinestars-bionic-rippenprotektor-kinder\/\",\"name\":\"Alpinestars BIONIC Rippenprotektor (Kinder) - Zamp Helmets | Helmet 28 EU\",\"isPartOf\":{\"@id\":\"https:\/\/zamphelmets.co\/de\/#website\"},\"primaryImageOfPage\":{\"@id\":\"https:\/\/zamphelmets.co\/de\/produkt\/alpinestars-bionic-rippenprotektor-kinder\/#primaryimage\"},\"image\":{\"@id\":\"https:\/\/zamphelmets.co\/de\/produkt\/alpinestars-bionic-rippenprotektor-kinder\/#primaryimage\"},\"thumbnailUrl\":\"https:\/\/zamphelmets.co\/wp-content\/uploads\/2023\/11\/6537013-155-FR_Bionic-Rib-Support-web_2000x2000.jpeg\",\"datePublished\":\"2023-11-23T12:52:14+00:00\",\"dateModified\":\"2024-11-06T16:19:30+00:00\",\"description\":\"Der Alpinestars BIONIC Rippenschutz KIDS ist ergonomisch geformt, um zus\u00e4tzlichen Komfort und Unterst\u00fctzung beim Fahren zu bieten. Eine komfortable Fahrt ist garantiert.\",\"breadcrumb\":{\"@id\":\"https:\/\/zamphelmets.co\/de\/produkt\/alpinestars-bionic-rippenprotektor-kinder\/#breadcrumb\"},\"inLanguage\":\"de-DE\",\"potentialAction\":[{\"@type\":\"ReadAction\",\"target\":[\"https:\/\/zamphelmets.co\/de\/produkt\/alpinestars-bionic-rippenprotektor-kinder\/\"]}]},{\"@type\":\"ImageObject\",\"inLanguage\":\"de-DE\",\"@id\":\"https:\/\/zamphelmets.co\/de\/produkt\/alpinestars-bionic-rippenprotektor-kinder\/#primaryimage\",\"url\":\"https:\/\/zamphelmets.co\/wp-content\/uploads\/2023\/11\/6537013-155-FR_Bionic-Rib-Support-web_2000x2000.jpeg\",\"contentUrl\":\"https:\/\/zamphelmets.co\/wp-content\/uploads\/2023\/11\/6537013-155-FR_Bionic-Rib-Support-web_2000x2000.jpeg\",\"width\":1000,\"height\":1000},{\"@type\":\"BreadcrumbList\",\"@id\":\"https:\/\/zamphelmets.co\/de\/produkt\/alpinestars-bionic-rippenprotektor-kinder\/#breadcrumb\",\"itemListElement\":[{\"@type\":\"ListItem\",\"position\":1,\"name\":\"Shop\",\"item\":\"https:\/\/zamphelmets.co\/de\/shop\/\"},{\"@type\":\"ListItem\",\"position\":2,\"name\":\"Alpinestars BIONIC Rippenprotektor (Kinder)\"}]},{\"@type\":\"WebSite\",\"@id\":\"https:\/\/zamphelmets.co\/de\/#website\",\"url\":\"https:\/\/zamphelmets.co\/de\/\",\"name\":\"Zamp Helmets | Helmet 28 EU\",\"description\":\"High Quality Motorsport Helmets\",\"potentialAction\":[{\"@type\":\"SearchAction\",\"target\":{\"@type\":\"EntryPoint\",\"urlTemplate\":\"https:\/\/zamphelmets.co\/de\/?s={search_term_string}\"},\"query-input\":{\"@type\":\"PropertyValueSpecification\",\"valueRequired\":true,\"valueName\":\"search_term_string\"}}],\"inLanguage\":\"de-DE\"}]}<\/script>\n<!-- \/ Yoast SEO plugin. -->","yoast_head_json":{"title":"Alpinestars BIONIC Rippenprotektor (Kinder) - Zamp Helmets | Helmet 28 EU","description":"Der Alpinestars BIONIC Rippenschutz KIDS ist ergonomisch geformt, um zus\u00e4tzlichen Komfort und Unterst\u00fctzung beim Fahren zu bieten. Eine komfortable Fahrt ist garantiert.","robots":{"index":"index","follow":"follow","max-snippet":"max-snippet:-1","max-image-preview":"max-image-preview:large","max-video-preview":"max-video-preview:-1"},"canonical":"https:\/\/zamphelmets.co\/de\/produkt\/alpinestars-bionic-rippenprotektor-kinder\/","og_locale":"de_DE","og_type":"article","og_title":"Alpinestars BIONIC Rippenprotektor (Kinder) - Zamp Helmets | Helmet 28 EU","og_description":"Der Alpinestars BIONIC Rippenschutz KIDS ist ergonomisch geformt, um zus\u00e4tzlichen Komfort und Unterst\u00fctzung beim Fahren zu bieten. Eine komfortable Fahrt ist garantiert.","og_url":"https:\/\/zamphelmets.co\/de\/produkt\/alpinestars-bionic-rippenprotektor-kinder\/","og_site_name":"Zamp Helmets | Helmet 28 EU","article_modified_time":"2024-11-06T16:19:30+00:00","og_image":[{"width":1000,"height":1000,"url":"https:\/\/zamphelmets.co\/wp-content\/uploads\/2023\/11\/6537013-155-FR_Bionic-Rib-Support-web_2000x2000.jpeg","type":"image\/jpeg"}],"twitter_card":"summary_large_image","twitter_misc":{"Est. reading time":"1 Minute"},"schema":{"@context":"https:\/\/schema.org","@graph":[{"@type":"WebPage","@id":"https:\/\/zamphelmets.co\/de\/produkt\/alpinestars-bionic-rippenprotektor-kinder\/","url":"https:\/\/zamphelmets.co\/de\/produkt\/alpinestars-bionic-rippenprotektor-kinder\/","name":"Alpinestars BIONIC Rippenprotektor (Kinder) - Zamp Helmets | Helmet 28 EU","isPartOf":{"@id":"https:\/\/zamphelmets.co\/de\/#website"},"primaryImageOfPage":{"@id":"https:\/\/zamphelmets.co\/de\/produkt\/alpinestars-bionic-rippenprotektor-kinder\/#primaryimage"},"image":{"@id":"https:\/\/zamphelmets.co\/de\/produkt\/alpinestars-bionic-rippenprotektor-kinder\/#primaryimage"},"thumbnailUrl":"https:\/\/zamphelmets.co\/wp-content\/uploads\/2023\/11\/6537013-155-FR_Bionic-Rib-Support-web_2000x2000.jpeg","datePublished":"2023-11-23T12:52:14+00:00","dateModified":"2024-11-06T16:19:30+00:00","description":"Der Alpinestars BIONIC Rippenschutz KIDS ist ergonomisch geformt, um zus\u00e4tzlichen Komfort und Unterst\u00fctzung beim Fahren zu bieten. Eine komfortable Fahrt ist garantiert.","breadcrumb":{"@id":"https:\/\/zamphelmets.co\/de\/produkt\/alpinestars-bionic-rippenprotektor-kinder\/#breadcrumb"},"inLanguage":"de-DE","potentialAction":[{"@type":"ReadAction","target":["https:\/\/zamphelmets.co\/de\/produkt\/alpinestars-bionic-rippenprotektor-kinder\/"]}]},{"@type":"ImageObject","inLanguage":"de-DE","@id":"https:\/\/zamphelmets.co\/de\/produkt\/alpinestars-bionic-rippenprotektor-kinder\/#primaryimage","url":"https:\/\/zamphelmets.co\/wp-content\/uploads\/2023\/11\/6537013-155-FR_Bionic-Rib-Support-web_2000x2000.jpeg","contentUrl":"https:\/\/zamphelmets.co\/wp-content\/uploads\/2023\/11\/6537013-155-FR_Bionic-Rib-Support-web_2000x2000.jpeg","width":1000,"height":1000},{"@type":"BreadcrumbList","@id":"https:\/\/zamphelmets.co\/de\/produkt\/alpinestars-bionic-rippenprotektor-kinder\/#breadcrumb","itemListElement":[{"@type":"ListItem","position":1,"name":"Shop","item":"https:\/\/zamphelmets.co\/de\/shop\/"},{"@type":"ListItem","position":2,"name":"Alpinestars BIONIC Rippenprotektor (Kinder)"}]},{"@type":"WebSite","@id":"https:\/\/zamphelmets.co\/de\/#website","url":"https:\/\/zamphelmets.co\/de\/","name":"Zamp Helmets | Helmet 28 EU","description":"High Quality Motorsport Helmets","potentialAction":[{"@type":"SearchAction","target":{"@type":"EntryPoint","urlTemplate":"https:\/\/zamphelmets.co\/de\/?s={search_term_string}"},"query-input":{"@type":"PropertyValueSpecification","valueRequired":true,"valueName":"search_term_string"}}],"inLanguage":"de-DE"}]}},"_links":{"self":[{"href":"https:\/\/zamphelmets.co\/de\/wp-json\/wp\/v2\/product\/24715","targetHints":{"allow":["GET"]}}],"collection":[{"href":"https:\/\/zamphelmets.co\/de\/wp-json\/wp\/v2\/product"}],"about":[{"href":"https:\/\/zamphelmets.co\/de\/wp-json\/wp\/v2\/types\/product"}],"replies":[{"embeddable":true,"href":"https:\/\/zamphelmets.co\/de\/wp-json\/wp\/v2\/comments?post=24715"}],"wp:featuredmedia":[{"embeddable":true,"href":"https:\/\/zamphelmets.co\/de\/wp-json\/wp\/v2\/media\/19353"}],"wp:attachment":[{"href":"https:\/\/zamphelmets.co\/de\/wp-json\/wp\/v2\/media?parent=24715"}],"wp:term":[{"taxonomy":"product_brand","embeddable":true,"href":"https:\/\/zamphelmets.co\/de\/wp-json\/wp\/v2\/product_brand?post=24715"},{"taxonomy":"product_cat","embeddable":true,"href":"https:\/\/zamphelmets.co\/de\/wp-json\/wp\/v2\/product_cat?post=24715"},{"taxonomy":"product_tag","embeddable":true,"href":"https:\/\/zamphelmets.co\/de\/wp-json\/wp\/v2\/product_tag?post=24715"}],"curies":[{"name":"wp","href":"https:\/\/api.w.org\/{rel}","templated":true}]}}