{"id":24656,"date":"2023-11-23T12:52:34","date_gmt":"2023-11-23T12:52:34","guid":{"rendered":"https:\/\/zamphelmets.co\/product\/cover-exgel-polsterset\/"},"modified":"2025-02-27T19:45:04","modified_gmt":"2025-02-27T19:45:04","slug":"cover-exgel-polsterset","status":"publish","type":"product","link":"https:\/\/zamphelmets.co\/de\/produkt\/cover-exgel-polsterset\/","title":{"rendered":"COVER Exgel Polsterset"},"content":{"rendered":"<p>Das Exgel Cover Padding gibt Ihnen die M\u00f6glichkeit, das Aussehen Ihres Hans Systems zu ver\u00e4ndern und es an Ihr Outfit f\u00fcr den Renntag anzupassen. Die Exgel-Polsterung ist in 9 Farben erh\u00e4ltlich und erm\u00f6glicht es Ihnen, Ihren Rennanzug an Ihr Kopf- und Halsger\u00e4t anzupassen.<\/p>\n<p>Diese stilvollen Bez\u00fcge sind mit dem HANS-Nackenst\u00fctzensystem kompatibel, waschbar und aus feuerfester Baumwolle hergestellt.<\/p>\n<p>&nbsp;<\/p>\n","protected":false},"excerpt":{"rendered":"<p>Das Exgel Cover Padding gibt Ihnen die M\u00f6glichkeit, das Aussehen Ihres Hans Systems zu ver\u00e4ndern und es an Ihr Outfit f\u00fcr den Renntag anzupassen. Die Exgel-Polsterung ist in 9 Farben erh\u00e4ltlich und erm\u00f6glicht es Ihnen, Ihren Rennanzug an Ihr Kopf- und Halsger\u00e4t anzupassen. Diese stilvollen Bez\u00fcge sind mit dem HANS-Nackenst\u00fctzensystem kompatibel, waschbar und aus feuerfester [&hellip;]<\/p>\n","protected":false},"featured_media":19381,"comment_status":"open","ping_status":"closed","template":"","meta":{"_acf_changed":false,"_iconic_wsb_product_page_order_bump_ids":[[]],"_sku":["HANS01"],"_iconic_wsb_product_page_bump_modal_ids":[[]]},"product_brand":[],"product_cat":[219,287,172,125],"product_tag":[],"class_list":{"0":"post-24656","1":"product","2":"type-product","3":"status-publish","4":"has-post-thumbnail","6":"product_cat-andere-de","7":"product_cat-schutz","8":"product_cat-schutz-kleidung","9":"product_cat-zubehor","11":"first","12":"instock","13":"taxable","14":"shipping-taxable","15":"purchasable","16":"product-type-variable"},"acf":[],"yoast_head":"<!-- This site is optimized with the Yoast SEO plugin v27.0 - https:\/\/yoast.com\/product\/yoast-seo-wordpress\/ -->\n<title>COVER Exgel Polsterset - Zamp Helmets | Helmet 28 EU<\/title>\n<meta name=\"description\" content=\"Das Exgel Cover Padding gibt Ihnen die M\u00f6glichkeit, das Aussehen Ihres Hans Systems zu ver\u00e4ndern und es an Ihr Outfit f\u00fcr den Renntag anzupassen.\" \/>\n<meta name=\"robots\" content=\"index, follow, max-snippet:-1, max-image-preview:large, max-video-preview:-1\" \/>\n<link rel=\"canonical\" href=\"https:\/\/zamphelmets.co\/de\/produkt\/cover-exgel-polsterset\/\" \/>\n<meta property=\"og:locale\" content=\"de_DE\" \/>\n<meta property=\"og:type\" content=\"article\" \/>\n<meta property=\"og:title\" content=\"COVER Exgel Polsterset - Zamp Helmets | Helmet 28 EU\" \/>\n<meta property=\"og:description\" content=\"Das Exgel Cover Padding gibt Ihnen die M\u00f6glichkeit, das Aussehen Ihres Hans Systems zu ver\u00e4ndern und es an Ihr Outfit f\u00fcr den Renntag anzupassen.\" \/>\n<meta property=\"og:url\" content=\"https:\/\/zamphelmets.co\/de\/produkt\/cover-exgel-polsterset\/\" \/>\n<meta property=\"og:site_name\" content=\"Zamp Helmets | Helmet 28 EU\" \/>\n<meta property=\"article:modified_time\" content=\"2025-02-27T19:45:04+00:00\" \/>\n<meta property=\"og:image\" content=\"https:\/\/zamphelmets.co\/wp-content\/uploads\/2023\/11\/red.png\" \/>\n\t<meta property=\"og:image:width\" content=\"290\" \/>\n\t<meta property=\"og:image:height\" content=\"201\" \/>\n\t<meta property=\"og:image:type\" content=\"image\/png\" \/>\n<meta name=\"twitter:card\" content=\"summary_large_image\" \/>\n<script type=\"application\/ld+json\" class=\"yoast-schema-graph\">{\"@context\":\"https:\/\/schema.org\",\"@graph\":[{\"@type\":\"WebPage\",\"@id\":\"https:\/\/zamphelmets.co\/de\/produkt\/cover-exgel-polsterset\/\",\"url\":\"https:\/\/zamphelmets.co\/de\/produkt\/cover-exgel-polsterset\/\",\"name\":\"COVER Exgel Polsterset - Zamp Helmets | Helmet 28 EU\",\"isPartOf\":{\"@id\":\"https:\/\/zamphelmets.co\/de\/#website\"},\"primaryImageOfPage\":{\"@id\":\"https:\/\/zamphelmets.co\/de\/produkt\/cover-exgel-polsterset\/#primaryimage\"},\"image\":{\"@id\":\"https:\/\/zamphelmets.co\/de\/produkt\/cover-exgel-polsterset\/#primaryimage\"},\"thumbnailUrl\":\"https:\/\/zamphelmets.co\/wp-content\/uploads\/2023\/11\/red.png\",\"datePublished\":\"2023-11-23T12:52:34+00:00\",\"dateModified\":\"2025-02-27T19:45:04+00:00\",\"description\":\"Das Exgel Cover Padding gibt Ihnen die M\u00f6glichkeit, das Aussehen Ihres Hans Systems zu ver\u00e4ndern und es an Ihr Outfit f\u00fcr den Renntag anzupassen.\",\"breadcrumb\":{\"@id\":\"https:\/\/zamphelmets.co\/de\/produkt\/cover-exgel-polsterset\/#breadcrumb\"},\"inLanguage\":\"de-DE\",\"potentialAction\":[{\"@type\":\"ReadAction\",\"target\":[\"https:\/\/zamphelmets.co\/de\/produkt\/cover-exgel-polsterset\/\"]}]},{\"@type\":\"ImageObject\",\"inLanguage\":\"de-DE\",\"@id\":\"https:\/\/zamphelmets.co\/de\/produkt\/cover-exgel-polsterset\/#primaryimage\",\"url\":\"https:\/\/zamphelmets.co\/wp-content\/uploads\/2023\/11\/red.png\",\"contentUrl\":\"https:\/\/zamphelmets.co\/wp-content\/uploads\/2023\/11\/red.png\",\"width\":290,\"height\":201},{\"@type\":\"BreadcrumbList\",\"@id\":\"https:\/\/zamphelmets.co\/de\/produkt\/cover-exgel-polsterset\/#breadcrumb\",\"itemListElement\":[{\"@type\":\"ListItem\",\"position\":1,\"name\":\"Shop\",\"item\":\"https:\/\/zamphelmets.co\/de\/shop\/\"},{\"@type\":\"ListItem\",\"position\":2,\"name\":\"COVER Exgel Polsterset\"}]},{\"@type\":\"WebSite\",\"@id\":\"https:\/\/zamphelmets.co\/de\/#website\",\"url\":\"https:\/\/zamphelmets.co\/de\/\",\"name\":\"Zamp Helmets | Helmet 28 EU\",\"description\":\"High Quality Motorsport Helmets\",\"potentialAction\":[{\"@type\":\"SearchAction\",\"target\":{\"@type\":\"EntryPoint\",\"urlTemplate\":\"https:\/\/zamphelmets.co\/de\/?s={search_term_string}\"},\"query-input\":{\"@type\":\"PropertyValueSpecification\",\"valueRequired\":true,\"valueName\":\"search_term_string\"}}],\"inLanguage\":\"de-DE\"}]}<\/script>\n<!-- \/ Yoast SEO plugin. -->","yoast_head_json":{"title":"COVER Exgel Polsterset - Zamp Helmets | Helmet 28 EU","description":"Das Exgel Cover Padding gibt Ihnen die M\u00f6glichkeit, das Aussehen Ihres Hans Systems zu ver\u00e4ndern und es an Ihr Outfit f\u00fcr den Renntag anzupassen.","robots":{"index":"index","follow":"follow","max-snippet":"max-snippet:-1","max-image-preview":"max-image-preview:large","max-video-preview":"max-video-preview:-1"},"canonical":"https:\/\/zamphelmets.co\/de\/produkt\/cover-exgel-polsterset\/","og_locale":"de_DE","og_type":"article","og_title":"COVER Exgel Polsterset - Zamp Helmets | Helmet 28 EU","og_description":"Das Exgel Cover Padding gibt Ihnen die M\u00f6glichkeit, das Aussehen Ihres Hans Systems zu ver\u00e4ndern und es an Ihr Outfit f\u00fcr den Renntag anzupassen.","og_url":"https:\/\/zamphelmets.co\/de\/produkt\/cover-exgel-polsterset\/","og_site_name":"Zamp Helmets | Helmet 28 EU","article_modified_time":"2025-02-27T19:45:04+00:00","og_image":[{"width":290,"height":201,"url":"https:\/\/zamphelmets.co\/wp-content\/uploads\/2023\/11\/red.png","type":"image\/png"}],"twitter_card":"summary_large_image","schema":{"@context":"https:\/\/schema.org","@graph":[{"@type":"WebPage","@id":"https:\/\/zamphelmets.co\/de\/produkt\/cover-exgel-polsterset\/","url":"https:\/\/zamphelmets.co\/de\/produkt\/cover-exgel-polsterset\/","name":"COVER Exgel Polsterset - Zamp Helmets | Helmet 28 EU","isPartOf":{"@id":"https:\/\/zamphelmets.co\/de\/#website"},"primaryImageOfPage":{"@id":"https:\/\/zamphelmets.co\/de\/produkt\/cover-exgel-polsterset\/#primaryimage"},"image":{"@id":"https:\/\/zamphelmets.co\/de\/produkt\/cover-exgel-polsterset\/#primaryimage"},"thumbnailUrl":"https:\/\/zamphelmets.co\/wp-content\/uploads\/2023\/11\/red.png","datePublished":"2023-11-23T12:52:34+00:00","dateModified":"2025-02-27T19:45:04+00:00","description":"Das Exgel Cover Padding gibt Ihnen die M\u00f6glichkeit, das Aussehen Ihres Hans Systems zu ver\u00e4ndern und es an Ihr Outfit f\u00fcr den Renntag anzupassen.","breadcrumb":{"@id":"https:\/\/zamphelmets.co\/de\/produkt\/cover-exgel-polsterset\/#breadcrumb"},"inLanguage":"de-DE","potentialAction":[{"@type":"ReadAction","target":["https:\/\/zamphelmets.co\/de\/produkt\/cover-exgel-polsterset\/"]}]},{"@type":"ImageObject","inLanguage":"de-DE","@id":"https:\/\/zamphelmets.co\/de\/produkt\/cover-exgel-polsterset\/#primaryimage","url":"https:\/\/zamphelmets.co\/wp-content\/uploads\/2023\/11\/red.png","contentUrl":"https:\/\/zamphelmets.co\/wp-content\/uploads\/2023\/11\/red.png","width":290,"height":201},{"@type":"BreadcrumbList","@id":"https:\/\/zamphelmets.co\/de\/produkt\/cover-exgel-polsterset\/#breadcrumb","itemListElement":[{"@type":"ListItem","position":1,"name":"Shop","item":"https:\/\/zamphelmets.co\/de\/shop\/"},{"@type":"ListItem","position":2,"name":"COVER Exgel Polsterset"}]},{"@type":"WebSite","@id":"https:\/\/zamphelmets.co\/de\/#website","url":"https:\/\/zamphelmets.co\/de\/","name":"Zamp Helmets | Helmet 28 EU","description":"High Quality Motorsport Helmets","potentialAction":[{"@type":"SearchAction","target":{"@type":"EntryPoint","urlTemplate":"https:\/\/zamphelmets.co\/de\/?s={search_term_string}"},"query-input":{"@type":"PropertyValueSpecification","valueRequired":true,"valueName":"search_term_string"}}],"inLanguage":"de-DE"}]}},"_links":{"self":[{"href":"https:\/\/zamphelmets.co\/de\/wp-json\/wp\/v2\/product\/24656","targetHints":{"allow":["GET"]}}],"collection":[{"href":"https:\/\/zamphelmets.co\/de\/wp-json\/wp\/v2\/product"}],"about":[{"href":"https:\/\/zamphelmets.co\/de\/wp-json\/wp\/v2\/types\/product"}],"replies":[{"embeddable":true,"href":"https:\/\/zamphelmets.co\/de\/wp-json\/wp\/v2\/comments?post=24656"}],"wp:featuredmedia":[{"embeddable":true,"href":"https:\/\/zamphelmets.co\/de\/wp-json\/wp\/v2\/media\/19381"}],"wp:attachment":[{"href":"https:\/\/zamphelmets.co\/de\/wp-json\/wp\/v2\/media?parent=24656"}],"wp:term":[{"taxonomy":"product_brand","embeddable":true,"href":"https:\/\/zamphelmets.co\/de\/wp-json\/wp\/v2\/product_brand?post=24656"},{"taxonomy":"product_cat","embeddable":true,"href":"https:\/\/zamphelmets.co\/de\/wp-json\/wp\/v2\/product_cat?post=24656"},{"taxonomy":"product_tag","embeddable":true,"href":"https:\/\/zamphelmets.co\/de\/wp-json\/wp\/v2\/product_tag?post=24656"}],"curies":[{"name":"wp","href":"https:\/\/api.w.org\/{rel}","templated":true}]}}