{"id":24413,"date":"2022-02-15T11:40:28","date_gmt":"2022-02-15T11:40:28","guid":{"rendered":"https:\/\/zamphelmets.co\/product\/abreisspfosten-kit\/"},"modified":"2026-02-20T16:14:05","modified_gmt":"2026-02-20T16:14:05","slug":"abreisspfosten-kit","status":"publish","type":"product","link":"https:\/\/zamphelmets.co\/de\/produkt\/abreisspfosten-kit\/","title":{"rendered":"Abrei\u00dfpfosten-Kit"},"content":{"rendered":"<p>Diese eloxierten Ersatzschrauben f\u00fcr den Abrei\u00dfpfosten sind in 6 verschiedenen Farben erh\u00e4ltlich und bieten eine weitere fantastische M\u00f6glichkeit, Ihren Zamp-Helm zu individualisieren und ihn auf dem Raster hervorzuheben. Mit diesen Helmet Tear Off Posts k\u00f6nnen Sie Ihren Helm bis ins kleinste Detail gestalten.<\/p>\n<p><iframe title=\"How to Install Z Optics Sealed Tear Offs\" width=\"500\" height=\"281\" data-src=\"https:\/\/www.youtube.com\/embed\/jtlzo7s2iMg?feature=oembed\" frameborder=\"0\" allow=\"accelerometer; autoplay; clipboard-write; encrypted-media; gyroscope; picture-in-picture; web-share\" referrerpolicy=\"strict-origin-when-cross-origin\" allowfullscreen src=\"data:image\/svg+xml;base64,PHN2ZyB3aWR0aD0iMSIgaGVpZ2h0PSIxIiB4bWxucz0iaHR0cDovL3d3dy53My5vcmcvMjAwMC9zdmciPjwvc3ZnPg==\" class=\"lazyload\" data-load-mode=\"1\"><\/iframe><\/p>\n","protected":false},"excerpt":{"rendered":"<p>Diese eloxierten Ersatzschrauben f\u00fcr den Abrei\u00dfpfosten sind in 6 verschiedenen Farben erh\u00e4ltlich und bieten eine weitere fantastische M\u00f6glichkeit, Ihren Zamp-Helm zu individualisieren und ihn auf dem Raster hervorzuheben. Mit diesen Helmet Tear Off Posts k\u00f6nnen Sie Ihren Helm bis ins kleinste Detail gestalten.<\/p>\n","protected":false},"featured_media":14859,"comment_status":"open","ping_status":"closed","template":"","meta":{"_acf_changed":false,"_iconic_wsb_product_page_order_bump_ids":[[]],"_sku":[],"_iconic_wsb_product_page_bump_modal_ids":[[]]},"product_brand":[],"product_cat":[298,124,125,126],"product_tag":[],"class_list":{"0":"post-24413","1":"product","2":"type-product","3":"status-publish","4":"has-post-thumbnail","6":"product_cat-visiere-de","7":"product_cat-zamp-de","8":"product_cat-zubehor","9":"product_cat-zubehor-fur-helme","11":"first","12":"instock","13":"taxable","14":"shipping-taxable","15":"purchasable","16":"product-type-variable"},"acf":[],"yoast_head":"<!-- This site is optimized with the Yoast SEO plugin v27.0 - https:\/\/yoast.com\/product\/yoast-seo-wordpress\/ -->\n<title>Abrei\u00dfpfosten-Kit - Zamp Helmets | Helmet 28 EU<\/title>\n<meta name=\"description\" content=\"Diese eloxierten Ersatzschrauben f\u00fcr den Abrisspfosten sind in 6 verschiedenen Farben erh\u00e4ltlich und bieten eine weitere fantastische M\u00f6glichkeit, Ihren Zamp-Helm individuell zu gestalten.\" \/>\n<meta name=\"robots\" content=\"index, follow, max-snippet:-1, max-image-preview:large, max-video-preview:-1\" \/>\n<link rel=\"canonical\" href=\"https:\/\/zamphelmets.co\/de\/produkt\/abreisspfosten-kit\/\" \/>\n<meta property=\"og:locale\" content=\"de_DE\" \/>\n<meta property=\"og:type\" content=\"article\" \/>\n<meta property=\"og:title\" content=\"Abrei\u00dfpfosten-Kit - Zamp Helmets | Helmet 28 EU\" \/>\n<meta property=\"og:description\" content=\"Diese eloxierten Ersatzschrauben f\u00fcr den Abrisspfosten sind in 6 verschiedenen Farben erh\u00e4ltlich und bieten eine weitere fantastische M\u00f6glichkeit, Ihren Zamp-Helm individuell zu gestalten.\" \/>\n<meta property=\"og:url\" content=\"https:\/\/zamphelmets.co\/de\/produkt\/abreisspfosten-kit\/\" \/>\n<meta property=\"og:site_name\" content=\"Zamp Helmets | Helmet 28 EU\" \/>\n<meta property=\"article:modified_time\" content=\"2026-02-20T16:14:05+00:00\" \/>\n<meta property=\"og:image\" content=\"https:\/\/zamphelmets.co\/wp-content\/uploads\/2021\/07\/4dnIRcYSCaBT6ETUZ5bU_Tear_Offs_Post_Kit_0004.jpg\" \/>\n\t<meta property=\"og:image:width\" content=\"2048\" \/>\n\t<meta property=\"og:image:height\" content=\"1365\" \/>\n\t<meta property=\"og:image:type\" content=\"image\/jpeg\" \/>\n<meta name=\"twitter:card\" content=\"summary_large_image\" \/>\n<script type=\"application\/ld+json\" class=\"yoast-schema-graph\">{\"@context\":\"https:\/\/schema.org\",\"@graph\":[{\"@type\":\"WebPage\",\"@id\":\"https:\/\/zamphelmets.co\/de\/produkt\/abreisspfosten-kit\/\",\"url\":\"https:\/\/zamphelmets.co\/de\/produkt\/abreisspfosten-kit\/\",\"name\":\"Abrei\u00dfpfosten-Kit - Zamp Helmets | Helmet 28 EU\",\"isPartOf\":{\"@id\":\"https:\/\/zamphelmets.co\/de\/#website\"},\"primaryImageOfPage\":{\"@id\":\"https:\/\/zamphelmets.co\/de\/produkt\/abreisspfosten-kit\/#primaryimage\"},\"image\":{\"@id\":\"https:\/\/zamphelmets.co\/de\/produkt\/abreisspfosten-kit\/#primaryimage\"},\"thumbnailUrl\":\"https:\/\/zamphelmets.co\/wp-content\/uploads\/2021\/07\/4dnIRcYSCaBT6ETUZ5bU_Tear_Offs_Post_Kit_0004.jpg\",\"datePublished\":\"2022-02-15T11:40:28+00:00\",\"dateModified\":\"2026-02-20T16:14:05+00:00\",\"description\":\"Diese eloxierten Ersatzschrauben f\u00fcr den Abrisspfosten sind in 6 verschiedenen Farben erh\u00e4ltlich und bieten eine weitere fantastische M\u00f6glichkeit, Ihren Zamp-Helm individuell zu gestalten.\",\"breadcrumb\":{\"@id\":\"https:\/\/zamphelmets.co\/de\/produkt\/abreisspfosten-kit\/#breadcrumb\"},\"inLanguage\":\"de-DE\",\"potentialAction\":[{\"@type\":\"ReadAction\",\"target\":[\"https:\/\/zamphelmets.co\/de\/produkt\/abreisspfosten-kit\/\"]}]},{\"@type\":\"ImageObject\",\"inLanguage\":\"de-DE\",\"@id\":\"https:\/\/zamphelmets.co\/de\/produkt\/abreisspfosten-kit\/#primaryimage\",\"url\":\"https:\/\/zamphelmets.co\/wp-content\/uploads\/2021\/07\/4dnIRcYSCaBT6ETUZ5bU_Tear_Offs_Post_Kit_0004.jpg\",\"contentUrl\":\"https:\/\/zamphelmets.co\/wp-content\/uploads\/2021\/07\/4dnIRcYSCaBT6ETUZ5bU_Tear_Offs_Post_Kit_0004.jpg\",\"width\":2048,\"height\":1365,\"caption\":\"Blaue Visierschraube f\u00fcr Zamp Helme\"},{\"@type\":\"BreadcrumbList\",\"@id\":\"https:\/\/zamphelmets.co\/de\/produkt\/abreisspfosten-kit\/#breadcrumb\",\"itemListElement\":[{\"@type\":\"ListItem\",\"position\":1,\"name\":\"Shop\",\"item\":\"https:\/\/zamphelmets.co\/de\/shop\/\"},{\"@type\":\"ListItem\",\"position\":2,\"name\":\"Abrei\u00dfpfosten-Kit\"}]},{\"@type\":\"WebSite\",\"@id\":\"https:\/\/zamphelmets.co\/de\/#website\",\"url\":\"https:\/\/zamphelmets.co\/de\/\",\"name\":\"Zamp Helmets | Helmet 28 EU\",\"description\":\"High Quality Motorsport Helmets\",\"potentialAction\":[{\"@type\":\"SearchAction\",\"target\":{\"@type\":\"EntryPoint\",\"urlTemplate\":\"https:\/\/zamphelmets.co\/de\/?s={search_term_string}\"},\"query-input\":{\"@type\":\"PropertyValueSpecification\",\"valueRequired\":true,\"valueName\":\"search_term_string\"}}],\"inLanguage\":\"de-DE\"}]}<\/script>\n<!-- \/ Yoast SEO plugin. -->","yoast_head_json":{"title":"Abrei\u00dfpfosten-Kit - Zamp Helmets | Helmet 28 EU","description":"Diese eloxierten Ersatzschrauben f\u00fcr den Abrisspfosten sind in 6 verschiedenen Farben erh\u00e4ltlich und bieten eine weitere fantastische M\u00f6glichkeit, Ihren Zamp-Helm individuell zu gestalten.","robots":{"index":"index","follow":"follow","max-snippet":"max-snippet:-1","max-image-preview":"max-image-preview:large","max-video-preview":"max-video-preview:-1"},"canonical":"https:\/\/zamphelmets.co\/de\/produkt\/abreisspfosten-kit\/","og_locale":"de_DE","og_type":"article","og_title":"Abrei\u00dfpfosten-Kit - Zamp Helmets | Helmet 28 EU","og_description":"Diese eloxierten Ersatzschrauben f\u00fcr den Abrisspfosten sind in 6 verschiedenen Farben erh\u00e4ltlich und bieten eine weitere fantastische M\u00f6glichkeit, Ihren Zamp-Helm individuell zu gestalten.","og_url":"https:\/\/zamphelmets.co\/de\/produkt\/abreisspfosten-kit\/","og_site_name":"Zamp Helmets | Helmet 28 EU","article_modified_time":"2026-02-20T16:14:05+00:00","og_image":[{"width":2048,"height":1365,"url":"https:\/\/zamphelmets.co\/wp-content\/uploads\/2021\/07\/4dnIRcYSCaBT6ETUZ5bU_Tear_Offs_Post_Kit_0004.jpg","type":"image\/jpeg"}],"twitter_card":"summary_large_image","schema":{"@context":"https:\/\/schema.org","@graph":[{"@type":"WebPage","@id":"https:\/\/zamphelmets.co\/de\/produkt\/abreisspfosten-kit\/","url":"https:\/\/zamphelmets.co\/de\/produkt\/abreisspfosten-kit\/","name":"Abrei\u00dfpfosten-Kit - Zamp Helmets | Helmet 28 EU","isPartOf":{"@id":"https:\/\/zamphelmets.co\/de\/#website"},"primaryImageOfPage":{"@id":"https:\/\/zamphelmets.co\/de\/produkt\/abreisspfosten-kit\/#primaryimage"},"image":{"@id":"https:\/\/zamphelmets.co\/de\/produkt\/abreisspfosten-kit\/#primaryimage"},"thumbnailUrl":"https:\/\/zamphelmets.co\/wp-content\/uploads\/2021\/07\/4dnIRcYSCaBT6ETUZ5bU_Tear_Offs_Post_Kit_0004.jpg","datePublished":"2022-02-15T11:40:28+00:00","dateModified":"2026-02-20T16:14:05+00:00","description":"Diese eloxierten Ersatzschrauben f\u00fcr den Abrisspfosten sind in 6 verschiedenen Farben erh\u00e4ltlich und bieten eine weitere fantastische M\u00f6glichkeit, Ihren Zamp-Helm individuell zu gestalten.","breadcrumb":{"@id":"https:\/\/zamphelmets.co\/de\/produkt\/abreisspfosten-kit\/#breadcrumb"},"inLanguage":"de-DE","potentialAction":[{"@type":"ReadAction","target":["https:\/\/zamphelmets.co\/de\/produkt\/abreisspfosten-kit\/"]}]},{"@type":"ImageObject","inLanguage":"de-DE","@id":"https:\/\/zamphelmets.co\/de\/produkt\/abreisspfosten-kit\/#primaryimage","url":"https:\/\/zamphelmets.co\/wp-content\/uploads\/2021\/07\/4dnIRcYSCaBT6ETUZ5bU_Tear_Offs_Post_Kit_0004.jpg","contentUrl":"https:\/\/zamphelmets.co\/wp-content\/uploads\/2021\/07\/4dnIRcYSCaBT6ETUZ5bU_Tear_Offs_Post_Kit_0004.jpg","width":2048,"height":1365,"caption":"Blaue Visierschraube f\u00fcr Zamp Helme"},{"@type":"BreadcrumbList","@id":"https:\/\/zamphelmets.co\/de\/produkt\/abreisspfosten-kit\/#breadcrumb","itemListElement":[{"@type":"ListItem","position":1,"name":"Shop","item":"https:\/\/zamphelmets.co\/de\/shop\/"},{"@type":"ListItem","position":2,"name":"Abrei\u00dfpfosten-Kit"}]},{"@type":"WebSite","@id":"https:\/\/zamphelmets.co\/de\/#website","url":"https:\/\/zamphelmets.co\/de\/","name":"Zamp Helmets | Helmet 28 EU","description":"High Quality Motorsport Helmets","potentialAction":[{"@type":"SearchAction","target":{"@type":"EntryPoint","urlTemplate":"https:\/\/zamphelmets.co\/de\/?s={search_term_string}"},"query-input":{"@type":"PropertyValueSpecification","valueRequired":true,"valueName":"search_term_string"}}],"inLanguage":"de-DE"}]}},"_links":{"self":[{"href":"https:\/\/zamphelmets.co\/de\/wp-json\/wp\/v2\/product\/24413","targetHints":{"allow":["GET"]}}],"collection":[{"href":"https:\/\/zamphelmets.co\/de\/wp-json\/wp\/v2\/product"}],"about":[{"href":"https:\/\/zamphelmets.co\/de\/wp-json\/wp\/v2\/types\/product"}],"replies":[{"embeddable":true,"href":"https:\/\/zamphelmets.co\/de\/wp-json\/wp\/v2\/comments?post=24413"}],"wp:featuredmedia":[{"embeddable":true,"href":"https:\/\/zamphelmets.co\/de\/wp-json\/wp\/v2\/media\/14859"}],"wp:attachment":[{"href":"https:\/\/zamphelmets.co\/de\/wp-json\/wp\/v2\/media?parent=24413"}],"wp:term":[{"taxonomy":"product_brand","embeddable":true,"href":"https:\/\/zamphelmets.co\/de\/wp-json\/wp\/v2\/product_brand?post=24413"},{"taxonomy":"product_cat","embeddable":true,"href":"https:\/\/zamphelmets.co\/de\/wp-json\/wp\/v2\/product_cat?post=24413"},{"taxonomy":"product_tag","embeddable":true,"href":"https:\/\/zamphelmets.co\/de\/wp-json\/wp\/v2\/product_tag?post=24413"}],"curies":[{"name":"wp","href":"https:\/\/api.w.org\/{rel}","templated":true}]}}