{"id":24349,"date":"2022-02-21T10:44:06","date_gmt":"2022-02-21T10:44:06","guid":{"rendered":"https:\/\/zamphelmets.co\/product\/zamp-large-3-helmtasche-schwarz-grau\/"},"modified":"2026-02-16T15:53:32","modified_gmt":"2026-02-16T15:53:32","slug":"zamp-large-3-helmtasche-schwarz-grau","status":"publish","type":"product","link":"https:\/\/zamphelmets.co\/de\/produkt\/zamp-large-3-helmtasche-schwarz-grau\/","title":{"rendered":"Zamp Large 3 Helmtasche Schwarz\/Grau"},"content":{"rendered":"<p><small>ZAMP ist stolz darauf, seine neuen 3 Helmtaschen vorzustellen! Diese elegante und professionelle Tasche wurde speziell f\u00fcr Rennfahrer entwickelt und verf\u00fcgt \u00fcber ein weiches Innenfutter zum Schutz Ihrer Helme. Unsere Tasche hat ein rechteckiges Design, in dem Sie auch Ihr Lieblingszubeh\u00f6r von Zamp mitnehmen k\u00f6nnen. Unsere Helmtaschen verf\u00fcgen au\u00dferdem \u00fcber eine gro\u00dfe Front\u00f6ffnung, damit Sie Ihre Helme bequem und einfach abnehmen k\u00f6nnen.<\/small><\/p>\n<p>Ausstattung: Inklusive:<\/p>\n<ul>\n<li>Attraktives Schwarzes Design<\/li>\n<li>Pl\u00fcsch Interieur<\/li>\n<li>Gro\u00dfe \u00d6ffnung mit zwei Rei\u00dfverschl\u00fcssen f\u00fcr einfachen Zugang<\/li>\n<li>Passt auf 3 Helme<\/li>\n<li>Zwei Griffe, leicht zu tragen<\/li>\n<li>Passt auf alle Zamp Helme<\/li>\n<\/ul>\n","protected":false},"excerpt":{"rendered":"<p>ZAMP ist stolz darauf, seine neuen 3 Helmtaschen vorzustellen! Diese elegante und professionelle Tasche wurde speziell f\u00fcr Rennfahrer entwickelt und verf\u00fcgt \u00fcber ein weiches Innenfutter zum Schutz Ihrer Helme. Unsere Tasche hat ein rechteckiges Design, in dem Sie auch Ihr Lieblingszubeh\u00f6r von Zamp mitnehmen k\u00f6nnen. Unsere Helmtaschen verf\u00fcgen au\u00dferdem \u00fcber eine gro\u00dfe Front\u00f6ffnung, damit Sie [&hellip;]<\/p>\n","protected":false},"featured_media":13809,"comment_status":"open","ping_status":"closed","template":"","meta":{"_acf_changed":false,"_iconic_wsb_product_page_order_bump_ids":[],"_sku":["HB003003"],"_iconic_wsb_product_page_bump_modal_ids":[]},"product_brand":[],"product_cat":[219,124,125],"product_tag":[],"class_list":{"0":"post-24349","1":"product","2":"type-product","3":"status-publish","4":"has-post-thumbnail","6":"product_cat-andere-de","7":"product_cat-zamp-de","8":"product_cat-zubehor","10":"first","11":"instock","12":"taxable","13":"shipping-taxable","14":"purchasable","15":"product-type-simple"},"acf":[],"yoast_head":"<!-- This site is optimized with the Yoast SEO plugin v27.0 - https:\/\/yoast.com\/product\/yoast-seo-wordpress\/ -->\n<title>Zamp 3 Helmtasche Large in Schwarz - Zamp Helmets | Helmet 28 EU<\/title>\n<meta name=\"description\" content=\"Professionell und stilvoll - die Zamp 3 Helmtasche ist ma\u00dfgeschneidert f\u00fcr den echten Renn- und Kartfahrer. Verf\u00fcgbar f\u00fcr nur \u20ac89\" \/>\n<meta name=\"robots\" content=\"index, follow, max-snippet:-1, max-image-preview:large, max-video-preview:-1\" \/>\n<link rel=\"canonical\" href=\"https:\/\/zamphelmets.co\/de\/produkt\/zamp-large-3-helmtasche-schwarz-grau\/\" \/>\n<meta property=\"og:locale\" content=\"de_DE\" \/>\n<meta property=\"og:type\" content=\"article\" \/>\n<meta property=\"og:title\" content=\"Zamp 3 Helmtasche Large in Schwarz - Zamp Helmets | Helmet 28 EU\" \/>\n<meta property=\"og:description\" content=\"Professionell und stilvoll - die Zamp 3 Helmtasche ist ma\u00dfgeschneidert f\u00fcr den echten Renn- und Kartfahrer. Verf\u00fcgbar f\u00fcr nur \u20ac89\" \/>\n<meta property=\"og:url\" content=\"https:\/\/zamphelmets.co\/de\/produkt\/zamp-large-3-helmtasche-schwarz-grau\/\" \/>\n<meta property=\"og:site_name\" content=\"Zamp Helmets | Helmet 28 EU\" \/>\n<meta property=\"article:modified_time\" content=\"2026-02-16T15:53:32+00:00\" \/>\n<meta property=\"og:image\" content=\"https:\/\/zamphelmets.co\/wp-content\/uploads\/2021\/02\/HB003003d.jpg\" \/>\n\t<meta property=\"og:image:width\" content=\"1000\" \/>\n\t<meta property=\"og:image:height\" content=\"1000\" \/>\n\t<meta property=\"og:image:type\" content=\"image\/jpeg\" \/>\n<meta name=\"twitter:card\" content=\"summary_large_image\" \/>\n<meta name=\"twitter:label1\" content=\"Est. reading time\" \/>\n\t<meta name=\"twitter:data1\" content=\"1 Minute\" \/>\n<script type=\"application\/ld+json\" class=\"yoast-schema-graph\">{\"@context\":\"https:\/\/schema.org\",\"@graph\":[{\"@type\":\"WebPage\",\"@id\":\"https:\/\/zamphelmets.co\/de\/produkt\/zamp-large-3-helmtasche-schwarz-grau\/\",\"url\":\"https:\/\/zamphelmets.co\/de\/produkt\/zamp-large-3-helmtasche-schwarz-grau\/\",\"name\":\"Zamp 3 Helmtasche Large in Schwarz - Zamp Helmets | Helmet 28 EU\",\"isPartOf\":{\"@id\":\"https:\/\/zamphelmets.co\/de\/#website\"},\"primaryImageOfPage\":{\"@id\":\"https:\/\/zamphelmets.co\/de\/produkt\/zamp-large-3-helmtasche-schwarz-grau\/#primaryimage\"},\"image\":{\"@id\":\"https:\/\/zamphelmets.co\/de\/produkt\/zamp-large-3-helmtasche-schwarz-grau\/#primaryimage\"},\"thumbnailUrl\":\"https:\/\/zamphelmets.co\/wp-content\/uploads\/2021\/02\/HB003003d.jpg\",\"datePublished\":\"2022-02-21T10:44:06+00:00\",\"dateModified\":\"2026-02-16T15:53:32+00:00\",\"description\":\"Professionell und stilvoll - die Zamp 3 Helmtasche ist ma\u00dfgeschneidert f\u00fcr den echten Renn- und Kartfahrer. Verf\u00fcgbar f\u00fcr nur \u20ac89\",\"breadcrumb\":{\"@id\":\"https:\/\/zamphelmets.co\/de\/produkt\/zamp-large-3-helmtasche-schwarz-grau\/#breadcrumb\"},\"inLanguage\":\"de-DE\",\"potentialAction\":[{\"@type\":\"ReadAction\",\"target\":[\"https:\/\/zamphelmets.co\/de\/produkt\/zamp-large-3-helmtasche-schwarz-grau\/\"]}]},{\"@type\":\"ImageObject\",\"inLanguage\":\"de-DE\",\"@id\":\"https:\/\/zamphelmets.co\/de\/produkt\/zamp-large-3-helmtasche-schwarz-grau\/#primaryimage\",\"url\":\"https:\/\/zamphelmets.co\/wp-content\/uploads\/2021\/02\/HB003003d.jpg\",\"contentUrl\":\"https:\/\/zamphelmets.co\/wp-content\/uploads\/2021\/02\/HB003003d.jpg\",\"width\":1000,\"height\":1000,\"caption\":\"Zamp 3 Helmtasche in Schwarz\"},{\"@type\":\"BreadcrumbList\",\"@id\":\"https:\/\/zamphelmets.co\/de\/produkt\/zamp-large-3-helmtasche-schwarz-grau\/#breadcrumb\",\"itemListElement\":[{\"@type\":\"ListItem\",\"position\":1,\"name\":\"Shop\",\"item\":\"https:\/\/zamphelmets.co\/de\/shop\/\"},{\"@type\":\"ListItem\",\"position\":2,\"name\":\"Zamp Large 3 Helmtasche Schwarz\/Grau\"}]},{\"@type\":\"WebSite\",\"@id\":\"https:\/\/zamphelmets.co\/de\/#website\",\"url\":\"https:\/\/zamphelmets.co\/de\/\",\"name\":\"Zamp Helmets | Helmet 28 EU\",\"description\":\"High Quality Motorsport Helmets\",\"potentialAction\":[{\"@type\":\"SearchAction\",\"target\":{\"@type\":\"EntryPoint\",\"urlTemplate\":\"https:\/\/zamphelmets.co\/de\/?s={search_term_string}\"},\"query-input\":{\"@type\":\"PropertyValueSpecification\",\"valueRequired\":true,\"valueName\":\"search_term_string\"}}],\"inLanguage\":\"de-DE\"}]}<\/script>\n<!-- \/ Yoast SEO plugin. -->","yoast_head_json":{"title":"Zamp 3 Helmtasche Large in Schwarz - Zamp Helmets | Helmet 28 EU","description":"Professionell und stilvoll - die Zamp 3 Helmtasche ist ma\u00dfgeschneidert f\u00fcr den echten Renn- und Kartfahrer. Verf\u00fcgbar f\u00fcr nur \u20ac89","robots":{"index":"index","follow":"follow","max-snippet":"max-snippet:-1","max-image-preview":"max-image-preview:large","max-video-preview":"max-video-preview:-1"},"canonical":"https:\/\/zamphelmets.co\/de\/produkt\/zamp-large-3-helmtasche-schwarz-grau\/","og_locale":"de_DE","og_type":"article","og_title":"Zamp 3 Helmtasche Large in Schwarz - Zamp Helmets | Helmet 28 EU","og_description":"Professionell und stilvoll - die Zamp 3 Helmtasche ist ma\u00dfgeschneidert f\u00fcr den echten Renn- und Kartfahrer. Verf\u00fcgbar f\u00fcr nur \u20ac89","og_url":"https:\/\/zamphelmets.co\/de\/produkt\/zamp-large-3-helmtasche-schwarz-grau\/","og_site_name":"Zamp Helmets | Helmet 28 EU","article_modified_time":"2026-02-16T15:53:32+00:00","og_image":[{"width":1000,"height":1000,"url":"https:\/\/zamphelmets.co\/wp-content\/uploads\/2021\/02\/HB003003d.jpg","type":"image\/jpeg"}],"twitter_card":"summary_large_image","twitter_misc":{"Est. reading time":"1 Minute"},"schema":{"@context":"https:\/\/schema.org","@graph":[{"@type":"WebPage","@id":"https:\/\/zamphelmets.co\/de\/produkt\/zamp-large-3-helmtasche-schwarz-grau\/","url":"https:\/\/zamphelmets.co\/de\/produkt\/zamp-large-3-helmtasche-schwarz-grau\/","name":"Zamp 3 Helmtasche Large in Schwarz - Zamp Helmets | Helmet 28 EU","isPartOf":{"@id":"https:\/\/zamphelmets.co\/de\/#website"},"primaryImageOfPage":{"@id":"https:\/\/zamphelmets.co\/de\/produkt\/zamp-large-3-helmtasche-schwarz-grau\/#primaryimage"},"image":{"@id":"https:\/\/zamphelmets.co\/de\/produkt\/zamp-large-3-helmtasche-schwarz-grau\/#primaryimage"},"thumbnailUrl":"https:\/\/zamphelmets.co\/wp-content\/uploads\/2021\/02\/HB003003d.jpg","datePublished":"2022-02-21T10:44:06+00:00","dateModified":"2026-02-16T15:53:32+00:00","description":"Professionell und stilvoll - die Zamp 3 Helmtasche ist ma\u00dfgeschneidert f\u00fcr den echten Renn- und Kartfahrer. Verf\u00fcgbar f\u00fcr nur \u20ac89","breadcrumb":{"@id":"https:\/\/zamphelmets.co\/de\/produkt\/zamp-large-3-helmtasche-schwarz-grau\/#breadcrumb"},"inLanguage":"de-DE","potentialAction":[{"@type":"ReadAction","target":["https:\/\/zamphelmets.co\/de\/produkt\/zamp-large-3-helmtasche-schwarz-grau\/"]}]},{"@type":"ImageObject","inLanguage":"de-DE","@id":"https:\/\/zamphelmets.co\/de\/produkt\/zamp-large-3-helmtasche-schwarz-grau\/#primaryimage","url":"https:\/\/zamphelmets.co\/wp-content\/uploads\/2021\/02\/HB003003d.jpg","contentUrl":"https:\/\/zamphelmets.co\/wp-content\/uploads\/2021\/02\/HB003003d.jpg","width":1000,"height":1000,"caption":"Zamp 3 Helmtasche in Schwarz"},{"@type":"BreadcrumbList","@id":"https:\/\/zamphelmets.co\/de\/produkt\/zamp-large-3-helmtasche-schwarz-grau\/#breadcrumb","itemListElement":[{"@type":"ListItem","position":1,"name":"Shop","item":"https:\/\/zamphelmets.co\/de\/shop\/"},{"@type":"ListItem","position":2,"name":"Zamp Large 3 Helmtasche Schwarz\/Grau"}]},{"@type":"WebSite","@id":"https:\/\/zamphelmets.co\/de\/#website","url":"https:\/\/zamphelmets.co\/de\/","name":"Zamp Helmets | Helmet 28 EU","description":"High Quality Motorsport Helmets","potentialAction":[{"@type":"SearchAction","target":{"@type":"EntryPoint","urlTemplate":"https:\/\/zamphelmets.co\/de\/?s={search_term_string}"},"query-input":{"@type":"PropertyValueSpecification","valueRequired":true,"valueName":"search_term_string"}}],"inLanguage":"de-DE"}]}},"_links":{"self":[{"href":"https:\/\/zamphelmets.co\/de\/wp-json\/wp\/v2\/product\/24349","targetHints":{"allow":["GET"]}}],"collection":[{"href":"https:\/\/zamphelmets.co\/de\/wp-json\/wp\/v2\/product"}],"about":[{"href":"https:\/\/zamphelmets.co\/de\/wp-json\/wp\/v2\/types\/product"}],"replies":[{"embeddable":true,"href":"https:\/\/zamphelmets.co\/de\/wp-json\/wp\/v2\/comments?post=24349"}],"wp:featuredmedia":[{"embeddable":true,"href":"https:\/\/zamphelmets.co\/de\/wp-json\/wp\/v2\/media\/13809"}],"wp:attachment":[{"href":"https:\/\/zamphelmets.co\/de\/wp-json\/wp\/v2\/media?parent=24349"}],"wp:term":[{"taxonomy":"product_brand","embeddable":true,"href":"https:\/\/zamphelmets.co\/de\/wp-json\/wp\/v2\/product_brand?post=24349"},{"taxonomy":"product_cat","embeddable":true,"href":"https:\/\/zamphelmets.co\/de\/wp-json\/wp\/v2\/product_cat?post=24349"},{"taxonomy":"product_tag","embeddable":true,"href":"https:\/\/zamphelmets.co\/de\/wp-json\/wp\/v2\/product_tag?post=24349"}],"curies":[{"name":"wp","href":"https:\/\/api.w.org\/{rel}","templated":true}]}}